{"id":447,"date":"2021-12-13T11:19:30","date_gmt":"2021-12-13T11:19:30","guid":{"rendered":"https:\/\/xn--kntjmestari-l8aacb.fi\/km\/?page_id=447"},"modified":"2022-02-16T15:15:21","modified_gmt":"2022-02-16T15:15:21","slug":"organizing-your-business","status":"publish","type":"page","link":"https:\/\/xn--kntjmestari-l8aacb.fi\/km\/en\/main\/luku-1-toiminnan-aloittaminen\/organizing-your-business\/","title":{"rendered":"ORGANIZING YOUR BUSINESS"},"content":{"rendered":"<p>[et_pb_section fb_built=&#8221;1&#8243; _builder_version=&#8221;3.22&#8243; global_colors_info=&#8221;{}&#8221;][et_pb_row _builder_version=&#8221;4.14.2&#8243; _module_preset=&#8221;default&#8221; global_colors_info=&#8221;{}&#8221;][et_pb_column type=&#8221;4_4&#8243; _builder_version=&#8221;4.14.2&#8243; _module_preset=&#8221;default&#8221; global_colors_info=&#8221;{}&#8221;][et_pb_post_title meta=&#8221;off&#8221; featured_image=&#8221;off&#8221; _builder_version=&#8221;4.14.2&#8243; _module_preset=&#8221;default&#8221; global_colors_info=&#8221;{}&#8221;][\/et_pb_post_title][\/et_pb_column][\/et_pb_row][et_pb_row column_structure=&#8221;1_2,1_2&#8243; _builder_version=&#8221;3.25&#8243; background_size=&#8221;initial&#8221; background_position=&#8221;top_left&#8221; background_repeat=&#8221;repeat&#8221; global_colors_info=&#8221;{}&#8221;][et_pb_column type=&#8221;1_2&#8243; _builder_version=&#8221;3.25&#8243; custom_padding=&#8221;|||&#8221; global_colors_info=&#8221;{}&#8221; custom_padding__hover=&#8221;|||&#8221;][et_pb_text _builder_version=&#8221;4.14.7&#8243; background_size=&#8221;initial&#8221; background_position=&#8221;top_left&#8221; background_repeat=&#8221;repeat&#8221; custom_padding=&#8221;||0px|||&#8221; hover_enabled=&#8221;0&#8243; global_colors_info=&#8221;{}&#8221; sticky_enabled=&#8221;0&#8243;]<\/p>\n<div id=\"page-zones__main-widgets__content1\" data-name=\"content\" class=\"content widget js-widget\" data-uniqueid=\"OloHtMAomHwAijU\" data-parentuniqueid=\"69O0NdSLr5jBL3F\">\n<div class=\"bk-content-text js-text-content   wysihtml-editor-content\">\n<p>&nbsp;<\/p>\n<p>Running a professional language service requires organizing your business in a way that assures a smooth working process and a profitable high-quality service or product that is delivered on time. To achieve these goals, an appropriate working environment and proper tools are a must.<\/p>\n<p>For instance, when going to a hairdresser, a client has certain service expectations. The hairdresser ought to have a salon, and in that salon a chair, a mirror, scissors, hairstyling products, and a payment terminal. The payment terminal should be able to produce a receipt with a breakdown of items or services purchased. The tools and premises ought to be up to date and appropriate (e.g., clean and hygienic scissors). Furthermore, the hairdresser should continually develop their competence by attending courses and training and keeping up with the latest trends in the field.<\/p>\n<p>Similarly, your clients will have certain expectations of the services you provide. A professional language service must be organized in a way that is satisfying to all parties involved and profitable as a business. Such a service corresponds to the client\u2019s needs and wishes and is accessible to them (for instance, the commission has been implemented with software that is compatible with the client\u2019s software). The client will also expect you to know how to issue an invoice and handle other business-related matters according to commercial regulations.<\/p>\n<p>&nbsp;<\/p>\n<\/div>\n<\/div>\n<p>[\/et_pb_text][\/et_pb_column][et_pb_column type=&#8221;1_2&#8243; _builder_version=&#8221;3.25&#8243; custom_padding=&#8221;|||&#8221; global_colors_info=&#8221;{}&#8221; custom_padding__hover=&#8221;|||&#8221;][et_pb_image src=&#8221;https:\/\/xn--kntjmestari-l8aacb.fi\/km\/wp-content\/uploads\/2021\/12\/kaantaja_i_luku1_luku9_luku9.jpg&#8221; title_text=&#8221;kaantaja_i_luku1_luku9_luku9&#8243; _builder_version=&#8221;4.14.2&#8243; _module_preset=&#8221;default&#8221; global_colors_info=&#8221;{}&#8221;][\/et_pb_image][\/et_pb_column][\/et_pb_row][\/et_pb_section]<\/p>\n","protected":false},"excerpt":{"rendered":"<p>&nbsp; Running a professional language service requires organizing your business in a way that assures a smooth working process and a profitable high-quality service or product that is delivered on time. To achieve these goals, an appropriate working environment and proper tools are a must. For instance, when going to a hairdresser, a client has [&hellip;]<\/p>\n","protected":false},"author":1,"featured_media":0,"parent":428,"menu_order":0,"comment_status":"closed","ping_status":"closed","template":"","meta":{"_et_pb_use_builder":"on","_et_pb_old_content":"<!-- wp:divi\/placeholder -->\n[et_pb_section fb_built=\"1\" _builder_version=\"3.22\" global_colors_info=\"{}\" theme_builder_area=\"post_content\"][et_pb_row _builder_version=\"4.14.2\" _module_preset=\"default\" global_colors_info=\"{}\" theme_builder_area=\"post_content\"][et_pb_column type=\"4_4\" _builder_version=\"4.14.2\" _module_preset=\"default\" global_colors_info=\"{}\" theme_builder_area=\"post_content\"][et_pb_post_title meta=\"off\" featured_image=\"off\" _builder_version=\"4.14.2\" _module_preset=\"default\" global_colors_info=\"{}\" theme_builder_area=\"post_content\"][\/et_pb_post_title][\/et_pb_column][\/et_pb_row][et_pb_row column_structure=\"1_2,1_2\" _builder_version=\"3.25\" background_size=\"initial\" background_position=\"top_left\" background_repeat=\"repeat\" global_colors_info=\"{}\" theme_builder_area=\"post_content\"][et_pb_column type=\"1_2\" _builder_version=\"3.25\" custom_padding=\"|||\" global_colors_info=\"{}\" custom_padding__hover=\"|||\" theme_builder_area=\"post_content\"][et_pb_text _builder_version=\"4.14.2\" background_size=\"initial\" background_position=\"top_left\" background_repeat=\"repeat\" hover_enabled=\"0\" global_colors_info=\"{}\" theme_builder_area=\"post_content\" custom_padding=\"||0px|||\" sticky_enabled=\"0\"]<div id=\"page-zones__main-widgets__content1\" data-name=\"content\" class=\"content widget js-widget\" data-uniqueid=\"OloHtMAomHwAijU\" data-parentuniqueid=\"69O0NdSLr5jBL3F\">\n<div class=\"bk-content-text js-text-content   wysihtml-editor-content\">\n<p><span style=\"font-size: 16px;\">Ammattimaista kielipalvelutoimintaa harjoittavan on j\u00e4rjestett\u00e4v\u00e4 toimintansa niin, ett\u00e4 ty\u00f6prosessi etenee sujuvasti ja tarjottu palvelu tai tuote voidaan toimittaa ajallaan laadukkaasti ja kannattavasti. N\u00e4iden tavoitteiden toteutuminen edellytt\u00e4\u00e4 my\u00f6s ty\u00f6h\u00f6n sopivaa tilaa ja v\u00e4lineit\u00e4.<\/span><\/p>\n<\/div>\n<\/div>\n<div id=\"page-zones__main-widgets__responsivecolumns2\" data-name=\"responsivecolumns\" class=\"responsivecolumns widget js-widget columns-two-66-34\" data-uniqueid=\"IU97ZKKnitQ2VJL\" data-parentuniqueid=\"69O0NdSLr5jBL3F\">\n<section id=\"page-zones__main-widgets__responsivecolumns2-zones__column\" class=\"bk-zone column columns-two-left\" data-uniqueid=\"RASgh1pMj3ocpEf\" data-parentuniqueid=\"IU97ZKKnitQ2VJL\">\n<div id=\"page-zones__main-widgets__responsivecolumns2-zones__column-widgets__text1\" data-name=\"content\" class=\"content widget js-widget\" data-uniqueid=\"UAsMUYZWF6V7wKh\" data-parentuniqueid=\"RASgh1pMj3ocpEf\">\n<div class=\"bk-content-text js-text-content   wysihtml-editor-content\">\n<p>Kun\u00a0menet esimerkiksi\u00a0kampaajalle, sinulla on tiettyj\u00e4 ennakko-odotuksia palvelulta: Odotat, ett\u00e4\u00a0kampaajalla\u00a0on ty\u00f6- tai liiketila, tuoli, peili, hiustenpesupaikka, sakset, muotoilutarvikkeet sek\u00e4 maksukorttip\u00e4\u00e4te, josta saat kuitin erittelyineen. Odotat\u00a0my\u00f6s, ett\u00e4 v\u00e4lineet ja tilat ovat ajan tasalla ja tarkoituksenmukaisia\u00a0(esim. sakset pidet\u00e4\u00e4n puhtaina ja hygieenisin\u00e4). Lis\u00e4ksi on suotavaa, ett\u00e4\u00a0kampaaja kehitt\u00e4\u00e4 jatkuvasti osaamistaan k\u00e4ym\u00e4ll\u00e4\u00a0kursseilla ja koulutuksissa sek\u00e4 seuraa alan trendej\u00e4.\u00a0<\/p>\n<p>Samalla tavalla sinun asiakkaillasi on odotuksia tarjoamastasi palvelusta. Ammattimaisen toiminnan\u00a0t\u00e4ytyy sujua siten, ett\u00e4 kaikki osapuolet ovat tyytyv\u00e4isi\u00e4 tulokseen ja ett\u00e4 toiminta on kannattavaa.\u00a0T\u00e4ll\u00f6in\u00a0syntyv\u00e4 tuote vastaa\u00a0asiakkaan tarpeita ja toiveita sek\u00e4 on asiakkaan k\u00e4ytett\u00e4viss\u00e4 (ty\u00f6n toteutuksessa on k\u00e4ytetty esimerkiksi asiakkaan\u00a0ohjelmistojen kanssa yhteensopivia ohjelmistoja). Asiakas my\u00f6s odottaa, ett\u00e4 osaat laskuttaa ja hoidat yritt\u00e4j\u00e4n maksut lakien ja s\u00e4\u00e4d\u00f6sten mukaan.<\/p>\n<\/div>\n<\/div>\n<\/section>\n<\/div>[\/et_pb_text][\/et_pb_column][et_pb_column type=\"1_2\" _builder_version=\"3.25\" custom_padding=\"|||\" global_colors_info=\"{}\" custom_padding__hover=\"|||\" theme_builder_area=\"post_content\"][et_pb_image src=\"https:\/\/xn--kntjmestari-l8aacb.fi\/km\/wp-content\/uploads\/2021\/12\/kaantaja_i_luku1_luku9_luku9.jpg\" title_text=\"kaantaja_i_luku1_luku9_luku9\" _builder_version=\"4.14.2\" _module_preset=\"default\" hover_enabled=\"0\" global_colors_info=\"{}\" theme_builder_area=\"post_content\" sticky_enabled=\"0\"][\/et_pb_image][\/et_pb_column][\/et_pb_row][\/et_pb_section]\n<!-- \/wp:divi\/placeholder -->","_et_gb_content_width":"","footnotes":""},"class_list":["post-447","page","type-page","status-publish","hentry"],"yoast_head":"<!-- This site is optimized with the Yoast SEO plugin v27.4 - https:\/\/yoast.com\/product\/yoast-seo-wordpress\/ -->\n<title>ORGANIZING YOUR BUSINESS - The Translator&#039;s Guide to the Industry<\/title>\n<meta name=\"robots\" content=\"index, follow, max-snippet:-1, max-image-preview:large, max-video-preview:-1\" \/>\n<link rel=\"canonical\" href=\"https:\/\/xn--kntjmestari-l8aacb.fi\/km\/en\/main\/luku-1-toiminnan-aloittaminen\/organizing-your-business\/\" \/>\n<meta property=\"og:locale\" content=\"en_US\" \/>\n<meta property=\"og:type\" content=\"article\" \/>\n<meta property=\"og:title\" content=\"ORGANIZING YOUR BUSINESS - The Translator&#039;s Guide to the Industry\" \/>\n<meta property=\"og:description\" content=\"&nbsp; Running a professional language service requires organizing your business in a way that assures a smooth working process and a profitable high-quality service or product that is delivered on time. To achieve these goals, an appropriate working environment and proper tools are a must. For instance, when going to a hairdresser, a client has [&hellip;]\" \/>\n<meta property=\"og:url\" content=\"https:\/\/xn--kntjmestari-l8aacb.fi\/km\/en\/main\/luku-1-toiminnan-aloittaminen\/organizing-your-business\/\" \/>\n<meta property=\"og:site_name\" content=\"The Translator&#039;s Guide to the Industry\" \/>\n<meta property=\"article:modified_time\" content=\"2022-02-16T15:15:21+00:00\" \/>\n<meta name=\"twitter:card\" content=\"summary_large_image\" \/>\n<meta name=\"twitter:label1\" content=\"Est. reading time\" \/>\n\t<meta name=\"twitter:data1\" content=\"2 minutes\" \/>\n<script type=\"application\/ld+json\" class=\"yoast-schema-graph\">{\"@context\":\"https:\\\/\\\/schema.org\",\"@graph\":[{\"@type\":\"WebPage\",\"@id\":\"https:\\\/\\\/xn--kntjmestari-l8aacb.fi\\\/km\\\/en\\\/main\\\/luku-1-toiminnan-aloittaminen\\\/organizing-your-business\\\/\",\"url\":\"https:\\\/\\\/xn--kntjmestari-l8aacb.fi\\\/km\\\/en\\\/main\\\/luku-1-toiminnan-aloittaminen\\\/organizing-your-business\\\/\",\"name\":\"ORGANIZING YOUR BUSINESS - The Translator's Guide to the Industry\",\"isPartOf\":{\"@id\":\"https:\\\/\\\/xn--kntjmestari-l8aacb.fi\\\/km\\\/#website\"},\"datePublished\":\"2021-12-13T11:19:30+00:00\",\"dateModified\":\"2022-02-16T15:15:21+00:00\",\"breadcrumb\":{\"@id\":\"https:\\\/\\\/xn--kntjmestari-l8aacb.fi\\\/km\\\/en\\\/main\\\/luku-1-toiminnan-aloittaminen\\\/organizing-your-business\\\/#breadcrumb\"},\"inLanguage\":\"en-US\",\"potentialAction\":[{\"@type\":\"ReadAction\",\"target\":[\"https:\\\/\\\/xn--kntjmestari-l8aacb.fi\\\/km\\\/en\\\/main\\\/luku-1-toiminnan-aloittaminen\\\/organizing-your-business\\\/\"]}]},{\"@type\":\"BreadcrumbList\",\"@id\":\"https:\\\/\\\/xn--kntjmestari-l8aacb.fi\\\/km\\\/en\\\/main\\\/luku-1-toiminnan-aloittaminen\\\/organizing-your-business\\\/#breadcrumb\",\"itemListElement\":[{\"@type\":\"ListItem\",\"position\":1,\"name\":\"Etusivu\",\"item\":\"https:\\\/\\\/xn--kntjmestari-l8aacb.fi\\\/km\\\/en\\\/\"},{\"@type\":\"ListItem\",\"position\":2,\"name\":\"The Translator&#8217;s Guide to the Industry\",\"item\":\"https:\\\/\\\/xn--kntjmestari-l8aacb.fi\\\/km\\\/en\\\/\"},{\"@type\":\"ListItem\",\"position\":3,\"name\":\"Luku 1 &#8211; toiminnan aloittaminen\",\"item\":\"https:\\\/\\\/xn--kntjmestari-l8aacb.fi\\\/km\\\/en\\\/main\\\/luku-1-toiminnan-aloittaminen\\\/\"},{\"@type\":\"ListItem\",\"position\":4,\"name\":\"ORGANIZING YOUR BUSINESS\"}]},{\"@type\":\"WebSite\",\"@id\":\"https:\\\/\\\/xn--kntjmestari-l8aacb.fi\\\/km\\\/#website\",\"url\":\"https:\\\/\\\/xn--kntjmestari-l8aacb.fi\\\/km\\\/\",\"name\":\"The Translator's Guide to the Industry\",\"description\":\"practical guidebook for translation and interpreting\\nstudents and beginners\",\"publisher\":{\"@id\":\"https:\\\/\\\/xn--kntjmestari-l8aacb.fi\\\/km\\\/#organization\"},\"potentialAction\":[{\"@type\":\"SearchAction\",\"target\":{\"@type\":\"EntryPoint\",\"urlTemplate\":\"https:\\\/\\\/xn--kntjmestari-l8aacb.fi\\\/km\\\/?s={search_term_string}\"},\"query-input\":{\"@type\":\"PropertyValueSpecification\",\"valueRequired\":true,\"valueName\":\"search_term_string\"}}],\"inLanguage\":\"en-US\"},{\"@type\":\"Organization\",\"@id\":\"https:\\\/\\\/xn--kntjmestari-l8aacb.fi\\\/km\\\/#organization\",\"name\":\"K\u00e4\u00e4nt\u00e4j\u00e4mestarit\",\"url\":\"https:\\\/\\\/xn--kntjmestari-l8aacb.fi\\\/km\\\/\",\"logo\":{\"@type\":\"ImageObject\",\"inLanguage\":\"en-US\",\"@id\":\"https:\\\/\\\/xn--kntjmestari-l8aacb.fi\\\/km\\\/#\\\/schema\\\/logo\\\/image\\\/\",\"url\":\"https:\\\/\\\/xn--kntjmestari-l8aacb.fi\\\/km\\\/wp-content\\\/uploads\\\/2021\\\/12\\\/logo.jpg\",\"contentUrl\":\"https:\\\/\\\/xn--kntjmestari-l8aacb.fi\\\/km\\\/wp-content\\\/uploads\\\/2021\\\/12\\\/logo.jpg\",\"width\":509,\"height\":530,\"caption\":\"K\u00e4\u00e4nt\u00e4j\u00e4mestarit\"},\"image\":{\"@id\":\"https:\\\/\\\/xn--kntjmestari-l8aacb.fi\\\/km\\\/#\\\/schema\\\/logo\\\/image\\\/\"}}]}<\/script>\n<!-- \/ Yoast SEO plugin. -->","yoast_head_json":{"title":"ORGANIZING YOUR BUSINESS - The Translator's Guide to the Industry","robots":{"index":"index","follow":"follow","max-snippet":"max-snippet:-1","max-image-preview":"max-image-preview:large","max-video-preview":"max-video-preview:-1"},"canonical":"https:\/\/xn--kntjmestari-l8aacb.fi\/km\/en\/main\/luku-1-toiminnan-aloittaminen\/organizing-your-business\/","og_locale":"en_US","og_type":"article","og_title":"ORGANIZING YOUR BUSINESS - The Translator's Guide to the Industry","og_description":"&nbsp; Running a professional language service requires organizing your business in a way that assures a smooth working process and a profitable high-quality service or product that is delivered on time. To achieve these goals, an appropriate working environment and proper tools are a must. For instance, when going to a hairdresser, a client has [&hellip;]","og_url":"https:\/\/xn--kntjmestari-l8aacb.fi\/km\/en\/main\/luku-1-toiminnan-aloittaminen\/organizing-your-business\/","og_site_name":"The Translator's Guide to the Industry","article_modified_time":"2022-02-16T15:15:21+00:00","twitter_card":"summary_large_image","twitter_misc":{"Est. reading time":"2 minutes"},"schema":{"@context":"https:\/\/schema.org","@graph":[{"@type":"WebPage","@id":"https:\/\/xn--kntjmestari-l8aacb.fi\/km\/en\/main\/luku-1-toiminnan-aloittaminen\/organizing-your-business\/","url":"https:\/\/xn--kntjmestari-l8aacb.fi\/km\/en\/main\/luku-1-toiminnan-aloittaminen\/organizing-your-business\/","name":"ORGANIZING YOUR BUSINESS - The Translator's Guide to the Industry","isPartOf":{"@id":"https:\/\/xn--kntjmestari-l8aacb.fi\/km\/#website"},"datePublished":"2021-12-13T11:19:30+00:00","dateModified":"2022-02-16T15:15:21+00:00","breadcrumb":{"@id":"https:\/\/xn--kntjmestari-l8aacb.fi\/km\/en\/main\/luku-1-toiminnan-aloittaminen\/organizing-your-business\/#breadcrumb"},"inLanguage":"en-US","potentialAction":[{"@type":"ReadAction","target":["https:\/\/xn--kntjmestari-l8aacb.fi\/km\/en\/main\/luku-1-toiminnan-aloittaminen\/organizing-your-business\/"]}]},{"@type":"BreadcrumbList","@id":"https:\/\/xn--kntjmestari-l8aacb.fi\/km\/en\/main\/luku-1-toiminnan-aloittaminen\/organizing-your-business\/#breadcrumb","itemListElement":[{"@type":"ListItem","position":1,"name":"Etusivu","item":"https:\/\/xn--kntjmestari-l8aacb.fi\/km\/en\/"},{"@type":"ListItem","position":2,"name":"The Translator&#8217;s Guide to the Industry","item":"https:\/\/xn--kntjmestari-l8aacb.fi\/km\/en\/"},{"@type":"ListItem","position":3,"name":"Luku 1 &#8211; toiminnan aloittaminen","item":"https:\/\/xn--kntjmestari-l8aacb.fi\/km\/en\/main\/luku-1-toiminnan-aloittaminen\/"},{"@type":"ListItem","position":4,"name":"ORGANIZING YOUR BUSINESS"}]},{"@type":"WebSite","@id":"https:\/\/xn--kntjmestari-l8aacb.fi\/km\/#website","url":"https:\/\/xn--kntjmestari-l8aacb.fi\/km\/","name":"The Translator's Guide to the Industry","description":"practical guidebook for translation and interpreting\nstudents and beginners","publisher":{"@id":"https:\/\/xn--kntjmestari-l8aacb.fi\/km\/#organization"},"potentialAction":[{"@type":"SearchAction","target":{"@type":"EntryPoint","urlTemplate":"https:\/\/xn--kntjmestari-l8aacb.fi\/km\/?s={search_term_string}"},"query-input":{"@type":"PropertyValueSpecification","valueRequired":true,"valueName":"search_term_string"}}],"inLanguage":"en-US"},{"@type":"Organization","@id":"https:\/\/xn--kntjmestari-l8aacb.fi\/km\/#organization","name":"K\u00e4\u00e4nt\u00e4j\u00e4mestarit","url":"https:\/\/xn--kntjmestari-l8aacb.fi\/km\/","logo":{"@type":"ImageObject","inLanguage":"en-US","@id":"https:\/\/xn--kntjmestari-l8aacb.fi\/km\/#\/schema\/logo\/image\/","url":"https:\/\/xn--kntjmestari-l8aacb.fi\/km\/wp-content\/uploads\/2021\/12\/logo.jpg","contentUrl":"https:\/\/xn--kntjmestari-l8aacb.fi\/km\/wp-content\/uploads\/2021\/12\/logo.jpg","width":509,"height":530,"caption":"K\u00e4\u00e4nt\u00e4j\u00e4mestarit"},"image":{"@id":"https:\/\/xn--kntjmestari-l8aacb.fi\/km\/#\/schema\/logo\/image\/"}}]}},"_links":{"self":[{"href":"https:\/\/xn--kntjmestari-l8aacb.fi\/km\/en\/wp-json\/wp\/v2\/pages\/447","targetHints":{"allow":["GET"]}}],"collection":[{"href":"https:\/\/xn--kntjmestari-l8aacb.fi\/km\/en\/wp-json\/wp\/v2\/pages"}],"about":[{"href":"https:\/\/xn--kntjmestari-l8aacb.fi\/km\/en\/wp-json\/wp\/v2\/types\/page"}],"author":[{"embeddable":true,"href":"https:\/\/xn--kntjmestari-l8aacb.fi\/km\/en\/wp-json\/wp\/v2\/users\/1"}],"replies":[{"embeddable":true,"href":"https:\/\/xn--kntjmestari-l8aacb.fi\/km\/en\/wp-json\/wp\/v2\/comments?post=447"}],"version-history":[{"count":2,"href":"https:\/\/xn--kntjmestari-l8aacb.fi\/km\/en\/wp-json\/wp\/v2\/pages\/447\/revisions"}],"predecessor-version":[{"id":450,"href":"https:\/\/xn--kntjmestari-l8aacb.fi\/km\/en\/wp-json\/wp\/v2\/pages\/447\/revisions\/450"}],"up":[{"embeddable":true,"href":"https:\/\/xn--kntjmestari-l8aacb.fi\/km\/en\/wp-json\/wp\/v2\/pages\/428"}],"wp:attachment":[{"href":"https:\/\/xn--kntjmestari-l8aacb.fi\/km\/en\/wp-json\/wp\/v2\/media?parent=447"}],"curies":[{"name":"wp","href":"https:\/\/api.w.org\/{rel}","templated":true}]}}