{"id":451,"date":"2021-12-13T11:23:06","date_gmt":"2021-12-13T11:23:06","guid":{"rendered":"https:\/\/xn--kntjmestari-l8aacb.fi\/km\/?page_id=451"},"modified":"2022-02-16T15:22:29","modified_gmt":"2022-02-16T15:22:29","slug":"chapter-2-professionalism","status":"publish","type":"page","link":"https:\/\/xn--kntjmestari-l8aacb.fi\/km\/en\/main\/chapter-2-professionalism\/","title":{"rendered":"CHAPTER 2 &#8211; PROFESSIONALISM"},"content":{"rendered":"<p>[et_pb_section fb_built=&#8221;1&#8243; _builder_version=&#8221;3.22&#8243; global_colors_info=&#8221;{}&#8221;][et_pb_row _builder_version=&#8221;4.14.2&#8243; _module_preset=&#8221;default&#8221; global_colors_info=&#8221;{}&#8221;][et_pb_column type=&#8221;4_4&#8243; _builder_version=&#8221;4.14.2&#8243; _module_preset=&#8221;default&#8221; global_colors_info=&#8221;{}&#8221;][et_pb_post_title meta=&#8221;off&#8221; featured_image=&#8221;off&#8221; _builder_version=&#8221;4.14.2&#8243; _module_preset=&#8221;default&#8221; global_colors_info=&#8221;{}&#8221;][\/et_pb_post_title][\/et_pb_column][\/et_pb_row][et_pb_row column_structure=&#8221;1_2,1_2&#8243; _builder_version=&#8221;3.25&#8243; background_size=&#8221;initial&#8221; background_position=&#8221;top_left&#8221; background_repeat=&#8221;repeat&#8221; global_colors_info=&#8221;{}&#8221;][et_pb_column type=&#8221;1_2&#8243; _builder_version=&#8221;3.25&#8243; custom_padding=&#8221;|||&#8221; global_colors_info=&#8221;{}&#8221; custom_padding__hover=&#8221;|||&#8221;][et_pb_text _builder_version=&#8221;4.14.7&#8243; background_size=&#8221;initial&#8221; background_position=&#8221;top_left&#8221; background_repeat=&#8221;repeat&#8221; global_colors_info=&#8221;{}&#8221;]<\/p>\n<div id=\"page-zones__main-widgets__content2\" data-name=\"content\" class=\"content widget js-widget\" data-uniqueid=\"xJlTpTTnqkUXdxW\" data-parentuniqueid=\"YCOxhuwNxFtfw4I\">\n<div class=\"bk-content-text js-text-content   wysihtml-editor-content\">\n<h2>INTRODUCTION<\/h2>\n<\/div>\n<\/div>\n<div id=\"page-zones__main-widgets__responsivecolumns2\" data-name=\"responsivecolumns\" class=\"responsivecolumns widget js-widget columns-two-66-34\" data-uniqueid=\"8ugiSqhudvfReNJ\" data-parentuniqueid=\"YCOxhuwNxFtfw4I\">\n<section id=\"page-zones__main-widgets__responsivecolumns2-zones__column\" class=\"bk-zone column columns-two-left\" data-uniqueid=\"DyKLzm6mAPeugYv\" data-parentuniqueid=\"8ugiSqhudvfReNJ\">\n<div id=\"page-zones__main-widgets__responsivecolumns2-zones__column-widgets__content\" data-name=\"content\" class=\"content widget js-widget\" data-uniqueid=\"tGXaPwyYqn8kzUV\" data-parentuniqueid=\"DyKLzm6mAPeugYv\">\n<div class=\"bk-content-text js-text-content   wysihtml-editor-content\">\n<p>This chapter discusses the routines related to commissions received by language service businesses. These are often challenging topics for beginner entrepreneurs, whose questions frequently come up on translator forums in the form of, \u201cWhat should I do in this situation?\u201d<\/p>\n<p>Experienced language professionals have established routines that are based on trial and error, advice from even more experienced translators, or prior experience working in a translation agency. These routines spare you from the effort of having to reinvent the wheel with every commission, thereby speeding up your work and making it profitable. When basics such as accounting, file organization, and invoicing have become established routines, you are left free to focus on the commission and its details instead.<\/p>\n<p>Contents of Chapter Two:<\/p>\n<p><a href=\"https:\/\/xn--kntjmestari-l8aacb.fi\/km\/en\/main\/chapter-2-professionalism\/systematic-process\/\" style=\"font-size: 17px;\">Systematic Process<\/a><\/p>\n<p><a href=\"https:\/\/xn--kntjmestari-l8aacb.fi\/km\/en\/main\/chapter-2-professionalism\/steps-of-the-translation-process\/\">Steps of the Translation process<\/a><br \/><a href=\"https:\/\/xn--kntjmestari-l8aacb.fi\/km\/en\/main\/chapter-2-professionalism\/steps-of-the-interpreting-process\/\">Steps of the Interpreting process vaiheet<\/a><br \/><a href=\"http:\/\/www.kaantajamestarinkirja.fi\/luku-2\/kirjallisuuden-k%C3%A4%C3%A4nt%C3%A4misest%C3%A4\" target=\"_self\" rel=\"noopener\"><\/a><a href=\"https:\/\/xn--kntjmestari-l8aacb.fi\/km\/etusivu\/luku-2-ammattimainen-toiminta\/kirjallisuuden-kaantaminen\/\">Translating Literature<\/a><br \/><a href=\"http:\/\/www.kaantajamestarinkirja.fi\/luku-2\/vastuu-ty%C3%B6n-j%C3%A4ljest%C3%A4\" target=\"_self\" rel=\"noopener\"><\/a><a href=\"https:\/\/xn--kntjmestari-l8aacb.fi\/km\/en\/main\/chapter-2-professionalism\/responsibility-for-quality-of-work-and-data-management\/\">Responsibility for Quality of Work and Data Process<\/a><br \/><a href=\"https:\/\/xn--kntjmestari-l8aacb.fi\/km\/en\/main\/chapter-2-professionalism\/justifying-and-explaining-your-decisions\/\">Justifying and Explaining Your Decisions<\/a><\/p>\n<\/div>\n<\/div>\n<\/section>\n<\/div>\n<p>[\/et_pb_text][\/et_pb_column][et_pb_column type=&#8221;1_2&#8243; _builder_version=&#8221;3.25&#8243; custom_padding=&#8221;|||&#8221; global_colors_info=&#8221;{}&#8221; custom_padding__hover=&#8221;|||&#8221;][et_pb_image src=&#8221;https:\/\/xn--kntjmestari-l8aacb.fi\/km\/wp-content\/uploads\/2021\/12\/kaantaja_i_luku1_luku2.jpg&#8221; title_text=&#8221;kaantaja_i_luku1_luku2&#8243; _builder_version=&#8221;4.14.2&#8243; _module_preset=&#8221;default&#8221; global_colors_info=&#8221;{}&#8221;][\/et_pb_image][\/et_pb_column][\/et_pb_row][\/et_pb_section]<\/p>\n","protected":false},"excerpt":{"rendered":"<p>INTRODUCTION This chapter discusses the routines related to commissions received by language service businesses. These are often challenging topics for beginner entrepreneurs, whose questions frequently come up on translator forums in the form of, \u201cWhat should I do in this situation?\u201d Experienced language professionals have established routines that are based on trial and error, advice [&hellip;]<\/p>\n","protected":false},"author":1,"featured_media":0,"parent":386,"menu_order":0,"comment_status":"closed","ping_status":"closed","template":"","meta":{"_et_pb_use_builder":"on","_et_pb_old_content":"[et_pb_section fb_built=\"1\" _builder_version=\"3.22\" global_colors_info=\"{}\"][et_pb_row _builder_version=\"4.14.2\" _module_preset=\"default\" global_colors_info=\"{}\"][et_pb_column type=\"4_4\" _builder_version=\"4.14.2\" _module_preset=\"default\" global_colors_info=\"{}\"][et_pb_post_title meta=\"off\" featured_image=\"off\" _builder_version=\"4.14.2\" _module_preset=\"default\" global_colors_info=\"{}\"][\/et_pb_post_title][\/et_pb_column][\/et_pb_row][et_pb_row column_structure=\"1_2,1_2\" _builder_version=\"3.25\" background_size=\"initial\" background_position=\"top_left\" background_repeat=\"repeat\" global_colors_info=\"{}\"][et_pb_column type=\"1_2\" _builder_version=\"3.25\" custom_padding=\"|||\" global_colors_info=\"{}\" custom_padding__hover=\"|||\"][et_pb_text _builder_version=\"4.14.7\" background_size=\"initial\" background_position=\"top_left\" background_repeat=\"repeat\" hover_enabled=\"0\" global_colors_info=\"{}\" sticky_enabled=\"0\"]\n<div id=\"page-zones__main-widgets__content2\" data-name=\"content\" class=\"content widget js-widget\" data-uniqueid=\"xJlTpTTnqkUXdxW\" data-parentuniqueid=\"YCOxhuwNxFtfw4I\">\n<div class=\"bk-content-text js-text-content   wysihtml-editor-content\">\n<h2>JOHDANTO<\/h2>\n<\/div>\n<\/div>\n<div id=\"page-zones__main-widgets__responsivecolumns2\" data-name=\"responsivecolumns\" class=\"responsivecolumns widget js-widget columns-two-66-34\" data-uniqueid=\"8ugiSqhudvfReNJ\" data-parentuniqueid=\"YCOxhuwNxFtfw4I\">\n<section id=\"page-zones__main-widgets__responsivecolumns2-zones__column\" class=\"bk-zone column columns-two-left\" data-uniqueid=\"DyKLzm6mAPeugYv\" data-parentuniqueid=\"8ugiSqhudvfReNJ\">\n<div id=\"page-zones__main-widgets__responsivecolumns2-zones__column-widgets__content\" data-name=\"content\" class=\"content widget js-widget\" data-uniqueid=\"tGXaPwyYqn8kzUV\" data-parentuniqueid=\"DyKLzm6mAPeugYv\">\n<div class=\"bk-content-text js-text-content   wysihtml-editor-content\">\n\nT\u00e4ss\u00e4&nbsp;luvussa&nbsp;k\u00e4sittelemme&nbsp;kielipalveluyrityksen&nbsp;saamiin&nbsp;toimeksiantoihin&nbsp;liittyvi\u00e4&nbsp;rutiineja. N\u00e4m\u00e4 ovat usein vaikeita asioita aloittelevalle yritt\u00e4j\u00e4lle, ja kuuluvat k\u00e4\u00e4nt\u00e4jien foorumeilla usein kysyttyihin kysymyksiin. \u201dMit\u00e4 teen, kun...?\u201d \u201dMit\u00e4 t\u00e4llaisessa tilanteessa pit\u00e4isi tehd\u00e4?\u201d\n\nPitk\u00e4\u00e4n&nbsp;yritt\u00e4j\u00e4n\u00e4 toimineilla&nbsp;on vakiintuneet rutiinit, jotka ovat muodostuneet joko yrityksen ja erehdyksen, kokeneemmilta saatujen ohjeiden ja vinkkien tai vaikkapa aiemman k\u00e4\u00e4nn\u00f6stoimistossa ty\u00f6skentelyn kautta. Rutiinit tekev\u00e4t ty\u00f6skentelyst\u00e4 nopeaa ja kannattavaa, sill\u00e4 py\u00f6r\u00e4\u00e4 ei tarvitse keksi\u00e4 jokaisella kerralla uudestaan. Kun perusasioiden hoitaminen (t\u00f6iden kirjaaminen, tallennus, laskutus) tapahtuvat vakiintuneiden rutiinien mukaisesti, voi keskitty\u00e4 itse toimeksiantoon ja sen yksityiskohtiin.\n\nToisen luvun sis\u00e4lt\u00f6:\n\n<a href=\"https:\/\/xn--kntjmestari-l8aacb.fi\/km\/etusivu\/luku-2-ammattimainen-toiminta\/mietitty-prosessi\/\">Mietitty prosessi<\/a>\n<a href=\"https:\/\/xn--kntjmestari-l8aacb.fi\/km\/etusivu\/luku-2-ammattimainen-toiminta\/kaannosprosessin-vaiheet\/\">K\u00e4\u00e4nn\u00f6sprosessin vaiheet<\/a>\n<a href=\"https:\/\/xn--kntjmestari-l8aacb.fi\/km\/etusivu\/luku-2-ammattimainen-toiminta\/tulkkausprosessin-vaiheet\/\">Tulkkausprosessin vaiheet<\/a>\n<a href=\"http:\/\/www.kaantajamestarinkirja.fi\/luku-2\/kirjallisuuden-k%C3%A4%C3%A4nt%C3%A4misest%C3%A4\" target=\"_self\" rel=\"noopener\"><\/a><a href=\"https:\/\/xn--kntjmestari-l8aacb.fi\/km\/etusivu\/luku-2-ammattimainen-toiminta\/kirjallisuuden-kaantaminen\/\">Kirjallisuuden k\u00e4\u00e4nt\u00e4minen<\/a>\n<a href=\"http:\/\/www.kaantajamestarinkirja.fi\/luku-2\/vastuu-ty%C3%B6n-j%C3%A4ljest%C3%A4\" target=\"_self\" rel=\"noopener\"><\/a><a href=\"https:\/\/xn--kntjmestari-l8aacb.fi\/km\/etusivu\/luku-2-ammattimainen-toiminta\/vastuu-tyon-jaljesta-ja-tiedonhallinnasta\/\">Vastuu ty\u00f6n j\u00e4ljest\u00e4<\/a>\n<a href=\"https:\/\/xn--kntjmestari-l8aacb.fi\/km\/etusivu\/luku-2-ammattimainen-toiminta\/omien-ratkaisujen-perusteleminen-ja-avaaminen\/\">Omien ratkaisujen perusteleminen<\/a>\n\n<\/div>\n<\/div>\n<\/section><\/div>\n[\/et_pb_text][\/et_pb_column][et_pb_column type=\"1_2\" _builder_version=\"3.25\" custom_padding=\"|||\" global_colors_info=\"{}\" custom_padding__hover=\"|||\"][et_pb_image src=\"https:\/\/xn--kntjmestari-l8aacb.fi\/km\/wp-content\/uploads\/2021\/12\/kaantaja_i_luku1_luku2.jpg\" title_text=\"kaantaja_i_luku1_luku2\" _builder_version=\"4.14.2\" _module_preset=\"default\" global_colors_info=\"{}\"][\/et_pb_image][\/et_pb_column][\/et_pb_row][\/et_pb_section]","_et_gb_content_width":"","footnotes":""},"class_list":["post-451","page","type-page","status-publish","hentry"],"yoast_head":"<!-- This site is optimized with the Yoast SEO plugin v27.4 - https:\/\/yoast.com\/product\/yoast-seo-wordpress\/ -->\n<title>CHAPTER 2 - PROFESSIONALISM - The Translator&#039;s Guide to the Industry<\/title>\n<meta name=\"robots\" content=\"index, follow, max-snippet:-1, max-image-preview:large, max-video-preview:-1\" \/>\n<link rel=\"canonical\" href=\"https:\/\/xn--kntjmestari-l8aacb.fi\/km\/en\/main\/chapter-2-professionalism\/\" \/>\n<meta property=\"og:locale\" content=\"en_US\" \/>\n<meta property=\"og:type\" content=\"article\" \/>\n<meta property=\"og:title\" content=\"CHAPTER 2 - PROFESSIONALISM - The Translator&#039;s Guide to the Industry\" \/>\n<meta property=\"og:description\" content=\"INTRODUCTION This chapter discusses the routines related to commissions received by language service businesses. These are often challenging topics for beginner entrepreneurs, whose questions frequently come up on translator forums in the form of, \u201cWhat should I do in this situation?\u201d Experienced language professionals have established routines that are based on trial and error, advice [&hellip;]\" \/>\n<meta property=\"og:url\" content=\"https:\/\/xn--kntjmestari-l8aacb.fi\/km\/en\/main\/chapter-2-professionalism\/\" \/>\n<meta property=\"og:site_name\" content=\"The Translator&#039;s Guide to the Industry\" \/>\n<meta property=\"article:modified_time\" content=\"2022-02-16T15:22:29+00:00\" \/>\n<meta name=\"twitter:card\" content=\"summary_large_image\" \/>\n<meta name=\"twitter:label1\" content=\"Est. reading time\" \/>\n\t<meta name=\"twitter:data1\" content=\"2 minutes\" \/>\n<script type=\"application\/ld+json\" class=\"yoast-schema-graph\">{\"@context\":\"https:\\\/\\\/schema.org\",\"@graph\":[{\"@type\":\"WebPage\",\"@id\":\"https:\\\/\\\/xn--kntjmestari-l8aacb.fi\\\/km\\\/en\\\/main\\\/chapter-2-professionalism\\\/\",\"url\":\"https:\\\/\\\/xn--kntjmestari-l8aacb.fi\\\/km\\\/en\\\/main\\\/chapter-2-professionalism\\\/\",\"name\":\"CHAPTER 2 - PROFESSIONALISM - The Translator's Guide to the Industry\",\"isPartOf\":{\"@id\":\"https:\\\/\\\/xn--kntjmestari-l8aacb.fi\\\/km\\\/#website\"},\"datePublished\":\"2021-12-13T11:23:06+00:00\",\"dateModified\":\"2022-02-16T15:22:29+00:00\",\"breadcrumb\":{\"@id\":\"https:\\\/\\\/xn--kntjmestari-l8aacb.fi\\\/km\\\/en\\\/main\\\/chapter-2-professionalism\\\/#breadcrumb\"},\"inLanguage\":\"en-US\",\"potentialAction\":[{\"@type\":\"ReadAction\",\"target\":[\"https:\\\/\\\/xn--kntjmestari-l8aacb.fi\\\/km\\\/en\\\/main\\\/chapter-2-professionalism\\\/\"]}]},{\"@type\":\"BreadcrumbList\",\"@id\":\"https:\\\/\\\/xn--kntjmestari-l8aacb.fi\\\/km\\\/en\\\/main\\\/chapter-2-professionalism\\\/#breadcrumb\",\"itemListElement\":[{\"@type\":\"ListItem\",\"position\":1,\"name\":\"Etusivu\",\"item\":\"https:\\\/\\\/xn--kntjmestari-l8aacb.fi\\\/km\\\/en\\\/\"},{\"@type\":\"ListItem\",\"position\":2,\"name\":\"The Translator&#8217;s Guide to the Industry\",\"item\":\"https:\\\/\\\/xn--kntjmestari-l8aacb.fi\\\/km\\\/en\\\/\"},{\"@type\":\"ListItem\",\"position\":3,\"name\":\"CHAPTER 2 &#8211; PROFESSIONALISM\"}]},{\"@type\":\"WebSite\",\"@id\":\"https:\\\/\\\/xn--kntjmestari-l8aacb.fi\\\/km\\\/#website\",\"url\":\"https:\\\/\\\/xn--kntjmestari-l8aacb.fi\\\/km\\\/\",\"name\":\"The Translator's Guide to the Industry\",\"description\":\"practical guidebook for translation and interpreting\\nstudents and beginners\",\"publisher\":{\"@id\":\"https:\\\/\\\/xn--kntjmestari-l8aacb.fi\\\/km\\\/#organization\"},\"potentialAction\":[{\"@type\":\"SearchAction\",\"target\":{\"@type\":\"EntryPoint\",\"urlTemplate\":\"https:\\\/\\\/xn--kntjmestari-l8aacb.fi\\\/km\\\/?s={search_term_string}\"},\"query-input\":{\"@type\":\"PropertyValueSpecification\",\"valueRequired\":true,\"valueName\":\"search_term_string\"}}],\"inLanguage\":\"en-US\"},{\"@type\":\"Organization\",\"@id\":\"https:\\\/\\\/xn--kntjmestari-l8aacb.fi\\\/km\\\/#organization\",\"name\":\"K\u00e4\u00e4nt\u00e4j\u00e4mestarit\",\"url\":\"https:\\\/\\\/xn--kntjmestari-l8aacb.fi\\\/km\\\/\",\"logo\":{\"@type\":\"ImageObject\",\"inLanguage\":\"en-US\",\"@id\":\"https:\\\/\\\/xn--kntjmestari-l8aacb.fi\\\/km\\\/#\\\/schema\\\/logo\\\/image\\\/\",\"url\":\"https:\\\/\\\/xn--kntjmestari-l8aacb.fi\\\/km\\\/wp-content\\\/uploads\\\/2021\\\/12\\\/logo.jpg\",\"contentUrl\":\"https:\\\/\\\/xn--kntjmestari-l8aacb.fi\\\/km\\\/wp-content\\\/uploads\\\/2021\\\/12\\\/logo.jpg\",\"width\":509,\"height\":530,\"caption\":\"K\u00e4\u00e4nt\u00e4j\u00e4mestarit\"},\"image\":{\"@id\":\"https:\\\/\\\/xn--kntjmestari-l8aacb.fi\\\/km\\\/#\\\/schema\\\/logo\\\/image\\\/\"}}]}<\/script>\n<!-- \/ Yoast SEO plugin. -->","yoast_head_json":{"title":"CHAPTER 2 - PROFESSIONALISM - The Translator's Guide to the Industry","robots":{"index":"index","follow":"follow","max-snippet":"max-snippet:-1","max-image-preview":"max-image-preview:large","max-video-preview":"max-video-preview:-1"},"canonical":"https:\/\/xn--kntjmestari-l8aacb.fi\/km\/en\/main\/chapter-2-professionalism\/","og_locale":"en_US","og_type":"article","og_title":"CHAPTER 2 - PROFESSIONALISM - The Translator's Guide to the Industry","og_description":"INTRODUCTION This chapter discusses the routines related to commissions received by language service businesses. These are often challenging topics for beginner entrepreneurs, whose questions frequently come up on translator forums in the form of, \u201cWhat should I do in this situation?\u201d Experienced language professionals have established routines that are based on trial and error, advice [&hellip;]","og_url":"https:\/\/xn--kntjmestari-l8aacb.fi\/km\/en\/main\/chapter-2-professionalism\/","og_site_name":"The Translator's Guide to the Industry","article_modified_time":"2022-02-16T15:22:29+00:00","twitter_card":"summary_large_image","twitter_misc":{"Est. reading time":"2 minutes"},"schema":{"@context":"https:\/\/schema.org","@graph":[{"@type":"WebPage","@id":"https:\/\/xn--kntjmestari-l8aacb.fi\/km\/en\/main\/chapter-2-professionalism\/","url":"https:\/\/xn--kntjmestari-l8aacb.fi\/km\/en\/main\/chapter-2-professionalism\/","name":"CHAPTER 2 - PROFESSIONALISM - The Translator's Guide to the Industry","isPartOf":{"@id":"https:\/\/xn--kntjmestari-l8aacb.fi\/km\/#website"},"datePublished":"2021-12-13T11:23:06+00:00","dateModified":"2022-02-16T15:22:29+00:00","breadcrumb":{"@id":"https:\/\/xn--kntjmestari-l8aacb.fi\/km\/en\/main\/chapter-2-professionalism\/#breadcrumb"},"inLanguage":"en-US","potentialAction":[{"@type":"ReadAction","target":["https:\/\/xn--kntjmestari-l8aacb.fi\/km\/en\/main\/chapter-2-professionalism\/"]}]},{"@type":"BreadcrumbList","@id":"https:\/\/xn--kntjmestari-l8aacb.fi\/km\/en\/main\/chapter-2-professionalism\/#breadcrumb","itemListElement":[{"@type":"ListItem","position":1,"name":"Etusivu","item":"https:\/\/xn--kntjmestari-l8aacb.fi\/km\/en\/"},{"@type":"ListItem","position":2,"name":"The Translator&#8217;s Guide to the Industry","item":"https:\/\/xn--kntjmestari-l8aacb.fi\/km\/en\/"},{"@type":"ListItem","position":3,"name":"CHAPTER 2 &#8211; PROFESSIONALISM"}]},{"@type":"WebSite","@id":"https:\/\/xn--kntjmestari-l8aacb.fi\/km\/#website","url":"https:\/\/xn--kntjmestari-l8aacb.fi\/km\/","name":"The Translator's Guide to the Industry","description":"practical guidebook for translation and interpreting\nstudents and beginners","publisher":{"@id":"https:\/\/xn--kntjmestari-l8aacb.fi\/km\/#organization"},"potentialAction":[{"@type":"SearchAction","target":{"@type":"EntryPoint","urlTemplate":"https:\/\/xn--kntjmestari-l8aacb.fi\/km\/?s={search_term_string}"},"query-input":{"@type":"PropertyValueSpecification","valueRequired":true,"valueName":"search_term_string"}}],"inLanguage":"en-US"},{"@type":"Organization","@id":"https:\/\/xn--kntjmestari-l8aacb.fi\/km\/#organization","name":"K\u00e4\u00e4nt\u00e4j\u00e4mestarit","url":"https:\/\/xn--kntjmestari-l8aacb.fi\/km\/","logo":{"@type":"ImageObject","inLanguage":"en-US","@id":"https:\/\/xn--kntjmestari-l8aacb.fi\/km\/#\/schema\/logo\/image\/","url":"https:\/\/xn--kntjmestari-l8aacb.fi\/km\/wp-content\/uploads\/2021\/12\/logo.jpg","contentUrl":"https:\/\/xn--kntjmestari-l8aacb.fi\/km\/wp-content\/uploads\/2021\/12\/logo.jpg","width":509,"height":530,"caption":"K\u00e4\u00e4nt\u00e4j\u00e4mestarit"},"image":{"@id":"https:\/\/xn--kntjmestari-l8aacb.fi\/km\/#\/schema\/logo\/image\/"}}]}},"_links":{"self":[{"href":"https:\/\/xn--kntjmestari-l8aacb.fi\/km\/en\/wp-json\/wp\/v2\/pages\/451","targetHints":{"allow":["GET"]}}],"collection":[{"href":"https:\/\/xn--kntjmestari-l8aacb.fi\/km\/en\/wp-json\/wp\/v2\/pages"}],"about":[{"href":"https:\/\/xn--kntjmestari-l8aacb.fi\/km\/en\/wp-json\/wp\/v2\/types\/page"}],"author":[{"embeddable":true,"href":"https:\/\/xn--kntjmestari-l8aacb.fi\/km\/en\/wp-json\/wp\/v2\/users\/1"}],"replies":[{"embeddable":true,"href":"https:\/\/xn--kntjmestari-l8aacb.fi\/km\/en\/wp-json\/wp\/v2\/comments?post=451"}],"version-history":[{"count":4,"href":"https:\/\/xn--kntjmestari-l8aacb.fi\/km\/en\/wp-json\/wp\/v2\/pages\/451\/revisions"}],"predecessor-version":[{"id":457,"href":"https:\/\/xn--kntjmestari-l8aacb.fi\/km\/en\/wp-json\/wp\/v2\/pages\/451\/revisions\/457"}],"up":[{"embeddable":true,"href":"https:\/\/xn--kntjmestari-l8aacb.fi\/km\/en\/wp-json\/wp\/v2\/pages\/386"}],"wp:attachment":[{"href":"https:\/\/xn--kntjmestari-l8aacb.fi\/km\/en\/wp-json\/wp\/v2\/media?parent=451"}],"curies":[{"name":"wp","href":"https:\/\/api.w.org\/{rel}","templated":true}]}}