{"id":491,"date":"2021-12-22T10:00:44","date_gmt":"2021-12-22T10:00:44","guid":{"rendered":"https:\/\/xn--kntjmestari-l8aacb.fi\/km\/main\/chapter-4-marketing-and-client-acquisition\/client-acquisition\/"},"modified":"2022-02-16T15:38:05","modified_gmt":"2022-02-16T15:38:05","slug":"client-acquisition","status":"publish","type":"page","link":"https:\/\/xn--kntjmestari-l8aacb.fi\/km\/en\/main\/chapter-4-marketing-and-client-acquisition\/client-acquisition\/","title":{"rendered":"CLIENT ACQUISITION"},"content":{"rendered":"<p>[et_pb_section fb_built=&#8221;1&#8243; _builder_version=&#8221;3.22&#8243; global_colors_info=&#8221;{}&#8221; theme_builder_area=&#8221;post_content&#8221;][et_pb_row _builder_version=&#8221;4.14.2&#8243; _module_preset=&#8221;default&#8221; global_colors_info=&#8221;{}&#8221; theme_builder_area=&#8221;post_content&#8221;][et_pb_column type=&#8221;4_4&#8243; _builder_version=&#8221;4.14.2&#8243; _module_preset=&#8221;default&#8221; global_colors_info=&#8221;{}&#8221; theme_builder_area=&#8221;post_content&#8221;][et_pb_post_title meta=&#8221;off&#8221; featured_image=&#8221;off&#8221; _builder_version=&#8221;4.14.2&#8243; _module_preset=&#8221;default&#8221; global_colors_info=&#8221;{}&#8221; theme_builder_area=&#8221;post_content&#8221;][\/et_pb_post_title][\/et_pb_column][\/et_pb_row][et_pb_row column_structure=&#8221;1_2,1_2&#8243; _builder_version=&#8221;3.25&#8243; background_size=&#8221;initial&#8221; background_position=&#8221;top_left&#8221; background_repeat=&#8221;repeat&#8221; global_colors_info=&#8221;{}&#8221; theme_builder_area=&#8221;post_content&#8221;][et_pb_column type=&#8221;1_2&#8243; _builder_version=&#8221;3.25&#8243; custom_padding=&#8221;|||&#8221; global_colors_info=&#8221;{}&#8221; custom_padding__hover=&#8221;|||&#8221; theme_builder_area=&#8221;post_content&#8221;][et_pb_text _builder_version=&#8221;4.14.2&#8243; background_size=&#8221;initial&#8221; background_position=&#8221;top_left&#8221; background_repeat=&#8221;repeat&#8221; custom_margin=&#8221;|-426px||||&#8221; custom_padding=&#8221;||0px|||&#8221; global_colors_info=&#8221;{}&#8221; theme_builder_area=&#8221;post_content&#8221;]When you know your product, your price and your target market, you can start canvassing for clients. If you are interested in direct clients rather than translation agencies, your marketing plan and budget need to reflect that. Networking is an invaluable asset; start with the people you know. Tell your friends that you\u2019re a professional translator and that you\u2019re accepting commissions.<\/p>\n<p>&nbsp;<\/p>\n<p><i>Translation agencies<\/i><i><\/i><\/p>\n<p>If you would like to subcontract for translation agencies, be proactive and contact them. Most agencies have hiring information on their websites, and many have web portals or online forms you can fill out. However, simply supplying an agency with your information may not get you very far. That\u2019s why you should get in touch with someone at the agency personally. Generally, translation agencies have a vendor manager in charge of recruitment.<\/p>\n<p>Vendor managers are busy people who don\u2019t have time to read a whole manifesto about how great you are. With that in mind, keep your message short and to the point: send a brief introduction with your Curriculum Vitae attached. Your CV should contain all the relevant information about your qualifications and services, as well as your rates for said services. This way, the vendor manager will know your price range straight away.<\/p>\n<p>Additionally, if you know people working for translation agencies, make sure to tell them you\u2019re available. Project coordinators may not be able to hire new translators without the vendor manager\u2019s permission, but a familiar face may be able to speed up the process.<\/p>\n<p>Translation agencies often wish to test new translators, so be prepared to translate a short (200 to 300 words at the most) test text. In addition, end clients may sometimes require test translations. In such cases, agencies tend to pay for them. You should be wary if a translation agency wants you to produce a very long test translation for free and on a specific schedule. While test translations are standard procedure, the industry is home to all sorts of people, some of whom may try to take advantage of you for free labor.<\/p>\n<p>Once your test translation has been approved, the next step is price negotiations. Even though the agency has your CV, with your rates, the vendor manager will often still negotiate. As such, you should decide in advance the lowest possible price you\u2019re willing to accept, and remember: you are not obligated to reduce the price of your services. Once you\u2019ve reached an agreement and the agency is prepared to offer you work, you will most likely translate only short texts at first \u2013 taking on a new translator is always a risk, after all. Furthermore, keep in mind that the agency is not obligated to offer you commissions, so you should remind the agency of the availability of your services from time to time \u2013 without becoming a nuisance, of course.<\/p>\n<p>&nbsp;<\/p>\n<p><i>Direct clients<\/i><i><\/i><\/p>\n<p>Marketing to direct clients is largely the same as with translation agencies. However, acquiring direct clients may take more time and effort, and, in some cases, money (buying ads on Google or LinkedIn, for example). In the end, it\u2019s all about reaching the right audience and customizing your pitch to appeal to them.<\/p>\n<p>&nbsp;<\/p>\n<p><i>Raising prices<\/i><i><\/i><\/p>\n<p>There may come a time when you realize you\u2019ve been underpricing your services. If you have a steady client base, but you notice you\u2019re not making enough to make ends meet, it may be time to switch clients. On the other hand, you still need the work, so you can\u2019t just get rid of all your old clients in one fell swoop. Instead, you should calculate a better price for your services and then market them to new clients with that price while continuing to work for your old clients. Bit by bit, you\u2019ll be able to replace your old clients with newer, better-paying ones.<\/p>\n<p>You should also consider raising the fees you charge your old clients. As an example, charging just a half-cent more per word can increase your revenue by as much as 250 euros a month. The average daily work output of a translator is, based on some estimates, roughly 2,500 words. 2,500 x \u20ac0.005 = \u20ac12.50 a day. There are 20 work days in a month, so \u20ac12.50 x 20 = \u20ac250.[\/et_pb_text][\/et_pb_column][et_pb_column type=&#8221;1_2&#8243; _builder_version=&#8221;3.25&#8243; custom_padding=&#8221;|||&#8221; global_colors_info=&#8221;{}&#8221; custom_padding__hover=&#8221;|||&#8221; theme_builder_area=&#8221;post_content&#8221;][\/et_pb_column][\/et_pb_row][\/et_pb_section]<\/p>\n","protected":false},"excerpt":{"rendered":"<p>When you know your product, your price and your target market, you can start canvassing for clients. If you are interested in direct clients rather than translation agencies, your marketing plan and budget need to reflect that. Networking is an invaluable asset; start with the people you know. Tell your friends that you\u2019re a professional [&hellip;]<\/p>\n","protected":false},"author":2,"featured_media":0,"parent":486,"menu_order":0,"comment_status":"closed","ping_status":"closed","template":"","meta":{"_et_pb_use_builder":"on","_et_pb_old_content":"","_et_gb_content_width":"","footnotes":""},"class_list":["post-491","page","type-page","status-publish","hentry"],"yoast_head":"<!-- This site is optimized with the Yoast SEO plugin v27.4 - https:\/\/yoast.com\/product\/yoast-seo-wordpress\/ -->\n<title>CLIENT ACQUISITION - The Translator&#039;s Guide to the Industry<\/title>\n<meta name=\"robots\" content=\"index, follow, max-snippet:-1, max-image-preview:large, max-video-preview:-1\" \/>\n<link rel=\"canonical\" href=\"https:\/\/xn--kntjmestari-l8aacb.fi\/km\/en\/main\/chapter-4-marketing-and-client-acquisition\/client-acquisition\/\" \/>\n<meta property=\"og:locale\" content=\"en_US\" \/>\n<meta property=\"og:type\" content=\"article\" \/>\n<meta property=\"og:title\" content=\"CLIENT ACQUISITION - The Translator&#039;s Guide to the Industry\" \/>\n<meta property=\"og:description\" content=\"When you know your product, your price and your target market, you can start canvassing for clients. If you are interested in direct clients rather than translation agencies, your marketing plan and budget need to reflect that. Networking is an invaluable asset; start with the people you know. Tell your friends that you\u2019re a professional [&hellip;]\" \/>\n<meta property=\"og:url\" content=\"https:\/\/xn--kntjmestari-l8aacb.fi\/km\/en\/main\/chapter-4-marketing-and-client-acquisition\/client-acquisition\/\" \/>\n<meta property=\"og:site_name\" content=\"The Translator&#039;s Guide to the Industry\" \/>\n<meta property=\"article:modified_time\" content=\"2022-02-16T15:38:05+00:00\" \/>\n<meta name=\"twitter:card\" content=\"summary_large_image\" \/>\n<meta name=\"twitter:label1\" content=\"Est. reading time\" \/>\n\t<meta name=\"twitter:data1\" content=\"4 minutes\" \/>\n<script type=\"application\/ld+json\" class=\"yoast-schema-graph\">{\"@context\":\"https:\\\/\\\/schema.org\",\"@graph\":[{\"@type\":\"WebPage\",\"@id\":\"https:\\\/\\\/xn--kntjmestari-l8aacb.fi\\\/km\\\/en\\\/main\\\/chapter-4-marketing-and-client-acquisition\\\/client-acquisition\\\/\",\"url\":\"https:\\\/\\\/xn--kntjmestari-l8aacb.fi\\\/km\\\/en\\\/main\\\/chapter-4-marketing-and-client-acquisition\\\/client-acquisition\\\/\",\"name\":\"CLIENT ACQUISITION - The Translator's Guide to the Industry\",\"isPartOf\":{\"@id\":\"https:\\\/\\\/xn--kntjmestari-l8aacb.fi\\\/km\\\/#website\"},\"datePublished\":\"2021-12-22T10:00:44+00:00\",\"dateModified\":\"2022-02-16T15:38:05+00:00\",\"breadcrumb\":{\"@id\":\"https:\\\/\\\/xn--kntjmestari-l8aacb.fi\\\/km\\\/en\\\/main\\\/chapter-4-marketing-and-client-acquisition\\\/client-acquisition\\\/#breadcrumb\"},\"inLanguage\":\"en-US\",\"potentialAction\":[{\"@type\":\"ReadAction\",\"target\":[\"https:\\\/\\\/xn--kntjmestari-l8aacb.fi\\\/km\\\/en\\\/main\\\/chapter-4-marketing-and-client-acquisition\\\/client-acquisition\\\/\"]}]},{\"@type\":\"BreadcrumbList\",\"@id\":\"https:\\\/\\\/xn--kntjmestari-l8aacb.fi\\\/km\\\/en\\\/main\\\/chapter-4-marketing-and-client-acquisition\\\/client-acquisition\\\/#breadcrumb\",\"itemListElement\":[{\"@type\":\"ListItem\",\"position\":1,\"name\":\"Etusivu\",\"item\":\"https:\\\/\\\/xn--kntjmestari-l8aacb.fi\\\/km\\\/en\\\/\"},{\"@type\":\"ListItem\",\"position\":2,\"name\":\"The Translator&#8217;s Guide to the Industry\",\"item\":\"https:\\\/\\\/xn--kntjmestari-l8aacb.fi\\\/km\\\/en\\\/\"},{\"@type\":\"ListItem\",\"position\":3,\"name\":\"CHAPTER 4 &#8211; MARKETING AND CLIENT ACQUISITION\",\"item\":\"https:\\\/\\\/xn--kntjmestari-l8aacb.fi\\\/km\\\/en\\\/main\\\/chapter-4-marketing-and-client-acquisition\\\/\"},{\"@type\":\"ListItem\",\"position\":4,\"name\":\"CLIENT ACQUISITION\"}]},{\"@type\":\"WebSite\",\"@id\":\"https:\\\/\\\/xn--kntjmestari-l8aacb.fi\\\/km\\\/#website\",\"url\":\"https:\\\/\\\/xn--kntjmestari-l8aacb.fi\\\/km\\\/\",\"name\":\"The Translator's Guide to the Industry\",\"description\":\"practical guidebook for translation and interpreting\\nstudents and beginners\",\"publisher\":{\"@id\":\"https:\\\/\\\/xn--kntjmestari-l8aacb.fi\\\/km\\\/#organization\"},\"potentialAction\":[{\"@type\":\"SearchAction\",\"target\":{\"@type\":\"EntryPoint\",\"urlTemplate\":\"https:\\\/\\\/xn--kntjmestari-l8aacb.fi\\\/km\\\/?s={search_term_string}\"},\"query-input\":{\"@type\":\"PropertyValueSpecification\",\"valueRequired\":true,\"valueName\":\"search_term_string\"}}],\"inLanguage\":\"en-US\"},{\"@type\":\"Organization\",\"@id\":\"https:\\\/\\\/xn--kntjmestari-l8aacb.fi\\\/km\\\/#organization\",\"name\":\"K\u00e4\u00e4nt\u00e4j\u00e4mestarit\",\"url\":\"https:\\\/\\\/xn--kntjmestari-l8aacb.fi\\\/km\\\/\",\"logo\":{\"@type\":\"ImageObject\",\"inLanguage\":\"en-US\",\"@id\":\"https:\\\/\\\/xn--kntjmestari-l8aacb.fi\\\/km\\\/#\\\/schema\\\/logo\\\/image\\\/\",\"url\":\"https:\\\/\\\/xn--kntjmestari-l8aacb.fi\\\/km\\\/wp-content\\\/uploads\\\/2021\\\/12\\\/logo.jpg\",\"contentUrl\":\"https:\\\/\\\/xn--kntjmestari-l8aacb.fi\\\/km\\\/wp-content\\\/uploads\\\/2021\\\/12\\\/logo.jpg\",\"width\":509,\"height\":530,\"caption\":\"K\u00e4\u00e4nt\u00e4j\u00e4mestarit\"},\"image\":{\"@id\":\"https:\\\/\\\/xn--kntjmestari-l8aacb.fi\\\/km\\\/#\\\/schema\\\/logo\\\/image\\\/\"}}]}<\/script>\n<!-- \/ Yoast SEO plugin. -->","yoast_head_json":{"title":"CLIENT ACQUISITION - The Translator's Guide to the Industry","robots":{"index":"index","follow":"follow","max-snippet":"max-snippet:-1","max-image-preview":"max-image-preview:large","max-video-preview":"max-video-preview:-1"},"canonical":"https:\/\/xn--kntjmestari-l8aacb.fi\/km\/en\/main\/chapter-4-marketing-and-client-acquisition\/client-acquisition\/","og_locale":"en_US","og_type":"article","og_title":"CLIENT ACQUISITION - The Translator's Guide to the Industry","og_description":"When you know your product, your price and your target market, you can start canvassing for clients. If you are interested in direct clients rather than translation agencies, your marketing plan and budget need to reflect that. Networking is an invaluable asset; start with the people you know. Tell your friends that you\u2019re a professional [&hellip;]","og_url":"https:\/\/xn--kntjmestari-l8aacb.fi\/km\/en\/main\/chapter-4-marketing-and-client-acquisition\/client-acquisition\/","og_site_name":"The Translator's Guide to the Industry","article_modified_time":"2022-02-16T15:38:05+00:00","twitter_card":"summary_large_image","twitter_misc":{"Est. reading time":"4 minutes"},"schema":{"@context":"https:\/\/schema.org","@graph":[{"@type":"WebPage","@id":"https:\/\/xn--kntjmestari-l8aacb.fi\/km\/en\/main\/chapter-4-marketing-and-client-acquisition\/client-acquisition\/","url":"https:\/\/xn--kntjmestari-l8aacb.fi\/km\/en\/main\/chapter-4-marketing-and-client-acquisition\/client-acquisition\/","name":"CLIENT ACQUISITION - The Translator's Guide to the Industry","isPartOf":{"@id":"https:\/\/xn--kntjmestari-l8aacb.fi\/km\/#website"},"datePublished":"2021-12-22T10:00:44+00:00","dateModified":"2022-02-16T15:38:05+00:00","breadcrumb":{"@id":"https:\/\/xn--kntjmestari-l8aacb.fi\/km\/en\/main\/chapter-4-marketing-and-client-acquisition\/client-acquisition\/#breadcrumb"},"inLanguage":"en-US","potentialAction":[{"@type":"ReadAction","target":["https:\/\/xn--kntjmestari-l8aacb.fi\/km\/en\/main\/chapter-4-marketing-and-client-acquisition\/client-acquisition\/"]}]},{"@type":"BreadcrumbList","@id":"https:\/\/xn--kntjmestari-l8aacb.fi\/km\/en\/main\/chapter-4-marketing-and-client-acquisition\/client-acquisition\/#breadcrumb","itemListElement":[{"@type":"ListItem","position":1,"name":"Etusivu","item":"https:\/\/xn--kntjmestari-l8aacb.fi\/km\/en\/"},{"@type":"ListItem","position":2,"name":"The Translator&#8217;s Guide to the Industry","item":"https:\/\/xn--kntjmestari-l8aacb.fi\/km\/en\/"},{"@type":"ListItem","position":3,"name":"CHAPTER 4 &#8211; MARKETING AND CLIENT ACQUISITION","item":"https:\/\/xn--kntjmestari-l8aacb.fi\/km\/en\/main\/chapter-4-marketing-and-client-acquisition\/"},{"@type":"ListItem","position":4,"name":"CLIENT ACQUISITION"}]},{"@type":"WebSite","@id":"https:\/\/xn--kntjmestari-l8aacb.fi\/km\/#website","url":"https:\/\/xn--kntjmestari-l8aacb.fi\/km\/","name":"The Translator's Guide to the Industry","description":"practical guidebook for translation and interpreting\nstudents and beginners","publisher":{"@id":"https:\/\/xn--kntjmestari-l8aacb.fi\/km\/#organization"},"potentialAction":[{"@type":"SearchAction","target":{"@type":"EntryPoint","urlTemplate":"https:\/\/xn--kntjmestari-l8aacb.fi\/km\/?s={search_term_string}"},"query-input":{"@type":"PropertyValueSpecification","valueRequired":true,"valueName":"search_term_string"}}],"inLanguage":"en-US"},{"@type":"Organization","@id":"https:\/\/xn--kntjmestari-l8aacb.fi\/km\/#organization","name":"K\u00e4\u00e4nt\u00e4j\u00e4mestarit","url":"https:\/\/xn--kntjmestari-l8aacb.fi\/km\/","logo":{"@type":"ImageObject","inLanguage":"en-US","@id":"https:\/\/xn--kntjmestari-l8aacb.fi\/km\/#\/schema\/logo\/image\/","url":"https:\/\/xn--kntjmestari-l8aacb.fi\/km\/wp-content\/uploads\/2021\/12\/logo.jpg","contentUrl":"https:\/\/xn--kntjmestari-l8aacb.fi\/km\/wp-content\/uploads\/2021\/12\/logo.jpg","width":509,"height":530,"caption":"K\u00e4\u00e4nt\u00e4j\u00e4mestarit"},"image":{"@id":"https:\/\/xn--kntjmestari-l8aacb.fi\/km\/#\/schema\/logo\/image\/"}}]}},"_links":{"self":[{"href":"https:\/\/xn--kntjmestari-l8aacb.fi\/km\/en\/wp-json\/wp\/v2\/pages\/491","targetHints":{"allow":["GET"]}}],"collection":[{"href":"https:\/\/xn--kntjmestari-l8aacb.fi\/km\/en\/wp-json\/wp\/v2\/pages"}],"about":[{"href":"https:\/\/xn--kntjmestari-l8aacb.fi\/km\/en\/wp-json\/wp\/v2\/types\/page"}],"author":[{"embeddable":true,"href":"https:\/\/xn--kntjmestari-l8aacb.fi\/km\/en\/wp-json\/wp\/v2\/users\/2"}],"replies":[{"embeddable":true,"href":"https:\/\/xn--kntjmestari-l8aacb.fi\/km\/en\/wp-json\/wp\/v2\/comments?post=491"}],"version-history":[{"count":2,"href":"https:\/\/xn--kntjmestari-l8aacb.fi\/km\/en\/wp-json\/wp\/v2\/pages\/491\/revisions"}],"predecessor-version":[{"id":493,"href":"https:\/\/xn--kntjmestari-l8aacb.fi\/km\/en\/wp-json\/wp\/v2\/pages\/491\/revisions\/493"}],"up":[{"embeddable":true,"href":"https:\/\/xn--kntjmestari-l8aacb.fi\/km\/en\/wp-json\/wp\/v2\/pages\/486"}],"wp:attachment":[{"href":"https:\/\/xn--kntjmestari-l8aacb.fi\/km\/en\/wp-json\/wp\/v2\/media?parent=491"}],"curies":[{"name":"wp","href":"https:\/\/api.w.org\/{rel}","templated":true}]}}