{"id":497,"date":"2021-12-22T09:57:27","date_gmt":"2021-12-22T09:57:27","guid":{"rendered":"https:\/\/xn--kntjmestari-l8aacb.fi\/km\/main\/chapter-4-marketing-and-client-acquisition\/know-the-basics\/"},"modified":"2022-02-16T15:39:45","modified_gmt":"2022-02-16T15:39:45","slug":"know-the-basics","status":"publish","type":"page","link":"https:\/\/xn--kntjmestari-l8aacb.fi\/km\/en\/main\/chapter-4-marketing-and-client-acquisition\/know-the-basics\/","title":{"rendered":"KNOW THE BASICS"},"content":{"rendered":"<p>[et_pb_section fb_built=&#8221;1&#8243; _builder_version=&#8221;3.22&#8243; global_colors_info=&#8221;{}&#8221; theme_builder_area=&#8221;post_content&#8221;][et_pb_row _builder_version=&#8221;4.14.2&#8243; _module_preset=&#8221;default&#8221; global_colors_info=&#8221;{}&#8221; theme_builder_area=&#8221;post_content&#8221;][et_pb_column type=&#8221;4_4&#8243; _builder_version=&#8221;4.14.2&#8243; _module_preset=&#8221;default&#8221; global_colors_info=&#8221;{}&#8221; theme_builder_area=&#8221;post_content&#8221;][et_pb_post_title meta=&#8221;off&#8221; featured_image=&#8221;off&#8221; _builder_version=&#8221;4.14.2&#8243; _module_preset=&#8221;default&#8221; global_colors_info=&#8221;{}&#8221; theme_builder_area=&#8221;post_content&#8221;][\/et_pb_post_title][\/et_pb_column][\/et_pb_row][et_pb_row column_structure=&#8221;1_2,1_2&#8243; _builder_version=&#8221;3.25&#8243; background_size=&#8221;initial&#8221; background_position=&#8221;top_left&#8221; background_repeat=&#8221;repeat&#8221; global_colors_info=&#8221;{}&#8221; theme_builder_area=&#8221;post_content&#8221;][et_pb_column type=&#8221;1_2&#8243; _builder_version=&#8221;3.25&#8243; custom_padding=&#8221;|||&#8221; global_colors_info=&#8221;{}&#8221; custom_padding__hover=&#8221;|||&#8221; theme_builder_area=&#8221;post_content&#8221;][et_pb_text _builder_version=&#8221;4.14.2&#8243; background_size=&#8221;initial&#8221; background_position=&#8221;top_left&#8221; background_repeat=&#8221;repeat&#8221; custom_margin=&#8221;|-426px||||&#8221; custom_padding=&#8221;||0px|||&#8221; global_colors_info=&#8221;{}&#8221; theme_builder_area=&#8221;post_content&#8221;]To bring home the bacon, translators and interpreters need clients to get work. You can get clients by marketing your services. How many clients you\u2019ll need depends on the size of their orders and the type of clients you have. For one translator, half a dozen clients may be enough, where another has hundreds.<\/p>\n<p>Before you start marketing your services, think about the following three things:<\/p>\n<p>1. What you\u2019re selling, i.e. your products and services.<\/p>\n<p>2. Who you\u2019re selling to, i.e. your target audience.<\/p>\n<p>3. What your rate is, i.e. your pricing method.<\/p>\n<p><i>Products and Services<\/i><i><\/i><\/p>\n<p>In the language service business, your products are the services you offer. There\u2019s a lot of variation in the service packages in the field: while one translator may offer their services in just one language pair, another may offer both translation and interpreting services in several language pairs plus different types of review and layout services. Some translation agencies buy project management services from entrepreneurs as well.<\/p>\n<p>Examples of language services:<\/p>\n<p>\u00b7 \u00a0 \u00a0 \u00a0 translation<\/p>\n<p>\u00b7 \u00a0 \u00a0 \u00a0 certified translation<\/p>\n<p>\u00b7 \u00a0 \u00a0 \u00a0 interpreting<\/p>\n<p>\u00b7 \u00a0 \u00a0 \u00a0 localization<\/p>\n<p>\u00b7 \u00a0 \u00a0 \u00a0 translation revision<\/p>\n<p>\u00b7 \u00a0 \u00a0 \u00a0 language revision<\/p>\n<p>\u00b7 \u00a0 \u00a0 \u00a0 proofreading<\/p>\n<p>\u00b7 \u00a0 \u00a0 \u00a0 layout<\/p>\n<p>\u00b7 \u00a0 \u00a0 \u00a0 project management<\/p>\n<p><i>Possible Clients<\/i><i><\/i><\/p>\n<p>There are many potential target groups for language service entrepreneurs. One option is to choose to offer your services primarily to translation agencies, since it\u2019s simpler and more straightforward to aim your marketing towards them than direct clients. In addition to translation agencies and direct clients, the target audience may consist of private individuals (usually certified translations). Translation agencies have a lot of work, but the competition for their commissions is tough.<\/p>\n<p>Another option is direct clients, who can belong to either public or private sectors. The clients may be companies in different areas of business, big or small, and they can reside either in your home country or abroad.<\/p>\n<p>You should never underestimate the power of networks either. Although the client is a company, the person placing the order is a human. People buy from people. For this reason, it\u2019s well worth the effort to create extensive beneficial networks.<\/p>\n<p>&nbsp;<\/p>\n<p><i>Rates<\/i><i><\/i><\/p>\n<p>Create a price list for yourself where you include the rates for each of your services. Here\u2019s an example:<\/p>\n<p>\u00b7 \u00a0 \u00a0 \u00a0 translation, language pair: x \u20ac\/line, word or page<\/p>\n<p>\u00b7 \u00a0 \u00a0 \u00a0 interpreting, language pair: x \u20ac\/hour or day<\/p>\n<p>\u00b7 \u00a0 \u00a0 \u00a0 hourly rate x \u20ac<\/p>\n<p>\u00b7 \u00a0 \u00a0 \u00a0 minimum charge x \u20ac<\/p>\n<p>In addition, create separate lists for different client groups, for example one list for direct clients and another one for translation agencies. You can also have client-specific price lists if you have agreed on certain prices with some of your clients. You should write these down carefully so that you remember to calculate the right price for each of your clients. However, it\u2019s easier for you if you don\u2019t have too many lists.[\/et_pb_text][\/et_pb_column][et_pb_column type=&#8221;1_2&#8243; _builder_version=&#8221;3.25&#8243; custom_padding=&#8221;|||&#8221; global_colors_info=&#8221;{}&#8221; custom_padding__hover=&#8221;|||&#8221; theme_builder_area=&#8221;post_content&#8221;][\/et_pb_column][\/et_pb_row][\/et_pb_section]<\/p>\n","protected":false},"excerpt":{"rendered":"<p>To bring home the bacon, translators and interpreters need clients to get work. You can get clients by marketing your services. How many clients you\u2019ll need depends on the size of their orders and the type of clients you have. For one translator, half a dozen clients may be enough, where another has hundreds. Before [&hellip;]<\/p>\n","protected":false},"author":2,"featured_media":0,"parent":486,"menu_order":0,"comment_status":"closed","ping_status":"closed","template":"","meta":{"_et_pb_use_builder":"on","_et_pb_old_content":"","_et_gb_content_width":"","footnotes":""},"class_list":["post-497","page","type-page","status-publish","hentry"],"yoast_head":"<!-- This site is optimized with the Yoast SEO plugin v27.4 - https:\/\/yoast.com\/product\/yoast-seo-wordpress\/ -->\n<title>KNOW THE BASICS - The Translator&#039;s Guide to the Industry<\/title>\n<meta name=\"robots\" content=\"index, follow, max-snippet:-1, max-image-preview:large, max-video-preview:-1\" \/>\n<link rel=\"canonical\" href=\"https:\/\/xn--kntjmestari-l8aacb.fi\/km\/en\/main\/chapter-4-marketing-and-client-acquisition\/know-the-basics\/\" \/>\n<meta property=\"og:locale\" content=\"en_US\" \/>\n<meta property=\"og:type\" content=\"article\" \/>\n<meta property=\"og:title\" content=\"KNOW THE BASICS - The Translator&#039;s Guide to the Industry\" \/>\n<meta property=\"og:description\" content=\"To bring home the bacon, translators and interpreters need clients to get work. You can get clients by marketing your services. How many clients you\u2019ll need depends on the size of their orders and the type of clients you have. For one translator, half a dozen clients may be enough, where another has hundreds. Before [&hellip;]\" \/>\n<meta property=\"og:url\" content=\"https:\/\/xn--kntjmestari-l8aacb.fi\/km\/en\/main\/chapter-4-marketing-and-client-acquisition\/know-the-basics\/\" \/>\n<meta property=\"og:site_name\" content=\"The Translator&#039;s Guide to the Industry\" \/>\n<meta property=\"article:modified_time\" content=\"2022-02-16T15:39:45+00:00\" \/>\n<meta name=\"twitter:card\" content=\"summary_large_image\" \/>\n<meta name=\"twitter:label1\" content=\"Est. reading time\" \/>\n\t<meta name=\"twitter:data1\" content=\"3 minutes\" \/>\n<script type=\"application\/ld+json\" class=\"yoast-schema-graph\">{\"@context\":\"https:\\\/\\\/schema.org\",\"@graph\":[{\"@type\":\"WebPage\",\"@id\":\"https:\\\/\\\/xn--kntjmestari-l8aacb.fi\\\/km\\\/en\\\/main\\\/chapter-4-marketing-and-client-acquisition\\\/know-the-basics\\\/\",\"url\":\"https:\\\/\\\/xn--kntjmestari-l8aacb.fi\\\/km\\\/en\\\/main\\\/chapter-4-marketing-and-client-acquisition\\\/know-the-basics\\\/\",\"name\":\"KNOW THE BASICS - The Translator's Guide to the Industry\",\"isPartOf\":{\"@id\":\"https:\\\/\\\/xn--kntjmestari-l8aacb.fi\\\/km\\\/#website\"},\"datePublished\":\"2021-12-22T09:57:27+00:00\",\"dateModified\":\"2022-02-16T15:39:45+00:00\",\"breadcrumb\":{\"@id\":\"https:\\\/\\\/xn--kntjmestari-l8aacb.fi\\\/km\\\/en\\\/main\\\/chapter-4-marketing-and-client-acquisition\\\/know-the-basics\\\/#breadcrumb\"},\"inLanguage\":\"en-US\",\"potentialAction\":[{\"@type\":\"ReadAction\",\"target\":[\"https:\\\/\\\/xn--kntjmestari-l8aacb.fi\\\/km\\\/en\\\/main\\\/chapter-4-marketing-and-client-acquisition\\\/know-the-basics\\\/\"]}]},{\"@type\":\"BreadcrumbList\",\"@id\":\"https:\\\/\\\/xn--kntjmestari-l8aacb.fi\\\/km\\\/en\\\/main\\\/chapter-4-marketing-and-client-acquisition\\\/know-the-basics\\\/#breadcrumb\",\"itemListElement\":[{\"@type\":\"ListItem\",\"position\":1,\"name\":\"Etusivu\",\"item\":\"https:\\\/\\\/xn--kntjmestari-l8aacb.fi\\\/km\\\/en\\\/\"},{\"@type\":\"ListItem\",\"position\":2,\"name\":\"The Translator&#8217;s Guide to the Industry\",\"item\":\"https:\\\/\\\/xn--kntjmestari-l8aacb.fi\\\/km\\\/en\\\/\"},{\"@type\":\"ListItem\",\"position\":3,\"name\":\"CHAPTER 4 &#8211; MARKETING AND CLIENT ACQUISITION\",\"item\":\"https:\\\/\\\/xn--kntjmestari-l8aacb.fi\\\/km\\\/en\\\/main\\\/chapter-4-marketing-and-client-acquisition\\\/\"},{\"@type\":\"ListItem\",\"position\":4,\"name\":\"KNOW THE BASICS\"}]},{\"@type\":\"WebSite\",\"@id\":\"https:\\\/\\\/xn--kntjmestari-l8aacb.fi\\\/km\\\/#website\",\"url\":\"https:\\\/\\\/xn--kntjmestari-l8aacb.fi\\\/km\\\/\",\"name\":\"The Translator's Guide to the Industry\",\"description\":\"practical guidebook for translation and interpreting\\nstudents and beginners\",\"publisher\":{\"@id\":\"https:\\\/\\\/xn--kntjmestari-l8aacb.fi\\\/km\\\/#organization\"},\"potentialAction\":[{\"@type\":\"SearchAction\",\"target\":{\"@type\":\"EntryPoint\",\"urlTemplate\":\"https:\\\/\\\/xn--kntjmestari-l8aacb.fi\\\/km\\\/?s={search_term_string}\"},\"query-input\":{\"@type\":\"PropertyValueSpecification\",\"valueRequired\":true,\"valueName\":\"search_term_string\"}}],\"inLanguage\":\"en-US\"},{\"@type\":\"Organization\",\"@id\":\"https:\\\/\\\/xn--kntjmestari-l8aacb.fi\\\/km\\\/#organization\",\"name\":\"K\u00e4\u00e4nt\u00e4j\u00e4mestarit\",\"url\":\"https:\\\/\\\/xn--kntjmestari-l8aacb.fi\\\/km\\\/\",\"logo\":{\"@type\":\"ImageObject\",\"inLanguage\":\"en-US\",\"@id\":\"https:\\\/\\\/xn--kntjmestari-l8aacb.fi\\\/km\\\/#\\\/schema\\\/logo\\\/image\\\/\",\"url\":\"https:\\\/\\\/xn--kntjmestari-l8aacb.fi\\\/km\\\/wp-content\\\/uploads\\\/2021\\\/12\\\/logo.jpg\",\"contentUrl\":\"https:\\\/\\\/xn--kntjmestari-l8aacb.fi\\\/km\\\/wp-content\\\/uploads\\\/2021\\\/12\\\/logo.jpg\",\"width\":509,\"height\":530,\"caption\":\"K\u00e4\u00e4nt\u00e4j\u00e4mestarit\"},\"image\":{\"@id\":\"https:\\\/\\\/xn--kntjmestari-l8aacb.fi\\\/km\\\/#\\\/schema\\\/logo\\\/image\\\/\"}}]}<\/script>\n<!-- \/ Yoast SEO plugin. -->","yoast_head_json":{"title":"KNOW THE BASICS - The Translator's Guide to the Industry","robots":{"index":"index","follow":"follow","max-snippet":"max-snippet:-1","max-image-preview":"max-image-preview:large","max-video-preview":"max-video-preview:-1"},"canonical":"https:\/\/xn--kntjmestari-l8aacb.fi\/km\/en\/main\/chapter-4-marketing-and-client-acquisition\/know-the-basics\/","og_locale":"en_US","og_type":"article","og_title":"KNOW THE BASICS - The Translator's Guide to the Industry","og_description":"To bring home the bacon, translators and interpreters need clients to get work. You can get clients by marketing your services. How many clients you\u2019ll need depends on the size of their orders and the type of clients you have. For one translator, half a dozen clients may be enough, where another has hundreds. Before [&hellip;]","og_url":"https:\/\/xn--kntjmestari-l8aacb.fi\/km\/en\/main\/chapter-4-marketing-and-client-acquisition\/know-the-basics\/","og_site_name":"The Translator's Guide to the Industry","article_modified_time":"2022-02-16T15:39:45+00:00","twitter_card":"summary_large_image","twitter_misc":{"Est. reading time":"3 minutes"},"schema":{"@context":"https:\/\/schema.org","@graph":[{"@type":"WebPage","@id":"https:\/\/xn--kntjmestari-l8aacb.fi\/km\/en\/main\/chapter-4-marketing-and-client-acquisition\/know-the-basics\/","url":"https:\/\/xn--kntjmestari-l8aacb.fi\/km\/en\/main\/chapter-4-marketing-and-client-acquisition\/know-the-basics\/","name":"KNOW THE BASICS - The Translator's Guide to the Industry","isPartOf":{"@id":"https:\/\/xn--kntjmestari-l8aacb.fi\/km\/#website"},"datePublished":"2021-12-22T09:57:27+00:00","dateModified":"2022-02-16T15:39:45+00:00","breadcrumb":{"@id":"https:\/\/xn--kntjmestari-l8aacb.fi\/km\/en\/main\/chapter-4-marketing-and-client-acquisition\/know-the-basics\/#breadcrumb"},"inLanguage":"en-US","potentialAction":[{"@type":"ReadAction","target":["https:\/\/xn--kntjmestari-l8aacb.fi\/km\/en\/main\/chapter-4-marketing-and-client-acquisition\/know-the-basics\/"]}]},{"@type":"BreadcrumbList","@id":"https:\/\/xn--kntjmestari-l8aacb.fi\/km\/en\/main\/chapter-4-marketing-and-client-acquisition\/know-the-basics\/#breadcrumb","itemListElement":[{"@type":"ListItem","position":1,"name":"Etusivu","item":"https:\/\/xn--kntjmestari-l8aacb.fi\/km\/en\/"},{"@type":"ListItem","position":2,"name":"The Translator&#8217;s Guide to the Industry","item":"https:\/\/xn--kntjmestari-l8aacb.fi\/km\/en\/"},{"@type":"ListItem","position":3,"name":"CHAPTER 4 &#8211; MARKETING AND CLIENT ACQUISITION","item":"https:\/\/xn--kntjmestari-l8aacb.fi\/km\/en\/main\/chapter-4-marketing-and-client-acquisition\/"},{"@type":"ListItem","position":4,"name":"KNOW THE BASICS"}]},{"@type":"WebSite","@id":"https:\/\/xn--kntjmestari-l8aacb.fi\/km\/#website","url":"https:\/\/xn--kntjmestari-l8aacb.fi\/km\/","name":"The Translator's Guide to the Industry","description":"practical guidebook for translation and interpreting\nstudents and beginners","publisher":{"@id":"https:\/\/xn--kntjmestari-l8aacb.fi\/km\/#organization"},"potentialAction":[{"@type":"SearchAction","target":{"@type":"EntryPoint","urlTemplate":"https:\/\/xn--kntjmestari-l8aacb.fi\/km\/?s={search_term_string}"},"query-input":{"@type":"PropertyValueSpecification","valueRequired":true,"valueName":"search_term_string"}}],"inLanguage":"en-US"},{"@type":"Organization","@id":"https:\/\/xn--kntjmestari-l8aacb.fi\/km\/#organization","name":"K\u00e4\u00e4nt\u00e4j\u00e4mestarit","url":"https:\/\/xn--kntjmestari-l8aacb.fi\/km\/","logo":{"@type":"ImageObject","inLanguage":"en-US","@id":"https:\/\/xn--kntjmestari-l8aacb.fi\/km\/#\/schema\/logo\/image\/","url":"https:\/\/xn--kntjmestari-l8aacb.fi\/km\/wp-content\/uploads\/2021\/12\/logo.jpg","contentUrl":"https:\/\/xn--kntjmestari-l8aacb.fi\/km\/wp-content\/uploads\/2021\/12\/logo.jpg","width":509,"height":530,"caption":"K\u00e4\u00e4nt\u00e4j\u00e4mestarit"},"image":{"@id":"https:\/\/xn--kntjmestari-l8aacb.fi\/km\/#\/schema\/logo\/image\/"}}]}},"_links":{"self":[{"href":"https:\/\/xn--kntjmestari-l8aacb.fi\/km\/en\/wp-json\/wp\/v2\/pages\/497","targetHints":{"allow":["GET"]}}],"collection":[{"href":"https:\/\/xn--kntjmestari-l8aacb.fi\/km\/en\/wp-json\/wp\/v2\/pages"}],"about":[{"href":"https:\/\/xn--kntjmestari-l8aacb.fi\/km\/en\/wp-json\/wp\/v2\/types\/page"}],"author":[{"embeddable":true,"href":"https:\/\/xn--kntjmestari-l8aacb.fi\/km\/en\/wp-json\/wp\/v2\/users\/2"}],"replies":[{"embeddable":true,"href":"https:\/\/xn--kntjmestari-l8aacb.fi\/km\/en\/wp-json\/wp\/v2\/comments?post=497"}],"version-history":[{"count":2,"href":"https:\/\/xn--kntjmestari-l8aacb.fi\/km\/en\/wp-json\/wp\/v2\/pages\/497\/revisions"}],"predecessor-version":[{"id":499,"href":"https:\/\/xn--kntjmestari-l8aacb.fi\/km\/en\/wp-json\/wp\/v2\/pages\/497\/revisions\/499"}],"up":[{"embeddable":true,"href":"https:\/\/xn--kntjmestari-l8aacb.fi\/km\/en\/wp-json\/wp\/v2\/pages\/486"}],"wp:attachment":[{"href":"https:\/\/xn--kntjmestari-l8aacb.fi\/km\/en\/wp-json\/wp\/v2\/media?parent=497"}],"curies":[{"name":"wp","href":"https:\/\/api.w.org\/{rel}","templated":true}]}}