{"id":500,"date":"2021-12-22T11:48:08","date_gmt":"2021-12-22T11:48:08","guid":{"rendered":"https:\/\/xn--kntjmestari-l8aacb.fi\/km\/main\/chapter-5-networking\/"},"modified":"2022-02-16T15:42:03","modified_gmt":"2022-02-16T15:42:03","slug":"chapter-5-networking","status":"publish","type":"page","link":"https:\/\/xn--kntjmestari-l8aacb.fi\/km\/en\/main\/chapter-5-networking\/","title":{"rendered":"CHAPTER 5 &#8211; NETWORKING"},"content":{"rendered":"<p>[et_pb_section fb_built=&#8221;1&#8243; _builder_version=&#8221;3.22&#8243; global_colors_info=&#8221;{}&#8221;][et_pb_row _builder_version=&#8221;4.14.2&#8243; _module_preset=&#8221;default&#8221; global_colors_info=&#8221;{}&#8221;][et_pb_column type=&#8221;4_4&#8243; _builder_version=&#8221;4.14.2&#8243; _module_preset=&#8221;default&#8221; global_colors_info=&#8221;{}&#8221;][et_pb_post_title meta=&#8221;off&#8221; featured_image=&#8221;off&#8221; _builder_version=&#8221;4.14.2&#8243; _module_preset=&#8221;default&#8221; global_colors_info=&#8221;{}&#8221;][\/et_pb_post_title][\/et_pb_column][\/et_pb_row][et_pb_row column_structure=&#8221;1_2,1_2&#8243; _builder_version=&#8221;3.25&#8243; background_size=&#8221;initial&#8221; background_position=&#8221;top_left&#8221; background_repeat=&#8221;repeat&#8221; custom_padding=&#8221;25px|||||&#8221; global_colors_info=&#8221;{}&#8221;][et_pb_column type=&#8221;1_2&#8243; _builder_version=&#8221;3.25&#8243; custom_padding=&#8221;|||&#8221; global_colors_info=&#8221;{}&#8221; custom_padding__hover=&#8221;|||&#8221;][et_pb_text _builder_version=&#8221;4.14.7&#8243; background_size=&#8221;initial&#8221; background_position=&#8221;top_left&#8221; background_repeat=&#8221;repeat&#8221; hover_enabled=&#8221;0&#8243; global_colors_info=&#8221;{}&#8221; sticky_enabled=&#8221;0&#8243;]<\/p>\n<div id=\"page-zones__main-widgets__content2\" class=\"content widget js-widget\" data-name=\"content\" data-uniqueid=\"bJWXUz0FedzwupI\" data-parentuniqueid=\"LECPmsm3m7mi3y3\">\n<div class=\"bk-content-text js-text-content wysihtml-editor-content\">\n<h2>INTRODUCTION<\/h2>\n<\/div>\n<\/div>\n<div id=\"page-zones__main-widgets__content\" class=\"content widget js-widget\" data-name=\"content\" data-uniqueid=\"p7b1TLTDWMiYW9y\" data-parentuniqueid=\"LECPmsm3m7mi3y3\">\n<div class=\"bk-content-text js-text-content wysihtml-editor-content\">\n<p>Networking often starts early, with the people you meet as a student. It is one of the most important tasks a translator has, especially if you\u2019re just starting out. Networking is a constant process \u2013 you never know where you might meet a prospective client. Keep in mind that as an entrepreneur, you represent your business wherever you go. You should think over the situations where you would like to present a professional image or where you would like to simply be yourself. Keep the two separate, if necessary. When appropriate, seize the moment to talk about what you do for a living and ask if anyone might have a need for your services. Practice your elevator pitch for these occasions and don\u2019t be shy handing out your business cards. Network, network, network!<\/p>\n<p>&nbsp;<\/p>\n<p>Chapter 5 contains:<\/p>\n<p><a href=\"https:\/\/xn--kntjmestari-l8aacb.fi\/km\/en\/main\/chapter-5-networking\/colleague-networks\/\">Colleague Networks<\/a><\/p>\n<p><a href=\"https:\/\/xn--kntjmestari-l8aacb.fi\/km\/verkostoituminen-muiden-alojen-toimijoiden-kanssa\/\">Networking with Professionals from Other Industries<\/a><br \/>\n<a href=\"https:\/\/xn--kntjmestari-l8aacb.fi\/km\/en\/main\/chapter-5-networking\/social-media\/\">Social Media<\/a><\/p>\n<\/div>\n<\/div>\n<p>[\/et_pb_text][\/et_pb_column][et_pb_column type=&#8221;1_2&#8243; _builder_version=&#8221;3.25&#8243; custom_padding=&#8221;|||&#8221; global_colors_info=&#8221;{}&#8221; custom_padding__hover=&#8221;|||&#8221;][et_pb_image src=&#8221;https:\/\/xn--kntjmestari-l8aacb.fi\/km\/wp-content\/uploads\/2021\/12\/kaantaja_i_luku1_luku5_1.jpg&#8221; title_text=&#8221;kaantaja_i_luku1_luku5_1&#8243; _builder_version=&#8221;4.14.2&#8243; _module_preset=&#8221;default&#8221; global_colors_info=&#8221;{}&#8221;][\/et_pb_image][\/et_pb_column][\/et_pb_row][\/et_pb_section]<\/p>\n","protected":false},"excerpt":{"rendered":"<p>INTRODUCTION Networking often starts early, with the people you meet as a student. It is one of the most important tasks a translator has, especially if you\u2019re just starting out. Networking is a constant process \u2013 you never know where you might meet a prospective client. Keep in mind that as an entrepreneur, you represent [&hellip;]<\/p>\n","protected":false},"author":2,"featured_media":0,"parent":386,"menu_order":0,"comment_status":"closed","ping_status":"closed","template":"","meta":{"_et_pb_use_builder":"on","_et_pb_old_content":"","_et_gb_content_width":"","footnotes":""},"class_list":["post-500","page","type-page","status-publish","hentry"],"yoast_head":"<!-- This site is optimized with the Yoast SEO plugin v27.4 - https:\/\/yoast.com\/product\/yoast-seo-wordpress\/ -->\n<title>CHAPTER 5 - NETWORKING - The Translator&#039;s Guide to the Industry<\/title>\n<meta name=\"robots\" content=\"index, follow, max-snippet:-1, max-image-preview:large, max-video-preview:-1\" \/>\n<link rel=\"canonical\" href=\"https:\/\/xn--kntjmestari-l8aacb.fi\/km\/en\/main\/chapter-5-networking\/\" \/>\n<meta property=\"og:locale\" content=\"en_US\" \/>\n<meta property=\"og:type\" content=\"article\" \/>\n<meta property=\"og:title\" content=\"CHAPTER 5 - NETWORKING - The Translator&#039;s Guide to the Industry\" \/>\n<meta property=\"og:description\" content=\"INTRODUCTION Networking often starts early, with the people you meet as a student. It is one of the most important tasks a translator has, especially if you\u2019re just starting out. Networking is a constant process \u2013 you never know where you might meet a prospective client. Keep in mind that as an entrepreneur, you represent [&hellip;]\" \/>\n<meta property=\"og:url\" content=\"https:\/\/xn--kntjmestari-l8aacb.fi\/km\/en\/main\/chapter-5-networking\/\" \/>\n<meta property=\"og:site_name\" content=\"The Translator&#039;s Guide to the Industry\" \/>\n<meta property=\"article:modified_time\" content=\"2022-02-16T15:42:03+00:00\" \/>\n<meta name=\"twitter:card\" content=\"summary_large_image\" \/>\n<meta name=\"twitter:label1\" content=\"Est. reading time\" \/>\n\t<meta name=\"twitter:data1\" content=\"2 minutes\" \/>\n<script type=\"application\/ld+json\" class=\"yoast-schema-graph\">{\"@context\":\"https:\\\/\\\/schema.org\",\"@graph\":[{\"@type\":\"WebPage\",\"@id\":\"https:\\\/\\\/xn--kntjmestari-l8aacb.fi\\\/km\\\/en\\\/main\\\/chapter-5-networking\\\/\",\"url\":\"https:\\\/\\\/xn--kntjmestari-l8aacb.fi\\\/km\\\/en\\\/main\\\/chapter-5-networking\\\/\",\"name\":\"CHAPTER 5 - NETWORKING - The Translator's Guide to the Industry\",\"isPartOf\":{\"@id\":\"https:\\\/\\\/xn--kntjmestari-l8aacb.fi\\\/km\\\/#website\"},\"datePublished\":\"2021-12-22T11:48:08+00:00\",\"dateModified\":\"2022-02-16T15:42:03+00:00\",\"breadcrumb\":{\"@id\":\"https:\\\/\\\/xn--kntjmestari-l8aacb.fi\\\/km\\\/en\\\/main\\\/chapter-5-networking\\\/#breadcrumb\"},\"inLanguage\":\"en-US\",\"potentialAction\":[{\"@type\":\"ReadAction\",\"target\":[\"https:\\\/\\\/xn--kntjmestari-l8aacb.fi\\\/km\\\/en\\\/main\\\/chapter-5-networking\\\/\"]}]},{\"@type\":\"BreadcrumbList\",\"@id\":\"https:\\\/\\\/xn--kntjmestari-l8aacb.fi\\\/km\\\/en\\\/main\\\/chapter-5-networking\\\/#breadcrumb\",\"itemListElement\":[{\"@type\":\"ListItem\",\"position\":1,\"name\":\"Etusivu\",\"item\":\"https:\\\/\\\/xn--kntjmestari-l8aacb.fi\\\/km\\\/en\\\/\"},{\"@type\":\"ListItem\",\"position\":2,\"name\":\"The Translator&#8217;s Guide to the Industry\",\"item\":\"https:\\\/\\\/xn--kntjmestari-l8aacb.fi\\\/km\\\/en\\\/\"},{\"@type\":\"ListItem\",\"position\":3,\"name\":\"CHAPTER 5 &#8211; NETWORKING\"}]},{\"@type\":\"WebSite\",\"@id\":\"https:\\\/\\\/xn--kntjmestari-l8aacb.fi\\\/km\\\/#website\",\"url\":\"https:\\\/\\\/xn--kntjmestari-l8aacb.fi\\\/km\\\/\",\"name\":\"The Translator's Guide to the Industry\",\"description\":\"practical guidebook for translation and interpreting\\nstudents and beginners\",\"publisher\":{\"@id\":\"https:\\\/\\\/xn--kntjmestari-l8aacb.fi\\\/km\\\/#organization\"},\"potentialAction\":[{\"@type\":\"SearchAction\",\"target\":{\"@type\":\"EntryPoint\",\"urlTemplate\":\"https:\\\/\\\/xn--kntjmestari-l8aacb.fi\\\/km\\\/?s={search_term_string}\"},\"query-input\":{\"@type\":\"PropertyValueSpecification\",\"valueRequired\":true,\"valueName\":\"search_term_string\"}}],\"inLanguage\":\"en-US\"},{\"@type\":\"Organization\",\"@id\":\"https:\\\/\\\/xn--kntjmestari-l8aacb.fi\\\/km\\\/#organization\",\"name\":\"K\u00e4\u00e4nt\u00e4j\u00e4mestarit\",\"url\":\"https:\\\/\\\/xn--kntjmestari-l8aacb.fi\\\/km\\\/\",\"logo\":{\"@type\":\"ImageObject\",\"inLanguage\":\"en-US\",\"@id\":\"https:\\\/\\\/xn--kntjmestari-l8aacb.fi\\\/km\\\/#\\\/schema\\\/logo\\\/image\\\/\",\"url\":\"https:\\\/\\\/xn--kntjmestari-l8aacb.fi\\\/km\\\/wp-content\\\/uploads\\\/2021\\\/12\\\/logo.jpg\",\"contentUrl\":\"https:\\\/\\\/xn--kntjmestari-l8aacb.fi\\\/km\\\/wp-content\\\/uploads\\\/2021\\\/12\\\/logo.jpg\",\"width\":509,\"height\":530,\"caption\":\"K\u00e4\u00e4nt\u00e4j\u00e4mestarit\"},\"image\":{\"@id\":\"https:\\\/\\\/xn--kntjmestari-l8aacb.fi\\\/km\\\/#\\\/schema\\\/logo\\\/image\\\/\"}}]}<\/script>\n<!-- \/ Yoast SEO plugin. -->","yoast_head_json":{"title":"CHAPTER 5 - NETWORKING - The Translator's Guide to the Industry","robots":{"index":"index","follow":"follow","max-snippet":"max-snippet:-1","max-image-preview":"max-image-preview:large","max-video-preview":"max-video-preview:-1"},"canonical":"https:\/\/xn--kntjmestari-l8aacb.fi\/km\/en\/main\/chapter-5-networking\/","og_locale":"en_US","og_type":"article","og_title":"CHAPTER 5 - NETWORKING - The Translator's Guide to the Industry","og_description":"INTRODUCTION Networking often starts early, with the people you meet as a student. It is one of the most important tasks a translator has, especially if you\u2019re just starting out. Networking is a constant process \u2013 you never know where you might meet a prospective client. Keep in mind that as an entrepreneur, you represent [&hellip;]","og_url":"https:\/\/xn--kntjmestari-l8aacb.fi\/km\/en\/main\/chapter-5-networking\/","og_site_name":"The Translator's Guide to the Industry","article_modified_time":"2022-02-16T15:42:03+00:00","twitter_card":"summary_large_image","twitter_misc":{"Est. reading time":"2 minutes"},"schema":{"@context":"https:\/\/schema.org","@graph":[{"@type":"WebPage","@id":"https:\/\/xn--kntjmestari-l8aacb.fi\/km\/en\/main\/chapter-5-networking\/","url":"https:\/\/xn--kntjmestari-l8aacb.fi\/km\/en\/main\/chapter-5-networking\/","name":"CHAPTER 5 - NETWORKING - The Translator's Guide to the Industry","isPartOf":{"@id":"https:\/\/xn--kntjmestari-l8aacb.fi\/km\/#website"},"datePublished":"2021-12-22T11:48:08+00:00","dateModified":"2022-02-16T15:42:03+00:00","breadcrumb":{"@id":"https:\/\/xn--kntjmestari-l8aacb.fi\/km\/en\/main\/chapter-5-networking\/#breadcrumb"},"inLanguage":"en-US","potentialAction":[{"@type":"ReadAction","target":["https:\/\/xn--kntjmestari-l8aacb.fi\/km\/en\/main\/chapter-5-networking\/"]}]},{"@type":"BreadcrumbList","@id":"https:\/\/xn--kntjmestari-l8aacb.fi\/km\/en\/main\/chapter-5-networking\/#breadcrumb","itemListElement":[{"@type":"ListItem","position":1,"name":"Etusivu","item":"https:\/\/xn--kntjmestari-l8aacb.fi\/km\/en\/"},{"@type":"ListItem","position":2,"name":"The Translator&#8217;s Guide to the Industry","item":"https:\/\/xn--kntjmestari-l8aacb.fi\/km\/en\/"},{"@type":"ListItem","position":3,"name":"CHAPTER 5 &#8211; NETWORKING"}]},{"@type":"WebSite","@id":"https:\/\/xn--kntjmestari-l8aacb.fi\/km\/#website","url":"https:\/\/xn--kntjmestari-l8aacb.fi\/km\/","name":"The Translator's Guide to the Industry","description":"practical guidebook for translation and interpreting\nstudents and beginners","publisher":{"@id":"https:\/\/xn--kntjmestari-l8aacb.fi\/km\/#organization"},"potentialAction":[{"@type":"SearchAction","target":{"@type":"EntryPoint","urlTemplate":"https:\/\/xn--kntjmestari-l8aacb.fi\/km\/?s={search_term_string}"},"query-input":{"@type":"PropertyValueSpecification","valueRequired":true,"valueName":"search_term_string"}}],"inLanguage":"en-US"},{"@type":"Organization","@id":"https:\/\/xn--kntjmestari-l8aacb.fi\/km\/#organization","name":"K\u00e4\u00e4nt\u00e4j\u00e4mestarit","url":"https:\/\/xn--kntjmestari-l8aacb.fi\/km\/","logo":{"@type":"ImageObject","inLanguage":"en-US","@id":"https:\/\/xn--kntjmestari-l8aacb.fi\/km\/#\/schema\/logo\/image\/","url":"https:\/\/xn--kntjmestari-l8aacb.fi\/km\/wp-content\/uploads\/2021\/12\/logo.jpg","contentUrl":"https:\/\/xn--kntjmestari-l8aacb.fi\/km\/wp-content\/uploads\/2021\/12\/logo.jpg","width":509,"height":530,"caption":"K\u00e4\u00e4nt\u00e4j\u00e4mestarit"},"image":{"@id":"https:\/\/xn--kntjmestari-l8aacb.fi\/km\/#\/schema\/logo\/image\/"}}]}},"_links":{"self":[{"href":"https:\/\/xn--kntjmestari-l8aacb.fi\/km\/en\/wp-json\/wp\/v2\/pages\/500","targetHints":{"allow":["GET"]}}],"collection":[{"href":"https:\/\/xn--kntjmestari-l8aacb.fi\/km\/en\/wp-json\/wp\/v2\/pages"}],"about":[{"href":"https:\/\/xn--kntjmestari-l8aacb.fi\/km\/en\/wp-json\/wp\/v2\/types\/page"}],"author":[{"embeddable":true,"href":"https:\/\/xn--kntjmestari-l8aacb.fi\/km\/en\/wp-json\/wp\/v2\/users\/2"}],"replies":[{"embeddable":true,"href":"https:\/\/xn--kntjmestari-l8aacb.fi\/km\/en\/wp-json\/wp\/v2\/comments?post=500"}],"version-history":[{"count":4,"href":"https:\/\/xn--kntjmestari-l8aacb.fi\/km\/en\/wp-json\/wp\/v2\/pages\/500\/revisions"}],"predecessor-version":[{"id":504,"href":"https:\/\/xn--kntjmestari-l8aacb.fi\/km\/en\/wp-json\/wp\/v2\/pages\/500\/revisions\/504"}],"up":[{"embeddable":true,"href":"https:\/\/xn--kntjmestari-l8aacb.fi\/km\/en\/wp-json\/wp\/v2\/pages\/386"}],"wp:attachment":[{"href":"https:\/\/xn--kntjmestari-l8aacb.fi\/km\/en\/wp-json\/wp\/v2\/media?parent=500"}],"curies":[{"name":"wp","href":"https:\/\/api.w.org\/{rel}","templated":true}]}}