{"id":519,"date":"2021-12-22T12:24:52","date_gmt":"2021-12-22T12:24:52","guid":{"rendered":"https:\/\/xn--kntjmestari-l8aacb.fi\/km\/main\/chapter-6-clients\/references\/"},"modified":"2022-02-16T15:49:25","modified_gmt":"2022-02-16T15:49:25","slug":"references","status":"publish","type":"page","link":"https:\/\/xn--kntjmestari-l8aacb.fi\/km\/en\/main\/chapter-6-clients\/references\/","title":{"rendered":"REFERENCES"},"content":{"rendered":"<p>[et_pb_section fb_built=&#8221;1&#8243; _builder_version=&#8221;3.22&#8243; global_colors_info=&#8221;{}&#8221; theme_builder_area=&#8221;post_content&#8221;][et_pb_row _builder_version=&#8221;4.14.2&#8243; _module_preset=&#8221;default&#8221; global_colors_info=&#8221;{}&#8221; theme_builder_area=&#8221;post_content&#8221;][et_pb_column type=&#8221;4_4&#8243; _builder_version=&#8221;4.14.2&#8243; _module_preset=&#8221;default&#8221; global_colors_info=&#8221;{}&#8221; theme_builder_area=&#8221;post_content&#8221;][et_pb_post_title meta=&#8221;off&#8221; featured_image=&#8221;off&#8221; _builder_version=&#8221;4.14.2&#8243; _module_preset=&#8221;default&#8221; global_colors_info=&#8221;{}&#8221; theme_builder_area=&#8221;post_content&#8221;][\/et_pb_post_title][\/et_pb_column][\/et_pb_row][et_pb_row column_structure=&#8221;1_2,1_2&#8243; _builder_version=&#8221;3.25&#8243; background_size=&#8221;initial&#8221; background_position=&#8221;top_left&#8221; background_repeat=&#8221;repeat&#8221; global_colors_info=&#8221;{}&#8221; theme_builder_area=&#8221;post_content&#8221;][et_pb_column type=&#8221;1_2&#8243; _builder_version=&#8221;3.25&#8243; custom_padding=&#8221;|||&#8221; global_colors_info=&#8221;{}&#8221; custom_padding__hover=&#8221;|||&#8221; theme_builder_area=&#8221;post_content&#8221;][et_pb_text _builder_version=&#8221;4.14.2&#8243; background_size=&#8221;initial&#8221; background_position=&#8221;top_left&#8221; background_repeat=&#8221;repeat&#8221; custom_margin=&#8221;|-426px||||&#8221; custom_padding=&#8221;||0px|||&#8221; global_colors_info=&#8221;{}&#8221; theme_builder_area=&#8221;post_content&#8221;]There are several kinds of references: you can, for example, have general and public references that you can showcase on your website as well as field-specific references that are often expected in requests for quotes. With all references it&#8217;s important to know what you can mention about your clients and to whom and in what contexts \u2013 confidentiality is crucial in our field and you should never risk violating it.<\/p>\n<p>If you want to use references for marketing purposes, always ask for permission to do so from your client\u2019s liaison. Note that permission to mention a company\u2019s name in your references doesn\u2019t automatically mean that you can put their logo on your website. Therefore, when you&#8217;re asking their permission, explain clearly how and where you would like to showcase their reference. Even if you currently don\u2019t want to list your references on your website, it pays to collect them for future use. Your marketing needs may change suddenly, and you often need to provide references when you&#8217;re responding to requests for quotes.<\/p>\n<p>Some requests for quotes ask for references of previous work, often particularly about the work you have done in that specific field. Be careful, because you\u2019re entering perilous waters when it comes to confidentiality. In most cases you can\u2019t just list dates, clients, and subject matter of specific translations and interpreting assignments you&#8217;ve taken part in. There are some situations in which a seemingly fitting reference is not usable because you have worked through a third party, such as a translation or interpreting agency. If the situation is unclear, always contact the commissioner because leaving out references altogether could lead to your offer being rejected. It may not have crossed the commissioner\u2019s mind that you can\u2019t simply list your references as they are. Together you may, however, be able to find a solution that allows you to submit a modified offer for consideration.<\/p>\n<p>&nbsp;[\/et_pb_text][\/et_pb_column][et_pb_column type=&#8221;1_2&#8243; _builder_version=&#8221;3.25&#8243; custom_padding=&#8221;|||&#8221; global_colors_info=&#8221;{}&#8221; custom_padding__hover=&#8221;|||&#8221; theme_builder_area=&#8221;post_content&#8221;][\/et_pb_column][\/et_pb_row][\/et_pb_section]<\/p>\n","protected":false},"excerpt":{"rendered":"<p>There are several kinds of references: you can, for example, have general and public references that you can showcase on your website as well as field-specific references that are often expected in requests for quotes. With all references it&#8217;s important to know what you can mention about your clients and to whom and in what [&hellip;]<\/p>\n","protected":false},"author":2,"featured_media":0,"parent":511,"menu_order":0,"comment_status":"closed","ping_status":"closed","template":"","meta":{"_et_pb_use_builder":"on","_et_pb_old_content":"","_et_gb_content_width":"","footnotes":""},"class_list":["post-519","page","type-page","status-publish","hentry"],"yoast_head":"<!-- This site is optimized with the Yoast SEO plugin v27.4 - https:\/\/yoast.com\/product\/yoast-seo-wordpress\/ -->\n<title>REFERENCES - The Translator&#039;s Guide to the Industry<\/title>\n<meta name=\"robots\" content=\"index, follow, max-snippet:-1, max-image-preview:large, max-video-preview:-1\" \/>\n<link rel=\"canonical\" href=\"https:\/\/xn--kntjmestari-l8aacb.fi\/km\/en\/main\/chapter-6-clients\/references\/\" \/>\n<meta property=\"og:locale\" content=\"en_US\" \/>\n<meta property=\"og:type\" content=\"article\" \/>\n<meta property=\"og:title\" content=\"REFERENCES - The Translator&#039;s Guide to the Industry\" \/>\n<meta property=\"og:description\" content=\"There are several kinds of references: you can, for example, have general and public references that you can showcase on your website as well as field-specific references that are often expected in requests for quotes. With all references it&#039;s important to know what you can mention about your clients and to whom and in what [&hellip;]\" \/>\n<meta property=\"og:url\" content=\"https:\/\/xn--kntjmestari-l8aacb.fi\/km\/en\/main\/chapter-6-clients\/references\/\" \/>\n<meta property=\"og:site_name\" content=\"The Translator&#039;s Guide to the Industry\" \/>\n<meta property=\"article:modified_time\" content=\"2022-02-16T15:49:25+00:00\" \/>\n<meta name=\"twitter:card\" content=\"summary_large_image\" \/>\n<meta name=\"twitter:label1\" content=\"Est. reading time\" \/>\n\t<meta name=\"twitter:data1\" content=\"3 minutes\" \/>\n<script type=\"application\/ld+json\" class=\"yoast-schema-graph\">{\"@context\":\"https:\\\/\\\/schema.org\",\"@graph\":[{\"@type\":\"WebPage\",\"@id\":\"https:\\\/\\\/xn--kntjmestari-l8aacb.fi\\\/km\\\/en\\\/main\\\/chapter-6-clients\\\/references\\\/\",\"url\":\"https:\\\/\\\/xn--kntjmestari-l8aacb.fi\\\/km\\\/en\\\/main\\\/chapter-6-clients\\\/references\\\/\",\"name\":\"REFERENCES - The Translator's Guide to the Industry\",\"isPartOf\":{\"@id\":\"https:\\\/\\\/xn--kntjmestari-l8aacb.fi\\\/km\\\/#website\"},\"datePublished\":\"2021-12-22T12:24:52+00:00\",\"dateModified\":\"2022-02-16T15:49:25+00:00\",\"breadcrumb\":{\"@id\":\"https:\\\/\\\/xn--kntjmestari-l8aacb.fi\\\/km\\\/en\\\/main\\\/chapter-6-clients\\\/references\\\/#breadcrumb\"},\"inLanguage\":\"en-US\",\"potentialAction\":[{\"@type\":\"ReadAction\",\"target\":[\"https:\\\/\\\/xn--kntjmestari-l8aacb.fi\\\/km\\\/en\\\/main\\\/chapter-6-clients\\\/references\\\/\"]}]},{\"@type\":\"BreadcrumbList\",\"@id\":\"https:\\\/\\\/xn--kntjmestari-l8aacb.fi\\\/km\\\/en\\\/main\\\/chapter-6-clients\\\/references\\\/#breadcrumb\",\"itemListElement\":[{\"@type\":\"ListItem\",\"position\":1,\"name\":\"Etusivu\",\"item\":\"https:\\\/\\\/xn--kntjmestari-l8aacb.fi\\\/km\\\/en\\\/\"},{\"@type\":\"ListItem\",\"position\":2,\"name\":\"The Translator&#8217;s Guide to the Industry\",\"item\":\"https:\\\/\\\/xn--kntjmestari-l8aacb.fi\\\/km\\\/en\\\/\"},{\"@type\":\"ListItem\",\"position\":3,\"name\":\"CHAPTER 6\u00a0\u2013 CLIENTS\",\"item\":\"https:\\\/\\\/xn--kntjmestari-l8aacb.fi\\\/km\\\/en\\\/main\\\/chapter-6-clients\\\/\"},{\"@type\":\"ListItem\",\"position\":4,\"name\":\"REFERENCES\"}]},{\"@type\":\"WebSite\",\"@id\":\"https:\\\/\\\/xn--kntjmestari-l8aacb.fi\\\/km\\\/#website\",\"url\":\"https:\\\/\\\/xn--kntjmestari-l8aacb.fi\\\/km\\\/\",\"name\":\"The Translator's Guide to the Industry\",\"description\":\"practical guidebook for translation and interpreting\\nstudents and beginners\",\"publisher\":{\"@id\":\"https:\\\/\\\/xn--kntjmestari-l8aacb.fi\\\/km\\\/#organization\"},\"potentialAction\":[{\"@type\":\"SearchAction\",\"target\":{\"@type\":\"EntryPoint\",\"urlTemplate\":\"https:\\\/\\\/xn--kntjmestari-l8aacb.fi\\\/km\\\/?s={search_term_string}\"},\"query-input\":{\"@type\":\"PropertyValueSpecification\",\"valueRequired\":true,\"valueName\":\"search_term_string\"}}],\"inLanguage\":\"en-US\"},{\"@type\":\"Organization\",\"@id\":\"https:\\\/\\\/xn--kntjmestari-l8aacb.fi\\\/km\\\/#organization\",\"name\":\"K\u00e4\u00e4nt\u00e4j\u00e4mestarit\",\"url\":\"https:\\\/\\\/xn--kntjmestari-l8aacb.fi\\\/km\\\/\",\"logo\":{\"@type\":\"ImageObject\",\"inLanguage\":\"en-US\",\"@id\":\"https:\\\/\\\/xn--kntjmestari-l8aacb.fi\\\/km\\\/#\\\/schema\\\/logo\\\/image\\\/\",\"url\":\"https:\\\/\\\/xn--kntjmestari-l8aacb.fi\\\/km\\\/wp-content\\\/uploads\\\/2021\\\/12\\\/logo.jpg\",\"contentUrl\":\"https:\\\/\\\/xn--kntjmestari-l8aacb.fi\\\/km\\\/wp-content\\\/uploads\\\/2021\\\/12\\\/logo.jpg\",\"width\":509,\"height\":530,\"caption\":\"K\u00e4\u00e4nt\u00e4j\u00e4mestarit\"},\"image\":{\"@id\":\"https:\\\/\\\/xn--kntjmestari-l8aacb.fi\\\/km\\\/#\\\/schema\\\/logo\\\/image\\\/\"}}]}<\/script>\n<!-- \/ Yoast SEO plugin. -->","yoast_head_json":{"title":"REFERENCES - The Translator's Guide to the Industry","robots":{"index":"index","follow":"follow","max-snippet":"max-snippet:-1","max-image-preview":"max-image-preview:large","max-video-preview":"max-video-preview:-1"},"canonical":"https:\/\/xn--kntjmestari-l8aacb.fi\/km\/en\/main\/chapter-6-clients\/references\/","og_locale":"en_US","og_type":"article","og_title":"REFERENCES - The Translator's Guide to the Industry","og_description":"There are several kinds of references: you can, for example, have general and public references that you can showcase on your website as well as field-specific references that are often expected in requests for quotes. With all references it's important to know what you can mention about your clients and to whom and in what [&hellip;]","og_url":"https:\/\/xn--kntjmestari-l8aacb.fi\/km\/en\/main\/chapter-6-clients\/references\/","og_site_name":"The Translator's Guide to the Industry","article_modified_time":"2022-02-16T15:49:25+00:00","twitter_card":"summary_large_image","twitter_misc":{"Est. reading time":"3 minutes"},"schema":{"@context":"https:\/\/schema.org","@graph":[{"@type":"WebPage","@id":"https:\/\/xn--kntjmestari-l8aacb.fi\/km\/en\/main\/chapter-6-clients\/references\/","url":"https:\/\/xn--kntjmestari-l8aacb.fi\/km\/en\/main\/chapter-6-clients\/references\/","name":"REFERENCES - The Translator's Guide to the Industry","isPartOf":{"@id":"https:\/\/xn--kntjmestari-l8aacb.fi\/km\/#website"},"datePublished":"2021-12-22T12:24:52+00:00","dateModified":"2022-02-16T15:49:25+00:00","breadcrumb":{"@id":"https:\/\/xn--kntjmestari-l8aacb.fi\/km\/en\/main\/chapter-6-clients\/references\/#breadcrumb"},"inLanguage":"en-US","potentialAction":[{"@type":"ReadAction","target":["https:\/\/xn--kntjmestari-l8aacb.fi\/km\/en\/main\/chapter-6-clients\/references\/"]}]},{"@type":"BreadcrumbList","@id":"https:\/\/xn--kntjmestari-l8aacb.fi\/km\/en\/main\/chapter-6-clients\/references\/#breadcrumb","itemListElement":[{"@type":"ListItem","position":1,"name":"Etusivu","item":"https:\/\/xn--kntjmestari-l8aacb.fi\/km\/en\/"},{"@type":"ListItem","position":2,"name":"The Translator&#8217;s Guide to the Industry","item":"https:\/\/xn--kntjmestari-l8aacb.fi\/km\/en\/"},{"@type":"ListItem","position":3,"name":"CHAPTER 6\u00a0\u2013 CLIENTS","item":"https:\/\/xn--kntjmestari-l8aacb.fi\/km\/en\/main\/chapter-6-clients\/"},{"@type":"ListItem","position":4,"name":"REFERENCES"}]},{"@type":"WebSite","@id":"https:\/\/xn--kntjmestari-l8aacb.fi\/km\/#website","url":"https:\/\/xn--kntjmestari-l8aacb.fi\/km\/","name":"The Translator's Guide to the Industry","description":"practical guidebook for translation and interpreting\nstudents and beginners","publisher":{"@id":"https:\/\/xn--kntjmestari-l8aacb.fi\/km\/#organization"},"potentialAction":[{"@type":"SearchAction","target":{"@type":"EntryPoint","urlTemplate":"https:\/\/xn--kntjmestari-l8aacb.fi\/km\/?s={search_term_string}"},"query-input":{"@type":"PropertyValueSpecification","valueRequired":true,"valueName":"search_term_string"}}],"inLanguage":"en-US"},{"@type":"Organization","@id":"https:\/\/xn--kntjmestari-l8aacb.fi\/km\/#organization","name":"K\u00e4\u00e4nt\u00e4j\u00e4mestarit","url":"https:\/\/xn--kntjmestari-l8aacb.fi\/km\/","logo":{"@type":"ImageObject","inLanguage":"en-US","@id":"https:\/\/xn--kntjmestari-l8aacb.fi\/km\/#\/schema\/logo\/image\/","url":"https:\/\/xn--kntjmestari-l8aacb.fi\/km\/wp-content\/uploads\/2021\/12\/logo.jpg","contentUrl":"https:\/\/xn--kntjmestari-l8aacb.fi\/km\/wp-content\/uploads\/2021\/12\/logo.jpg","width":509,"height":530,"caption":"K\u00e4\u00e4nt\u00e4j\u00e4mestarit"},"image":{"@id":"https:\/\/xn--kntjmestari-l8aacb.fi\/km\/#\/schema\/logo\/image\/"}}]}},"_links":{"self":[{"href":"https:\/\/xn--kntjmestari-l8aacb.fi\/km\/en\/wp-json\/wp\/v2\/pages\/519","targetHints":{"allow":["GET"]}}],"collection":[{"href":"https:\/\/xn--kntjmestari-l8aacb.fi\/km\/en\/wp-json\/wp\/v2\/pages"}],"about":[{"href":"https:\/\/xn--kntjmestari-l8aacb.fi\/km\/en\/wp-json\/wp\/v2\/types\/page"}],"author":[{"embeddable":true,"href":"https:\/\/xn--kntjmestari-l8aacb.fi\/km\/en\/wp-json\/wp\/v2\/users\/2"}],"replies":[{"embeddable":true,"href":"https:\/\/xn--kntjmestari-l8aacb.fi\/km\/en\/wp-json\/wp\/v2\/comments?post=519"}],"version-history":[{"count":2,"href":"https:\/\/xn--kntjmestari-l8aacb.fi\/km\/en\/wp-json\/wp\/v2\/pages\/519\/revisions"}],"predecessor-version":[{"id":521,"href":"https:\/\/xn--kntjmestari-l8aacb.fi\/km\/en\/wp-json\/wp\/v2\/pages\/519\/revisions\/521"}],"up":[{"embeddable":true,"href":"https:\/\/xn--kntjmestari-l8aacb.fi\/km\/en\/wp-json\/wp\/v2\/pages\/511"}],"wp:attachment":[{"href":"https:\/\/xn--kntjmestari-l8aacb.fi\/km\/en\/wp-json\/wp\/v2\/media?parent=519"}],"curies":[{"name":"wp","href":"https:\/\/api.w.org\/{rel}","templated":true}]}}