{"id":884,"date":"2021-12-22T13:16:58","date_gmt":"2021-12-22T13:16:58","guid":{"rendered":"https:\/\/xn--kntjmestari-l8aacb.fi\/km\/main\/chapter-8-preventing-and-managing-difficult-situations\/if-the-customer-does-not-pay\/"},"modified":"2022-10-06T18:57:18","modified_gmt":"2022-10-06T18:57:18","slug":"if-the-customer-does-not-pay","status":"publish","type":"page","link":"https:\/\/xn--kntjmestari-l8aacb.fi\/km\/en\/main\/chapter-8-preventing-and-managing-difficult-situations\/if-the-customer-does-not-pay\/","title":{"rendered":"IF THE CUSTOMER DOES NOT PAY"},"content":{"rendered":"<p>[et_pb_section fb_built=&#8221;1&#8243; _builder_version=&#8221;3.22&#8243; global_colors_info=&#8221;{}&#8221; theme_builder_area=&#8221;post_content&#8221;][et_pb_row _builder_version=&#8221;4.14.2&#8243; _module_preset=&#8221;default&#8221; global_colors_info=&#8221;{}&#8221; theme_builder_area=&#8221;post_content&#8221;][et_pb_column type=&#8221;4_4&#8243; _builder_version=&#8221;4.14.2&#8243; _module_preset=&#8221;default&#8221; global_colors_info=&#8221;{}&#8221; theme_builder_area=&#8221;post_content&#8221;][et_pb_post_title meta=&#8221;off&#8221; featured_image=&#8221;off&#8221; _builder_version=&#8221;4.14.2&#8243; _module_preset=&#8221;default&#8221; global_colors_info=&#8221;{}&#8221; theme_builder_area=&#8221;post_content&#8221;][\/et_pb_post_title][\/et_pb_column][\/et_pb_row][et_pb_row column_structure=&#8221;1_2,1_2&#8243; _builder_version=&#8221;3.25&#8243; background_size=&#8221;initial&#8221; background_position=&#8221;top_left&#8221; background_repeat=&#8221;repeat&#8221; global_colors_info=&#8221;{}&#8221; theme_builder_area=&#8221;post_content&#8221;][et_pb_column type=&#8221;1_2&#8243; _builder_version=&#8221;3.25&#8243; custom_padding=&#8221;|||&#8221; global_colors_info=&#8221;{}&#8221; custom_padding__hover=&#8221;|||&#8221; theme_builder_area=&#8221;post_content&#8221;][et_pb_text _builder_version=&#8221;4.14.2&#8243; background_size=&#8221;initial&#8221; background_position=&#8221;top_left&#8221; background_repeat=&#8221;repeat&#8221; custom_margin=&#8221;|-426px||||&#8221; custom_padding=&#8221;||0px|||&#8221; global_colors_info=&#8221;{}&#8221; theme_builder_area=&#8221;post_content&#8221;]<span style=\"font-weight: 400;\">Always give the invoice a due date, not 14 days or 30 days (unless you specifically want that). The difference is that the late payment interest starts running immediately from the day after the due date without a separate reminder, but only 30 days after the net payment term and you have to send a reminder as well.<\/span><\/p>\n<p><span style=\"font-weight: 400;\">Keep track of incoming payments. If you don\u2019t see your money, send out the reminders quickly: e.g. 7 or no later than 14 days after the due date. Send the reminder in writing, wording it kindly.<\/span><\/p>\n<p><span style=\"font-weight: 400;\">If there is no payment and\/or response to your reminder, you can proceed to take action immediately, but often a second reminder may be a better option in terms of continuing the relationship with the client. Make it clear that if you do not receive payment by a specified date, the matter will be forwarded to your accountant\/lawyer.<\/span><\/p>\n<p><span style=\"font-weight: 400;\">If a customer who still owes payments wants to order new work, do not start it until the outstanding invoice is paid. You can say something like this: &#8220;I notice that you still have our invoice XX (due date xx.xx.xxxx) unpaid. I will be happy to start this new assignment as soon as I receive the payment.&#8221; Remember to take this into account in your deadline, i.e. the deadline is calculated from the day the invoice has been paid and you can start working. If a client promises to pay but doesn&#8217;t, don&#8217;t start new work now nor never. It\u2019s one warning sign you need to heed.<\/span><\/p>\n<p><span style=\"font-weight: 400;\">Especially in authorized translations, the customer is often a private person and getting payments from them may prove to be more difficult than from companies. In these cases, you can demand advance payment (the entire amount of the invoice or 50% in advance and the work will only start when the money has arrived in your account) or by cash on delivery.<\/span><\/p>\n<p><span style=\"font-weight: 400;\">Find out the typical payment period in your country and your business. In Finland, it\u2019s often 14 days, but elsewhere, 30 or even 60 days are common. Don\u2019t agree to terms of payment that are considerably longer than the prevailing terms in your market. Longer payment terms and\/or repeated delays in payments may indicate difficulties in finances. Do you want to take a\u00a0 credit risk with such a client? Every small business owner and solopreneur knows how tiresome it is to wait for delayed payments. In addition, this means added costs and extra work as writing and sending a reminder for late payments is work that does not bring extra cash to your account and takes time away from productive work. Even some reputable translation agencies and interpreter brokers have changed their payment terms one-sidedly, without negotiation. It\u2019s worth remembering that if you have not reacted to the notification of the new payment terms and have continued to accept assignments, you have accepted the change \/ amended practice in question. Sometimes the payment term has grown from a couple of weeks to a month and even more.<\/span>[\/et_pb_text][\/et_pb_column][et_pb_column type=&#8221;1_2&#8243; _builder_version=&#8221;3.25&#8243; custom_padding=&#8221;|||&#8221; global_colors_info=&#8221;{}&#8221; custom_padding__hover=&#8221;|||&#8221; theme_builder_area=&#8221;post_content&#8221;][\/et_pb_column][\/et_pb_row][\/et_pb_section]<\/p>\n","protected":false},"excerpt":{"rendered":"<p>Always give the invoice a due date, not 14 days or 30 days (unless you specifically want that). The difference is that the late payment interest starts running immediately from the day after the due date without a separate reminder, but only 30 days after the net payment term and you have to send a [&hellip;]<\/p>\n","protected":false},"author":2,"featured_media":0,"parent":856,"menu_order":0,"comment_status":"closed","ping_status":"closed","template":"","meta":{"_et_pb_use_builder":"on","_et_pb_old_content":"","_et_gb_content_width":"","footnotes":""},"class_list":["post-884","page","type-page","status-publish","hentry"],"yoast_head":"<!-- This site is optimized with the Yoast SEO plugin v27.4 - https:\/\/yoast.com\/product\/yoast-seo-wordpress\/ -->\n<title>IF THE CUSTOMER DOES NOT PAY - The Translator&#039;s Guide to the Industry<\/title>\n<meta name=\"robots\" content=\"index, follow, max-snippet:-1, max-image-preview:large, max-video-preview:-1\" \/>\n<link rel=\"canonical\" href=\"https:\/\/xn--kntjmestari-l8aacb.fi\/km\/en\/main\/chapter-8-preventing-and-managing-difficult-situations\/if-the-customer-does-not-pay\/\" \/>\n<meta property=\"og:locale\" content=\"en_US\" \/>\n<meta property=\"og:type\" content=\"article\" \/>\n<meta property=\"og:title\" content=\"IF THE CUSTOMER DOES NOT PAY - The Translator&#039;s Guide to the Industry\" \/>\n<meta property=\"og:description\" content=\"Always give the invoice a due date, not 14 days or 30 days (unless you specifically want that). The difference is that the late payment interest starts running immediately from the day after the due date without a separate reminder, but only 30 days after the net payment term and you have to send a [&hellip;]\" \/>\n<meta property=\"og:url\" content=\"https:\/\/xn--kntjmestari-l8aacb.fi\/km\/en\/main\/chapter-8-preventing-and-managing-difficult-situations\/if-the-customer-does-not-pay\/\" \/>\n<meta property=\"og:site_name\" content=\"The Translator&#039;s Guide to the Industry\" \/>\n<meta property=\"article:modified_time\" content=\"2022-10-06T18:57:18+00:00\" \/>\n<meta name=\"twitter:card\" content=\"summary_large_image\" \/>\n<meta name=\"twitter:label1\" content=\"Est. reading time\" \/>\n\t<meta name=\"twitter:data1\" content=\"3 minutes\" \/>\n<script type=\"application\/ld+json\" class=\"yoast-schema-graph\">{\"@context\":\"https:\\\/\\\/schema.org\",\"@graph\":[{\"@type\":\"WebPage\",\"@id\":\"https:\\\/\\\/xn--kntjmestari-l8aacb.fi\\\/km\\\/en\\\/main\\\/chapter-8-preventing-and-managing-difficult-situations\\\/if-the-customer-does-not-pay\\\/\",\"url\":\"https:\\\/\\\/xn--kntjmestari-l8aacb.fi\\\/km\\\/en\\\/main\\\/chapter-8-preventing-and-managing-difficult-situations\\\/if-the-customer-does-not-pay\\\/\",\"name\":\"IF THE CUSTOMER DOES NOT PAY - The Translator's Guide to the Industry\",\"isPartOf\":{\"@id\":\"https:\\\/\\\/xn--kntjmestari-l8aacb.fi\\\/km\\\/#website\"},\"datePublished\":\"2021-12-22T13:16:58+00:00\",\"dateModified\":\"2022-10-06T18:57:18+00:00\",\"breadcrumb\":{\"@id\":\"https:\\\/\\\/xn--kntjmestari-l8aacb.fi\\\/km\\\/en\\\/main\\\/chapter-8-preventing-and-managing-difficult-situations\\\/if-the-customer-does-not-pay\\\/#breadcrumb\"},\"inLanguage\":\"en-US\",\"potentialAction\":[{\"@type\":\"ReadAction\",\"target\":[\"https:\\\/\\\/xn--kntjmestari-l8aacb.fi\\\/km\\\/en\\\/main\\\/chapter-8-preventing-and-managing-difficult-situations\\\/if-the-customer-does-not-pay\\\/\"]}]},{\"@type\":\"BreadcrumbList\",\"@id\":\"https:\\\/\\\/xn--kntjmestari-l8aacb.fi\\\/km\\\/en\\\/main\\\/chapter-8-preventing-and-managing-difficult-situations\\\/if-the-customer-does-not-pay\\\/#breadcrumb\",\"itemListElement\":[{\"@type\":\"ListItem\",\"position\":1,\"name\":\"Etusivu\",\"item\":\"https:\\\/\\\/xn--kntjmestari-l8aacb.fi\\\/km\\\/en\\\/\"},{\"@type\":\"ListItem\",\"position\":2,\"name\":\"The Translator&#8217;s Guide to the Industry\",\"item\":\"https:\\\/\\\/xn--kntjmestari-l8aacb.fi\\\/km\\\/en\\\/\"},{\"@type\":\"ListItem\",\"position\":3,\"name\":\"CHAPTER 8 \u2013 PREVENTING AND MANAGING DIFFICULT SITUATIONS\",\"item\":\"https:\\\/\\\/xn--kntjmestari-l8aacb.fi\\\/km\\\/en\\\/main\\\/chapter-8-preventing-and-managing-difficult-situations\\\/\"},{\"@type\":\"ListItem\",\"position\":4,\"name\":\"IF THE CUSTOMER DOES NOT PAY\"}]},{\"@type\":\"WebSite\",\"@id\":\"https:\\\/\\\/xn--kntjmestari-l8aacb.fi\\\/km\\\/#website\",\"url\":\"https:\\\/\\\/xn--kntjmestari-l8aacb.fi\\\/km\\\/\",\"name\":\"The Translator's Guide to the Industry\",\"description\":\"practical guidebook for translation and interpreting\\nstudents and beginners\",\"publisher\":{\"@id\":\"https:\\\/\\\/xn--kntjmestari-l8aacb.fi\\\/km\\\/#organization\"},\"potentialAction\":[{\"@type\":\"SearchAction\",\"target\":{\"@type\":\"EntryPoint\",\"urlTemplate\":\"https:\\\/\\\/xn--kntjmestari-l8aacb.fi\\\/km\\\/?s={search_term_string}\"},\"query-input\":{\"@type\":\"PropertyValueSpecification\",\"valueRequired\":true,\"valueName\":\"search_term_string\"}}],\"inLanguage\":\"en-US\"},{\"@type\":\"Organization\",\"@id\":\"https:\\\/\\\/xn--kntjmestari-l8aacb.fi\\\/km\\\/#organization\",\"name\":\"K\u00e4\u00e4nt\u00e4j\u00e4mestarit\",\"url\":\"https:\\\/\\\/xn--kntjmestari-l8aacb.fi\\\/km\\\/\",\"logo\":{\"@type\":\"ImageObject\",\"inLanguage\":\"en-US\",\"@id\":\"https:\\\/\\\/xn--kntjmestari-l8aacb.fi\\\/km\\\/#\\\/schema\\\/logo\\\/image\\\/\",\"url\":\"https:\\\/\\\/xn--kntjmestari-l8aacb.fi\\\/km\\\/wp-content\\\/uploads\\\/2021\\\/12\\\/logo.jpg\",\"contentUrl\":\"https:\\\/\\\/xn--kntjmestari-l8aacb.fi\\\/km\\\/wp-content\\\/uploads\\\/2021\\\/12\\\/logo.jpg\",\"width\":509,\"height\":530,\"caption\":\"K\u00e4\u00e4nt\u00e4j\u00e4mestarit\"},\"image\":{\"@id\":\"https:\\\/\\\/xn--kntjmestari-l8aacb.fi\\\/km\\\/#\\\/schema\\\/logo\\\/image\\\/\"}}]}<\/script>\n<!-- \/ Yoast SEO plugin. -->","yoast_head_json":{"title":"IF THE CUSTOMER DOES NOT PAY - The Translator's Guide to the Industry","robots":{"index":"index","follow":"follow","max-snippet":"max-snippet:-1","max-image-preview":"max-image-preview:large","max-video-preview":"max-video-preview:-1"},"canonical":"https:\/\/xn--kntjmestari-l8aacb.fi\/km\/en\/main\/chapter-8-preventing-and-managing-difficult-situations\/if-the-customer-does-not-pay\/","og_locale":"en_US","og_type":"article","og_title":"IF THE CUSTOMER DOES NOT PAY - The Translator's Guide to the Industry","og_description":"Always give the invoice a due date, not 14 days or 30 days (unless you specifically want that). The difference is that the late payment interest starts running immediately from the day after the due date without a separate reminder, but only 30 days after the net payment term and you have to send a [&hellip;]","og_url":"https:\/\/xn--kntjmestari-l8aacb.fi\/km\/en\/main\/chapter-8-preventing-and-managing-difficult-situations\/if-the-customer-does-not-pay\/","og_site_name":"The Translator's Guide to the Industry","article_modified_time":"2022-10-06T18:57:18+00:00","twitter_card":"summary_large_image","twitter_misc":{"Est. reading time":"3 minutes"},"schema":{"@context":"https:\/\/schema.org","@graph":[{"@type":"WebPage","@id":"https:\/\/xn--kntjmestari-l8aacb.fi\/km\/en\/main\/chapter-8-preventing-and-managing-difficult-situations\/if-the-customer-does-not-pay\/","url":"https:\/\/xn--kntjmestari-l8aacb.fi\/km\/en\/main\/chapter-8-preventing-and-managing-difficult-situations\/if-the-customer-does-not-pay\/","name":"IF THE CUSTOMER DOES NOT PAY - The Translator's Guide to the Industry","isPartOf":{"@id":"https:\/\/xn--kntjmestari-l8aacb.fi\/km\/#website"},"datePublished":"2021-12-22T13:16:58+00:00","dateModified":"2022-10-06T18:57:18+00:00","breadcrumb":{"@id":"https:\/\/xn--kntjmestari-l8aacb.fi\/km\/en\/main\/chapter-8-preventing-and-managing-difficult-situations\/if-the-customer-does-not-pay\/#breadcrumb"},"inLanguage":"en-US","potentialAction":[{"@type":"ReadAction","target":["https:\/\/xn--kntjmestari-l8aacb.fi\/km\/en\/main\/chapter-8-preventing-and-managing-difficult-situations\/if-the-customer-does-not-pay\/"]}]},{"@type":"BreadcrumbList","@id":"https:\/\/xn--kntjmestari-l8aacb.fi\/km\/en\/main\/chapter-8-preventing-and-managing-difficult-situations\/if-the-customer-does-not-pay\/#breadcrumb","itemListElement":[{"@type":"ListItem","position":1,"name":"Etusivu","item":"https:\/\/xn--kntjmestari-l8aacb.fi\/km\/en\/"},{"@type":"ListItem","position":2,"name":"The Translator&#8217;s Guide to the Industry","item":"https:\/\/xn--kntjmestari-l8aacb.fi\/km\/en\/"},{"@type":"ListItem","position":3,"name":"CHAPTER 8 \u2013 PREVENTING AND MANAGING DIFFICULT SITUATIONS","item":"https:\/\/xn--kntjmestari-l8aacb.fi\/km\/en\/main\/chapter-8-preventing-and-managing-difficult-situations\/"},{"@type":"ListItem","position":4,"name":"IF THE CUSTOMER DOES NOT PAY"}]},{"@type":"WebSite","@id":"https:\/\/xn--kntjmestari-l8aacb.fi\/km\/#website","url":"https:\/\/xn--kntjmestari-l8aacb.fi\/km\/","name":"The Translator's Guide to the Industry","description":"practical guidebook for translation and interpreting\nstudents and beginners","publisher":{"@id":"https:\/\/xn--kntjmestari-l8aacb.fi\/km\/#organization"},"potentialAction":[{"@type":"SearchAction","target":{"@type":"EntryPoint","urlTemplate":"https:\/\/xn--kntjmestari-l8aacb.fi\/km\/?s={search_term_string}"},"query-input":{"@type":"PropertyValueSpecification","valueRequired":true,"valueName":"search_term_string"}}],"inLanguage":"en-US"},{"@type":"Organization","@id":"https:\/\/xn--kntjmestari-l8aacb.fi\/km\/#organization","name":"K\u00e4\u00e4nt\u00e4j\u00e4mestarit","url":"https:\/\/xn--kntjmestari-l8aacb.fi\/km\/","logo":{"@type":"ImageObject","inLanguage":"en-US","@id":"https:\/\/xn--kntjmestari-l8aacb.fi\/km\/#\/schema\/logo\/image\/","url":"https:\/\/xn--kntjmestari-l8aacb.fi\/km\/wp-content\/uploads\/2021\/12\/logo.jpg","contentUrl":"https:\/\/xn--kntjmestari-l8aacb.fi\/km\/wp-content\/uploads\/2021\/12\/logo.jpg","width":509,"height":530,"caption":"K\u00e4\u00e4nt\u00e4j\u00e4mestarit"},"image":{"@id":"https:\/\/xn--kntjmestari-l8aacb.fi\/km\/#\/schema\/logo\/image\/"}}]}},"_links":{"self":[{"href":"https:\/\/xn--kntjmestari-l8aacb.fi\/km\/en\/wp-json\/wp\/v2\/pages\/884","targetHints":{"allow":["GET"]}}],"collection":[{"href":"https:\/\/xn--kntjmestari-l8aacb.fi\/km\/en\/wp-json\/wp\/v2\/pages"}],"about":[{"href":"https:\/\/xn--kntjmestari-l8aacb.fi\/km\/en\/wp-json\/wp\/v2\/types\/page"}],"author":[{"embeddable":true,"href":"https:\/\/xn--kntjmestari-l8aacb.fi\/km\/en\/wp-json\/wp\/v2\/users\/2"}],"replies":[{"embeddable":true,"href":"https:\/\/xn--kntjmestari-l8aacb.fi\/km\/en\/wp-json\/wp\/v2\/comments?post=884"}],"version-history":[{"count":8,"href":"https:\/\/xn--kntjmestari-l8aacb.fi\/km\/en\/wp-json\/wp\/v2\/pages\/884\/revisions"}],"predecessor-version":[{"id":1005,"href":"https:\/\/xn--kntjmestari-l8aacb.fi\/km\/en\/wp-json\/wp\/v2\/pages\/884\/revisions\/1005"}],"up":[{"embeddable":true,"href":"https:\/\/xn--kntjmestari-l8aacb.fi\/km\/en\/wp-json\/wp\/v2\/pages\/856"}],"wp:attachment":[{"href":"https:\/\/xn--kntjmestari-l8aacb.fi\/km\/en\/wp-json\/wp\/v2\/media?parent=884"}],"curies":[{"name":"wp","href":"https:\/\/api.w.org\/{rel}","templated":true}]}}