{"id":956,"date":"2021-12-22T13:41:57","date_gmt":"2021-12-22T13:41:57","guid":{"rendered":"https:\/\/xn--kntjmestari-l8aacb.fi\/km\/main\/chapter-9-agreement\/order-confirmation-purchase-order\/"},"modified":"2022-10-06T19:05:57","modified_gmt":"2022-10-06T19:05:57","slug":"order-confirmation-purchase-order","status":"publish","type":"page","link":"https:\/\/xn--kntjmestari-l8aacb.fi\/km\/en\/main\/chapter-9-agreement\/order-confirmation-purchase-order\/","title":{"rendered":"ORDER CONFIRMATION \/ PURCHASE ORDER"},"content":{"rendered":"<p>[et_pb_section fb_built=&#8221;1&#8243; _builder_version=&#8221;3.22&#8243; global_colors_info=&#8221;{}&#8221; theme_builder_area=&#8221;post_content&#8221;][et_pb_row _builder_version=&#8221;4.14.2&#8243; _module_preset=&#8221;default&#8221; global_colors_info=&#8221;{}&#8221; theme_builder_area=&#8221;post_content&#8221;][et_pb_column type=&#8221;4_4&#8243; _builder_version=&#8221;4.14.2&#8243; _module_preset=&#8221;default&#8221; global_colors_info=&#8221;{}&#8221; theme_builder_area=&#8221;post_content&#8221;][et_pb_post_title meta=&#8221;off&#8221; featured_image=&#8221;off&#8221; _builder_version=&#8221;4.14.2&#8243; _module_preset=&#8221;default&#8221; global_colors_info=&#8221;{}&#8221; theme_builder_area=&#8221;post_content&#8221;][\/et_pb_post_title][\/et_pb_column][\/et_pb_row][et_pb_row column_structure=&#8221;1_2,1_2&#8243; _builder_version=&#8221;3.25&#8243; background_size=&#8221;initial&#8221; background_position=&#8221;top_left&#8221; background_repeat=&#8221;repeat&#8221; global_colors_info=&#8221;{}&#8221; theme_builder_area=&#8221;post_content&#8221;][et_pb_column type=&#8221;1_2&#8243; _builder_version=&#8221;3.25&#8243; custom_padding=&#8221;|||&#8221; global_colors_info=&#8221;{}&#8221; custom_padding__hover=&#8221;|||&#8221; theme_builder_area=&#8221;post_content&#8221;][et_pb_text _builder_version=&#8221;4.14.2&#8243; background_size=&#8221;initial&#8221; background_position=&#8221;top_left&#8221; background_repeat=&#8221;repeat&#8221; custom_margin=&#8221;|-426px||||&#8221; custom_padding=&#8221;||0px|||&#8221; global_colors_info=&#8221;{}&#8221; theme_builder_area=&#8221;post_content&#8221;]<span style=\"font-weight: 400;\">Some translation agencies use an assignment-specific purchase order (PO) in addition to the framework agreement. This is used to lay out the details of an individual assignment, for example the delivery time and fees.<\/span><\/p>\n<p><span style=\"font-weight: 400;\">The purchase order is therefore a supplementary part of the framework agreement and becomes binding after approval. You should always check the purchase order carefully and make sure that the delivery time and other details are consistent with what has actually been agreed. It\u2019s easy to make mistakes in a hurry, even if it\u2019s the project manager of a large translation agency, so check the purchase order carefully and immediately ask or report any inconsistencies you notice. The details include at least the price (has the minimum price been taken into account, has the wrong price per word slipped in &#8211; these should be corrected before starting the work). The error could also be a language pair that you do not offer &#8211; it is worth asking and correcting it if there is even a small chance that the customer has really meant the language pair in the purchase order, but the correct language pair may have been included in your correspondence and then the coordinator may have overridden the wrong language pair in the PO.<\/span>[\/et_pb_text][\/et_pb_column][et_pb_column type=&#8221;1_2&#8243; _builder_version=&#8221;3.25&#8243; custom_padding=&#8221;|||&#8221; global_colors_info=&#8221;{}&#8221; custom_padding__hover=&#8221;|||&#8221; theme_builder_area=&#8221;post_content&#8221;][\/et_pb_column][\/et_pb_row][\/et_pb_section]<\/p>\n","protected":false},"excerpt":{"rendered":"<p>Some translation agencies use an assignment-specific purchase order (PO) in addition to the framework agreement. This is used to lay out the details of an individual assignment, for example the delivery time and fees. The purchase order is therefore a supplementary part of the framework agreement and becomes binding after approval. You should always check [&hellip;]<\/p>\n","protected":false},"author":2,"featured_media":0,"parent":905,"menu_order":0,"comment_status":"closed","ping_status":"closed","template":"","meta":{"_et_pb_use_builder":"on","_et_pb_old_content":"","_et_gb_content_width":"","footnotes":""},"class_list":["post-956","page","type-page","status-publish","hentry"],"yoast_head":"<!-- This site is optimized with the Yoast SEO plugin v27.4 - https:\/\/yoast.com\/product\/yoast-seo-wordpress\/ -->\n<title>ORDER CONFIRMATION \/ PURCHASE ORDER - The Translator&#039;s Guide to the Industry<\/title>\n<meta name=\"robots\" content=\"index, follow, max-snippet:-1, max-image-preview:large, max-video-preview:-1\" \/>\n<link rel=\"canonical\" href=\"https:\/\/xn--kntjmestari-l8aacb.fi\/km\/en\/main\/chapter-9-agreement\/order-confirmation-purchase-order\/\" \/>\n<meta property=\"og:locale\" content=\"en_US\" \/>\n<meta property=\"og:type\" content=\"article\" \/>\n<meta property=\"og:title\" content=\"ORDER CONFIRMATION \/ PURCHASE ORDER - The Translator&#039;s Guide to the Industry\" \/>\n<meta property=\"og:description\" content=\"Some translation agencies use an assignment-specific purchase order (PO) in addition to the framework agreement. This is used to lay out the details of an individual assignment, for example the delivery time and fees. The purchase order is therefore a supplementary part of the framework agreement and becomes binding after approval. You should always check [&hellip;]\" \/>\n<meta property=\"og:url\" content=\"https:\/\/xn--kntjmestari-l8aacb.fi\/km\/en\/main\/chapter-9-agreement\/order-confirmation-purchase-order\/\" \/>\n<meta property=\"og:site_name\" content=\"The Translator&#039;s Guide to the Industry\" \/>\n<meta property=\"article:modified_time\" content=\"2022-10-06T19:05:57+00:00\" \/>\n<meta name=\"twitter:card\" content=\"summary_large_image\" \/>\n<meta name=\"twitter:label1\" content=\"Est. reading time\" \/>\n\t<meta name=\"twitter:data1\" content=\"2 minutes\" \/>\n<script type=\"application\/ld+json\" class=\"yoast-schema-graph\">{\"@context\":\"https:\\\/\\\/schema.org\",\"@graph\":[{\"@type\":\"WebPage\",\"@id\":\"https:\\\/\\\/xn--kntjmestari-l8aacb.fi\\\/km\\\/en\\\/main\\\/chapter-9-agreement\\\/order-confirmation-purchase-order\\\/\",\"url\":\"https:\\\/\\\/xn--kntjmestari-l8aacb.fi\\\/km\\\/en\\\/main\\\/chapter-9-agreement\\\/order-confirmation-purchase-order\\\/\",\"name\":\"ORDER CONFIRMATION \\\/ PURCHASE ORDER - The Translator's Guide to the Industry\",\"isPartOf\":{\"@id\":\"https:\\\/\\\/xn--kntjmestari-l8aacb.fi\\\/km\\\/#website\"},\"datePublished\":\"2021-12-22T13:41:57+00:00\",\"dateModified\":\"2022-10-06T19:05:57+00:00\",\"breadcrumb\":{\"@id\":\"https:\\\/\\\/xn--kntjmestari-l8aacb.fi\\\/km\\\/en\\\/main\\\/chapter-9-agreement\\\/order-confirmation-purchase-order\\\/#breadcrumb\"},\"inLanguage\":\"en-US\",\"potentialAction\":[{\"@type\":\"ReadAction\",\"target\":[\"https:\\\/\\\/xn--kntjmestari-l8aacb.fi\\\/km\\\/en\\\/main\\\/chapter-9-agreement\\\/order-confirmation-purchase-order\\\/\"]}]},{\"@type\":\"BreadcrumbList\",\"@id\":\"https:\\\/\\\/xn--kntjmestari-l8aacb.fi\\\/km\\\/en\\\/main\\\/chapter-9-agreement\\\/order-confirmation-purchase-order\\\/#breadcrumb\",\"itemListElement\":[{\"@type\":\"ListItem\",\"position\":1,\"name\":\"Etusivu\",\"item\":\"https:\\\/\\\/xn--kntjmestari-l8aacb.fi\\\/km\\\/en\\\/\"},{\"@type\":\"ListItem\",\"position\":2,\"name\":\"The Translator&#8217;s Guide to the Industry\",\"item\":\"https:\\\/\\\/xn--kntjmestari-l8aacb.fi\\\/km\\\/en\\\/\"},{\"@type\":\"ListItem\",\"position\":3,\"name\":\"CHAPTER 9 \u2013 AGREEMENT\",\"item\":\"https:\\\/\\\/xn--kntjmestari-l8aacb.fi\\\/km\\\/en\\\/main\\\/chapter-9-agreement\\\/\"},{\"@type\":\"ListItem\",\"position\":4,\"name\":\"ORDER CONFIRMATION \\\/ PURCHASE ORDER\"}]},{\"@type\":\"WebSite\",\"@id\":\"https:\\\/\\\/xn--kntjmestari-l8aacb.fi\\\/km\\\/#website\",\"url\":\"https:\\\/\\\/xn--kntjmestari-l8aacb.fi\\\/km\\\/\",\"name\":\"The Translator's Guide to the Industry\",\"description\":\"practical guidebook for translation and interpreting\\nstudents and beginners\",\"publisher\":{\"@id\":\"https:\\\/\\\/xn--kntjmestari-l8aacb.fi\\\/km\\\/#organization\"},\"potentialAction\":[{\"@type\":\"SearchAction\",\"target\":{\"@type\":\"EntryPoint\",\"urlTemplate\":\"https:\\\/\\\/xn--kntjmestari-l8aacb.fi\\\/km\\\/?s={search_term_string}\"},\"query-input\":{\"@type\":\"PropertyValueSpecification\",\"valueRequired\":true,\"valueName\":\"search_term_string\"}}],\"inLanguage\":\"en-US\"},{\"@type\":\"Organization\",\"@id\":\"https:\\\/\\\/xn--kntjmestari-l8aacb.fi\\\/km\\\/#organization\",\"name\":\"K\u00e4\u00e4nt\u00e4j\u00e4mestarit\",\"url\":\"https:\\\/\\\/xn--kntjmestari-l8aacb.fi\\\/km\\\/\",\"logo\":{\"@type\":\"ImageObject\",\"inLanguage\":\"en-US\",\"@id\":\"https:\\\/\\\/xn--kntjmestari-l8aacb.fi\\\/km\\\/#\\\/schema\\\/logo\\\/image\\\/\",\"url\":\"https:\\\/\\\/xn--kntjmestari-l8aacb.fi\\\/km\\\/wp-content\\\/uploads\\\/2021\\\/12\\\/logo.jpg\",\"contentUrl\":\"https:\\\/\\\/xn--kntjmestari-l8aacb.fi\\\/km\\\/wp-content\\\/uploads\\\/2021\\\/12\\\/logo.jpg\",\"width\":509,\"height\":530,\"caption\":\"K\u00e4\u00e4nt\u00e4j\u00e4mestarit\"},\"image\":{\"@id\":\"https:\\\/\\\/xn--kntjmestari-l8aacb.fi\\\/km\\\/#\\\/schema\\\/logo\\\/image\\\/\"}}]}<\/script>\n<!-- \/ Yoast SEO plugin. -->","yoast_head_json":{"title":"ORDER CONFIRMATION \/ PURCHASE ORDER - The Translator's Guide to the Industry","robots":{"index":"index","follow":"follow","max-snippet":"max-snippet:-1","max-image-preview":"max-image-preview:large","max-video-preview":"max-video-preview:-1"},"canonical":"https:\/\/xn--kntjmestari-l8aacb.fi\/km\/en\/main\/chapter-9-agreement\/order-confirmation-purchase-order\/","og_locale":"en_US","og_type":"article","og_title":"ORDER CONFIRMATION \/ PURCHASE ORDER - The Translator's Guide to the Industry","og_description":"Some translation agencies use an assignment-specific purchase order (PO) in addition to the framework agreement. This is used to lay out the details of an individual assignment, for example the delivery time and fees. The purchase order is therefore a supplementary part of the framework agreement and becomes binding after approval. You should always check [&hellip;]","og_url":"https:\/\/xn--kntjmestari-l8aacb.fi\/km\/en\/main\/chapter-9-agreement\/order-confirmation-purchase-order\/","og_site_name":"The Translator's Guide to the Industry","article_modified_time":"2022-10-06T19:05:57+00:00","twitter_card":"summary_large_image","twitter_misc":{"Est. reading time":"2 minutes"},"schema":{"@context":"https:\/\/schema.org","@graph":[{"@type":"WebPage","@id":"https:\/\/xn--kntjmestari-l8aacb.fi\/km\/en\/main\/chapter-9-agreement\/order-confirmation-purchase-order\/","url":"https:\/\/xn--kntjmestari-l8aacb.fi\/km\/en\/main\/chapter-9-agreement\/order-confirmation-purchase-order\/","name":"ORDER CONFIRMATION \/ PURCHASE ORDER - The Translator's Guide to the Industry","isPartOf":{"@id":"https:\/\/xn--kntjmestari-l8aacb.fi\/km\/#website"},"datePublished":"2021-12-22T13:41:57+00:00","dateModified":"2022-10-06T19:05:57+00:00","breadcrumb":{"@id":"https:\/\/xn--kntjmestari-l8aacb.fi\/km\/en\/main\/chapter-9-agreement\/order-confirmation-purchase-order\/#breadcrumb"},"inLanguage":"en-US","potentialAction":[{"@type":"ReadAction","target":["https:\/\/xn--kntjmestari-l8aacb.fi\/km\/en\/main\/chapter-9-agreement\/order-confirmation-purchase-order\/"]}]},{"@type":"BreadcrumbList","@id":"https:\/\/xn--kntjmestari-l8aacb.fi\/km\/en\/main\/chapter-9-agreement\/order-confirmation-purchase-order\/#breadcrumb","itemListElement":[{"@type":"ListItem","position":1,"name":"Etusivu","item":"https:\/\/xn--kntjmestari-l8aacb.fi\/km\/en\/"},{"@type":"ListItem","position":2,"name":"The Translator&#8217;s Guide to the Industry","item":"https:\/\/xn--kntjmestari-l8aacb.fi\/km\/en\/"},{"@type":"ListItem","position":3,"name":"CHAPTER 9 \u2013 AGREEMENT","item":"https:\/\/xn--kntjmestari-l8aacb.fi\/km\/en\/main\/chapter-9-agreement\/"},{"@type":"ListItem","position":4,"name":"ORDER CONFIRMATION \/ PURCHASE ORDER"}]},{"@type":"WebSite","@id":"https:\/\/xn--kntjmestari-l8aacb.fi\/km\/#website","url":"https:\/\/xn--kntjmestari-l8aacb.fi\/km\/","name":"The Translator's Guide to the Industry","description":"practical guidebook for translation and interpreting\nstudents and beginners","publisher":{"@id":"https:\/\/xn--kntjmestari-l8aacb.fi\/km\/#organization"},"potentialAction":[{"@type":"SearchAction","target":{"@type":"EntryPoint","urlTemplate":"https:\/\/xn--kntjmestari-l8aacb.fi\/km\/?s={search_term_string}"},"query-input":{"@type":"PropertyValueSpecification","valueRequired":true,"valueName":"search_term_string"}}],"inLanguage":"en-US"},{"@type":"Organization","@id":"https:\/\/xn--kntjmestari-l8aacb.fi\/km\/#organization","name":"K\u00e4\u00e4nt\u00e4j\u00e4mestarit","url":"https:\/\/xn--kntjmestari-l8aacb.fi\/km\/","logo":{"@type":"ImageObject","inLanguage":"en-US","@id":"https:\/\/xn--kntjmestari-l8aacb.fi\/km\/#\/schema\/logo\/image\/","url":"https:\/\/xn--kntjmestari-l8aacb.fi\/km\/wp-content\/uploads\/2021\/12\/logo.jpg","contentUrl":"https:\/\/xn--kntjmestari-l8aacb.fi\/km\/wp-content\/uploads\/2021\/12\/logo.jpg","width":509,"height":530,"caption":"K\u00e4\u00e4nt\u00e4j\u00e4mestarit"},"image":{"@id":"https:\/\/xn--kntjmestari-l8aacb.fi\/km\/#\/schema\/logo\/image\/"}}]}},"_links":{"self":[{"href":"https:\/\/xn--kntjmestari-l8aacb.fi\/km\/en\/wp-json\/wp\/v2\/pages\/956","targetHints":{"allow":["GET"]}}],"collection":[{"href":"https:\/\/xn--kntjmestari-l8aacb.fi\/km\/en\/wp-json\/wp\/v2\/pages"}],"about":[{"href":"https:\/\/xn--kntjmestari-l8aacb.fi\/km\/en\/wp-json\/wp\/v2\/types\/page"}],"author":[{"embeddable":true,"href":"https:\/\/xn--kntjmestari-l8aacb.fi\/km\/en\/wp-json\/wp\/v2\/users\/2"}],"replies":[{"embeddable":true,"href":"https:\/\/xn--kntjmestari-l8aacb.fi\/km\/en\/wp-json\/wp\/v2\/comments?post=956"}],"version-history":[{"count":8,"href":"https:\/\/xn--kntjmestari-l8aacb.fi\/km\/en\/wp-json\/wp\/v2\/pages\/956\/revisions"}],"predecessor-version":[{"id":1044,"href":"https:\/\/xn--kntjmestari-l8aacb.fi\/km\/en\/wp-json\/wp\/v2\/pages\/956\/revisions\/1044"}],"up":[{"embeddable":true,"href":"https:\/\/xn--kntjmestari-l8aacb.fi\/km\/en\/wp-json\/wp\/v2\/pages\/905"}],"wp:attachment":[{"href":"https:\/\/xn--kntjmestari-l8aacb.fi\/km\/en\/wp-json\/wp\/v2\/media?parent=956"}],"curies":[{"name":"wp","href":"https:\/\/api.w.org\/{rel}","templated":true}]}}