{"id":123,"date":"2021-12-22T09:23:41","date_gmt":"2021-12-22T09:23:41","guid":{"rendered":"https:\/\/xn--kntjmestari-l8aacb.fi\/km\/?page_id=123"},"modified":"2021-12-22T09:25:28","modified_gmt":"2021-12-22T09:25:28","slug":"brandinhallinta","status":"publish","type":"page","link":"https:\/\/xn--kntjmestari-l8aacb.fi\/km\/etusivu\/luku-3-brandi-ja-maine\/brandinhallinta\/","title":{"rendered":"BR\u00c4NDINHALLINTA"},"content":{"rendered":"\n[et_pb_section fb_built=&#8221;1&#8243; _builder_version=&#8221;3.22&#8243; global_colors_info=&#8221;{}&#8221; theme_builder_area=&#8221;post_content&#8221;][et_pb_row _builder_version=&#8221;4.14.2&#8243; _module_preset=&#8221;default&#8221; global_colors_info=&#8221;{}&#8221; theme_builder_area=&#8221;post_content&#8221;][et_pb_column type=&#8221;4_4&#8243; _builder_version=&#8221;4.14.2&#8243; _module_preset=&#8221;default&#8221; global_colors_info=&#8221;{}&#8221; theme_builder_area=&#8221;post_content&#8221;][et_pb_post_title meta=&#8221;off&#8221; featured_image=&#8221;off&#8221; _builder_version=&#8221;4.14.2&#8243; _module_preset=&#8221;default&#8221; global_colors_info=&#8221;{}&#8221; theme_builder_area=&#8221;post_content&#8221;][\/et_pb_post_title][\/et_pb_column][\/et_pb_row][et_pb_row column_structure=&#8221;1_2,1_2&#8243; _builder_version=&#8221;3.25&#8243; background_size=&#8221;initial&#8221; background_position=&#8221;top_left&#8221; background_repeat=&#8221;repeat&#8221; global_colors_info=&#8221;{}&#8221; theme_builder_area=&#8221;post_content&#8221;][et_pb_column type=&#8221;1_2&#8243; _builder_version=&#8221;3.25&#8243; custom_padding=&#8221;|||&#8221; global_colors_info=&#8221;{}&#8221; custom_padding__hover=&#8221;|||&#8221; theme_builder_area=&#8221;post_content&#8221;][et_pb_text _builder_version=&#8221;4.14.2&#8243; background_size=&#8221;initial&#8221; background_position=&#8221;top_left&#8221; background_repeat=&#8221;repeat&#8221; global_colors_info=&#8221;{}&#8221; theme_builder_area=&#8221;post_content&#8221; custom_margin=&#8221;|-435px||||&#8221;]<div id=\"page-zones__main-widgets__content\" data-name=\"content\" class=\"content widget js-widget\" data-uniqueid=\"pwPfOfBLAUiqxCc\" data-parentuniqueid=\"xPmJFqaK4XjnVbL\">\n<div class=\"bk-content-text js-text-content   wysihtml-editor-content\">\n<div id=\"page-zones__main-widgets__content1\" data-name=\"content\" class=\"content widget js-widget\" data-uniqueid=\"6TUWwfHXBhw4lu7\" data-parentuniqueid=\"HBeG8XAHIjL9kdh\">\n<div class=\"bk-content-text js-text-content   wysihtml-editor-content\">\n<p>Kielipalvelualan ammattilaisena kannattaa muistaa, ett\u00e4 kaikki mit\u00e4 teet, kertoo sinusta jotakin eli joko vahvistaa tai heikent\u00e4\u00e4 br\u00e4ndi\u00e4si. Maineeseesi ja br\u00e4ndiisi vaikuttavat sek\u00e4 toimintasi asiakkaiden kanssa ett\u00e4 toimintasi kollegoiden kanssa.\u00a0Pienill\u00e4kin asioilla on suuri merkitys. Esimerkiksi ilmaiss\u00e4hk\u00f6postiosoitteen\u00a0sijaan kannattaa hankkia s\u00e4hk\u00f6postidomain<span class=\"redactor-invisible-space\"><\/span>. T\u00e4m\u00e4\u00a0 antaa\u00a0sinusta asiakkaalle heti ammattimaisemman vaikutelman.<\/p>\n<p>Ammattimaista on my\u00f6s viesti\u00e4 ja olla tavoitettavissa toimistoajan puitteissa: t\u00f6it\u00e4 voi halutessaan tietenkin tehd\u00e4 vaikka \u00f6isin, mutta asiakkaan ei tarvitse tiet\u00e4\u00e4 sit\u00e4.\u00a0Jos paras ty\u00f6skentelyaikasi on jostain syyst\u00e4 normaalista toimistoajasta poikkeava, niin muista, ett\u00e4 se on oma valintasi \u2013 asiakas on kuitenkin paikalla toimistoaikana ja olettaa saavansa sinut silloin kiinni. \u00a0Ajasta s\u00e4hk\u00f6postiviestit l\u00e4htem\u00e4\u00e4n vasta aamulla (kun viel\u00e4 itse ved\u00e4t sikeit\u00e4) tai l\u00e4het\u00e4 ne vasta her\u00e4tty\u00e4si. T\u00e4m\u00e4kin vahvistaa kuvaa siit\u00e4, ett\u00e4 toimit ammattimaisesti ja t\u00e4ysip\u00e4iv\u00e4isesti ja el\u00e4t p\u00e4iv\u00e4ty\u00f6ll\u00e4si. N\u00e4in ollen voit my\u00f6s perustella asiakkaalle kiirelis\u00e4\u00e4 tai viikonloppulis\u00e4\u00e4: en yleens\u00e4 tee t\u00f6it\u00e4 illalla\/viikonloppuna, mutta koska<span>\u00a0<\/span><em>teid\u00e4n aikataulunne<\/em>\u00a0t\u00e4t\u00e4 vaatii, teen poikkeuksen ja laskutan menetetyst\u00e4 vapaa-ajastani korvauksen.<\/p>\n<ul><\/ul>\n<p>Asiakkaan ei my\u00f6sk\u00e4\u00e4n tarvitse tiet\u00e4\u00e4, ett\u00e4 teet t\u00f6it\u00e4 kotona. J\u00e4rjest\u00e4 ty\u00f6skentely-ymp\u00e4rist\u00f6si sellaiseksi, ett\u00e4 sinulle soittava asiakas voi uskoa luurin toisessa p\u00e4\u00e4ss\u00e4 olevan vakavasti otettavan ammattilaisen. Ei siis ty\u00f6puhelujen taustalle taaperoiden kiukkukohtauksia eik\u00e4 ulvovia koiria. \u00c4l\u00e4 keskeyt\u00e4 ty\u00f6puhelua h\u00e4tyytt\u00e4\u00e4ksesi lahkeesta nykivi\u00e4 lapsia kauemmas. Se ei rakenna mielikuvaa uskottavasta ammattilaisesta. Jos olet kylvyss\u00e4, \u00e4l\u00e4 vastaa ty\u00f6puheluun, vaan soita takaisin, kun olet ty\u00f6moodissa. Muista k\u00e4ytt\u00e4\u00e4 n\u00e4pp\u00e4inlukkoa, kun teet ty\u00f6puhelin taskussa jotain muuta, ettei k\u00e4y kiusallisia taskupuheluvahinkoja. On eritt\u00e4in noloa selitt\u00e4\u00e4, ett\u00e4 t\u00e4st\u00e4 puhelimesta on tosiaan l\u00e4htenyt kahdeksan tyhj\u00e4\u00e4 puhelua, joista kuuluu vain outoa \u00e4hin\u00e4\u00e4 eli puutarhassa ty\u00f6skentelyn aiheuttamia \u00e4\u00e4ni\u00e4.\u00a0Toisin sanoen muista erottaa ammattimin\u00e4 kotimin\u00e4st\u00e4 ja yritt\u00e4j\u00e4min\u00e4 yksityishenkil\u00f6st\u00e4.<\/p>\n<p>Muista, ett\u00e4 sosiaalisen median kello kuuluu kauas ja pitk\u00e4\u00e4n. Voit valita periaatteessa kahdesta some-toimintavasta: joko niin, ett\u00e4 ei haittaa, vaikka kuka n\u00e4kisi viestint\u00e4\u00e4si tai niin, ett\u00e4 avaudut reilusti, mutta yksityisprofiilisi kautta vain pieness\u00e4, suljetussa piiriss\u00e4. Muista, ett\u00e4 tekniikka ja k\u00e4ytt\u00f6ehdot muuttuvat ja t\u00e4ll\u00e4 hetkell\u00e4 yksityisest\u00e4 voi tulla joskus tulevaisuudessa julkista.<\/p>\n<p>\u00c4l\u00e4 likaa omaa pes\u00e4\u00e4, \u00e4l\u00e4 mustamaalaa kollegoita tai asiakkaita, varsinkaan julkisesti ja julkisella foorumilla. \u00c4l\u00e4 arvaile alan toimijoiden palkkiotasoa tai toimintatapoja. Jos yhteisty\u00f6si jonkun kollegan,\u00a0toimiston tai\u00a0asiakkaan kanssa on loppunut, \u00e4l\u00e4 avaudu asiasta julkisesti. Kysytt\u00e4ess\u00e4 voit asiallisesti kertoa yksityisesti syyt \u2013 mutta muista, ett\u00e4 asialla on\u00a0toinenkin puoli ja toisen osapuolen n\u00e4k\u00f6kulma. \u00c4l\u00e4 asemoidu uhriksi tai harrastelijaksi my\u00f6sk\u00e4\u00e4n sosiaalisessa mediassa, \u00e4l\u00e4 valittele pitki\u00e4 p\u00e4ivi\u00e4 tai kerro, miten kokkaat lihasoppaa t\u00f6iden v\u00e4liss\u00e4.<\/p>\n<p>Ole asiallinen ja kohtelias, kun viestit asiakkaiden kanssa. \u00c4l\u00e4 tuohdu, jos asiakas ehdottaa mielest\u00e4si ala-arvoista hintaa. Sano kohteliaasti, ett\u00e4 hintani t\u00e4st\u00e4 ty\u00f6st\u00e4 on X euroa. Jos asiakas ei halua neuvotella hinnasta, ilmoita kohteliaasti, ett\u00e4 sinulla riitt\u00e4\u00e4 t\u00f6it\u00e4 esitt\u00e4m\u00e4ll\u00e4si hinnalla (vaikka t\u00e4m\u00e4 ei olisi tottakaan) ja p\u00e4\u00e4t\u00e4 neuvottelu osaltasi\u00a0t\u00e4h\u00e4n.\u00a0<\/p>\n<p>On turha tuhlata aikaa taivastelemalla ulkomaalaisten massapostittavien toimistojen hintoja. N\u00e4m\u00e4 toimistot eiv\u00e4t ole suomalaisten k\u00e4\u00e4nt\u00e4jien potentiaalisia asiakkaita, joten on turha haaskata ruutia niihin. Niihin ei kannata edes vastata, vaan ne voi poistaa suoraan. Vaihtoehtoisesti voit toki laatia vakiomuotoisen vastauksen, jossa kerrot kohteliaasti hintasi.<\/p>\n<p>&nbsp;<\/p>\n<\/div>\n<\/div>\n<div id=\"page-zones__main-widgets__content2\" data-name=\"content\" class=\"content widget js-widget\" data-uniqueid=\"LqknDZIwVAG0ojU\" data-parentuniqueid=\"HBeG8XAHIjL9kdh\">\n<div class=\"bk-content-text js-text-content   wysihtml-editor-content\">\n<p><em><u>Case 1:<\/u><\/em><\/p>\n<p><em>Tuttu asiakas tiedustelee mahdollisuuttasi tehd\u00e4 k\u00e4\u00e4nn\u00f6s ensi viikoksi. Annat tarjouksen, hinnaksi tulee 1000 euroa. Asiakas sanoo, ett\u00e4 heid\u00e4n budjettinsa ei taivu tuohon, voisiko saada alennusta 200 euroa.<\/em><\/p>\n<p><em>Sinun kalenterisi on ensi viikolta viel\u00e4 tyhj\u00e4, aihepiiri on sinulle tuttu ja tied\u00e4t, ett\u00e4 pystyt tekem\u00e4\u00e4n k\u00e4\u00e4nn\u00f6ksen nopeasti. Hyv\u00e4ksyt asiakkaan vastatarjouksen. Perustelet asiakkaalle, ett\u00e4 voit t\u00e4m\u00e4n kerran hyv\u00e4ksy\u00e4 hinnan, koska aihe on sinulle tuttu ja haluat palvella hyv\u00e4\u00e4 asiakasta.<\/em><\/p>\n<p><em><u>Case 2:<\/u><\/em><\/p>\n<p><em>Uusi asiakas pyyt\u00e4\u00e4 tarjousta suhteellisen tutusta aihepiirist\u00e4 ensi viikoksi. Annat tarjouksen, hinnaksi tulee 1000 euroa. Asiakas sanoo, ett\u00e4 heid\u00e4n budjettinsa ei taivu tuohon, voisiko saada alennusta 200 euroa.<\/em><\/p>\n<p><em><\/em><em>Tilauskirjasi on melko t\u00e4ynn\u00e4, asiakas on sinulle t\u00e4ysin vieras. Et hyv\u00e4ksy asiakkaan vastatarjousta, vaan pid\u00e4t kiinni alkuper\u00e4isest\u00e4 hinnastasi. Perustelet asiakkaalle, ettet voi joustaa hinnasta, koska projekti ja asiakas ovat sinulle uusia.<\/em><\/p>\n<\/div>\n<\/div>\n<\/div>\n<\/div>\n<div id=\"page-zones__main-widgets__responsivecolumns3\" data-name=\"responsivecolumns\" class=\"responsivecolumns widget js-widget\" data-uniqueid=\"PxU8lA9vtQNFxlE\" data-parentuniqueid=\"xPmJFqaK4XjnVbL\">\n<section id=\"page-zones__main-widgets__responsivecolumns3-zones__column\" class=\"bk-zone column columns-two-left\" data-uniqueid=\"uH7Ly9tarmJ77lt\" data-parentuniqueid=\"PxU8lA9vtQNFxlE\">\n<div id=\"page-zones__main-widgets__responsivecolumns3-zones__column-widgets__content\" data-name=\"content\" class=\"content widget js-widget\" data-uniqueid=\"PJqgTc4cTY4TTw9\" data-parentuniqueid=\"uH7Ly9tarmJ77lt\">\n<div class=\"bk-content-text js-text-content   wysihtml-editor-content\"><\/div>\n<\/div>\n<\/section>\n<\/div>[\/et_pb_text][\/et_pb_column][et_pb_column type=&#8221;1_2&#8243; _builder_version=&#8221;3.25&#8243; custom_padding=&#8221;|||&#8221; global_colors_info=&#8221;{}&#8221; custom_padding__hover=&#8221;|||&#8221; theme_builder_area=&#8221;post_content&#8221;][\/et_pb_column][\/et_pb_row][\/et_pb_section]\n","protected":false},"excerpt":{"rendered":"<p>Kielipalvelualan ammattilaisena kannattaa muistaa, ett\u00e4 kaikki mit\u00e4 teet, kertoo sinusta jotakin eli joko vahvistaa tai heikent\u00e4\u00e4 br\u00e4ndi\u00e4si. Maineeseesi ja br\u00e4ndiisi vaikuttavat sek\u00e4 toimintasi asiakkaiden kanssa ett\u00e4 toimintasi kollegoiden kanssa.\u00a0Pienill\u00e4kin asioilla on suuri merkitys. Esimerkiksi ilmaiss\u00e4hk\u00f6postiosoitteen\u00a0sijaan kannattaa hankkia s\u00e4hk\u00f6postidomain. T\u00e4m\u00e4\u00a0 antaa\u00a0sinusta asiakkaalle heti ammattimaisemman vaikutelman. Ammattimaista on my\u00f6s viesti\u00e4 ja olla tavoitettavissa toimistoajan puitteissa: t\u00f6it\u00e4 voi [&hellip;]<\/p>\n","protected":false},"author":2,"featured_media":0,"parent":119,"menu_order":0,"comment_status":"closed","ping_status":"closed","template":"","meta":{"_et_pb_use_builder":"on","_et_pb_old_content":"","_et_gb_content_width":"","footnotes":""},"class_list":["post-123","page","type-page","status-publish","hentry"],"yoast_head":"<!-- This site is optimized with the Yoast SEO plugin v27.4 - https:\/\/yoast.com\/product\/yoast-seo-wordpress\/ -->\n<title>BR\u00c4NDINHALLINTA - K\u00e4\u00e4nt\u00e4j\u00e4mestarin kirja<\/title>\n<meta name=\"robots\" content=\"index, follow, max-snippet:-1, max-image-preview:large, max-video-preview:-1\" \/>\n<link rel=\"canonical\" href=\"https:\/\/xn--kntjmestari-l8aacb.fi\/km\/etusivu\/luku-3-brandi-ja-maine\/brandinhallinta\/\" \/>\n<meta property=\"og:locale\" content=\"fi_FI\" \/>\n<meta property=\"og:type\" content=\"article\" \/>\n<meta property=\"og:title\" content=\"BR\u00c4NDINHALLINTA - K\u00e4\u00e4nt\u00e4j\u00e4mestarin kirja\" \/>\n<meta property=\"og:description\" content=\"Kielipalvelualan ammattilaisena kannattaa muistaa, ett\u00e4 kaikki mit\u00e4 teet, kertoo sinusta jotakin eli joko vahvistaa tai heikent\u00e4\u00e4 br\u00e4ndi\u00e4si. Maineeseesi ja br\u00e4ndiisi vaikuttavat sek\u00e4 toimintasi asiakkaiden kanssa ett\u00e4 toimintasi kollegoiden kanssa.\u00a0Pienill\u00e4kin asioilla on suuri merkitys. Esimerkiksi ilmaiss\u00e4hk\u00f6postiosoitteen\u00a0sijaan kannattaa hankkia s\u00e4hk\u00f6postidomain. T\u00e4m\u00e4\u00a0 antaa\u00a0sinusta asiakkaalle heti ammattimaisemman vaikutelman. Ammattimaista on my\u00f6s viesti\u00e4 ja olla tavoitettavissa toimistoajan puitteissa: t\u00f6it\u00e4 voi [&hellip;]\" \/>\n<meta property=\"og:url\" content=\"https:\/\/xn--kntjmestari-l8aacb.fi\/km\/etusivu\/luku-3-brandi-ja-maine\/brandinhallinta\/\" \/>\n<meta property=\"og:site_name\" content=\"K\u00e4\u00e4nt\u00e4j\u00e4mestarin kirja\" \/>\n<meta property=\"article:modified_time\" content=\"2021-12-22T09:25:28+00:00\" \/>\n<meta name=\"twitter:card\" content=\"summary_large_image\" \/>\n<meta name=\"twitter:label1\" content=\"Arvioitu lukuaika\" \/>\n\t<meta name=\"twitter:data1\" content=\"4 minuuttia\" \/>\n<script type=\"application\/ld+json\" class=\"yoast-schema-graph\">{\"@context\":\"https:\\\/\\\/schema.org\",\"@graph\":[{\"@type\":\"WebPage\",\"@id\":\"https:\\\/\\\/xn--kntjmestari-l8aacb.fi\\\/km\\\/etusivu\\\/luku-3-brandi-ja-maine\\\/brandinhallinta\\\/\",\"url\":\"https:\\\/\\\/xn--kntjmestari-l8aacb.fi\\\/km\\\/etusivu\\\/luku-3-brandi-ja-maine\\\/brandinhallinta\\\/\",\"name\":\"BR\u00c4NDINHALLINTA - K\u00e4\u00e4nt\u00e4j\u00e4mestarin kirja\",\"isPartOf\":{\"@id\":\"https:\\\/\\\/xn--kntjmestari-l8aacb.fi\\\/km\\\/#website\"},\"datePublished\":\"2021-12-22T09:23:41+00:00\",\"dateModified\":\"2021-12-22T09:25:28+00:00\",\"breadcrumb\":{\"@id\":\"https:\\\/\\\/xn--kntjmestari-l8aacb.fi\\\/km\\\/etusivu\\\/luku-3-brandi-ja-maine\\\/brandinhallinta\\\/#breadcrumb\"},\"inLanguage\":\"fi\",\"potentialAction\":[{\"@type\":\"ReadAction\",\"target\":[\"https:\\\/\\\/xn--kntjmestari-l8aacb.fi\\\/km\\\/etusivu\\\/luku-3-brandi-ja-maine\\\/brandinhallinta\\\/\"]}]},{\"@type\":\"BreadcrumbList\",\"@id\":\"https:\\\/\\\/xn--kntjmestari-l8aacb.fi\\\/km\\\/etusivu\\\/luku-3-brandi-ja-maine\\\/brandinhallinta\\\/#breadcrumb\",\"itemListElement\":[{\"@type\":\"ListItem\",\"position\":1,\"name\":\"Etusivu\",\"item\":\"https:\\\/\\\/xn--kntjmestari-l8aacb.fi\\\/km\\\/\"},{\"@type\":\"ListItem\",\"position\":2,\"name\":\"K\u00e4\u00e4nt\u00e4j\u00e4mestarin kirja\",\"item\":\"https:\\\/\\\/xn--kntjmestari-l8aacb.fi\\\/km\\\/\"},{\"@type\":\"ListItem\",\"position\":3,\"name\":\"LUKU 3 \u2013 BR\u00c4NDI JA MAINE\",\"item\":\"https:\\\/\\\/xn--kntjmestari-l8aacb.fi\\\/km\\\/etusivu\\\/luku-3-brandi-ja-maine\\\/\"},{\"@type\":\"ListItem\",\"position\":4,\"name\":\"BR\u00c4NDINHALLINTA\"}]},{\"@type\":\"WebSite\",\"@id\":\"https:\\\/\\\/xn--kntjmestari-l8aacb.fi\\\/km\\\/#website\",\"url\":\"https:\\\/\\\/xn--kntjmestari-l8aacb.fi\\\/km\\\/\",\"name\":\"K\u00e4\u00e4nt\u00e4j\u00e4mestarin kirja\",\"description\":\"k\u00e4yt\u00e4nn\u00f6n opas aloitteleville k\u00e4\u00e4nt\u00e4jille ja tulkeille\",\"publisher\":{\"@id\":\"https:\\\/\\\/xn--kntjmestari-l8aacb.fi\\\/km\\\/#organization\"},\"potentialAction\":[{\"@type\":\"SearchAction\",\"target\":{\"@type\":\"EntryPoint\",\"urlTemplate\":\"https:\\\/\\\/xn--kntjmestari-l8aacb.fi\\\/km\\\/?s={search_term_string}\"},\"query-input\":{\"@type\":\"PropertyValueSpecification\",\"valueRequired\":true,\"valueName\":\"search_term_string\"}}],\"inLanguage\":\"fi\"},{\"@type\":\"Organization\",\"@id\":\"https:\\\/\\\/xn--kntjmestari-l8aacb.fi\\\/km\\\/#organization\",\"name\":\"K\u00e4\u00e4nt\u00e4j\u00e4mestarit\",\"url\":\"https:\\\/\\\/xn--kntjmestari-l8aacb.fi\\\/km\\\/\",\"logo\":{\"@type\":\"ImageObject\",\"inLanguage\":\"fi\",\"@id\":\"https:\\\/\\\/xn--kntjmestari-l8aacb.fi\\\/km\\\/#\\\/schema\\\/logo\\\/image\\\/\",\"url\":\"https:\\\/\\\/xn--kntjmestari-l8aacb.fi\\\/km\\\/wp-content\\\/uploads\\\/2021\\\/12\\\/logo.jpg\",\"contentUrl\":\"https:\\\/\\\/xn--kntjmestari-l8aacb.fi\\\/km\\\/wp-content\\\/uploads\\\/2021\\\/12\\\/logo.jpg\",\"width\":509,\"height\":530,\"caption\":\"K\u00e4\u00e4nt\u00e4j\u00e4mestarit\"},\"image\":{\"@id\":\"https:\\\/\\\/xn--kntjmestari-l8aacb.fi\\\/km\\\/#\\\/schema\\\/logo\\\/image\\\/\"}}]}<\/script>\n<!-- \/ Yoast SEO plugin. -->","yoast_head_json":{"title":"BR\u00c4NDINHALLINTA - K\u00e4\u00e4nt\u00e4j\u00e4mestarin kirja","robots":{"index":"index","follow":"follow","max-snippet":"max-snippet:-1","max-image-preview":"max-image-preview:large","max-video-preview":"max-video-preview:-1"},"canonical":"https:\/\/xn--kntjmestari-l8aacb.fi\/km\/etusivu\/luku-3-brandi-ja-maine\/brandinhallinta\/","og_locale":"fi_FI","og_type":"article","og_title":"BR\u00c4NDINHALLINTA - K\u00e4\u00e4nt\u00e4j\u00e4mestarin kirja","og_description":"Kielipalvelualan ammattilaisena kannattaa muistaa, ett\u00e4 kaikki mit\u00e4 teet, kertoo sinusta jotakin eli joko vahvistaa tai heikent\u00e4\u00e4 br\u00e4ndi\u00e4si. Maineeseesi ja br\u00e4ndiisi vaikuttavat sek\u00e4 toimintasi asiakkaiden kanssa ett\u00e4 toimintasi kollegoiden kanssa.\u00a0Pienill\u00e4kin asioilla on suuri merkitys. Esimerkiksi ilmaiss\u00e4hk\u00f6postiosoitteen\u00a0sijaan kannattaa hankkia s\u00e4hk\u00f6postidomain. T\u00e4m\u00e4\u00a0 antaa\u00a0sinusta asiakkaalle heti ammattimaisemman vaikutelman. Ammattimaista on my\u00f6s viesti\u00e4 ja olla tavoitettavissa toimistoajan puitteissa: t\u00f6it\u00e4 voi [&hellip;]","og_url":"https:\/\/xn--kntjmestari-l8aacb.fi\/km\/etusivu\/luku-3-brandi-ja-maine\/brandinhallinta\/","og_site_name":"K\u00e4\u00e4nt\u00e4j\u00e4mestarin kirja","article_modified_time":"2021-12-22T09:25:28+00:00","twitter_card":"summary_large_image","twitter_misc":{"Arvioitu lukuaika":"4 minuuttia"},"schema":{"@context":"https:\/\/schema.org","@graph":[{"@type":"WebPage","@id":"https:\/\/xn--kntjmestari-l8aacb.fi\/km\/etusivu\/luku-3-brandi-ja-maine\/brandinhallinta\/","url":"https:\/\/xn--kntjmestari-l8aacb.fi\/km\/etusivu\/luku-3-brandi-ja-maine\/brandinhallinta\/","name":"BR\u00c4NDINHALLINTA - K\u00e4\u00e4nt\u00e4j\u00e4mestarin kirja","isPartOf":{"@id":"https:\/\/xn--kntjmestari-l8aacb.fi\/km\/#website"},"datePublished":"2021-12-22T09:23:41+00:00","dateModified":"2021-12-22T09:25:28+00:00","breadcrumb":{"@id":"https:\/\/xn--kntjmestari-l8aacb.fi\/km\/etusivu\/luku-3-brandi-ja-maine\/brandinhallinta\/#breadcrumb"},"inLanguage":"fi","potentialAction":[{"@type":"ReadAction","target":["https:\/\/xn--kntjmestari-l8aacb.fi\/km\/etusivu\/luku-3-brandi-ja-maine\/brandinhallinta\/"]}]},{"@type":"BreadcrumbList","@id":"https:\/\/xn--kntjmestari-l8aacb.fi\/km\/etusivu\/luku-3-brandi-ja-maine\/brandinhallinta\/#breadcrumb","itemListElement":[{"@type":"ListItem","position":1,"name":"Etusivu","item":"https:\/\/xn--kntjmestari-l8aacb.fi\/km\/"},{"@type":"ListItem","position":2,"name":"K\u00e4\u00e4nt\u00e4j\u00e4mestarin kirja","item":"https:\/\/xn--kntjmestari-l8aacb.fi\/km\/"},{"@type":"ListItem","position":3,"name":"LUKU 3 \u2013 BR\u00c4NDI JA MAINE","item":"https:\/\/xn--kntjmestari-l8aacb.fi\/km\/etusivu\/luku-3-brandi-ja-maine\/"},{"@type":"ListItem","position":4,"name":"BR\u00c4NDINHALLINTA"}]},{"@type":"WebSite","@id":"https:\/\/xn--kntjmestari-l8aacb.fi\/km\/#website","url":"https:\/\/xn--kntjmestari-l8aacb.fi\/km\/","name":"K\u00e4\u00e4nt\u00e4j\u00e4mestarin kirja","description":"k\u00e4yt\u00e4nn\u00f6n opas aloitteleville k\u00e4\u00e4nt\u00e4jille ja tulkeille","publisher":{"@id":"https:\/\/xn--kntjmestari-l8aacb.fi\/km\/#organization"},"potentialAction":[{"@type":"SearchAction","target":{"@type":"EntryPoint","urlTemplate":"https:\/\/xn--kntjmestari-l8aacb.fi\/km\/?s={search_term_string}"},"query-input":{"@type":"PropertyValueSpecification","valueRequired":true,"valueName":"search_term_string"}}],"inLanguage":"fi"},{"@type":"Organization","@id":"https:\/\/xn--kntjmestari-l8aacb.fi\/km\/#organization","name":"K\u00e4\u00e4nt\u00e4j\u00e4mestarit","url":"https:\/\/xn--kntjmestari-l8aacb.fi\/km\/","logo":{"@type":"ImageObject","inLanguage":"fi","@id":"https:\/\/xn--kntjmestari-l8aacb.fi\/km\/#\/schema\/logo\/image\/","url":"https:\/\/xn--kntjmestari-l8aacb.fi\/km\/wp-content\/uploads\/2021\/12\/logo.jpg","contentUrl":"https:\/\/xn--kntjmestari-l8aacb.fi\/km\/wp-content\/uploads\/2021\/12\/logo.jpg","width":509,"height":530,"caption":"K\u00e4\u00e4nt\u00e4j\u00e4mestarit"},"image":{"@id":"https:\/\/xn--kntjmestari-l8aacb.fi\/km\/#\/schema\/logo\/image\/"}}]}},"_links":{"self":[{"href":"https:\/\/xn--kntjmestari-l8aacb.fi\/km\/wp-json\/wp\/v2\/pages\/123","targetHints":{"allow":["GET"]}}],"collection":[{"href":"https:\/\/xn--kntjmestari-l8aacb.fi\/km\/wp-json\/wp\/v2\/pages"}],"about":[{"href":"https:\/\/xn--kntjmestari-l8aacb.fi\/km\/wp-json\/wp\/v2\/types\/page"}],"author":[{"embeddable":true,"href":"https:\/\/xn--kntjmestari-l8aacb.fi\/km\/wp-json\/wp\/v2\/users\/2"}],"replies":[{"embeddable":true,"href":"https:\/\/xn--kntjmestari-l8aacb.fi\/km\/wp-json\/wp\/v2\/comments?post=123"}],"version-history":[{"count":3,"href":"https:\/\/xn--kntjmestari-l8aacb.fi\/km\/wp-json\/wp\/v2\/pages\/123\/revisions"}],"predecessor-version":[{"id":128,"href":"https:\/\/xn--kntjmestari-l8aacb.fi\/km\/wp-json\/wp\/v2\/pages\/123\/revisions\/128"}],"up":[{"embeddable":true,"href":"https:\/\/xn--kntjmestari-l8aacb.fi\/km\/wp-json\/wp\/v2\/pages\/119"}],"wp:attachment":[{"href":"https:\/\/xn--kntjmestari-l8aacb.fi\/km\/wp-json\/wp\/v2\/media?parent=123"}],"curies":[{"name":"wp","href":"https:\/\/api.w.org\/{rel}","templated":true}]}}