{"id":129,"date":"2021-12-22T09:28:19","date_gmt":"2021-12-22T09:28:19","guid":{"rendered":"https:\/\/xn--kntjmestari-l8aacb.fi\/km\/?page_id=129"},"modified":"2022-10-08T17:16:04","modified_gmt":"2022-10-08T17:16:04","slug":"asiakasnakokulman-ymmartaminen","status":"publish","type":"page","link":"https:\/\/xn--kntjmestari-l8aacb.fi\/km\/etusivu\/luku-3-brandi-ja-maine\/asiakasnakokulman-ymmartaminen\/","title":{"rendered":"ASIAKASN\u00c4K\u00d6KULMAN YMM\u00c4RT\u00c4MINEN"},"content":{"rendered":"<p>[et_pb_section fb_built=&#8221;1&#8243; _builder_version=&#8221;4.18.0&#8243; custom_padding=&#8221;1px|||||&#8221; hover_enabled=&#8221;0&#8243; global_colors_info=&#8221;{}&#8221; theme_builder_area=&#8221;post_content&#8221; sticky_enabled=&#8221;0&#8243;][et_pb_row _builder_version=&#8221;4.16&#8243; _module_preset=&#8221;default&#8221; global_colors_info=&#8221;{}&#8221; theme_builder_area=&#8221;post_content&#8221;][et_pb_column type=&#8221;4_4&#8243; _builder_version=&#8221;4.16&#8243; _module_preset=&#8221;default&#8221; global_colors_info=&#8221;{}&#8221; theme_builder_area=&#8221;post_content&#8221;][et_pb_post_title meta=&#8221;off&#8221; featured_image=&#8221;off&#8221; _builder_version=&#8221;4.16&#8243; _module_preset=&#8221;default&#8221; global_colors_info=&#8221;{}&#8221; theme_builder_area=&#8221;post_content&#8221;][\/et_pb_post_title][\/et_pb_column][\/et_pb_row][et_pb_row column_structure=&#8221;1_2,1_2&#8243; _builder_version=&#8221;4.16&#8243; background_size=&#8221;initial&#8221; background_position=&#8221;top_left&#8221; background_repeat=&#8221;repeat&#8221; global_colors_info=&#8221;{}&#8221; theme_builder_area=&#8221;post_content&#8221;][et_pb_column type=&#8221;1_2&#8243; _builder_version=&#8221;4.16&#8243; custom_padding=&#8221;|||&#8221; global_colors_info=&#8221;{}&#8221; custom_padding__hover=&#8221;|||&#8221; theme_builder_area=&#8221;post_content&#8221;][et_pb_text _builder_version=&#8221;4.16&#8243; background_size=&#8221;initial&#8221; background_position=&#8221;top_left&#8221; background_repeat=&#8221;repeat&#8221; custom_margin=&#8221;|-426px||||&#8221; custom_padding=&#8221;||0px|||&#8221; global_colors_info=&#8221;{}&#8221; theme_builder_area=&#8221;post_content&#8221;]<\/p>\n<div id=\"page-zones__main-widgets__content1\" data-name=\"content\" class=\"content widget js-widget\" data-uniqueid=\"OloHtMAomHwAijU\" data-parentuniqueid=\"69O0NdSLr5jBL3F\">\n<div class=\"bk-content-text js-text-content   wysihtml-editor-content\">\n<p>Menestyv\u00e4n ammattilaisen salaisuus on se, ett\u00e4 h\u00e4n ymm\u00e4rt\u00e4\u00e4 asiakasta. T\u00e4m\u00e4 p\u00e4tee my\u00f6s kielipalvelualalla. N\u00e4in erotat ammattilaisen amat\u00f6\u00f6rist\u00e4: amat\u00f6\u00f6ri k\u00e4\u00e4nt\u00e4\u00e4 huvikseen tai ilokseen eik\u00e4 voida odottaa, ett\u00e4 h\u00e4n osaa ajatella k\u00e4\u00e4nn\u00f6spalvelua asiakasl\u00e4ht\u00f6isesti. Asiakasl\u00e4ht\u00f6isyys on osittain sit\u00e4, ett\u00e4 ymm\u00e4rret\u00e4\u00e4n, mihin tarkoitukseen tai mihin vaiheeseen asiakkaan prosessia k\u00e4\u00e4nn\u00f6s tai tulkkaus tulee, mutta paljolti my\u00f6s sit\u00e4, ett\u00e4 huomioidaan (ehk\u00e4 jopa ennakoidaan) asiakkaan tarpeet ja pyrit\u00e4\u00e4n auttamaan asiakasta.<\/p>\n<p>Ammattilainen ymm\u00e4rt\u00e4\u00e4, ett\u00e4 k\u00e4\u00e4nn\u00f6s ja tulkkaus tilataan aina t\u00e4ytt\u00e4m\u00e4\u00e4n jokin tarve. Aina asiakkaalla ei ole selvyytt\u00e4 siit\u00e4, mik\u00e4 se tarve on tai mit\u00e4 h\u00e4n tarvitsee: asiakasl\u00e4ht\u00f6inen ammattilainen osaa kartoittaa tilannetta ja n\u00e4hd\u00e4 asian asiakkaan kannalta sek\u00e4 etsi\u00e4 sopivaa ratkaisua. Ammattilainen ei my\u00f6sk\u00e4\u00e4n hermostu asiakkaan kysymyksist\u00e4 eik\u00e4 p\u00e4ivittele julkisilla foorumeilla ett\u00e4 \u201dkaikkea ne asiakkaat kehtaavatkin pyyt\u00e4\u00e4\u201d. Joskus k\u00e4y niin, ett\u00e4 ratkaisu ei ole toteuttamiskelpoinen tai asiakas p\u00e4\u00e4tyy muuhun ratkaisuun.<\/p>\n<p>Moni asiakas saattaa olla tilaamassa k\u00e4\u00e4nn\u00f6st\u00e4 tai tulkkausta ensimm\u00e4ist\u00e4 kertaa el\u00e4m\u00e4ss\u00e4\u00e4n eik\u00e4 tunne alan k\u00e4yt\u00e4nt\u00f6j\u00e4 tai v\u00e4ltt\u00e4m\u00e4tt\u00e4 edes tied\u00e4, mit\u00e4 tarvitsee. Asiakasl\u00e4ht\u00f6inen kielipalveluammattilainen osaa selitt\u00e4\u00e4 ep\u00e4r\u00f6iv\u00e4lle asiakkaalle asiallisesti ja kunnioittavasti, mit\u00e4 pit\u00e4isi ottaa huomioon. T\u00e4ytyy muistaa, ett\u00e4 asiakkaalla on oikeus m\u00e4\u00e4ritell\u00e4 haluamansa palvelun taso &#8211; jos asiakas haluaa vain raakak\u00e4\u00e4nn\u00f6ksen, niin toimita se, mutta tee selv\u00e4ksi, ett\u00e4 se on raakak\u00e4\u00e4nn\u00f6s.<\/p>\n<p>Asiakasl\u00e4ht\u00f6isyys ei kuitenkaan tarkoita sit\u00e4, ett\u00e4 suostutaan mihin tahansa asiakkaan pyynt\u00f6\u00f6n, vaan sit\u00e4, ett\u00e4 tehd\u00e4\u00e4n yhteisty\u00f6t\u00e4. Asiakasl\u00e4ht\u00f6inen k\u00e4\u00e4nt\u00e4j\u00e4 pyrkii selitt\u00e4m\u00e4\u00e4n, avaamaan ja lis\u00e4\u00e4m\u00e4\u00e4n asiakkaan ymm\u00e4rryst\u00e4 \u2013 tyhmi\u00e4 kysymyksi\u00e4 ei siis ole, kaikkeen voi vastata yst\u00e4v\u00e4llisesti ja asiallisesti. Usein neuvotteluprosessi johtaa siihen, ett\u00e4 asiakas tilaakin enemm\u00e4n kuin oli ajatellut tarvitsevansa ja on my\u00f6s tyytyv\u00e4inen lopputulokseen Asiakasl\u00e4ht\u00f6inen k\u00e4\u00e4nt\u00e4j\u00e4 osaa my\u00f6s kielt\u00e4yty\u00e4 niin, ett\u00e4 siit\u00e4 j\u00e4\u00e4 asiakkaalle hyv\u00e4 mieli.<\/p>\n<p><em>Asiakastapaus:<\/em><\/p>\n<p><em>Suuren yrityksen toimitusjohtaja haluaisi, ett\u00e4 h\u00e4nen puheensa yhti\u00f6kokouksessa tekstitet\u00e4\u00e4n liven\u00e4. Vastaat, ett\u00e4 onnistuu toki, mutta silloin on puhuttava paperista ja sanasanaisesti, jotta etuk\u00e4teen valmisteltu k\u00e4\u00e4nn\u00f6s voidaan heijastaa taustalle esimerkiksi Power point -esityksen\u00e4. Jos taas halutaan, ett\u00e4 tj. voi puhua vapaasti, k\u00e4\u00e4nn\u00f6s ei ole samanaikainen puheen kanssa tai yleis\u00f6 n\u00e4kee, kun k\u00e4\u00e4nn\u00f6st\u00e4 kirjoitetaan ruudulle. Hetken mietitty\u00e4\u00e4n asiakas vastaa, ett\u00e4 tulkkaus on sittenkin parempi ratkaisu. Ohjaat asiakkaan tulkkikollegalle.<\/em><span><\/span><\/p>\n<p>&nbsp;<\/p>\n<p>Asiakkaat arvostavat seuraavia asioita:<\/p>\n<ul>\n<li><strong>Olet tavoitettavissa.\u00a0<\/strong>Vastaat asiakkaiden yhteydenottoihin nopeasti ja virka-aikana.\u00a0<\/li>\n<li><strong>Ilmoitat\u00a0hinnat ja toimitusajat t\u00e4sm\u00e4llisesti.<span>\u00a0<\/span><\/strong>\u201dNo ei t\u00e4h\u00e4n kauan mene eik\u00e4 tule kalliiksi.\u201d ei ole mik\u00e4\u00e4n hinta- tai toimitusaikatarjous. Sen, mik\u00e4 on pitk\u00e4 aika tai kallis hinta, m\u00e4\u00e4ritt\u00e4\u00e4 jokainen omalla tavallaan. Anna aina ty\u00f6lle tarkka hinta tai mahdollisimman tarkka hinta-arvio ja kerro, mihin hinta tai arvio perustuu. Ilmoita toimitusaika p\u00e4iv\u00e4m\u00e4\u00e4r\u00e4n\u00e4 ja kellonaikana.\u00a0<\/li>\n<li><strong>Toimitat ajallaan.<\/strong>\u00a0Toimita ty\u00f6t aina sovitun ajan puitteissa. Jos ty\u00f6 valmistuu paljon aikaisemmin ja toimitat sen aikaisemmin, asiakkaalle kannattaa selitt\u00e4\u00e4, miksi. Esimerkiksi: \u201dSain toisen ty\u00f6n tehty\u00e4 odotettua nopeammin. Siksi t\u00e4m\u00e4 valmistui my\u00f6s etuajassa.\u201d N\u00e4in asiakkaalle ei tule sellainen tunne, ett\u00e4 olisit tehnyt ty\u00f6n hutiloiden, etenkin jos olet alunperin neuvotellut ty\u00f6lle asiakkaan toivetta pidemm\u00e4n toimitusajan.<\/li>\n<li><span><strong>Ty\u00f6si j\u00e4lki on sovitun mukaista.<\/strong>\u00a0Jos asiakas on toimittanut sinulle termist\u00f6n tai muuta tukimateriaalia, k\u00e4yt\u00e4t niit\u00e4 asiakkaan ohjeistuksen mukaisesti.\u00a0<\/span><\/li>\n<li><strong>Neuvot asiakasta tarvittaessa.<span>\u00a0<\/span><\/strong>Asiakas ei v\u00e4ltt\u00e4m\u00e4tt\u00e4 tunne palveluprosessin vaiheita. Jos h\u00e4nell\u00e4 ei ole paljon kokemusta kielipalvelujen ostamisesta, opasta h\u00e4nt\u00e4 oikean palvelun valinnassa. Toimituksen yhteydess\u00e4 asiakkaalle kannattaa kertoa oleelliset\u00a0asiat k\u00e4\u00e4nn\u00f6ksest\u00e4, ja tarvittaessa avata joitakin tekemi\u00e4si ratkaisuja.<\/li>\n<\/ul>\n<\/div>\n<\/div>\n<p>[\/et_pb_text][\/et_pb_column][et_pb_column type=&#8221;1_2&#8243; _builder_version=&#8221;4.16&#8243; custom_padding=&#8221;|||&#8221; global_colors_info=&#8221;{}&#8221; custom_padding__hover=&#8221;|||&#8221; theme_builder_area=&#8221;post_content&#8221;][\/et_pb_column][\/et_pb_row][\/et_pb_section]<\/p>\n","protected":false},"excerpt":{"rendered":"<p>Menestyv\u00e4n ammattilaisen salaisuus on se, ett\u00e4 h\u00e4n ymm\u00e4rt\u00e4\u00e4 asiakasta. T\u00e4m\u00e4 p\u00e4tee my\u00f6s kielipalvelualalla. N\u00e4in erotat ammattilaisen amat\u00f6\u00f6rist\u00e4: amat\u00f6\u00f6ri k\u00e4\u00e4nt\u00e4\u00e4 huvikseen tai ilokseen eik\u00e4 voida odottaa, ett\u00e4 h\u00e4n osaa ajatella k\u00e4\u00e4nn\u00f6spalvelua asiakasl\u00e4ht\u00f6isesti. Asiakasl\u00e4ht\u00f6isyys on osittain sit\u00e4, ett\u00e4 ymm\u00e4rret\u00e4\u00e4n, mihin tarkoitukseen tai mihin vaiheeseen asiakkaan prosessia k\u00e4\u00e4nn\u00f6s tai tulkkaus tulee, mutta paljolti my\u00f6s sit\u00e4, ett\u00e4 huomioidaan (ehk\u00e4 [&hellip;]<\/p>\n","protected":false},"author":2,"featured_media":0,"parent":119,"menu_order":0,"comment_status":"closed","ping_status":"closed","template":"","meta":{"_et_pb_use_builder":"on","_et_pb_old_content":"","_et_gb_content_width":"","footnotes":""},"class_list":["post-129","page","type-page","status-publish","hentry"],"yoast_head":"<!-- This site is optimized with the Yoast SEO plugin v27.4 - https:\/\/yoast.com\/product\/yoast-seo-wordpress\/ -->\n<title>ASIAKASN\u00c4K\u00d6KULMAN YMM\u00c4RT\u00c4MINEN - K\u00e4\u00e4nt\u00e4j\u00e4mestarin kirja<\/title>\n<meta name=\"robots\" content=\"index, follow, max-snippet:-1, max-image-preview:large, max-video-preview:-1\" \/>\n<link rel=\"canonical\" href=\"https:\/\/xn--kntjmestari-l8aacb.fi\/km\/etusivu\/luku-3-brandi-ja-maine\/asiakasnakokulman-ymmartaminen\/\" \/>\n<meta property=\"og:locale\" content=\"fi_FI\" \/>\n<meta property=\"og:type\" content=\"article\" \/>\n<meta property=\"og:title\" content=\"ASIAKASN\u00c4K\u00d6KULMAN YMM\u00c4RT\u00c4MINEN - K\u00e4\u00e4nt\u00e4j\u00e4mestarin kirja\" \/>\n<meta property=\"og:description\" content=\"Menestyv\u00e4n ammattilaisen salaisuus on se, ett\u00e4 h\u00e4n ymm\u00e4rt\u00e4\u00e4 asiakasta. T\u00e4m\u00e4 p\u00e4tee my\u00f6s kielipalvelualalla. N\u00e4in erotat ammattilaisen amat\u00f6\u00f6rist\u00e4: amat\u00f6\u00f6ri k\u00e4\u00e4nt\u00e4\u00e4 huvikseen tai ilokseen eik\u00e4 voida odottaa, ett\u00e4 h\u00e4n osaa ajatella k\u00e4\u00e4nn\u00f6spalvelua asiakasl\u00e4ht\u00f6isesti. Asiakasl\u00e4ht\u00f6isyys on osittain sit\u00e4, ett\u00e4 ymm\u00e4rret\u00e4\u00e4n, mihin tarkoitukseen tai mihin vaiheeseen asiakkaan prosessia k\u00e4\u00e4nn\u00f6s tai tulkkaus tulee, mutta paljolti my\u00f6s sit\u00e4, ett\u00e4 huomioidaan (ehk\u00e4 [&hellip;]\" \/>\n<meta property=\"og:url\" content=\"https:\/\/xn--kntjmestari-l8aacb.fi\/km\/etusivu\/luku-3-brandi-ja-maine\/asiakasnakokulman-ymmartaminen\/\" \/>\n<meta property=\"og:site_name\" content=\"K\u00e4\u00e4nt\u00e4j\u00e4mestarin kirja\" \/>\n<meta property=\"article:modified_time\" content=\"2022-10-08T17:16:04+00:00\" \/>\n<meta name=\"twitter:card\" content=\"summary_large_image\" \/>\n<meta name=\"twitter:label1\" content=\"Arvioitu lukuaika\" \/>\n\t<meta name=\"twitter:data1\" content=\"4 minuuttia\" \/>\n<script type=\"application\/ld+json\" class=\"yoast-schema-graph\">{\"@context\":\"https:\\\/\\\/schema.org\",\"@graph\":[{\"@type\":\"WebPage\",\"@id\":\"https:\\\/\\\/xn--kntjmestari-l8aacb.fi\\\/km\\\/etusivu\\\/luku-3-brandi-ja-maine\\\/asiakasnakokulman-ymmartaminen\\\/\",\"url\":\"https:\\\/\\\/xn--kntjmestari-l8aacb.fi\\\/km\\\/etusivu\\\/luku-3-brandi-ja-maine\\\/asiakasnakokulman-ymmartaminen\\\/\",\"name\":\"ASIAKASN\u00c4K\u00d6KULMAN YMM\u00c4RT\u00c4MINEN - K\u00e4\u00e4nt\u00e4j\u00e4mestarin kirja\",\"isPartOf\":{\"@id\":\"https:\\\/\\\/xn--kntjmestari-l8aacb.fi\\\/km\\\/#website\"},\"datePublished\":\"2021-12-22T09:28:19+00:00\",\"dateModified\":\"2022-10-08T17:16:04+00:00\",\"breadcrumb\":{\"@id\":\"https:\\\/\\\/xn--kntjmestari-l8aacb.fi\\\/km\\\/etusivu\\\/luku-3-brandi-ja-maine\\\/asiakasnakokulman-ymmartaminen\\\/#breadcrumb\"},\"inLanguage\":\"fi\",\"potentialAction\":[{\"@type\":\"ReadAction\",\"target\":[\"https:\\\/\\\/xn--kntjmestari-l8aacb.fi\\\/km\\\/etusivu\\\/luku-3-brandi-ja-maine\\\/asiakasnakokulman-ymmartaminen\\\/\"]}]},{\"@type\":\"BreadcrumbList\",\"@id\":\"https:\\\/\\\/xn--kntjmestari-l8aacb.fi\\\/km\\\/etusivu\\\/luku-3-brandi-ja-maine\\\/asiakasnakokulman-ymmartaminen\\\/#breadcrumb\",\"itemListElement\":[{\"@type\":\"ListItem\",\"position\":1,\"name\":\"Etusivu\",\"item\":\"https:\\\/\\\/xn--kntjmestari-l8aacb.fi\\\/km\\\/\"},{\"@type\":\"ListItem\",\"position\":2,\"name\":\"K\u00e4\u00e4nt\u00e4j\u00e4mestarin kirja\",\"item\":\"https:\\\/\\\/xn--kntjmestari-l8aacb.fi\\\/km\\\/\"},{\"@type\":\"ListItem\",\"position\":3,\"name\":\"LUKU 3 \u2013 BR\u00c4NDI JA MAINE\",\"item\":\"https:\\\/\\\/xn--kntjmestari-l8aacb.fi\\\/km\\\/etusivu\\\/luku-3-brandi-ja-maine\\\/\"},{\"@type\":\"ListItem\",\"position\":4,\"name\":\"ASIAKASN\u00c4K\u00d6KULMAN YMM\u00c4RT\u00c4MINEN\"}]},{\"@type\":\"WebSite\",\"@id\":\"https:\\\/\\\/xn--kntjmestari-l8aacb.fi\\\/km\\\/#website\",\"url\":\"https:\\\/\\\/xn--kntjmestari-l8aacb.fi\\\/km\\\/\",\"name\":\"K\u00e4\u00e4nt\u00e4j\u00e4mestarin kirja\",\"description\":\"k\u00e4yt\u00e4nn\u00f6n opas aloitteleville k\u00e4\u00e4nt\u00e4jille ja tulkeille\",\"publisher\":{\"@id\":\"https:\\\/\\\/xn--kntjmestari-l8aacb.fi\\\/km\\\/#organization\"},\"potentialAction\":[{\"@type\":\"SearchAction\",\"target\":{\"@type\":\"EntryPoint\",\"urlTemplate\":\"https:\\\/\\\/xn--kntjmestari-l8aacb.fi\\\/km\\\/?s={search_term_string}\"},\"query-input\":{\"@type\":\"PropertyValueSpecification\",\"valueRequired\":true,\"valueName\":\"search_term_string\"}}],\"inLanguage\":\"fi\"},{\"@type\":\"Organization\",\"@id\":\"https:\\\/\\\/xn--kntjmestari-l8aacb.fi\\\/km\\\/#organization\",\"name\":\"K\u00e4\u00e4nt\u00e4j\u00e4mestarit\",\"url\":\"https:\\\/\\\/xn--kntjmestari-l8aacb.fi\\\/km\\\/\",\"logo\":{\"@type\":\"ImageObject\",\"inLanguage\":\"fi\",\"@id\":\"https:\\\/\\\/xn--kntjmestari-l8aacb.fi\\\/km\\\/#\\\/schema\\\/logo\\\/image\\\/\",\"url\":\"https:\\\/\\\/xn--kntjmestari-l8aacb.fi\\\/km\\\/wp-content\\\/uploads\\\/2021\\\/12\\\/logo.jpg\",\"contentUrl\":\"https:\\\/\\\/xn--kntjmestari-l8aacb.fi\\\/km\\\/wp-content\\\/uploads\\\/2021\\\/12\\\/logo.jpg\",\"width\":509,\"height\":530,\"caption\":\"K\u00e4\u00e4nt\u00e4j\u00e4mestarit\"},\"image\":{\"@id\":\"https:\\\/\\\/xn--kntjmestari-l8aacb.fi\\\/km\\\/#\\\/schema\\\/logo\\\/image\\\/\"}}]}<\/script>\n<!-- \/ Yoast SEO plugin. -->","yoast_head_json":{"title":"ASIAKASN\u00c4K\u00d6KULMAN YMM\u00c4RT\u00c4MINEN - K\u00e4\u00e4nt\u00e4j\u00e4mestarin kirja","robots":{"index":"index","follow":"follow","max-snippet":"max-snippet:-1","max-image-preview":"max-image-preview:large","max-video-preview":"max-video-preview:-1"},"canonical":"https:\/\/xn--kntjmestari-l8aacb.fi\/km\/etusivu\/luku-3-brandi-ja-maine\/asiakasnakokulman-ymmartaminen\/","og_locale":"fi_FI","og_type":"article","og_title":"ASIAKASN\u00c4K\u00d6KULMAN YMM\u00c4RT\u00c4MINEN - K\u00e4\u00e4nt\u00e4j\u00e4mestarin kirja","og_description":"Menestyv\u00e4n ammattilaisen salaisuus on se, ett\u00e4 h\u00e4n ymm\u00e4rt\u00e4\u00e4 asiakasta. T\u00e4m\u00e4 p\u00e4tee my\u00f6s kielipalvelualalla. N\u00e4in erotat ammattilaisen amat\u00f6\u00f6rist\u00e4: amat\u00f6\u00f6ri k\u00e4\u00e4nt\u00e4\u00e4 huvikseen tai ilokseen eik\u00e4 voida odottaa, ett\u00e4 h\u00e4n osaa ajatella k\u00e4\u00e4nn\u00f6spalvelua asiakasl\u00e4ht\u00f6isesti. Asiakasl\u00e4ht\u00f6isyys on osittain sit\u00e4, ett\u00e4 ymm\u00e4rret\u00e4\u00e4n, mihin tarkoitukseen tai mihin vaiheeseen asiakkaan prosessia k\u00e4\u00e4nn\u00f6s tai tulkkaus tulee, mutta paljolti my\u00f6s sit\u00e4, ett\u00e4 huomioidaan (ehk\u00e4 [&hellip;]","og_url":"https:\/\/xn--kntjmestari-l8aacb.fi\/km\/etusivu\/luku-3-brandi-ja-maine\/asiakasnakokulman-ymmartaminen\/","og_site_name":"K\u00e4\u00e4nt\u00e4j\u00e4mestarin kirja","article_modified_time":"2022-10-08T17:16:04+00:00","twitter_card":"summary_large_image","twitter_misc":{"Arvioitu lukuaika":"4 minuuttia"},"schema":{"@context":"https:\/\/schema.org","@graph":[{"@type":"WebPage","@id":"https:\/\/xn--kntjmestari-l8aacb.fi\/km\/etusivu\/luku-3-brandi-ja-maine\/asiakasnakokulman-ymmartaminen\/","url":"https:\/\/xn--kntjmestari-l8aacb.fi\/km\/etusivu\/luku-3-brandi-ja-maine\/asiakasnakokulman-ymmartaminen\/","name":"ASIAKASN\u00c4K\u00d6KULMAN YMM\u00c4RT\u00c4MINEN - K\u00e4\u00e4nt\u00e4j\u00e4mestarin kirja","isPartOf":{"@id":"https:\/\/xn--kntjmestari-l8aacb.fi\/km\/#website"},"datePublished":"2021-12-22T09:28:19+00:00","dateModified":"2022-10-08T17:16:04+00:00","breadcrumb":{"@id":"https:\/\/xn--kntjmestari-l8aacb.fi\/km\/etusivu\/luku-3-brandi-ja-maine\/asiakasnakokulman-ymmartaminen\/#breadcrumb"},"inLanguage":"fi","potentialAction":[{"@type":"ReadAction","target":["https:\/\/xn--kntjmestari-l8aacb.fi\/km\/etusivu\/luku-3-brandi-ja-maine\/asiakasnakokulman-ymmartaminen\/"]}]},{"@type":"BreadcrumbList","@id":"https:\/\/xn--kntjmestari-l8aacb.fi\/km\/etusivu\/luku-3-brandi-ja-maine\/asiakasnakokulman-ymmartaminen\/#breadcrumb","itemListElement":[{"@type":"ListItem","position":1,"name":"Etusivu","item":"https:\/\/xn--kntjmestari-l8aacb.fi\/km\/"},{"@type":"ListItem","position":2,"name":"K\u00e4\u00e4nt\u00e4j\u00e4mestarin kirja","item":"https:\/\/xn--kntjmestari-l8aacb.fi\/km\/"},{"@type":"ListItem","position":3,"name":"LUKU 3 \u2013 BR\u00c4NDI JA MAINE","item":"https:\/\/xn--kntjmestari-l8aacb.fi\/km\/etusivu\/luku-3-brandi-ja-maine\/"},{"@type":"ListItem","position":4,"name":"ASIAKASN\u00c4K\u00d6KULMAN YMM\u00c4RT\u00c4MINEN"}]},{"@type":"WebSite","@id":"https:\/\/xn--kntjmestari-l8aacb.fi\/km\/#website","url":"https:\/\/xn--kntjmestari-l8aacb.fi\/km\/","name":"K\u00e4\u00e4nt\u00e4j\u00e4mestarin kirja","description":"k\u00e4yt\u00e4nn\u00f6n opas aloitteleville k\u00e4\u00e4nt\u00e4jille ja tulkeille","publisher":{"@id":"https:\/\/xn--kntjmestari-l8aacb.fi\/km\/#organization"},"potentialAction":[{"@type":"SearchAction","target":{"@type":"EntryPoint","urlTemplate":"https:\/\/xn--kntjmestari-l8aacb.fi\/km\/?s={search_term_string}"},"query-input":{"@type":"PropertyValueSpecification","valueRequired":true,"valueName":"search_term_string"}}],"inLanguage":"fi"},{"@type":"Organization","@id":"https:\/\/xn--kntjmestari-l8aacb.fi\/km\/#organization","name":"K\u00e4\u00e4nt\u00e4j\u00e4mestarit","url":"https:\/\/xn--kntjmestari-l8aacb.fi\/km\/","logo":{"@type":"ImageObject","inLanguage":"fi","@id":"https:\/\/xn--kntjmestari-l8aacb.fi\/km\/#\/schema\/logo\/image\/","url":"https:\/\/xn--kntjmestari-l8aacb.fi\/km\/wp-content\/uploads\/2021\/12\/logo.jpg","contentUrl":"https:\/\/xn--kntjmestari-l8aacb.fi\/km\/wp-content\/uploads\/2021\/12\/logo.jpg","width":509,"height":530,"caption":"K\u00e4\u00e4nt\u00e4j\u00e4mestarit"},"image":{"@id":"https:\/\/xn--kntjmestari-l8aacb.fi\/km\/#\/schema\/logo\/image\/"}}]}},"_links":{"self":[{"href":"https:\/\/xn--kntjmestari-l8aacb.fi\/km\/wp-json\/wp\/v2\/pages\/129","targetHints":{"allow":["GET"]}}],"collection":[{"href":"https:\/\/xn--kntjmestari-l8aacb.fi\/km\/wp-json\/wp\/v2\/pages"}],"about":[{"href":"https:\/\/xn--kntjmestari-l8aacb.fi\/km\/wp-json\/wp\/v2\/types\/page"}],"author":[{"embeddable":true,"href":"https:\/\/xn--kntjmestari-l8aacb.fi\/km\/wp-json\/wp\/v2\/users\/2"}],"replies":[{"embeddable":true,"href":"https:\/\/xn--kntjmestari-l8aacb.fi\/km\/wp-json\/wp\/v2\/comments?post=129"}],"version-history":[{"count":4,"href":"https:\/\/xn--kntjmestari-l8aacb.fi\/km\/wp-json\/wp\/v2\/pages\/129\/revisions"}],"predecessor-version":[{"id":1171,"href":"https:\/\/xn--kntjmestari-l8aacb.fi\/km\/wp-json\/wp\/v2\/pages\/129\/revisions\/1171"}],"up":[{"embeddable":true,"href":"https:\/\/xn--kntjmestari-l8aacb.fi\/km\/wp-json\/wp\/v2\/pages\/119"}],"wp:attachment":[{"href":"https:\/\/xn--kntjmestari-l8aacb.fi\/km\/wp-json\/wp\/v2\/media?parent=129"}],"curies":[{"name":"wp","href":"https:\/\/api.w.org\/{rel}","templated":true}]}}