{"id":134,"date":"2021-12-22T09:49:07","date_gmt":"2021-12-22T09:49:07","guid":{"rendered":"https:\/\/xn--kntjmestari-l8aacb.fi\/km\/?page_id=134"},"modified":"2021-12-22T09:49:07","modified_gmt":"2021-12-22T09:49:07","slug":"ajanhallinta","status":"publish","type":"page","link":"https:\/\/xn--kntjmestari-l8aacb.fi\/km\/etusivu\/luku-3-brandi-ja-maine\/ajanhallinta\/","title":{"rendered":"AJANHALLINTA"},"content":{"rendered":"<p>[et_pb_section fb_built=&#8221;1&#8243; _builder_version=&#8221;3.22&#8243; global_colors_info=&#8221;{}&#8221; theme_builder_area=&#8221;post_content&#8221;][et_pb_row _builder_version=&#8221;4.14.2&#8243; _module_preset=&#8221;default&#8221; global_colors_info=&#8221;{}&#8221; theme_builder_area=&#8221;post_content&#8221;][et_pb_column type=&#8221;4_4&#8243; _builder_version=&#8221;4.14.2&#8243; _module_preset=&#8221;default&#8221; global_colors_info=&#8221;{}&#8221; theme_builder_area=&#8221;post_content&#8221;][et_pb_post_title meta=&#8221;off&#8221; featured_image=&#8221;off&#8221; _builder_version=&#8221;4.14.2&#8243; _module_preset=&#8221;default&#8221; global_colors_info=&#8221;{}&#8221; theme_builder_area=&#8221;post_content&#8221;][\/et_pb_post_title][\/et_pb_column][\/et_pb_row][et_pb_row column_structure=&#8221;1_2,1_2&#8243; _builder_version=&#8221;3.25&#8243; background_size=&#8221;initial&#8221; background_position=&#8221;top_left&#8221; background_repeat=&#8221;repeat&#8221; global_colors_info=&#8221;{}&#8221; theme_builder_area=&#8221;post_content&#8221;][et_pb_column type=&#8221;1_2&#8243; _builder_version=&#8221;3.25&#8243; custom_padding=&#8221;|||&#8221; global_colors_info=&#8221;{}&#8221; custom_padding__hover=&#8221;|||&#8221; theme_builder_area=&#8221;post_content&#8221;][et_pb_text _builder_version=&#8221;4.14.2&#8243; background_size=&#8221;initial&#8221; background_position=&#8221;top_left&#8221; background_repeat=&#8221;repeat&#8221; custom_margin=&#8221;|-426px||||&#8221; custom_padding=&#8221;||0px|||&#8221; global_colors_info=&#8221;{}&#8221; theme_builder_area=&#8221;post_content&#8221;]<\/p>\n<div id=\"page-zones__main-widgets__content1\" data-name=\"content\" class=\"content widget js-widget\" data-uniqueid=\"OloHtMAomHwAijU\" data-parentuniqueid=\"69O0NdSLr5jBL3F\">\n<div class=\"bk-content-text js-text-content   wysihtml-editor-content\">\n<p>Vaikka oletkin riippuvainen asiakkaiden aikatauluista, muista my\u00f6s varata tietoisesti aikaa lep\u00e4\u00e4miseen ja lomien pit\u00e4miseen!<\/p>\n<p>Lomat ja muut vapaat kannattaa budjetoida valmiiksi. Tavallinen laskentatapa on, ett\u00e4 vuodesta kymmenen\u00e4 kuukautena tulee liikevaihtoa ja loput kaksi kuukautta ovat lomaa, hiljaista aikaa tai muuta vastaavaa. Sen paremmin ty\u00f6aikoihin kuin lomailuunkaan ei voi antaa yleisp\u00e4tevi\u00e4 ohjeita \u2013 yhdelle sopii yksi ja toiselle toinen el\u00e4m\u00e4ntilanteen, perhetilanteen, vuorokausirytmin ja muiden vastaavien vuoksi. Suunnitelmallisuus kuitenkin auttaa, sill\u00e4 t\u00e4ll\u00f6in pystyt kertomaan asiakkaillesi lomistasi ja vapaap\u00e4ivist\u00e4si etuk\u00e4teen.<\/p>\n<p>Ty\u00f6t\u00e4 voi tehd\u00e4 ja jaksottaa monella tavalla, mutta jokainen s\u00e4hk\u00f6postiviesti ja someilmoituksen kilahdus katkaisevat ajatuksen. Jos ty\u00f6 vaatii keskittymist\u00e4, kannattaa sulkea s\u00e4hk\u00f6posti ja vaientaa some esimerkiksi kolmeksi vartiksi ja k\u00e4yd\u00e4 sen j\u00e4lkeen postit l\u00e4pi. Jos s\u00e4hk\u00f6postia tulee harvakseltaan, voit katsoa postit vaikka vain parikin kertaa p\u00e4iv\u00e4ss\u00e4. Tied\u00e4t itse, kuinka tiiviisti s\u00e4hk\u00f6postia on seurattava.<\/p>\n<p>M\u00e4\u00e4rit\u00e4 itsellesi ty\u00f6ajat, jolloin olet tavoitettavissa ja kerro ne asiakkaillesi. Lue ja vastaa s\u00e4hk\u00f6postiin vain n\u00e4in\u00e4 aikoina. Jos ty\u00f6aikasi on maanantaista perjantaihin kello 9\u201317, sinun ei tarvitse lukea s\u00e4hk\u00f6postia muina aikoina \u2013 my\u00f6sk\u00e4\u00e4n viikonloppuisin.<\/p>\n<p>Ennakoi my\u00f6s tulevien viikkojen t\u00f6it\u00e4. Jos tied\u00e4t olevasi tiistaina seminaarissa, j\u00e4t\u00e4 tiistai tyhj\u00e4ksi tai tee tiistain ty\u00f6t maanantaina. Jos l\u00e4hdet arkena risteilylle, voit paikata tekem\u00e4ll\u00e4 t\u00f6it\u00e4 viikonloppuna. Yritt\u00e4j\u00e4n vapautta j\u00e4rjest\u00e4\u00e4 aikataulunsa kannattaa hy\u00f6dynt\u00e4\u00e4 itselle sopivalla tavalla \u2013 mutta asiakkaan ei siit\u00e4 tarvitse tiet\u00e4\u00e4 eik\u00e4 asiakas saa siit\u00e4 k\u00e4rsi\u00e4.<\/p>\n<p>Muista erottaa oma ajanhallintasi asiakkaan ajanhallinnasta. Jos k\u00e4yt p\u00e4iv\u00e4ll\u00e4 jumpassa ja teet illalla t\u00f6it\u00e4, et voi veloittaa asiakkaalta iltaty\u00f6lis\u00e4\u00e4. Mutta jos asiakas kysyy iltap\u00e4iv\u00e4ll\u00e4, saako huomiseksi viisi sivua teksti\u00e4, voit aivan hyvin veloittaa iltalis\u00e4\u00e4. Sanot, ett\u00e4 ehdit kyll\u00e4 tehd\u00e4, mutta valitettavasti joudut p\u00e4iv\u00e4ll\u00e4 tekem\u00e4\u00e4n aiemmin tilattuja t\u00f6it\u00e4 ja siksi ty\u00f6 pit\u00e4\u00e4 tehd\u00e4 illalla. Muista kuitenkin my\u00f6s, ett\u00e4 kiirelis\u00e4 ei sovi kaikkiin t\u00f6ihin. Jos asiakas kysyy viikkoa aiemmin, ehditk\u00f6 ensi viikon perjantain aikana k\u00e4\u00e4nt\u00e4\u00e4 viisi sivua, jotka saat aamulla klo 9, ei kiirelis\u00e4\u00e4 oikein voi veloittaa.<\/p>\n<p>Joskus deadline on todellakin absoluuttinen ja sen j\u00e4lkeen valmistuva loistavakin k\u00e4\u00e4nn\u00f6s on arvoton. Jos esimerkiksi p\u00f6rssi avautuu klo 9.00 ja tiedotteen on oltava silloin julkinen, klo 9.05 toimitettu k\u00e4\u00e4nn\u00f6s on auttamatta my\u00f6h\u00e4ss\u00e4. Jos tarjouskilpailu menee umpeen klo 24.00, asiakirjojen on oltava asiakkaalla ennen sit\u00e4. Asiakkaalle voi koitua k\u00e4\u00e4nn\u00f6ksen my\u00f6h\u00e4stymisest\u00e4 sanktioita tai tappioita, jolloin k\u00e4\u00e4nt\u00e4j\u00e4lle voi synty\u00e4 korvausvastuu.<\/p>\n<p>Ajanhallinta on my\u00f6s kannattavuustekij\u00e4. V\u00e4syneen\u00e4 ty\u00f6skentelee hitaammin ja tekee enemm\u00e4n virheit\u00e4\u00a0 eli tuottavuus k\u00e4rsii. Jos on myynyt raakak\u00e4\u00e4nn\u00f6ksen ja j\u00e4\u00e4kin hiomaan sit\u00e4, toimeksianto ei v\u00e4ltt\u00e4m\u00e4tt\u00e4 en\u00e4\u00e4 ole kannattava. Jos on jo 95-prosenttisen tyytyv\u00e4inen tekstiin, voi mietti\u00e4 paljonko aikaa menisi prosenttia parempaan k\u00e4\u00e4nn\u00f6kseen. Onko se kannattava ja merkitt\u00e4v\u00e4 lis\u00e4ys laatuun? Joskus oma p\u00e4\u00e4 on jo turtunut tekstiin ja on j\u00e4rkevint\u00e4 tilata kollegalta tekstintarkistuskierros.<\/p>\n<ul><\/ul>\n<\/div>\n<\/div>\n<p>[\/et_pb_text][\/et_pb_column][et_pb_column type=&#8221;1_2&#8243; _builder_version=&#8221;3.25&#8243; custom_padding=&#8221;|||&#8221; global_colors_info=&#8221;{}&#8221; custom_padding__hover=&#8221;|||&#8221; theme_builder_area=&#8221;post_content&#8221;][\/et_pb_column][\/et_pb_row][\/et_pb_section]<\/p>\n","protected":false},"excerpt":{"rendered":"<p>Vaikka oletkin riippuvainen asiakkaiden aikatauluista, muista my\u00f6s varata tietoisesti aikaa lep\u00e4\u00e4miseen ja lomien pit\u00e4miseen! Lomat ja muut vapaat kannattaa budjetoida valmiiksi. Tavallinen laskentatapa on, ett\u00e4 vuodesta kymmenen\u00e4 kuukautena tulee liikevaihtoa ja loput kaksi kuukautta ovat lomaa, hiljaista aikaa tai muuta vastaavaa. Sen paremmin ty\u00f6aikoihin kuin lomailuunkaan ei voi antaa yleisp\u00e4tevi\u00e4 ohjeita \u2013 yhdelle sopii yksi [&hellip;]<\/p>\n","protected":false},"author":2,"featured_media":0,"parent":119,"menu_order":0,"comment_status":"closed","ping_status":"closed","template":"","meta":{"_et_pb_use_builder":"on","_et_pb_old_content":"","_et_gb_content_width":"","footnotes":""},"class_list":["post-134","page","type-page","status-publish","hentry"],"yoast_head":"<!-- This site is optimized with the Yoast SEO plugin v27.4 - https:\/\/yoast.com\/product\/yoast-seo-wordpress\/ -->\n<title>AJANHALLINTA - K\u00e4\u00e4nt\u00e4j\u00e4mestarin kirja<\/title>\n<meta name=\"robots\" content=\"index, follow, max-snippet:-1, max-image-preview:large, max-video-preview:-1\" \/>\n<link rel=\"canonical\" href=\"https:\/\/xn--kntjmestari-l8aacb.fi\/km\/etusivu\/luku-3-brandi-ja-maine\/ajanhallinta\/\" \/>\n<meta property=\"og:locale\" content=\"fi_FI\" \/>\n<meta property=\"og:type\" content=\"article\" \/>\n<meta property=\"og:title\" content=\"AJANHALLINTA - K\u00e4\u00e4nt\u00e4j\u00e4mestarin kirja\" \/>\n<meta property=\"og:description\" content=\"Vaikka oletkin riippuvainen asiakkaiden aikatauluista, muista my\u00f6s varata tietoisesti aikaa lep\u00e4\u00e4miseen ja lomien pit\u00e4miseen! Lomat ja muut vapaat kannattaa budjetoida valmiiksi. Tavallinen laskentatapa on, ett\u00e4 vuodesta kymmenen\u00e4 kuukautena tulee liikevaihtoa ja loput kaksi kuukautta ovat lomaa, hiljaista aikaa tai muuta vastaavaa. Sen paremmin ty\u00f6aikoihin kuin lomailuunkaan ei voi antaa yleisp\u00e4tevi\u00e4 ohjeita \u2013 yhdelle sopii yksi [&hellip;]\" \/>\n<meta property=\"og:url\" content=\"https:\/\/xn--kntjmestari-l8aacb.fi\/km\/etusivu\/luku-3-brandi-ja-maine\/ajanhallinta\/\" \/>\n<meta property=\"og:site_name\" content=\"K\u00e4\u00e4nt\u00e4j\u00e4mestarin kirja\" \/>\n<meta name=\"twitter:card\" content=\"summary_large_image\" \/>\n<meta name=\"twitter:label1\" content=\"Arvioitu lukuaika\" \/>\n\t<meta name=\"twitter:data1\" content=\"3 minuuttia\" \/>\n<script type=\"application\/ld+json\" class=\"yoast-schema-graph\">{\"@context\":\"https:\\\/\\\/schema.org\",\"@graph\":[{\"@type\":\"WebPage\",\"@id\":\"https:\\\/\\\/xn--kntjmestari-l8aacb.fi\\\/km\\\/etusivu\\\/luku-3-brandi-ja-maine\\\/ajanhallinta\\\/\",\"url\":\"https:\\\/\\\/xn--kntjmestari-l8aacb.fi\\\/km\\\/etusivu\\\/luku-3-brandi-ja-maine\\\/ajanhallinta\\\/\",\"name\":\"AJANHALLINTA - K\u00e4\u00e4nt\u00e4j\u00e4mestarin kirja\",\"isPartOf\":{\"@id\":\"https:\\\/\\\/xn--kntjmestari-l8aacb.fi\\\/km\\\/#website\"},\"datePublished\":\"2021-12-22T09:49:07+00:00\",\"breadcrumb\":{\"@id\":\"https:\\\/\\\/xn--kntjmestari-l8aacb.fi\\\/km\\\/etusivu\\\/luku-3-brandi-ja-maine\\\/ajanhallinta\\\/#breadcrumb\"},\"inLanguage\":\"fi\",\"potentialAction\":[{\"@type\":\"ReadAction\",\"target\":[\"https:\\\/\\\/xn--kntjmestari-l8aacb.fi\\\/km\\\/etusivu\\\/luku-3-brandi-ja-maine\\\/ajanhallinta\\\/\"]}]},{\"@type\":\"BreadcrumbList\",\"@id\":\"https:\\\/\\\/xn--kntjmestari-l8aacb.fi\\\/km\\\/etusivu\\\/luku-3-brandi-ja-maine\\\/ajanhallinta\\\/#breadcrumb\",\"itemListElement\":[{\"@type\":\"ListItem\",\"position\":1,\"name\":\"Etusivu\",\"item\":\"https:\\\/\\\/xn--kntjmestari-l8aacb.fi\\\/km\\\/\"},{\"@type\":\"ListItem\",\"position\":2,\"name\":\"K\u00e4\u00e4nt\u00e4j\u00e4mestarin kirja\",\"item\":\"https:\\\/\\\/xn--kntjmestari-l8aacb.fi\\\/km\\\/\"},{\"@type\":\"ListItem\",\"position\":3,\"name\":\"LUKU 3 \u2013 BR\u00c4NDI JA MAINE\",\"item\":\"https:\\\/\\\/xn--kntjmestari-l8aacb.fi\\\/km\\\/etusivu\\\/luku-3-brandi-ja-maine\\\/\"},{\"@type\":\"ListItem\",\"position\":4,\"name\":\"AJANHALLINTA\"}]},{\"@type\":\"WebSite\",\"@id\":\"https:\\\/\\\/xn--kntjmestari-l8aacb.fi\\\/km\\\/#website\",\"url\":\"https:\\\/\\\/xn--kntjmestari-l8aacb.fi\\\/km\\\/\",\"name\":\"K\u00e4\u00e4nt\u00e4j\u00e4mestarin kirja\",\"description\":\"k\u00e4yt\u00e4nn\u00f6n opas aloitteleville k\u00e4\u00e4nt\u00e4jille ja tulkeille\",\"publisher\":{\"@id\":\"https:\\\/\\\/xn--kntjmestari-l8aacb.fi\\\/km\\\/#organization\"},\"potentialAction\":[{\"@type\":\"SearchAction\",\"target\":{\"@type\":\"EntryPoint\",\"urlTemplate\":\"https:\\\/\\\/xn--kntjmestari-l8aacb.fi\\\/km\\\/?s={search_term_string}\"},\"query-input\":{\"@type\":\"PropertyValueSpecification\",\"valueRequired\":true,\"valueName\":\"search_term_string\"}}],\"inLanguage\":\"fi\"},{\"@type\":\"Organization\",\"@id\":\"https:\\\/\\\/xn--kntjmestari-l8aacb.fi\\\/km\\\/#organization\",\"name\":\"K\u00e4\u00e4nt\u00e4j\u00e4mestarit\",\"url\":\"https:\\\/\\\/xn--kntjmestari-l8aacb.fi\\\/km\\\/\",\"logo\":{\"@type\":\"ImageObject\",\"inLanguage\":\"fi\",\"@id\":\"https:\\\/\\\/xn--kntjmestari-l8aacb.fi\\\/km\\\/#\\\/schema\\\/logo\\\/image\\\/\",\"url\":\"https:\\\/\\\/xn--kntjmestari-l8aacb.fi\\\/km\\\/wp-content\\\/uploads\\\/2021\\\/12\\\/logo.jpg\",\"contentUrl\":\"https:\\\/\\\/xn--kntjmestari-l8aacb.fi\\\/km\\\/wp-content\\\/uploads\\\/2021\\\/12\\\/logo.jpg\",\"width\":509,\"height\":530,\"caption\":\"K\u00e4\u00e4nt\u00e4j\u00e4mestarit\"},\"image\":{\"@id\":\"https:\\\/\\\/xn--kntjmestari-l8aacb.fi\\\/km\\\/#\\\/schema\\\/logo\\\/image\\\/\"}}]}<\/script>\n<!-- \/ Yoast SEO plugin. -->","yoast_head_json":{"title":"AJANHALLINTA - K\u00e4\u00e4nt\u00e4j\u00e4mestarin kirja","robots":{"index":"index","follow":"follow","max-snippet":"max-snippet:-1","max-image-preview":"max-image-preview:large","max-video-preview":"max-video-preview:-1"},"canonical":"https:\/\/xn--kntjmestari-l8aacb.fi\/km\/etusivu\/luku-3-brandi-ja-maine\/ajanhallinta\/","og_locale":"fi_FI","og_type":"article","og_title":"AJANHALLINTA - K\u00e4\u00e4nt\u00e4j\u00e4mestarin kirja","og_description":"Vaikka oletkin riippuvainen asiakkaiden aikatauluista, muista my\u00f6s varata tietoisesti aikaa lep\u00e4\u00e4miseen ja lomien pit\u00e4miseen! Lomat ja muut vapaat kannattaa budjetoida valmiiksi. Tavallinen laskentatapa on, ett\u00e4 vuodesta kymmenen\u00e4 kuukautena tulee liikevaihtoa ja loput kaksi kuukautta ovat lomaa, hiljaista aikaa tai muuta vastaavaa. Sen paremmin ty\u00f6aikoihin kuin lomailuunkaan ei voi antaa yleisp\u00e4tevi\u00e4 ohjeita \u2013 yhdelle sopii yksi [&hellip;]","og_url":"https:\/\/xn--kntjmestari-l8aacb.fi\/km\/etusivu\/luku-3-brandi-ja-maine\/ajanhallinta\/","og_site_name":"K\u00e4\u00e4nt\u00e4j\u00e4mestarin kirja","twitter_card":"summary_large_image","twitter_misc":{"Arvioitu lukuaika":"3 minuuttia"},"schema":{"@context":"https:\/\/schema.org","@graph":[{"@type":"WebPage","@id":"https:\/\/xn--kntjmestari-l8aacb.fi\/km\/etusivu\/luku-3-brandi-ja-maine\/ajanhallinta\/","url":"https:\/\/xn--kntjmestari-l8aacb.fi\/km\/etusivu\/luku-3-brandi-ja-maine\/ajanhallinta\/","name":"AJANHALLINTA - K\u00e4\u00e4nt\u00e4j\u00e4mestarin kirja","isPartOf":{"@id":"https:\/\/xn--kntjmestari-l8aacb.fi\/km\/#website"},"datePublished":"2021-12-22T09:49:07+00:00","breadcrumb":{"@id":"https:\/\/xn--kntjmestari-l8aacb.fi\/km\/etusivu\/luku-3-brandi-ja-maine\/ajanhallinta\/#breadcrumb"},"inLanguage":"fi","potentialAction":[{"@type":"ReadAction","target":["https:\/\/xn--kntjmestari-l8aacb.fi\/km\/etusivu\/luku-3-brandi-ja-maine\/ajanhallinta\/"]}]},{"@type":"BreadcrumbList","@id":"https:\/\/xn--kntjmestari-l8aacb.fi\/km\/etusivu\/luku-3-brandi-ja-maine\/ajanhallinta\/#breadcrumb","itemListElement":[{"@type":"ListItem","position":1,"name":"Etusivu","item":"https:\/\/xn--kntjmestari-l8aacb.fi\/km\/"},{"@type":"ListItem","position":2,"name":"K\u00e4\u00e4nt\u00e4j\u00e4mestarin kirja","item":"https:\/\/xn--kntjmestari-l8aacb.fi\/km\/"},{"@type":"ListItem","position":3,"name":"LUKU 3 \u2013 BR\u00c4NDI JA MAINE","item":"https:\/\/xn--kntjmestari-l8aacb.fi\/km\/etusivu\/luku-3-brandi-ja-maine\/"},{"@type":"ListItem","position":4,"name":"AJANHALLINTA"}]},{"@type":"WebSite","@id":"https:\/\/xn--kntjmestari-l8aacb.fi\/km\/#website","url":"https:\/\/xn--kntjmestari-l8aacb.fi\/km\/","name":"K\u00e4\u00e4nt\u00e4j\u00e4mestarin kirja","description":"k\u00e4yt\u00e4nn\u00f6n opas aloitteleville k\u00e4\u00e4nt\u00e4jille ja tulkeille","publisher":{"@id":"https:\/\/xn--kntjmestari-l8aacb.fi\/km\/#organization"},"potentialAction":[{"@type":"SearchAction","target":{"@type":"EntryPoint","urlTemplate":"https:\/\/xn--kntjmestari-l8aacb.fi\/km\/?s={search_term_string}"},"query-input":{"@type":"PropertyValueSpecification","valueRequired":true,"valueName":"search_term_string"}}],"inLanguage":"fi"},{"@type":"Organization","@id":"https:\/\/xn--kntjmestari-l8aacb.fi\/km\/#organization","name":"K\u00e4\u00e4nt\u00e4j\u00e4mestarit","url":"https:\/\/xn--kntjmestari-l8aacb.fi\/km\/","logo":{"@type":"ImageObject","inLanguage":"fi","@id":"https:\/\/xn--kntjmestari-l8aacb.fi\/km\/#\/schema\/logo\/image\/","url":"https:\/\/xn--kntjmestari-l8aacb.fi\/km\/wp-content\/uploads\/2021\/12\/logo.jpg","contentUrl":"https:\/\/xn--kntjmestari-l8aacb.fi\/km\/wp-content\/uploads\/2021\/12\/logo.jpg","width":509,"height":530,"caption":"K\u00e4\u00e4nt\u00e4j\u00e4mestarit"},"image":{"@id":"https:\/\/xn--kntjmestari-l8aacb.fi\/km\/#\/schema\/logo\/image\/"}}]}},"_links":{"self":[{"href":"https:\/\/xn--kntjmestari-l8aacb.fi\/km\/wp-json\/wp\/v2\/pages\/134","targetHints":{"allow":["GET"]}}],"collection":[{"href":"https:\/\/xn--kntjmestari-l8aacb.fi\/km\/wp-json\/wp\/v2\/pages"}],"about":[{"href":"https:\/\/xn--kntjmestari-l8aacb.fi\/km\/wp-json\/wp\/v2\/types\/page"}],"author":[{"embeddable":true,"href":"https:\/\/xn--kntjmestari-l8aacb.fi\/km\/wp-json\/wp\/v2\/users\/2"}],"replies":[{"embeddable":true,"href":"https:\/\/xn--kntjmestari-l8aacb.fi\/km\/wp-json\/wp\/v2\/comments?post=134"}],"version-history":[{"count":2,"href":"https:\/\/xn--kntjmestari-l8aacb.fi\/km\/wp-json\/wp\/v2\/pages\/134\/revisions"}],"predecessor-version":[{"id":136,"href":"https:\/\/xn--kntjmestari-l8aacb.fi\/km\/wp-json\/wp\/v2\/pages\/134\/revisions\/136"}],"up":[{"embeddable":true,"href":"https:\/\/xn--kntjmestari-l8aacb.fi\/km\/wp-json\/wp\/v2\/pages\/119"}],"wp:attachment":[{"href":"https:\/\/xn--kntjmestari-l8aacb.fi\/km\/wp-json\/wp\/v2\/media?parent=134"}],"curies":[{"name":"wp","href":"https:\/\/api.w.org\/{rel}","templated":true}]}}