{"id":145,"date":"2021-12-22T09:57:27","date_gmt":"2021-12-22T09:57:27","guid":{"rendered":"https:\/\/xn--kntjmestari-l8aacb.fi\/km\/?page_id=145"},"modified":"2021-12-22T09:57:44","modified_gmt":"2021-12-22T09:57:44","slug":"perusasiat-kuntoon","status":"publish","type":"page","link":"https:\/\/xn--kntjmestari-l8aacb.fi\/km\/etusivu\/luku-4-markkinointi-ja-asiakashankinta\/perusasiat-kuntoon\/","title":{"rendered":"PERUSASIAT KUNTOON"},"content":{"rendered":"<p>[et_pb_section fb_built=&#8221;1&#8243; _builder_version=&#8221;3.22&#8243; global_colors_info=&#8221;{}&#8221; theme_builder_area=&#8221;post_content&#8221;][et_pb_row _builder_version=&#8221;4.14.2&#8243; _module_preset=&#8221;default&#8221; global_colors_info=&#8221;{}&#8221; theme_builder_area=&#8221;post_content&#8221;][et_pb_column type=&#8221;4_4&#8243; _builder_version=&#8221;4.14.2&#8243; _module_preset=&#8221;default&#8221; global_colors_info=&#8221;{}&#8221; theme_builder_area=&#8221;post_content&#8221;][et_pb_post_title meta=&#8221;off&#8221; featured_image=&#8221;off&#8221; _builder_version=&#8221;4.14.2&#8243; _module_preset=&#8221;default&#8221; global_colors_info=&#8221;{}&#8221; theme_builder_area=&#8221;post_content&#8221;][\/et_pb_post_title][\/et_pb_column][\/et_pb_row][et_pb_row column_structure=&#8221;1_2,1_2&#8243; _builder_version=&#8221;3.25&#8243; background_size=&#8221;initial&#8221; background_position=&#8221;top_left&#8221; background_repeat=&#8221;repeat&#8221; global_colors_info=&#8221;{}&#8221; theme_builder_area=&#8221;post_content&#8221;][et_pb_column type=&#8221;1_2&#8243; _builder_version=&#8221;3.25&#8243; custom_padding=&#8221;|||&#8221; global_colors_info=&#8221;{}&#8221; custom_padding__hover=&#8221;|||&#8221; theme_builder_area=&#8221;post_content&#8221;][et_pb_text _builder_version=&#8221;4.14.2&#8243; background_size=&#8221;initial&#8221; background_position=&#8221;top_left&#8221; background_repeat=&#8221;repeat&#8221; custom_margin=&#8221;|-426px||||&#8221; custom_padding=&#8221;||0px|||&#8221; global_colors_info=&#8221;{}&#8221; theme_builder_area=&#8221;post_content&#8221;]<\/p>\n<div id=\"page-zones__main-widgets__content1\" data-name=\"content\" class=\"content widget js-widget\" data-uniqueid=\"OloHtMAomHwAijU\" data-parentuniqueid=\"69O0NdSLr5jBL3F\">\n<div class=\"bk-content-text js-text-content   wysihtml-editor-content\">\n<p>Jotta k\u00e4\u00e4nt\u00e4j\u00e4ll\u00e4 tai tulkilla olisi t\u00f6it\u00e4, joista saa rahaa, h\u00e4n tarvitsee asiakkaita. Asiakkaita saa markkinoimalla. Tarvittava asiakasm\u00e4\u00e4r\u00e4 riippuu siit\u00e4, mink\u00e4 verran asiakkaat tilaavat ja millaisia asiakkaat ovat. Yhdelle voi riitt\u00e4\u00e4 puolenkymment\u00e4 asiakasta, kun taas toisella asiakkaita voi olla satoja.<\/p>\n<p>Ennen kuin ryhdyt markkinoimaan palvelujasi, mieti kolme asiaa:<\/p>\n<ul>\n<ul>\n<ol>\n<li>mit\u00e4 myyt eli tuotteet ja palvelut<\/li>\n<li>kenelle myyt eli kohderyhm\u00e4t<\/li>\n<li>mihin hintaan myyt eli hinnoittelu.<\/li>\n<\/ol>\n<\/ul>\n<\/ul>\n<p><span><\/span><\/p>\n<h4>Tuotteet ja palvelut<\/h4>\n<p>Kielipalvelualalla tuotteita ovat tarjottavat palvelut.\u00a0Alan yritt\u00e4jien palvelupaketeissa on suuria vaihteluja: kun yksi tarjoaa k\u00e4\u00e4nn\u00f6ksi\u00e4 yhdess\u00e4 kieliparissa, toinen tarjoaa k\u00e4\u00e4nn\u00f6s- ja tulkkauspalveluja useissa kielipareissa,\u00a0erilaisia tarkistust\u00f6it\u00e4 ja taittopalveluja. Osa k\u00e4\u00e4nn\u00f6stoimistoista ostaa my\u00f6s projektinhallintaa yritt\u00e4jilt\u00e4.<\/p>\n<p>Esimerkkej\u00e4 kielipalvelualan palveluista:<\/p>\n<ul>\n<ul>\n<ul>\n<li>k\u00e4\u00e4nn\u00f6s<\/li>\n<li>auktorisoitu k\u00e4\u00e4nn\u00f6s<\/li>\n<li>tulkkaus<\/li>\n<li>lokalisointi<\/li>\n<li>k\u00e4\u00e4nn\u00f6sten tarkistus<\/li>\n<li>kielentarkistus<\/li>\n<li>oikoluku<\/li>\n<li>taitto<\/li>\n<li>projektinhallinta.<\/li>\n<\/ul>\n<\/ul>\n<\/ul>\n<p><span><\/span><\/p>\n<h4>Kohderyhm\u00e4<\/h4>\n<p>Kielipalvelualan yritt\u00e4j\u00e4ll\u00e4 on paljon mahdollisia\u00a0kohderyhmi\u00e4. Yritt\u00e4j\u00e4 voi valita ensisijaiseksi kohderyhm\u00e4kseen k\u00e4\u00e4nn\u00f6stoimistot, joille palvelujen markkinoiminen on yksinkertaisempaa ja suoraviivaisempaa kuin suorille\u00a0asiakkaille. K\u00e4\u00e4nn\u00f6stoimistojen ja suorien asiakkaiden lis\u00e4ksi kohderyhm\u00e4 voi\u00a0olla yksityishenkil\u00f6t (usein\u00a0auktorisoidut k\u00e4\u00e4nn\u00f6kset). K\u00e4\u00e4nn\u00f6stoimistoilla t\u00f6it\u00e4 on paljon, mutta kilpailu k\u00e4\u00e4nn\u00f6stoimistojen toimeksiannoista on kovaa.\u00a0<\/p>\n<p>Suorat asiakkaat jakautuvat julkishallinnon toimijoihin ja yksityisiin yrityksiin. Suorat asiakkaat voivat olla eri alojen yrityksi\u00e4, pieni\u00e4 tai suuria.\u00a0Asiakasyritykset\u00a0voivat sijaita\u00a0Suomessa tai ulkomailla.\u00a0<\/p>\n<p>Verkostojen voimaa ei kannata aliarvioida. Vaikka asiakas onkin yritys, tilaaja on ihminen. Ihmiset ostavat ihmisilt\u00e4. Siksi kannattaa n\u00e4hd\u00e4 vaivaa hyvien ja laajojen verkostojen luomiseksi.<\/p>\n<p>&nbsp;<\/p>\n<h4>Hinnasto<\/h4>\n<p>Laadi omaan k\u00e4ytt\u00f6\u00f6si hinnasto, jossa on kunkin palvelun hinta. Esimerkki:<\/p>\n<ul>\n<ul>\n<ul>\n<li>k\u00e4\u00e4nn\u00f6s, kielipari: x \u20ac\/rivi, sana tai sivu<\/li>\n<li>tulkkaus, kielipari: x \u20ac\/tunti tai p\u00e4iv\u00e4<\/li>\n<li>tuntity\u00f6t x \u20ac<\/li>\n<li>minimiveloitus x \u20ac<\/li>\n<\/ul>\n<\/ul>\n<\/ul>\n<p>Laadi lis\u00e4ksi omat hinnastot kullekin asiakasryhm\u00e4lle, esimerkiksi\u00a0yksi hinnasto suorille asiakkaille ja toinen k\u00e4\u00e4nn\u00f6stoimistoasiakkaille. Lis\u00e4ksi sinulla voi olla asiakaskohtaisia hinnastoja, eli kunkin asiakkaan kanssa erikseen sovitut hinnat. N\u00e4ist\u00e4 kannattaa pit\u00e4\u00e4 kirjaa huolellisesti, jotta muistat laskea kunkin asiakkaan ty\u00f6t oikein. Helpoimmalla p\u00e4\u00e4set kuitenkin, jos sinulla on mahdollisimman v\u00e4h\u00e4n erilaisia hinnastoja.<\/p>\n<\/div>\n<\/div>\n<p>[\/et_pb_text][\/et_pb_column][et_pb_column type=&#8221;1_2&#8243; _builder_version=&#8221;3.25&#8243; custom_padding=&#8221;|||&#8221; global_colors_info=&#8221;{}&#8221; custom_padding__hover=&#8221;|||&#8221; theme_builder_area=&#8221;post_content&#8221;][\/et_pb_column][\/et_pb_row][\/et_pb_section]<\/p>\n","protected":false},"excerpt":{"rendered":"<p>Jotta k\u00e4\u00e4nt\u00e4j\u00e4ll\u00e4 tai tulkilla olisi t\u00f6it\u00e4, joista saa rahaa, h\u00e4n tarvitsee asiakkaita. Asiakkaita saa markkinoimalla. Tarvittava asiakasm\u00e4\u00e4r\u00e4 riippuu siit\u00e4, mink\u00e4 verran asiakkaat tilaavat ja millaisia asiakkaat ovat. Yhdelle voi riitt\u00e4\u00e4 puolenkymment\u00e4 asiakasta, kun taas toisella asiakkaita voi olla satoja. Ennen kuin ryhdyt markkinoimaan palvelujasi, mieti kolme asiaa: mit\u00e4 myyt eli tuotteet ja palvelut kenelle myyt [&hellip;]<\/p>\n","protected":false},"author":2,"featured_media":0,"parent":138,"menu_order":0,"comment_status":"closed","ping_status":"closed","template":"","meta":{"_et_pb_use_builder":"on","_et_pb_old_content":"","_et_gb_content_width":"","footnotes":""},"class_list":["post-145","page","type-page","status-publish","hentry"],"yoast_head":"<!-- This site is optimized with the Yoast SEO plugin v27.4 - https:\/\/yoast.com\/product\/yoast-seo-wordpress\/ -->\n<title>PERUSASIAT KUNTOON - K\u00e4\u00e4nt\u00e4j\u00e4mestarin kirja<\/title>\n<meta name=\"robots\" content=\"index, follow, max-snippet:-1, max-image-preview:large, max-video-preview:-1\" \/>\n<link rel=\"canonical\" href=\"https:\/\/xn--kntjmestari-l8aacb.fi\/km\/etusivu\/luku-4-markkinointi-ja-asiakashankinta\/perusasiat-kuntoon\/\" \/>\n<meta property=\"og:locale\" content=\"fi_FI\" \/>\n<meta property=\"og:type\" content=\"article\" \/>\n<meta property=\"og:title\" content=\"PERUSASIAT KUNTOON - K\u00e4\u00e4nt\u00e4j\u00e4mestarin kirja\" \/>\n<meta property=\"og:description\" content=\"Jotta k\u00e4\u00e4nt\u00e4j\u00e4ll\u00e4 tai tulkilla olisi t\u00f6it\u00e4, joista saa rahaa, h\u00e4n tarvitsee asiakkaita. Asiakkaita saa markkinoimalla. Tarvittava asiakasm\u00e4\u00e4r\u00e4 riippuu siit\u00e4, mink\u00e4 verran asiakkaat tilaavat ja millaisia asiakkaat ovat. Yhdelle voi riitt\u00e4\u00e4 puolenkymment\u00e4 asiakasta, kun taas toisella asiakkaita voi olla satoja. Ennen kuin ryhdyt markkinoimaan palvelujasi, mieti kolme asiaa: mit\u00e4 myyt eli tuotteet ja palvelut kenelle myyt [&hellip;]\" \/>\n<meta property=\"og:url\" content=\"https:\/\/xn--kntjmestari-l8aacb.fi\/km\/etusivu\/luku-4-markkinointi-ja-asiakashankinta\/perusasiat-kuntoon\/\" \/>\n<meta property=\"og:site_name\" content=\"K\u00e4\u00e4nt\u00e4j\u00e4mestarin kirja\" \/>\n<meta property=\"article:modified_time\" content=\"2021-12-22T09:57:44+00:00\" \/>\n<meta name=\"twitter:card\" content=\"summary_large_image\" \/>\n<meta name=\"twitter:label1\" content=\"Arvioitu lukuaika\" \/>\n\t<meta name=\"twitter:data1\" content=\"3 minuuttia\" \/>\n<script type=\"application\/ld+json\" class=\"yoast-schema-graph\">{\"@context\":\"https:\\\/\\\/schema.org\",\"@graph\":[{\"@type\":\"WebPage\",\"@id\":\"https:\\\/\\\/xn--kntjmestari-l8aacb.fi\\\/km\\\/etusivu\\\/luku-4-markkinointi-ja-asiakashankinta\\\/perusasiat-kuntoon\\\/\",\"url\":\"https:\\\/\\\/xn--kntjmestari-l8aacb.fi\\\/km\\\/etusivu\\\/luku-4-markkinointi-ja-asiakashankinta\\\/perusasiat-kuntoon\\\/\",\"name\":\"PERUSASIAT KUNTOON - K\u00e4\u00e4nt\u00e4j\u00e4mestarin kirja\",\"isPartOf\":{\"@id\":\"https:\\\/\\\/xn--kntjmestari-l8aacb.fi\\\/km\\\/#website\"},\"datePublished\":\"2021-12-22T09:57:27+00:00\",\"dateModified\":\"2021-12-22T09:57:44+00:00\",\"breadcrumb\":{\"@id\":\"https:\\\/\\\/xn--kntjmestari-l8aacb.fi\\\/km\\\/etusivu\\\/luku-4-markkinointi-ja-asiakashankinta\\\/perusasiat-kuntoon\\\/#breadcrumb\"},\"inLanguage\":\"fi\",\"potentialAction\":[{\"@type\":\"ReadAction\",\"target\":[\"https:\\\/\\\/xn--kntjmestari-l8aacb.fi\\\/km\\\/etusivu\\\/luku-4-markkinointi-ja-asiakashankinta\\\/perusasiat-kuntoon\\\/\"]}]},{\"@type\":\"BreadcrumbList\",\"@id\":\"https:\\\/\\\/xn--kntjmestari-l8aacb.fi\\\/km\\\/etusivu\\\/luku-4-markkinointi-ja-asiakashankinta\\\/perusasiat-kuntoon\\\/#breadcrumb\",\"itemListElement\":[{\"@type\":\"ListItem\",\"position\":1,\"name\":\"Etusivu\",\"item\":\"https:\\\/\\\/xn--kntjmestari-l8aacb.fi\\\/km\\\/\"},{\"@type\":\"ListItem\",\"position\":2,\"name\":\"K\u00e4\u00e4nt\u00e4j\u00e4mestarin kirja\",\"item\":\"https:\\\/\\\/xn--kntjmestari-l8aacb.fi\\\/km\\\/\"},{\"@type\":\"ListItem\",\"position\":3,\"name\":\"LUKU 4 \u2013 MARKKINOINTI JA ASIAKASHANKINTA\",\"item\":\"https:\\\/\\\/xn--kntjmestari-l8aacb.fi\\\/km\\\/etusivu\\\/luku-4-markkinointi-ja-asiakashankinta\\\/\"},{\"@type\":\"ListItem\",\"position\":4,\"name\":\"PERUSASIAT KUNTOON\"}]},{\"@type\":\"WebSite\",\"@id\":\"https:\\\/\\\/xn--kntjmestari-l8aacb.fi\\\/km\\\/#website\",\"url\":\"https:\\\/\\\/xn--kntjmestari-l8aacb.fi\\\/km\\\/\",\"name\":\"K\u00e4\u00e4nt\u00e4j\u00e4mestarin kirja\",\"description\":\"k\u00e4yt\u00e4nn\u00f6n opas aloitteleville k\u00e4\u00e4nt\u00e4jille ja tulkeille\",\"publisher\":{\"@id\":\"https:\\\/\\\/xn--kntjmestari-l8aacb.fi\\\/km\\\/#organization\"},\"potentialAction\":[{\"@type\":\"SearchAction\",\"target\":{\"@type\":\"EntryPoint\",\"urlTemplate\":\"https:\\\/\\\/xn--kntjmestari-l8aacb.fi\\\/km\\\/?s={search_term_string}\"},\"query-input\":{\"@type\":\"PropertyValueSpecification\",\"valueRequired\":true,\"valueName\":\"search_term_string\"}}],\"inLanguage\":\"fi\"},{\"@type\":\"Organization\",\"@id\":\"https:\\\/\\\/xn--kntjmestari-l8aacb.fi\\\/km\\\/#organization\",\"name\":\"K\u00e4\u00e4nt\u00e4j\u00e4mestarit\",\"url\":\"https:\\\/\\\/xn--kntjmestari-l8aacb.fi\\\/km\\\/\",\"logo\":{\"@type\":\"ImageObject\",\"inLanguage\":\"fi\",\"@id\":\"https:\\\/\\\/xn--kntjmestari-l8aacb.fi\\\/km\\\/#\\\/schema\\\/logo\\\/image\\\/\",\"url\":\"https:\\\/\\\/xn--kntjmestari-l8aacb.fi\\\/km\\\/wp-content\\\/uploads\\\/2021\\\/12\\\/logo.jpg\",\"contentUrl\":\"https:\\\/\\\/xn--kntjmestari-l8aacb.fi\\\/km\\\/wp-content\\\/uploads\\\/2021\\\/12\\\/logo.jpg\",\"width\":509,\"height\":530,\"caption\":\"K\u00e4\u00e4nt\u00e4j\u00e4mestarit\"},\"image\":{\"@id\":\"https:\\\/\\\/xn--kntjmestari-l8aacb.fi\\\/km\\\/#\\\/schema\\\/logo\\\/image\\\/\"}}]}<\/script>\n<!-- \/ Yoast SEO plugin. -->","yoast_head_json":{"title":"PERUSASIAT KUNTOON - K\u00e4\u00e4nt\u00e4j\u00e4mestarin kirja","robots":{"index":"index","follow":"follow","max-snippet":"max-snippet:-1","max-image-preview":"max-image-preview:large","max-video-preview":"max-video-preview:-1"},"canonical":"https:\/\/xn--kntjmestari-l8aacb.fi\/km\/etusivu\/luku-4-markkinointi-ja-asiakashankinta\/perusasiat-kuntoon\/","og_locale":"fi_FI","og_type":"article","og_title":"PERUSASIAT KUNTOON - K\u00e4\u00e4nt\u00e4j\u00e4mestarin kirja","og_description":"Jotta k\u00e4\u00e4nt\u00e4j\u00e4ll\u00e4 tai tulkilla olisi t\u00f6it\u00e4, joista saa rahaa, h\u00e4n tarvitsee asiakkaita. Asiakkaita saa markkinoimalla. Tarvittava asiakasm\u00e4\u00e4r\u00e4 riippuu siit\u00e4, mink\u00e4 verran asiakkaat tilaavat ja millaisia asiakkaat ovat. Yhdelle voi riitt\u00e4\u00e4 puolenkymment\u00e4 asiakasta, kun taas toisella asiakkaita voi olla satoja. Ennen kuin ryhdyt markkinoimaan palvelujasi, mieti kolme asiaa: mit\u00e4 myyt eli tuotteet ja palvelut kenelle myyt [&hellip;]","og_url":"https:\/\/xn--kntjmestari-l8aacb.fi\/km\/etusivu\/luku-4-markkinointi-ja-asiakashankinta\/perusasiat-kuntoon\/","og_site_name":"K\u00e4\u00e4nt\u00e4j\u00e4mestarin kirja","article_modified_time":"2021-12-22T09:57:44+00:00","twitter_card":"summary_large_image","twitter_misc":{"Arvioitu lukuaika":"3 minuuttia"},"schema":{"@context":"https:\/\/schema.org","@graph":[{"@type":"WebPage","@id":"https:\/\/xn--kntjmestari-l8aacb.fi\/km\/etusivu\/luku-4-markkinointi-ja-asiakashankinta\/perusasiat-kuntoon\/","url":"https:\/\/xn--kntjmestari-l8aacb.fi\/km\/etusivu\/luku-4-markkinointi-ja-asiakashankinta\/perusasiat-kuntoon\/","name":"PERUSASIAT KUNTOON - K\u00e4\u00e4nt\u00e4j\u00e4mestarin kirja","isPartOf":{"@id":"https:\/\/xn--kntjmestari-l8aacb.fi\/km\/#website"},"datePublished":"2021-12-22T09:57:27+00:00","dateModified":"2021-12-22T09:57:44+00:00","breadcrumb":{"@id":"https:\/\/xn--kntjmestari-l8aacb.fi\/km\/etusivu\/luku-4-markkinointi-ja-asiakashankinta\/perusasiat-kuntoon\/#breadcrumb"},"inLanguage":"fi","potentialAction":[{"@type":"ReadAction","target":["https:\/\/xn--kntjmestari-l8aacb.fi\/km\/etusivu\/luku-4-markkinointi-ja-asiakashankinta\/perusasiat-kuntoon\/"]}]},{"@type":"BreadcrumbList","@id":"https:\/\/xn--kntjmestari-l8aacb.fi\/km\/etusivu\/luku-4-markkinointi-ja-asiakashankinta\/perusasiat-kuntoon\/#breadcrumb","itemListElement":[{"@type":"ListItem","position":1,"name":"Etusivu","item":"https:\/\/xn--kntjmestari-l8aacb.fi\/km\/"},{"@type":"ListItem","position":2,"name":"K\u00e4\u00e4nt\u00e4j\u00e4mestarin kirja","item":"https:\/\/xn--kntjmestari-l8aacb.fi\/km\/"},{"@type":"ListItem","position":3,"name":"LUKU 4 \u2013 MARKKINOINTI JA ASIAKASHANKINTA","item":"https:\/\/xn--kntjmestari-l8aacb.fi\/km\/etusivu\/luku-4-markkinointi-ja-asiakashankinta\/"},{"@type":"ListItem","position":4,"name":"PERUSASIAT KUNTOON"}]},{"@type":"WebSite","@id":"https:\/\/xn--kntjmestari-l8aacb.fi\/km\/#website","url":"https:\/\/xn--kntjmestari-l8aacb.fi\/km\/","name":"K\u00e4\u00e4nt\u00e4j\u00e4mestarin kirja","description":"k\u00e4yt\u00e4nn\u00f6n opas aloitteleville k\u00e4\u00e4nt\u00e4jille ja tulkeille","publisher":{"@id":"https:\/\/xn--kntjmestari-l8aacb.fi\/km\/#organization"},"potentialAction":[{"@type":"SearchAction","target":{"@type":"EntryPoint","urlTemplate":"https:\/\/xn--kntjmestari-l8aacb.fi\/km\/?s={search_term_string}"},"query-input":{"@type":"PropertyValueSpecification","valueRequired":true,"valueName":"search_term_string"}}],"inLanguage":"fi"},{"@type":"Organization","@id":"https:\/\/xn--kntjmestari-l8aacb.fi\/km\/#organization","name":"K\u00e4\u00e4nt\u00e4j\u00e4mestarit","url":"https:\/\/xn--kntjmestari-l8aacb.fi\/km\/","logo":{"@type":"ImageObject","inLanguage":"fi","@id":"https:\/\/xn--kntjmestari-l8aacb.fi\/km\/#\/schema\/logo\/image\/","url":"https:\/\/xn--kntjmestari-l8aacb.fi\/km\/wp-content\/uploads\/2021\/12\/logo.jpg","contentUrl":"https:\/\/xn--kntjmestari-l8aacb.fi\/km\/wp-content\/uploads\/2021\/12\/logo.jpg","width":509,"height":530,"caption":"K\u00e4\u00e4nt\u00e4j\u00e4mestarit"},"image":{"@id":"https:\/\/xn--kntjmestari-l8aacb.fi\/km\/#\/schema\/logo\/image\/"}}]}},"_links":{"self":[{"href":"https:\/\/xn--kntjmestari-l8aacb.fi\/km\/wp-json\/wp\/v2\/pages\/145","targetHints":{"allow":["GET"]}}],"collection":[{"href":"https:\/\/xn--kntjmestari-l8aacb.fi\/km\/wp-json\/wp\/v2\/pages"}],"about":[{"href":"https:\/\/xn--kntjmestari-l8aacb.fi\/km\/wp-json\/wp\/v2\/types\/page"}],"author":[{"embeddable":true,"href":"https:\/\/xn--kntjmestari-l8aacb.fi\/km\/wp-json\/wp\/v2\/users\/2"}],"replies":[{"embeddable":true,"href":"https:\/\/xn--kntjmestari-l8aacb.fi\/km\/wp-json\/wp\/v2\/comments?post=145"}],"version-history":[{"count":2,"href":"https:\/\/xn--kntjmestari-l8aacb.fi\/km\/wp-json\/wp\/v2\/pages\/145\/revisions"}],"predecessor-version":[{"id":147,"href":"https:\/\/xn--kntjmestari-l8aacb.fi\/km\/wp-json\/wp\/v2\/pages\/145\/revisions\/147"}],"up":[{"embeddable":true,"href":"https:\/\/xn--kntjmestari-l8aacb.fi\/km\/wp-json\/wp\/v2\/pages\/138"}],"wp:attachment":[{"href":"https:\/\/xn--kntjmestari-l8aacb.fi\/km\/wp-json\/wp\/v2\/media?parent=145"}],"curies":[{"name":"wp","href":"https:\/\/api.w.org\/{rel}","templated":true}]}}