{"id":148,"date":"2021-12-22T09:59:01","date_gmt":"2021-12-22T09:59:01","guid":{"rendered":"https:\/\/xn--kntjmestari-l8aacb.fi\/km\/?page_id=148"},"modified":"2023-10-19T13:06:00","modified_gmt":"2023-10-19T10:06:00","slug":"markkinointi","status":"publish","type":"page","link":"https:\/\/xn--kntjmestari-l8aacb.fi\/km\/etusivu\/luku-4-markkinointi-ja-asiakashankinta\/markkinointi\/","title":{"rendered":"MARKKINOINTI"},"content":{"rendered":"<p>[et_pb_section fb_built=&#8221;1&#8243; _builder_version=&#8221;4.16&#8243; global_colors_info=&#8221;{}&#8221; theme_builder_area=&#8221;post_content&#8221;][et_pb_row _builder_version=&#8221;4.16&#8243; _module_preset=&#8221;default&#8221; global_colors_info=&#8221;{}&#8221; theme_builder_area=&#8221;post_content&#8221;][et_pb_column type=&#8221;4_4&#8243; _builder_version=&#8221;4.16&#8243; _module_preset=&#8221;default&#8221; global_colors_info=&#8221;{}&#8221; theme_builder_area=&#8221;post_content&#8221;][et_pb_post_title meta=&#8221;off&#8221; featured_image=&#8221;off&#8221; _builder_version=&#8221;4.16&#8243; _module_preset=&#8221;default&#8221; global_colors_info=&#8221;{}&#8221; theme_builder_area=&#8221;post_content&#8221;][\/et_pb_post_title][\/et_pb_column][\/et_pb_row][et_pb_row column_structure=&#8221;1_2,1_2&#8243; _builder_version=&#8221;4.16&#8243; background_size=&#8221;initial&#8221; background_position=&#8221;top_left&#8221; background_repeat=&#8221;repeat&#8221; global_colors_info=&#8221;{}&#8221; theme_builder_area=&#8221;post_content&#8221;][et_pb_column type=&#8221;1_2&#8243; _builder_version=&#8221;4.16&#8243; custom_padding=&#8221;|||&#8221; global_colors_info=&#8221;{}&#8221; custom_padding__hover=&#8221;|||&#8221; theme_builder_area=&#8221;post_content&#8221;][et_pb_text _builder_version=&#8221;4.16&#8243; background_size=&#8221;initial&#8221; background_position=&#8221;top_left&#8221; background_repeat=&#8221;repeat&#8221; custom_margin=&#8221;|-426px||||&#8221; custom_padding=&#8221;||0px|||&#8221; global_colors_info=&#8221;{}&#8221; theme_builder_area=&#8221;post_content&#8221;]<\/p>\n<div id=\"page-zones__main-widgets__content1\" data-name=\"content\" class=\"content widget js-widget\" data-uniqueid=\"OloHtMAomHwAijU\" data-parentuniqueid=\"69O0NdSLr5jBL3F\">\n<div class=\"bk-content-text js-text-content   wysihtml-editor-content\">\n<p>Markkinointia voi tehd\u00e4 monella tavalla. Tavallisia tapoja toteuttaa kielipalveluyrityksen markkinointia ovat s\u00e4hk\u00f6postimarkkinointi ja muu mahdollisten asiakasyritysten kontaktoiminen. Lis\u00e4ksi yritt\u00e4j\u00e4ll\u00e4 voi olla profiilit erilaisissa palveluissa, joista mahdolliset asiakkaat voivat h\u00e4net l\u00f6yt\u00e4\u00e4. Verkkosivusto on suositeltava, mutta kaikilla sit\u00e4 ei ole. Jos et halua luoda verkkosivustoa, huolehdi verkkon\u00e4kyvyydest\u00e4si. Jos sinua ei l\u00f6yd\u00e4 verkosta, sinua ei ole\u00a0\u2013 kuinka moneen sellaiseen\u00a0palveluntarjoajaan itse luotat, jonka tietoja et l\u00f6yd\u00e4 verkosta?<\/p>\n<p>&nbsp;<\/p>\n<h3><\/h3>\n<h4>Profiilit verkkopalveluissa<\/h4>\n<p>Alalla on useita maailmanlaajuisia portaaleja, joihin kielipalveluyritt\u00e4j\u00e4 voi luoda profiilin ja joista voivat etsi\u00e4 tekij\u00f6it\u00e4 toimeksiannoilleen. N\u00e4iss\u00e4 palveluissa asiakkaat voivat my\u00f6s ilmoittaa tarpeistaan.<\/p>\n<p>Esimerkkej\u00e4 t\u00e4llaisista portaaleista\u00a0 ovat<span>\u00a0<\/span><a href=\"http:\/\/www.proz.com\/\">Proz.com<\/a>,\u00a0<a href=\"http:\/\/www.translatorscafe.com\/\" target=\"_blank\" rel=\"noopener\">TranslatorsCaf\u00e9.com<\/a>\u00a0ja\u00a0<a href=\"http:\/\/www.translationdirectory.com\/\" target=\"_blank\" rel=\"noopener\">TranslationDirectory.com<\/a>. N\u00e4it\u00e4 palveluja k\u00e4ytt\u00e4v\u00e4t k\u00e4\u00e4nt\u00e4jien etsimiseen\u00a0p\u00e4\u00e4asiassa k\u00e4\u00e4nn\u00f6stoimistot. On hyv\u00e4 muistaa, ett\u00e4 palvelujen kautta tulee hyvien kontaktien lis\u00e4ksi\u00a0todenn\u00e4k\u00f6isesti my\u00f6s\u00a0paljon ala-arvoisia hintatarjouksia.\u00a0Muista my\u00f6s esimerkiksi omia kieliparejasi edustavien maiden k\u00e4\u00e4nt\u00e4j\u00e4j\u00e4rjest\u00f6jen hakemistoprofiilit, niiss\u00e4 n\u00e4kyvyys on mahdollista j\u00e4senmaksua vastaan.<\/p>\n<p>&nbsp;<\/p>\n<h3><\/h3>\n<h4>Verkkosivusto ja LinkedIn-profiili<\/h4>\n<p>Yksi parhaista k\u00e4yntikorteista verkossa on yrityksen tai yritt\u00e4j\u00e4n oma verkkosivusto. Sivusto voi olla hyvin yksinkertainenkin, vaikka vain yksi sivu, joka sis\u00e4lt\u00e4\u00e4 kaiken tarvittavan tiedon (tarjottavat palvelut ja yhteystiedot). Jos et halua luoda omaa sivustoa, huolehdi ainakin siit\u00e4, ett\u00e4 sinulla on\u00a0<a href=\"http:\/\/www.linkedin.com\/\" target=\"_blank\" rel=\"noopener\">LinkedIn<\/a>-profiili, jossa tietosi ovat ajan tasalla. Mieti my\u00f6s, miss\u00e4 asiakkaasi ovat: LinkedIn-profiilin voi luoda kaikilla sen tukemilla kielill\u00e4.\u00a0Useimmat toimeksiantajat tarkistavat yhteisty\u00f6kumppaniensa LinkedIn-profiilin, joten sen eteen kannattaa n\u00e4hd\u00e4 hieman vaivaa.\u00a0Vakuuttavan profiilin luot esimerkiksi\u00a0<a href=\"http:\/\/marketingtipsfortranslators.com\/wp-content\/uploads\/2014\/09\/LinkedIn-checklist.pdf\" target=\"_blank\" rel=\"noopener\">n\u00e4iden vinkkien<\/a>\u00a0avulla. Tutustu my\u00f6s tuntemiesi k\u00e4\u00e4nt\u00e4jien tai vaikkapa\u00a0<a href=\"http:\/\/www.kaantajamestarinkirja.fi\/tekijat\" target=\"_self\" rel=\"noopener\">t\u00e4m\u00e4n sivuston tekij\u00f6iden<\/a>\u00a0LinkedIn-profiileihin.<\/p>\n<p>&nbsp;<\/p>\n<h3><\/h3>\n<h4>Blogi<\/h4>\n<p>Blogit ovat suosittu tapa tehd\u00e4 sis\u00e4lt\u00f6markkinointia. Vaativasta asiantuntijapalveluaiheesta bloggaaminen edellytt\u00e4\u00e4 kuitenkin kokemusta ja osaamista. Siksi blogi ei v\u00e4ltt\u00e4m\u00e4tt\u00e4 sovellu markkinointity\u00f6kaluksi uraansa aloittelevalle. Tutustu alan toimijoiden ja yritysten blogeihin. T\u00e4ss\u00e4 on muutama\u00a0tutustumisen arvoinen\u00a0blogi:<\/p>\n<p><a href=\"http:\/\/www.traduct.fi\/blogi\/\" target=\"_blank\" rel=\"noopener\">Turkulaisen k\u00e4\u00e4nn\u00f6stoimisto Traduct Oy:n blogi<\/a><br \/><a href=\"http:\/\/tabujakaantajille.blogspot.fi\/\" target=\"_blank\" rel=\"noopener\">Tabuja k\u00e4\u00e4nt\u00e4jille<\/a><br \/><a href=\"http:\/\/www.lokakuutranslations.fi\/blogi\" target=\"_blank\" rel=\"noopener\">K\u00e4\u00e4nn\u00f6s- ja kielipalvelu Lokakuun blogi<\/a>\u00a0<br \/><a href=\"https:\/\/www.sarmacommunications.com\/blogi\/\" target=\"_blank\" rel=\"noopener\">S\u00e4rm\u00e4 Communications Oy:n blogi<\/a><\/p>\n<p>&nbsp;<\/p>\n<h4>S\u00e4hk\u00f6posti<\/h4>\n<p>Markkinointia voi tehd\u00e4 s\u00e4hk\u00f6postitse. Erityisesti k\u00e4\u00e4nn\u00f6stoimistoille markkinoitaessa s\u00e4hk\u00f6posti on usein toimiva keino. Laadi kontaktointilista huolellisesti: Tutustu toimistojen verkkosivustoihin ja valitse ne toimistot, joita haluat kontaktoida. L\u00e4het\u00e4 lyhyt viesti ja CV, jossa ovat t\u00e4rkeimm\u00e4t tiedot sinusta, tarjoamistasi palveluista, k\u00e4ytt\u00e4mist\u00e4si ty\u00f6kaluista ja hintasi. K\u00e4\u00e4nn\u00f6stoimistojen sivuilla on yleens\u00e4\u00a0ohjeet, miten heid\u00e4n toimittajakantaansa p\u00e4\u00e4see. Noudata ohjeita. Jos et saa vastausta, selvit\u00e4 toimiston vendor manager ja l\u00e4het\u00e4 h\u00e4nelle viesti suoraan.<\/p>\n<p>Suoria asiakkaita ei kannata kontaktoida s\u00e4hk\u00f6postitse ilman muuta edelt\u00e4v\u00e4\u00e4 yhteydenottoa. Viestisi p\u00e4\u00e4tyy helposti roskakoriin tai roskapostisuodattimeen.<\/p>\n<p>&nbsp;<\/p>\n<h4>Kylm\u00e4t soitot<\/h4>\n<p>Asiakkaita voi hankkia perinteisesti soittelemalla. Se ei ole helppoa eik\u00e4 erityisen tehokasta. Hyv\u00e4n soittolistan laatiminen vaatii pitk\u00e4llist\u00e4 taustaty\u00f6t\u00e4: on valittava ala, jonka yrityksi\u00e4 l\u00e4hdet kontaktoimaan, tutustuttava yritysten verkkosivustoihin, soitettava yrityksen vaihteeseen ja pyydett\u00e4v\u00e4 puhelimeen henkil\u00f6\u00e4, joka vastaa kielipalvelujen ostamisesta. Se puolestaan vaihtelee paljon yrityksitt\u00e4in ja ihan senkin mukaan, mink\u00e4 erikoisalan toimeksiantoja haet.<\/p>\n<p>Monissa yrityksiss\u00e4 puhelinvaihteen hoitajaa on ohjeistettu olemaan yhdist\u00e4m\u00e4tt\u00e4 puhelua, jos soittaja ei osaa pyyt\u00e4\u00e4 oikeaa henkil\u00f6\u00e4 nimelt\u00e4. Pelkk\u00e4 teht\u00e4v\u00e4nimike ei siis v\u00e4ltt\u00e4m\u00e4tt\u00e4 riit\u00e4, vaan pit\u00e4isi tiet\u00e4\u00e4 henkil\u00f6n nimi.<\/p>\n<p>&nbsp;<\/p>\n<h4>Tapahtumat (verkostoituminen)<\/h4>\n<p>Sek\u00e4 k\u00e4\u00e4nn\u00f6stoimistoasiakkaita ett\u00e4 suoria asiakkaita voi hankkia verkostojen avulla. Paras tapa on k\u00e4yd\u00e4 l\u00e4pi kaikki omat tutut: perhetutut, sukulaiset, yst\u00e4v\u00e4t, LinkedIn-kontaktit. Kerro heille tarjoamistasi palveluista.<\/p>\n<p>Erilaiset konferenssit, messut ja tapahtumat ovat my\u00f6s hyvi\u00e4 paikkoja luoda verkostoja ja markkinoida omia palveluja. K\u00e4\u00e4nn\u00f6salan tilaisuuksissa tapaa toisia k\u00e4\u00e4nt\u00e4ji\u00e4 ja tulkkeja, joiden kanssa voi verkostoitua ja tehd\u00e4 yhteisty\u00f6t\u00e4. N\u00e4iss\u00e4 tilaisuuksissa on paikalla usein my\u00f6s k\u00e4\u00e4nn\u00f6stoimistojen edustajia, joita kannattaa l\u00e4hesty\u00e4 ja joille kannattaa antaa k\u00e4yntikortti.<\/p>\n<p>Muiden alojen tapahtumat ja messut ovat my\u00f6s hyvi\u00e4 tapoja l\u00f6yt\u00e4\u00e4 suoria asiakkaita. Erilaiset yritt\u00e4j\u00e4tapahtumat ovat hyvi\u00e4 verkostoitumispaikkoja. Meid\u00e4n alallamme pienikin yritys voi olla suuri asiakas.<\/p>\n<p>&nbsp;<\/p>\n<h4>Verkkomainonta<\/h4>\n<p>Pienen kielipalveluyrityksen ei kannata ostaa Helsingin Sanomien etusivua mainostilakseen. Kustannus on liian suuri suhteessa hy\u00f6tyyn. Sen sijaan verkkomainontaa kannattaa harkita. Se on suhteellisen edullista, ja kustannukset on helppo pit\u00e4\u00e4 kurissa. Kun palvelujen kohteena ovat yritykset, j\u00e4rkevimm\u00e4t\u00a0kanavat ovat Google-mainokset ja LinkedIn-mainokset.\u00a0<\/p>\n<\/div>\n<\/div>\n<p>[\/et_pb_text][\/et_pb_column][et_pb_column type=&#8221;1_2&#8243; _builder_version=&#8221;4.16&#8243; custom_padding=&#8221;|||&#8221; global_colors_info=&#8221;{}&#8221; custom_padding__hover=&#8221;|||&#8221; theme_builder_area=&#8221;post_content&#8221;][\/et_pb_column][\/et_pb_row][\/et_pb_section]<\/p>\n","protected":false},"excerpt":{"rendered":"<p>Markkinointia voi tehd\u00e4 monella tavalla. Tavallisia tapoja toteuttaa kielipalveluyrityksen markkinointia ovat s\u00e4hk\u00f6postimarkkinointi ja muu mahdollisten asiakasyritysten kontaktoiminen. Lis\u00e4ksi yritt\u00e4j\u00e4ll\u00e4 voi olla profiilit erilaisissa palveluissa, joista mahdolliset asiakkaat voivat h\u00e4net l\u00f6yt\u00e4\u00e4. Verkkosivusto on suositeltava, mutta kaikilla sit\u00e4 ei ole. Jos et halua luoda verkkosivustoa, huolehdi verkkon\u00e4kyvyydest\u00e4si. Jos sinua ei l\u00f6yd\u00e4 verkosta, sinua ei ole\u00a0\u2013 kuinka moneen [&hellip;]<\/p>\n","protected":false},"author":2,"featured_media":0,"parent":138,"menu_order":0,"comment_status":"closed","ping_status":"closed","template":"","meta":{"_et_pb_use_builder":"on","_et_pb_old_content":"","_et_gb_content_width":"","footnotes":""},"class_list":["post-148","page","type-page","status-publish","hentry"],"yoast_head":"<!-- This site is optimized with the Yoast SEO plugin v27.4 - https:\/\/yoast.com\/product\/yoast-seo-wordpress\/ -->\n<title>MARKKINOINTI - K\u00e4\u00e4nt\u00e4j\u00e4mestarin kirja<\/title>\n<meta name=\"robots\" content=\"index, follow, max-snippet:-1, max-image-preview:large, max-video-preview:-1\" \/>\n<link rel=\"canonical\" href=\"https:\/\/xn--kntjmestari-l8aacb.fi\/km\/etusivu\/luku-4-markkinointi-ja-asiakashankinta\/markkinointi\/\" \/>\n<meta property=\"og:locale\" content=\"fi_FI\" \/>\n<meta property=\"og:type\" content=\"article\" \/>\n<meta property=\"og:title\" content=\"MARKKINOINTI - K\u00e4\u00e4nt\u00e4j\u00e4mestarin kirja\" \/>\n<meta property=\"og:description\" content=\"Markkinointia voi tehd\u00e4 monella tavalla. Tavallisia tapoja toteuttaa kielipalveluyrityksen markkinointia ovat s\u00e4hk\u00f6postimarkkinointi ja muu mahdollisten asiakasyritysten kontaktoiminen. Lis\u00e4ksi yritt\u00e4j\u00e4ll\u00e4 voi olla profiilit erilaisissa palveluissa, joista mahdolliset asiakkaat voivat h\u00e4net l\u00f6yt\u00e4\u00e4. Verkkosivusto on suositeltava, mutta kaikilla sit\u00e4 ei ole. Jos et halua luoda verkkosivustoa, huolehdi verkkon\u00e4kyvyydest\u00e4si. Jos sinua ei l\u00f6yd\u00e4 verkosta, sinua ei ole\u00a0\u2013 kuinka moneen [&hellip;]\" \/>\n<meta property=\"og:url\" content=\"https:\/\/xn--kntjmestari-l8aacb.fi\/km\/etusivu\/luku-4-markkinointi-ja-asiakashankinta\/markkinointi\/\" \/>\n<meta property=\"og:site_name\" content=\"K\u00e4\u00e4nt\u00e4j\u00e4mestarin kirja\" \/>\n<meta property=\"article:modified_time\" content=\"2023-10-19T10:06:00+00:00\" \/>\n<meta name=\"twitter:card\" content=\"summary_large_image\" \/>\n<meta name=\"twitter:label1\" content=\"Arvioitu lukuaika\" \/>\n\t<meta name=\"twitter:data1\" content=\"5 minuuttia\" \/>\n<script type=\"application\/ld+json\" class=\"yoast-schema-graph\">{\"@context\":\"https:\\\/\\\/schema.org\",\"@graph\":[{\"@type\":\"WebPage\",\"@id\":\"https:\\\/\\\/xn--kntjmestari-l8aacb.fi\\\/km\\\/etusivu\\\/luku-4-markkinointi-ja-asiakashankinta\\\/markkinointi\\\/\",\"url\":\"https:\\\/\\\/xn--kntjmestari-l8aacb.fi\\\/km\\\/etusivu\\\/luku-4-markkinointi-ja-asiakashankinta\\\/markkinointi\\\/\",\"name\":\"MARKKINOINTI - K\u00e4\u00e4nt\u00e4j\u00e4mestarin kirja\",\"isPartOf\":{\"@id\":\"https:\\\/\\\/xn--kntjmestari-l8aacb.fi\\\/km\\\/#website\"},\"datePublished\":\"2021-12-22T09:59:01+00:00\",\"dateModified\":\"2023-10-19T10:06:00+00:00\",\"breadcrumb\":{\"@id\":\"https:\\\/\\\/xn--kntjmestari-l8aacb.fi\\\/km\\\/etusivu\\\/luku-4-markkinointi-ja-asiakashankinta\\\/markkinointi\\\/#breadcrumb\"},\"inLanguage\":\"fi\",\"potentialAction\":[{\"@type\":\"ReadAction\",\"target\":[\"https:\\\/\\\/xn--kntjmestari-l8aacb.fi\\\/km\\\/etusivu\\\/luku-4-markkinointi-ja-asiakashankinta\\\/markkinointi\\\/\"]}]},{\"@type\":\"BreadcrumbList\",\"@id\":\"https:\\\/\\\/xn--kntjmestari-l8aacb.fi\\\/km\\\/etusivu\\\/luku-4-markkinointi-ja-asiakashankinta\\\/markkinointi\\\/#breadcrumb\",\"itemListElement\":[{\"@type\":\"ListItem\",\"position\":1,\"name\":\"Etusivu\",\"item\":\"https:\\\/\\\/xn--kntjmestari-l8aacb.fi\\\/km\\\/\"},{\"@type\":\"ListItem\",\"position\":2,\"name\":\"K\u00e4\u00e4nt\u00e4j\u00e4mestarin kirja\",\"item\":\"https:\\\/\\\/xn--kntjmestari-l8aacb.fi\\\/km\\\/\"},{\"@type\":\"ListItem\",\"position\":3,\"name\":\"LUKU 4 \u2013 MARKKINOINTI JA ASIAKASHANKINTA\",\"item\":\"https:\\\/\\\/xn--kntjmestari-l8aacb.fi\\\/km\\\/etusivu\\\/luku-4-markkinointi-ja-asiakashankinta\\\/\"},{\"@type\":\"ListItem\",\"position\":4,\"name\":\"MARKKINOINTI\"}]},{\"@type\":\"WebSite\",\"@id\":\"https:\\\/\\\/xn--kntjmestari-l8aacb.fi\\\/km\\\/#website\",\"url\":\"https:\\\/\\\/xn--kntjmestari-l8aacb.fi\\\/km\\\/\",\"name\":\"K\u00e4\u00e4nt\u00e4j\u00e4mestarin kirja\",\"description\":\"k\u00e4yt\u00e4nn\u00f6n opas aloitteleville k\u00e4\u00e4nt\u00e4jille ja tulkeille\",\"publisher\":{\"@id\":\"https:\\\/\\\/xn--kntjmestari-l8aacb.fi\\\/km\\\/#organization\"},\"potentialAction\":[{\"@type\":\"SearchAction\",\"target\":{\"@type\":\"EntryPoint\",\"urlTemplate\":\"https:\\\/\\\/xn--kntjmestari-l8aacb.fi\\\/km\\\/?s={search_term_string}\"},\"query-input\":{\"@type\":\"PropertyValueSpecification\",\"valueRequired\":true,\"valueName\":\"search_term_string\"}}],\"inLanguage\":\"fi\"},{\"@type\":\"Organization\",\"@id\":\"https:\\\/\\\/xn--kntjmestari-l8aacb.fi\\\/km\\\/#organization\",\"name\":\"K\u00e4\u00e4nt\u00e4j\u00e4mestarit\",\"url\":\"https:\\\/\\\/xn--kntjmestari-l8aacb.fi\\\/km\\\/\",\"logo\":{\"@type\":\"ImageObject\",\"inLanguage\":\"fi\",\"@id\":\"https:\\\/\\\/xn--kntjmestari-l8aacb.fi\\\/km\\\/#\\\/schema\\\/logo\\\/image\\\/\",\"url\":\"https:\\\/\\\/xn--kntjmestari-l8aacb.fi\\\/km\\\/wp-content\\\/uploads\\\/2021\\\/12\\\/logo.jpg\",\"contentUrl\":\"https:\\\/\\\/xn--kntjmestari-l8aacb.fi\\\/km\\\/wp-content\\\/uploads\\\/2021\\\/12\\\/logo.jpg\",\"width\":509,\"height\":530,\"caption\":\"K\u00e4\u00e4nt\u00e4j\u00e4mestarit\"},\"image\":{\"@id\":\"https:\\\/\\\/xn--kntjmestari-l8aacb.fi\\\/km\\\/#\\\/schema\\\/logo\\\/image\\\/\"}}]}<\/script>\n<!-- \/ Yoast SEO plugin. -->","yoast_head_json":{"title":"MARKKINOINTI - K\u00e4\u00e4nt\u00e4j\u00e4mestarin kirja","robots":{"index":"index","follow":"follow","max-snippet":"max-snippet:-1","max-image-preview":"max-image-preview:large","max-video-preview":"max-video-preview:-1"},"canonical":"https:\/\/xn--kntjmestari-l8aacb.fi\/km\/etusivu\/luku-4-markkinointi-ja-asiakashankinta\/markkinointi\/","og_locale":"fi_FI","og_type":"article","og_title":"MARKKINOINTI - K\u00e4\u00e4nt\u00e4j\u00e4mestarin kirja","og_description":"Markkinointia voi tehd\u00e4 monella tavalla. Tavallisia tapoja toteuttaa kielipalveluyrityksen markkinointia ovat s\u00e4hk\u00f6postimarkkinointi ja muu mahdollisten asiakasyritysten kontaktoiminen. Lis\u00e4ksi yritt\u00e4j\u00e4ll\u00e4 voi olla profiilit erilaisissa palveluissa, joista mahdolliset asiakkaat voivat h\u00e4net l\u00f6yt\u00e4\u00e4. Verkkosivusto on suositeltava, mutta kaikilla sit\u00e4 ei ole. Jos et halua luoda verkkosivustoa, huolehdi verkkon\u00e4kyvyydest\u00e4si. Jos sinua ei l\u00f6yd\u00e4 verkosta, sinua ei ole\u00a0\u2013 kuinka moneen [&hellip;]","og_url":"https:\/\/xn--kntjmestari-l8aacb.fi\/km\/etusivu\/luku-4-markkinointi-ja-asiakashankinta\/markkinointi\/","og_site_name":"K\u00e4\u00e4nt\u00e4j\u00e4mestarin kirja","article_modified_time":"2023-10-19T10:06:00+00:00","twitter_card":"summary_large_image","twitter_misc":{"Arvioitu lukuaika":"5 minuuttia"},"schema":{"@context":"https:\/\/schema.org","@graph":[{"@type":"WebPage","@id":"https:\/\/xn--kntjmestari-l8aacb.fi\/km\/etusivu\/luku-4-markkinointi-ja-asiakashankinta\/markkinointi\/","url":"https:\/\/xn--kntjmestari-l8aacb.fi\/km\/etusivu\/luku-4-markkinointi-ja-asiakashankinta\/markkinointi\/","name":"MARKKINOINTI - K\u00e4\u00e4nt\u00e4j\u00e4mestarin kirja","isPartOf":{"@id":"https:\/\/xn--kntjmestari-l8aacb.fi\/km\/#website"},"datePublished":"2021-12-22T09:59:01+00:00","dateModified":"2023-10-19T10:06:00+00:00","breadcrumb":{"@id":"https:\/\/xn--kntjmestari-l8aacb.fi\/km\/etusivu\/luku-4-markkinointi-ja-asiakashankinta\/markkinointi\/#breadcrumb"},"inLanguage":"fi","potentialAction":[{"@type":"ReadAction","target":["https:\/\/xn--kntjmestari-l8aacb.fi\/km\/etusivu\/luku-4-markkinointi-ja-asiakashankinta\/markkinointi\/"]}]},{"@type":"BreadcrumbList","@id":"https:\/\/xn--kntjmestari-l8aacb.fi\/km\/etusivu\/luku-4-markkinointi-ja-asiakashankinta\/markkinointi\/#breadcrumb","itemListElement":[{"@type":"ListItem","position":1,"name":"Etusivu","item":"https:\/\/xn--kntjmestari-l8aacb.fi\/km\/"},{"@type":"ListItem","position":2,"name":"K\u00e4\u00e4nt\u00e4j\u00e4mestarin kirja","item":"https:\/\/xn--kntjmestari-l8aacb.fi\/km\/"},{"@type":"ListItem","position":3,"name":"LUKU 4 \u2013 MARKKINOINTI JA ASIAKASHANKINTA","item":"https:\/\/xn--kntjmestari-l8aacb.fi\/km\/etusivu\/luku-4-markkinointi-ja-asiakashankinta\/"},{"@type":"ListItem","position":4,"name":"MARKKINOINTI"}]},{"@type":"WebSite","@id":"https:\/\/xn--kntjmestari-l8aacb.fi\/km\/#website","url":"https:\/\/xn--kntjmestari-l8aacb.fi\/km\/","name":"K\u00e4\u00e4nt\u00e4j\u00e4mestarin kirja","description":"k\u00e4yt\u00e4nn\u00f6n opas aloitteleville k\u00e4\u00e4nt\u00e4jille ja tulkeille","publisher":{"@id":"https:\/\/xn--kntjmestari-l8aacb.fi\/km\/#organization"},"potentialAction":[{"@type":"SearchAction","target":{"@type":"EntryPoint","urlTemplate":"https:\/\/xn--kntjmestari-l8aacb.fi\/km\/?s={search_term_string}"},"query-input":{"@type":"PropertyValueSpecification","valueRequired":true,"valueName":"search_term_string"}}],"inLanguage":"fi"},{"@type":"Organization","@id":"https:\/\/xn--kntjmestari-l8aacb.fi\/km\/#organization","name":"K\u00e4\u00e4nt\u00e4j\u00e4mestarit","url":"https:\/\/xn--kntjmestari-l8aacb.fi\/km\/","logo":{"@type":"ImageObject","inLanguage":"fi","@id":"https:\/\/xn--kntjmestari-l8aacb.fi\/km\/#\/schema\/logo\/image\/","url":"https:\/\/xn--kntjmestari-l8aacb.fi\/km\/wp-content\/uploads\/2021\/12\/logo.jpg","contentUrl":"https:\/\/xn--kntjmestari-l8aacb.fi\/km\/wp-content\/uploads\/2021\/12\/logo.jpg","width":509,"height":530,"caption":"K\u00e4\u00e4nt\u00e4j\u00e4mestarit"},"image":{"@id":"https:\/\/xn--kntjmestari-l8aacb.fi\/km\/#\/schema\/logo\/image\/"}}]}},"_links":{"self":[{"href":"https:\/\/xn--kntjmestari-l8aacb.fi\/km\/wp-json\/wp\/v2\/pages\/148","targetHints":{"allow":["GET"]}}],"collection":[{"href":"https:\/\/xn--kntjmestari-l8aacb.fi\/km\/wp-json\/wp\/v2\/pages"}],"about":[{"href":"https:\/\/xn--kntjmestari-l8aacb.fi\/km\/wp-json\/wp\/v2\/types\/page"}],"author":[{"embeddable":true,"href":"https:\/\/xn--kntjmestari-l8aacb.fi\/km\/wp-json\/wp\/v2\/users\/2"}],"replies":[{"embeddable":true,"href":"https:\/\/xn--kntjmestari-l8aacb.fi\/km\/wp-json\/wp\/v2\/comments?post=148"}],"version-history":[{"count":4,"href":"https:\/\/xn--kntjmestari-l8aacb.fi\/km\/wp-json\/wp\/v2\/pages\/148\/revisions"}],"predecessor-version":[{"id":1464,"href":"https:\/\/xn--kntjmestari-l8aacb.fi\/km\/wp-json\/wp\/v2\/pages\/148\/revisions\/1464"}],"up":[{"embeddable":true,"href":"https:\/\/xn--kntjmestari-l8aacb.fi\/km\/wp-json\/wp\/v2\/pages\/138"}],"wp:attachment":[{"href":"https:\/\/xn--kntjmestari-l8aacb.fi\/km\/wp-json\/wp\/v2\/media?parent=148"}],"curies":[{"name":"wp","href":"https:\/\/api.w.org\/{rel}","templated":true}]}}