{"id":153,"date":"2021-12-22T10:00:44","date_gmt":"2021-12-22T10:00:44","guid":{"rendered":"https:\/\/xn--kntjmestari-l8aacb.fi\/km\/?page_id=153"},"modified":"2021-12-22T10:00:44","modified_gmt":"2021-12-22T10:00:44","slug":"asiakashankinta","status":"publish","type":"page","link":"https:\/\/xn--kntjmestari-l8aacb.fi\/km\/etusivu\/luku-4-markkinointi-ja-asiakashankinta\/asiakashankinta\/","title":{"rendered":"ASIAKASHANKINTA"},"content":{"rendered":"<p>[et_pb_section fb_built=&#8221;1&#8243; _builder_version=&#8221;3.22&#8243; global_colors_info=&#8221;{}&#8221; theme_builder_area=&#8221;post_content&#8221;][et_pb_row _builder_version=&#8221;4.14.2&#8243; _module_preset=&#8221;default&#8221; global_colors_info=&#8221;{}&#8221; theme_builder_area=&#8221;post_content&#8221;][et_pb_column type=&#8221;4_4&#8243; _builder_version=&#8221;4.14.2&#8243; _module_preset=&#8221;default&#8221; global_colors_info=&#8221;{}&#8221; theme_builder_area=&#8221;post_content&#8221;][et_pb_post_title meta=&#8221;off&#8221; featured_image=&#8221;off&#8221; _builder_version=&#8221;4.14.2&#8243; _module_preset=&#8221;default&#8221; global_colors_info=&#8221;{}&#8221; theme_builder_area=&#8221;post_content&#8221;][\/et_pb_post_title][\/et_pb_column][\/et_pb_row][et_pb_row column_structure=&#8221;1_2,1_2&#8243; _builder_version=&#8221;3.25&#8243; background_size=&#8221;initial&#8221; background_position=&#8221;top_left&#8221; background_repeat=&#8221;repeat&#8221; global_colors_info=&#8221;{}&#8221; theme_builder_area=&#8221;post_content&#8221;][et_pb_column type=&#8221;1_2&#8243; _builder_version=&#8221;3.25&#8243; custom_padding=&#8221;|||&#8221; global_colors_info=&#8221;{}&#8221; custom_padding__hover=&#8221;|||&#8221; theme_builder_area=&#8221;post_content&#8221;][et_pb_text _builder_version=&#8221;4.14.2&#8243; background_size=&#8221;initial&#8221; background_position=&#8221;top_left&#8221; background_repeat=&#8221;repeat&#8221; custom_margin=&#8221;|-426px||||&#8221; custom_padding=&#8221;||0px|||&#8221; global_colors_info=&#8221;{}&#8221; theme_builder_area=&#8221;post_content&#8221;]<\/p>\n<div id=\"page-zones__main-widgets__content1\" data-name=\"content\" class=\"content widget js-widget\" data-uniqueid=\"OloHtMAomHwAijU\" data-parentuniqueid=\"69O0NdSLr5jBL3F\">\n<div class=\"bk-content-text js-text-content   wysihtml-editor-content\">\n<p>Kun tied\u00e4t, mit\u00e4 myyt, kenelle myyt ja mihin hintaan myyt, voit aloittaa asiakashankinnan. Jos tavoittelet ensisijaisesti suoria asiakkaita, markkinointitoimesi ja -budjettisi ovat erilaiset kuin jos aiot tehd\u00e4 k\u00e4\u00e4nn\u00f6stoimistoalihankintaa. Verkostot ovat t\u00e4rkeit\u00e4 markkinointikanavia. Aloita tuntemistasi ihmisist\u00e4. Kerro tutuillesi, ett\u00e4 olet aloittanut k\u00e4\u00e4nn\u00f6stoiminnan ja otat t\u00f6it\u00e4 vastaan.<\/p>\n<p>&nbsp;<\/p>\n<h4>K\u00e4\u00e4nn\u00f6stoimistot<\/h4>\n<p>Jos haluat asiakkaiksi k\u00e4\u00e4nn\u00f6stoimistoja, ota yhteytt\u00e4 niihin. K\u00e4\u00e4nn\u00f6stoimistoissa toimittajasuhteista vastaa yleens\u00e4 vendor manager. K\u00e4\u00e4nn\u00f6stoimistojen sivuilla on yleens\u00e4 tietoa siit\u00e4, miten niiden listoille p\u00e4\u00e4see. Monilla toimistoilla on portaali tai verkkolomake, johon tiedot t\u00e4ytet\u00e4\u00e4n. Tietojen t\u00e4ytt\u00e4misell\u00e4 ei v\u00e4ltt\u00e4m\u00e4tt\u00e4 p\u00e4\u00e4se kovin pitk\u00e4lle, vaan lis\u00e4ksi kannattaa ottaa yhteytt\u00e4 vendor manageriin ja kertoa itsest\u00e4\u00e4n ja palveluistaan.<\/p>\n<p>Vendor managerit ovat kiireisi\u00e4 ihmisi\u00e4, eiv\u00e4tk\u00e4 he halua lukea pitki\u00e4 sepustuksia erinomaisuudestasi. Kirjoita siis mieluiten lyhyt viesti, jossa esittelet itsesi, ja liit\u00e4 mukaan CV, jossa ovat oleelliset tiedot tarjoamistasi palveluista ja taustastasi. K\u00e4\u00e4nn\u00f6stoimistoon l\u00e4hetett\u00e4v\u00e4ss\u00e4 CV:ss\u00e4 kannattaa mainita my\u00f6s hinnat, koska n\u00e4in vendor manager saa suoraan tiet\u00e4\u00e4, mill\u00e4 tasolla hintasi ovat.<\/p>\n<p>Jos tunnet k\u00e4\u00e4nn\u00f6stoimistoissa ty\u00f6skentelevi\u00e4, kerro my\u00f6s heille, ett\u00e4 olet k\u00e4ytett\u00e4viss\u00e4. Projektikoordinaattorit eiv\u00e4t v\u00e4ltt\u00e4m\u00e4tt\u00e4 saa k\u00e4ytt\u00e4\u00e4 uusia k\u00e4\u00e4nt\u00e4ji\u00e4 ilman vendor managerin lupaa, mutta tuttu projektikoordinaattori voi nopeuttaa p\u00e4\u00e4sy\u00e4si listoille.<\/p>\n<p>K\u00e4\u00e4nn\u00f6stoimistot haluavat usein teett\u00e4\u00e4 koek\u00e4\u00e4nn\u00f6ksen. Ole valmis tekem\u00e4\u00e4n lyhyt koeteksti (enint\u00e4\u00e4n pari-kolmesataa sanaa). Vaikka koek\u00e4\u00e4nn\u00f6s on normaali k\u00e4yt\u00e4nt\u00f6, kannattaa mietti\u00e4, jos k\u00e4\u00e4nn\u00f6stoimisto haluaa teett\u00e4\u00e4 (ilmaiseksi) hyvin pitk\u00e4n koek\u00e4\u00e4nn\u00f6ksen tietyll\u00e4 aikataululla. Alalla liikkuu monenlaisia tekij\u00f6it\u00e4, ja joku taho voi haluta k\u00e4ytt\u00e4\u00e4 sinua hyv\u00e4ksesi eli teett\u00e4\u00e4 ty\u00f6n tai osan isommasta ty\u00f6st\u00e4 ilmaiseksi eri tekij\u00f6ill\u00e4. Koek\u00e4\u00e4nn\u00f6ksi\u00e4 tehd\u00e4\u00e4n my\u00f6s toisinaan eri loppuasiakkaille, jotka haluavat n\u00e4iden perusteella valita itselleen sopivimman k\u00e4\u00e4nt\u00e4j\u00e4n\u00a0\u2013 n\u00e4ist\u00e4 toimistot p\u00e4\u00e4s\u00e4\u00e4nt\u00f6isesti maksavat. Kun koek\u00e4\u00e4nn\u00f6ksesi on hyv\u00e4ksytty, alkavat yleens\u00e4 hintaneuvottelut. Vaikka olet toimittanut k\u00e4\u00e4nn\u00f6stoimistoon CV:n, joka sis\u00e4lt\u00e4\u00e4 hintasi, vendor manager pyrkii usein neuvottelemaan hinnoista. Kannattaa olla tarkkana ja mietti\u00e4 jo valmiiksi, mitk\u00e4 ovat ehdottomasti alimmat hinnat, joihin voit suostua. Muista my\u00f6s, ettei sinun ole pakko tinki\u00e4 hinnoistasi. Kun olette p\u00e4\u00e4sseet yhteisymm\u00e4rrykseen hinnoista ja sinulle voidaan tarjota t\u00f6it\u00e4, saat aluksi todenn\u00e4k\u00f6isesti vain lyhyit\u00e4 tekstej\u00e4, koska uusi k\u00e4\u00e4nt\u00e4j\u00e4 on toimistolle aina riski. Pid\u00e4 my\u00f6s mieless\u00e4, ett\u00e4 toimistolla ei ole velvollisuutta tarjota sinulle t\u00f6it\u00e4. Siksi sinun kannattaa muistuttaa toimistoa olemassaolostasi aika ajoin olematta toimistolle kuitenkaan jatkuva maanvaiva.<\/p>\n<p>&nbsp;<\/p>\n<h3><\/h3>\n<h4>Suorat asiakkaat<\/h4>\n<p>Suorille asiakkaille markkinoinnissa p\u00e4tev\u00e4t pitk\u00e4lti samat asiat kuin k\u00e4\u00e4nn\u00f6stoimistoasiakkaille. Suorien asiakkaiden hankkiminen vie kuitenkin todenn\u00e4k\u00f6isesti enemm\u00e4n aikaa ja vaivaa. Siihen voi my\u00f6s joutua k\u00e4ytt\u00e4m\u00e4\u00e4n rahaa (esimerkiksi Google- tai LinkedIn-mainontaan). Viime k\u00e4dess\u00e4 kyse on kuitenkin oikean ihmisen tavoittamisesta ja oman markkinointiviestin kohdentamisesta h\u00e4nelle.<\/p>\n<p>&nbsp;<\/p>\n<h4>Hintojen nostaminen<\/h4>\n<p>Mit\u00e4 tehd\u00e4, jos huomaat hinnoitelleesi ty\u00f6si liian halvalla? Jos sinulla on vakiintunut asiakaskunta mutta huomaat, ett\u00e4 ty\u00f6t eiv\u00e4t kannata, on aika vaihtaa asiakkaita. Koska sinun on kuitenkin tultava toimeen, et voi torjua kaikkia nykyisi\u00e4 asiakkaitasi. Aloita m\u00e4\u00e4rit\u00e4m\u00e4ll\u00e4 hinta, jolla ty\u00f6t olisivat kannattavia, ja markkinoi itse\u00e4si uusille asiakkaille t\u00e4ll\u00e4 hinnalla. Tee samalla t\u00f6it\u00e4 vanhoille asiakkaillesi. Hiljalleen pystyt korvaamaan vanhat asiakkaat uusilla, paremmin hinnoitelluilla.<\/p>\n<p><span>Kannattaa my\u00f6s nostaa vanhojen asiakkaiden hintoja. Esimerkiksi puolen sentin korotus sanahintaan voi kasvattaa liikevaihtoa noin 250 euroa kuukaudessa. (K\u00e4\u00e4nt\u00e4j\u00e4n keskim\u00e4\u00e4r\u00e4inen p\u00e4iv\u00e4tuotto on joidenkin laskelmien mukaan noin 2500 sanaa. 2500 x 0,005 \u20ac = 12,50 \u20ac p\u00e4iv\u00e4ss\u00e4. Kuukaudessa on 20 ty\u00f6p\u00e4iv\u00e4\u00e4, eli 12,50 x 20 = 250 \u20ac.)<\/span><\/div>\n<\/div>\n<p>[\/et_pb_text][\/et_pb_column][et_pb_column type=&#8221;1_2&#8243; _builder_version=&#8221;3.25&#8243; custom_padding=&#8221;|||&#8221; global_colors_info=&#8221;{}&#8221; custom_padding__hover=&#8221;|||&#8221; theme_builder_area=&#8221;post_content&#8221;][\/et_pb_column][\/et_pb_row][\/et_pb_section]<\/p>\n","protected":false},"excerpt":{"rendered":"<p>Kun tied\u00e4t, mit\u00e4 myyt, kenelle myyt ja mihin hintaan myyt, voit aloittaa asiakashankinnan. Jos tavoittelet ensisijaisesti suoria asiakkaita, markkinointitoimesi ja -budjettisi ovat erilaiset kuin jos aiot tehd\u00e4 k\u00e4\u00e4nn\u00f6stoimistoalihankintaa. Verkostot ovat t\u00e4rkeit\u00e4 markkinointikanavia. Aloita tuntemistasi ihmisist\u00e4. Kerro tutuillesi, ett\u00e4 olet aloittanut k\u00e4\u00e4nn\u00f6stoiminnan ja otat t\u00f6it\u00e4 vastaan. &nbsp; K\u00e4\u00e4nn\u00f6stoimistot Jos haluat asiakkaiksi k\u00e4\u00e4nn\u00f6stoimistoja, ota yhteytt\u00e4 niihin. K\u00e4\u00e4nn\u00f6stoimistoissa [&hellip;]<\/p>\n","protected":false},"author":2,"featured_media":0,"parent":138,"menu_order":0,"comment_status":"closed","ping_status":"closed","template":"","meta":{"_et_pb_use_builder":"on","_et_pb_old_content":"","_et_gb_content_width":"","footnotes":""},"class_list":["post-153","page","type-page","status-publish","hentry"],"yoast_head":"<!-- This site is optimized with the Yoast SEO plugin v27.4 - https:\/\/yoast.com\/product\/yoast-seo-wordpress\/ -->\n<title>ASIAKASHANKINTA - K\u00e4\u00e4nt\u00e4j\u00e4mestarin kirja<\/title>\n<meta name=\"robots\" content=\"index, follow, max-snippet:-1, max-image-preview:large, max-video-preview:-1\" \/>\n<link rel=\"canonical\" href=\"https:\/\/xn--kntjmestari-l8aacb.fi\/km\/etusivu\/luku-4-markkinointi-ja-asiakashankinta\/asiakashankinta\/\" \/>\n<meta property=\"og:locale\" content=\"fi_FI\" \/>\n<meta property=\"og:type\" content=\"article\" \/>\n<meta property=\"og:title\" content=\"ASIAKASHANKINTA - K\u00e4\u00e4nt\u00e4j\u00e4mestarin kirja\" \/>\n<meta property=\"og:description\" content=\"Kun tied\u00e4t, mit\u00e4 myyt, kenelle myyt ja mihin hintaan myyt, voit aloittaa asiakashankinnan. Jos tavoittelet ensisijaisesti suoria asiakkaita, markkinointitoimesi ja -budjettisi ovat erilaiset kuin jos aiot tehd\u00e4 k\u00e4\u00e4nn\u00f6stoimistoalihankintaa. Verkostot ovat t\u00e4rkeit\u00e4 markkinointikanavia. Aloita tuntemistasi ihmisist\u00e4. Kerro tutuillesi, ett\u00e4 olet aloittanut k\u00e4\u00e4nn\u00f6stoiminnan ja otat t\u00f6it\u00e4 vastaan. &nbsp; K\u00e4\u00e4nn\u00f6stoimistot Jos haluat asiakkaiksi k\u00e4\u00e4nn\u00f6stoimistoja, ota yhteytt\u00e4 niihin. K\u00e4\u00e4nn\u00f6stoimistoissa [&hellip;]\" \/>\n<meta property=\"og:url\" content=\"https:\/\/xn--kntjmestari-l8aacb.fi\/km\/etusivu\/luku-4-markkinointi-ja-asiakashankinta\/asiakashankinta\/\" \/>\n<meta property=\"og:site_name\" content=\"K\u00e4\u00e4nt\u00e4j\u00e4mestarin kirja\" \/>\n<meta name=\"twitter:card\" content=\"summary_large_image\" \/>\n<meta name=\"twitter:label1\" content=\"Arvioitu lukuaika\" \/>\n\t<meta name=\"twitter:data1\" content=\"4 minuuttia\" \/>\n<script type=\"application\/ld+json\" class=\"yoast-schema-graph\">{\"@context\":\"https:\\\/\\\/schema.org\",\"@graph\":[{\"@type\":\"WebPage\",\"@id\":\"https:\\\/\\\/xn--kntjmestari-l8aacb.fi\\\/km\\\/etusivu\\\/luku-4-markkinointi-ja-asiakashankinta\\\/asiakashankinta\\\/\",\"url\":\"https:\\\/\\\/xn--kntjmestari-l8aacb.fi\\\/km\\\/etusivu\\\/luku-4-markkinointi-ja-asiakashankinta\\\/asiakashankinta\\\/\",\"name\":\"ASIAKASHANKINTA - K\u00e4\u00e4nt\u00e4j\u00e4mestarin kirja\",\"isPartOf\":{\"@id\":\"https:\\\/\\\/xn--kntjmestari-l8aacb.fi\\\/km\\\/#website\"},\"datePublished\":\"2021-12-22T10:00:44+00:00\",\"breadcrumb\":{\"@id\":\"https:\\\/\\\/xn--kntjmestari-l8aacb.fi\\\/km\\\/etusivu\\\/luku-4-markkinointi-ja-asiakashankinta\\\/asiakashankinta\\\/#breadcrumb\"},\"inLanguage\":\"fi\",\"potentialAction\":[{\"@type\":\"ReadAction\",\"target\":[\"https:\\\/\\\/xn--kntjmestari-l8aacb.fi\\\/km\\\/etusivu\\\/luku-4-markkinointi-ja-asiakashankinta\\\/asiakashankinta\\\/\"]}]},{\"@type\":\"BreadcrumbList\",\"@id\":\"https:\\\/\\\/xn--kntjmestari-l8aacb.fi\\\/km\\\/etusivu\\\/luku-4-markkinointi-ja-asiakashankinta\\\/asiakashankinta\\\/#breadcrumb\",\"itemListElement\":[{\"@type\":\"ListItem\",\"position\":1,\"name\":\"Etusivu\",\"item\":\"https:\\\/\\\/xn--kntjmestari-l8aacb.fi\\\/km\\\/\"},{\"@type\":\"ListItem\",\"position\":2,\"name\":\"K\u00e4\u00e4nt\u00e4j\u00e4mestarin kirja\",\"item\":\"https:\\\/\\\/xn--kntjmestari-l8aacb.fi\\\/km\\\/\"},{\"@type\":\"ListItem\",\"position\":3,\"name\":\"LUKU 4 \u2013 MARKKINOINTI JA ASIAKASHANKINTA\",\"item\":\"https:\\\/\\\/xn--kntjmestari-l8aacb.fi\\\/km\\\/etusivu\\\/luku-4-markkinointi-ja-asiakashankinta\\\/\"},{\"@type\":\"ListItem\",\"position\":4,\"name\":\"ASIAKASHANKINTA\"}]},{\"@type\":\"WebSite\",\"@id\":\"https:\\\/\\\/xn--kntjmestari-l8aacb.fi\\\/km\\\/#website\",\"url\":\"https:\\\/\\\/xn--kntjmestari-l8aacb.fi\\\/km\\\/\",\"name\":\"K\u00e4\u00e4nt\u00e4j\u00e4mestarin kirja\",\"description\":\"k\u00e4yt\u00e4nn\u00f6n opas aloitteleville k\u00e4\u00e4nt\u00e4jille ja tulkeille\",\"publisher\":{\"@id\":\"https:\\\/\\\/xn--kntjmestari-l8aacb.fi\\\/km\\\/#organization\"},\"potentialAction\":[{\"@type\":\"SearchAction\",\"target\":{\"@type\":\"EntryPoint\",\"urlTemplate\":\"https:\\\/\\\/xn--kntjmestari-l8aacb.fi\\\/km\\\/?s={search_term_string}\"},\"query-input\":{\"@type\":\"PropertyValueSpecification\",\"valueRequired\":true,\"valueName\":\"search_term_string\"}}],\"inLanguage\":\"fi\"},{\"@type\":\"Organization\",\"@id\":\"https:\\\/\\\/xn--kntjmestari-l8aacb.fi\\\/km\\\/#organization\",\"name\":\"K\u00e4\u00e4nt\u00e4j\u00e4mestarit\",\"url\":\"https:\\\/\\\/xn--kntjmestari-l8aacb.fi\\\/km\\\/\",\"logo\":{\"@type\":\"ImageObject\",\"inLanguage\":\"fi\",\"@id\":\"https:\\\/\\\/xn--kntjmestari-l8aacb.fi\\\/km\\\/#\\\/schema\\\/logo\\\/image\\\/\",\"url\":\"https:\\\/\\\/xn--kntjmestari-l8aacb.fi\\\/km\\\/wp-content\\\/uploads\\\/2021\\\/12\\\/logo.jpg\",\"contentUrl\":\"https:\\\/\\\/xn--kntjmestari-l8aacb.fi\\\/km\\\/wp-content\\\/uploads\\\/2021\\\/12\\\/logo.jpg\",\"width\":509,\"height\":530,\"caption\":\"K\u00e4\u00e4nt\u00e4j\u00e4mestarit\"},\"image\":{\"@id\":\"https:\\\/\\\/xn--kntjmestari-l8aacb.fi\\\/km\\\/#\\\/schema\\\/logo\\\/image\\\/\"}}]}<\/script>\n<!-- \/ Yoast SEO plugin. -->","yoast_head_json":{"title":"ASIAKASHANKINTA - K\u00e4\u00e4nt\u00e4j\u00e4mestarin kirja","robots":{"index":"index","follow":"follow","max-snippet":"max-snippet:-1","max-image-preview":"max-image-preview:large","max-video-preview":"max-video-preview:-1"},"canonical":"https:\/\/xn--kntjmestari-l8aacb.fi\/km\/etusivu\/luku-4-markkinointi-ja-asiakashankinta\/asiakashankinta\/","og_locale":"fi_FI","og_type":"article","og_title":"ASIAKASHANKINTA - K\u00e4\u00e4nt\u00e4j\u00e4mestarin kirja","og_description":"Kun tied\u00e4t, mit\u00e4 myyt, kenelle myyt ja mihin hintaan myyt, voit aloittaa asiakashankinnan. Jos tavoittelet ensisijaisesti suoria asiakkaita, markkinointitoimesi ja -budjettisi ovat erilaiset kuin jos aiot tehd\u00e4 k\u00e4\u00e4nn\u00f6stoimistoalihankintaa. Verkostot ovat t\u00e4rkeit\u00e4 markkinointikanavia. Aloita tuntemistasi ihmisist\u00e4. Kerro tutuillesi, ett\u00e4 olet aloittanut k\u00e4\u00e4nn\u00f6stoiminnan ja otat t\u00f6it\u00e4 vastaan. &nbsp; K\u00e4\u00e4nn\u00f6stoimistot Jos haluat asiakkaiksi k\u00e4\u00e4nn\u00f6stoimistoja, ota yhteytt\u00e4 niihin. K\u00e4\u00e4nn\u00f6stoimistoissa [&hellip;]","og_url":"https:\/\/xn--kntjmestari-l8aacb.fi\/km\/etusivu\/luku-4-markkinointi-ja-asiakashankinta\/asiakashankinta\/","og_site_name":"K\u00e4\u00e4nt\u00e4j\u00e4mestarin kirja","twitter_card":"summary_large_image","twitter_misc":{"Arvioitu lukuaika":"4 minuuttia"},"schema":{"@context":"https:\/\/schema.org","@graph":[{"@type":"WebPage","@id":"https:\/\/xn--kntjmestari-l8aacb.fi\/km\/etusivu\/luku-4-markkinointi-ja-asiakashankinta\/asiakashankinta\/","url":"https:\/\/xn--kntjmestari-l8aacb.fi\/km\/etusivu\/luku-4-markkinointi-ja-asiakashankinta\/asiakashankinta\/","name":"ASIAKASHANKINTA - K\u00e4\u00e4nt\u00e4j\u00e4mestarin kirja","isPartOf":{"@id":"https:\/\/xn--kntjmestari-l8aacb.fi\/km\/#website"},"datePublished":"2021-12-22T10:00:44+00:00","breadcrumb":{"@id":"https:\/\/xn--kntjmestari-l8aacb.fi\/km\/etusivu\/luku-4-markkinointi-ja-asiakashankinta\/asiakashankinta\/#breadcrumb"},"inLanguage":"fi","potentialAction":[{"@type":"ReadAction","target":["https:\/\/xn--kntjmestari-l8aacb.fi\/km\/etusivu\/luku-4-markkinointi-ja-asiakashankinta\/asiakashankinta\/"]}]},{"@type":"BreadcrumbList","@id":"https:\/\/xn--kntjmestari-l8aacb.fi\/km\/etusivu\/luku-4-markkinointi-ja-asiakashankinta\/asiakashankinta\/#breadcrumb","itemListElement":[{"@type":"ListItem","position":1,"name":"Etusivu","item":"https:\/\/xn--kntjmestari-l8aacb.fi\/km\/"},{"@type":"ListItem","position":2,"name":"K\u00e4\u00e4nt\u00e4j\u00e4mestarin kirja","item":"https:\/\/xn--kntjmestari-l8aacb.fi\/km\/"},{"@type":"ListItem","position":3,"name":"LUKU 4 \u2013 MARKKINOINTI JA ASIAKASHANKINTA","item":"https:\/\/xn--kntjmestari-l8aacb.fi\/km\/etusivu\/luku-4-markkinointi-ja-asiakashankinta\/"},{"@type":"ListItem","position":4,"name":"ASIAKASHANKINTA"}]},{"@type":"WebSite","@id":"https:\/\/xn--kntjmestari-l8aacb.fi\/km\/#website","url":"https:\/\/xn--kntjmestari-l8aacb.fi\/km\/","name":"K\u00e4\u00e4nt\u00e4j\u00e4mestarin kirja","description":"k\u00e4yt\u00e4nn\u00f6n opas aloitteleville k\u00e4\u00e4nt\u00e4jille ja tulkeille","publisher":{"@id":"https:\/\/xn--kntjmestari-l8aacb.fi\/km\/#organization"},"potentialAction":[{"@type":"SearchAction","target":{"@type":"EntryPoint","urlTemplate":"https:\/\/xn--kntjmestari-l8aacb.fi\/km\/?s={search_term_string}"},"query-input":{"@type":"PropertyValueSpecification","valueRequired":true,"valueName":"search_term_string"}}],"inLanguage":"fi"},{"@type":"Organization","@id":"https:\/\/xn--kntjmestari-l8aacb.fi\/km\/#organization","name":"K\u00e4\u00e4nt\u00e4j\u00e4mestarit","url":"https:\/\/xn--kntjmestari-l8aacb.fi\/km\/","logo":{"@type":"ImageObject","inLanguage":"fi","@id":"https:\/\/xn--kntjmestari-l8aacb.fi\/km\/#\/schema\/logo\/image\/","url":"https:\/\/xn--kntjmestari-l8aacb.fi\/km\/wp-content\/uploads\/2021\/12\/logo.jpg","contentUrl":"https:\/\/xn--kntjmestari-l8aacb.fi\/km\/wp-content\/uploads\/2021\/12\/logo.jpg","width":509,"height":530,"caption":"K\u00e4\u00e4nt\u00e4j\u00e4mestarit"},"image":{"@id":"https:\/\/xn--kntjmestari-l8aacb.fi\/km\/#\/schema\/logo\/image\/"}}]}},"_links":{"self":[{"href":"https:\/\/xn--kntjmestari-l8aacb.fi\/km\/wp-json\/wp\/v2\/pages\/153","targetHints":{"allow":["GET"]}}],"collection":[{"href":"https:\/\/xn--kntjmestari-l8aacb.fi\/km\/wp-json\/wp\/v2\/pages"}],"about":[{"href":"https:\/\/xn--kntjmestari-l8aacb.fi\/km\/wp-json\/wp\/v2\/types\/page"}],"author":[{"embeddable":true,"href":"https:\/\/xn--kntjmestari-l8aacb.fi\/km\/wp-json\/wp\/v2\/users\/2"}],"replies":[{"embeddable":true,"href":"https:\/\/xn--kntjmestari-l8aacb.fi\/km\/wp-json\/wp\/v2\/comments?post=153"}],"version-history":[{"count":2,"href":"https:\/\/xn--kntjmestari-l8aacb.fi\/km\/wp-json\/wp\/v2\/pages\/153\/revisions"}],"predecessor-version":[{"id":155,"href":"https:\/\/xn--kntjmestari-l8aacb.fi\/km\/wp-json\/wp\/v2\/pages\/153\/revisions\/155"}],"up":[{"embeddable":true,"href":"https:\/\/xn--kntjmestari-l8aacb.fi\/km\/wp-json\/wp\/v2\/pages\/138"}],"wp:attachment":[{"href":"https:\/\/xn--kntjmestari-l8aacb.fi\/km\/wp-json\/wp\/v2\/media?parent=153"}],"curies":[{"name":"wp","href":"https:\/\/api.w.org\/{rel}","templated":true}]}}