{"id":164,"date":"2021-12-22T11:49:45","date_gmt":"2021-12-22T11:49:45","guid":{"rendered":"https:\/\/xn--kntjmestari-l8aacb.fi\/km\/?page_id=164"},"modified":"2021-12-22T11:58:02","modified_gmt":"2021-12-22T11:58:02","slug":"kollegaverkostot","status":"publish","type":"page","link":"https:\/\/xn--kntjmestari-l8aacb.fi\/km\/etusivu\/luku-5-verkostoituminen\/kollegaverkostot\/","title":{"rendered":"KOLLEGAVERKOSTOT"},"content":{"rendered":"<p>[et_pb_section fb_built=&#8221;1&#8243; _builder_version=&#8221;3.22&#8243; global_colors_info=&#8221;{}&#8221; theme_builder_area=&#8221;post_content&#8221;][et_pb_row _builder_version=&#8221;4.14.2&#8243; _module_preset=&#8221;default&#8221; global_colors_info=&#8221;{}&#8221; theme_builder_area=&#8221;post_content&#8221;][et_pb_column type=&#8221;4_4&#8243; _builder_version=&#8221;4.14.2&#8243; _module_preset=&#8221;default&#8221; global_colors_info=&#8221;{}&#8221; theme_builder_area=&#8221;post_content&#8221;][et_pb_post_title meta=&#8221;off&#8221; featured_image=&#8221;off&#8221; _builder_version=&#8221;4.14.2&#8243; _module_preset=&#8221;default&#8221; global_colors_info=&#8221;{}&#8221; theme_builder_area=&#8221;post_content&#8221;][\/et_pb_post_title][\/et_pb_column][\/et_pb_row][et_pb_row column_structure=&#8221;1_2,1_2&#8243; _builder_version=&#8221;3.25&#8243; background_size=&#8221;initial&#8221; background_position=&#8221;top_left&#8221; background_repeat=&#8221;repeat&#8221; global_colors_info=&#8221;{}&#8221; theme_builder_area=&#8221;post_content&#8221;][et_pb_column type=&#8221;1_2&#8243; _builder_version=&#8221;3.25&#8243; custom_padding=&#8221;|||&#8221; global_colors_info=&#8221;{}&#8221; custom_padding__hover=&#8221;|||&#8221; theme_builder_area=&#8221;post_content&#8221;][et_pb_text _builder_version=&#8221;4.14.2&#8243; background_size=&#8221;initial&#8221; background_position=&#8221;top_left&#8221; background_repeat=&#8221;repeat&#8221; custom_margin=&#8221;|-426px||||&#8221; custom_padding=&#8221;||0px|||&#8221; global_colors_info=&#8221;{}&#8221; theme_builder_area=&#8221;post_content&#8221;]<\/p>\n<div id=\"page-zones__main-widgets__content1\" data-name=\"content\" class=\"content widget js-widget\" data-uniqueid=\"OloHtMAomHwAijU\" data-parentuniqueid=\"69O0NdSLr5jBL3F\">\n<div class=\"bk-content-text js-text-content   wysihtml-editor-content\">\n<p>Mit\u00e4 enemm\u00e4n kollegoita tunnet, sit\u00e4 enemm\u00e4n sinulla on sek\u00e4 potentiaalisia asiakkaita ett\u00e4 potentiaalisia yhteisty\u00f6kumppaneita. Ja mit\u00e4 paremmin tunnet kollegoita, sit\u00e4 tarkemmin tied\u00e4t, kenen kanssa haluat tehd\u00e4 yhteisty\u00f6t\u00e4.<br \/>Usein kollegaverkosto alkaa muodostua jo opiskeluaikana ja kasvaa pikkuhiljaa ty\u00f6uran my\u00f6t\u00e4. Sosiaalisessa mediassa on helppo verkostoitua kollegoiden kanssa ja liitty\u00e4 erilaisiin alan liepeill\u00e4 toimiviin ryhmiin. Sek\u00e4 koti- ett\u00e4 ulkomaiset seminaarit, konferenssit ja koulutustapahtumat ovat paikkoja, joissa varmasti tapaa kollegoita. Tutustu\u00a0<a href=\"http:\/\/www.sktl.fi\/\" target=\"_blank\" rel=\"noopener\">SKTL:n<\/a>,\u00a0<a href=\"http:\/\/www.kaj.fi\/\" target=\"_blank\" rel=\"noopener\">KAJ:n<\/a>\u00a0\u00a0sek\u00e4 eri maiden k\u00e4\u00e4nt\u00e4ji\u00e4 ja tulkkeja edustavien liittojen toimintaan. My\u00f6s yliopistojen alumni- sek\u00e4 mentorointiohjelmat tarjoavat loistavia mahdollisuuksia verkostoitumiseen. Verkostoitua voi kuitenkin l\u00e4hes kaikkialla \u2013 ei pelk\u00e4st\u00e4\u00e4n tiukan ammatillisissa tapahtumissa.<span>\u00a0<\/span><span class=\"redactor-invisible-space\">Tuntosarvet kannattaa pit\u00e4\u00e4 koholla koko ajan. Joskus kollegoihin ja mahdollisiin asiakkaisiin voi t\u00f6rm\u00e4t\u00e4 mit\u00e4 yll\u00e4tt\u00e4vimmiss\u00e4 tilanteissa, jotka kannattaa aina hy\u00f6dynt\u00e4\u00e4.<\/span><\/p>\n<p>Muista, ett\u00e4 olet aina oma k\u00e4yntikorttisi kun kohtaat kollegoita, tapahtui se sitten kasvokkain tai virtuaalisesti. Mahdollisen asiakkaan tai yhteisty\u00f6kumppanin ensivaikutelma sinusta voi muodostua vaikkapa Facebook-ryhm\u00e4n kommenttiesi perusteella. Ole asiallinen, ole kohtelias, ole ammattimainen. Sit\u00e4 ei voi kyllin korostaa.<o:p><\/o:p><\/p>\n<p><span><\/span><\/p>\n<p>Verkostoitumisesta on hy\u00f6ty\u00e4 my\u00f6s silloin, kun\u00a0k\u00e4y niin, ett\u00e4 et jostain syyst\u00e4 ehdi tai voi palvella asiakastasi itse. Silloin on syyt\u00e4 mietti\u00e4 varaj\u00e4rjestelyit\u00e4. Voitko varauksetta suositella asiakkaalle jotain kollegaa? Vai onko parempi sanoa, ett\u00e4 nyt en valitettavasti voi auttaa? Jos suosittelet kollegaa asiakkaallesi, asiakas olettaa, ett\u00e4 kollegasi ty\u00f6 on samaa tasoa kuin oma j\u00e4lkesi.<span>\u00a0<\/span><span class=\"redactor-invisible-space\">Valitse siis tarkkaan, ket\u00e4 suosittelet.<span>\u00a0<\/span>On kohteliasta kertoa kollegalle vaikkapa s\u00e4hk\u00f6postiviestill\u00e4, ett\u00e4 suosittelit h\u00e4nt\u00e4 asiakkaallesi. Samalla voit kertoa hieman taustatietoja asiakkaasta, yleisi\u00e4 toimintatapoja, hinta- ja maksuaikatietoja ja muuta tarpeellista<span>\u00a0<\/span>\u00a0Jos kollegasi suosittelee sinua, ole luottamuksen arvoinen. Kysy sinua suositelleelta kollegalta palkkiotasosta ja muista asiakkaan ehdoista. Kollegan kanssa teht\u00e4viss\u00e4 yhteisty\u00f6projekteissa<span>\u00a0<\/span><\/span>on syyt\u00e4 sopia etuk\u00e4teen tarkat ehdot, aivan kuten kaikkien muidenkin t\u00f6iden yhteydess\u00e4.<\/p>\n<p>Sen lis\u00e4ksi, ett\u00e4 kollegat voivat tavalla tai toisella j\u00e4rjest\u00e4\u00e4 sinulle lis\u00e4\u00e4 t\u00f6it\u00e4, he ovat korvaamaton apu ja tuki arjessa. Kun k\u00e4ytt\u00e4ydyt ammattimaisesti ja yst\u00e4v\u00e4llisesti ja vastaat kollegoiden kysymyksiin, voit luottaa my\u00f6s itse saavasi heilt\u00e4 vastauksia. Muista kuitenkin apua pyyt\u00e4ess\u00e4si, ett\u00e4 jokaisella on omat ty\u00f6ns\u00e4 teht\u00e4v\u00e4n\u00e4, eik\u00e4 sinun kysymyksesi saisi aiheuttaa muille kohtuutonta ty\u00f6t\u00e4. Anna siis kysymyksen yhteydess\u00e4 riitt\u00e4v\u00e4sti kontekstia, jottei muilta mene turhaa vaivaa irrallisten termitiedustelujen py\u00f6ritt\u00e4miseen, \u00e4l\u00e4k\u00e4 vaadi vastauksia pikaiseen m\u00e4\u00e4r\u00e4aikaan menness\u00e4. Toki kiireisi\u00e4kin kysymyksi\u00e4 saa esitt\u00e4\u00e4, mutta \u00e4l\u00e4 oleta \u00e4l\u00e4k\u00e4 velvoita liikaa. Kun saat vastauksia, muista kiitt\u00e4\u00e4 ja kerro mielell\u00e4\u00e4n, millaisiin ratkaisuihin p\u00e4\u00e4dyit, jotta tiedosta on hy\u00f6ty\u00e4 my\u00f6s muille. Kollegaverkostoissa toimii sama vastavuoroisuuden periaate kuin kaikessa muussakin el\u00e4m\u00e4ss\u00e4. Aina k\u00e4si ojossa pyyt\u00e4m\u00e4ss\u00e4, muttei juuri koskaan vapaaehtoisesti antamassa oleva kollega muuttuu nopeasti rasitteeksi.\u00a0Avun pyyt\u00e4misess\u00e4 ja antamisessa on muistettava aina my\u00f6s luottamuksellisuus: \u00e4l\u00e4 paljasta, mist\u00e4 asiakkaista, yrityksist\u00e4 tai tuotteista on kyse. Joskus on eettisist\u00e4 syist\u00e4 parempi j\u00e4tt\u00e4\u00e4 kysym\u00e4tt\u00e4 kuin vihjailla liikaa.<\/p>\n<\/div>\n<\/div>\n<p>[\/et_pb_text][\/et_pb_column][et_pb_column type=&#8221;1_2&#8243; _builder_version=&#8221;3.25&#8243; custom_padding=&#8221;|||&#8221; global_colors_info=&#8221;{}&#8221; custom_padding__hover=&#8221;|||&#8221; theme_builder_area=&#8221;post_content&#8221;][\/et_pb_column][\/et_pb_row][\/et_pb_section]<\/p>\n","protected":false},"excerpt":{"rendered":"<p>Mit\u00e4 enemm\u00e4n kollegoita tunnet, sit\u00e4 enemm\u00e4n sinulla on sek\u00e4 potentiaalisia asiakkaita ett\u00e4 potentiaalisia yhteisty\u00f6kumppaneita. Ja mit\u00e4 paremmin tunnet kollegoita, sit\u00e4 tarkemmin tied\u00e4t, kenen kanssa haluat tehd\u00e4 yhteisty\u00f6t\u00e4.Usein kollegaverkosto alkaa muodostua jo opiskeluaikana ja kasvaa pikkuhiljaa ty\u00f6uran my\u00f6t\u00e4. Sosiaalisessa mediassa on helppo verkostoitua kollegoiden kanssa ja liitty\u00e4 erilaisiin alan liepeill\u00e4 toimiviin ryhmiin. Sek\u00e4 koti- ett\u00e4 ulkomaiset [&hellip;]<\/p>\n","protected":false},"author":2,"featured_media":0,"parent":159,"menu_order":0,"comment_status":"closed","ping_status":"closed","template":"","meta":{"_et_pb_use_builder":"on","_et_pb_old_content":"","_et_gb_content_width":"","footnotes":""},"class_list":["post-164","page","type-page","status-publish","hentry"],"yoast_head":"<!-- This site is optimized with the Yoast SEO plugin v27.4 - https:\/\/yoast.com\/product\/yoast-seo-wordpress\/ -->\n<title>KOLLEGAVERKOSTOT - K\u00e4\u00e4nt\u00e4j\u00e4mestarin kirja<\/title>\n<meta name=\"robots\" content=\"index, follow, max-snippet:-1, max-image-preview:large, max-video-preview:-1\" \/>\n<link rel=\"canonical\" href=\"https:\/\/xn--kntjmestari-l8aacb.fi\/km\/etusivu\/luku-5-verkostoituminen\/kollegaverkostot\/\" \/>\n<meta property=\"og:locale\" content=\"fi_FI\" \/>\n<meta property=\"og:type\" content=\"article\" \/>\n<meta property=\"og:title\" content=\"KOLLEGAVERKOSTOT - K\u00e4\u00e4nt\u00e4j\u00e4mestarin kirja\" \/>\n<meta property=\"og:description\" content=\"Mit\u00e4 enemm\u00e4n kollegoita tunnet, sit\u00e4 enemm\u00e4n sinulla on sek\u00e4 potentiaalisia asiakkaita ett\u00e4 potentiaalisia yhteisty\u00f6kumppaneita. Ja mit\u00e4 paremmin tunnet kollegoita, sit\u00e4 tarkemmin tied\u00e4t, kenen kanssa haluat tehd\u00e4 yhteisty\u00f6t\u00e4.Usein kollegaverkosto alkaa muodostua jo opiskeluaikana ja kasvaa pikkuhiljaa ty\u00f6uran my\u00f6t\u00e4. Sosiaalisessa mediassa on helppo verkostoitua kollegoiden kanssa ja liitty\u00e4 erilaisiin alan liepeill\u00e4 toimiviin ryhmiin. Sek\u00e4 koti- ett\u00e4 ulkomaiset [&hellip;]\" \/>\n<meta property=\"og:url\" content=\"https:\/\/xn--kntjmestari-l8aacb.fi\/km\/etusivu\/luku-5-verkostoituminen\/kollegaverkostot\/\" \/>\n<meta property=\"og:site_name\" content=\"K\u00e4\u00e4nt\u00e4j\u00e4mestarin kirja\" \/>\n<meta property=\"article:modified_time\" content=\"2021-12-22T11:58:02+00:00\" \/>\n<meta name=\"twitter:card\" content=\"summary_large_image\" \/>\n<meta name=\"twitter:label1\" content=\"Arvioitu lukuaika\" \/>\n\t<meta name=\"twitter:data1\" content=\"3 minuuttia\" \/>\n<script type=\"application\/ld+json\" class=\"yoast-schema-graph\">{\"@context\":\"https:\\\/\\\/schema.org\",\"@graph\":[{\"@type\":\"WebPage\",\"@id\":\"https:\\\/\\\/xn--kntjmestari-l8aacb.fi\\\/km\\\/etusivu\\\/luku-5-verkostoituminen\\\/kollegaverkostot\\\/\",\"url\":\"https:\\\/\\\/xn--kntjmestari-l8aacb.fi\\\/km\\\/etusivu\\\/luku-5-verkostoituminen\\\/kollegaverkostot\\\/\",\"name\":\"KOLLEGAVERKOSTOT - K\u00e4\u00e4nt\u00e4j\u00e4mestarin kirja\",\"isPartOf\":{\"@id\":\"https:\\\/\\\/xn--kntjmestari-l8aacb.fi\\\/km\\\/#website\"},\"datePublished\":\"2021-12-22T11:49:45+00:00\",\"dateModified\":\"2021-12-22T11:58:02+00:00\",\"breadcrumb\":{\"@id\":\"https:\\\/\\\/xn--kntjmestari-l8aacb.fi\\\/km\\\/etusivu\\\/luku-5-verkostoituminen\\\/kollegaverkostot\\\/#breadcrumb\"},\"inLanguage\":\"fi\",\"potentialAction\":[{\"@type\":\"ReadAction\",\"target\":[\"https:\\\/\\\/xn--kntjmestari-l8aacb.fi\\\/km\\\/etusivu\\\/luku-5-verkostoituminen\\\/kollegaverkostot\\\/\"]}]},{\"@type\":\"BreadcrumbList\",\"@id\":\"https:\\\/\\\/xn--kntjmestari-l8aacb.fi\\\/km\\\/etusivu\\\/luku-5-verkostoituminen\\\/kollegaverkostot\\\/#breadcrumb\",\"itemListElement\":[{\"@type\":\"ListItem\",\"position\":1,\"name\":\"Etusivu\",\"item\":\"https:\\\/\\\/xn--kntjmestari-l8aacb.fi\\\/km\\\/\"},{\"@type\":\"ListItem\",\"position\":2,\"name\":\"K\u00e4\u00e4nt\u00e4j\u00e4mestarin kirja\",\"item\":\"https:\\\/\\\/xn--kntjmestari-l8aacb.fi\\\/km\\\/\"},{\"@type\":\"ListItem\",\"position\":3,\"name\":\"LUKU 5 \u2013 VERKOSTOITUMINEN\",\"item\":\"https:\\\/\\\/xn--kntjmestari-l8aacb.fi\\\/km\\\/etusivu\\\/luku-5-verkostoituminen\\\/\"},{\"@type\":\"ListItem\",\"position\":4,\"name\":\"KOLLEGAVERKOSTOT\"}]},{\"@type\":\"WebSite\",\"@id\":\"https:\\\/\\\/xn--kntjmestari-l8aacb.fi\\\/km\\\/#website\",\"url\":\"https:\\\/\\\/xn--kntjmestari-l8aacb.fi\\\/km\\\/\",\"name\":\"K\u00e4\u00e4nt\u00e4j\u00e4mestarin kirja\",\"description\":\"k\u00e4yt\u00e4nn\u00f6n opas aloitteleville k\u00e4\u00e4nt\u00e4jille ja tulkeille\",\"publisher\":{\"@id\":\"https:\\\/\\\/xn--kntjmestari-l8aacb.fi\\\/km\\\/#organization\"},\"potentialAction\":[{\"@type\":\"SearchAction\",\"target\":{\"@type\":\"EntryPoint\",\"urlTemplate\":\"https:\\\/\\\/xn--kntjmestari-l8aacb.fi\\\/km\\\/?s={search_term_string}\"},\"query-input\":{\"@type\":\"PropertyValueSpecification\",\"valueRequired\":true,\"valueName\":\"search_term_string\"}}],\"inLanguage\":\"fi\"},{\"@type\":\"Organization\",\"@id\":\"https:\\\/\\\/xn--kntjmestari-l8aacb.fi\\\/km\\\/#organization\",\"name\":\"K\u00e4\u00e4nt\u00e4j\u00e4mestarit\",\"url\":\"https:\\\/\\\/xn--kntjmestari-l8aacb.fi\\\/km\\\/\",\"logo\":{\"@type\":\"ImageObject\",\"inLanguage\":\"fi\",\"@id\":\"https:\\\/\\\/xn--kntjmestari-l8aacb.fi\\\/km\\\/#\\\/schema\\\/logo\\\/image\\\/\",\"url\":\"https:\\\/\\\/xn--kntjmestari-l8aacb.fi\\\/km\\\/wp-content\\\/uploads\\\/2021\\\/12\\\/logo.jpg\",\"contentUrl\":\"https:\\\/\\\/xn--kntjmestari-l8aacb.fi\\\/km\\\/wp-content\\\/uploads\\\/2021\\\/12\\\/logo.jpg\",\"width\":509,\"height\":530,\"caption\":\"K\u00e4\u00e4nt\u00e4j\u00e4mestarit\"},\"image\":{\"@id\":\"https:\\\/\\\/xn--kntjmestari-l8aacb.fi\\\/km\\\/#\\\/schema\\\/logo\\\/image\\\/\"}}]}<\/script>\n<!-- \/ Yoast SEO plugin. -->","yoast_head_json":{"title":"KOLLEGAVERKOSTOT - K\u00e4\u00e4nt\u00e4j\u00e4mestarin kirja","robots":{"index":"index","follow":"follow","max-snippet":"max-snippet:-1","max-image-preview":"max-image-preview:large","max-video-preview":"max-video-preview:-1"},"canonical":"https:\/\/xn--kntjmestari-l8aacb.fi\/km\/etusivu\/luku-5-verkostoituminen\/kollegaverkostot\/","og_locale":"fi_FI","og_type":"article","og_title":"KOLLEGAVERKOSTOT - K\u00e4\u00e4nt\u00e4j\u00e4mestarin kirja","og_description":"Mit\u00e4 enemm\u00e4n kollegoita tunnet, sit\u00e4 enemm\u00e4n sinulla on sek\u00e4 potentiaalisia asiakkaita ett\u00e4 potentiaalisia yhteisty\u00f6kumppaneita. Ja mit\u00e4 paremmin tunnet kollegoita, sit\u00e4 tarkemmin tied\u00e4t, kenen kanssa haluat tehd\u00e4 yhteisty\u00f6t\u00e4.Usein kollegaverkosto alkaa muodostua jo opiskeluaikana ja kasvaa pikkuhiljaa ty\u00f6uran my\u00f6t\u00e4. Sosiaalisessa mediassa on helppo verkostoitua kollegoiden kanssa ja liitty\u00e4 erilaisiin alan liepeill\u00e4 toimiviin ryhmiin. Sek\u00e4 koti- ett\u00e4 ulkomaiset [&hellip;]","og_url":"https:\/\/xn--kntjmestari-l8aacb.fi\/km\/etusivu\/luku-5-verkostoituminen\/kollegaverkostot\/","og_site_name":"K\u00e4\u00e4nt\u00e4j\u00e4mestarin kirja","article_modified_time":"2021-12-22T11:58:02+00:00","twitter_card":"summary_large_image","twitter_misc":{"Arvioitu lukuaika":"3 minuuttia"},"schema":{"@context":"https:\/\/schema.org","@graph":[{"@type":"WebPage","@id":"https:\/\/xn--kntjmestari-l8aacb.fi\/km\/etusivu\/luku-5-verkostoituminen\/kollegaverkostot\/","url":"https:\/\/xn--kntjmestari-l8aacb.fi\/km\/etusivu\/luku-5-verkostoituminen\/kollegaverkostot\/","name":"KOLLEGAVERKOSTOT - K\u00e4\u00e4nt\u00e4j\u00e4mestarin kirja","isPartOf":{"@id":"https:\/\/xn--kntjmestari-l8aacb.fi\/km\/#website"},"datePublished":"2021-12-22T11:49:45+00:00","dateModified":"2021-12-22T11:58:02+00:00","breadcrumb":{"@id":"https:\/\/xn--kntjmestari-l8aacb.fi\/km\/etusivu\/luku-5-verkostoituminen\/kollegaverkostot\/#breadcrumb"},"inLanguage":"fi","potentialAction":[{"@type":"ReadAction","target":["https:\/\/xn--kntjmestari-l8aacb.fi\/km\/etusivu\/luku-5-verkostoituminen\/kollegaverkostot\/"]}]},{"@type":"BreadcrumbList","@id":"https:\/\/xn--kntjmestari-l8aacb.fi\/km\/etusivu\/luku-5-verkostoituminen\/kollegaverkostot\/#breadcrumb","itemListElement":[{"@type":"ListItem","position":1,"name":"Etusivu","item":"https:\/\/xn--kntjmestari-l8aacb.fi\/km\/"},{"@type":"ListItem","position":2,"name":"K\u00e4\u00e4nt\u00e4j\u00e4mestarin kirja","item":"https:\/\/xn--kntjmestari-l8aacb.fi\/km\/"},{"@type":"ListItem","position":3,"name":"LUKU 5 \u2013 VERKOSTOITUMINEN","item":"https:\/\/xn--kntjmestari-l8aacb.fi\/km\/etusivu\/luku-5-verkostoituminen\/"},{"@type":"ListItem","position":4,"name":"KOLLEGAVERKOSTOT"}]},{"@type":"WebSite","@id":"https:\/\/xn--kntjmestari-l8aacb.fi\/km\/#website","url":"https:\/\/xn--kntjmestari-l8aacb.fi\/km\/","name":"K\u00e4\u00e4nt\u00e4j\u00e4mestarin kirja","description":"k\u00e4yt\u00e4nn\u00f6n opas aloitteleville k\u00e4\u00e4nt\u00e4jille ja tulkeille","publisher":{"@id":"https:\/\/xn--kntjmestari-l8aacb.fi\/km\/#organization"},"potentialAction":[{"@type":"SearchAction","target":{"@type":"EntryPoint","urlTemplate":"https:\/\/xn--kntjmestari-l8aacb.fi\/km\/?s={search_term_string}"},"query-input":{"@type":"PropertyValueSpecification","valueRequired":true,"valueName":"search_term_string"}}],"inLanguage":"fi"},{"@type":"Organization","@id":"https:\/\/xn--kntjmestari-l8aacb.fi\/km\/#organization","name":"K\u00e4\u00e4nt\u00e4j\u00e4mestarit","url":"https:\/\/xn--kntjmestari-l8aacb.fi\/km\/","logo":{"@type":"ImageObject","inLanguage":"fi","@id":"https:\/\/xn--kntjmestari-l8aacb.fi\/km\/#\/schema\/logo\/image\/","url":"https:\/\/xn--kntjmestari-l8aacb.fi\/km\/wp-content\/uploads\/2021\/12\/logo.jpg","contentUrl":"https:\/\/xn--kntjmestari-l8aacb.fi\/km\/wp-content\/uploads\/2021\/12\/logo.jpg","width":509,"height":530,"caption":"K\u00e4\u00e4nt\u00e4j\u00e4mestarit"},"image":{"@id":"https:\/\/xn--kntjmestari-l8aacb.fi\/km\/#\/schema\/logo\/image\/"}}]}},"_links":{"self":[{"href":"https:\/\/xn--kntjmestari-l8aacb.fi\/km\/wp-json\/wp\/v2\/pages\/164","targetHints":{"allow":["GET"]}}],"collection":[{"href":"https:\/\/xn--kntjmestari-l8aacb.fi\/km\/wp-json\/wp\/v2\/pages"}],"about":[{"href":"https:\/\/xn--kntjmestari-l8aacb.fi\/km\/wp-json\/wp\/v2\/types\/page"}],"author":[{"embeddable":true,"href":"https:\/\/xn--kntjmestari-l8aacb.fi\/km\/wp-json\/wp\/v2\/users\/2"}],"replies":[{"embeddable":true,"href":"https:\/\/xn--kntjmestari-l8aacb.fi\/km\/wp-json\/wp\/v2\/comments?post=164"}],"version-history":[{"count":4,"href":"https:\/\/xn--kntjmestari-l8aacb.fi\/km\/wp-json\/wp\/v2\/pages\/164\/revisions"}],"predecessor-version":[{"id":170,"href":"https:\/\/xn--kntjmestari-l8aacb.fi\/km\/wp-json\/wp\/v2\/pages\/164\/revisions\/170"}],"up":[{"embeddable":true,"href":"https:\/\/xn--kntjmestari-l8aacb.fi\/km\/wp-json\/wp\/v2\/pages\/159"}],"wp:attachment":[{"href":"https:\/\/xn--kntjmestari-l8aacb.fi\/km\/wp-json\/wp\/v2\/media?parent=164"}],"curies":[{"name":"wp","href":"https:\/\/api.w.org\/{rel}","templated":true}]}}