{"id":171,"date":"2021-12-22T12:01:18","date_gmt":"2021-12-22T12:01:18","guid":{"rendered":"https:\/\/xn--kntjmestari-l8aacb.fi\/km\/?page_id=171"},"modified":"2021-12-22T12:03:58","modified_gmt":"2021-12-22T12:03:58","slug":"verkostoituminen-muiden-alojen-toimijoiden-kanssa","status":"publish","type":"page","link":"https:\/\/xn--kntjmestari-l8aacb.fi\/km\/verkostoituminen-muiden-alojen-toimijoiden-kanssa\/","title":{"rendered":"VERKOSTOITUMINEN MUIDEN ALOJEN TOIMIJOIDEN KANSSA"},"content":{"rendered":"<p>[et_pb_section fb_built=&#8221;1&#8243; _builder_version=&#8221;3.22&#8243; global_colors_info=&#8221;{}&#8221;][et_pb_row _builder_version=&#8221;4.14.2&#8243; _module_preset=&#8221;default&#8221; global_colors_info=&#8221;{}&#8221;][et_pb_column type=&#8221;4_4&#8243; _builder_version=&#8221;4.14.2&#8243; _module_preset=&#8221;default&#8221; global_colors_info=&#8221;{}&#8221;][et_pb_post_title meta=&#8221;off&#8221; featured_image=&#8221;off&#8221; _builder_version=&#8221;4.14.2&#8243; _module_preset=&#8221;default&#8221; global_colors_info=&#8221;{}&#8221;][\/et_pb_post_title][\/et_pb_column][\/et_pb_row][et_pb_row column_structure=&#8221;1_2,1_2&#8243; _builder_version=&#8221;3.25&#8243; background_size=&#8221;initial&#8221; background_position=&#8221;top_left&#8221; background_repeat=&#8221;repeat&#8221; global_colors_info=&#8221;{}&#8221;][et_pb_column type=&#8221;1_2&#8243; _builder_version=&#8221;3.25&#8243; custom_padding=&#8221;|||&#8221; global_colors_info=&#8221;{}&#8221; custom_padding__hover=&#8221;|||&#8221;][et_pb_text _builder_version=&#8221;4.14.2&#8243; background_size=&#8221;initial&#8221; background_position=&#8221;top_left&#8221; background_repeat=&#8221;repeat&#8221; custom_margin=&#8221;|-426px||||&#8221; custom_padding=&#8221;||0px|||&#8221; global_colors_info=&#8221;{}&#8221;]<\/p>\n<div id=\"page-zones__main-widgets__content1\" data-name=\"content\" class=\"content widget js-widget\" data-uniqueid=\"OloHtMAomHwAijU\" data-parentuniqueid=\"69O0NdSLr5jBL3F\">\n<div class=\"bk-content-text js-text-content   wysihtml-editor-content\">\n<p>Kollegoiden lis\u00e4ksi on t\u00e4rke\u00e4\u00e4 rakentaa verkostoja my\u00f6s muilla aloilla toimivien ammattilaisten kanssa. N\u00e4m\u00e4 yhteydet voivat poikia sinulle uusia asiakkuuksia joko suoraan tai ep\u00e4suorasti. Kun juttukaverisi kertoo sinusta ty\u00f6paikallaan tai yst\u00e4v\u00e4piiriss\u00e4\u00e4n,\u00a0tieto tarjoamistasi palveluista levi\u00e4\u00e4. Puskaradiomarkkinointi on kustannustehokas markkinointikeino. Muista ammattilaisista voit my\u00f6s saada hyvi\u00e4 yhteisty\u00f6kumppaneita\u00a0palveluihin, joita tarjoat asiakkaalle, mutta et tee itse, kuten taittot\u00f6ihin. Voit t\u00f6rm\u00e4t\u00e4 my\u00f6s hy\u00f6dyllisiin kontakteihin vaikkapa ty\u00f6hyvinvointiin tai ty\u00f6v\u00e4lineisiin liittyen ja l\u00f6yt\u00e4\u00e4 itsellesi hyv\u00e4n hierojan, tietoteknisen tukihenkil\u00f6n, kirjanpit\u00e4j\u00e4n tai muuta vastaavaa.<\/p>\n<p>Ole aina valmis verkostoitumaan \u2013 tuleva asiakkaasi voi tulla vastaan harrastusryhmiss\u00e4, vanhempainilloissa, junassa tai bussissa, melkein miss\u00e4 vaan. Sopivan tilaisuuden tullen kannattaa avata suunsa ja kertoa, mit\u00e4 tekee ty\u00f6kseen. Harjoittele n\u00e4it\u00e4 tilanteita varten niin sanottu hissipuhe, joka on positiivinen, kompakti ja iskev\u00e4 tiivistelm\u00e4 yrityksest\u00e4si\u00a0ja tarjoamistasi palveluista. Hissipuheesta on hyv\u00e4 mietti\u00e4 valmiiksi\u00a0eri versioita esimerkiksi tilanteen muodollisuuden tai kuulijoiden mukaan. Pid\u00e4 aina muutamia k\u00e4yntikortteja mukana jaettavaksi.<\/p>\n<p><a href=\"http:\/\/www.yrittajat.fi\/\" target=\"_blank\" rel=\"noopener\">Yritt\u00e4j\u00e4j\u00e4rjest\u00f6iss\u00e4<\/a>\u00a0ja\u00a0<a href=\"http:\/\/kauppakamari.fi\/\" target=\"_blank\" rel=\"noopener\">kauppakamaritoiminnassa<\/a>\u00a0tutustut varmasti muiden alojen yritt\u00e4jiin ja voit olla mukana vaikuttamassa yritt\u00e4jien asioihin paikallisella ja valtakunnallisella tasolla. Eri ammattialojen messut ja muut tapahtumat kannattaa my\u00f6s hy\u00f6dynt\u00e4\u00e4 verkostoitumismieless\u00e4.<\/p>\n<\/div>\n<\/div>\n<p>[\/et_pb_text][\/et_pb_column][et_pb_column type=&#8221;1_2&#8243; _builder_version=&#8221;3.25&#8243; custom_padding=&#8221;|||&#8221; global_colors_info=&#8221;{}&#8221; custom_padding__hover=&#8221;|||&#8221;][\/et_pb_column][\/et_pb_row][\/et_pb_section]<\/p>\n","protected":false},"excerpt":{"rendered":"<p>Kollegoiden lis\u00e4ksi on t\u00e4rke\u00e4\u00e4 rakentaa verkostoja my\u00f6s muilla aloilla toimivien ammattilaisten kanssa. N\u00e4m\u00e4 yhteydet voivat poikia sinulle uusia asiakkuuksia joko suoraan tai ep\u00e4suorasti. Kun juttukaverisi kertoo sinusta ty\u00f6paikallaan tai yst\u00e4v\u00e4piiriss\u00e4\u00e4n,\u00a0tieto tarjoamistasi palveluista levi\u00e4\u00e4. Puskaradiomarkkinointi on kustannustehokas markkinointikeino. Muista ammattilaisista voit my\u00f6s saada hyvi\u00e4 yhteisty\u00f6kumppaneita\u00a0palveluihin, joita tarjoat asiakkaalle, mutta et tee itse, kuten taittot\u00f6ihin. Voit t\u00f6rm\u00e4t\u00e4 [&hellip;]<\/p>\n","protected":false},"author":2,"featured_media":0,"parent":0,"menu_order":0,"comment_status":"closed","ping_status":"closed","template":"","meta":{"_et_pb_use_builder":"on","_et_pb_old_content":"","_et_gb_content_width":"","footnotes":""},"class_list":["post-171","page","type-page","status-publish","hentry"],"yoast_head":"<!-- This site is optimized with the Yoast SEO plugin v27.4 - https:\/\/yoast.com\/product\/yoast-seo-wordpress\/ -->\n<title>VERKOSTOITUMINEN MUIDEN ALOJEN TOIMIJOIDEN KANSSA - K\u00e4\u00e4nt\u00e4j\u00e4mestarin kirja<\/title>\n<meta name=\"robots\" content=\"index, follow, max-snippet:-1, max-image-preview:large, max-video-preview:-1\" \/>\n<link rel=\"canonical\" href=\"https:\/\/xn--kntjmestari-l8aacb.fi\/km\/verkostoituminen-muiden-alojen-toimijoiden-kanssa\/\" \/>\n<meta property=\"og:locale\" content=\"fi_FI\" \/>\n<meta property=\"og:type\" content=\"article\" \/>\n<meta property=\"og:title\" content=\"VERKOSTOITUMINEN MUIDEN ALOJEN TOIMIJOIDEN KANSSA - K\u00e4\u00e4nt\u00e4j\u00e4mestarin kirja\" \/>\n<meta property=\"og:description\" content=\"Kollegoiden lis\u00e4ksi on t\u00e4rke\u00e4\u00e4 rakentaa verkostoja my\u00f6s muilla aloilla toimivien ammattilaisten kanssa. N\u00e4m\u00e4 yhteydet voivat poikia sinulle uusia asiakkuuksia joko suoraan tai ep\u00e4suorasti. Kun juttukaverisi kertoo sinusta ty\u00f6paikallaan tai yst\u00e4v\u00e4piiriss\u00e4\u00e4n,\u00a0tieto tarjoamistasi palveluista levi\u00e4\u00e4. Puskaradiomarkkinointi on kustannustehokas markkinointikeino. Muista ammattilaisista voit my\u00f6s saada hyvi\u00e4 yhteisty\u00f6kumppaneita\u00a0palveluihin, joita tarjoat asiakkaalle, mutta et tee itse, kuten taittot\u00f6ihin. Voit t\u00f6rm\u00e4t\u00e4 [&hellip;]\" \/>\n<meta property=\"og:url\" content=\"https:\/\/xn--kntjmestari-l8aacb.fi\/km\/verkostoituminen-muiden-alojen-toimijoiden-kanssa\/\" \/>\n<meta property=\"og:site_name\" content=\"K\u00e4\u00e4nt\u00e4j\u00e4mestarin kirja\" \/>\n<meta property=\"article:modified_time\" content=\"2021-12-22T12:03:58+00:00\" \/>\n<meta name=\"twitter:card\" content=\"summary_large_image\" \/>\n<meta name=\"twitter:label1\" content=\"Arvioitu lukuaika\" \/>\n\t<meta name=\"twitter:data1\" content=\"2 minuuttia\" \/>\n<script type=\"application\/ld+json\" class=\"yoast-schema-graph\">{\"@context\":\"https:\\\/\\\/schema.org\",\"@graph\":[{\"@type\":\"WebPage\",\"@id\":\"https:\\\/\\\/xn--kntjmestari-l8aacb.fi\\\/km\\\/verkostoituminen-muiden-alojen-toimijoiden-kanssa\\\/\",\"url\":\"https:\\\/\\\/xn--kntjmestari-l8aacb.fi\\\/km\\\/verkostoituminen-muiden-alojen-toimijoiden-kanssa\\\/\",\"name\":\"VERKOSTOITUMINEN MUIDEN ALOJEN TOIMIJOIDEN KANSSA - K\u00e4\u00e4nt\u00e4j\u00e4mestarin kirja\",\"isPartOf\":{\"@id\":\"https:\\\/\\\/xn--kntjmestari-l8aacb.fi\\\/km\\\/#website\"},\"datePublished\":\"2021-12-22T12:01:18+00:00\",\"dateModified\":\"2021-12-22T12:03:58+00:00\",\"breadcrumb\":{\"@id\":\"https:\\\/\\\/xn--kntjmestari-l8aacb.fi\\\/km\\\/verkostoituminen-muiden-alojen-toimijoiden-kanssa\\\/#breadcrumb\"},\"inLanguage\":\"fi\",\"potentialAction\":[{\"@type\":\"ReadAction\",\"target\":[\"https:\\\/\\\/xn--kntjmestari-l8aacb.fi\\\/km\\\/verkostoituminen-muiden-alojen-toimijoiden-kanssa\\\/\"]}]},{\"@type\":\"BreadcrumbList\",\"@id\":\"https:\\\/\\\/xn--kntjmestari-l8aacb.fi\\\/km\\\/verkostoituminen-muiden-alojen-toimijoiden-kanssa\\\/#breadcrumb\",\"itemListElement\":[{\"@type\":\"ListItem\",\"position\":1,\"name\":\"Etusivu\",\"item\":\"https:\\\/\\\/xn--kntjmestari-l8aacb.fi\\\/km\\\/\"},{\"@type\":\"ListItem\",\"position\":2,\"name\":\"VERKOSTOITUMINEN MUIDEN ALOJEN TOIMIJOIDEN KANSSA\"}]},{\"@type\":\"WebSite\",\"@id\":\"https:\\\/\\\/xn--kntjmestari-l8aacb.fi\\\/km\\\/#website\",\"url\":\"https:\\\/\\\/xn--kntjmestari-l8aacb.fi\\\/km\\\/\",\"name\":\"K\u00e4\u00e4nt\u00e4j\u00e4mestarin kirja\",\"description\":\"k\u00e4yt\u00e4nn\u00f6n opas aloitteleville k\u00e4\u00e4nt\u00e4jille ja tulkeille\",\"publisher\":{\"@id\":\"https:\\\/\\\/xn--kntjmestari-l8aacb.fi\\\/km\\\/#organization\"},\"potentialAction\":[{\"@type\":\"SearchAction\",\"target\":{\"@type\":\"EntryPoint\",\"urlTemplate\":\"https:\\\/\\\/xn--kntjmestari-l8aacb.fi\\\/km\\\/?s={search_term_string}\"},\"query-input\":{\"@type\":\"PropertyValueSpecification\",\"valueRequired\":true,\"valueName\":\"search_term_string\"}}],\"inLanguage\":\"fi\"},{\"@type\":\"Organization\",\"@id\":\"https:\\\/\\\/xn--kntjmestari-l8aacb.fi\\\/km\\\/#organization\",\"name\":\"K\u00e4\u00e4nt\u00e4j\u00e4mestarit\",\"url\":\"https:\\\/\\\/xn--kntjmestari-l8aacb.fi\\\/km\\\/\",\"logo\":{\"@type\":\"ImageObject\",\"inLanguage\":\"fi\",\"@id\":\"https:\\\/\\\/xn--kntjmestari-l8aacb.fi\\\/km\\\/#\\\/schema\\\/logo\\\/image\\\/\",\"url\":\"https:\\\/\\\/xn--kntjmestari-l8aacb.fi\\\/km\\\/wp-content\\\/uploads\\\/2021\\\/12\\\/logo.jpg\",\"contentUrl\":\"https:\\\/\\\/xn--kntjmestari-l8aacb.fi\\\/km\\\/wp-content\\\/uploads\\\/2021\\\/12\\\/logo.jpg\",\"width\":509,\"height\":530,\"caption\":\"K\u00e4\u00e4nt\u00e4j\u00e4mestarit\"},\"image\":{\"@id\":\"https:\\\/\\\/xn--kntjmestari-l8aacb.fi\\\/km\\\/#\\\/schema\\\/logo\\\/image\\\/\"}}]}<\/script>\n<!-- \/ Yoast SEO plugin. -->","yoast_head_json":{"title":"VERKOSTOITUMINEN MUIDEN ALOJEN TOIMIJOIDEN KANSSA - K\u00e4\u00e4nt\u00e4j\u00e4mestarin kirja","robots":{"index":"index","follow":"follow","max-snippet":"max-snippet:-1","max-image-preview":"max-image-preview:large","max-video-preview":"max-video-preview:-1"},"canonical":"https:\/\/xn--kntjmestari-l8aacb.fi\/km\/verkostoituminen-muiden-alojen-toimijoiden-kanssa\/","og_locale":"fi_FI","og_type":"article","og_title":"VERKOSTOITUMINEN MUIDEN ALOJEN TOIMIJOIDEN KANSSA - K\u00e4\u00e4nt\u00e4j\u00e4mestarin kirja","og_description":"Kollegoiden lis\u00e4ksi on t\u00e4rke\u00e4\u00e4 rakentaa verkostoja my\u00f6s muilla aloilla toimivien ammattilaisten kanssa. N\u00e4m\u00e4 yhteydet voivat poikia sinulle uusia asiakkuuksia joko suoraan tai ep\u00e4suorasti. Kun juttukaverisi kertoo sinusta ty\u00f6paikallaan tai yst\u00e4v\u00e4piiriss\u00e4\u00e4n,\u00a0tieto tarjoamistasi palveluista levi\u00e4\u00e4. Puskaradiomarkkinointi on kustannustehokas markkinointikeino. Muista ammattilaisista voit my\u00f6s saada hyvi\u00e4 yhteisty\u00f6kumppaneita\u00a0palveluihin, joita tarjoat asiakkaalle, mutta et tee itse, kuten taittot\u00f6ihin. Voit t\u00f6rm\u00e4t\u00e4 [&hellip;]","og_url":"https:\/\/xn--kntjmestari-l8aacb.fi\/km\/verkostoituminen-muiden-alojen-toimijoiden-kanssa\/","og_site_name":"K\u00e4\u00e4nt\u00e4j\u00e4mestarin kirja","article_modified_time":"2021-12-22T12:03:58+00:00","twitter_card":"summary_large_image","twitter_misc":{"Arvioitu lukuaika":"2 minuuttia"},"schema":{"@context":"https:\/\/schema.org","@graph":[{"@type":"WebPage","@id":"https:\/\/xn--kntjmestari-l8aacb.fi\/km\/verkostoituminen-muiden-alojen-toimijoiden-kanssa\/","url":"https:\/\/xn--kntjmestari-l8aacb.fi\/km\/verkostoituminen-muiden-alojen-toimijoiden-kanssa\/","name":"VERKOSTOITUMINEN MUIDEN ALOJEN TOIMIJOIDEN KANSSA - K\u00e4\u00e4nt\u00e4j\u00e4mestarin kirja","isPartOf":{"@id":"https:\/\/xn--kntjmestari-l8aacb.fi\/km\/#website"},"datePublished":"2021-12-22T12:01:18+00:00","dateModified":"2021-12-22T12:03:58+00:00","breadcrumb":{"@id":"https:\/\/xn--kntjmestari-l8aacb.fi\/km\/verkostoituminen-muiden-alojen-toimijoiden-kanssa\/#breadcrumb"},"inLanguage":"fi","potentialAction":[{"@type":"ReadAction","target":["https:\/\/xn--kntjmestari-l8aacb.fi\/km\/verkostoituminen-muiden-alojen-toimijoiden-kanssa\/"]}]},{"@type":"BreadcrumbList","@id":"https:\/\/xn--kntjmestari-l8aacb.fi\/km\/verkostoituminen-muiden-alojen-toimijoiden-kanssa\/#breadcrumb","itemListElement":[{"@type":"ListItem","position":1,"name":"Etusivu","item":"https:\/\/xn--kntjmestari-l8aacb.fi\/km\/"},{"@type":"ListItem","position":2,"name":"VERKOSTOITUMINEN MUIDEN ALOJEN TOIMIJOIDEN KANSSA"}]},{"@type":"WebSite","@id":"https:\/\/xn--kntjmestari-l8aacb.fi\/km\/#website","url":"https:\/\/xn--kntjmestari-l8aacb.fi\/km\/","name":"K\u00e4\u00e4nt\u00e4j\u00e4mestarin kirja","description":"k\u00e4yt\u00e4nn\u00f6n opas aloitteleville k\u00e4\u00e4nt\u00e4jille ja tulkeille","publisher":{"@id":"https:\/\/xn--kntjmestari-l8aacb.fi\/km\/#organization"},"potentialAction":[{"@type":"SearchAction","target":{"@type":"EntryPoint","urlTemplate":"https:\/\/xn--kntjmestari-l8aacb.fi\/km\/?s={search_term_string}"},"query-input":{"@type":"PropertyValueSpecification","valueRequired":true,"valueName":"search_term_string"}}],"inLanguage":"fi"},{"@type":"Organization","@id":"https:\/\/xn--kntjmestari-l8aacb.fi\/km\/#organization","name":"K\u00e4\u00e4nt\u00e4j\u00e4mestarit","url":"https:\/\/xn--kntjmestari-l8aacb.fi\/km\/","logo":{"@type":"ImageObject","inLanguage":"fi","@id":"https:\/\/xn--kntjmestari-l8aacb.fi\/km\/#\/schema\/logo\/image\/","url":"https:\/\/xn--kntjmestari-l8aacb.fi\/km\/wp-content\/uploads\/2021\/12\/logo.jpg","contentUrl":"https:\/\/xn--kntjmestari-l8aacb.fi\/km\/wp-content\/uploads\/2021\/12\/logo.jpg","width":509,"height":530,"caption":"K\u00e4\u00e4nt\u00e4j\u00e4mestarit"},"image":{"@id":"https:\/\/xn--kntjmestari-l8aacb.fi\/km\/#\/schema\/logo\/image\/"}}]}},"_links":{"self":[{"href":"https:\/\/xn--kntjmestari-l8aacb.fi\/km\/wp-json\/wp\/v2\/pages\/171","targetHints":{"allow":["GET"]}}],"collection":[{"href":"https:\/\/xn--kntjmestari-l8aacb.fi\/km\/wp-json\/wp\/v2\/pages"}],"about":[{"href":"https:\/\/xn--kntjmestari-l8aacb.fi\/km\/wp-json\/wp\/v2\/types\/page"}],"author":[{"embeddable":true,"href":"https:\/\/xn--kntjmestari-l8aacb.fi\/km\/wp-json\/wp\/v2\/users\/2"}],"replies":[{"embeddable":true,"href":"https:\/\/xn--kntjmestari-l8aacb.fi\/km\/wp-json\/wp\/v2\/comments?post=171"}],"version-history":[{"count":4,"href":"https:\/\/xn--kntjmestari-l8aacb.fi\/km\/wp-json\/wp\/v2\/pages\/171\/revisions"}],"predecessor-version":[{"id":178,"href":"https:\/\/xn--kntjmestari-l8aacb.fi\/km\/wp-json\/wp\/v2\/pages\/171\/revisions\/178"}],"wp:attachment":[{"href":"https:\/\/xn--kntjmestari-l8aacb.fi\/km\/wp-json\/wp\/v2\/media?parent=171"}],"curies":[{"name":"wp","href":"https:\/\/api.w.org\/{rel}","templated":true}]}}