{"id":184,"date":"2021-12-22T12:15:41","date_gmt":"2021-12-22T12:15:41","guid":{"rendered":"https:\/\/xn--kntjmestari-l8aacb.fi\/km\/?page_id=184"},"modified":"2021-12-22T12:15:41","modified_gmt":"2021-12-22T12:15:41","slug":"sosiaalinen-media","status":"publish","type":"page","link":"https:\/\/xn--kntjmestari-l8aacb.fi\/km\/etusivu\/luku-5-verkostoituminen\/sosiaalinen-media\/","title":{"rendered":"SOSIAALINEN MEDIA"},"content":{"rendered":"<p>[et_pb_section fb_built=&#8221;1&#8243; _builder_version=&#8221;3.22&#8243; global_colors_info=&#8221;{}&#8221; theme_builder_area=&#8221;post_content&#8221;][et_pb_row _builder_version=&#8221;4.14.2&#8243; _module_preset=&#8221;default&#8221; global_colors_info=&#8221;{}&#8221; theme_builder_area=&#8221;post_content&#8221;][et_pb_column type=&#8221;4_4&#8243; _builder_version=&#8221;4.14.2&#8243; _module_preset=&#8221;default&#8221; global_colors_info=&#8221;{}&#8221; theme_builder_area=&#8221;post_content&#8221;][et_pb_post_title meta=&#8221;off&#8221; featured_image=&#8221;off&#8221; _builder_version=&#8221;4.14.2&#8243; _module_preset=&#8221;default&#8221; global_colors_info=&#8221;{}&#8221; theme_builder_area=&#8221;post_content&#8221;][\/et_pb_post_title][\/et_pb_column][\/et_pb_row][et_pb_row column_structure=&#8221;1_2,1_2&#8243; _builder_version=&#8221;3.25&#8243; background_size=&#8221;initial&#8221; background_position=&#8221;top_left&#8221; background_repeat=&#8221;repeat&#8221; global_colors_info=&#8221;{}&#8221; theme_builder_area=&#8221;post_content&#8221;][et_pb_column type=&#8221;1_2&#8243; _builder_version=&#8221;3.25&#8243; custom_padding=&#8221;|||&#8221; global_colors_info=&#8221;{}&#8221; custom_padding__hover=&#8221;|||&#8221; theme_builder_area=&#8221;post_content&#8221;][et_pb_text _builder_version=&#8221;4.14.2&#8243; background_size=&#8221;initial&#8221; background_position=&#8221;top_left&#8221; background_repeat=&#8221;repeat&#8221; custom_margin=&#8221;|-426px||||&#8221; custom_padding=&#8221;||0px|||&#8221; global_colors_info=&#8221;{}&#8221; theme_builder_area=&#8221;post_content&#8221;]<\/p>\n<div id=\"page-zones__main-widgets__content1\" data-name=\"content\" class=\"content widget js-widget\" data-uniqueid=\"OloHtMAomHwAijU\" data-parentuniqueid=\"69O0NdSLr5jBL3F\">\n<div class=\"bk-content-text js-text-content   wysihtml-editor-content\"><span>Sosiaalinen media on oiva paikka tehd\u00e4 itse\u00e4\u00e4n ja osaamistaan n\u00e4kyv\u00e4ksi. Kannattaa etsi\u00e4 itselleen sopivat mediat ja mietti\u00e4 niiden k\u00e4ytt\u00f6\u00e4 my\u00f6s ammatilliselta kannalta. Kaikkeen ei aika riit\u00e4, ja jossakin voi haluta olla vain yksityishenkil\u00f6n\u00e4.\u00a0<\/span><\/p>\n<p><span>Facebookissa on paljon erilaisia ryhmi\u00e4 sek\u00e4 kielest\u00e4 ett\u00e4 k\u00e4\u00e4nt\u00e4misest\u00e4 kiinnostuneille. Ne sopivat hyvin kollegiaalisen verkostoinnin alustoiksi. Facebookiin on my\u00f6s helppo tehd\u00e4 itse erilaisia ryhmi\u00e4 ja keskustelualustoja, jotka voi halutessaan pit\u00e4\u00e4 my\u00f6s salaisina. Facebookissa on hyv\u00e4 muistaa yksityisyysasetukset &#8211; jokaisen p\u00e4ivityksen julkisuuden voi itse asettaa sopivaksi tai valita niille sopivan yleis\u00f6n.\u00a0<\/span><\/p>\n<p><span>LinkedIn on er\u00e4\u00e4nlainen ammatillinen Facebook, jossa voi verkostoitua sek\u00e4 oman alan ihmisten ett\u00e4 muiden alojen ihmisten kanssa. LinkedIniss\u00e4 voi lis\u00e4ksi suositella kollegoita ja se toimii my\u00f6s s\u00e4hk\u00f6isen\u00e4 CV:n\u00e4. LinkedIniss\u00e4 kannattaa panostaa ajantasaiseen ammatilliseen\u00a0profiiliin sek\u00e4 omien osaamisalueiden n\u00e4kyv\u00e4ksi tekemiseen.<\/span><\/p>\n<p><span>Twitter on luonteeltaan t\u00e4ysin julkinen. Kuka tahansa voi ryhty\u00e4 seuraamaan ket\u00e4 tahansa ja keskustella kaikkien kanssa. Mielenkiintoisia seurattavia l\u00f6ytyy helposti, ja my\u00f6s ammatillisia asioita voi tuoda julki &#8211; tietenkin aina salassapitovelvollisuuden\u00a0ja luottamuksellisuuden muistaen. Twitterin hy\u00f6ty paljastuu oikeastaan vasta aktiivik\u00e4yt\u00f6n my\u00f6t\u00e4. Twitteriss\u00e4 kannattaa panostaa omaan esittelytekstiin, jonka perusteella seuraajat l\u00f6yt\u00e4v\u00e4t sinut, sek\u00e4 kunnolliseen aihetunnisteiden eli hashtagien k\u00e4ytt\u00f6\u00f6n.\u00a0<\/span><\/p>\n<p><span>Valokuvien ja videosis\u00e4lt\u00f6jen jakamiseen on olemassa erilaisia palveluita, mm. Instagram ja Snapchat sek\u00e4 Periscope. Niiden haltuunotto vaatii halua jakaa visuaalista sis\u00e4lt\u00f6\u00e4 omasta el\u00e4m\u00e4st\u00e4\/ty\u00f6st\u00e4.\u00a0<\/span><\/p>\n<p><span>Kuten kaikessa viestinn\u00e4ss\u00e4, my\u00f6s somessa kannattaa mietti\u00e4 oma l\u00e4hestymistapa ja strategia. Itselle mieluisin tapa viesti\u00e4 on aina tehokkain. Erilaiset j\u00e4rjest\u00f6t tuottavat somekoulutusta, ja koulutus ei koskaan mene hukkaan.<\/span><\/p>\n<p><span>K\u00e4\u00e4nt\u00e4misen yleisi\u00e4\u00a0aihetunnisteita: #xl8, #kaantaminen #kaantajat #kaantajanpaiva #t9n #1nt\u00a0<\/span><\/div>\n<\/div>\n<p>[\/et_pb_text][\/et_pb_column][et_pb_column type=&#8221;1_2&#8243; _builder_version=&#8221;3.25&#8243; custom_padding=&#8221;|||&#8221; global_colors_info=&#8221;{}&#8221; custom_padding__hover=&#8221;|||&#8221; theme_builder_area=&#8221;post_content&#8221;][\/et_pb_column][\/et_pb_row][\/et_pb_section]<\/p>\n","protected":false},"excerpt":{"rendered":"<p>Sosiaalinen media on oiva paikka tehd\u00e4 itse\u00e4\u00e4n ja osaamistaan n\u00e4kyv\u00e4ksi. Kannattaa etsi\u00e4 itselleen sopivat mediat ja mietti\u00e4 niiden k\u00e4ytt\u00f6\u00e4 my\u00f6s ammatilliselta kannalta. Kaikkeen ei aika riit\u00e4, ja jossakin voi haluta olla vain yksityishenkil\u00f6n\u00e4.\u00a0Facebookissa on paljon erilaisia ryhmi\u00e4 sek\u00e4 kielest\u00e4 ett\u00e4 k\u00e4\u00e4nt\u00e4misest\u00e4 kiinnostuneille. Ne sopivat hyvin kollegiaalisen verkostoinnin alustoiksi. Facebookiin on my\u00f6s helppo tehd\u00e4 itse erilaisia [&hellip;]<\/p>\n","protected":false},"author":2,"featured_media":0,"parent":159,"menu_order":0,"comment_status":"closed","ping_status":"closed","template":"","meta":{"_et_pb_use_builder":"on","_et_pb_old_content":"","_et_gb_content_width":"","footnotes":""},"class_list":["post-184","page","type-page","status-publish","hentry"],"yoast_head":"<!-- This site is optimized with the Yoast SEO plugin v27.4 - https:\/\/yoast.com\/product\/yoast-seo-wordpress\/ -->\n<title>SOSIAALINEN MEDIA - K\u00e4\u00e4nt\u00e4j\u00e4mestarin kirja<\/title>\n<meta name=\"robots\" content=\"index, follow, max-snippet:-1, max-image-preview:large, max-video-preview:-1\" \/>\n<link rel=\"canonical\" href=\"https:\/\/xn--kntjmestari-l8aacb.fi\/km\/etusivu\/luku-5-verkostoituminen\/sosiaalinen-media\/\" \/>\n<meta property=\"og:locale\" content=\"fi_FI\" \/>\n<meta property=\"og:type\" content=\"article\" \/>\n<meta property=\"og:title\" content=\"SOSIAALINEN MEDIA - K\u00e4\u00e4nt\u00e4j\u00e4mestarin kirja\" \/>\n<meta property=\"og:description\" content=\"Sosiaalinen media on oiva paikka tehd\u00e4 itse\u00e4\u00e4n ja osaamistaan n\u00e4kyv\u00e4ksi. Kannattaa etsi\u00e4 itselleen sopivat mediat ja mietti\u00e4 niiden k\u00e4ytt\u00f6\u00e4 my\u00f6s ammatilliselta kannalta. Kaikkeen ei aika riit\u00e4, ja jossakin voi haluta olla vain yksityishenkil\u00f6n\u00e4.\u00a0Facebookissa on paljon erilaisia ryhmi\u00e4 sek\u00e4 kielest\u00e4 ett\u00e4 k\u00e4\u00e4nt\u00e4misest\u00e4 kiinnostuneille. Ne sopivat hyvin kollegiaalisen verkostoinnin alustoiksi. Facebookiin on my\u00f6s helppo tehd\u00e4 itse erilaisia [&hellip;]\" \/>\n<meta property=\"og:url\" content=\"https:\/\/xn--kntjmestari-l8aacb.fi\/km\/etusivu\/luku-5-verkostoituminen\/sosiaalinen-media\/\" \/>\n<meta property=\"og:site_name\" content=\"K\u00e4\u00e4nt\u00e4j\u00e4mestarin kirja\" \/>\n<meta name=\"twitter:card\" content=\"summary_large_image\" \/>\n<meta name=\"twitter:label1\" content=\"Arvioitu lukuaika\" \/>\n\t<meta name=\"twitter:data1\" content=\"2 minuuttia\" \/>\n<script type=\"application\/ld+json\" class=\"yoast-schema-graph\">{\"@context\":\"https:\\\/\\\/schema.org\",\"@graph\":[{\"@type\":\"WebPage\",\"@id\":\"https:\\\/\\\/xn--kntjmestari-l8aacb.fi\\\/km\\\/etusivu\\\/luku-5-verkostoituminen\\\/sosiaalinen-media\\\/\",\"url\":\"https:\\\/\\\/xn--kntjmestari-l8aacb.fi\\\/km\\\/etusivu\\\/luku-5-verkostoituminen\\\/sosiaalinen-media\\\/\",\"name\":\"SOSIAALINEN MEDIA - K\u00e4\u00e4nt\u00e4j\u00e4mestarin kirja\",\"isPartOf\":{\"@id\":\"https:\\\/\\\/xn--kntjmestari-l8aacb.fi\\\/km\\\/#website\"},\"datePublished\":\"2021-12-22T12:15:41+00:00\",\"breadcrumb\":{\"@id\":\"https:\\\/\\\/xn--kntjmestari-l8aacb.fi\\\/km\\\/etusivu\\\/luku-5-verkostoituminen\\\/sosiaalinen-media\\\/#breadcrumb\"},\"inLanguage\":\"fi\",\"potentialAction\":[{\"@type\":\"ReadAction\",\"target\":[\"https:\\\/\\\/xn--kntjmestari-l8aacb.fi\\\/km\\\/etusivu\\\/luku-5-verkostoituminen\\\/sosiaalinen-media\\\/\"]}]},{\"@type\":\"BreadcrumbList\",\"@id\":\"https:\\\/\\\/xn--kntjmestari-l8aacb.fi\\\/km\\\/etusivu\\\/luku-5-verkostoituminen\\\/sosiaalinen-media\\\/#breadcrumb\",\"itemListElement\":[{\"@type\":\"ListItem\",\"position\":1,\"name\":\"Etusivu\",\"item\":\"https:\\\/\\\/xn--kntjmestari-l8aacb.fi\\\/km\\\/\"},{\"@type\":\"ListItem\",\"position\":2,\"name\":\"K\u00e4\u00e4nt\u00e4j\u00e4mestarin kirja\",\"item\":\"https:\\\/\\\/xn--kntjmestari-l8aacb.fi\\\/km\\\/\"},{\"@type\":\"ListItem\",\"position\":3,\"name\":\"LUKU 5 \u2013 VERKOSTOITUMINEN\",\"item\":\"https:\\\/\\\/xn--kntjmestari-l8aacb.fi\\\/km\\\/etusivu\\\/luku-5-verkostoituminen\\\/\"},{\"@type\":\"ListItem\",\"position\":4,\"name\":\"SOSIAALINEN MEDIA\"}]},{\"@type\":\"WebSite\",\"@id\":\"https:\\\/\\\/xn--kntjmestari-l8aacb.fi\\\/km\\\/#website\",\"url\":\"https:\\\/\\\/xn--kntjmestari-l8aacb.fi\\\/km\\\/\",\"name\":\"K\u00e4\u00e4nt\u00e4j\u00e4mestarin kirja\",\"description\":\"k\u00e4yt\u00e4nn\u00f6n opas aloitteleville k\u00e4\u00e4nt\u00e4jille ja tulkeille\",\"publisher\":{\"@id\":\"https:\\\/\\\/xn--kntjmestari-l8aacb.fi\\\/km\\\/#organization\"},\"potentialAction\":[{\"@type\":\"SearchAction\",\"target\":{\"@type\":\"EntryPoint\",\"urlTemplate\":\"https:\\\/\\\/xn--kntjmestari-l8aacb.fi\\\/km\\\/?s={search_term_string}\"},\"query-input\":{\"@type\":\"PropertyValueSpecification\",\"valueRequired\":true,\"valueName\":\"search_term_string\"}}],\"inLanguage\":\"fi\"},{\"@type\":\"Organization\",\"@id\":\"https:\\\/\\\/xn--kntjmestari-l8aacb.fi\\\/km\\\/#organization\",\"name\":\"K\u00e4\u00e4nt\u00e4j\u00e4mestarit\",\"url\":\"https:\\\/\\\/xn--kntjmestari-l8aacb.fi\\\/km\\\/\",\"logo\":{\"@type\":\"ImageObject\",\"inLanguage\":\"fi\",\"@id\":\"https:\\\/\\\/xn--kntjmestari-l8aacb.fi\\\/km\\\/#\\\/schema\\\/logo\\\/image\\\/\",\"url\":\"https:\\\/\\\/xn--kntjmestari-l8aacb.fi\\\/km\\\/wp-content\\\/uploads\\\/2021\\\/12\\\/logo.jpg\",\"contentUrl\":\"https:\\\/\\\/xn--kntjmestari-l8aacb.fi\\\/km\\\/wp-content\\\/uploads\\\/2021\\\/12\\\/logo.jpg\",\"width\":509,\"height\":530,\"caption\":\"K\u00e4\u00e4nt\u00e4j\u00e4mestarit\"},\"image\":{\"@id\":\"https:\\\/\\\/xn--kntjmestari-l8aacb.fi\\\/km\\\/#\\\/schema\\\/logo\\\/image\\\/\"}}]}<\/script>\n<!-- \/ Yoast SEO plugin. -->","yoast_head_json":{"title":"SOSIAALINEN MEDIA - K\u00e4\u00e4nt\u00e4j\u00e4mestarin kirja","robots":{"index":"index","follow":"follow","max-snippet":"max-snippet:-1","max-image-preview":"max-image-preview:large","max-video-preview":"max-video-preview:-1"},"canonical":"https:\/\/xn--kntjmestari-l8aacb.fi\/km\/etusivu\/luku-5-verkostoituminen\/sosiaalinen-media\/","og_locale":"fi_FI","og_type":"article","og_title":"SOSIAALINEN MEDIA - K\u00e4\u00e4nt\u00e4j\u00e4mestarin kirja","og_description":"Sosiaalinen media on oiva paikka tehd\u00e4 itse\u00e4\u00e4n ja osaamistaan n\u00e4kyv\u00e4ksi. Kannattaa etsi\u00e4 itselleen sopivat mediat ja mietti\u00e4 niiden k\u00e4ytt\u00f6\u00e4 my\u00f6s ammatilliselta kannalta. Kaikkeen ei aika riit\u00e4, ja jossakin voi haluta olla vain yksityishenkil\u00f6n\u00e4.\u00a0Facebookissa on paljon erilaisia ryhmi\u00e4 sek\u00e4 kielest\u00e4 ett\u00e4 k\u00e4\u00e4nt\u00e4misest\u00e4 kiinnostuneille. Ne sopivat hyvin kollegiaalisen verkostoinnin alustoiksi. Facebookiin on my\u00f6s helppo tehd\u00e4 itse erilaisia [&hellip;]","og_url":"https:\/\/xn--kntjmestari-l8aacb.fi\/km\/etusivu\/luku-5-verkostoituminen\/sosiaalinen-media\/","og_site_name":"K\u00e4\u00e4nt\u00e4j\u00e4mestarin kirja","twitter_card":"summary_large_image","twitter_misc":{"Arvioitu lukuaika":"2 minuuttia"},"schema":{"@context":"https:\/\/schema.org","@graph":[{"@type":"WebPage","@id":"https:\/\/xn--kntjmestari-l8aacb.fi\/km\/etusivu\/luku-5-verkostoituminen\/sosiaalinen-media\/","url":"https:\/\/xn--kntjmestari-l8aacb.fi\/km\/etusivu\/luku-5-verkostoituminen\/sosiaalinen-media\/","name":"SOSIAALINEN MEDIA - K\u00e4\u00e4nt\u00e4j\u00e4mestarin kirja","isPartOf":{"@id":"https:\/\/xn--kntjmestari-l8aacb.fi\/km\/#website"},"datePublished":"2021-12-22T12:15:41+00:00","breadcrumb":{"@id":"https:\/\/xn--kntjmestari-l8aacb.fi\/km\/etusivu\/luku-5-verkostoituminen\/sosiaalinen-media\/#breadcrumb"},"inLanguage":"fi","potentialAction":[{"@type":"ReadAction","target":["https:\/\/xn--kntjmestari-l8aacb.fi\/km\/etusivu\/luku-5-verkostoituminen\/sosiaalinen-media\/"]}]},{"@type":"BreadcrumbList","@id":"https:\/\/xn--kntjmestari-l8aacb.fi\/km\/etusivu\/luku-5-verkostoituminen\/sosiaalinen-media\/#breadcrumb","itemListElement":[{"@type":"ListItem","position":1,"name":"Etusivu","item":"https:\/\/xn--kntjmestari-l8aacb.fi\/km\/"},{"@type":"ListItem","position":2,"name":"K\u00e4\u00e4nt\u00e4j\u00e4mestarin kirja","item":"https:\/\/xn--kntjmestari-l8aacb.fi\/km\/"},{"@type":"ListItem","position":3,"name":"LUKU 5 \u2013 VERKOSTOITUMINEN","item":"https:\/\/xn--kntjmestari-l8aacb.fi\/km\/etusivu\/luku-5-verkostoituminen\/"},{"@type":"ListItem","position":4,"name":"SOSIAALINEN MEDIA"}]},{"@type":"WebSite","@id":"https:\/\/xn--kntjmestari-l8aacb.fi\/km\/#website","url":"https:\/\/xn--kntjmestari-l8aacb.fi\/km\/","name":"K\u00e4\u00e4nt\u00e4j\u00e4mestarin kirja","description":"k\u00e4yt\u00e4nn\u00f6n opas aloitteleville k\u00e4\u00e4nt\u00e4jille ja tulkeille","publisher":{"@id":"https:\/\/xn--kntjmestari-l8aacb.fi\/km\/#organization"},"potentialAction":[{"@type":"SearchAction","target":{"@type":"EntryPoint","urlTemplate":"https:\/\/xn--kntjmestari-l8aacb.fi\/km\/?s={search_term_string}"},"query-input":{"@type":"PropertyValueSpecification","valueRequired":true,"valueName":"search_term_string"}}],"inLanguage":"fi"},{"@type":"Organization","@id":"https:\/\/xn--kntjmestari-l8aacb.fi\/km\/#organization","name":"K\u00e4\u00e4nt\u00e4j\u00e4mestarit","url":"https:\/\/xn--kntjmestari-l8aacb.fi\/km\/","logo":{"@type":"ImageObject","inLanguage":"fi","@id":"https:\/\/xn--kntjmestari-l8aacb.fi\/km\/#\/schema\/logo\/image\/","url":"https:\/\/xn--kntjmestari-l8aacb.fi\/km\/wp-content\/uploads\/2021\/12\/logo.jpg","contentUrl":"https:\/\/xn--kntjmestari-l8aacb.fi\/km\/wp-content\/uploads\/2021\/12\/logo.jpg","width":509,"height":530,"caption":"K\u00e4\u00e4nt\u00e4j\u00e4mestarit"},"image":{"@id":"https:\/\/xn--kntjmestari-l8aacb.fi\/km\/#\/schema\/logo\/image\/"}}]}},"_links":{"self":[{"href":"https:\/\/xn--kntjmestari-l8aacb.fi\/km\/wp-json\/wp\/v2\/pages\/184","targetHints":{"allow":["GET"]}}],"collection":[{"href":"https:\/\/xn--kntjmestari-l8aacb.fi\/km\/wp-json\/wp\/v2\/pages"}],"about":[{"href":"https:\/\/xn--kntjmestari-l8aacb.fi\/km\/wp-json\/wp\/v2\/types\/page"}],"author":[{"embeddable":true,"href":"https:\/\/xn--kntjmestari-l8aacb.fi\/km\/wp-json\/wp\/v2\/users\/2"}],"replies":[{"embeddable":true,"href":"https:\/\/xn--kntjmestari-l8aacb.fi\/km\/wp-json\/wp\/v2\/comments?post=184"}],"version-history":[{"count":2,"href":"https:\/\/xn--kntjmestari-l8aacb.fi\/km\/wp-json\/wp\/v2\/pages\/184\/revisions"}],"predecessor-version":[{"id":186,"href":"https:\/\/xn--kntjmestari-l8aacb.fi\/km\/wp-json\/wp\/v2\/pages\/184\/revisions\/186"}],"up":[{"embeddable":true,"href":"https:\/\/xn--kntjmestari-l8aacb.fi\/km\/wp-json\/wp\/v2\/pages\/159"}],"wp:attachment":[{"href":"https:\/\/xn--kntjmestari-l8aacb.fi\/km\/wp-json\/wp\/v2\/media?parent=184"}],"curies":[{"name":"wp","href":"https:\/\/api.w.org\/{rel}","templated":true}]}}