{"id":194,"date":"2021-12-22T12:21:35","date_gmt":"2021-12-22T12:21:35","guid":{"rendered":"https:\/\/xn--kntjmestari-l8aacb.fi\/km\/?page_id=194"},"modified":"2021-12-22T12:21:35","modified_gmt":"2021-12-22T12:21:35","slug":"suorat-loppuasiakkaat","status":"publish","type":"page","link":"https:\/\/xn--kntjmestari-l8aacb.fi\/km\/etusivu\/luku-6-asiakkaat\/suorat-loppuasiakkaat\/","title":{"rendered":"Suorat loppuasiakkaat"},"content":{"rendered":"<p>[et_pb_section fb_built=&#8221;1&#8243; _builder_version=&#8221;3.22&#8243; global_colors_info=&#8221;{}&#8221; theme_builder_area=&#8221;post_content&#8221;][et_pb_row _builder_version=&#8221;4.14.2&#8243; _module_preset=&#8221;default&#8221; global_colors_info=&#8221;{}&#8221; theme_builder_area=&#8221;post_content&#8221;][et_pb_column type=&#8221;4_4&#8243; _builder_version=&#8221;4.14.2&#8243; _module_preset=&#8221;default&#8221; global_colors_info=&#8221;{}&#8221; theme_builder_area=&#8221;post_content&#8221;][et_pb_post_title meta=&#8221;off&#8221; featured_image=&#8221;off&#8221; _builder_version=&#8221;4.14.2&#8243; _module_preset=&#8221;default&#8221; global_colors_info=&#8221;{}&#8221; theme_builder_area=&#8221;post_content&#8221;][\/et_pb_post_title][\/et_pb_column][\/et_pb_row][et_pb_row column_structure=&#8221;1_2,1_2&#8243; _builder_version=&#8221;3.25&#8243; background_size=&#8221;initial&#8221; background_position=&#8221;top_left&#8221; background_repeat=&#8221;repeat&#8221; global_colors_info=&#8221;{}&#8221; theme_builder_area=&#8221;post_content&#8221;][et_pb_column type=&#8221;1_2&#8243; _builder_version=&#8221;3.25&#8243; custom_padding=&#8221;|||&#8221; global_colors_info=&#8221;{}&#8221; custom_padding__hover=&#8221;|||&#8221; theme_builder_area=&#8221;post_content&#8221;][et_pb_text _builder_version=&#8221;4.14.2&#8243; background_size=&#8221;initial&#8221; background_position=&#8221;top_left&#8221; background_repeat=&#8221;repeat&#8221; custom_margin=&#8221;|-426px||||&#8221; custom_padding=&#8221;||0px|||&#8221; global_colors_info=&#8221;{}&#8221; theme_builder_area=&#8221;post_content&#8221;]<\/p>\n<div id=\"page-zones__main-widgets__content1\" data-name=\"content\" class=\"content widget js-widget\" data-uniqueid=\"OloHtMAomHwAijU\" data-parentuniqueid=\"69O0NdSLr5jBL3F\">\n<div class=\"bk-content-text js-text-content   wysihtml-editor-content\">\n<p>Suorat loppuasiakkaat vaativat ehk\u00e4 enemm\u00e4n k\u00e4\u00e4nn\u00f6sprosessin avaamista ja ohjaamista kuin k\u00e4\u00e4nn\u00f6stoimistoasiakkaat, mutta toisaalta luotettavana yhteisty\u00f6kumppanina voit p\u00e4\u00e4st\u00e4 helposti ainoan yhteisty\u00f6kumppanin asemaan, etk\u00e4 joudu kilpailemaan toisten k\u00e4\u00e4nt\u00e4jien kanssa jokaisesta asiakkaan ty\u00f6st\u00e4. K\u00e4\u00e4nt\u00e4j\u00e4n asiantuntijan rooli korostuu, mik\u00e4 tietysti vaatii erilaista l\u00e4hestymistapaa. Suoran asiakkaan kanssa k\u00e4\u00e4nt\u00e4j\u00e4 hoitaa itse kaiken valmisteluty\u00f6n, mik\u00e4 on hyv\u00e4 muistaa my\u00f6s aikataulujen laatimisessa ja hinnoittelussa. My\u00f6s tarjousta tehdess\u00e4 on hyv\u00e4 muistaa kuvata k\u00e4\u00e4nn\u00f6sprosessia mahdollisimman tarkkaan ja kertoa monia itselle itsest\u00e4\u00e4nselvi\u00e4kin asioita, vaikkapa se, ett\u00e4 yksi asiakkaan kommenttikierros sis\u00e4ltyy hintaan.<\/p>\n<p>Ensi kertaa k\u00e4\u00e4nn\u00f6spalvelua tilaava asiakas ei\u00a0kysele asioita tyhmyytt\u00e4\u00e4n, vaan kokemattomuuttaan. Hyv\u00e4 alku on jo se, ett\u00e4 h\u00e4n kysyy neuvoa alan ammattilaiselta. Yst\u00e4v\u00e4llinen palvelu voi poikia pitk\u00e4n ja hyv\u00e4n asiakassuhteen, ja tyly ensiviesti voi vied\u00e4 mahdollisesti suurenkin asiakkaan.\u00a0<\/p>\n<\/div>\n<\/div>\n<p>[\/et_pb_text][\/et_pb_column][et_pb_column type=&#8221;1_2&#8243; _builder_version=&#8221;3.25&#8243; custom_padding=&#8221;|||&#8221; global_colors_info=&#8221;{}&#8221; custom_padding__hover=&#8221;|||&#8221; theme_builder_area=&#8221;post_content&#8221;][\/et_pb_column][\/et_pb_row][\/et_pb_section]<\/p>\n","protected":false},"excerpt":{"rendered":"<p>Suorat loppuasiakkaat vaativat ehk\u00e4 enemm\u00e4n k\u00e4\u00e4nn\u00f6sprosessin avaamista ja ohjaamista kuin k\u00e4\u00e4nn\u00f6stoimistoasiakkaat, mutta toisaalta luotettavana yhteisty\u00f6kumppanina voit p\u00e4\u00e4st\u00e4 helposti ainoan yhteisty\u00f6kumppanin asemaan, etk\u00e4 joudu kilpailemaan toisten k\u00e4\u00e4nt\u00e4jien kanssa jokaisesta asiakkaan ty\u00f6st\u00e4. K\u00e4\u00e4nt\u00e4j\u00e4n asiantuntijan rooli korostuu, mik\u00e4 tietysti vaatii erilaista l\u00e4hestymistapaa. Suoran asiakkaan kanssa k\u00e4\u00e4nt\u00e4j\u00e4 hoitaa itse kaiken valmisteluty\u00f6n, mik\u00e4 on hyv\u00e4 muistaa my\u00f6s aikataulujen laatimisessa ja [&hellip;]<\/p>\n","protected":false},"author":2,"featured_media":0,"parent":187,"menu_order":0,"comment_status":"closed","ping_status":"closed","template":"","meta":{"_et_pb_use_builder":"on","_et_pb_old_content":"","_et_gb_content_width":"","footnotes":""},"class_list":["post-194","page","type-page","status-publish","hentry"],"yoast_head":"<!-- This site is optimized with the Yoast SEO plugin v27.4 - https:\/\/yoast.com\/product\/yoast-seo-wordpress\/ -->\n<title>Suorat loppuasiakkaat - K\u00e4\u00e4nt\u00e4j\u00e4mestarin kirja<\/title>\n<meta name=\"robots\" content=\"index, follow, max-snippet:-1, max-image-preview:large, max-video-preview:-1\" \/>\n<link rel=\"canonical\" href=\"https:\/\/xn--kntjmestari-l8aacb.fi\/km\/etusivu\/luku-6-asiakkaat\/suorat-loppuasiakkaat\/\" \/>\n<meta property=\"og:locale\" content=\"fi_FI\" \/>\n<meta property=\"og:type\" content=\"article\" \/>\n<meta property=\"og:title\" content=\"Suorat loppuasiakkaat - K\u00e4\u00e4nt\u00e4j\u00e4mestarin kirja\" \/>\n<meta property=\"og:description\" content=\"Suorat loppuasiakkaat vaativat ehk\u00e4 enemm\u00e4n k\u00e4\u00e4nn\u00f6sprosessin avaamista ja ohjaamista kuin k\u00e4\u00e4nn\u00f6stoimistoasiakkaat, mutta toisaalta luotettavana yhteisty\u00f6kumppanina voit p\u00e4\u00e4st\u00e4 helposti ainoan yhteisty\u00f6kumppanin asemaan, etk\u00e4 joudu kilpailemaan toisten k\u00e4\u00e4nt\u00e4jien kanssa jokaisesta asiakkaan ty\u00f6st\u00e4. K\u00e4\u00e4nt\u00e4j\u00e4n asiantuntijan rooli korostuu, mik\u00e4 tietysti vaatii erilaista l\u00e4hestymistapaa. Suoran asiakkaan kanssa k\u00e4\u00e4nt\u00e4j\u00e4 hoitaa itse kaiken valmisteluty\u00f6n, mik\u00e4 on hyv\u00e4 muistaa my\u00f6s aikataulujen laatimisessa ja [&hellip;]\" \/>\n<meta property=\"og:url\" content=\"https:\/\/xn--kntjmestari-l8aacb.fi\/km\/etusivu\/luku-6-asiakkaat\/suorat-loppuasiakkaat\/\" \/>\n<meta property=\"og:site_name\" content=\"K\u00e4\u00e4nt\u00e4j\u00e4mestarin kirja\" \/>\n<meta name=\"twitter:card\" content=\"summary_large_image\" \/>\n<meta name=\"twitter:label1\" content=\"Arvioitu lukuaika\" \/>\n\t<meta name=\"twitter:data1\" content=\"2 minuuttia\" \/>\n<script type=\"application\/ld+json\" class=\"yoast-schema-graph\">{\"@context\":\"https:\\\/\\\/schema.org\",\"@graph\":[{\"@type\":\"WebPage\",\"@id\":\"https:\\\/\\\/xn--kntjmestari-l8aacb.fi\\\/km\\\/etusivu\\\/luku-6-asiakkaat\\\/suorat-loppuasiakkaat\\\/\",\"url\":\"https:\\\/\\\/xn--kntjmestari-l8aacb.fi\\\/km\\\/etusivu\\\/luku-6-asiakkaat\\\/suorat-loppuasiakkaat\\\/\",\"name\":\"Suorat loppuasiakkaat - K\u00e4\u00e4nt\u00e4j\u00e4mestarin kirja\",\"isPartOf\":{\"@id\":\"https:\\\/\\\/xn--kntjmestari-l8aacb.fi\\\/km\\\/#website\"},\"datePublished\":\"2021-12-22T12:21:35+00:00\",\"breadcrumb\":{\"@id\":\"https:\\\/\\\/xn--kntjmestari-l8aacb.fi\\\/km\\\/etusivu\\\/luku-6-asiakkaat\\\/suorat-loppuasiakkaat\\\/#breadcrumb\"},\"inLanguage\":\"fi\",\"potentialAction\":[{\"@type\":\"ReadAction\",\"target\":[\"https:\\\/\\\/xn--kntjmestari-l8aacb.fi\\\/km\\\/etusivu\\\/luku-6-asiakkaat\\\/suorat-loppuasiakkaat\\\/\"]}]},{\"@type\":\"BreadcrumbList\",\"@id\":\"https:\\\/\\\/xn--kntjmestari-l8aacb.fi\\\/km\\\/etusivu\\\/luku-6-asiakkaat\\\/suorat-loppuasiakkaat\\\/#breadcrumb\",\"itemListElement\":[{\"@type\":\"ListItem\",\"position\":1,\"name\":\"Etusivu\",\"item\":\"https:\\\/\\\/xn--kntjmestari-l8aacb.fi\\\/km\\\/\"},{\"@type\":\"ListItem\",\"position\":2,\"name\":\"K\u00e4\u00e4nt\u00e4j\u00e4mestarin kirja\",\"item\":\"https:\\\/\\\/xn--kntjmestari-l8aacb.fi\\\/km\\\/\"},{\"@type\":\"ListItem\",\"position\":3,\"name\":\"Luku 6 &#8211; asiakkaat\",\"item\":\"https:\\\/\\\/xn--kntjmestari-l8aacb.fi\\\/km\\\/etusivu\\\/luku-6-asiakkaat\\\/\"},{\"@type\":\"ListItem\",\"position\":4,\"name\":\"Suorat loppuasiakkaat\"}]},{\"@type\":\"WebSite\",\"@id\":\"https:\\\/\\\/xn--kntjmestari-l8aacb.fi\\\/km\\\/#website\",\"url\":\"https:\\\/\\\/xn--kntjmestari-l8aacb.fi\\\/km\\\/\",\"name\":\"K\u00e4\u00e4nt\u00e4j\u00e4mestarin kirja\",\"description\":\"k\u00e4yt\u00e4nn\u00f6n opas aloitteleville k\u00e4\u00e4nt\u00e4jille ja tulkeille\",\"publisher\":{\"@id\":\"https:\\\/\\\/xn--kntjmestari-l8aacb.fi\\\/km\\\/#organization\"},\"potentialAction\":[{\"@type\":\"SearchAction\",\"target\":{\"@type\":\"EntryPoint\",\"urlTemplate\":\"https:\\\/\\\/xn--kntjmestari-l8aacb.fi\\\/km\\\/?s={search_term_string}\"},\"query-input\":{\"@type\":\"PropertyValueSpecification\",\"valueRequired\":true,\"valueName\":\"search_term_string\"}}],\"inLanguage\":\"fi\"},{\"@type\":\"Organization\",\"@id\":\"https:\\\/\\\/xn--kntjmestari-l8aacb.fi\\\/km\\\/#organization\",\"name\":\"K\u00e4\u00e4nt\u00e4j\u00e4mestarit\",\"url\":\"https:\\\/\\\/xn--kntjmestari-l8aacb.fi\\\/km\\\/\",\"logo\":{\"@type\":\"ImageObject\",\"inLanguage\":\"fi\",\"@id\":\"https:\\\/\\\/xn--kntjmestari-l8aacb.fi\\\/km\\\/#\\\/schema\\\/logo\\\/image\\\/\",\"url\":\"https:\\\/\\\/xn--kntjmestari-l8aacb.fi\\\/km\\\/wp-content\\\/uploads\\\/2021\\\/12\\\/logo.jpg\",\"contentUrl\":\"https:\\\/\\\/xn--kntjmestari-l8aacb.fi\\\/km\\\/wp-content\\\/uploads\\\/2021\\\/12\\\/logo.jpg\",\"width\":509,\"height\":530,\"caption\":\"K\u00e4\u00e4nt\u00e4j\u00e4mestarit\"},\"image\":{\"@id\":\"https:\\\/\\\/xn--kntjmestari-l8aacb.fi\\\/km\\\/#\\\/schema\\\/logo\\\/image\\\/\"}}]}<\/script>\n<!-- \/ Yoast SEO plugin. -->","yoast_head_json":{"title":"Suorat loppuasiakkaat - K\u00e4\u00e4nt\u00e4j\u00e4mestarin kirja","robots":{"index":"index","follow":"follow","max-snippet":"max-snippet:-1","max-image-preview":"max-image-preview:large","max-video-preview":"max-video-preview:-1"},"canonical":"https:\/\/xn--kntjmestari-l8aacb.fi\/km\/etusivu\/luku-6-asiakkaat\/suorat-loppuasiakkaat\/","og_locale":"fi_FI","og_type":"article","og_title":"Suorat loppuasiakkaat - K\u00e4\u00e4nt\u00e4j\u00e4mestarin kirja","og_description":"Suorat loppuasiakkaat vaativat ehk\u00e4 enemm\u00e4n k\u00e4\u00e4nn\u00f6sprosessin avaamista ja ohjaamista kuin k\u00e4\u00e4nn\u00f6stoimistoasiakkaat, mutta toisaalta luotettavana yhteisty\u00f6kumppanina voit p\u00e4\u00e4st\u00e4 helposti ainoan yhteisty\u00f6kumppanin asemaan, etk\u00e4 joudu kilpailemaan toisten k\u00e4\u00e4nt\u00e4jien kanssa jokaisesta asiakkaan ty\u00f6st\u00e4. K\u00e4\u00e4nt\u00e4j\u00e4n asiantuntijan rooli korostuu, mik\u00e4 tietysti vaatii erilaista l\u00e4hestymistapaa. Suoran asiakkaan kanssa k\u00e4\u00e4nt\u00e4j\u00e4 hoitaa itse kaiken valmisteluty\u00f6n, mik\u00e4 on hyv\u00e4 muistaa my\u00f6s aikataulujen laatimisessa ja [&hellip;]","og_url":"https:\/\/xn--kntjmestari-l8aacb.fi\/km\/etusivu\/luku-6-asiakkaat\/suorat-loppuasiakkaat\/","og_site_name":"K\u00e4\u00e4nt\u00e4j\u00e4mestarin kirja","twitter_card":"summary_large_image","twitter_misc":{"Arvioitu lukuaika":"2 minuuttia"},"schema":{"@context":"https:\/\/schema.org","@graph":[{"@type":"WebPage","@id":"https:\/\/xn--kntjmestari-l8aacb.fi\/km\/etusivu\/luku-6-asiakkaat\/suorat-loppuasiakkaat\/","url":"https:\/\/xn--kntjmestari-l8aacb.fi\/km\/etusivu\/luku-6-asiakkaat\/suorat-loppuasiakkaat\/","name":"Suorat loppuasiakkaat - K\u00e4\u00e4nt\u00e4j\u00e4mestarin kirja","isPartOf":{"@id":"https:\/\/xn--kntjmestari-l8aacb.fi\/km\/#website"},"datePublished":"2021-12-22T12:21:35+00:00","breadcrumb":{"@id":"https:\/\/xn--kntjmestari-l8aacb.fi\/km\/etusivu\/luku-6-asiakkaat\/suorat-loppuasiakkaat\/#breadcrumb"},"inLanguage":"fi","potentialAction":[{"@type":"ReadAction","target":["https:\/\/xn--kntjmestari-l8aacb.fi\/km\/etusivu\/luku-6-asiakkaat\/suorat-loppuasiakkaat\/"]}]},{"@type":"BreadcrumbList","@id":"https:\/\/xn--kntjmestari-l8aacb.fi\/km\/etusivu\/luku-6-asiakkaat\/suorat-loppuasiakkaat\/#breadcrumb","itemListElement":[{"@type":"ListItem","position":1,"name":"Etusivu","item":"https:\/\/xn--kntjmestari-l8aacb.fi\/km\/"},{"@type":"ListItem","position":2,"name":"K\u00e4\u00e4nt\u00e4j\u00e4mestarin kirja","item":"https:\/\/xn--kntjmestari-l8aacb.fi\/km\/"},{"@type":"ListItem","position":3,"name":"Luku 6 &#8211; asiakkaat","item":"https:\/\/xn--kntjmestari-l8aacb.fi\/km\/etusivu\/luku-6-asiakkaat\/"},{"@type":"ListItem","position":4,"name":"Suorat loppuasiakkaat"}]},{"@type":"WebSite","@id":"https:\/\/xn--kntjmestari-l8aacb.fi\/km\/#website","url":"https:\/\/xn--kntjmestari-l8aacb.fi\/km\/","name":"K\u00e4\u00e4nt\u00e4j\u00e4mestarin kirja","description":"k\u00e4yt\u00e4nn\u00f6n opas aloitteleville k\u00e4\u00e4nt\u00e4jille ja tulkeille","publisher":{"@id":"https:\/\/xn--kntjmestari-l8aacb.fi\/km\/#organization"},"potentialAction":[{"@type":"SearchAction","target":{"@type":"EntryPoint","urlTemplate":"https:\/\/xn--kntjmestari-l8aacb.fi\/km\/?s={search_term_string}"},"query-input":{"@type":"PropertyValueSpecification","valueRequired":true,"valueName":"search_term_string"}}],"inLanguage":"fi"},{"@type":"Organization","@id":"https:\/\/xn--kntjmestari-l8aacb.fi\/km\/#organization","name":"K\u00e4\u00e4nt\u00e4j\u00e4mestarit","url":"https:\/\/xn--kntjmestari-l8aacb.fi\/km\/","logo":{"@type":"ImageObject","inLanguage":"fi","@id":"https:\/\/xn--kntjmestari-l8aacb.fi\/km\/#\/schema\/logo\/image\/","url":"https:\/\/xn--kntjmestari-l8aacb.fi\/km\/wp-content\/uploads\/2021\/12\/logo.jpg","contentUrl":"https:\/\/xn--kntjmestari-l8aacb.fi\/km\/wp-content\/uploads\/2021\/12\/logo.jpg","width":509,"height":530,"caption":"K\u00e4\u00e4nt\u00e4j\u00e4mestarit"},"image":{"@id":"https:\/\/xn--kntjmestari-l8aacb.fi\/km\/#\/schema\/logo\/image\/"}}]}},"_links":{"self":[{"href":"https:\/\/xn--kntjmestari-l8aacb.fi\/km\/wp-json\/wp\/v2\/pages\/194","targetHints":{"allow":["GET"]}}],"collection":[{"href":"https:\/\/xn--kntjmestari-l8aacb.fi\/km\/wp-json\/wp\/v2\/pages"}],"about":[{"href":"https:\/\/xn--kntjmestari-l8aacb.fi\/km\/wp-json\/wp\/v2\/types\/page"}],"author":[{"embeddable":true,"href":"https:\/\/xn--kntjmestari-l8aacb.fi\/km\/wp-json\/wp\/v2\/users\/2"}],"replies":[{"embeddable":true,"href":"https:\/\/xn--kntjmestari-l8aacb.fi\/km\/wp-json\/wp\/v2\/comments?post=194"}],"version-history":[{"count":2,"href":"https:\/\/xn--kntjmestari-l8aacb.fi\/km\/wp-json\/wp\/v2\/pages\/194\/revisions"}],"predecessor-version":[{"id":196,"href":"https:\/\/xn--kntjmestari-l8aacb.fi\/km\/wp-json\/wp\/v2\/pages\/194\/revisions\/196"}],"up":[{"embeddable":true,"href":"https:\/\/xn--kntjmestari-l8aacb.fi\/km\/wp-json\/wp\/v2\/pages\/187"}],"wp:attachment":[{"href":"https:\/\/xn--kntjmestari-l8aacb.fi\/km\/wp-json\/wp\/v2\/media?parent=194"}],"curies":[{"name":"wp","href":"https:\/\/api.w.org\/{rel}","templated":true}]}}