{"id":200,"date":"2021-12-22T12:24:52","date_gmt":"2021-12-22T12:24:52","guid":{"rendered":"https:\/\/xn--kntjmestari-l8aacb.fi\/km\/?page_id=200"},"modified":"2021-12-22T12:24:53","modified_gmt":"2021-12-22T12:24:53","slug":"referenssit","status":"publish","type":"page","link":"https:\/\/xn--kntjmestari-l8aacb.fi\/km\/etusivu\/luku-6-asiakkaat\/referenssit\/","title":{"rendered":"REFERENSSIT"},"content":{"rendered":"<p>[et_pb_section fb_built=&#8221;1&#8243; _builder_version=&#8221;3.22&#8243; global_colors_info=&#8221;{}&#8221; theme_builder_area=&#8221;post_content&#8221;][et_pb_row _builder_version=&#8221;4.14.2&#8243; _module_preset=&#8221;default&#8221; global_colors_info=&#8221;{}&#8221; theme_builder_area=&#8221;post_content&#8221;][et_pb_column type=&#8221;4_4&#8243; _builder_version=&#8221;4.14.2&#8243; _module_preset=&#8221;default&#8221; global_colors_info=&#8221;{}&#8221; theme_builder_area=&#8221;post_content&#8221;][et_pb_post_title meta=&#8221;off&#8221; featured_image=&#8221;off&#8221; _builder_version=&#8221;4.14.2&#8243; _module_preset=&#8221;default&#8221; global_colors_info=&#8221;{}&#8221; theme_builder_area=&#8221;post_content&#8221;][\/et_pb_post_title][\/et_pb_column][\/et_pb_row][et_pb_row column_structure=&#8221;1_2,1_2&#8243; _builder_version=&#8221;3.25&#8243; background_size=&#8221;initial&#8221; background_position=&#8221;top_left&#8221; background_repeat=&#8221;repeat&#8221; global_colors_info=&#8221;{}&#8221; theme_builder_area=&#8221;post_content&#8221;][et_pb_column type=&#8221;1_2&#8243; _builder_version=&#8221;3.25&#8243; custom_padding=&#8221;|||&#8221; global_colors_info=&#8221;{}&#8221; custom_padding__hover=&#8221;|||&#8221; theme_builder_area=&#8221;post_content&#8221;][et_pb_text _builder_version=&#8221;4.14.2&#8243; background_size=&#8221;initial&#8221; background_position=&#8221;top_left&#8221; background_repeat=&#8221;repeat&#8221; custom_margin=&#8221;|-426px||||&#8221; custom_padding=&#8221;||0px|||&#8221; global_colors_info=&#8221;{}&#8221; theme_builder_area=&#8221;post_content&#8221;]<\/p>\n<div id=\"page-zones__main-widgets__content1\" data-name=\"content\" class=\"content widget js-widget\" data-uniqueid=\"OloHtMAomHwAijU\" data-parentuniqueid=\"69O0NdSLr5jBL3F\">\n<div class=\"bk-content-text js-text-content   wysihtml-editor-content\">\n<p>Referenssej\u00e4 on monenlaisia: on esimerkiksi yleisi\u00e4 ja avoimia referenssej\u00e4, joita k\u00e4\u00e4nt\u00e4j\u00e4 itse mainitsee esimerkiksi nettisivuillaan, ja alakohtaisia, jotka k\u00e4\u00e4nt\u00e4j\u00e4n on tarjouspyynn\u00f6n mukaisesti mainittava jonkin nimenomaisen ty\u00f6n tarjouksessa. Kaikkien referenssien kohdalla t\u00e4rkeint\u00e4 on olla selvill\u00e4 siit\u00e4, mit\u00e4 saa mainita kenelle ja miss\u00e4 \u2013 luottamuksellisuus on alallamme ehdottoman t\u00e4rke\u00e4 asia eik\u00e4 sit\u00e4 pid\u00e4 riskeerata turhan takia.<o:p><\/o:p><\/p>\n<p><o:p><\/o:p>Jos haluat mainita referenssej\u00e4 markkinoinnissa, pyyd\u00e4 siihen aina lupa asiakkaan yhteyshenkil\u00f6lt\u00e4. Huomaa, ett\u00e4 yrityksen antama lupa mainita sen nimi referenssin\u00e4 ei automaattisesti tarkoita, ett\u00e4 saat my\u00f6s panna yrityksen logon nettisivuillesi. K\u00e4y siis lupaa kysyess\u00e4si tarkasti l\u00e4pi, miss\u00e4 ja miten haluaisit referenssi\u00e4 k\u00e4ytt\u00e4\u00e4. Vaikka et juuri nyt haluaisikaan listata referenssej\u00e4 nettisivullasi, lupaa referenssin k\u00e4ytt\u00e4miseen kannattaa kysell\u00e4 asiakkailta \u201dvarastoon\u201d, koska markkinointitarpeesi voivat muuttua nopeastikin ja nykyisin referenssej\u00e4 tarvitaan monesti tarjouspyynt\u00f6ihin vastattaessa.<o:p><\/o:p><\/p>\n<p><o:p>\u00a0<\/o:p>Joissain tarjouspyynn\u00f6iss\u00e4 pyydet\u00e4\u00e4n referenssej\u00e4 aiemmista t\u00f6ist\u00e4 ja usein pyydet\u00e4\u00e4n tietoja nimenomaan saman alan aiemmista t\u00f6ist\u00e4. T\u00e4ll\u00f6in ollaan jo vaarallisilla vesill\u00e4 luottamuksellisuuden osalta, joten ole tarkkana. Useinkaan et voi noin vain listata tarkasti k\u00e4\u00e4nn\u00f6ksia ja tulkkauksia niiden aiheita, ajankohtia ja asiakasyritysten nimi\u00e4 mainiten. On my\u00f6s paljon tilanteita, joissa jokin aivan oivalliselta vaikuttava referenssi ei olekaan sellaisenaan suoraan k\u00e4ytett\u00e4viss\u00e4, koska olet toiminut jonkin kolmannen tahon, esimerkiksi k\u00e4\u00e4nn\u00f6s- tai tulkkaustoimiston kautta. Ole ep\u00e4selviss\u00e4 tilanteissa aina yhteydess\u00e4 tarjouspyynn\u00f6n esitt\u00e4j\u00e4\u00e4n, sill\u00e4 jos j\u00e4t\u00e4t tarjouksessasi referenssikohdan t\u00e4ytt\u00e4m\u00e4tt\u00e4, koko tarjouksesi saatetaan hyl\u00e4t\u00e4 sen takia. Tarjouspyynn\u00f6n esitt\u00e4j\u00e4 ei v\u00e4ltt\u00e4m\u00e4tt\u00e4 ole tullut ajatelleeksi, ettet voi listata referenssej\u00e4 sellaisenaan, mutta voitte yhdess\u00e4 l\u00f6yt\u00e4\u00e4 tavan esitt\u00e4\u00e4 asiat niin, ett\u00e4 tarjouksesi voidaan tulkita tarjouspyynn\u00f6n mukaiseksi ja ottaa mukaan k\u00e4sittelyyn.<\/p>\n<\/div>\n<\/div>\n<p>[\/et_pb_text][\/et_pb_column][et_pb_column type=&#8221;1_2&#8243; _builder_version=&#8221;3.25&#8243; custom_padding=&#8221;|||&#8221; global_colors_info=&#8221;{}&#8221; custom_padding__hover=&#8221;|||&#8221; theme_builder_area=&#8221;post_content&#8221;][\/et_pb_column][\/et_pb_row][\/et_pb_section]<\/p>\n","protected":false},"excerpt":{"rendered":"<p>Referenssej\u00e4 on monenlaisia: on esimerkiksi yleisi\u00e4 ja avoimia referenssej\u00e4, joita k\u00e4\u00e4nt\u00e4j\u00e4 itse mainitsee esimerkiksi nettisivuillaan, ja alakohtaisia, jotka k\u00e4\u00e4nt\u00e4j\u00e4n on tarjouspyynn\u00f6n mukaisesti mainittava jonkin nimenomaisen ty\u00f6n tarjouksessa. Kaikkien referenssien kohdalla t\u00e4rkeint\u00e4 on olla selvill\u00e4 siit\u00e4, mit\u00e4 saa mainita kenelle ja miss\u00e4 \u2013 luottamuksellisuus on alallamme ehdottoman t\u00e4rke\u00e4 asia eik\u00e4 sit\u00e4 pid\u00e4 riskeerata turhan takia. Jos [&hellip;]<\/p>\n","protected":false},"author":2,"featured_media":0,"parent":187,"menu_order":0,"comment_status":"closed","ping_status":"closed","template":"","meta":{"_et_pb_use_builder":"on","_et_pb_old_content":"","_et_gb_content_width":"","footnotes":""},"class_list":["post-200","page","type-page","status-publish","hentry"],"yoast_head":"<!-- This site is optimized with the Yoast SEO plugin v27.4 - https:\/\/yoast.com\/product\/yoast-seo-wordpress\/ -->\n<title>REFERENSSIT - K\u00e4\u00e4nt\u00e4j\u00e4mestarin kirja<\/title>\n<meta name=\"robots\" content=\"index, follow, max-snippet:-1, max-image-preview:large, max-video-preview:-1\" \/>\n<link rel=\"canonical\" href=\"https:\/\/xn--kntjmestari-l8aacb.fi\/km\/etusivu\/luku-6-asiakkaat\/referenssit\/\" \/>\n<meta property=\"og:locale\" content=\"fi_FI\" \/>\n<meta property=\"og:type\" content=\"article\" \/>\n<meta property=\"og:title\" content=\"REFERENSSIT - K\u00e4\u00e4nt\u00e4j\u00e4mestarin kirja\" \/>\n<meta property=\"og:description\" content=\"Referenssej\u00e4 on monenlaisia: on esimerkiksi yleisi\u00e4 ja avoimia referenssej\u00e4, joita k\u00e4\u00e4nt\u00e4j\u00e4 itse mainitsee esimerkiksi nettisivuillaan, ja alakohtaisia, jotka k\u00e4\u00e4nt\u00e4j\u00e4n on tarjouspyynn\u00f6n mukaisesti mainittava jonkin nimenomaisen ty\u00f6n tarjouksessa. Kaikkien referenssien kohdalla t\u00e4rkeint\u00e4 on olla selvill\u00e4 siit\u00e4, mit\u00e4 saa mainita kenelle ja miss\u00e4 \u2013 luottamuksellisuus on alallamme ehdottoman t\u00e4rke\u00e4 asia eik\u00e4 sit\u00e4 pid\u00e4 riskeerata turhan takia. Jos [&hellip;]\" \/>\n<meta property=\"og:url\" content=\"https:\/\/xn--kntjmestari-l8aacb.fi\/km\/etusivu\/luku-6-asiakkaat\/referenssit\/\" \/>\n<meta property=\"og:site_name\" content=\"K\u00e4\u00e4nt\u00e4j\u00e4mestarin kirja\" \/>\n<meta property=\"article:modified_time\" content=\"2021-12-22T12:24:53+00:00\" \/>\n<meta name=\"twitter:card\" content=\"summary_large_image\" \/>\n<meta name=\"twitter:label1\" content=\"Arvioitu lukuaika\" \/>\n\t<meta name=\"twitter:data1\" content=\"2 minuuttia\" \/>\n<script type=\"application\/ld+json\" class=\"yoast-schema-graph\">{\"@context\":\"https:\\\/\\\/schema.org\",\"@graph\":[{\"@type\":\"WebPage\",\"@id\":\"https:\\\/\\\/xn--kntjmestari-l8aacb.fi\\\/km\\\/etusivu\\\/luku-6-asiakkaat\\\/referenssit\\\/\",\"url\":\"https:\\\/\\\/xn--kntjmestari-l8aacb.fi\\\/km\\\/etusivu\\\/luku-6-asiakkaat\\\/referenssit\\\/\",\"name\":\"REFERENSSIT - K\u00e4\u00e4nt\u00e4j\u00e4mestarin kirja\",\"isPartOf\":{\"@id\":\"https:\\\/\\\/xn--kntjmestari-l8aacb.fi\\\/km\\\/#website\"},\"datePublished\":\"2021-12-22T12:24:52+00:00\",\"dateModified\":\"2021-12-22T12:24:53+00:00\",\"breadcrumb\":{\"@id\":\"https:\\\/\\\/xn--kntjmestari-l8aacb.fi\\\/km\\\/etusivu\\\/luku-6-asiakkaat\\\/referenssit\\\/#breadcrumb\"},\"inLanguage\":\"fi\",\"potentialAction\":[{\"@type\":\"ReadAction\",\"target\":[\"https:\\\/\\\/xn--kntjmestari-l8aacb.fi\\\/km\\\/etusivu\\\/luku-6-asiakkaat\\\/referenssit\\\/\"]}]},{\"@type\":\"BreadcrumbList\",\"@id\":\"https:\\\/\\\/xn--kntjmestari-l8aacb.fi\\\/km\\\/etusivu\\\/luku-6-asiakkaat\\\/referenssit\\\/#breadcrumb\",\"itemListElement\":[{\"@type\":\"ListItem\",\"position\":1,\"name\":\"Etusivu\",\"item\":\"https:\\\/\\\/xn--kntjmestari-l8aacb.fi\\\/km\\\/\"},{\"@type\":\"ListItem\",\"position\":2,\"name\":\"K\u00e4\u00e4nt\u00e4j\u00e4mestarin kirja\",\"item\":\"https:\\\/\\\/xn--kntjmestari-l8aacb.fi\\\/km\\\/\"},{\"@type\":\"ListItem\",\"position\":3,\"name\":\"Luku 6 &#8211; asiakkaat\",\"item\":\"https:\\\/\\\/xn--kntjmestari-l8aacb.fi\\\/km\\\/etusivu\\\/luku-6-asiakkaat\\\/\"},{\"@type\":\"ListItem\",\"position\":4,\"name\":\"REFERENSSIT\"}]},{\"@type\":\"WebSite\",\"@id\":\"https:\\\/\\\/xn--kntjmestari-l8aacb.fi\\\/km\\\/#website\",\"url\":\"https:\\\/\\\/xn--kntjmestari-l8aacb.fi\\\/km\\\/\",\"name\":\"K\u00e4\u00e4nt\u00e4j\u00e4mestarin kirja\",\"description\":\"k\u00e4yt\u00e4nn\u00f6n opas aloitteleville k\u00e4\u00e4nt\u00e4jille ja tulkeille\",\"publisher\":{\"@id\":\"https:\\\/\\\/xn--kntjmestari-l8aacb.fi\\\/km\\\/#organization\"},\"potentialAction\":[{\"@type\":\"SearchAction\",\"target\":{\"@type\":\"EntryPoint\",\"urlTemplate\":\"https:\\\/\\\/xn--kntjmestari-l8aacb.fi\\\/km\\\/?s={search_term_string}\"},\"query-input\":{\"@type\":\"PropertyValueSpecification\",\"valueRequired\":true,\"valueName\":\"search_term_string\"}}],\"inLanguage\":\"fi\"},{\"@type\":\"Organization\",\"@id\":\"https:\\\/\\\/xn--kntjmestari-l8aacb.fi\\\/km\\\/#organization\",\"name\":\"K\u00e4\u00e4nt\u00e4j\u00e4mestarit\",\"url\":\"https:\\\/\\\/xn--kntjmestari-l8aacb.fi\\\/km\\\/\",\"logo\":{\"@type\":\"ImageObject\",\"inLanguage\":\"fi\",\"@id\":\"https:\\\/\\\/xn--kntjmestari-l8aacb.fi\\\/km\\\/#\\\/schema\\\/logo\\\/image\\\/\",\"url\":\"https:\\\/\\\/xn--kntjmestari-l8aacb.fi\\\/km\\\/wp-content\\\/uploads\\\/2021\\\/12\\\/logo.jpg\",\"contentUrl\":\"https:\\\/\\\/xn--kntjmestari-l8aacb.fi\\\/km\\\/wp-content\\\/uploads\\\/2021\\\/12\\\/logo.jpg\",\"width\":509,\"height\":530,\"caption\":\"K\u00e4\u00e4nt\u00e4j\u00e4mestarit\"},\"image\":{\"@id\":\"https:\\\/\\\/xn--kntjmestari-l8aacb.fi\\\/km\\\/#\\\/schema\\\/logo\\\/image\\\/\"}}]}<\/script>\n<!-- \/ Yoast SEO plugin. -->","yoast_head_json":{"title":"REFERENSSIT - K\u00e4\u00e4nt\u00e4j\u00e4mestarin kirja","robots":{"index":"index","follow":"follow","max-snippet":"max-snippet:-1","max-image-preview":"max-image-preview:large","max-video-preview":"max-video-preview:-1"},"canonical":"https:\/\/xn--kntjmestari-l8aacb.fi\/km\/etusivu\/luku-6-asiakkaat\/referenssit\/","og_locale":"fi_FI","og_type":"article","og_title":"REFERENSSIT - K\u00e4\u00e4nt\u00e4j\u00e4mestarin kirja","og_description":"Referenssej\u00e4 on monenlaisia: on esimerkiksi yleisi\u00e4 ja avoimia referenssej\u00e4, joita k\u00e4\u00e4nt\u00e4j\u00e4 itse mainitsee esimerkiksi nettisivuillaan, ja alakohtaisia, jotka k\u00e4\u00e4nt\u00e4j\u00e4n on tarjouspyynn\u00f6n mukaisesti mainittava jonkin nimenomaisen ty\u00f6n tarjouksessa. Kaikkien referenssien kohdalla t\u00e4rkeint\u00e4 on olla selvill\u00e4 siit\u00e4, mit\u00e4 saa mainita kenelle ja miss\u00e4 \u2013 luottamuksellisuus on alallamme ehdottoman t\u00e4rke\u00e4 asia eik\u00e4 sit\u00e4 pid\u00e4 riskeerata turhan takia. Jos [&hellip;]","og_url":"https:\/\/xn--kntjmestari-l8aacb.fi\/km\/etusivu\/luku-6-asiakkaat\/referenssit\/","og_site_name":"K\u00e4\u00e4nt\u00e4j\u00e4mestarin kirja","article_modified_time":"2021-12-22T12:24:53+00:00","twitter_card":"summary_large_image","twitter_misc":{"Arvioitu lukuaika":"2 minuuttia"},"schema":{"@context":"https:\/\/schema.org","@graph":[{"@type":"WebPage","@id":"https:\/\/xn--kntjmestari-l8aacb.fi\/km\/etusivu\/luku-6-asiakkaat\/referenssit\/","url":"https:\/\/xn--kntjmestari-l8aacb.fi\/km\/etusivu\/luku-6-asiakkaat\/referenssit\/","name":"REFERENSSIT - K\u00e4\u00e4nt\u00e4j\u00e4mestarin kirja","isPartOf":{"@id":"https:\/\/xn--kntjmestari-l8aacb.fi\/km\/#website"},"datePublished":"2021-12-22T12:24:52+00:00","dateModified":"2021-12-22T12:24:53+00:00","breadcrumb":{"@id":"https:\/\/xn--kntjmestari-l8aacb.fi\/km\/etusivu\/luku-6-asiakkaat\/referenssit\/#breadcrumb"},"inLanguage":"fi","potentialAction":[{"@type":"ReadAction","target":["https:\/\/xn--kntjmestari-l8aacb.fi\/km\/etusivu\/luku-6-asiakkaat\/referenssit\/"]}]},{"@type":"BreadcrumbList","@id":"https:\/\/xn--kntjmestari-l8aacb.fi\/km\/etusivu\/luku-6-asiakkaat\/referenssit\/#breadcrumb","itemListElement":[{"@type":"ListItem","position":1,"name":"Etusivu","item":"https:\/\/xn--kntjmestari-l8aacb.fi\/km\/"},{"@type":"ListItem","position":2,"name":"K\u00e4\u00e4nt\u00e4j\u00e4mestarin kirja","item":"https:\/\/xn--kntjmestari-l8aacb.fi\/km\/"},{"@type":"ListItem","position":3,"name":"Luku 6 &#8211; asiakkaat","item":"https:\/\/xn--kntjmestari-l8aacb.fi\/km\/etusivu\/luku-6-asiakkaat\/"},{"@type":"ListItem","position":4,"name":"REFERENSSIT"}]},{"@type":"WebSite","@id":"https:\/\/xn--kntjmestari-l8aacb.fi\/km\/#website","url":"https:\/\/xn--kntjmestari-l8aacb.fi\/km\/","name":"K\u00e4\u00e4nt\u00e4j\u00e4mestarin kirja","description":"k\u00e4yt\u00e4nn\u00f6n opas aloitteleville k\u00e4\u00e4nt\u00e4jille ja tulkeille","publisher":{"@id":"https:\/\/xn--kntjmestari-l8aacb.fi\/km\/#organization"},"potentialAction":[{"@type":"SearchAction","target":{"@type":"EntryPoint","urlTemplate":"https:\/\/xn--kntjmestari-l8aacb.fi\/km\/?s={search_term_string}"},"query-input":{"@type":"PropertyValueSpecification","valueRequired":true,"valueName":"search_term_string"}}],"inLanguage":"fi"},{"@type":"Organization","@id":"https:\/\/xn--kntjmestari-l8aacb.fi\/km\/#organization","name":"K\u00e4\u00e4nt\u00e4j\u00e4mestarit","url":"https:\/\/xn--kntjmestari-l8aacb.fi\/km\/","logo":{"@type":"ImageObject","inLanguage":"fi","@id":"https:\/\/xn--kntjmestari-l8aacb.fi\/km\/#\/schema\/logo\/image\/","url":"https:\/\/xn--kntjmestari-l8aacb.fi\/km\/wp-content\/uploads\/2021\/12\/logo.jpg","contentUrl":"https:\/\/xn--kntjmestari-l8aacb.fi\/km\/wp-content\/uploads\/2021\/12\/logo.jpg","width":509,"height":530,"caption":"K\u00e4\u00e4nt\u00e4j\u00e4mestarit"},"image":{"@id":"https:\/\/xn--kntjmestari-l8aacb.fi\/km\/#\/schema\/logo\/image\/"}}]}},"_links":{"self":[{"href":"https:\/\/xn--kntjmestari-l8aacb.fi\/km\/wp-json\/wp\/v2\/pages\/200","targetHints":{"allow":["GET"]}}],"collection":[{"href":"https:\/\/xn--kntjmestari-l8aacb.fi\/km\/wp-json\/wp\/v2\/pages"}],"about":[{"href":"https:\/\/xn--kntjmestari-l8aacb.fi\/km\/wp-json\/wp\/v2\/types\/page"}],"author":[{"embeddable":true,"href":"https:\/\/xn--kntjmestari-l8aacb.fi\/km\/wp-json\/wp\/v2\/users\/2"}],"replies":[{"embeddable":true,"href":"https:\/\/xn--kntjmestari-l8aacb.fi\/km\/wp-json\/wp\/v2\/comments?post=200"}],"version-history":[{"count":2,"href":"https:\/\/xn--kntjmestari-l8aacb.fi\/km\/wp-json\/wp\/v2\/pages\/200\/revisions"}],"predecessor-version":[{"id":202,"href":"https:\/\/xn--kntjmestari-l8aacb.fi\/km\/wp-json\/wp\/v2\/pages\/200\/revisions\/202"}],"up":[{"embeddable":true,"href":"https:\/\/xn--kntjmestari-l8aacb.fi\/km\/wp-json\/wp\/v2\/pages\/187"}],"wp:attachment":[{"href":"https:\/\/xn--kntjmestari-l8aacb.fi\/km\/wp-json\/wp\/v2\/media?parent=200"}],"curies":[{"name":"wp","href":"https:\/\/api.w.org\/{rel}","templated":true}]}}