{"id":215,"date":"2021-12-22T12:36:14","date_gmt":"2021-12-22T12:36:14","guid":{"rendered":"https:\/\/xn--kntjmestari-l8aacb.fi\/km\/?page_id=215"},"modified":"2022-01-31T16:24:35","modified_gmt":"2022-01-31T16:24:35","slug":"luku-7-kannattavuus-ennen-kaikkea","status":"publish","type":"page","link":"https:\/\/xn--kntjmestari-l8aacb.fi\/km\/etusivu\/luku-7-kannattavuus-ennen-kaikkea\/","title":{"rendered":"Luku 7 &#8211; kannattavuus ennen kaikkea"},"content":{"rendered":"<p>[et_pb_section fb_built=&#8221;1&#8243; _builder_version=&#8221;3.22&#8243; global_colors_info=&#8221;{}&#8221;][et_pb_row _builder_version=&#8221;4.14.2&#8243; _module_preset=&#8221;default&#8221; global_colors_info=&#8221;{}&#8221;][et_pb_column type=&#8221;4_4&#8243; _builder_version=&#8221;4.14.2&#8243; _module_preset=&#8221;default&#8221; global_colors_info=&#8221;{}&#8221;][et_pb_post_title meta=&#8221;off&#8221; featured_image=&#8221;off&#8221; _builder_version=&#8221;4.14.2&#8243; _module_preset=&#8221;default&#8221; global_colors_info=&#8221;{}&#8221;][\/et_pb_post_title][\/et_pb_column][\/et_pb_row][et_pb_row column_structure=&#8221;1_2,1_2&#8243; _builder_version=&#8221;3.25&#8243; background_size=&#8221;initial&#8221; background_position=&#8221;top_left&#8221; background_repeat=&#8221;repeat&#8221; global_colors_info=&#8221;{}&#8221;][et_pb_column type=&#8221;1_2&#8243; _builder_version=&#8221;3.25&#8243; custom_padding=&#8221;|||&#8221; global_colors_info=&#8221;{}&#8221; custom_padding__hover=&#8221;|||&#8221;][et_pb_text _builder_version=&#8221;4.14.7&#8243; background_size=&#8221;initial&#8221; background_position=&#8221;top_left&#8221; background_repeat=&#8221;repeat&#8221; hover_enabled=&#8221;0&#8243; global_colors_info=&#8221;{}&#8221; sticky_enabled=&#8221;0&#8243;]<\/p>\n<div id=\"page-zones__main-widgets__content1\" data-name=\"content\" class=\"content widget js-widget\" data-uniqueid=\"RXNrT1joUevsXNI\" data-parentuniqueid=\"YSPWUvEK2DJySsh\">\n<div class=\"bk-content-text js-text-content   wysihtml-editor-content\">\n<h2>JOHDANTO<\/h2>\n<\/div>\n<\/div>\n<div id=\"page-zones__main-widgets__responsivecolumns2\" data-name=\"responsivecolumns\" class=\"responsivecolumns widget js-widget columns-two-66-34\" data-uniqueid=\"tfDmeG3wHBQ7tuu\" data-parentuniqueid=\"YSPWUvEK2DJySsh\">\n<section id=\"page-zones__main-widgets__responsivecolumns2-zones__column\" class=\"bk-zone column columns-two-left\" data-uniqueid=\"u699ocf00qHvW4U\" data-parentuniqueid=\"tfDmeG3wHBQ7tuu\">\n<div id=\"page-zones__main-widgets__responsivecolumns2-zones__column-widgets__content\" data-name=\"content\" class=\"content widget js-widget\" data-uniqueid=\"uhG0WU5oylT6oUO\" data-parentuniqueid=\"u699ocf00qHvW4U\">\n<div class=\"bk-content-text js-text-content   wysihtml-editor-content\">\n<p>Hinnoittelu ja kannattavuus ovat kaiken yritt\u00e4misen ja itsens\u00e4 ty\u00f6llist\u00e4misen a ja o.\u00a0T\u00e4h\u00e4n lukuun on koottu k\u00e4yt\u00e4nn\u00f6n kokemuksia ja paljon pohdittavaa. N\u00e4m\u00e4 ovat asioita, joita kokenutkin k\u00e4\u00e4nt\u00e4j\u00e4 pohtii, ja pit\u00e4\u00e4kin pohtia, sill\u00e4 toimintaymp\u00e4rist\u00f6kin muuttuu koko ajan.<\/p>\n<p>Ty\u00f6ll\u00e4 on yleisesti ottaen tarkoitus ansaita oma ja mahdollisen perheen elanto. Jos ty\u00f6st\u00e4 ei j\u00e4\u00e4 k\u00e4teen riitt\u00e4v\u00e4sti rahaa, kannattaa pohtia, mit\u00e4 asialle on teht\u00e4viss\u00e4. Siihen t\u00e4m\u00e4 luku toivottavasti tarjoaa ev\u00e4it\u00e4.<\/p>\n<p>Luvussa ei kuitenkaan esitell\u00e4 kannattavuuslaskentamalleja, koska valmiita ja ajantasaisia pohjia ja kaavoja l\u00f6ytyy verkosta runsaasti. Kannattaa etsi\u00e4 niist\u00e4 itselleen sopivin tai tehd\u00e4 oma Exceliin.<\/p>\n<p>Seitsem\u00e4nnen luvun sis\u00e4lt\u00f6:<\/p>\n<p><a href=\"https:\/\/xn--kntjmestari-l8aacb.fi\/km\/etusivu\/luku-7-kannattavuus-ennen-kaikkea\/hinnoittelu-ja-kannattavuus\/\">Hinnoittelu ja kannattavuus<\/a><br \/><a href=\"https:\/\/xn--kntjmestari-l8aacb.fi\/km\/etusivu\/luku-7-kannattavuus-ennen-kaikkea\/palkkiotaso\/\">Palkkiotaso<\/a><br \/><a href=\"https:\/\/xn--kntjmestari-l8aacb.fi\/km\/etusivu\/luku-7-kannattavuus-ennen-kaikkea\/hintamielikuva\/\">Hintamielikuva<\/a><br \/><a href=\"https:\/\/xn--kntjmestari-l8aacb.fi\/km\/etusivu\/luku-7-kannattavuus-ennen-kaikkea\/ennakkomaksu\/\">Ennakkomaksu<\/a><br \/><a href=\"https:\/\/xn--kntjmestari-l8aacb.fi\/km\/etusivu\/luku-7-kannattavuus-ennen-kaikkea\/hyvantekevaisyys\/\">Hyv\u00e4ntekev\u00e4isyys<\/a><\/p>\n<\/div>\n<\/div>\n<\/section>\n<\/div>\n<p>[\/et_pb_text][\/et_pb_column][et_pb_column type=&#8221;1_2&#8243; _builder_version=&#8221;3.25&#8243; custom_padding=&#8221;|||&#8221; global_colors_info=&#8221;{}&#8221; custom_padding__hover=&#8221;|||&#8221;][et_pb_image src=&#8221;https:\/\/xn--kntjmestari-l8aacb.fi\/km\/wp-content\/uploads\/2021\/12\/kaantaja_i_luku1_luku7_luku7_luku7_luku7.jpg&#8221; title_text=&#8221;kaantaja_i_luku1_luku7_luku7_luku7_luku7&#8243; _builder_version=&#8221;4.14.2&#8243; _module_preset=&#8221;default&#8221; global_colors_info=&#8221;{}&#8221;][\/et_pb_image][\/et_pb_column][\/et_pb_row][\/et_pb_section]<\/p>\n","protected":false},"excerpt":{"rendered":"<p>JOHDANTO Hinnoittelu ja kannattavuus ovat kaiken yritt\u00e4misen ja itsens\u00e4 ty\u00f6llist\u00e4misen a ja o.\u00a0T\u00e4h\u00e4n lukuun on koottu k\u00e4yt\u00e4nn\u00f6n kokemuksia ja paljon pohdittavaa. N\u00e4m\u00e4 ovat asioita, joita kokenutkin k\u00e4\u00e4nt\u00e4j\u00e4 pohtii, ja pit\u00e4\u00e4kin pohtia, sill\u00e4 toimintaymp\u00e4rist\u00f6kin muuttuu koko ajan. Ty\u00f6ll\u00e4 on yleisesti ottaen tarkoitus ansaita oma ja mahdollisen perheen elanto. Jos ty\u00f6st\u00e4 ei j\u00e4\u00e4 k\u00e4teen riitt\u00e4v\u00e4sti rahaa, kannattaa [&hellip;]<\/p>\n","protected":false},"author":2,"featured_media":0,"parent":2,"menu_order":0,"comment_status":"closed","ping_status":"closed","template":"","meta":{"_et_pb_use_builder":"on","_et_pb_old_content":"","_et_gb_content_width":"","footnotes":""},"class_list":["post-215","page","type-page","status-publish","hentry"],"yoast_head":"<!-- This site is optimized with the Yoast SEO plugin v27.4 - https:\/\/yoast.com\/product\/yoast-seo-wordpress\/ -->\n<title>Luku 7 - kannattavuus ennen kaikkea - K\u00e4\u00e4nt\u00e4j\u00e4mestarin kirja<\/title>\n<meta name=\"robots\" content=\"index, follow, max-snippet:-1, max-image-preview:large, max-video-preview:-1\" \/>\n<link rel=\"canonical\" href=\"https:\/\/xn--kntjmestari-l8aacb.fi\/km\/etusivu\/luku-7-kannattavuus-ennen-kaikkea\/\" \/>\n<meta property=\"og:locale\" content=\"fi_FI\" \/>\n<meta property=\"og:type\" content=\"article\" \/>\n<meta property=\"og:title\" content=\"Luku 7 - kannattavuus ennen kaikkea - K\u00e4\u00e4nt\u00e4j\u00e4mestarin kirja\" \/>\n<meta property=\"og:description\" content=\"JOHDANTO Hinnoittelu ja kannattavuus ovat kaiken yritt\u00e4misen ja itsens\u00e4 ty\u00f6llist\u00e4misen a ja o.\u00a0T\u00e4h\u00e4n lukuun on koottu k\u00e4yt\u00e4nn\u00f6n kokemuksia ja paljon pohdittavaa. N\u00e4m\u00e4 ovat asioita, joita kokenutkin k\u00e4\u00e4nt\u00e4j\u00e4 pohtii, ja pit\u00e4\u00e4kin pohtia, sill\u00e4 toimintaymp\u00e4rist\u00f6kin muuttuu koko ajan. Ty\u00f6ll\u00e4 on yleisesti ottaen tarkoitus ansaita oma ja mahdollisen perheen elanto. Jos ty\u00f6st\u00e4 ei j\u00e4\u00e4 k\u00e4teen riitt\u00e4v\u00e4sti rahaa, kannattaa [&hellip;]\" \/>\n<meta property=\"og:url\" content=\"https:\/\/xn--kntjmestari-l8aacb.fi\/km\/etusivu\/luku-7-kannattavuus-ennen-kaikkea\/\" \/>\n<meta property=\"og:site_name\" content=\"K\u00e4\u00e4nt\u00e4j\u00e4mestarin kirja\" \/>\n<meta property=\"article:modified_time\" content=\"2022-01-31T16:24:35+00:00\" \/>\n<meta name=\"twitter:card\" content=\"summary_large_image\" \/>\n<meta name=\"twitter:label1\" content=\"Arvioitu lukuaika\" \/>\n\t<meta name=\"twitter:data1\" content=\"2 minuuttia\" \/>\n<script type=\"application\/ld+json\" class=\"yoast-schema-graph\">{\"@context\":\"https:\\\/\\\/schema.org\",\"@graph\":[{\"@type\":\"WebPage\",\"@id\":\"https:\\\/\\\/xn--kntjmestari-l8aacb.fi\\\/km\\\/etusivu\\\/luku-7-kannattavuus-ennen-kaikkea\\\/\",\"url\":\"https:\\\/\\\/xn--kntjmestari-l8aacb.fi\\\/km\\\/etusivu\\\/luku-7-kannattavuus-ennen-kaikkea\\\/\",\"name\":\"Luku 7 - kannattavuus ennen kaikkea - K\u00e4\u00e4nt\u00e4j\u00e4mestarin kirja\",\"isPartOf\":{\"@id\":\"https:\\\/\\\/xn--kntjmestari-l8aacb.fi\\\/km\\\/#website\"},\"datePublished\":\"2021-12-22T12:36:14+00:00\",\"dateModified\":\"2022-01-31T16:24:35+00:00\",\"breadcrumb\":{\"@id\":\"https:\\\/\\\/xn--kntjmestari-l8aacb.fi\\\/km\\\/etusivu\\\/luku-7-kannattavuus-ennen-kaikkea\\\/#breadcrumb\"},\"inLanguage\":\"fi\",\"potentialAction\":[{\"@type\":\"ReadAction\",\"target\":[\"https:\\\/\\\/xn--kntjmestari-l8aacb.fi\\\/km\\\/etusivu\\\/luku-7-kannattavuus-ennen-kaikkea\\\/\"]}]},{\"@type\":\"BreadcrumbList\",\"@id\":\"https:\\\/\\\/xn--kntjmestari-l8aacb.fi\\\/km\\\/etusivu\\\/luku-7-kannattavuus-ennen-kaikkea\\\/#breadcrumb\",\"itemListElement\":[{\"@type\":\"ListItem\",\"position\":1,\"name\":\"Etusivu\",\"item\":\"https:\\\/\\\/xn--kntjmestari-l8aacb.fi\\\/km\\\/\"},{\"@type\":\"ListItem\",\"position\":2,\"name\":\"K\u00e4\u00e4nt\u00e4j\u00e4mestarin kirja\",\"item\":\"https:\\\/\\\/xn--kntjmestari-l8aacb.fi\\\/km\\\/\"},{\"@type\":\"ListItem\",\"position\":3,\"name\":\"Luku 7 &#8211; kannattavuus ennen kaikkea\"}]},{\"@type\":\"WebSite\",\"@id\":\"https:\\\/\\\/xn--kntjmestari-l8aacb.fi\\\/km\\\/#website\",\"url\":\"https:\\\/\\\/xn--kntjmestari-l8aacb.fi\\\/km\\\/\",\"name\":\"K\u00e4\u00e4nt\u00e4j\u00e4mestarin kirja\",\"description\":\"k\u00e4yt\u00e4nn\u00f6n opas aloitteleville k\u00e4\u00e4nt\u00e4jille ja tulkeille\",\"publisher\":{\"@id\":\"https:\\\/\\\/xn--kntjmestari-l8aacb.fi\\\/km\\\/#organization\"},\"potentialAction\":[{\"@type\":\"SearchAction\",\"target\":{\"@type\":\"EntryPoint\",\"urlTemplate\":\"https:\\\/\\\/xn--kntjmestari-l8aacb.fi\\\/km\\\/?s={search_term_string}\"},\"query-input\":{\"@type\":\"PropertyValueSpecification\",\"valueRequired\":true,\"valueName\":\"search_term_string\"}}],\"inLanguage\":\"fi\"},{\"@type\":\"Organization\",\"@id\":\"https:\\\/\\\/xn--kntjmestari-l8aacb.fi\\\/km\\\/#organization\",\"name\":\"K\u00e4\u00e4nt\u00e4j\u00e4mestarit\",\"url\":\"https:\\\/\\\/xn--kntjmestari-l8aacb.fi\\\/km\\\/\",\"logo\":{\"@type\":\"ImageObject\",\"inLanguage\":\"fi\",\"@id\":\"https:\\\/\\\/xn--kntjmestari-l8aacb.fi\\\/km\\\/#\\\/schema\\\/logo\\\/image\\\/\",\"url\":\"https:\\\/\\\/xn--kntjmestari-l8aacb.fi\\\/km\\\/wp-content\\\/uploads\\\/2021\\\/12\\\/logo.jpg\",\"contentUrl\":\"https:\\\/\\\/xn--kntjmestari-l8aacb.fi\\\/km\\\/wp-content\\\/uploads\\\/2021\\\/12\\\/logo.jpg\",\"width\":509,\"height\":530,\"caption\":\"K\u00e4\u00e4nt\u00e4j\u00e4mestarit\"},\"image\":{\"@id\":\"https:\\\/\\\/xn--kntjmestari-l8aacb.fi\\\/km\\\/#\\\/schema\\\/logo\\\/image\\\/\"}}]}<\/script>\n<!-- \/ Yoast SEO plugin. -->","yoast_head_json":{"title":"Luku 7 - kannattavuus ennen kaikkea - K\u00e4\u00e4nt\u00e4j\u00e4mestarin kirja","robots":{"index":"index","follow":"follow","max-snippet":"max-snippet:-1","max-image-preview":"max-image-preview:large","max-video-preview":"max-video-preview:-1"},"canonical":"https:\/\/xn--kntjmestari-l8aacb.fi\/km\/etusivu\/luku-7-kannattavuus-ennen-kaikkea\/","og_locale":"fi_FI","og_type":"article","og_title":"Luku 7 - kannattavuus ennen kaikkea - K\u00e4\u00e4nt\u00e4j\u00e4mestarin kirja","og_description":"JOHDANTO Hinnoittelu ja kannattavuus ovat kaiken yritt\u00e4misen ja itsens\u00e4 ty\u00f6llist\u00e4misen a ja o.\u00a0T\u00e4h\u00e4n lukuun on koottu k\u00e4yt\u00e4nn\u00f6n kokemuksia ja paljon pohdittavaa. N\u00e4m\u00e4 ovat asioita, joita kokenutkin k\u00e4\u00e4nt\u00e4j\u00e4 pohtii, ja pit\u00e4\u00e4kin pohtia, sill\u00e4 toimintaymp\u00e4rist\u00f6kin muuttuu koko ajan. Ty\u00f6ll\u00e4 on yleisesti ottaen tarkoitus ansaita oma ja mahdollisen perheen elanto. Jos ty\u00f6st\u00e4 ei j\u00e4\u00e4 k\u00e4teen riitt\u00e4v\u00e4sti rahaa, kannattaa [&hellip;]","og_url":"https:\/\/xn--kntjmestari-l8aacb.fi\/km\/etusivu\/luku-7-kannattavuus-ennen-kaikkea\/","og_site_name":"K\u00e4\u00e4nt\u00e4j\u00e4mestarin kirja","article_modified_time":"2022-01-31T16:24:35+00:00","twitter_card":"summary_large_image","twitter_misc":{"Arvioitu lukuaika":"2 minuuttia"},"schema":{"@context":"https:\/\/schema.org","@graph":[{"@type":"WebPage","@id":"https:\/\/xn--kntjmestari-l8aacb.fi\/km\/etusivu\/luku-7-kannattavuus-ennen-kaikkea\/","url":"https:\/\/xn--kntjmestari-l8aacb.fi\/km\/etusivu\/luku-7-kannattavuus-ennen-kaikkea\/","name":"Luku 7 - kannattavuus ennen kaikkea - K\u00e4\u00e4nt\u00e4j\u00e4mestarin kirja","isPartOf":{"@id":"https:\/\/xn--kntjmestari-l8aacb.fi\/km\/#website"},"datePublished":"2021-12-22T12:36:14+00:00","dateModified":"2022-01-31T16:24:35+00:00","breadcrumb":{"@id":"https:\/\/xn--kntjmestari-l8aacb.fi\/km\/etusivu\/luku-7-kannattavuus-ennen-kaikkea\/#breadcrumb"},"inLanguage":"fi","potentialAction":[{"@type":"ReadAction","target":["https:\/\/xn--kntjmestari-l8aacb.fi\/km\/etusivu\/luku-7-kannattavuus-ennen-kaikkea\/"]}]},{"@type":"BreadcrumbList","@id":"https:\/\/xn--kntjmestari-l8aacb.fi\/km\/etusivu\/luku-7-kannattavuus-ennen-kaikkea\/#breadcrumb","itemListElement":[{"@type":"ListItem","position":1,"name":"Etusivu","item":"https:\/\/xn--kntjmestari-l8aacb.fi\/km\/"},{"@type":"ListItem","position":2,"name":"K\u00e4\u00e4nt\u00e4j\u00e4mestarin kirja","item":"https:\/\/xn--kntjmestari-l8aacb.fi\/km\/"},{"@type":"ListItem","position":3,"name":"Luku 7 &#8211; kannattavuus ennen kaikkea"}]},{"@type":"WebSite","@id":"https:\/\/xn--kntjmestari-l8aacb.fi\/km\/#website","url":"https:\/\/xn--kntjmestari-l8aacb.fi\/km\/","name":"K\u00e4\u00e4nt\u00e4j\u00e4mestarin kirja","description":"k\u00e4yt\u00e4nn\u00f6n opas aloitteleville k\u00e4\u00e4nt\u00e4jille ja tulkeille","publisher":{"@id":"https:\/\/xn--kntjmestari-l8aacb.fi\/km\/#organization"},"potentialAction":[{"@type":"SearchAction","target":{"@type":"EntryPoint","urlTemplate":"https:\/\/xn--kntjmestari-l8aacb.fi\/km\/?s={search_term_string}"},"query-input":{"@type":"PropertyValueSpecification","valueRequired":true,"valueName":"search_term_string"}}],"inLanguage":"fi"},{"@type":"Organization","@id":"https:\/\/xn--kntjmestari-l8aacb.fi\/km\/#organization","name":"K\u00e4\u00e4nt\u00e4j\u00e4mestarit","url":"https:\/\/xn--kntjmestari-l8aacb.fi\/km\/","logo":{"@type":"ImageObject","inLanguage":"fi","@id":"https:\/\/xn--kntjmestari-l8aacb.fi\/km\/#\/schema\/logo\/image\/","url":"https:\/\/xn--kntjmestari-l8aacb.fi\/km\/wp-content\/uploads\/2021\/12\/logo.jpg","contentUrl":"https:\/\/xn--kntjmestari-l8aacb.fi\/km\/wp-content\/uploads\/2021\/12\/logo.jpg","width":509,"height":530,"caption":"K\u00e4\u00e4nt\u00e4j\u00e4mestarit"},"image":{"@id":"https:\/\/xn--kntjmestari-l8aacb.fi\/km\/#\/schema\/logo\/image\/"}}]}},"_links":{"self":[{"href":"https:\/\/xn--kntjmestari-l8aacb.fi\/km\/wp-json\/wp\/v2\/pages\/215","targetHints":{"allow":["GET"]}}],"collection":[{"href":"https:\/\/xn--kntjmestari-l8aacb.fi\/km\/wp-json\/wp\/v2\/pages"}],"about":[{"href":"https:\/\/xn--kntjmestari-l8aacb.fi\/km\/wp-json\/wp\/v2\/types\/page"}],"author":[{"embeddable":true,"href":"https:\/\/xn--kntjmestari-l8aacb.fi\/km\/wp-json\/wp\/v2\/users\/2"}],"replies":[{"embeddable":true,"href":"https:\/\/xn--kntjmestari-l8aacb.fi\/km\/wp-json\/wp\/v2\/comments?post=215"}],"version-history":[{"count":3,"href":"https:\/\/xn--kntjmestari-l8aacb.fi\/km\/wp-json\/wp\/v2\/pages\/215\/revisions"}],"predecessor-version":[{"id":355,"href":"https:\/\/xn--kntjmestari-l8aacb.fi\/km\/wp-json\/wp\/v2\/pages\/215\/revisions\/355"}],"up":[{"embeddable":true,"href":"https:\/\/xn--kntjmestari-l8aacb.fi\/km\/wp-json\/wp\/v2\/pages\/2"}],"wp:attachment":[{"href":"https:\/\/xn--kntjmestari-l8aacb.fi\/km\/wp-json\/wp\/v2\/media?parent=215"}],"curies":[{"name":"wp","href":"https:\/\/api.w.org\/{rel}","templated":true}]}}