{"id":218,"date":"2021-12-22T12:38:46","date_gmt":"2021-12-22T12:38:46","guid":{"rendered":"https:\/\/xn--kntjmestari-l8aacb.fi\/km\/?page_id=218"},"modified":"2021-12-22T12:38:46","modified_gmt":"2021-12-22T12:38:46","slug":"hinnoittelu-ja-kannattavuus","status":"publish","type":"page","link":"https:\/\/xn--kntjmestari-l8aacb.fi\/km\/etusivu\/luku-7-kannattavuus-ennen-kaikkea\/hinnoittelu-ja-kannattavuus\/","title":{"rendered":"hinnoittelu ja kannattavuus"},"content":{"rendered":"<p>[et_pb_section fb_built=&#8221;1&#8243; _builder_version=&#8221;3.22&#8243; global_colors_info=&#8221;{}&#8221; theme_builder_area=&#8221;post_content&#8221;][et_pb_row _builder_version=&#8221;4.14.2&#8243; _module_preset=&#8221;default&#8221; global_colors_info=&#8221;{}&#8221; theme_builder_area=&#8221;post_content&#8221;][et_pb_column type=&#8221;4_4&#8243; _builder_version=&#8221;4.14.2&#8243; _module_preset=&#8221;default&#8221; global_colors_info=&#8221;{}&#8221; theme_builder_area=&#8221;post_content&#8221;][et_pb_post_title meta=&#8221;off&#8221; featured_image=&#8221;off&#8221; _builder_version=&#8221;4.14.2&#8243; _module_preset=&#8221;default&#8221; global_colors_info=&#8221;{}&#8221; theme_builder_area=&#8221;post_content&#8221;][\/et_pb_post_title][\/et_pb_column][\/et_pb_row][et_pb_row column_structure=&#8221;1_2,1_2&#8243; _builder_version=&#8221;3.25&#8243; background_size=&#8221;initial&#8221; background_position=&#8221;top_left&#8221; background_repeat=&#8221;repeat&#8221; global_colors_info=&#8221;{}&#8221; theme_builder_area=&#8221;post_content&#8221;][et_pb_column type=&#8221;1_2&#8243; _builder_version=&#8221;3.25&#8243; custom_padding=&#8221;|||&#8221; global_colors_info=&#8221;{}&#8221; custom_padding__hover=&#8221;|||&#8221; theme_builder_area=&#8221;post_content&#8221;][et_pb_text _builder_version=&#8221;4.14.2&#8243; background_size=&#8221;initial&#8221; background_position=&#8221;top_left&#8221; background_repeat=&#8221;repeat&#8221; custom_margin=&#8221;|-426px||||&#8221; custom_padding=&#8221;||0px|||&#8221; global_colors_info=&#8221;{}&#8221; theme_builder_area=&#8221;post_content&#8221;]<\/p>\n<div id=\"page-zones__main-widgets__content1\" data-name=\"content\" class=\"content widget js-widget\" data-uniqueid=\"OloHtMAomHwAijU\" data-parentuniqueid=\"69O0NdSLr5jBL3F\">\n<div class=\"bk-content-text js-text-content   wysihtml-editor-content\">\n<p>M\u00e4\u00e4rit\u00e4 palveluillesi selke\u00e4t hinnat ja kerro hinnat asiakkaillesi. Mieti my\u00f6s valmiiksi, mik\u00e4 on alin hinta, jolla voit tehd\u00e4 kunkin ty\u00f6n kannattavasti. Selvit\u00e4, mik\u00e4 on sinulle mieluisin ty\u00f6skentelymuoto ja tutuin tekstityyppi tai erikoisala. Osa tekaisee raakak\u00e4\u00e4nn\u00f6ksen nopeasti ja hioo sit\u00e4 sitten pitk\u00e4\u00e4n, toiset taas tuottavat kerralla melko valmista teksti\u00e4. Pid\u00e4 vaikka vuoden ajan ty\u00f6p\u00e4iv\u00e4kirjaa, johon merkitset k\u00e4\u00e4nnetyt merkki-, sana- tai sivum\u00e4\u00e4r\u00e4t, ty\u00f6h\u00f6n k\u00e4ytetyn ajan ja siit\u00e4 saadun hinnan. N\u00e4in n\u00e4et, mink\u00e4 tyyppiset ty\u00f6t kannattavat parhaiten. \u00c4l\u00e4 tuijota liikaa esimerkiksi sanahintaa, sill\u00e4 se voi johtaa harhaan. Matala sanahinta tuottaa harvoin korkeaa tuntitulosta, mutta korkea sanahinta vieraassa tekstityypiss\u00e4 voi h\u00e4m\u00e4t\u00e4, ja voi olla, ett\u00e4\u00a0itse asiassa on tuottavampaa tehd\u00e4 jotain tuttua halvemmalla sanahinnalla. Muista my\u00f6s, ett\u00e4 eri kielten sanat ovat keskim\u00e4\u00e4rin kovin eripituisia, joten sanahinnoittelu on aina suhteutettava kyseess\u00e4 olevaan kielipariin ja -suuntaan.<o:p><\/o:p><\/p>\n<p><o:p>\u00a0<\/o:p><\/p>\n<p>Selvit\u00e4 hinnoitteluperusteesi itsellesi. Erityisesti toimistoasiakas voi haluta sivu-, rivi-, merkki- tai sanaperusteisen hinnan. Kun olet ty\u00f6p\u00e4iv\u00e4kirjaa pit\u00e4m\u00e4ll\u00e4 selvitt\u00e4nyt, paljonko valmista teksti\u00e4 tuotat tunnissa, on helppo laskea, paljonko veloitat per yksikk\u00f6. L\u00e4ht\u00f6kohta on kuitenkin, ett\u00e4 tarvitset x m\u00e4\u00e4r\u00e4n ansioita tunnissa\/p\u00e4iv\u00e4ss\u00e4\/viikossa, jotta saat tavoittelemasi tuoton eli tulotason. Silloin ei ole v\u00e4li\u00e4, mit\u00e4 laskutusperustetta asiakas toivoo \u2013 samaa hintaa tai perustetta ei ole pakko k\u00e4ytt\u00e4\u00e4 joka kieliparille ja tekstityypille. On oma vikasi, jos koet, ett\u00e4 sanahinta on sinulle ep\u00e4edullinen suomesta englantiin p\u00e4in k\u00e4\u00e4nt\u00e4ess\u00e4si. Kaikki ty\u00f6t eiv\u00e4t ole yht\u00e4 kannattavia, mutta joskus v\u00e4hemm\u00e4n kannattavia t\u00f6it\u00e4 on j\u00e4rkev\u00e4\u00e4 tehd\u00e4 hyv\u00e4n asiakaspalvelun nimiss\u00e4. Mutta jos koko tilauskanta on kannattamatonta, jossain on vika. Usein se\u00a0on hinnoittelussa ja\/tai asiakaskannassa.<o:p><\/o:p><\/p>\n<p><o:p>\u00a0<\/o:p><\/p>\n<p>Aseta t\u00f6illesi minimihinta. Jokaisessa ty\u00f6ss\u00e4 pit\u00e4\u00e4 k\u00e4\u00e4nt\u00e4misen lis\u00e4ksi v\u00e4hint\u00e4\u00e4n vastaanottaa tilaus, toimittaa ja arkistoida k\u00e4\u00e4nn\u00f6s ja laskuttaa. Mieti siis, mik\u00e4 on l\u00e4ht\u00f6taksasi. Kannattaako kympill\u00e4 tehd\u00e4, vaikka kyseess\u00e4 olisi vain yksi lause? Vakituiset asiakkaat usein vetoavat siihen, ett\u00e4 he teett\u00e4v\u00e4t niin paljon ja niin s\u00e4\u00e4nn\u00f6llisesti, etteiv\u00e4t haluaisi maksaa minimiveloituksia. Toimistoasiakkaalla saattaa puolestaan olla iso suora asiakas, jolta ei laskuteta minimiveloitusta. Mutta sin\u00e4 k\u00e4\u00e4nn\u00e4t kyseisen asiakkaan tekstej\u00e4 ehk\u00e4 kerran vuodessa, joten toimiston ja asiakkaan v\u00e4linen sopimus minimiveloituksettomuudesta ei ole sinun ongelmasi, vaan toimiston ongelma.<o:p><\/o:p><\/p>\n<p><o:p>\u00a0<\/o:p><\/p>\n<p>Tee s\u00e4\u00e4nn\u00f6llisesti kannattavuuslaskelmia ja tarkista hintojasi sen mukaan. Pienet vuotuiset indeksikorotukset ovat monille asiakkaille helpompia niell\u00e4 kuin kerran viidess\u00e4 tai kymmeness\u00e4 vuodessa reippaasti nostetut hinnat. Jos annat alennuksia tai veloitat erilaisia lisi\u00e4, perustele ensin itsellesi ja sitten my\u00f6s asiakkaalle, mist\u00e4 t\u00e4m\u00e4 johtuu. Sovella alennuksia ja lisi\u00e4 johdonmukaisesti.<\/p>\n<\/div>\n<\/div>\n<p>[\/et_pb_text][\/et_pb_column][et_pb_column type=&#8221;1_2&#8243; _builder_version=&#8221;3.25&#8243; custom_padding=&#8221;|||&#8221; global_colors_info=&#8221;{}&#8221; custom_padding__hover=&#8221;|||&#8221; theme_builder_area=&#8221;post_content&#8221;][\/et_pb_column][\/et_pb_row][\/et_pb_section]<\/p>\n","protected":false},"excerpt":{"rendered":"<p>M\u00e4\u00e4rit\u00e4 palveluillesi selke\u00e4t hinnat ja kerro hinnat asiakkaillesi. Mieti my\u00f6s valmiiksi, mik\u00e4 on alin hinta, jolla voit tehd\u00e4 kunkin ty\u00f6n kannattavasti. Selvit\u00e4, mik\u00e4 on sinulle mieluisin ty\u00f6skentelymuoto ja tutuin tekstityyppi tai erikoisala. Osa tekaisee raakak\u00e4\u00e4nn\u00f6ksen nopeasti ja hioo sit\u00e4 sitten pitk\u00e4\u00e4n, toiset taas tuottavat kerralla melko valmista teksti\u00e4. Pid\u00e4 vaikka vuoden ajan ty\u00f6p\u00e4iv\u00e4kirjaa, johon merkitset [&hellip;]<\/p>\n","protected":false},"author":2,"featured_media":0,"parent":215,"menu_order":0,"comment_status":"closed","ping_status":"closed","template":"","meta":{"_et_pb_use_builder":"on","_et_pb_old_content":"","_et_gb_content_width":"","footnotes":""},"class_list":["post-218","page","type-page","status-publish","hentry"],"yoast_head":"<!-- This site is optimized with the Yoast SEO plugin v27.4 - https:\/\/yoast.com\/product\/yoast-seo-wordpress\/ -->\n<title>hinnoittelu ja kannattavuus - K\u00e4\u00e4nt\u00e4j\u00e4mestarin kirja<\/title>\n<meta name=\"robots\" content=\"index, follow, max-snippet:-1, max-image-preview:large, max-video-preview:-1\" \/>\n<link rel=\"canonical\" href=\"https:\/\/xn--kntjmestari-l8aacb.fi\/km\/etusivu\/luku-7-kannattavuus-ennen-kaikkea\/hinnoittelu-ja-kannattavuus\/\" \/>\n<meta property=\"og:locale\" content=\"fi_FI\" \/>\n<meta property=\"og:type\" content=\"article\" \/>\n<meta property=\"og:title\" content=\"hinnoittelu ja kannattavuus - K\u00e4\u00e4nt\u00e4j\u00e4mestarin kirja\" \/>\n<meta property=\"og:description\" content=\"M\u00e4\u00e4rit\u00e4 palveluillesi selke\u00e4t hinnat ja kerro hinnat asiakkaillesi. Mieti my\u00f6s valmiiksi, mik\u00e4 on alin hinta, jolla voit tehd\u00e4 kunkin ty\u00f6n kannattavasti. Selvit\u00e4, mik\u00e4 on sinulle mieluisin ty\u00f6skentelymuoto ja tutuin tekstityyppi tai erikoisala. Osa tekaisee raakak\u00e4\u00e4nn\u00f6ksen nopeasti ja hioo sit\u00e4 sitten pitk\u00e4\u00e4n, toiset taas tuottavat kerralla melko valmista teksti\u00e4. Pid\u00e4 vaikka vuoden ajan ty\u00f6p\u00e4iv\u00e4kirjaa, johon merkitset [&hellip;]\" \/>\n<meta property=\"og:url\" content=\"https:\/\/xn--kntjmestari-l8aacb.fi\/km\/etusivu\/luku-7-kannattavuus-ennen-kaikkea\/hinnoittelu-ja-kannattavuus\/\" \/>\n<meta property=\"og:site_name\" content=\"K\u00e4\u00e4nt\u00e4j\u00e4mestarin kirja\" \/>\n<meta name=\"twitter:card\" content=\"summary_large_image\" \/>\n<meta name=\"twitter:label1\" content=\"Arvioitu lukuaika\" \/>\n\t<meta name=\"twitter:data1\" content=\"3 minuuttia\" \/>\n<script type=\"application\/ld+json\" class=\"yoast-schema-graph\">{\"@context\":\"https:\\\/\\\/schema.org\",\"@graph\":[{\"@type\":\"WebPage\",\"@id\":\"https:\\\/\\\/xn--kntjmestari-l8aacb.fi\\\/km\\\/etusivu\\\/luku-7-kannattavuus-ennen-kaikkea\\\/hinnoittelu-ja-kannattavuus\\\/\",\"url\":\"https:\\\/\\\/xn--kntjmestari-l8aacb.fi\\\/km\\\/etusivu\\\/luku-7-kannattavuus-ennen-kaikkea\\\/hinnoittelu-ja-kannattavuus\\\/\",\"name\":\"hinnoittelu ja kannattavuus - K\u00e4\u00e4nt\u00e4j\u00e4mestarin kirja\",\"isPartOf\":{\"@id\":\"https:\\\/\\\/xn--kntjmestari-l8aacb.fi\\\/km\\\/#website\"},\"datePublished\":\"2021-12-22T12:38:46+00:00\",\"breadcrumb\":{\"@id\":\"https:\\\/\\\/xn--kntjmestari-l8aacb.fi\\\/km\\\/etusivu\\\/luku-7-kannattavuus-ennen-kaikkea\\\/hinnoittelu-ja-kannattavuus\\\/#breadcrumb\"},\"inLanguage\":\"fi\",\"potentialAction\":[{\"@type\":\"ReadAction\",\"target\":[\"https:\\\/\\\/xn--kntjmestari-l8aacb.fi\\\/km\\\/etusivu\\\/luku-7-kannattavuus-ennen-kaikkea\\\/hinnoittelu-ja-kannattavuus\\\/\"]}]},{\"@type\":\"BreadcrumbList\",\"@id\":\"https:\\\/\\\/xn--kntjmestari-l8aacb.fi\\\/km\\\/etusivu\\\/luku-7-kannattavuus-ennen-kaikkea\\\/hinnoittelu-ja-kannattavuus\\\/#breadcrumb\",\"itemListElement\":[{\"@type\":\"ListItem\",\"position\":1,\"name\":\"Etusivu\",\"item\":\"https:\\\/\\\/xn--kntjmestari-l8aacb.fi\\\/km\\\/\"},{\"@type\":\"ListItem\",\"position\":2,\"name\":\"K\u00e4\u00e4nt\u00e4j\u00e4mestarin kirja\",\"item\":\"https:\\\/\\\/xn--kntjmestari-l8aacb.fi\\\/km\\\/\"},{\"@type\":\"ListItem\",\"position\":3,\"name\":\"Luku 7 &#8211; kannattavuus ennen kaikkea\",\"item\":\"https:\\\/\\\/xn--kntjmestari-l8aacb.fi\\\/km\\\/etusivu\\\/luku-7-kannattavuus-ennen-kaikkea\\\/\"},{\"@type\":\"ListItem\",\"position\":4,\"name\":\"hinnoittelu ja kannattavuus\"}]},{\"@type\":\"WebSite\",\"@id\":\"https:\\\/\\\/xn--kntjmestari-l8aacb.fi\\\/km\\\/#website\",\"url\":\"https:\\\/\\\/xn--kntjmestari-l8aacb.fi\\\/km\\\/\",\"name\":\"K\u00e4\u00e4nt\u00e4j\u00e4mestarin kirja\",\"description\":\"k\u00e4yt\u00e4nn\u00f6n opas aloitteleville k\u00e4\u00e4nt\u00e4jille ja tulkeille\",\"publisher\":{\"@id\":\"https:\\\/\\\/xn--kntjmestari-l8aacb.fi\\\/km\\\/#organization\"},\"potentialAction\":[{\"@type\":\"SearchAction\",\"target\":{\"@type\":\"EntryPoint\",\"urlTemplate\":\"https:\\\/\\\/xn--kntjmestari-l8aacb.fi\\\/km\\\/?s={search_term_string}\"},\"query-input\":{\"@type\":\"PropertyValueSpecification\",\"valueRequired\":true,\"valueName\":\"search_term_string\"}}],\"inLanguage\":\"fi\"},{\"@type\":\"Organization\",\"@id\":\"https:\\\/\\\/xn--kntjmestari-l8aacb.fi\\\/km\\\/#organization\",\"name\":\"K\u00e4\u00e4nt\u00e4j\u00e4mestarit\",\"url\":\"https:\\\/\\\/xn--kntjmestari-l8aacb.fi\\\/km\\\/\",\"logo\":{\"@type\":\"ImageObject\",\"inLanguage\":\"fi\",\"@id\":\"https:\\\/\\\/xn--kntjmestari-l8aacb.fi\\\/km\\\/#\\\/schema\\\/logo\\\/image\\\/\",\"url\":\"https:\\\/\\\/xn--kntjmestari-l8aacb.fi\\\/km\\\/wp-content\\\/uploads\\\/2021\\\/12\\\/logo.jpg\",\"contentUrl\":\"https:\\\/\\\/xn--kntjmestari-l8aacb.fi\\\/km\\\/wp-content\\\/uploads\\\/2021\\\/12\\\/logo.jpg\",\"width\":509,\"height\":530,\"caption\":\"K\u00e4\u00e4nt\u00e4j\u00e4mestarit\"},\"image\":{\"@id\":\"https:\\\/\\\/xn--kntjmestari-l8aacb.fi\\\/km\\\/#\\\/schema\\\/logo\\\/image\\\/\"}}]}<\/script>\n<!-- \/ Yoast SEO plugin. -->","yoast_head_json":{"title":"hinnoittelu ja kannattavuus - K\u00e4\u00e4nt\u00e4j\u00e4mestarin kirja","robots":{"index":"index","follow":"follow","max-snippet":"max-snippet:-1","max-image-preview":"max-image-preview:large","max-video-preview":"max-video-preview:-1"},"canonical":"https:\/\/xn--kntjmestari-l8aacb.fi\/km\/etusivu\/luku-7-kannattavuus-ennen-kaikkea\/hinnoittelu-ja-kannattavuus\/","og_locale":"fi_FI","og_type":"article","og_title":"hinnoittelu ja kannattavuus - K\u00e4\u00e4nt\u00e4j\u00e4mestarin kirja","og_description":"M\u00e4\u00e4rit\u00e4 palveluillesi selke\u00e4t hinnat ja kerro hinnat asiakkaillesi. Mieti my\u00f6s valmiiksi, mik\u00e4 on alin hinta, jolla voit tehd\u00e4 kunkin ty\u00f6n kannattavasti. Selvit\u00e4, mik\u00e4 on sinulle mieluisin ty\u00f6skentelymuoto ja tutuin tekstityyppi tai erikoisala. Osa tekaisee raakak\u00e4\u00e4nn\u00f6ksen nopeasti ja hioo sit\u00e4 sitten pitk\u00e4\u00e4n, toiset taas tuottavat kerralla melko valmista teksti\u00e4. Pid\u00e4 vaikka vuoden ajan ty\u00f6p\u00e4iv\u00e4kirjaa, johon merkitset [&hellip;]","og_url":"https:\/\/xn--kntjmestari-l8aacb.fi\/km\/etusivu\/luku-7-kannattavuus-ennen-kaikkea\/hinnoittelu-ja-kannattavuus\/","og_site_name":"K\u00e4\u00e4nt\u00e4j\u00e4mestarin kirja","twitter_card":"summary_large_image","twitter_misc":{"Arvioitu lukuaika":"3 minuuttia"},"schema":{"@context":"https:\/\/schema.org","@graph":[{"@type":"WebPage","@id":"https:\/\/xn--kntjmestari-l8aacb.fi\/km\/etusivu\/luku-7-kannattavuus-ennen-kaikkea\/hinnoittelu-ja-kannattavuus\/","url":"https:\/\/xn--kntjmestari-l8aacb.fi\/km\/etusivu\/luku-7-kannattavuus-ennen-kaikkea\/hinnoittelu-ja-kannattavuus\/","name":"hinnoittelu ja kannattavuus - K\u00e4\u00e4nt\u00e4j\u00e4mestarin kirja","isPartOf":{"@id":"https:\/\/xn--kntjmestari-l8aacb.fi\/km\/#website"},"datePublished":"2021-12-22T12:38:46+00:00","breadcrumb":{"@id":"https:\/\/xn--kntjmestari-l8aacb.fi\/km\/etusivu\/luku-7-kannattavuus-ennen-kaikkea\/hinnoittelu-ja-kannattavuus\/#breadcrumb"},"inLanguage":"fi","potentialAction":[{"@type":"ReadAction","target":["https:\/\/xn--kntjmestari-l8aacb.fi\/km\/etusivu\/luku-7-kannattavuus-ennen-kaikkea\/hinnoittelu-ja-kannattavuus\/"]}]},{"@type":"BreadcrumbList","@id":"https:\/\/xn--kntjmestari-l8aacb.fi\/km\/etusivu\/luku-7-kannattavuus-ennen-kaikkea\/hinnoittelu-ja-kannattavuus\/#breadcrumb","itemListElement":[{"@type":"ListItem","position":1,"name":"Etusivu","item":"https:\/\/xn--kntjmestari-l8aacb.fi\/km\/"},{"@type":"ListItem","position":2,"name":"K\u00e4\u00e4nt\u00e4j\u00e4mestarin kirja","item":"https:\/\/xn--kntjmestari-l8aacb.fi\/km\/"},{"@type":"ListItem","position":3,"name":"Luku 7 &#8211; kannattavuus ennen kaikkea","item":"https:\/\/xn--kntjmestari-l8aacb.fi\/km\/etusivu\/luku-7-kannattavuus-ennen-kaikkea\/"},{"@type":"ListItem","position":4,"name":"hinnoittelu ja kannattavuus"}]},{"@type":"WebSite","@id":"https:\/\/xn--kntjmestari-l8aacb.fi\/km\/#website","url":"https:\/\/xn--kntjmestari-l8aacb.fi\/km\/","name":"K\u00e4\u00e4nt\u00e4j\u00e4mestarin kirja","description":"k\u00e4yt\u00e4nn\u00f6n opas aloitteleville k\u00e4\u00e4nt\u00e4jille ja tulkeille","publisher":{"@id":"https:\/\/xn--kntjmestari-l8aacb.fi\/km\/#organization"},"potentialAction":[{"@type":"SearchAction","target":{"@type":"EntryPoint","urlTemplate":"https:\/\/xn--kntjmestari-l8aacb.fi\/km\/?s={search_term_string}"},"query-input":{"@type":"PropertyValueSpecification","valueRequired":true,"valueName":"search_term_string"}}],"inLanguage":"fi"},{"@type":"Organization","@id":"https:\/\/xn--kntjmestari-l8aacb.fi\/km\/#organization","name":"K\u00e4\u00e4nt\u00e4j\u00e4mestarit","url":"https:\/\/xn--kntjmestari-l8aacb.fi\/km\/","logo":{"@type":"ImageObject","inLanguage":"fi","@id":"https:\/\/xn--kntjmestari-l8aacb.fi\/km\/#\/schema\/logo\/image\/","url":"https:\/\/xn--kntjmestari-l8aacb.fi\/km\/wp-content\/uploads\/2021\/12\/logo.jpg","contentUrl":"https:\/\/xn--kntjmestari-l8aacb.fi\/km\/wp-content\/uploads\/2021\/12\/logo.jpg","width":509,"height":530,"caption":"K\u00e4\u00e4nt\u00e4j\u00e4mestarit"},"image":{"@id":"https:\/\/xn--kntjmestari-l8aacb.fi\/km\/#\/schema\/logo\/image\/"}}]}},"_links":{"self":[{"href":"https:\/\/xn--kntjmestari-l8aacb.fi\/km\/wp-json\/wp\/v2\/pages\/218","targetHints":{"allow":["GET"]}}],"collection":[{"href":"https:\/\/xn--kntjmestari-l8aacb.fi\/km\/wp-json\/wp\/v2\/pages"}],"about":[{"href":"https:\/\/xn--kntjmestari-l8aacb.fi\/km\/wp-json\/wp\/v2\/types\/page"}],"author":[{"embeddable":true,"href":"https:\/\/xn--kntjmestari-l8aacb.fi\/km\/wp-json\/wp\/v2\/users\/2"}],"replies":[{"embeddable":true,"href":"https:\/\/xn--kntjmestari-l8aacb.fi\/km\/wp-json\/wp\/v2\/comments?post=218"}],"version-history":[{"count":2,"href":"https:\/\/xn--kntjmestari-l8aacb.fi\/km\/wp-json\/wp\/v2\/pages\/218\/revisions"}],"predecessor-version":[{"id":220,"href":"https:\/\/xn--kntjmestari-l8aacb.fi\/km\/wp-json\/wp\/v2\/pages\/218\/revisions\/220"}],"up":[{"embeddable":true,"href":"https:\/\/xn--kntjmestari-l8aacb.fi\/km\/wp-json\/wp\/v2\/pages\/215"}],"wp:attachment":[{"href":"https:\/\/xn--kntjmestari-l8aacb.fi\/km\/wp-json\/wp\/v2\/media?parent=218"}],"curies":[{"name":"wp","href":"https:\/\/api.w.org\/{rel}","templated":true}]}}