{"id":224,"date":"2021-12-22T12:41:28","date_gmt":"2021-12-22T12:41:28","guid":{"rendered":"https:\/\/xn--kntjmestari-l8aacb.fi\/km\/?page_id=224"},"modified":"2021-12-22T12:41:28","modified_gmt":"2021-12-22T12:41:28","slug":"hintamielikuva","status":"publish","type":"page","link":"https:\/\/xn--kntjmestari-l8aacb.fi\/km\/etusivu\/luku-7-kannattavuus-ennen-kaikkea\/hintamielikuva\/","title":{"rendered":"hintamielikuva"},"content":{"rendered":"<p>[et_pb_section fb_built=&#8221;1&#8243; _builder_version=&#8221;3.22&#8243; global_colors_info=&#8221;{}&#8221; theme_builder_area=&#8221;post_content&#8221;][et_pb_row _builder_version=&#8221;4.14.2&#8243; _module_preset=&#8221;default&#8221; global_colors_info=&#8221;{}&#8221; theme_builder_area=&#8221;post_content&#8221;][et_pb_column type=&#8221;4_4&#8243; _builder_version=&#8221;4.14.2&#8243; _module_preset=&#8221;default&#8221; global_colors_info=&#8221;{}&#8221; theme_builder_area=&#8221;post_content&#8221;][et_pb_post_title meta=&#8221;off&#8221; featured_image=&#8221;off&#8221; _builder_version=&#8221;4.14.2&#8243; _module_preset=&#8221;default&#8221; global_colors_info=&#8221;{}&#8221; theme_builder_area=&#8221;post_content&#8221;][\/et_pb_post_title][\/et_pb_column][\/et_pb_row][et_pb_row column_structure=&#8221;1_2,1_2&#8243; _builder_version=&#8221;3.25&#8243; background_size=&#8221;initial&#8221; background_position=&#8221;top_left&#8221; background_repeat=&#8221;repeat&#8221; global_colors_info=&#8221;{}&#8221; theme_builder_area=&#8221;post_content&#8221;][et_pb_column type=&#8221;1_2&#8243; _builder_version=&#8221;3.25&#8243; custom_padding=&#8221;|||&#8221; global_colors_info=&#8221;{}&#8221; custom_padding__hover=&#8221;|||&#8221; theme_builder_area=&#8221;post_content&#8221;][et_pb_text _builder_version=&#8221;4.14.2&#8243; background_size=&#8221;initial&#8221; background_position=&#8221;top_left&#8221; background_repeat=&#8221;repeat&#8221; custom_margin=&#8221;|-426px||||&#8221; custom_padding=&#8221;||0px|||&#8221; global_colors_info=&#8221;{}&#8221; theme_builder_area=&#8221;post_content&#8221;]<\/p>\n<div id=\"page-zones__main-widgets__content1\" data-name=\"content\" class=\"content widget js-widget\" data-uniqueid=\"OloHtMAomHwAijU\" data-parentuniqueid=\"69O0NdSLr5jBL3F\">\n<div class=\"bk-content-text js-text-content   wysihtml-editor-content\">\n<p>\u00c4l\u00e4 pelk\u00e4\u00e4 hinnoittelua \u00e4l\u00e4k\u00e4 korkeampaa hintaa. Hintamielikuva voi kuulostaa huijaukselta, mutta vastaavanlaiset mielikuvat vaikuttavat my\u00f6s omiin valintoihimme tavaroiden ja palvelujen kuluttajina ja ostajina. Jos tarvitset hyv\u00e4laatuisen puvun tai vaikkapa lahjan t\u00e4rke\u00e4\u00e4n tarkoitukseen, mihin suuntaat? Mit\u00e4 tuotteen hinta kertoo?\u00a0Onko kympin kello yht\u00e4 hyv\u00e4 kuin viidenkympin kello? Voi ollakin, mutta ep\u00e4ilem\u00e4tt\u00e4 v\u00e4h\u00e4n kalliimpi v\u00e4hint\u00e4\u00e4nkin \u201dtuntuu\u201d paremmalta.<o:p><\/o:p><\/p>\n<p><o:p>\u00a0<\/o:p><\/p>\n<p>Ei ole lainkaan tavatonta, ett\u00e4 p\u00e4\u00e4tt\u00e4v\u00e4inen hintaneuvottelu johtaa suotuisaan lopputulokseen. Hyv\u00e4n hinnan voi aivan hyvin saada sit\u00e4 pyyt\u00e4m\u00e4ll\u00e4. Autenttinen asiakaskommentti: \u201dTuo hinta ei varmastikaan nouse t\u00e4ss\u00e4 esteeksi. Me tarvitsemme nyt laadukkaan k\u00e4\u00e4nn\u00f6ksen, joten sovitaan t\u00e4m\u00e4.\u201d<o:p><\/o:p><\/p>\n<p>\u00a0<o:p><\/o:p><\/p>\n<p>Aina ei tarvitse tehd\u00e4 priimaa, kunhan asiasta sovitaan asiakkaan kanssa. Joskus asiakkaalle riitt\u00e4\u00e4 teksti, joka on oikeakielinen ja v\u00e4litt\u00e4\u00e4 l\u00e4hdetekstin sis\u00e4ll\u00f6n ja merkityksen, mutta jonka sanamuodot eiv\u00e4t ole viimeisen p\u00e4\u00e4lle viilattuja ja mahdolliset nerokkaat otsikot, sanaleikit, iskulauseet ynn\u00e4 muut on k\u00e4\u00e4nnetty latteasti tai selitt\u00e4en. T\u00e4llaisia k\u00e4\u00e4nn\u00f6ksi\u00e4 saatetaan tarvita muun muassa yritysten sis\u00e4iseen k\u00e4ytt\u00f6\u00f6n tai mainos- ja markkinointimateriaalin suunnittelua ja lokalisointia varten. T\u00e4llaisesta nopeasti riipaistavasta k\u00e4\u00e4nn\u00f6ksest\u00e4 ei asiakkaankaan tarvitse joutua maksamaan kuin\u00a0julkaistavaksi teht\u00e4v\u00e4st\u00e4. T\u00e4ss\u00e4 vaiheessa joku \u00e4l\u00e4ht\u00e4\u00e4, ett\u00e4 no sitten se asiakas kuitenkin julkaisee sen. Se on toki asiakkaan oikeus, mutta kannattaa muistaa, ett\u00e4 viime k\u00e4dess\u00e4 asiakas kantaa itse vastuun omien julkaisujensa sis\u00e4ll\u00f6st\u00e4.<o:p><\/o:p><\/p>\n<p><o:p>\u00a0<\/o:p><\/p>\n<p>Usein asiakkailla voi my\u00f6s oikeasti olla tarve nopeasti tehdylle, mutta v\u00e4hemm\u00e4n hiotulle k\u00e4\u00e4nn\u00f6kselle. Kyseess\u00e4 voi olla vaikka s\u00e4hk\u00f6posti tai asiakaspalaute, joka ei selvi\u00e4 Googlen k\u00e4\u00e4ntimell\u00e4. Ammattilainen osaa valjastaa kokemuksensa t\u00e4h\u00e4nkin hermostumatta.<\/p>\n<p><o:p><\/o:p><\/p>\n<p><i>Vakiasiakas l\u00e4hett\u00e4\u00e4 s\u00e4hk\u00f6postia: &#8221;Voitko k\u00e4\u00e4nt\u00e4\u00e4 suomalaisen tuottajan huomautukset kansainv\u00e4lisen\u00a0rahoittajan edustajalle, joka ei saanut asiasta selv\u00e4\u00e4 Googlella?\u201d K\u00e4\u00e4nnett\u00e4v\u00e4 teksti on s\u00e4hk\u00f6postiviestin tekstin\u00e4. Nopealla silm\u00e4yksell\u00e4 alle liuska yleiskielist\u00e4 alan teksti\u00e4. Saman tien vastaus asiakkaalle: \u201dToki voin, ei varmaan tarvitse oikoluettaa natiivilla. N\u00e4ytt\u00e4\u00e4 mahtuvan minimiin, toimitus t\u00e4n\u00e4\u00e4n.\u201d Ty\u00f6vaiheista j\u00e4\u00e4v\u00e4t siis pois muun muassa tekninen viilaaminen, oikoluku, hauduttelu, sujuvoittaminen, natiivitarkastus ja tekstin arkistointi \u2013 k\u00e4\u00e4nn\u00f6s j\u00e4\u00e4 ainoastaan s\u00e4hk\u00f6postiin. Asiakas on tyytyv\u00e4inen eik\u00e4 k\u00e4\u00e4nt\u00e4j\u00e4 joutunut tuhlaamaan omaa aikaansa sellaiseen, mist\u00e4 asiakas ei halua maksaa.<\/i><\/p>\n<\/div>\n<\/div>\n<p>[\/et_pb_text][\/et_pb_column][et_pb_column type=&#8221;1_2&#8243; _builder_version=&#8221;3.25&#8243; custom_padding=&#8221;|||&#8221; global_colors_info=&#8221;{}&#8221; custom_padding__hover=&#8221;|||&#8221; theme_builder_area=&#8221;post_content&#8221;][\/et_pb_column][\/et_pb_row][\/et_pb_section]<\/p>\n","protected":false},"excerpt":{"rendered":"<p>\u00c4l\u00e4 pelk\u00e4\u00e4 hinnoittelua \u00e4l\u00e4k\u00e4 korkeampaa hintaa. Hintamielikuva voi kuulostaa huijaukselta, mutta vastaavanlaiset mielikuvat vaikuttavat my\u00f6s omiin valintoihimme tavaroiden ja palvelujen kuluttajina ja ostajina. Jos tarvitset hyv\u00e4laatuisen puvun tai vaikkapa lahjan t\u00e4rke\u00e4\u00e4n tarkoitukseen, mihin suuntaat? Mit\u00e4 tuotteen hinta kertoo?\u00a0Onko kympin kello yht\u00e4 hyv\u00e4 kuin viidenkympin kello? Voi ollakin, mutta ep\u00e4ilem\u00e4tt\u00e4 v\u00e4h\u00e4n kalliimpi v\u00e4hint\u00e4\u00e4nkin \u201dtuntuu\u201d paremmalta. \u00a0 [&hellip;]<\/p>\n","protected":false},"author":2,"featured_media":0,"parent":215,"menu_order":0,"comment_status":"closed","ping_status":"closed","template":"","meta":{"_et_pb_use_builder":"on","_et_pb_old_content":"","_et_gb_content_width":"","footnotes":""},"class_list":["post-224","page","type-page","status-publish","hentry"],"yoast_head":"<!-- This site is optimized with the Yoast SEO plugin v27.4 - https:\/\/yoast.com\/product\/yoast-seo-wordpress\/ -->\n<title>hintamielikuva - K\u00e4\u00e4nt\u00e4j\u00e4mestarin kirja<\/title>\n<meta name=\"robots\" content=\"index, follow, max-snippet:-1, max-image-preview:large, max-video-preview:-1\" \/>\n<link rel=\"canonical\" href=\"https:\/\/xn--kntjmestari-l8aacb.fi\/km\/etusivu\/luku-7-kannattavuus-ennen-kaikkea\/hintamielikuva\/\" \/>\n<meta property=\"og:locale\" content=\"fi_FI\" \/>\n<meta property=\"og:type\" content=\"article\" \/>\n<meta property=\"og:title\" content=\"hintamielikuva - K\u00e4\u00e4nt\u00e4j\u00e4mestarin kirja\" \/>\n<meta property=\"og:description\" content=\"\u00c4l\u00e4 pelk\u00e4\u00e4 hinnoittelua \u00e4l\u00e4k\u00e4 korkeampaa hintaa. Hintamielikuva voi kuulostaa huijaukselta, mutta vastaavanlaiset mielikuvat vaikuttavat my\u00f6s omiin valintoihimme tavaroiden ja palvelujen kuluttajina ja ostajina. Jos tarvitset hyv\u00e4laatuisen puvun tai vaikkapa lahjan t\u00e4rke\u00e4\u00e4n tarkoitukseen, mihin suuntaat? Mit\u00e4 tuotteen hinta kertoo?\u00a0Onko kympin kello yht\u00e4 hyv\u00e4 kuin viidenkympin kello? Voi ollakin, mutta ep\u00e4ilem\u00e4tt\u00e4 v\u00e4h\u00e4n kalliimpi v\u00e4hint\u00e4\u00e4nkin \u201dtuntuu\u201d paremmalta. \u00a0 [&hellip;]\" \/>\n<meta property=\"og:url\" content=\"https:\/\/xn--kntjmestari-l8aacb.fi\/km\/etusivu\/luku-7-kannattavuus-ennen-kaikkea\/hintamielikuva\/\" \/>\n<meta property=\"og:site_name\" content=\"K\u00e4\u00e4nt\u00e4j\u00e4mestarin kirja\" \/>\n<meta name=\"twitter:card\" content=\"summary_large_image\" \/>\n<meta name=\"twitter:label1\" content=\"Arvioitu lukuaika\" \/>\n\t<meta name=\"twitter:data1\" content=\"3 minuuttia\" \/>\n<script type=\"application\/ld+json\" class=\"yoast-schema-graph\">{\"@context\":\"https:\\\/\\\/schema.org\",\"@graph\":[{\"@type\":\"WebPage\",\"@id\":\"https:\\\/\\\/xn--kntjmestari-l8aacb.fi\\\/km\\\/etusivu\\\/luku-7-kannattavuus-ennen-kaikkea\\\/hintamielikuva\\\/\",\"url\":\"https:\\\/\\\/xn--kntjmestari-l8aacb.fi\\\/km\\\/etusivu\\\/luku-7-kannattavuus-ennen-kaikkea\\\/hintamielikuva\\\/\",\"name\":\"hintamielikuva - K\u00e4\u00e4nt\u00e4j\u00e4mestarin kirja\",\"isPartOf\":{\"@id\":\"https:\\\/\\\/xn--kntjmestari-l8aacb.fi\\\/km\\\/#website\"},\"datePublished\":\"2021-12-22T12:41:28+00:00\",\"breadcrumb\":{\"@id\":\"https:\\\/\\\/xn--kntjmestari-l8aacb.fi\\\/km\\\/etusivu\\\/luku-7-kannattavuus-ennen-kaikkea\\\/hintamielikuva\\\/#breadcrumb\"},\"inLanguage\":\"fi\",\"potentialAction\":[{\"@type\":\"ReadAction\",\"target\":[\"https:\\\/\\\/xn--kntjmestari-l8aacb.fi\\\/km\\\/etusivu\\\/luku-7-kannattavuus-ennen-kaikkea\\\/hintamielikuva\\\/\"]}]},{\"@type\":\"BreadcrumbList\",\"@id\":\"https:\\\/\\\/xn--kntjmestari-l8aacb.fi\\\/km\\\/etusivu\\\/luku-7-kannattavuus-ennen-kaikkea\\\/hintamielikuva\\\/#breadcrumb\",\"itemListElement\":[{\"@type\":\"ListItem\",\"position\":1,\"name\":\"Etusivu\",\"item\":\"https:\\\/\\\/xn--kntjmestari-l8aacb.fi\\\/km\\\/\"},{\"@type\":\"ListItem\",\"position\":2,\"name\":\"K\u00e4\u00e4nt\u00e4j\u00e4mestarin kirja\",\"item\":\"https:\\\/\\\/xn--kntjmestari-l8aacb.fi\\\/km\\\/\"},{\"@type\":\"ListItem\",\"position\":3,\"name\":\"Luku 7 &#8211; kannattavuus ennen kaikkea\",\"item\":\"https:\\\/\\\/xn--kntjmestari-l8aacb.fi\\\/km\\\/etusivu\\\/luku-7-kannattavuus-ennen-kaikkea\\\/\"},{\"@type\":\"ListItem\",\"position\":4,\"name\":\"hintamielikuva\"}]},{\"@type\":\"WebSite\",\"@id\":\"https:\\\/\\\/xn--kntjmestari-l8aacb.fi\\\/km\\\/#website\",\"url\":\"https:\\\/\\\/xn--kntjmestari-l8aacb.fi\\\/km\\\/\",\"name\":\"K\u00e4\u00e4nt\u00e4j\u00e4mestarin kirja\",\"description\":\"k\u00e4yt\u00e4nn\u00f6n opas aloitteleville k\u00e4\u00e4nt\u00e4jille ja tulkeille\",\"publisher\":{\"@id\":\"https:\\\/\\\/xn--kntjmestari-l8aacb.fi\\\/km\\\/#organization\"},\"potentialAction\":[{\"@type\":\"SearchAction\",\"target\":{\"@type\":\"EntryPoint\",\"urlTemplate\":\"https:\\\/\\\/xn--kntjmestari-l8aacb.fi\\\/km\\\/?s={search_term_string}\"},\"query-input\":{\"@type\":\"PropertyValueSpecification\",\"valueRequired\":true,\"valueName\":\"search_term_string\"}}],\"inLanguage\":\"fi\"},{\"@type\":\"Organization\",\"@id\":\"https:\\\/\\\/xn--kntjmestari-l8aacb.fi\\\/km\\\/#organization\",\"name\":\"K\u00e4\u00e4nt\u00e4j\u00e4mestarit\",\"url\":\"https:\\\/\\\/xn--kntjmestari-l8aacb.fi\\\/km\\\/\",\"logo\":{\"@type\":\"ImageObject\",\"inLanguage\":\"fi\",\"@id\":\"https:\\\/\\\/xn--kntjmestari-l8aacb.fi\\\/km\\\/#\\\/schema\\\/logo\\\/image\\\/\",\"url\":\"https:\\\/\\\/xn--kntjmestari-l8aacb.fi\\\/km\\\/wp-content\\\/uploads\\\/2021\\\/12\\\/logo.jpg\",\"contentUrl\":\"https:\\\/\\\/xn--kntjmestari-l8aacb.fi\\\/km\\\/wp-content\\\/uploads\\\/2021\\\/12\\\/logo.jpg\",\"width\":509,\"height\":530,\"caption\":\"K\u00e4\u00e4nt\u00e4j\u00e4mestarit\"},\"image\":{\"@id\":\"https:\\\/\\\/xn--kntjmestari-l8aacb.fi\\\/km\\\/#\\\/schema\\\/logo\\\/image\\\/\"}}]}<\/script>\n<!-- \/ Yoast SEO plugin. -->","yoast_head_json":{"title":"hintamielikuva - K\u00e4\u00e4nt\u00e4j\u00e4mestarin kirja","robots":{"index":"index","follow":"follow","max-snippet":"max-snippet:-1","max-image-preview":"max-image-preview:large","max-video-preview":"max-video-preview:-1"},"canonical":"https:\/\/xn--kntjmestari-l8aacb.fi\/km\/etusivu\/luku-7-kannattavuus-ennen-kaikkea\/hintamielikuva\/","og_locale":"fi_FI","og_type":"article","og_title":"hintamielikuva - K\u00e4\u00e4nt\u00e4j\u00e4mestarin kirja","og_description":"\u00c4l\u00e4 pelk\u00e4\u00e4 hinnoittelua \u00e4l\u00e4k\u00e4 korkeampaa hintaa. Hintamielikuva voi kuulostaa huijaukselta, mutta vastaavanlaiset mielikuvat vaikuttavat my\u00f6s omiin valintoihimme tavaroiden ja palvelujen kuluttajina ja ostajina. Jos tarvitset hyv\u00e4laatuisen puvun tai vaikkapa lahjan t\u00e4rke\u00e4\u00e4n tarkoitukseen, mihin suuntaat? Mit\u00e4 tuotteen hinta kertoo?\u00a0Onko kympin kello yht\u00e4 hyv\u00e4 kuin viidenkympin kello? Voi ollakin, mutta ep\u00e4ilem\u00e4tt\u00e4 v\u00e4h\u00e4n kalliimpi v\u00e4hint\u00e4\u00e4nkin \u201dtuntuu\u201d paremmalta. \u00a0 [&hellip;]","og_url":"https:\/\/xn--kntjmestari-l8aacb.fi\/km\/etusivu\/luku-7-kannattavuus-ennen-kaikkea\/hintamielikuva\/","og_site_name":"K\u00e4\u00e4nt\u00e4j\u00e4mestarin kirja","twitter_card":"summary_large_image","twitter_misc":{"Arvioitu lukuaika":"3 minuuttia"},"schema":{"@context":"https:\/\/schema.org","@graph":[{"@type":"WebPage","@id":"https:\/\/xn--kntjmestari-l8aacb.fi\/km\/etusivu\/luku-7-kannattavuus-ennen-kaikkea\/hintamielikuva\/","url":"https:\/\/xn--kntjmestari-l8aacb.fi\/km\/etusivu\/luku-7-kannattavuus-ennen-kaikkea\/hintamielikuva\/","name":"hintamielikuva - K\u00e4\u00e4nt\u00e4j\u00e4mestarin kirja","isPartOf":{"@id":"https:\/\/xn--kntjmestari-l8aacb.fi\/km\/#website"},"datePublished":"2021-12-22T12:41:28+00:00","breadcrumb":{"@id":"https:\/\/xn--kntjmestari-l8aacb.fi\/km\/etusivu\/luku-7-kannattavuus-ennen-kaikkea\/hintamielikuva\/#breadcrumb"},"inLanguage":"fi","potentialAction":[{"@type":"ReadAction","target":["https:\/\/xn--kntjmestari-l8aacb.fi\/km\/etusivu\/luku-7-kannattavuus-ennen-kaikkea\/hintamielikuva\/"]}]},{"@type":"BreadcrumbList","@id":"https:\/\/xn--kntjmestari-l8aacb.fi\/km\/etusivu\/luku-7-kannattavuus-ennen-kaikkea\/hintamielikuva\/#breadcrumb","itemListElement":[{"@type":"ListItem","position":1,"name":"Etusivu","item":"https:\/\/xn--kntjmestari-l8aacb.fi\/km\/"},{"@type":"ListItem","position":2,"name":"K\u00e4\u00e4nt\u00e4j\u00e4mestarin kirja","item":"https:\/\/xn--kntjmestari-l8aacb.fi\/km\/"},{"@type":"ListItem","position":3,"name":"Luku 7 &#8211; kannattavuus ennen kaikkea","item":"https:\/\/xn--kntjmestari-l8aacb.fi\/km\/etusivu\/luku-7-kannattavuus-ennen-kaikkea\/"},{"@type":"ListItem","position":4,"name":"hintamielikuva"}]},{"@type":"WebSite","@id":"https:\/\/xn--kntjmestari-l8aacb.fi\/km\/#website","url":"https:\/\/xn--kntjmestari-l8aacb.fi\/km\/","name":"K\u00e4\u00e4nt\u00e4j\u00e4mestarin kirja","description":"k\u00e4yt\u00e4nn\u00f6n opas aloitteleville k\u00e4\u00e4nt\u00e4jille ja tulkeille","publisher":{"@id":"https:\/\/xn--kntjmestari-l8aacb.fi\/km\/#organization"},"potentialAction":[{"@type":"SearchAction","target":{"@type":"EntryPoint","urlTemplate":"https:\/\/xn--kntjmestari-l8aacb.fi\/km\/?s={search_term_string}"},"query-input":{"@type":"PropertyValueSpecification","valueRequired":true,"valueName":"search_term_string"}}],"inLanguage":"fi"},{"@type":"Organization","@id":"https:\/\/xn--kntjmestari-l8aacb.fi\/km\/#organization","name":"K\u00e4\u00e4nt\u00e4j\u00e4mestarit","url":"https:\/\/xn--kntjmestari-l8aacb.fi\/km\/","logo":{"@type":"ImageObject","inLanguage":"fi","@id":"https:\/\/xn--kntjmestari-l8aacb.fi\/km\/#\/schema\/logo\/image\/","url":"https:\/\/xn--kntjmestari-l8aacb.fi\/km\/wp-content\/uploads\/2021\/12\/logo.jpg","contentUrl":"https:\/\/xn--kntjmestari-l8aacb.fi\/km\/wp-content\/uploads\/2021\/12\/logo.jpg","width":509,"height":530,"caption":"K\u00e4\u00e4nt\u00e4j\u00e4mestarit"},"image":{"@id":"https:\/\/xn--kntjmestari-l8aacb.fi\/km\/#\/schema\/logo\/image\/"}}]}},"_links":{"self":[{"href":"https:\/\/xn--kntjmestari-l8aacb.fi\/km\/wp-json\/wp\/v2\/pages\/224","targetHints":{"allow":["GET"]}}],"collection":[{"href":"https:\/\/xn--kntjmestari-l8aacb.fi\/km\/wp-json\/wp\/v2\/pages"}],"about":[{"href":"https:\/\/xn--kntjmestari-l8aacb.fi\/km\/wp-json\/wp\/v2\/types\/page"}],"author":[{"embeddable":true,"href":"https:\/\/xn--kntjmestari-l8aacb.fi\/km\/wp-json\/wp\/v2\/users\/2"}],"replies":[{"embeddable":true,"href":"https:\/\/xn--kntjmestari-l8aacb.fi\/km\/wp-json\/wp\/v2\/comments?post=224"}],"version-history":[{"count":2,"href":"https:\/\/xn--kntjmestari-l8aacb.fi\/km\/wp-json\/wp\/v2\/pages\/224\/revisions"}],"predecessor-version":[{"id":226,"href":"https:\/\/xn--kntjmestari-l8aacb.fi\/km\/wp-json\/wp\/v2\/pages\/224\/revisions\/226"}],"up":[{"embeddable":true,"href":"https:\/\/xn--kntjmestari-l8aacb.fi\/km\/wp-json\/wp\/v2\/pages\/215"}],"wp:attachment":[{"href":"https:\/\/xn--kntjmestari-l8aacb.fi\/km\/wp-json\/wp\/v2\/media?parent=224"}],"curies":[{"name":"wp","href":"https:\/\/api.w.org\/{rel}","templated":true}]}}