{"id":227,"date":"2021-12-22T12:42:52","date_gmt":"2021-12-22T12:42:52","guid":{"rendered":"https:\/\/xn--kntjmestari-l8aacb.fi\/km\/?page_id=227"},"modified":"2021-12-22T12:42:52","modified_gmt":"2021-12-22T12:42:52","slug":"ennakkomaksu","status":"publish","type":"page","link":"https:\/\/xn--kntjmestari-l8aacb.fi\/km\/etusivu\/luku-7-kannattavuus-ennen-kaikkea\/ennakkomaksu\/","title":{"rendered":"ennakkomaksu"},"content":{"rendered":"<p>[et_pb_section fb_built=&#8221;1&#8243; _builder_version=&#8221;3.22&#8243; global_colors_info=&#8221;{}&#8221; theme_builder_area=&#8221;post_content&#8221;][et_pb_row _builder_version=&#8221;4.14.2&#8243; _module_preset=&#8221;default&#8221; global_colors_info=&#8221;{}&#8221; theme_builder_area=&#8221;post_content&#8221;][et_pb_column type=&#8221;4_4&#8243; _builder_version=&#8221;4.14.2&#8243; _module_preset=&#8221;default&#8221; global_colors_info=&#8221;{}&#8221; theme_builder_area=&#8221;post_content&#8221;][et_pb_post_title meta=&#8221;off&#8221; featured_image=&#8221;off&#8221; _builder_version=&#8221;4.14.2&#8243; _module_preset=&#8221;default&#8221; global_colors_info=&#8221;{}&#8221; theme_builder_area=&#8221;post_content&#8221;][\/et_pb_post_title][\/et_pb_column][\/et_pb_row][et_pb_row column_structure=&#8221;1_2,1_2&#8243; _builder_version=&#8221;3.25&#8243; background_size=&#8221;initial&#8221; background_position=&#8221;top_left&#8221; background_repeat=&#8221;repeat&#8221; global_colors_info=&#8221;{}&#8221; theme_builder_area=&#8221;post_content&#8221; custom_padding=&#8221;27px|||||&#8221;][et_pb_column type=&#8221;1_2&#8243; _builder_version=&#8221;3.25&#8243; custom_padding=&#8221;|||&#8221; global_colors_info=&#8221;{}&#8221; custom_padding__hover=&#8221;|||&#8221; theme_builder_area=&#8221;post_content&#8221;][et_pb_text _builder_version=&#8221;4.14.2&#8243; background_size=&#8221;initial&#8221; background_position=&#8221;top_left&#8221; background_repeat=&#8221;repeat&#8221; custom_margin=&#8221;|-426px||||&#8221; custom_padding=&#8221;||0px|||&#8221; global_colors_info=&#8221;{}&#8221; theme_builder_area=&#8221;post_content&#8221;]<\/p>\n<div id=\"page-zones__main-widgets__content1\" data-name=\"content\" class=\"content widget js-widget\" data-uniqueid=\"OloHtMAomHwAijU\" data-parentuniqueid=\"69O0NdSLr5jBL3F\">\n<div class=\"bk-content-text js-text-content   wysihtml-editor-content\">\n<p>Joskus asiakkaan budjettikausi on p\u00e4\u00e4ttym\u00e4ss\u00e4, mutta teksti ei ole viel\u00e4 valmis k\u00e4\u00e4nnett\u00e4v\u00e4ksi. Esimerkiksi EU-projektin rahoituskausi tai tutkijan apurahakausi saattaa olla p\u00e4\u00e4ttym\u00e4ss\u00e4, mutta k\u00e4\u00e4nnett\u00e4v\u00e4 loppuraportti tai kirja ei ole viel\u00e4 valmis. Projektiraha t\u00e4ytyy kuitenkin olla k\u00e4ytettyn\u00e4 tiettyyn p\u00e4iv\u00e4m\u00e4\u00e4r\u00e4\u00e4n menness\u00e4.<o:p><\/o:p><\/p>\n<p><o:p>\u00a0<\/o:p><\/p>\n<p>T\u00e4llaisissa tapauksessa voidaan k\u00e4ytt\u00e4\u00e4 etupainotteista etupainotteista laskutusta. Lasku siis l\u00e4hetet\u00e4\u00e4n ennen kuin ty\u00f6t\u00e4 on v\u00e4ltt\u00e4m\u00e4tt\u00e4 edes aloitettu.<o:p><\/o:p><\/p>\n<p><o:p>\u00a0<\/o:p><\/p>\n<p>N\u00e4iss\u00e4 tapauksissa on hyvin t\u00e4rke\u00e4\u00e4 sopia, mihin menness\u00e4 k\u00e4\u00e4nnett\u00e4v\u00e4 aineisto on toimitettava ja mik\u00e4 k\u00e4\u00e4nn\u00f6ksen deadline on. Samaten on t\u00e4rke\u00e4\u00e4 sopia, mit\u00e4 tapahtuu, jos laskutettu summa ylittyy tai alittuu: kenelt\u00e4 laskutetaan mahdollinen ylimenev\u00e4 osa ja maksetaanko mahdollinen alij\u00e4\u00e4m\u00e4 takaisin vai j\u00e4\u00e4k\u00f6 se tilaajan vahingoksi (eli k\u00e4\u00e4nt\u00e4j\u00e4n tilille).<o:p><\/o:p><\/p>\n<p><o:p>\u00a0<\/o:p><\/p>\n<p>Kannattaa huomata, ett\u00e4 siin\u00e4 vaiheessa, kun etuk\u00e4teen tilattu k\u00e4\u00e4nn\u00f6s tulee teht\u00e4v\u00e4ksi, ty\u00f6n alla on todenn\u00e4k\u00f6isesti \u2013 ja toivottavasti \u2013 muutakin, vaikka maksu on saatu jo jonkin aikaa sitten. Asiakasta kannattaakin muistutella sovitusta toimitusp\u00e4iv\u00e4st\u00e4 hyviss\u00e4 ajoin ja varmistaa, ett\u00e4 ty\u00f6 tosiaan on tulossa sovittuna ajankohtana.<o:p><\/o:p><\/p>\n<p><o:p>\u00a0<\/o:p><\/p>\n<p>Etuk\u00e4teislaskuttaminen onnistuu parhaiten jo tuttujen asiakkaiden kanssa, koska toimintatavat ovat puolin ja toisin tuttuja. T\u00e4ysin uudelta asiakkaalta tulevaan kyselyyn kannattaa suhtautua asiallisesti, mutta terveell\u00e4 varovaisuudella \u2013 onko tarjolla oleva projekti todellinen ja vilpit\u00f6n yhteisty\u00f6tarjous vai liian hyv\u00e4\u00e4 ollakseen totta.<o:p><\/o:p><\/p>\n<p>&nbsp;<\/p>\n<p>Ennakkomaksua kannattaa soveltaa my\u00f6s hyvin suurissa projekteissa ja\/tai uusien ja ennest\u00e4\u00e4n tuntemattomien\u00a0asiakkaiden suhteen (my\u00f6s asiakkaiden\u00a0luottotiedot kannattaa aina tarkistaa). N\u00e4iss\u00e4 tapauksissa\u00a0my\u00f6s voi k\u00e4ytt\u00e4\u00e4 my\u00f6s osamaksua eli maksu aina projektin tietyn osan toimittamisen j\u00e4lkeen.<\/p>\n<\/div>\n<\/div>\n<p>[\/et_pb_text][\/et_pb_column][et_pb_column type=&#8221;1_2&#8243; _builder_version=&#8221;3.25&#8243; custom_padding=&#8221;|||&#8221; global_colors_info=&#8221;{}&#8221; custom_padding__hover=&#8221;|||&#8221; theme_builder_area=&#8221;post_content&#8221;][\/et_pb_column][\/et_pb_row][\/et_pb_section]<\/p>\n","protected":false},"excerpt":{"rendered":"<p>Joskus asiakkaan budjettikausi on p\u00e4\u00e4ttym\u00e4ss\u00e4, mutta teksti ei ole viel\u00e4 valmis k\u00e4\u00e4nnett\u00e4v\u00e4ksi. Esimerkiksi EU-projektin rahoituskausi tai tutkijan apurahakausi saattaa olla p\u00e4\u00e4ttym\u00e4ss\u00e4, mutta k\u00e4\u00e4nnett\u00e4v\u00e4 loppuraportti tai kirja ei ole viel\u00e4 valmis. Projektiraha t\u00e4ytyy kuitenkin olla k\u00e4ytettyn\u00e4 tiettyyn p\u00e4iv\u00e4m\u00e4\u00e4r\u00e4\u00e4n menness\u00e4. \u00a0 T\u00e4llaisissa tapauksessa voidaan k\u00e4ytt\u00e4\u00e4 etupainotteista etupainotteista laskutusta. Lasku siis l\u00e4hetet\u00e4\u00e4n ennen kuin ty\u00f6t\u00e4 on v\u00e4ltt\u00e4m\u00e4tt\u00e4 edes [&hellip;]<\/p>\n","protected":false},"author":2,"featured_media":0,"parent":215,"menu_order":0,"comment_status":"closed","ping_status":"closed","template":"","meta":{"_et_pb_use_builder":"on","_et_pb_old_content":"","_et_gb_content_width":"","footnotes":""},"class_list":["post-227","page","type-page","status-publish","hentry"],"yoast_head":"<!-- This site is optimized with the Yoast SEO plugin v27.4 - https:\/\/yoast.com\/product\/yoast-seo-wordpress\/ -->\n<title>ennakkomaksu - K\u00e4\u00e4nt\u00e4j\u00e4mestarin kirja<\/title>\n<meta name=\"robots\" content=\"index, follow, max-snippet:-1, max-image-preview:large, max-video-preview:-1\" \/>\n<link rel=\"canonical\" href=\"https:\/\/xn--kntjmestari-l8aacb.fi\/km\/etusivu\/luku-7-kannattavuus-ennen-kaikkea\/ennakkomaksu\/\" \/>\n<meta property=\"og:locale\" content=\"fi_FI\" \/>\n<meta property=\"og:type\" content=\"article\" \/>\n<meta property=\"og:title\" content=\"ennakkomaksu - K\u00e4\u00e4nt\u00e4j\u00e4mestarin kirja\" \/>\n<meta property=\"og:description\" content=\"Joskus asiakkaan budjettikausi on p\u00e4\u00e4ttym\u00e4ss\u00e4, mutta teksti ei ole viel\u00e4 valmis k\u00e4\u00e4nnett\u00e4v\u00e4ksi. Esimerkiksi EU-projektin rahoituskausi tai tutkijan apurahakausi saattaa olla p\u00e4\u00e4ttym\u00e4ss\u00e4, mutta k\u00e4\u00e4nnett\u00e4v\u00e4 loppuraportti tai kirja ei ole viel\u00e4 valmis. Projektiraha t\u00e4ytyy kuitenkin olla k\u00e4ytettyn\u00e4 tiettyyn p\u00e4iv\u00e4m\u00e4\u00e4r\u00e4\u00e4n menness\u00e4. \u00a0 T\u00e4llaisissa tapauksessa voidaan k\u00e4ytt\u00e4\u00e4 etupainotteista etupainotteista laskutusta. Lasku siis l\u00e4hetet\u00e4\u00e4n ennen kuin ty\u00f6t\u00e4 on v\u00e4ltt\u00e4m\u00e4tt\u00e4 edes [&hellip;]\" \/>\n<meta property=\"og:url\" content=\"https:\/\/xn--kntjmestari-l8aacb.fi\/km\/etusivu\/luku-7-kannattavuus-ennen-kaikkea\/ennakkomaksu\/\" \/>\n<meta property=\"og:site_name\" content=\"K\u00e4\u00e4nt\u00e4j\u00e4mestarin kirja\" \/>\n<meta name=\"twitter:card\" content=\"summary_large_image\" \/>\n<meta name=\"twitter:label1\" content=\"Arvioitu lukuaika\" \/>\n\t<meta name=\"twitter:data1\" content=\"2 minuuttia\" \/>\n<script type=\"application\/ld+json\" class=\"yoast-schema-graph\">{\"@context\":\"https:\\\/\\\/schema.org\",\"@graph\":[{\"@type\":\"WebPage\",\"@id\":\"https:\\\/\\\/xn--kntjmestari-l8aacb.fi\\\/km\\\/etusivu\\\/luku-7-kannattavuus-ennen-kaikkea\\\/ennakkomaksu\\\/\",\"url\":\"https:\\\/\\\/xn--kntjmestari-l8aacb.fi\\\/km\\\/etusivu\\\/luku-7-kannattavuus-ennen-kaikkea\\\/ennakkomaksu\\\/\",\"name\":\"ennakkomaksu - K\u00e4\u00e4nt\u00e4j\u00e4mestarin kirja\",\"isPartOf\":{\"@id\":\"https:\\\/\\\/xn--kntjmestari-l8aacb.fi\\\/km\\\/#website\"},\"datePublished\":\"2021-12-22T12:42:52+00:00\",\"breadcrumb\":{\"@id\":\"https:\\\/\\\/xn--kntjmestari-l8aacb.fi\\\/km\\\/etusivu\\\/luku-7-kannattavuus-ennen-kaikkea\\\/ennakkomaksu\\\/#breadcrumb\"},\"inLanguage\":\"fi\",\"potentialAction\":[{\"@type\":\"ReadAction\",\"target\":[\"https:\\\/\\\/xn--kntjmestari-l8aacb.fi\\\/km\\\/etusivu\\\/luku-7-kannattavuus-ennen-kaikkea\\\/ennakkomaksu\\\/\"]}]},{\"@type\":\"BreadcrumbList\",\"@id\":\"https:\\\/\\\/xn--kntjmestari-l8aacb.fi\\\/km\\\/etusivu\\\/luku-7-kannattavuus-ennen-kaikkea\\\/ennakkomaksu\\\/#breadcrumb\",\"itemListElement\":[{\"@type\":\"ListItem\",\"position\":1,\"name\":\"Etusivu\",\"item\":\"https:\\\/\\\/xn--kntjmestari-l8aacb.fi\\\/km\\\/\"},{\"@type\":\"ListItem\",\"position\":2,\"name\":\"K\u00e4\u00e4nt\u00e4j\u00e4mestarin kirja\",\"item\":\"https:\\\/\\\/xn--kntjmestari-l8aacb.fi\\\/km\\\/\"},{\"@type\":\"ListItem\",\"position\":3,\"name\":\"Luku 7 &#8211; kannattavuus ennen kaikkea\",\"item\":\"https:\\\/\\\/xn--kntjmestari-l8aacb.fi\\\/km\\\/etusivu\\\/luku-7-kannattavuus-ennen-kaikkea\\\/\"},{\"@type\":\"ListItem\",\"position\":4,\"name\":\"ennakkomaksu\"}]},{\"@type\":\"WebSite\",\"@id\":\"https:\\\/\\\/xn--kntjmestari-l8aacb.fi\\\/km\\\/#website\",\"url\":\"https:\\\/\\\/xn--kntjmestari-l8aacb.fi\\\/km\\\/\",\"name\":\"K\u00e4\u00e4nt\u00e4j\u00e4mestarin kirja\",\"description\":\"k\u00e4yt\u00e4nn\u00f6n opas aloitteleville k\u00e4\u00e4nt\u00e4jille ja tulkeille\",\"publisher\":{\"@id\":\"https:\\\/\\\/xn--kntjmestari-l8aacb.fi\\\/km\\\/#organization\"},\"potentialAction\":[{\"@type\":\"SearchAction\",\"target\":{\"@type\":\"EntryPoint\",\"urlTemplate\":\"https:\\\/\\\/xn--kntjmestari-l8aacb.fi\\\/km\\\/?s={search_term_string}\"},\"query-input\":{\"@type\":\"PropertyValueSpecification\",\"valueRequired\":true,\"valueName\":\"search_term_string\"}}],\"inLanguage\":\"fi\"},{\"@type\":\"Organization\",\"@id\":\"https:\\\/\\\/xn--kntjmestari-l8aacb.fi\\\/km\\\/#organization\",\"name\":\"K\u00e4\u00e4nt\u00e4j\u00e4mestarit\",\"url\":\"https:\\\/\\\/xn--kntjmestari-l8aacb.fi\\\/km\\\/\",\"logo\":{\"@type\":\"ImageObject\",\"inLanguage\":\"fi\",\"@id\":\"https:\\\/\\\/xn--kntjmestari-l8aacb.fi\\\/km\\\/#\\\/schema\\\/logo\\\/image\\\/\",\"url\":\"https:\\\/\\\/xn--kntjmestari-l8aacb.fi\\\/km\\\/wp-content\\\/uploads\\\/2021\\\/12\\\/logo.jpg\",\"contentUrl\":\"https:\\\/\\\/xn--kntjmestari-l8aacb.fi\\\/km\\\/wp-content\\\/uploads\\\/2021\\\/12\\\/logo.jpg\",\"width\":509,\"height\":530,\"caption\":\"K\u00e4\u00e4nt\u00e4j\u00e4mestarit\"},\"image\":{\"@id\":\"https:\\\/\\\/xn--kntjmestari-l8aacb.fi\\\/km\\\/#\\\/schema\\\/logo\\\/image\\\/\"}}]}<\/script>\n<!-- \/ Yoast SEO plugin. -->","yoast_head_json":{"title":"ennakkomaksu - K\u00e4\u00e4nt\u00e4j\u00e4mestarin kirja","robots":{"index":"index","follow":"follow","max-snippet":"max-snippet:-1","max-image-preview":"max-image-preview:large","max-video-preview":"max-video-preview:-1"},"canonical":"https:\/\/xn--kntjmestari-l8aacb.fi\/km\/etusivu\/luku-7-kannattavuus-ennen-kaikkea\/ennakkomaksu\/","og_locale":"fi_FI","og_type":"article","og_title":"ennakkomaksu - K\u00e4\u00e4nt\u00e4j\u00e4mestarin kirja","og_description":"Joskus asiakkaan budjettikausi on p\u00e4\u00e4ttym\u00e4ss\u00e4, mutta teksti ei ole viel\u00e4 valmis k\u00e4\u00e4nnett\u00e4v\u00e4ksi. Esimerkiksi EU-projektin rahoituskausi tai tutkijan apurahakausi saattaa olla p\u00e4\u00e4ttym\u00e4ss\u00e4, mutta k\u00e4\u00e4nnett\u00e4v\u00e4 loppuraportti tai kirja ei ole viel\u00e4 valmis. Projektiraha t\u00e4ytyy kuitenkin olla k\u00e4ytettyn\u00e4 tiettyyn p\u00e4iv\u00e4m\u00e4\u00e4r\u00e4\u00e4n menness\u00e4. \u00a0 T\u00e4llaisissa tapauksessa voidaan k\u00e4ytt\u00e4\u00e4 etupainotteista etupainotteista laskutusta. Lasku siis l\u00e4hetet\u00e4\u00e4n ennen kuin ty\u00f6t\u00e4 on v\u00e4ltt\u00e4m\u00e4tt\u00e4 edes [&hellip;]","og_url":"https:\/\/xn--kntjmestari-l8aacb.fi\/km\/etusivu\/luku-7-kannattavuus-ennen-kaikkea\/ennakkomaksu\/","og_site_name":"K\u00e4\u00e4nt\u00e4j\u00e4mestarin kirja","twitter_card":"summary_large_image","twitter_misc":{"Arvioitu lukuaika":"2 minuuttia"},"schema":{"@context":"https:\/\/schema.org","@graph":[{"@type":"WebPage","@id":"https:\/\/xn--kntjmestari-l8aacb.fi\/km\/etusivu\/luku-7-kannattavuus-ennen-kaikkea\/ennakkomaksu\/","url":"https:\/\/xn--kntjmestari-l8aacb.fi\/km\/etusivu\/luku-7-kannattavuus-ennen-kaikkea\/ennakkomaksu\/","name":"ennakkomaksu - K\u00e4\u00e4nt\u00e4j\u00e4mestarin kirja","isPartOf":{"@id":"https:\/\/xn--kntjmestari-l8aacb.fi\/km\/#website"},"datePublished":"2021-12-22T12:42:52+00:00","breadcrumb":{"@id":"https:\/\/xn--kntjmestari-l8aacb.fi\/km\/etusivu\/luku-7-kannattavuus-ennen-kaikkea\/ennakkomaksu\/#breadcrumb"},"inLanguage":"fi","potentialAction":[{"@type":"ReadAction","target":["https:\/\/xn--kntjmestari-l8aacb.fi\/km\/etusivu\/luku-7-kannattavuus-ennen-kaikkea\/ennakkomaksu\/"]}]},{"@type":"BreadcrumbList","@id":"https:\/\/xn--kntjmestari-l8aacb.fi\/km\/etusivu\/luku-7-kannattavuus-ennen-kaikkea\/ennakkomaksu\/#breadcrumb","itemListElement":[{"@type":"ListItem","position":1,"name":"Etusivu","item":"https:\/\/xn--kntjmestari-l8aacb.fi\/km\/"},{"@type":"ListItem","position":2,"name":"K\u00e4\u00e4nt\u00e4j\u00e4mestarin kirja","item":"https:\/\/xn--kntjmestari-l8aacb.fi\/km\/"},{"@type":"ListItem","position":3,"name":"Luku 7 &#8211; kannattavuus ennen kaikkea","item":"https:\/\/xn--kntjmestari-l8aacb.fi\/km\/etusivu\/luku-7-kannattavuus-ennen-kaikkea\/"},{"@type":"ListItem","position":4,"name":"ennakkomaksu"}]},{"@type":"WebSite","@id":"https:\/\/xn--kntjmestari-l8aacb.fi\/km\/#website","url":"https:\/\/xn--kntjmestari-l8aacb.fi\/km\/","name":"K\u00e4\u00e4nt\u00e4j\u00e4mestarin kirja","description":"k\u00e4yt\u00e4nn\u00f6n opas aloitteleville k\u00e4\u00e4nt\u00e4jille ja tulkeille","publisher":{"@id":"https:\/\/xn--kntjmestari-l8aacb.fi\/km\/#organization"},"potentialAction":[{"@type":"SearchAction","target":{"@type":"EntryPoint","urlTemplate":"https:\/\/xn--kntjmestari-l8aacb.fi\/km\/?s={search_term_string}"},"query-input":{"@type":"PropertyValueSpecification","valueRequired":true,"valueName":"search_term_string"}}],"inLanguage":"fi"},{"@type":"Organization","@id":"https:\/\/xn--kntjmestari-l8aacb.fi\/km\/#organization","name":"K\u00e4\u00e4nt\u00e4j\u00e4mestarit","url":"https:\/\/xn--kntjmestari-l8aacb.fi\/km\/","logo":{"@type":"ImageObject","inLanguage":"fi","@id":"https:\/\/xn--kntjmestari-l8aacb.fi\/km\/#\/schema\/logo\/image\/","url":"https:\/\/xn--kntjmestari-l8aacb.fi\/km\/wp-content\/uploads\/2021\/12\/logo.jpg","contentUrl":"https:\/\/xn--kntjmestari-l8aacb.fi\/km\/wp-content\/uploads\/2021\/12\/logo.jpg","width":509,"height":530,"caption":"K\u00e4\u00e4nt\u00e4j\u00e4mestarit"},"image":{"@id":"https:\/\/xn--kntjmestari-l8aacb.fi\/km\/#\/schema\/logo\/image\/"}}]}},"_links":{"self":[{"href":"https:\/\/xn--kntjmestari-l8aacb.fi\/km\/wp-json\/wp\/v2\/pages\/227","targetHints":{"allow":["GET"]}}],"collection":[{"href":"https:\/\/xn--kntjmestari-l8aacb.fi\/km\/wp-json\/wp\/v2\/pages"}],"about":[{"href":"https:\/\/xn--kntjmestari-l8aacb.fi\/km\/wp-json\/wp\/v2\/types\/page"}],"author":[{"embeddable":true,"href":"https:\/\/xn--kntjmestari-l8aacb.fi\/km\/wp-json\/wp\/v2\/users\/2"}],"replies":[{"embeddable":true,"href":"https:\/\/xn--kntjmestari-l8aacb.fi\/km\/wp-json\/wp\/v2\/comments?post=227"}],"version-history":[{"count":2,"href":"https:\/\/xn--kntjmestari-l8aacb.fi\/km\/wp-json\/wp\/v2\/pages\/227\/revisions"}],"predecessor-version":[{"id":229,"href":"https:\/\/xn--kntjmestari-l8aacb.fi\/km\/wp-json\/wp\/v2\/pages\/227\/revisions\/229"}],"up":[{"embeddable":true,"href":"https:\/\/xn--kntjmestari-l8aacb.fi\/km\/wp-json\/wp\/v2\/pages\/215"}],"wp:attachment":[{"href":"https:\/\/xn--kntjmestari-l8aacb.fi\/km\/wp-json\/wp\/v2\/media?parent=227"}],"curies":[{"name":"wp","href":"https:\/\/api.w.org\/{rel}","templated":true}]}}