{"id":230,"date":"2021-12-22T12:44:48","date_gmt":"2021-12-22T12:44:48","guid":{"rendered":"https:\/\/xn--kntjmestari-l8aacb.fi\/km\/?page_id=230"},"modified":"2021-12-22T12:44:48","modified_gmt":"2021-12-22T12:44:48","slug":"hyvantekevaisyys","status":"publish","type":"page","link":"https:\/\/xn--kntjmestari-l8aacb.fi\/km\/etusivu\/luku-7-kannattavuus-ennen-kaikkea\/hyvantekevaisyys\/","title":{"rendered":"hyv\u00e4ntekev\u00e4isyys"},"content":{"rendered":"<p>[et_pb_section fb_built=&#8221;1&#8243; _builder_version=&#8221;3.22&#8243; global_colors_info=&#8221;{}&#8221; theme_builder_area=&#8221;post_content&#8221;][et_pb_row _builder_version=&#8221;4.14.2&#8243; _module_preset=&#8221;default&#8221; global_colors_info=&#8221;{}&#8221; theme_builder_area=&#8221;post_content&#8221;][et_pb_column type=&#8221;4_4&#8243; _builder_version=&#8221;4.14.2&#8243; _module_preset=&#8221;default&#8221; global_colors_info=&#8221;{}&#8221; theme_builder_area=&#8221;post_content&#8221;][et_pb_post_title meta=&#8221;off&#8221; featured_image=&#8221;off&#8221; _builder_version=&#8221;4.14.2&#8243; _module_preset=&#8221;default&#8221; global_colors_info=&#8221;{}&#8221; theme_builder_area=&#8221;post_content&#8221;][\/et_pb_post_title][\/et_pb_column][\/et_pb_row][et_pb_row column_structure=&#8221;1_2,1_2&#8243; _builder_version=&#8221;3.25&#8243; background_size=&#8221;initial&#8221; background_position=&#8221;top_left&#8221; background_repeat=&#8221;repeat&#8221; global_colors_info=&#8221;{}&#8221; theme_builder_area=&#8221;post_content&#8221;][et_pb_column type=&#8221;1_2&#8243; _builder_version=&#8221;3.25&#8243; custom_padding=&#8221;|||&#8221; global_colors_info=&#8221;{}&#8221; custom_padding__hover=&#8221;|||&#8221; theme_builder_area=&#8221;post_content&#8221;][et_pb_text _builder_version=&#8221;4.14.2&#8243; background_size=&#8221;initial&#8221; background_position=&#8221;top_left&#8221; background_repeat=&#8221;repeat&#8221; custom_margin=&#8221;|-426px||||&#8221; custom_padding=&#8221;||0px|||&#8221; global_colors_info=&#8221;{}&#8221; theme_builder_area=&#8221;post_content&#8221;]<\/p>\n<div id=\"page-zones__main-widgets__content1\" data-name=\"content\" class=\"content widget js-widget\" data-uniqueid=\"OloHtMAomHwAijU\" data-parentuniqueid=\"69O0NdSLr5jBL3F\">\n<div class=\"bk-content-text js-text-content   wysihtml-editor-content\">\n<p>Silloin t\u00e4ll\u00f6in kysell\u00e4\u00e4n ilmaist\u00f6it\u00e4 hyv\u00e4ntekev\u00e4isyyden varjolla. V\u00e4lill\u00e4 my\u00f6s tutuilta ja sukulaisilta tulee pyynt\u00f6j\u00e4 tehd\u00e4 jotain (puoli-)ilmaiseksi. N\u00e4ist\u00e4 tapauksista ei tietenk\u00e4\u00e4n voi antaa mit\u00e4\u00e4n yleisp\u00e4tevi\u00e4 neuvoja saati s\u00e4\u00e4nt\u00f6j\u00e4, vaan jokainen tekee p\u00e4\u00e4t\u00f6ksens\u00e4 itse ja tapauskohtaisesti. T\u00e4ss\u00e4 on kuitenkin joitakin vinkkej\u00e4 tapauskohtaisten pohdintojen tueksi.<o:p><\/o:p><\/p>\n<p><o:p>\u00a0<\/o:p><\/p>\n<p>Jos kysyj\u00e4 esitt\u00e4\u00e4 halpaa hintaa tai per\u00e4ti ilmaisty\u00f6t\u00e4 siksi, ett\u00e4 on tuttava tai sukulainen, kannattaa mietti\u00e4 sit\u00e4, kauanko ty\u00f6h\u00f6n menee aikaa, teett\u00e4isik\u00f6 henkil\u00f6 sen joka tapauksessa, vaikka sitten jollakulla muulla, \u00a0ja miten vastaavaan pyynt\u00f6\u00f6n ehk\u00e4 suhtautuisi jonkin muun alan edustaja. Mit\u00e4 enemm\u00e4n aikaa teht\u00e4v\u00e4\u00e4n oletettavasti kuluu, sit\u00e4 vahvemmin kannattaa tietysti harkita kunnon palkkion pyyt\u00e4mist\u00e4. Jos ty\u00f6 on sellainen, joka on joka tapauksessa teetett\u00e4v\u00e4 jollakulla, ei sit\u00e4 kannata tehd\u00e4 ainakaan ihan ilmaiseksi. Jos ty\u00f6t\u00e4 ei ole pakko teett\u00e4\u00e4, mutta se j\u00e4\u00e4 tekem\u00e4tt\u00e4 kunnon palkkiota vastaan, sen tekemist\u00e4 voi harkita pient\u00e4kin korvausta vastaan. Pohdinnoissa voi olla avuksi, jos yritt\u00e4\u00e4 mietti\u00e4, kuinka paljon tuttu l\u00e4\u00e4k\u00e4ri olisi valmis hoitamaan sinua tai kuinka pitk\u00e4lle sukulaisasianajaja l\u00e4htisi ajamaan\u00a0juttuasi ihan ilmaiseksi tai pikkurahalla.<o:p><\/o:p><\/p>\n<p><o:p>\u00a0<\/o:p><\/p>\n<p>Monesti pyynt\u00f6j\u00e4 ilmaist\u00f6ist\u00e4 tulee my\u00f6s sill\u00e4 verukkeella, ett\u00e4 k\u00e4\u00e4nt\u00e4j\u00e4 tai tulkki saa niist\u00e4 itselleen kokemusta ja n\u00e4kyvyytt\u00e4. Jos kukaan muukaan ei saa hankkeesta rahaa eli kyse on hyv\u00e4ntekev\u00e4isyydest\u00e4, voit jatkaa lukemista seuraavasta kappaleesta. Jos kyse kuitenkin on hankkeesta, josta joku muu k\u00e4\u00e4rii itselleen voittoa, mieti miksi sin\u00e4 l\u00e4htisit siihen mukaan ilmaiseksi? Pelk\u00e4ll\u00e4 kokemuksella ja n\u00e4kyvyydell\u00e4 kun ei ruokaa\u00a0osteta.<o:p><\/o:p><\/p>\n<p><o:p>\u00a0<\/o:p><\/p>\n<p>Hyv\u00e4ntekev\u00e4isyyskohteet ovat jokaiselle omantunnonkysymyksi\u00e4. Hyv\u00e4 l\u00e4ht\u00f6kohta on mietti\u00e4, olisitko valmis antamaan kyseiselle kohteelle rahaa. Jos olisit, voit ehk\u00e4 joskus tehd\u00e4kin hyv\u00e4ntekev\u00e4isyytt\u00e4 lahjoittamalla rahan sijaan asiantuntijapalveluasi. Jos et olisi valmis antamaan kohteelle rahaa, miksi kokisit velvollisuudeksesi panostaa siihen rahanarvoista asiantuntijuuttasi ja aikaasikaan? \u00c4l\u00e4 anna muiden syyllist\u00e4\u00e4 itse\u00e4si, vaan tee itse p\u00e4\u00e4t\u00f6ksesi siit\u00e4, mit\u00e4 hyv\u00e4ntekev\u00e4isyyskohdetta haluat tukea.<o:p><\/o:p><\/p>\n<p><o:p>\u00a0<\/o:p><\/p>\n<p>Kaikkien n\u00e4iden kyselyjen kohdalla voi my\u00f6s mietti\u00e4 ja tilanteesta riippuen tarjota kysyj\u00e4lle mit\u00e4 tahansa n\u00e4ist\u00e4 vaihtoehdoista: t\u00e4ysin ilmaiseksi tekeminen, tekeminen nimellisell\u00e4 korvauksella, tekeminen kulut pois mutta ei voittoa -periaatteella (kannattaa muistaa, ett\u00e4 t\u00e4llaiseen ty\u00f6h\u00f6n k\u00e4ytetty aika on pois varsinaisten t\u00f6iden tekemisest\u00e4 eli sen voi laskea ansionmenetyksen\u00e4 ja siten kuluna) tai tekeminen periaatteessa normaalihinnalla, mutta tarjoamalla siit\u00e4 pienen k\u00e4denojennusalennuksen. P\u00e4\u00e4dyitp\u00e4 sitten mihin tahansa n\u00e4ist\u00e4 \u2013 tai tekem\u00e4\u00e4n normaalihinnalla, muista ehdottomasti perustella ratkaisusi pyyt\u00e4j\u00e4lle. Muuten vaarana on esimerkiksi se, ett\u00e4 asiakas luulee veloittamaasi pient\u00e4 summaa alan normaaliksi hintatasoksi ja se, ett\u00e4 asiakas ei ymm\u00e4rr\u00e4, kuinka merkitt\u00e4v\u00e4n hyv\u00e4ntekev\u00e4isyyspanoksen olet oikeasti antamassa ja alkaa tehd\u00e4 samanlaisia kyselyj\u00e4 yh\u00e4 uudestaan.<o:p><\/o:p><\/p>\n<p><o:p>\u00a0<\/o:p><\/p>\n<p>Kuten monessa muussa asiassa, t\u00e4ss\u00e4kin p\u00e4tee vanha viisaus: tee mit\u00e4 teet, kunhan tied\u00e4t itse, miksi teet niin. \u00c4l\u00e4 siis taivu mihin tahansa muiden painostuksesta tai velvollisuudentunnosta, vaan pohdi asiaa ja tee perusteltuja valintoja.<\/p>\n<\/div>\n<\/div>\n<p>[\/et_pb_text][\/et_pb_column][et_pb_column type=&#8221;1_2&#8243; _builder_version=&#8221;3.25&#8243; custom_padding=&#8221;|||&#8221; global_colors_info=&#8221;{}&#8221; custom_padding__hover=&#8221;|||&#8221; theme_builder_area=&#8221;post_content&#8221;][\/et_pb_column][\/et_pb_row][\/et_pb_section]<\/p>\n","protected":false},"excerpt":{"rendered":"<p>Silloin t\u00e4ll\u00f6in kysell\u00e4\u00e4n ilmaist\u00f6it\u00e4 hyv\u00e4ntekev\u00e4isyyden varjolla. V\u00e4lill\u00e4 my\u00f6s tutuilta ja sukulaisilta tulee pyynt\u00f6j\u00e4 tehd\u00e4 jotain (puoli-)ilmaiseksi. N\u00e4ist\u00e4 tapauksista ei tietenk\u00e4\u00e4n voi antaa mit\u00e4\u00e4n yleisp\u00e4tevi\u00e4 neuvoja saati s\u00e4\u00e4nt\u00f6j\u00e4, vaan jokainen tekee p\u00e4\u00e4t\u00f6ksens\u00e4 itse ja tapauskohtaisesti. T\u00e4ss\u00e4 on kuitenkin joitakin vinkkej\u00e4 tapauskohtaisten pohdintojen tueksi. \u00a0 Jos kysyj\u00e4 esitt\u00e4\u00e4 halpaa hintaa tai per\u00e4ti ilmaisty\u00f6t\u00e4 siksi, ett\u00e4 on tuttava [&hellip;]<\/p>\n","protected":false},"author":2,"featured_media":0,"parent":215,"menu_order":0,"comment_status":"closed","ping_status":"closed","template":"","meta":{"_et_pb_use_builder":"on","_et_pb_old_content":"","_et_gb_content_width":"","footnotes":""},"class_list":["post-230","page","type-page","status-publish","hentry"],"yoast_head":"<!-- This site is optimized with the Yoast SEO plugin v27.4 - https:\/\/yoast.com\/product\/yoast-seo-wordpress\/ -->\n<title>hyv\u00e4ntekev\u00e4isyys - K\u00e4\u00e4nt\u00e4j\u00e4mestarin kirja<\/title>\n<meta name=\"robots\" content=\"index, follow, max-snippet:-1, max-image-preview:large, max-video-preview:-1\" \/>\n<link rel=\"canonical\" href=\"https:\/\/xn--kntjmestari-l8aacb.fi\/km\/etusivu\/luku-7-kannattavuus-ennen-kaikkea\/hyvantekevaisyys\/\" \/>\n<meta property=\"og:locale\" content=\"fi_FI\" \/>\n<meta property=\"og:type\" content=\"article\" \/>\n<meta property=\"og:title\" content=\"hyv\u00e4ntekev\u00e4isyys - K\u00e4\u00e4nt\u00e4j\u00e4mestarin kirja\" \/>\n<meta property=\"og:description\" content=\"Silloin t\u00e4ll\u00f6in kysell\u00e4\u00e4n ilmaist\u00f6it\u00e4 hyv\u00e4ntekev\u00e4isyyden varjolla. V\u00e4lill\u00e4 my\u00f6s tutuilta ja sukulaisilta tulee pyynt\u00f6j\u00e4 tehd\u00e4 jotain (puoli-)ilmaiseksi. N\u00e4ist\u00e4 tapauksista ei tietenk\u00e4\u00e4n voi antaa mit\u00e4\u00e4n yleisp\u00e4tevi\u00e4 neuvoja saati s\u00e4\u00e4nt\u00f6j\u00e4, vaan jokainen tekee p\u00e4\u00e4t\u00f6ksens\u00e4 itse ja tapauskohtaisesti. T\u00e4ss\u00e4 on kuitenkin joitakin vinkkej\u00e4 tapauskohtaisten pohdintojen tueksi. \u00a0 Jos kysyj\u00e4 esitt\u00e4\u00e4 halpaa hintaa tai per\u00e4ti ilmaisty\u00f6t\u00e4 siksi, ett\u00e4 on tuttava [&hellip;]\" \/>\n<meta property=\"og:url\" content=\"https:\/\/xn--kntjmestari-l8aacb.fi\/km\/etusivu\/luku-7-kannattavuus-ennen-kaikkea\/hyvantekevaisyys\/\" \/>\n<meta property=\"og:site_name\" content=\"K\u00e4\u00e4nt\u00e4j\u00e4mestarin kirja\" \/>\n<meta name=\"twitter:card\" content=\"summary_large_image\" \/>\n<meta name=\"twitter:label1\" content=\"Arvioitu lukuaika\" \/>\n\t<meta name=\"twitter:data1\" content=\"3 minuuttia\" \/>\n<script type=\"application\/ld+json\" class=\"yoast-schema-graph\">{\"@context\":\"https:\\\/\\\/schema.org\",\"@graph\":[{\"@type\":\"WebPage\",\"@id\":\"https:\\\/\\\/xn--kntjmestari-l8aacb.fi\\\/km\\\/etusivu\\\/luku-7-kannattavuus-ennen-kaikkea\\\/hyvantekevaisyys\\\/\",\"url\":\"https:\\\/\\\/xn--kntjmestari-l8aacb.fi\\\/km\\\/etusivu\\\/luku-7-kannattavuus-ennen-kaikkea\\\/hyvantekevaisyys\\\/\",\"name\":\"hyv\u00e4ntekev\u00e4isyys - K\u00e4\u00e4nt\u00e4j\u00e4mestarin kirja\",\"isPartOf\":{\"@id\":\"https:\\\/\\\/xn--kntjmestari-l8aacb.fi\\\/km\\\/#website\"},\"datePublished\":\"2021-12-22T12:44:48+00:00\",\"breadcrumb\":{\"@id\":\"https:\\\/\\\/xn--kntjmestari-l8aacb.fi\\\/km\\\/etusivu\\\/luku-7-kannattavuus-ennen-kaikkea\\\/hyvantekevaisyys\\\/#breadcrumb\"},\"inLanguage\":\"fi\",\"potentialAction\":[{\"@type\":\"ReadAction\",\"target\":[\"https:\\\/\\\/xn--kntjmestari-l8aacb.fi\\\/km\\\/etusivu\\\/luku-7-kannattavuus-ennen-kaikkea\\\/hyvantekevaisyys\\\/\"]}]},{\"@type\":\"BreadcrumbList\",\"@id\":\"https:\\\/\\\/xn--kntjmestari-l8aacb.fi\\\/km\\\/etusivu\\\/luku-7-kannattavuus-ennen-kaikkea\\\/hyvantekevaisyys\\\/#breadcrumb\",\"itemListElement\":[{\"@type\":\"ListItem\",\"position\":1,\"name\":\"Etusivu\",\"item\":\"https:\\\/\\\/xn--kntjmestari-l8aacb.fi\\\/km\\\/\"},{\"@type\":\"ListItem\",\"position\":2,\"name\":\"K\u00e4\u00e4nt\u00e4j\u00e4mestarin kirja\",\"item\":\"https:\\\/\\\/xn--kntjmestari-l8aacb.fi\\\/km\\\/\"},{\"@type\":\"ListItem\",\"position\":3,\"name\":\"Luku 7 &#8211; kannattavuus ennen kaikkea\",\"item\":\"https:\\\/\\\/xn--kntjmestari-l8aacb.fi\\\/km\\\/etusivu\\\/luku-7-kannattavuus-ennen-kaikkea\\\/\"},{\"@type\":\"ListItem\",\"position\":4,\"name\":\"hyv\u00e4ntekev\u00e4isyys\"}]},{\"@type\":\"WebSite\",\"@id\":\"https:\\\/\\\/xn--kntjmestari-l8aacb.fi\\\/km\\\/#website\",\"url\":\"https:\\\/\\\/xn--kntjmestari-l8aacb.fi\\\/km\\\/\",\"name\":\"K\u00e4\u00e4nt\u00e4j\u00e4mestarin kirja\",\"description\":\"k\u00e4yt\u00e4nn\u00f6n opas aloitteleville k\u00e4\u00e4nt\u00e4jille ja tulkeille\",\"publisher\":{\"@id\":\"https:\\\/\\\/xn--kntjmestari-l8aacb.fi\\\/km\\\/#organization\"},\"potentialAction\":[{\"@type\":\"SearchAction\",\"target\":{\"@type\":\"EntryPoint\",\"urlTemplate\":\"https:\\\/\\\/xn--kntjmestari-l8aacb.fi\\\/km\\\/?s={search_term_string}\"},\"query-input\":{\"@type\":\"PropertyValueSpecification\",\"valueRequired\":true,\"valueName\":\"search_term_string\"}}],\"inLanguage\":\"fi\"},{\"@type\":\"Organization\",\"@id\":\"https:\\\/\\\/xn--kntjmestari-l8aacb.fi\\\/km\\\/#organization\",\"name\":\"K\u00e4\u00e4nt\u00e4j\u00e4mestarit\",\"url\":\"https:\\\/\\\/xn--kntjmestari-l8aacb.fi\\\/km\\\/\",\"logo\":{\"@type\":\"ImageObject\",\"inLanguage\":\"fi\",\"@id\":\"https:\\\/\\\/xn--kntjmestari-l8aacb.fi\\\/km\\\/#\\\/schema\\\/logo\\\/image\\\/\",\"url\":\"https:\\\/\\\/xn--kntjmestari-l8aacb.fi\\\/km\\\/wp-content\\\/uploads\\\/2021\\\/12\\\/logo.jpg\",\"contentUrl\":\"https:\\\/\\\/xn--kntjmestari-l8aacb.fi\\\/km\\\/wp-content\\\/uploads\\\/2021\\\/12\\\/logo.jpg\",\"width\":509,\"height\":530,\"caption\":\"K\u00e4\u00e4nt\u00e4j\u00e4mestarit\"},\"image\":{\"@id\":\"https:\\\/\\\/xn--kntjmestari-l8aacb.fi\\\/km\\\/#\\\/schema\\\/logo\\\/image\\\/\"}}]}<\/script>\n<!-- \/ Yoast SEO plugin. -->","yoast_head_json":{"title":"hyv\u00e4ntekev\u00e4isyys - K\u00e4\u00e4nt\u00e4j\u00e4mestarin kirja","robots":{"index":"index","follow":"follow","max-snippet":"max-snippet:-1","max-image-preview":"max-image-preview:large","max-video-preview":"max-video-preview:-1"},"canonical":"https:\/\/xn--kntjmestari-l8aacb.fi\/km\/etusivu\/luku-7-kannattavuus-ennen-kaikkea\/hyvantekevaisyys\/","og_locale":"fi_FI","og_type":"article","og_title":"hyv\u00e4ntekev\u00e4isyys - K\u00e4\u00e4nt\u00e4j\u00e4mestarin kirja","og_description":"Silloin t\u00e4ll\u00f6in kysell\u00e4\u00e4n ilmaist\u00f6it\u00e4 hyv\u00e4ntekev\u00e4isyyden varjolla. V\u00e4lill\u00e4 my\u00f6s tutuilta ja sukulaisilta tulee pyynt\u00f6j\u00e4 tehd\u00e4 jotain (puoli-)ilmaiseksi. N\u00e4ist\u00e4 tapauksista ei tietenk\u00e4\u00e4n voi antaa mit\u00e4\u00e4n yleisp\u00e4tevi\u00e4 neuvoja saati s\u00e4\u00e4nt\u00f6j\u00e4, vaan jokainen tekee p\u00e4\u00e4t\u00f6ksens\u00e4 itse ja tapauskohtaisesti. T\u00e4ss\u00e4 on kuitenkin joitakin vinkkej\u00e4 tapauskohtaisten pohdintojen tueksi. \u00a0 Jos kysyj\u00e4 esitt\u00e4\u00e4 halpaa hintaa tai per\u00e4ti ilmaisty\u00f6t\u00e4 siksi, ett\u00e4 on tuttava [&hellip;]","og_url":"https:\/\/xn--kntjmestari-l8aacb.fi\/km\/etusivu\/luku-7-kannattavuus-ennen-kaikkea\/hyvantekevaisyys\/","og_site_name":"K\u00e4\u00e4nt\u00e4j\u00e4mestarin kirja","twitter_card":"summary_large_image","twitter_misc":{"Arvioitu lukuaika":"3 minuuttia"},"schema":{"@context":"https:\/\/schema.org","@graph":[{"@type":"WebPage","@id":"https:\/\/xn--kntjmestari-l8aacb.fi\/km\/etusivu\/luku-7-kannattavuus-ennen-kaikkea\/hyvantekevaisyys\/","url":"https:\/\/xn--kntjmestari-l8aacb.fi\/km\/etusivu\/luku-7-kannattavuus-ennen-kaikkea\/hyvantekevaisyys\/","name":"hyv\u00e4ntekev\u00e4isyys - K\u00e4\u00e4nt\u00e4j\u00e4mestarin kirja","isPartOf":{"@id":"https:\/\/xn--kntjmestari-l8aacb.fi\/km\/#website"},"datePublished":"2021-12-22T12:44:48+00:00","breadcrumb":{"@id":"https:\/\/xn--kntjmestari-l8aacb.fi\/km\/etusivu\/luku-7-kannattavuus-ennen-kaikkea\/hyvantekevaisyys\/#breadcrumb"},"inLanguage":"fi","potentialAction":[{"@type":"ReadAction","target":["https:\/\/xn--kntjmestari-l8aacb.fi\/km\/etusivu\/luku-7-kannattavuus-ennen-kaikkea\/hyvantekevaisyys\/"]}]},{"@type":"BreadcrumbList","@id":"https:\/\/xn--kntjmestari-l8aacb.fi\/km\/etusivu\/luku-7-kannattavuus-ennen-kaikkea\/hyvantekevaisyys\/#breadcrumb","itemListElement":[{"@type":"ListItem","position":1,"name":"Etusivu","item":"https:\/\/xn--kntjmestari-l8aacb.fi\/km\/"},{"@type":"ListItem","position":2,"name":"K\u00e4\u00e4nt\u00e4j\u00e4mestarin kirja","item":"https:\/\/xn--kntjmestari-l8aacb.fi\/km\/"},{"@type":"ListItem","position":3,"name":"Luku 7 &#8211; kannattavuus ennen kaikkea","item":"https:\/\/xn--kntjmestari-l8aacb.fi\/km\/etusivu\/luku-7-kannattavuus-ennen-kaikkea\/"},{"@type":"ListItem","position":4,"name":"hyv\u00e4ntekev\u00e4isyys"}]},{"@type":"WebSite","@id":"https:\/\/xn--kntjmestari-l8aacb.fi\/km\/#website","url":"https:\/\/xn--kntjmestari-l8aacb.fi\/km\/","name":"K\u00e4\u00e4nt\u00e4j\u00e4mestarin kirja","description":"k\u00e4yt\u00e4nn\u00f6n opas aloitteleville k\u00e4\u00e4nt\u00e4jille ja tulkeille","publisher":{"@id":"https:\/\/xn--kntjmestari-l8aacb.fi\/km\/#organization"},"potentialAction":[{"@type":"SearchAction","target":{"@type":"EntryPoint","urlTemplate":"https:\/\/xn--kntjmestari-l8aacb.fi\/km\/?s={search_term_string}"},"query-input":{"@type":"PropertyValueSpecification","valueRequired":true,"valueName":"search_term_string"}}],"inLanguage":"fi"},{"@type":"Organization","@id":"https:\/\/xn--kntjmestari-l8aacb.fi\/km\/#organization","name":"K\u00e4\u00e4nt\u00e4j\u00e4mestarit","url":"https:\/\/xn--kntjmestari-l8aacb.fi\/km\/","logo":{"@type":"ImageObject","inLanguage":"fi","@id":"https:\/\/xn--kntjmestari-l8aacb.fi\/km\/#\/schema\/logo\/image\/","url":"https:\/\/xn--kntjmestari-l8aacb.fi\/km\/wp-content\/uploads\/2021\/12\/logo.jpg","contentUrl":"https:\/\/xn--kntjmestari-l8aacb.fi\/km\/wp-content\/uploads\/2021\/12\/logo.jpg","width":509,"height":530,"caption":"K\u00e4\u00e4nt\u00e4j\u00e4mestarit"},"image":{"@id":"https:\/\/xn--kntjmestari-l8aacb.fi\/km\/#\/schema\/logo\/image\/"}}]}},"_links":{"self":[{"href":"https:\/\/xn--kntjmestari-l8aacb.fi\/km\/wp-json\/wp\/v2\/pages\/230","targetHints":{"allow":["GET"]}}],"collection":[{"href":"https:\/\/xn--kntjmestari-l8aacb.fi\/km\/wp-json\/wp\/v2\/pages"}],"about":[{"href":"https:\/\/xn--kntjmestari-l8aacb.fi\/km\/wp-json\/wp\/v2\/types\/page"}],"author":[{"embeddable":true,"href":"https:\/\/xn--kntjmestari-l8aacb.fi\/km\/wp-json\/wp\/v2\/users\/2"}],"replies":[{"embeddable":true,"href":"https:\/\/xn--kntjmestari-l8aacb.fi\/km\/wp-json\/wp\/v2\/comments?post=230"}],"version-history":[{"count":2,"href":"https:\/\/xn--kntjmestari-l8aacb.fi\/km\/wp-json\/wp\/v2\/pages\/230\/revisions"}],"predecessor-version":[{"id":232,"href":"https:\/\/xn--kntjmestari-l8aacb.fi\/km\/wp-json\/wp\/v2\/pages\/230\/revisions\/232"}],"up":[{"embeddable":true,"href":"https:\/\/xn--kntjmestari-l8aacb.fi\/km\/wp-json\/wp\/v2\/pages\/215"}],"wp:attachment":[{"href":"https:\/\/xn--kntjmestari-l8aacb.fi\/km\/wp-json\/wp\/v2\/media?parent=230"}],"curies":[{"name":"wp","href":"https:\/\/api.w.org\/{rel}","templated":true}]}}