{"id":244,"date":"2021-12-22T13:05:38","date_gmt":"2021-12-22T13:05:38","guid":{"rendered":"https:\/\/xn--kntjmestari-l8aacb.fi\/km\/?page_id=244"},"modified":"2022-10-06T18:36:51","modified_gmt":"2022-10-06T18:36:51","slug":"toimeksiannosta-neuvotteleminen","status":"publish","type":"page","link":"https:\/\/xn--kntjmestari-l8aacb.fi\/km\/etusivu\/luku-8-ongelmatilanteiden-ehikaisy-ja-hallinta\/toimeksiannosta-neuvotteleminen\/","title":{"rendered":"toimeksiannosta neuvotteleminen"},"content":{"rendered":"<p>[et_pb_section fb_built=&#8221;1&#8243; _builder_version=&#8221;4.16&#8243; global_colors_info=&#8221;{}&#8221;][et_pb_row _builder_version=&#8221;4.16&#8243; _module_preset=&#8221;default&#8221; global_colors_info=&#8221;{}&#8221;][et_pb_column type=&#8221;4_4&#8243; _builder_version=&#8221;4.16&#8243; _module_preset=&#8221;default&#8221; global_colors_info=&#8221;{}&#8221;][et_pb_post_title meta=&#8221;off&#8221; featured_image=&#8221;off&#8221; _builder_version=&#8221;4.16&#8243; _module_preset=&#8221;default&#8221; global_colors_info=&#8221;{}&#8221;][\/et_pb_post_title][\/et_pb_column][\/et_pb_row][et_pb_row column_structure=&#8221;1_2,1_2&#8243; _builder_version=&#8221;4.16&#8243; background_size=&#8221;initial&#8221; background_position=&#8221;top_left&#8221; background_repeat=&#8221;repeat&#8221; hover_enabled=&#8221;0&#8243; global_colors_info=&#8221;{}&#8221; sticky_enabled=&#8221;0&#8243;][et_pb_column type=&#8221;1_2&#8243; _builder_version=&#8221;4.16&#8243; custom_padding=&#8221;|||&#8221; global_colors_info=&#8221;{}&#8221; custom_padding__hover=&#8221;|||&#8221;][et_pb_text _builder_version=&#8221;4.16&#8243; background_size=&#8221;initial&#8221; background_position=&#8221;top_left&#8221; background_repeat=&#8221;repeat&#8221; custom_margin=&#8221;|-426px||||&#8221; custom_padding=&#8221;||0px|||&#8221; global_colors_info=&#8221;{}&#8221;]<\/p>\n<div id=\"page-zones__main-widgets__content1\" data-name=\"content\" class=\"content widget js-widget\" data-uniqueid=\"OloHtMAomHwAijU\" data-parentuniqueid=\"69O0NdSLr5jBL3F\">\n<div class=\"bk-content-text js-text-content   wysihtml-editor-content\">\n<p><span style=\"font-weight: 400;\">Jokaiseen toimeksiantoon liittyy neuvottelua:\u00a0 Jos et ole sopinut asiakkaan kanssa kiinte\u00e4\u00e4 vakiohintaa, neuvottelet hinnasta. Aikataulusta on joka tapauksessa neuvoteltava joka kerta. <\/span><i><span style=\"font-weight: 400;\">Asiakas tarjoaa<\/span><\/i><span style=\"font-weight: 400;\"> sinulle ty\u00f6t\u00e4 tietyill\u00e4 ehdoilla, ja <\/span><i><span style=\"font-weight: 400;\">sin\u00e4 p\u00e4\u00e4t\u00e4t<\/span><\/i><span style=\"font-weight: 400;\">, mill\u00e4 ehdoilla olet valmis ty\u00f6n ottamaan <\/span><span style=\"font-weight: 400;\">ty\u00f6n <\/span><span style=\"font-weight: 400;\">vastaan. Jos asiakkaan tarjoama toimitusaika on liian tiukka tai ei muuten sovi aikatauluusi, kerro asiakkaalle, ett\u00e4 teet ty\u00f6n mielell\u00e4si, mutta toimitusaikasi voisi olla X. Jos toimeksiannolla on kiire, ja olet valmis tekem\u00e4\u00e4n sen normaalin ty\u00f6aikasi (virka-ajan) ulkopuolella, kerro asiakkaalle, ett\u00e4 laskutat kiirelis\u00e4\u00e4. Kiirelis\u00e4\u00e4n voi soveltaa esimerkiksi seuraavia portaita:<\/span><span style=\"font-weight: 400;\"><br \/><\/span><span style=\"font-weight: 400;\"><br \/><\/span><span style=\"font-weight: 400;\">Arkena klo 17\u201321 teht\u00e4v\u00e4 ty\u00f6 +50 %.<\/span><span style=\"font-weight: 400;\"><br \/><\/span><span style=\"font-weight: 400;\">N\u00e4iden aikojen ulkopuolella teht\u00e4v\u00e4 ty\u00f6 +100 %.<\/span><span style=\"font-weight: 400;\"><br \/><\/span><span style=\"font-weight: 400;\"><br \/><\/span><span style=\"font-weight: 400;\">Jos ty\u00f6st\u00e4 vain osa menee normaalin ty\u00f6ajan ulkopuolelle, kiirelis\u00e4 voi olla 25 % tai mit\u00e4 sitten katsotkin parhaaksi pyyt\u00e4\u00e4. Kannattaa tehd\u00e4 itselle valmiiksi vakioehdot, n\u00e4in s\u00e4\u00e4st\u00e4t aikaa ja p\u00e4\u00e4nvaivaa tarjousvaiheessa.<\/span><\/p>\n<p><span style=\"font-weight: 400;\">Neuvottele kohteliaasti mutta p\u00e4\u00e4tt\u00e4v\u00e4isesti. \u201dEn katso voivani hyv\u00e4ksy\u00e4 v\u00e4limiesoikeutta riidanratkaisupaikaksi, kuten t\u00e4ss\u00e4 sopimusmallissanne ehdotatte. T\u00e4h\u00e4n pit\u00e4\u00e4 mielest\u00e4ni merkit\u00e4 kotipaikkani tai teid\u00e4n kotipaikkanne k\u00e4r\u00e4j\u00e4oikeus\u201d.\u00a0 Asiallinen ja asiantunteva neuvottelija p\u00e4rj\u00e4\u00e4 paremmin kuin vihainen rakkikoira tai loukkaantunut m\u00e4k\u00e4tt\u00e4j\u00e4.\u00a0<\/span><\/p>\n<p><span style=\"font-weight: 400;\">Muista my\u00f6s, ett\u00e4 sopimusta ei tarvitse allekirjoittaa heti sit\u00e4 tarjottaessa. Aina voi neuvotella, ja mik\u00e4 t\u00e4rkeint\u00e4, aina voi kysy\u00e4 asiantuntijan neuvoa ennen allekirjoittamista. Sopimuspuolilla on t\u00e4h\u00e4n oikeus. On normaali k\u00e4yt\u00e4nt\u00f6 tehd\u00e4 <\/span><span style=\"font-weight: 400;\">sopimuksesta <\/span><span style=\"font-weight: 400;\">vastaehdotustarjous sopimuksesta, ts. kertoa mill\u00e4 ehdoin on valmis sopimukseen. Ks. alla.\u00a0<\/span><\/p>\n<p><span style=\"font-weight: 400;\">\u00c4l\u00e4 heti raivostu, jos toinen osapuoli ei tied\u00e4 alan periaatteita: sin\u00e4 olet asiantuntija, h\u00e4n ei v\u00e4ltt\u00e4m\u00e4tt\u00e4. Selit\u00e4 rauhallisesti, esittele referenssimateriaaleja (vaikkapa SKTL:n laatimia ohjeistuksia, mallisopimuksia jne.). Asiantuntemus palkitaan.<\/span><\/p>\n<\/div>\n<\/div>\n<p>[\/et_pb_text][\/et_pb_column][et_pb_column type=&#8221;1_2&#8243; _builder_version=&#8221;4.16&#8243; custom_padding=&#8221;|||&#8221; global_colors_info=&#8221;{}&#8221; custom_padding__hover=&#8221;|||&#8221;][\/et_pb_column][\/et_pb_row][\/et_pb_section]<\/p>\n","protected":false},"excerpt":{"rendered":"<p>Jokaiseen toimeksiantoon liittyy neuvottelua:\u00a0 Jos et ole sopinut asiakkaan kanssa kiinte\u00e4\u00e4 vakiohintaa, neuvottelet hinnasta. Aikataulusta on joka tapauksessa neuvoteltava joka kerta. Asiakas tarjoaa sinulle ty\u00f6t\u00e4 tietyill\u00e4 ehdoilla, ja sin\u00e4 p\u00e4\u00e4t\u00e4t, mill\u00e4 ehdoilla olet valmis ty\u00f6n ottamaan ty\u00f6n vastaan. Jos asiakkaan tarjoama toimitusaika on liian tiukka tai ei muuten sovi aikatauluusi, kerro asiakkaalle, ett\u00e4 teet ty\u00f6n [&hellip;]<\/p>\n","protected":false},"author":2,"featured_media":0,"parent":239,"menu_order":0,"comment_status":"closed","ping_status":"closed","template":"","meta":{"_et_pb_use_builder":"on","_et_pb_old_content":"","_et_gb_content_width":"","footnotes":""},"class_list":["post-244","page","type-page","status-publish","hentry"],"yoast_head":"<!-- This site is optimized with the Yoast SEO plugin v27.4 - https:\/\/yoast.com\/product\/yoast-seo-wordpress\/ -->\n<title>toimeksiannosta neuvotteleminen - K\u00e4\u00e4nt\u00e4j\u00e4mestarin kirja<\/title>\n<meta name=\"robots\" content=\"index, follow, max-snippet:-1, max-image-preview:large, max-video-preview:-1\" \/>\n<link rel=\"canonical\" href=\"https:\/\/xn--kntjmestari-l8aacb.fi\/km\/etusivu\/luku-8-ongelmatilanteiden-ehikaisy-ja-hallinta\/toimeksiannosta-neuvotteleminen\/\" \/>\n<meta property=\"og:locale\" content=\"fi_FI\" \/>\n<meta property=\"og:type\" content=\"article\" \/>\n<meta property=\"og:title\" content=\"toimeksiannosta neuvotteleminen - K\u00e4\u00e4nt\u00e4j\u00e4mestarin kirja\" \/>\n<meta property=\"og:description\" content=\"Jokaiseen toimeksiantoon liittyy neuvottelua:\u00a0 Jos et ole sopinut asiakkaan kanssa kiinte\u00e4\u00e4 vakiohintaa, neuvottelet hinnasta. Aikataulusta on joka tapauksessa neuvoteltava joka kerta. Asiakas tarjoaa sinulle ty\u00f6t\u00e4 tietyill\u00e4 ehdoilla, ja sin\u00e4 p\u00e4\u00e4t\u00e4t, mill\u00e4 ehdoilla olet valmis ty\u00f6n ottamaan ty\u00f6n vastaan. Jos asiakkaan tarjoama toimitusaika on liian tiukka tai ei muuten sovi aikatauluusi, kerro asiakkaalle, ett\u00e4 teet ty\u00f6n [&hellip;]\" \/>\n<meta property=\"og:url\" content=\"https:\/\/xn--kntjmestari-l8aacb.fi\/km\/etusivu\/luku-8-ongelmatilanteiden-ehikaisy-ja-hallinta\/toimeksiannosta-neuvotteleminen\/\" \/>\n<meta property=\"og:site_name\" content=\"K\u00e4\u00e4nt\u00e4j\u00e4mestarin kirja\" \/>\n<meta property=\"article:modified_time\" content=\"2022-10-06T18:36:51+00:00\" \/>\n<meta name=\"twitter:card\" content=\"summary_large_image\" \/>\n<meta name=\"twitter:label1\" content=\"Arvioitu lukuaika\" \/>\n\t<meta name=\"twitter:data1\" content=\"2 minuuttia\" \/>\n<script type=\"application\/ld+json\" class=\"yoast-schema-graph\">{\"@context\":\"https:\\\/\\\/schema.org\",\"@graph\":[{\"@type\":\"WebPage\",\"@id\":\"https:\\\/\\\/xn--kntjmestari-l8aacb.fi\\\/km\\\/etusivu\\\/luku-8-ongelmatilanteiden-ehikaisy-ja-hallinta\\\/toimeksiannosta-neuvotteleminen\\\/\",\"url\":\"https:\\\/\\\/xn--kntjmestari-l8aacb.fi\\\/km\\\/etusivu\\\/luku-8-ongelmatilanteiden-ehikaisy-ja-hallinta\\\/toimeksiannosta-neuvotteleminen\\\/\",\"name\":\"toimeksiannosta neuvotteleminen - K\u00e4\u00e4nt\u00e4j\u00e4mestarin kirja\",\"isPartOf\":{\"@id\":\"https:\\\/\\\/xn--kntjmestari-l8aacb.fi\\\/km\\\/#website\"},\"datePublished\":\"2021-12-22T13:05:38+00:00\",\"dateModified\":\"2022-10-06T18:36:51+00:00\",\"breadcrumb\":{\"@id\":\"https:\\\/\\\/xn--kntjmestari-l8aacb.fi\\\/km\\\/etusivu\\\/luku-8-ongelmatilanteiden-ehikaisy-ja-hallinta\\\/toimeksiannosta-neuvotteleminen\\\/#breadcrumb\"},\"inLanguage\":\"fi\",\"potentialAction\":[{\"@type\":\"ReadAction\",\"target\":[\"https:\\\/\\\/xn--kntjmestari-l8aacb.fi\\\/km\\\/etusivu\\\/luku-8-ongelmatilanteiden-ehikaisy-ja-hallinta\\\/toimeksiannosta-neuvotteleminen\\\/\"]}]},{\"@type\":\"BreadcrumbList\",\"@id\":\"https:\\\/\\\/xn--kntjmestari-l8aacb.fi\\\/km\\\/etusivu\\\/luku-8-ongelmatilanteiden-ehikaisy-ja-hallinta\\\/toimeksiannosta-neuvotteleminen\\\/#breadcrumb\",\"itemListElement\":[{\"@type\":\"ListItem\",\"position\":1,\"name\":\"Etusivu\",\"item\":\"https:\\\/\\\/xn--kntjmestari-l8aacb.fi\\\/km\\\/\"},{\"@type\":\"ListItem\",\"position\":2,\"name\":\"K\u00e4\u00e4nt\u00e4j\u00e4mestarin kirja\",\"item\":\"https:\\\/\\\/xn--kntjmestari-l8aacb.fi\\\/km\\\/\"},{\"@type\":\"ListItem\",\"position\":3,\"name\":\"Luku 8 &#8211; ongelmatilanteiden ehk\u00e4isy ja hallinta\",\"item\":\"https:\\\/\\\/xn--kntjmestari-l8aacb.fi\\\/km\\\/etusivu\\\/luku-8-ongelmatilanteiden-ehikaisy-ja-hallinta\\\/\"},{\"@type\":\"ListItem\",\"position\":4,\"name\":\"toimeksiannosta neuvotteleminen\"}]},{\"@type\":\"WebSite\",\"@id\":\"https:\\\/\\\/xn--kntjmestari-l8aacb.fi\\\/km\\\/#website\",\"url\":\"https:\\\/\\\/xn--kntjmestari-l8aacb.fi\\\/km\\\/\",\"name\":\"K\u00e4\u00e4nt\u00e4j\u00e4mestarin kirja\",\"description\":\"k\u00e4yt\u00e4nn\u00f6n opas aloitteleville k\u00e4\u00e4nt\u00e4jille ja tulkeille\",\"publisher\":{\"@id\":\"https:\\\/\\\/xn--kntjmestari-l8aacb.fi\\\/km\\\/#organization\"},\"potentialAction\":[{\"@type\":\"SearchAction\",\"target\":{\"@type\":\"EntryPoint\",\"urlTemplate\":\"https:\\\/\\\/xn--kntjmestari-l8aacb.fi\\\/km\\\/?s={search_term_string}\"},\"query-input\":{\"@type\":\"PropertyValueSpecification\",\"valueRequired\":true,\"valueName\":\"search_term_string\"}}],\"inLanguage\":\"fi\"},{\"@type\":\"Organization\",\"@id\":\"https:\\\/\\\/xn--kntjmestari-l8aacb.fi\\\/km\\\/#organization\",\"name\":\"K\u00e4\u00e4nt\u00e4j\u00e4mestarit\",\"url\":\"https:\\\/\\\/xn--kntjmestari-l8aacb.fi\\\/km\\\/\",\"logo\":{\"@type\":\"ImageObject\",\"inLanguage\":\"fi\",\"@id\":\"https:\\\/\\\/xn--kntjmestari-l8aacb.fi\\\/km\\\/#\\\/schema\\\/logo\\\/image\\\/\",\"url\":\"https:\\\/\\\/xn--kntjmestari-l8aacb.fi\\\/km\\\/wp-content\\\/uploads\\\/2021\\\/12\\\/logo.jpg\",\"contentUrl\":\"https:\\\/\\\/xn--kntjmestari-l8aacb.fi\\\/km\\\/wp-content\\\/uploads\\\/2021\\\/12\\\/logo.jpg\",\"width\":509,\"height\":530,\"caption\":\"K\u00e4\u00e4nt\u00e4j\u00e4mestarit\"},\"image\":{\"@id\":\"https:\\\/\\\/xn--kntjmestari-l8aacb.fi\\\/km\\\/#\\\/schema\\\/logo\\\/image\\\/\"}}]}<\/script>\n<!-- \/ Yoast SEO plugin. -->","yoast_head_json":{"title":"toimeksiannosta neuvotteleminen - K\u00e4\u00e4nt\u00e4j\u00e4mestarin kirja","robots":{"index":"index","follow":"follow","max-snippet":"max-snippet:-1","max-image-preview":"max-image-preview:large","max-video-preview":"max-video-preview:-1"},"canonical":"https:\/\/xn--kntjmestari-l8aacb.fi\/km\/etusivu\/luku-8-ongelmatilanteiden-ehikaisy-ja-hallinta\/toimeksiannosta-neuvotteleminen\/","og_locale":"fi_FI","og_type":"article","og_title":"toimeksiannosta neuvotteleminen - K\u00e4\u00e4nt\u00e4j\u00e4mestarin kirja","og_description":"Jokaiseen toimeksiantoon liittyy neuvottelua:\u00a0 Jos et ole sopinut asiakkaan kanssa kiinte\u00e4\u00e4 vakiohintaa, neuvottelet hinnasta. Aikataulusta on joka tapauksessa neuvoteltava joka kerta. Asiakas tarjoaa sinulle ty\u00f6t\u00e4 tietyill\u00e4 ehdoilla, ja sin\u00e4 p\u00e4\u00e4t\u00e4t, mill\u00e4 ehdoilla olet valmis ty\u00f6n ottamaan ty\u00f6n vastaan. Jos asiakkaan tarjoama toimitusaika on liian tiukka tai ei muuten sovi aikatauluusi, kerro asiakkaalle, ett\u00e4 teet ty\u00f6n [&hellip;]","og_url":"https:\/\/xn--kntjmestari-l8aacb.fi\/km\/etusivu\/luku-8-ongelmatilanteiden-ehikaisy-ja-hallinta\/toimeksiannosta-neuvotteleminen\/","og_site_name":"K\u00e4\u00e4nt\u00e4j\u00e4mestarin kirja","article_modified_time":"2022-10-06T18:36:51+00:00","twitter_card":"summary_large_image","twitter_misc":{"Arvioitu lukuaika":"2 minuuttia"},"schema":{"@context":"https:\/\/schema.org","@graph":[{"@type":"WebPage","@id":"https:\/\/xn--kntjmestari-l8aacb.fi\/km\/etusivu\/luku-8-ongelmatilanteiden-ehikaisy-ja-hallinta\/toimeksiannosta-neuvotteleminen\/","url":"https:\/\/xn--kntjmestari-l8aacb.fi\/km\/etusivu\/luku-8-ongelmatilanteiden-ehikaisy-ja-hallinta\/toimeksiannosta-neuvotteleminen\/","name":"toimeksiannosta neuvotteleminen - K\u00e4\u00e4nt\u00e4j\u00e4mestarin kirja","isPartOf":{"@id":"https:\/\/xn--kntjmestari-l8aacb.fi\/km\/#website"},"datePublished":"2021-12-22T13:05:38+00:00","dateModified":"2022-10-06T18:36:51+00:00","breadcrumb":{"@id":"https:\/\/xn--kntjmestari-l8aacb.fi\/km\/etusivu\/luku-8-ongelmatilanteiden-ehikaisy-ja-hallinta\/toimeksiannosta-neuvotteleminen\/#breadcrumb"},"inLanguage":"fi","potentialAction":[{"@type":"ReadAction","target":["https:\/\/xn--kntjmestari-l8aacb.fi\/km\/etusivu\/luku-8-ongelmatilanteiden-ehikaisy-ja-hallinta\/toimeksiannosta-neuvotteleminen\/"]}]},{"@type":"BreadcrumbList","@id":"https:\/\/xn--kntjmestari-l8aacb.fi\/km\/etusivu\/luku-8-ongelmatilanteiden-ehikaisy-ja-hallinta\/toimeksiannosta-neuvotteleminen\/#breadcrumb","itemListElement":[{"@type":"ListItem","position":1,"name":"Etusivu","item":"https:\/\/xn--kntjmestari-l8aacb.fi\/km\/"},{"@type":"ListItem","position":2,"name":"K\u00e4\u00e4nt\u00e4j\u00e4mestarin kirja","item":"https:\/\/xn--kntjmestari-l8aacb.fi\/km\/"},{"@type":"ListItem","position":3,"name":"Luku 8 &#8211; ongelmatilanteiden ehk\u00e4isy ja hallinta","item":"https:\/\/xn--kntjmestari-l8aacb.fi\/km\/etusivu\/luku-8-ongelmatilanteiden-ehikaisy-ja-hallinta\/"},{"@type":"ListItem","position":4,"name":"toimeksiannosta neuvotteleminen"}]},{"@type":"WebSite","@id":"https:\/\/xn--kntjmestari-l8aacb.fi\/km\/#website","url":"https:\/\/xn--kntjmestari-l8aacb.fi\/km\/","name":"K\u00e4\u00e4nt\u00e4j\u00e4mestarin kirja","description":"k\u00e4yt\u00e4nn\u00f6n opas aloitteleville k\u00e4\u00e4nt\u00e4jille ja tulkeille","publisher":{"@id":"https:\/\/xn--kntjmestari-l8aacb.fi\/km\/#organization"},"potentialAction":[{"@type":"SearchAction","target":{"@type":"EntryPoint","urlTemplate":"https:\/\/xn--kntjmestari-l8aacb.fi\/km\/?s={search_term_string}"},"query-input":{"@type":"PropertyValueSpecification","valueRequired":true,"valueName":"search_term_string"}}],"inLanguage":"fi"},{"@type":"Organization","@id":"https:\/\/xn--kntjmestari-l8aacb.fi\/km\/#organization","name":"K\u00e4\u00e4nt\u00e4j\u00e4mestarit","url":"https:\/\/xn--kntjmestari-l8aacb.fi\/km\/","logo":{"@type":"ImageObject","inLanguage":"fi","@id":"https:\/\/xn--kntjmestari-l8aacb.fi\/km\/#\/schema\/logo\/image\/","url":"https:\/\/xn--kntjmestari-l8aacb.fi\/km\/wp-content\/uploads\/2021\/12\/logo.jpg","contentUrl":"https:\/\/xn--kntjmestari-l8aacb.fi\/km\/wp-content\/uploads\/2021\/12\/logo.jpg","width":509,"height":530,"caption":"K\u00e4\u00e4nt\u00e4j\u00e4mestarit"},"image":{"@id":"https:\/\/xn--kntjmestari-l8aacb.fi\/km\/#\/schema\/logo\/image\/"}}]}},"_links":{"self":[{"href":"https:\/\/xn--kntjmestari-l8aacb.fi\/km\/wp-json\/wp\/v2\/pages\/244","targetHints":{"allow":["GET"]}}],"collection":[{"href":"https:\/\/xn--kntjmestari-l8aacb.fi\/km\/wp-json\/wp\/v2\/pages"}],"about":[{"href":"https:\/\/xn--kntjmestari-l8aacb.fi\/km\/wp-json\/wp\/v2\/types\/page"}],"author":[{"embeddable":true,"href":"https:\/\/xn--kntjmestari-l8aacb.fi\/km\/wp-json\/wp\/v2\/users\/2"}],"replies":[{"embeddable":true,"href":"https:\/\/xn--kntjmestari-l8aacb.fi\/km\/wp-json\/wp\/v2\/comments?post=244"}],"version-history":[{"count":7,"href":"https:\/\/xn--kntjmestari-l8aacb.fi\/km\/wp-json\/wp\/v2\/pages\/244\/revisions"}],"predecessor-version":[{"id":985,"href":"https:\/\/xn--kntjmestari-l8aacb.fi\/km\/wp-json\/wp\/v2\/pages\/244\/revisions\/985"}],"up":[{"embeddable":true,"href":"https:\/\/xn--kntjmestari-l8aacb.fi\/km\/wp-json\/wp\/v2\/pages\/239"}],"wp:attachment":[{"href":"https:\/\/xn--kntjmestari-l8aacb.fi\/km\/wp-json\/wp\/v2\/media?parent=244"}],"curies":[{"name":"wp","href":"https:\/\/api.w.org\/{rel}","templated":true}]}}