{"id":248,"date":"2021-12-22T13:08:14","date_gmt":"2021-12-22T13:08:14","guid":{"rendered":"https:\/\/xn--kntjmestari-l8aacb.fi\/km\/?page_id=248"},"modified":"2021-12-22T13:12:43","modified_gmt":"2021-12-22T13:12:43","slug":"tarjous-ja-vastatarjous","status":"publish","type":"page","link":"https:\/\/xn--kntjmestari-l8aacb.fi\/km\/etusivu\/luku-8-ongelmatilanteiden-ehikaisy-ja-hallinta\/tarjous-ja-vastatarjous\/","title":{"rendered":"TARJOUS JA VASTATARJOUS"},"content":{"rendered":"<p>[et_pb_section fb_built=&#8221;1&#8243; _builder_version=&#8221;3.22&#8243; global_colors_info=&#8221;{}&#8221; theme_builder_area=&#8221;post_content&#8221;][et_pb_row _builder_version=&#8221;4.14.2&#8243; _module_preset=&#8221;default&#8221; global_colors_info=&#8221;{}&#8221; theme_builder_area=&#8221;post_content&#8221;][et_pb_column type=&#8221;4_4&#8243; _builder_version=&#8221;4.14.2&#8243; _module_preset=&#8221;default&#8221; global_colors_info=&#8221;{}&#8221; theme_builder_area=&#8221;post_content&#8221;][et_pb_post_title meta=&#8221;off&#8221; featured_image=&#8221;off&#8221; _builder_version=&#8221;4.14.2&#8243; _module_preset=&#8221;default&#8221; global_colors_info=&#8221;{}&#8221; theme_builder_area=&#8221;post_content&#8221;][\/et_pb_post_title][\/et_pb_column][\/et_pb_row][et_pb_row column_structure=&#8221;1_2,1_2&#8243; _builder_version=&#8221;4.14.2&#8243; background_size=&#8221;initial&#8221; background_position=&#8221;top_left&#8221; background_repeat=&#8221;repeat&#8221; hover_enabled=&#8221;0&#8243; global_colors_info=&#8221;{}&#8221; theme_builder_area=&#8221;post_content&#8221; sticky_enabled=&#8221;0&#8243;][et_pb_column type=&#8221;1_2&#8243; _builder_version=&#8221;3.25&#8243; custom_padding=&#8221;|||&#8221; global_colors_info=&#8221;{}&#8221; custom_padding__hover=&#8221;|||&#8221; theme_builder_area=&#8221;post_content&#8221;][et_pb_text _builder_version=&#8221;4.14.2&#8243; background_size=&#8221;initial&#8221; background_position=&#8221;top_left&#8221; background_repeat=&#8221;repeat&#8221; custom_margin=&#8221;|-426px||||&#8221; custom_padding=&#8221;||0px|||&#8221; global_colors_info=&#8221;{}&#8221; theme_builder_area=&#8221;post_content&#8221;]<\/p>\n<div id=\"page-zones__main-widgets__content1\" data-name=\"content\" class=\"content widget js-widget\" data-uniqueid=\"OloHtMAomHwAijU\" data-parentuniqueid=\"69O0NdSLr5jBL3F\">\n<div class=\"bk-content-text js-text-content   wysihtml-editor-content\">\n<p><span style=\"font-weight: 400;\">Tarjouksen tulee sis\u00e4lt\u00e4\u00e4 ainakin seuraavat asiat: tarkka kuvaus tarjottavan palvelun sis\u00e4ll\u00f6st\u00e4, hinta (arvonlis\u00e4vero eriteltyn\u00e4), toimitusaika, miten kauan tarjous on voimassa ja mitk\u00e4 ovat maksuehdot. Palvelun kuvauksesta on hyv\u00e4 tulla ilmi, mik\u00e4 ty\u00f6 on kyseess\u00e4 (k\u00e4\u00e4nn\u00f6s\/oikoluku\/tulkkaus jne.), mik\u00e4 on kielipari, miss\u00e4 muodossa ty\u00f6 toimitetaan, sis\u00e4ltyyk\u00f6 hintaan lis\u00e4palveluja, kuten oikoluku, termity\u00f6, layoutin tarkistus tms. Tarvittaessa tarjoukseen voi liitt\u00e4\u00e4 yleiset sopimusehdot (esim. SKTL:n K\u00e4\u00e4nn\u00f6st\u00f6iden yleiset sopimusehdot). On t\u00e4rke\u00e4\u00e4 kirjoittaa auki normaalitkin k\u00e4yt\u00e4nn\u00f6t, esimerkiksi ett\u00e4 t\u00e4m\u00e4 toimitusaika on voimassa, jos hyv\u00e4ksytte tarjouksen tiettyyn p\u00e4iv\u00e4\u00e4n menness\u00e4 tai ett\u00e4 tarjous sis\u00e4lt\u00e4\u00e4 yhden maksuttoman kommentointikierroksen. My\u00f6s k\u00e4\u00e4nnett\u00e4v\u00e4n materiaalin my\u00f6h\u00e4stymisen seuraukset on hyv\u00e4 m\u00e4\u00e4ritt\u00e4\u00e4 heti tarjouksessa. Jos asiakas ei toimita sinulle materiaaleja ajoissa, sinulle aiheutuu tyhj\u00e4k\u00e4ynti\u00e4, joka asiakkaan on korvattava.<\/span><\/p>\n<p>&nbsp;<\/p>\n<p><span style=\"font-weight: 400;\">\u00a0Lue aina kilpailutuksissa tarjouspyynt\u00f6 huolellisesti l\u00e4pi ja varmista, ett\u00e4 vastaat kaikkiin sen mainitsemiin kohtiin. Vaikka tarjouksesi olisi muuten kuinka hyv\u00e4, niin jos se ei ole tarjouspyynn\u00f6n mukainen, se saatetaan hyl\u00e4t\u00e4 saman tien. Joskus kilpailutuksissa edellytet\u00e4\u00e4n erilaisia ehtoja kuin itse olet tottunut noudattamaan. Mieti silloin, oletko valmis toimimaan pyyt\u00e4j\u00e4n mainitsemalla tavalla &#8211; jos et, \u00e4l\u00e4 j\u00e4t\u00e4 tarjousta.<\/span><\/p>\n<p>&nbsp;<\/p>\n<p><span style=\"font-weight: 400;\">Asiakas voi tehd\u00e4 tarjoukseesi vastatarjouksen, mik\u00e4li t\u00e4m\u00e4 halutessaan esimerkiksi neuvotella jostakin tarjouksen yksityiskohdasta. Alihankintapuolella on k\u00e4yt\u00f6ss\u00e4 hyvin erilaisia tapoja. Joidenkin kanssa hinnat neuvotellaan tilauskohtaisesti, jolloin tarjousk\u00e4yt\u00e4nt\u00f6 on vastaava samanlainen kuin suorankin asiakkaan kanssa. Toisten kanssa on voitu sopia kiinte\u00e4t hinnat, jolloin asiakas tarjoaa ty\u00f6t\u00e4 valmiiksi tietyin hinta- ja toimitusaikaehdoin. T\u00e4ss\u00e4kin tapauksessa voit silti aina neuvotella sek\u00e4 hinnasta ett\u00e4 aikataulusta.<\/span><\/p>\n<p>Jos et halua tehd\u00e4 tarjousta tai ottaa vastaan tarjottua ty\u00f6t\u00e4, on parasta olla rehellinen ja vedota esimerkiksi t\u00e4yteen tilauskirjaan tai siihen, ettei ty\u00f6 kuulu erikoisalaasi. N\u00e4in s\u00e4ilyt\u00e4t ovet avoimina seuraaville toimeksiannoille. Yksi tapa torjua v\u00e4hemm\u00e4n miellytt\u00e4v\u00e4 tarjouspyynt\u00f6 on nostaa hinta niin korkealle, ettei ty\u00f6t\u00e4 harmita tehd\u00e4, jos asiakas tarttuisikin korkeampaan tarjoukseen. Ja aina voit ohjata asiakkaan kollegallesi &#8211; asiakas arvostaa ratkaisua ja muistaa t\u00e4m\u00e4n my\u00f6hemminkin. Lis\u00e4ksi my\u00f6s kollegasi voi arvostaa ty\u00f6tarjousta.\u00a0<span style=\"font-weight: 400;\"><\/span><\/p>\n<p><span style=\"font-weight: 400;\"><\/span><\/p>\n<\/div>\n<\/div>\n<p>[\/et_pb_text][\/et_pb_column][et_pb_column type=&#8221;1_2&#8243; _builder_version=&#8221;3.25&#8243; custom_padding=&#8221;|||&#8221; global_colors_info=&#8221;{}&#8221; custom_padding__hover=&#8221;|||&#8221; theme_builder_area=&#8221;post_content&#8221;][\/et_pb_column][\/et_pb_row][\/et_pb_section]<\/p>\n","protected":false},"excerpt":{"rendered":"<p>Tarjouksen tulee sis\u00e4lt\u00e4\u00e4 ainakin seuraavat asiat: tarkka kuvaus tarjottavan palvelun sis\u00e4ll\u00f6st\u00e4, hinta (arvonlis\u00e4vero eriteltyn\u00e4), toimitusaika, miten kauan tarjous on voimassa ja mitk\u00e4 ovat maksuehdot. Palvelun kuvauksesta on hyv\u00e4 tulla ilmi, mik\u00e4 ty\u00f6 on kyseess\u00e4 (k\u00e4\u00e4nn\u00f6s\/oikoluku\/tulkkaus jne.), mik\u00e4 on kielipari, miss\u00e4 muodossa ty\u00f6 toimitetaan, sis\u00e4ltyyk\u00f6 hintaan lis\u00e4palveluja, kuten oikoluku, termity\u00f6, layoutin tarkistus tms. Tarvittaessa tarjoukseen voi [&hellip;]<\/p>\n","protected":false},"author":2,"featured_media":0,"parent":239,"menu_order":0,"comment_status":"closed","ping_status":"closed","template":"","meta":{"_et_pb_use_builder":"on","_et_pb_old_content":"","_et_gb_content_width":"","footnotes":""},"class_list":["post-248","page","type-page","status-publish","hentry"],"yoast_head":"<!-- This site is optimized with the Yoast SEO plugin v27.4 - https:\/\/yoast.com\/product\/yoast-seo-wordpress\/ -->\n<title>TARJOUS JA VASTATARJOUS - K\u00e4\u00e4nt\u00e4j\u00e4mestarin kirja<\/title>\n<meta name=\"robots\" content=\"index, follow, max-snippet:-1, max-image-preview:large, max-video-preview:-1\" \/>\n<link rel=\"canonical\" href=\"https:\/\/xn--kntjmestari-l8aacb.fi\/km\/etusivu\/luku-8-ongelmatilanteiden-ehikaisy-ja-hallinta\/tarjous-ja-vastatarjous\/\" \/>\n<meta property=\"og:locale\" content=\"fi_FI\" \/>\n<meta property=\"og:type\" content=\"article\" \/>\n<meta property=\"og:title\" content=\"TARJOUS JA VASTATARJOUS - K\u00e4\u00e4nt\u00e4j\u00e4mestarin kirja\" \/>\n<meta property=\"og:description\" content=\"Tarjouksen tulee sis\u00e4lt\u00e4\u00e4 ainakin seuraavat asiat: tarkka kuvaus tarjottavan palvelun sis\u00e4ll\u00f6st\u00e4, hinta (arvonlis\u00e4vero eriteltyn\u00e4), toimitusaika, miten kauan tarjous on voimassa ja mitk\u00e4 ovat maksuehdot. Palvelun kuvauksesta on hyv\u00e4 tulla ilmi, mik\u00e4 ty\u00f6 on kyseess\u00e4 (k\u00e4\u00e4nn\u00f6s\/oikoluku\/tulkkaus jne.), mik\u00e4 on kielipari, miss\u00e4 muodossa ty\u00f6 toimitetaan, sis\u00e4ltyyk\u00f6 hintaan lis\u00e4palveluja, kuten oikoluku, termity\u00f6, layoutin tarkistus tms. Tarvittaessa tarjoukseen voi [&hellip;]\" \/>\n<meta property=\"og:url\" content=\"https:\/\/xn--kntjmestari-l8aacb.fi\/km\/etusivu\/luku-8-ongelmatilanteiden-ehikaisy-ja-hallinta\/tarjous-ja-vastatarjous\/\" \/>\n<meta property=\"og:site_name\" content=\"K\u00e4\u00e4nt\u00e4j\u00e4mestarin kirja\" \/>\n<meta property=\"article:modified_time\" content=\"2021-12-22T13:12:43+00:00\" \/>\n<meta name=\"twitter:card\" content=\"summary_large_image\" \/>\n<meta name=\"twitter:label1\" content=\"Arvioitu lukuaika\" \/>\n\t<meta name=\"twitter:data1\" content=\"3 minuuttia\" \/>\n<script type=\"application\/ld+json\" class=\"yoast-schema-graph\">{\"@context\":\"https:\\\/\\\/schema.org\",\"@graph\":[{\"@type\":\"WebPage\",\"@id\":\"https:\\\/\\\/xn--kntjmestari-l8aacb.fi\\\/km\\\/etusivu\\\/luku-8-ongelmatilanteiden-ehikaisy-ja-hallinta\\\/tarjous-ja-vastatarjous\\\/\",\"url\":\"https:\\\/\\\/xn--kntjmestari-l8aacb.fi\\\/km\\\/etusivu\\\/luku-8-ongelmatilanteiden-ehikaisy-ja-hallinta\\\/tarjous-ja-vastatarjous\\\/\",\"name\":\"TARJOUS JA VASTATARJOUS - K\u00e4\u00e4nt\u00e4j\u00e4mestarin kirja\",\"isPartOf\":{\"@id\":\"https:\\\/\\\/xn--kntjmestari-l8aacb.fi\\\/km\\\/#website\"},\"datePublished\":\"2021-12-22T13:08:14+00:00\",\"dateModified\":\"2021-12-22T13:12:43+00:00\",\"breadcrumb\":{\"@id\":\"https:\\\/\\\/xn--kntjmestari-l8aacb.fi\\\/km\\\/etusivu\\\/luku-8-ongelmatilanteiden-ehikaisy-ja-hallinta\\\/tarjous-ja-vastatarjous\\\/#breadcrumb\"},\"inLanguage\":\"fi\",\"potentialAction\":[{\"@type\":\"ReadAction\",\"target\":[\"https:\\\/\\\/xn--kntjmestari-l8aacb.fi\\\/km\\\/etusivu\\\/luku-8-ongelmatilanteiden-ehikaisy-ja-hallinta\\\/tarjous-ja-vastatarjous\\\/\"]}]},{\"@type\":\"BreadcrumbList\",\"@id\":\"https:\\\/\\\/xn--kntjmestari-l8aacb.fi\\\/km\\\/etusivu\\\/luku-8-ongelmatilanteiden-ehikaisy-ja-hallinta\\\/tarjous-ja-vastatarjous\\\/#breadcrumb\",\"itemListElement\":[{\"@type\":\"ListItem\",\"position\":1,\"name\":\"Etusivu\",\"item\":\"https:\\\/\\\/xn--kntjmestari-l8aacb.fi\\\/km\\\/\"},{\"@type\":\"ListItem\",\"position\":2,\"name\":\"K\u00e4\u00e4nt\u00e4j\u00e4mestarin kirja\",\"item\":\"https:\\\/\\\/xn--kntjmestari-l8aacb.fi\\\/km\\\/\"},{\"@type\":\"ListItem\",\"position\":3,\"name\":\"Luku 8 &#8211; ongelmatilanteiden ehk\u00e4isy ja hallinta\",\"item\":\"https:\\\/\\\/xn--kntjmestari-l8aacb.fi\\\/km\\\/etusivu\\\/luku-8-ongelmatilanteiden-ehikaisy-ja-hallinta\\\/\"},{\"@type\":\"ListItem\",\"position\":4,\"name\":\"TARJOUS JA VASTATARJOUS\"}]},{\"@type\":\"WebSite\",\"@id\":\"https:\\\/\\\/xn--kntjmestari-l8aacb.fi\\\/km\\\/#website\",\"url\":\"https:\\\/\\\/xn--kntjmestari-l8aacb.fi\\\/km\\\/\",\"name\":\"K\u00e4\u00e4nt\u00e4j\u00e4mestarin kirja\",\"description\":\"k\u00e4yt\u00e4nn\u00f6n opas aloitteleville k\u00e4\u00e4nt\u00e4jille ja tulkeille\",\"publisher\":{\"@id\":\"https:\\\/\\\/xn--kntjmestari-l8aacb.fi\\\/km\\\/#organization\"},\"potentialAction\":[{\"@type\":\"SearchAction\",\"target\":{\"@type\":\"EntryPoint\",\"urlTemplate\":\"https:\\\/\\\/xn--kntjmestari-l8aacb.fi\\\/km\\\/?s={search_term_string}\"},\"query-input\":{\"@type\":\"PropertyValueSpecification\",\"valueRequired\":true,\"valueName\":\"search_term_string\"}}],\"inLanguage\":\"fi\"},{\"@type\":\"Organization\",\"@id\":\"https:\\\/\\\/xn--kntjmestari-l8aacb.fi\\\/km\\\/#organization\",\"name\":\"K\u00e4\u00e4nt\u00e4j\u00e4mestarit\",\"url\":\"https:\\\/\\\/xn--kntjmestari-l8aacb.fi\\\/km\\\/\",\"logo\":{\"@type\":\"ImageObject\",\"inLanguage\":\"fi\",\"@id\":\"https:\\\/\\\/xn--kntjmestari-l8aacb.fi\\\/km\\\/#\\\/schema\\\/logo\\\/image\\\/\",\"url\":\"https:\\\/\\\/xn--kntjmestari-l8aacb.fi\\\/km\\\/wp-content\\\/uploads\\\/2021\\\/12\\\/logo.jpg\",\"contentUrl\":\"https:\\\/\\\/xn--kntjmestari-l8aacb.fi\\\/km\\\/wp-content\\\/uploads\\\/2021\\\/12\\\/logo.jpg\",\"width\":509,\"height\":530,\"caption\":\"K\u00e4\u00e4nt\u00e4j\u00e4mestarit\"},\"image\":{\"@id\":\"https:\\\/\\\/xn--kntjmestari-l8aacb.fi\\\/km\\\/#\\\/schema\\\/logo\\\/image\\\/\"}}]}<\/script>\n<!-- \/ Yoast SEO plugin. -->","yoast_head_json":{"title":"TARJOUS JA VASTATARJOUS - K\u00e4\u00e4nt\u00e4j\u00e4mestarin kirja","robots":{"index":"index","follow":"follow","max-snippet":"max-snippet:-1","max-image-preview":"max-image-preview:large","max-video-preview":"max-video-preview:-1"},"canonical":"https:\/\/xn--kntjmestari-l8aacb.fi\/km\/etusivu\/luku-8-ongelmatilanteiden-ehikaisy-ja-hallinta\/tarjous-ja-vastatarjous\/","og_locale":"fi_FI","og_type":"article","og_title":"TARJOUS JA VASTATARJOUS - K\u00e4\u00e4nt\u00e4j\u00e4mestarin kirja","og_description":"Tarjouksen tulee sis\u00e4lt\u00e4\u00e4 ainakin seuraavat asiat: tarkka kuvaus tarjottavan palvelun sis\u00e4ll\u00f6st\u00e4, hinta (arvonlis\u00e4vero eriteltyn\u00e4), toimitusaika, miten kauan tarjous on voimassa ja mitk\u00e4 ovat maksuehdot. Palvelun kuvauksesta on hyv\u00e4 tulla ilmi, mik\u00e4 ty\u00f6 on kyseess\u00e4 (k\u00e4\u00e4nn\u00f6s\/oikoluku\/tulkkaus jne.), mik\u00e4 on kielipari, miss\u00e4 muodossa ty\u00f6 toimitetaan, sis\u00e4ltyyk\u00f6 hintaan lis\u00e4palveluja, kuten oikoluku, termity\u00f6, layoutin tarkistus tms. Tarvittaessa tarjoukseen voi [&hellip;]","og_url":"https:\/\/xn--kntjmestari-l8aacb.fi\/km\/etusivu\/luku-8-ongelmatilanteiden-ehikaisy-ja-hallinta\/tarjous-ja-vastatarjous\/","og_site_name":"K\u00e4\u00e4nt\u00e4j\u00e4mestarin kirja","article_modified_time":"2021-12-22T13:12:43+00:00","twitter_card":"summary_large_image","twitter_misc":{"Arvioitu lukuaika":"3 minuuttia"},"schema":{"@context":"https:\/\/schema.org","@graph":[{"@type":"WebPage","@id":"https:\/\/xn--kntjmestari-l8aacb.fi\/km\/etusivu\/luku-8-ongelmatilanteiden-ehikaisy-ja-hallinta\/tarjous-ja-vastatarjous\/","url":"https:\/\/xn--kntjmestari-l8aacb.fi\/km\/etusivu\/luku-8-ongelmatilanteiden-ehikaisy-ja-hallinta\/tarjous-ja-vastatarjous\/","name":"TARJOUS JA VASTATARJOUS - K\u00e4\u00e4nt\u00e4j\u00e4mestarin kirja","isPartOf":{"@id":"https:\/\/xn--kntjmestari-l8aacb.fi\/km\/#website"},"datePublished":"2021-12-22T13:08:14+00:00","dateModified":"2021-12-22T13:12:43+00:00","breadcrumb":{"@id":"https:\/\/xn--kntjmestari-l8aacb.fi\/km\/etusivu\/luku-8-ongelmatilanteiden-ehikaisy-ja-hallinta\/tarjous-ja-vastatarjous\/#breadcrumb"},"inLanguage":"fi","potentialAction":[{"@type":"ReadAction","target":["https:\/\/xn--kntjmestari-l8aacb.fi\/km\/etusivu\/luku-8-ongelmatilanteiden-ehikaisy-ja-hallinta\/tarjous-ja-vastatarjous\/"]}]},{"@type":"BreadcrumbList","@id":"https:\/\/xn--kntjmestari-l8aacb.fi\/km\/etusivu\/luku-8-ongelmatilanteiden-ehikaisy-ja-hallinta\/tarjous-ja-vastatarjous\/#breadcrumb","itemListElement":[{"@type":"ListItem","position":1,"name":"Etusivu","item":"https:\/\/xn--kntjmestari-l8aacb.fi\/km\/"},{"@type":"ListItem","position":2,"name":"K\u00e4\u00e4nt\u00e4j\u00e4mestarin kirja","item":"https:\/\/xn--kntjmestari-l8aacb.fi\/km\/"},{"@type":"ListItem","position":3,"name":"Luku 8 &#8211; ongelmatilanteiden ehk\u00e4isy ja hallinta","item":"https:\/\/xn--kntjmestari-l8aacb.fi\/km\/etusivu\/luku-8-ongelmatilanteiden-ehikaisy-ja-hallinta\/"},{"@type":"ListItem","position":4,"name":"TARJOUS JA VASTATARJOUS"}]},{"@type":"WebSite","@id":"https:\/\/xn--kntjmestari-l8aacb.fi\/km\/#website","url":"https:\/\/xn--kntjmestari-l8aacb.fi\/km\/","name":"K\u00e4\u00e4nt\u00e4j\u00e4mestarin kirja","description":"k\u00e4yt\u00e4nn\u00f6n opas aloitteleville k\u00e4\u00e4nt\u00e4jille ja tulkeille","publisher":{"@id":"https:\/\/xn--kntjmestari-l8aacb.fi\/km\/#organization"},"potentialAction":[{"@type":"SearchAction","target":{"@type":"EntryPoint","urlTemplate":"https:\/\/xn--kntjmestari-l8aacb.fi\/km\/?s={search_term_string}"},"query-input":{"@type":"PropertyValueSpecification","valueRequired":true,"valueName":"search_term_string"}}],"inLanguage":"fi"},{"@type":"Organization","@id":"https:\/\/xn--kntjmestari-l8aacb.fi\/km\/#organization","name":"K\u00e4\u00e4nt\u00e4j\u00e4mestarit","url":"https:\/\/xn--kntjmestari-l8aacb.fi\/km\/","logo":{"@type":"ImageObject","inLanguage":"fi","@id":"https:\/\/xn--kntjmestari-l8aacb.fi\/km\/#\/schema\/logo\/image\/","url":"https:\/\/xn--kntjmestari-l8aacb.fi\/km\/wp-content\/uploads\/2021\/12\/logo.jpg","contentUrl":"https:\/\/xn--kntjmestari-l8aacb.fi\/km\/wp-content\/uploads\/2021\/12\/logo.jpg","width":509,"height":530,"caption":"K\u00e4\u00e4nt\u00e4j\u00e4mestarit"},"image":{"@id":"https:\/\/xn--kntjmestari-l8aacb.fi\/km\/#\/schema\/logo\/image\/"}}]}},"_links":{"self":[{"href":"https:\/\/xn--kntjmestari-l8aacb.fi\/km\/wp-json\/wp\/v2\/pages\/248","targetHints":{"allow":["GET"]}}],"collection":[{"href":"https:\/\/xn--kntjmestari-l8aacb.fi\/km\/wp-json\/wp\/v2\/pages"}],"about":[{"href":"https:\/\/xn--kntjmestari-l8aacb.fi\/km\/wp-json\/wp\/v2\/types\/page"}],"author":[{"embeddable":true,"href":"https:\/\/xn--kntjmestari-l8aacb.fi\/km\/wp-json\/wp\/v2\/users\/2"}],"replies":[{"embeddable":true,"href":"https:\/\/xn--kntjmestari-l8aacb.fi\/km\/wp-json\/wp\/v2\/comments?post=248"}],"version-history":[{"count":3,"href":"https:\/\/xn--kntjmestari-l8aacb.fi\/km\/wp-json\/wp\/v2\/pages\/248\/revisions"}],"predecessor-version":[{"id":252,"href":"https:\/\/xn--kntjmestari-l8aacb.fi\/km\/wp-json\/wp\/v2\/pages\/248\/revisions\/252"}],"up":[{"embeddable":true,"href":"https:\/\/xn--kntjmestari-l8aacb.fi\/km\/wp-json\/wp\/v2\/pages\/239"}],"wp:attachment":[{"href":"https:\/\/xn--kntjmestari-l8aacb.fi\/km\/wp-json\/wp\/v2\/media?parent=248"}],"curies":[{"name":"wp","href":"https:\/\/api.w.org\/{rel}","templated":true}]}}