{"id":257,"date":"2021-12-22T13:16:58","date_gmt":"2021-12-22T13:16:58","guid":{"rendered":"https:\/\/xn--kntjmestari-l8aacb.fi\/km\/?page_id=257"},"modified":"2021-12-22T13:16:58","modified_gmt":"2021-12-22T13:16:58","slug":"jos-asiakas-ei-maksa","status":"publish","type":"page","link":"https:\/\/xn--kntjmestari-l8aacb.fi\/km\/etusivu\/luku-8-ongelmatilanteiden-ehikaisy-ja-hallinta\/jos-asiakas-ei-maksa\/","title":{"rendered":"JOS ASIAKAS EI MAKSA"},"content":{"rendered":"<p>[et_pb_section fb_built=&#8221;1&#8243; _builder_version=&#8221;3.22&#8243; global_colors_info=&#8221;{}&#8221; theme_builder_area=&#8221;post_content&#8221;][et_pb_row _builder_version=&#8221;4.14.2&#8243; _module_preset=&#8221;default&#8221; global_colors_info=&#8221;{}&#8221; theme_builder_area=&#8221;post_content&#8221;][et_pb_column type=&#8221;4_4&#8243; _builder_version=&#8221;4.14.2&#8243; _module_preset=&#8221;default&#8221; global_colors_info=&#8221;{}&#8221; theme_builder_area=&#8221;post_content&#8221;][et_pb_post_title meta=&#8221;off&#8221; featured_image=&#8221;off&#8221; _builder_version=&#8221;4.14.2&#8243; _module_preset=&#8221;default&#8221; global_colors_info=&#8221;{}&#8221; theme_builder_area=&#8221;post_content&#8221;][\/et_pb_post_title][\/et_pb_column][\/et_pb_row][et_pb_row column_structure=&#8221;1_2,1_2&#8243; _builder_version=&#8221;3.25&#8243; background_size=&#8221;initial&#8221; background_position=&#8221;top_left&#8221; background_repeat=&#8221;repeat&#8221; global_colors_info=&#8221;{}&#8221; theme_builder_area=&#8221;post_content&#8221;][et_pb_column type=&#8221;1_2&#8243; _builder_version=&#8221;3.25&#8243; custom_padding=&#8221;|||&#8221; global_colors_info=&#8221;{}&#8221; custom_padding__hover=&#8221;|||&#8221; theme_builder_area=&#8221;post_content&#8221;][et_pb_text _builder_version=&#8221;4.14.2&#8243; background_size=&#8221;initial&#8221; background_position=&#8221;top_left&#8221; background_repeat=&#8221;repeat&#8221; custom_margin=&#8221;|-426px||||&#8221; custom_padding=&#8221;||0px|||&#8221; global_colors_info=&#8221;{}&#8221; theme_builder_area=&#8221;post_content&#8221;]<\/p>\n<div id=\"page-zones__main-widgets__content1\" data-name=\"content\" class=\"content widget js-widget\" data-uniqueid=\"OloHtMAomHwAijU\" data-parentuniqueid=\"69O0NdSLr5jBL3F\">\n<div class=\"bk-content-text js-text-content   wysihtml-editor-content\">\n<p><span style=\"font-weight: 400;\">Anna aina laskulle er\u00e4p\u00e4iv\u00e4, ei p\u00e4iv\u00e4muotoista maksuehtoa (ellet nimenomaan sit\u00e4 halua). Erona on se, ett\u00e4 viiv\u00e4styskorko alkaa juosta heti er\u00e4p\u00e4iv\u00e4\u00e4 seuraavasta p\u00e4iv\u00e4st\u00e4 ilman erillist\u00e4 muistutusta, mutta p\u00e4iv\u00e4muotoisesta maksuehdosta vasta 30 p\u00e4iv\u00e4n kuluttua nettomaksuehdon j\u00e4lkeen, jos siit\u00e4 muistutetaan.<\/span><\/p>\n<p><\/p>\n<p><span style=\"font-weight: 400;\">Seuraa suorituksia. Jos suoritusta ei tule, muistuta ripe\u00e4sti: esim. 7 tai viimeist\u00e4\u00e4n 14 p\u00e4iv\u00e4\u00e4 er\u00e4p\u00e4iv\u00e4n j\u00e4lkeen. Tee muistutus kirjallisesti. Muotoile yst\u00e4v\u00e4llisesti.<\/span><\/p>\n<p><\/p>\n<p><span style=\"font-weight: 400;\">Jos suoritusta ja\/tai vastausta ei kuulu, voit halutessasi siirty\u00e4 heti toimenpiteisiin, mutta asiakassuhteen jatkuvuuden kannalta toinen muistutus voi olla suotuisampi vaihtoehto. Kerro selke\u00e4sti, ett\u00e4 jos et saa maksua p\u00e4iv\u00e4m\u00e4\u00e4r\u00e4\u00e4n xxx menness\u00e4, asia siirtyy eteenp\u00e4in xxx:n hoidettavaksi.<\/span><\/p>\n<p><\/p>\n<p><span style=\"font-weight: 400;\">Jos velkaa oleva asiakas haluaa tilata uuden ty\u00f6n, \u00e4l\u00e4 aloita sit\u00e4 ennen kuin avoinna oleva lasku on maksettu. Voit sanoa esimerkiksi n\u00e4in: \u201cHuomaan, ett\u00e4 teill\u00e4 on viel\u00e4 lasku XX (er\u00e4p\u00e4iv\u00e4 xx.xx.xxxx) maksamatta. Aloitan mielell\u00e4ni t\u00e4m\u00e4n uuden ty\u00f6n heti, kun suoritus on kirjautunut tililleni.\u201d Muista t\u00e4ss\u00e4 tapauksessa huomioida asia deadlinessa eli deadline lasketaan vasta siit\u00e4 p\u00e4iv\u00e4st\u00e4, kun lasku on maksettu ja ty\u00f6 voidaan aloittaa. Jos asiakas lupaa maksaa, mutta ei maksa, \u00e4l\u00e4 aloita uutta ty\u00f6t\u00e4 nyt \u00e4l\u00e4k\u00e4 koskaan.<\/span><\/p>\n<p><\/p>\n<p><span style=\"font-weight: 400;\">Varsinkin auktorisoiduissa k\u00e4\u00e4nn\u00f6ksiss\u00e4 asiakas on usein yksityishenkil\u00f6, joilta maksun saaminen saattaa olla ep\u00e4varmempaa kuin yrityksilt\u00e4. N\u00e4iss\u00e4 tapauksissa voit k\u00e4ytt\u00e4\u00e4 esimerkiksi etumaksua (koko lasku tai vaikka 50 % siit\u00e4 maksetaan etuk\u00e4teen, ty\u00f6 aloitetaan vasta, kun rahat ovat saapuneet tilille) tai k\u00e4\u00e4nn\u00f6ksen toimittamista postiennakolla.<\/span><\/p>\n<p><\/p>\n<p><span style=\"font-weight: 400;\">Suomalainen hyv\u00e4 14 p\u00e4iv\u00e4n maksuaikaan perustuva maksumoraali on rapautumassa tai v\u00e4hint\u00e4\u00e4nkin eurooppalaistumassa niin, ett\u00e4 hyvin tyypillinen maksuaika on 30 p\u00e4iv\u00e4\u00e4. Sit\u00e4 pidempiin maksuaikoihin suostumista kannattaa vakavasti harkita. Yleens\u00e4 t\u00e4t\u00e4 pidempi maksuaika ja\/tai maksusuoritusten toistuva viiv\u00e4styminen er\u00e4p\u00e4iv\u00e4st\u00e4 kertoo maksajan maksuvaikeuksista. Mieti haluatko ottaa t\u00e4llaisen luottoriskin. Jokainen pienyritt\u00e4j\u00e4 tiet\u00e4\u00e4, miten rasittavaa on odotella pitk\u00e4\u00e4n viipyvi\u00e4 suorituksia. Lis\u00e4ksi t\u00e4st\u00e4 aiheutuu kuluja ja ylim\u00e4\u00e4r\u00e4ist\u00e4 ty\u00f6t\u00e4, jokainen maksumuistutus (sen kirjoittaminen ja l\u00e4hett\u00e4minen on ty\u00f6t\u00e4, joka ei tuota omaan kassaan rahaa, vaan on pois tuottavan ty\u00f6n tekemisest\u00e4). Hyv\u00e4maineistenkin k\u00e4\u00e4nn\u00f6stoimistojen ja tulkkiv\u00e4litt\u00e4jien joukossa on niit\u00e4, jotka ovat omin p\u00e4in muuttaneet maksuaikojaan eli siis suoritusaikojaan &#8211; muista, ett\u00e4 jos et ole maksuehtojen muutosilmoitukseen reagoinut, vaan jatkanut toimeksiantojen vastaan ottamista, olet hyv\u00e4ksynyt kyseisen muutoksen \/ muutetun k\u00e4yt\u00e4nn\u00f6n. Toisinaan aika on kaksinkertaistunut parista viikosta kuukauteen ja sen ylikin.\u00a0<\/span><\/p>\n<\/div>\n<\/div>\n<p>[\/et_pb_text][\/et_pb_column][et_pb_column type=&#8221;1_2&#8243; _builder_version=&#8221;3.25&#8243; custom_padding=&#8221;|||&#8221; global_colors_info=&#8221;{}&#8221; custom_padding__hover=&#8221;|||&#8221; theme_builder_area=&#8221;post_content&#8221;][\/et_pb_column][\/et_pb_row][\/et_pb_section]<\/p>\n","protected":false},"excerpt":{"rendered":"<p>Anna aina laskulle er\u00e4p\u00e4iv\u00e4, ei p\u00e4iv\u00e4muotoista maksuehtoa (ellet nimenomaan sit\u00e4 halua). Erona on se, ett\u00e4 viiv\u00e4styskorko alkaa juosta heti er\u00e4p\u00e4iv\u00e4\u00e4 seuraavasta p\u00e4iv\u00e4st\u00e4 ilman erillist\u00e4 muistutusta, mutta p\u00e4iv\u00e4muotoisesta maksuehdosta vasta 30 p\u00e4iv\u00e4n kuluttua nettomaksuehdon j\u00e4lkeen, jos siit\u00e4 muistutetaan. Seuraa suorituksia. Jos suoritusta ei tule, muistuta ripe\u00e4sti: esim. 7 tai viimeist\u00e4\u00e4n 14 p\u00e4iv\u00e4\u00e4 er\u00e4p\u00e4iv\u00e4n j\u00e4lkeen. Tee muistutus [&hellip;]<\/p>\n","protected":false},"author":2,"featured_media":0,"parent":239,"menu_order":0,"comment_status":"closed","ping_status":"closed","template":"","meta":{"_et_pb_use_builder":"on","_et_pb_old_content":"","_et_gb_content_width":"","footnotes":""},"class_list":["post-257","page","type-page","status-publish","hentry"],"yoast_head":"<!-- This site is optimized with the Yoast SEO plugin v27.4 - https:\/\/yoast.com\/product\/yoast-seo-wordpress\/ -->\n<title>JOS ASIAKAS EI MAKSA - K\u00e4\u00e4nt\u00e4j\u00e4mestarin kirja<\/title>\n<meta name=\"robots\" content=\"index, follow, max-snippet:-1, max-image-preview:large, max-video-preview:-1\" \/>\n<link rel=\"canonical\" href=\"https:\/\/xn--kntjmestari-l8aacb.fi\/km\/etusivu\/luku-8-ongelmatilanteiden-ehikaisy-ja-hallinta\/jos-asiakas-ei-maksa\/\" \/>\n<meta property=\"og:locale\" content=\"fi_FI\" \/>\n<meta property=\"og:type\" content=\"article\" \/>\n<meta property=\"og:title\" content=\"JOS ASIAKAS EI MAKSA - K\u00e4\u00e4nt\u00e4j\u00e4mestarin kirja\" \/>\n<meta property=\"og:description\" content=\"Anna aina laskulle er\u00e4p\u00e4iv\u00e4, ei p\u00e4iv\u00e4muotoista maksuehtoa (ellet nimenomaan sit\u00e4 halua). Erona on se, ett\u00e4 viiv\u00e4styskorko alkaa juosta heti er\u00e4p\u00e4iv\u00e4\u00e4 seuraavasta p\u00e4iv\u00e4st\u00e4 ilman erillist\u00e4 muistutusta, mutta p\u00e4iv\u00e4muotoisesta maksuehdosta vasta 30 p\u00e4iv\u00e4n kuluttua nettomaksuehdon j\u00e4lkeen, jos siit\u00e4 muistutetaan. Seuraa suorituksia. Jos suoritusta ei tule, muistuta ripe\u00e4sti: esim. 7 tai viimeist\u00e4\u00e4n 14 p\u00e4iv\u00e4\u00e4 er\u00e4p\u00e4iv\u00e4n j\u00e4lkeen. Tee muistutus [&hellip;]\" \/>\n<meta property=\"og:url\" content=\"https:\/\/xn--kntjmestari-l8aacb.fi\/km\/etusivu\/luku-8-ongelmatilanteiden-ehikaisy-ja-hallinta\/jos-asiakas-ei-maksa\/\" \/>\n<meta property=\"og:site_name\" content=\"K\u00e4\u00e4nt\u00e4j\u00e4mestarin kirja\" \/>\n<meta name=\"twitter:card\" content=\"summary_large_image\" \/>\n<meta name=\"twitter:label1\" content=\"Arvioitu lukuaika\" \/>\n\t<meta name=\"twitter:data1\" content=\"3 minuuttia\" \/>\n<script type=\"application\/ld+json\" class=\"yoast-schema-graph\">{\"@context\":\"https:\\\/\\\/schema.org\",\"@graph\":[{\"@type\":\"WebPage\",\"@id\":\"https:\\\/\\\/xn--kntjmestari-l8aacb.fi\\\/km\\\/etusivu\\\/luku-8-ongelmatilanteiden-ehikaisy-ja-hallinta\\\/jos-asiakas-ei-maksa\\\/\",\"url\":\"https:\\\/\\\/xn--kntjmestari-l8aacb.fi\\\/km\\\/etusivu\\\/luku-8-ongelmatilanteiden-ehikaisy-ja-hallinta\\\/jos-asiakas-ei-maksa\\\/\",\"name\":\"JOS ASIAKAS EI MAKSA - K\u00e4\u00e4nt\u00e4j\u00e4mestarin kirja\",\"isPartOf\":{\"@id\":\"https:\\\/\\\/xn--kntjmestari-l8aacb.fi\\\/km\\\/#website\"},\"datePublished\":\"2021-12-22T13:16:58+00:00\",\"breadcrumb\":{\"@id\":\"https:\\\/\\\/xn--kntjmestari-l8aacb.fi\\\/km\\\/etusivu\\\/luku-8-ongelmatilanteiden-ehikaisy-ja-hallinta\\\/jos-asiakas-ei-maksa\\\/#breadcrumb\"},\"inLanguage\":\"fi\",\"potentialAction\":[{\"@type\":\"ReadAction\",\"target\":[\"https:\\\/\\\/xn--kntjmestari-l8aacb.fi\\\/km\\\/etusivu\\\/luku-8-ongelmatilanteiden-ehikaisy-ja-hallinta\\\/jos-asiakas-ei-maksa\\\/\"]}]},{\"@type\":\"BreadcrumbList\",\"@id\":\"https:\\\/\\\/xn--kntjmestari-l8aacb.fi\\\/km\\\/etusivu\\\/luku-8-ongelmatilanteiden-ehikaisy-ja-hallinta\\\/jos-asiakas-ei-maksa\\\/#breadcrumb\",\"itemListElement\":[{\"@type\":\"ListItem\",\"position\":1,\"name\":\"Etusivu\",\"item\":\"https:\\\/\\\/xn--kntjmestari-l8aacb.fi\\\/km\\\/\"},{\"@type\":\"ListItem\",\"position\":2,\"name\":\"K\u00e4\u00e4nt\u00e4j\u00e4mestarin kirja\",\"item\":\"https:\\\/\\\/xn--kntjmestari-l8aacb.fi\\\/km\\\/\"},{\"@type\":\"ListItem\",\"position\":3,\"name\":\"Luku 8 &#8211; ongelmatilanteiden ehk\u00e4isy ja hallinta\",\"item\":\"https:\\\/\\\/xn--kntjmestari-l8aacb.fi\\\/km\\\/etusivu\\\/luku-8-ongelmatilanteiden-ehikaisy-ja-hallinta\\\/\"},{\"@type\":\"ListItem\",\"position\":4,\"name\":\"JOS ASIAKAS EI MAKSA\"}]},{\"@type\":\"WebSite\",\"@id\":\"https:\\\/\\\/xn--kntjmestari-l8aacb.fi\\\/km\\\/#website\",\"url\":\"https:\\\/\\\/xn--kntjmestari-l8aacb.fi\\\/km\\\/\",\"name\":\"K\u00e4\u00e4nt\u00e4j\u00e4mestarin kirja\",\"description\":\"k\u00e4yt\u00e4nn\u00f6n opas aloitteleville k\u00e4\u00e4nt\u00e4jille ja tulkeille\",\"publisher\":{\"@id\":\"https:\\\/\\\/xn--kntjmestari-l8aacb.fi\\\/km\\\/#organization\"},\"potentialAction\":[{\"@type\":\"SearchAction\",\"target\":{\"@type\":\"EntryPoint\",\"urlTemplate\":\"https:\\\/\\\/xn--kntjmestari-l8aacb.fi\\\/km\\\/?s={search_term_string}\"},\"query-input\":{\"@type\":\"PropertyValueSpecification\",\"valueRequired\":true,\"valueName\":\"search_term_string\"}}],\"inLanguage\":\"fi\"},{\"@type\":\"Organization\",\"@id\":\"https:\\\/\\\/xn--kntjmestari-l8aacb.fi\\\/km\\\/#organization\",\"name\":\"K\u00e4\u00e4nt\u00e4j\u00e4mestarit\",\"url\":\"https:\\\/\\\/xn--kntjmestari-l8aacb.fi\\\/km\\\/\",\"logo\":{\"@type\":\"ImageObject\",\"inLanguage\":\"fi\",\"@id\":\"https:\\\/\\\/xn--kntjmestari-l8aacb.fi\\\/km\\\/#\\\/schema\\\/logo\\\/image\\\/\",\"url\":\"https:\\\/\\\/xn--kntjmestari-l8aacb.fi\\\/km\\\/wp-content\\\/uploads\\\/2021\\\/12\\\/logo.jpg\",\"contentUrl\":\"https:\\\/\\\/xn--kntjmestari-l8aacb.fi\\\/km\\\/wp-content\\\/uploads\\\/2021\\\/12\\\/logo.jpg\",\"width\":509,\"height\":530,\"caption\":\"K\u00e4\u00e4nt\u00e4j\u00e4mestarit\"},\"image\":{\"@id\":\"https:\\\/\\\/xn--kntjmestari-l8aacb.fi\\\/km\\\/#\\\/schema\\\/logo\\\/image\\\/\"}}]}<\/script>\n<!-- \/ Yoast SEO plugin. -->","yoast_head_json":{"title":"JOS ASIAKAS EI MAKSA - K\u00e4\u00e4nt\u00e4j\u00e4mestarin kirja","robots":{"index":"index","follow":"follow","max-snippet":"max-snippet:-1","max-image-preview":"max-image-preview:large","max-video-preview":"max-video-preview:-1"},"canonical":"https:\/\/xn--kntjmestari-l8aacb.fi\/km\/etusivu\/luku-8-ongelmatilanteiden-ehikaisy-ja-hallinta\/jos-asiakas-ei-maksa\/","og_locale":"fi_FI","og_type":"article","og_title":"JOS ASIAKAS EI MAKSA - K\u00e4\u00e4nt\u00e4j\u00e4mestarin kirja","og_description":"Anna aina laskulle er\u00e4p\u00e4iv\u00e4, ei p\u00e4iv\u00e4muotoista maksuehtoa (ellet nimenomaan sit\u00e4 halua). Erona on se, ett\u00e4 viiv\u00e4styskorko alkaa juosta heti er\u00e4p\u00e4iv\u00e4\u00e4 seuraavasta p\u00e4iv\u00e4st\u00e4 ilman erillist\u00e4 muistutusta, mutta p\u00e4iv\u00e4muotoisesta maksuehdosta vasta 30 p\u00e4iv\u00e4n kuluttua nettomaksuehdon j\u00e4lkeen, jos siit\u00e4 muistutetaan. Seuraa suorituksia. Jos suoritusta ei tule, muistuta ripe\u00e4sti: esim. 7 tai viimeist\u00e4\u00e4n 14 p\u00e4iv\u00e4\u00e4 er\u00e4p\u00e4iv\u00e4n j\u00e4lkeen. Tee muistutus [&hellip;]","og_url":"https:\/\/xn--kntjmestari-l8aacb.fi\/km\/etusivu\/luku-8-ongelmatilanteiden-ehikaisy-ja-hallinta\/jos-asiakas-ei-maksa\/","og_site_name":"K\u00e4\u00e4nt\u00e4j\u00e4mestarin kirja","twitter_card":"summary_large_image","twitter_misc":{"Arvioitu lukuaika":"3 minuuttia"},"schema":{"@context":"https:\/\/schema.org","@graph":[{"@type":"WebPage","@id":"https:\/\/xn--kntjmestari-l8aacb.fi\/km\/etusivu\/luku-8-ongelmatilanteiden-ehikaisy-ja-hallinta\/jos-asiakas-ei-maksa\/","url":"https:\/\/xn--kntjmestari-l8aacb.fi\/km\/etusivu\/luku-8-ongelmatilanteiden-ehikaisy-ja-hallinta\/jos-asiakas-ei-maksa\/","name":"JOS ASIAKAS EI MAKSA - K\u00e4\u00e4nt\u00e4j\u00e4mestarin kirja","isPartOf":{"@id":"https:\/\/xn--kntjmestari-l8aacb.fi\/km\/#website"},"datePublished":"2021-12-22T13:16:58+00:00","breadcrumb":{"@id":"https:\/\/xn--kntjmestari-l8aacb.fi\/km\/etusivu\/luku-8-ongelmatilanteiden-ehikaisy-ja-hallinta\/jos-asiakas-ei-maksa\/#breadcrumb"},"inLanguage":"fi","potentialAction":[{"@type":"ReadAction","target":["https:\/\/xn--kntjmestari-l8aacb.fi\/km\/etusivu\/luku-8-ongelmatilanteiden-ehikaisy-ja-hallinta\/jos-asiakas-ei-maksa\/"]}]},{"@type":"BreadcrumbList","@id":"https:\/\/xn--kntjmestari-l8aacb.fi\/km\/etusivu\/luku-8-ongelmatilanteiden-ehikaisy-ja-hallinta\/jos-asiakas-ei-maksa\/#breadcrumb","itemListElement":[{"@type":"ListItem","position":1,"name":"Etusivu","item":"https:\/\/xn--kntjmestari-l8aacb.fi\/km\/"},{"@type":"ListItem","position":2,"name":"K\u00e4\u00e4nt\u00e4j\u00e4mestarin kirja","item":"https:\/\/xn--kntjmestari-l8aacb.fi\/km\/"},{"@type":"ListItem","position":3,"name":"Luku 8 &#8211; ongelmatilanteiden ehk\u00e4isy ja hallinta","item":"https:\/\/xn--kntjmestari-l8aacb.fi\/km\/etusivu\/luku-8-ongelmatilanteiden-ehikaisy-ja-hallinta\/"},{"@type":"ListItem","position":4,"name":"JOS ASIAKAS EI MAKSA"}]},{"@type":"WebSite","@id":"https:\/\/xn--kntjmestari-l8aacb.fi\/km\/#website","url":"https:\/\/xn--kntjmestari-l8aacb.fi\/km\/","name":"K\u00e4\u00e4nt\u00e4j\u00e4mestarin kirja","description":"k\u00e4yt\u00e4nn\u00f6n opas aloitteleville k\u00e4\u00e4nt\u00e4jille ja tulkeille","publisher":{"@id":"https:\/\/xn--kntjmestari-l8aacb.fi\/km\/#organization"},"potentialAction":[{"@type":"SearchAction","target":{"@type":"EntryPoint","urlTemplate":"https:\/\/xn--kntjmestari-l8aacb.fi\/km\/?s={search_term_string}"},"query-input":{"@type":"PropertyValueSpecification","valueRequired":true,"valueName":"search_term_string"}}],"inLanguage":"fi"},{"@type":"Organization","@id":"https:\/\/xn--kntjmestari-l8aacb.fi\/km\/#organization","name":"K\u00e4\u00e4nt\u00e4j\u00e4mestarit","url":"https:\/\/xn--kntjmestari-l8aacb.fi\/km\/","logo":{"@type":"ImageObject","inLanguage":"fi","@id":"https:\/\/xn--kntjmestari-l8aacb.fi\/km\/#\/schema\/logo\/image\/","url":"https:\/\/xn--kntjmestari-l8aacb.fi\/km\/wp-content\/uploads\/2021\/12\/logo.jpg","contentUrl":"https:\/\/xn--kntjmestari-l8aacb.fi\/km\/wp-content\/uploads\/2021\/12\/logo.jpg","width":509,"height":530,"caption":"K\u00e4\u00e4nt\u00e4j\u00e4mestarit"},"image":{"@id":"https:\/\/xn--kntjmestari-l8aacb.fi\/km\/#\/schema\/logo\/image\/"}}]}},"_links":{"self":[{"href":"https:\/\/xn--kntjmestari-l8aacb.fi\/km\/wp-json\/wp\/v2\/pages\/257","targetHints":{"allow":["GET"]}}],"collection":[{"href":"https:\/\/xn--kntjmestari-l8aacb.fi\/km\/wp-json\/wp\/v2\/pages"}],"about":[{"href":"https:\/\/xn--kntjmestari-l8aacb.fi\/km\/wp-json\/wp\/v2\/types\/page"}],"author":[{"embeddable":true,"href":"https:\/\/xn--kntjmestari-l8aacb.fi\/km\/wp-json\/wp\/v2\/users\/2"}],"replies":[{"embeddable":true,"href":"https:\/\/xn--kntjmestari-l8aacb.fi\/km\/wp-json\/wp\/v2\/comments?post=257"}],"version-history":[{"count":3,"href":"https:\/\/xn--kntjmestari-l8aacb.fi\/km\/wp-json\/wp\/v2\/pages\/257\/revisions"}],"predecessor-version":[{"id":260,"href":"https:\/\/xn--kntjmestari-l8aacb.fi\/km\/wp-json\/wp\/v2\/pages\/257\/revisions\/260"}],"up":[{"embeddable":true,"href":"https:\/\/xn--kntjmestari-l8aacb.fi\/km\/wp-json\/wp\/v2\/pages\/239"}],"wp:attachment":[{"href":"https:\/\/xn--kntjmestari-l8aacb.fi\/km\/wp-json\/wp\/v2\/media?parent=257"}],"curies":[{"name":"wp","href":"https:\/\/api.w.org\/{rel}","templated":true}]}}