{"id":272,"date":"2021-12-22T13:33:55","date_gmt":"2021-12-22T13:33:55","guid":{"rendered":"https:\/\/xn--kntjmestari-l8aacb.fi\/km\/?page_id=272"},"modified":"2022-10-06T19:09:23","modified_gmt":"2022-10-06T19:09:23","slug":"tarjouksesta-syntyva-sopimus","status":"publish","type":"page","link":"https:\/\/xn--kntjmestari-l8aacb.fi\/km\/etusivu\/tarjouksesta-syntyva-sopimus\/","title":{"rendered":"tarjouksesta syntyv\u00e4 sopimus"},"content":{"rendered":"<p>[et_pb_section fb_built=&#8221;1&#8243; _builder_version=&#8221;4.16&#8243; global_colors_info=&#8221;{}&#8221;][et_pb_row _builder_version=&#8221;4.16&#8243; _module_preset=&#8221;default&#8221; global_colors_info=&#8221;{}&#8221;][et_pb_column type=&#8221;4_4&#8243; _builder_version=&#8221;4.16&#8243; _module_preset=&#8221;default&#8221; global_colors_info=&#8221;{}&#8221;][et_pb_post_title meta=&#8221;off&#8221; featured_image=&#8221;off&#8221; _builder_version=&#8221;4.16&#8243; _module_preset=&#8221;default&#8221; global_colors_info=&#8221;{}&#8221;][\/et_pb_post_title][\/et_pb_column][\/et_pb_row][et_pb_row column_structure=&#8221;1_2,1_2&#8243; _builder_version=&#8221;4.16&#8243; background_size=&#8221;initial&#8221; background_position=&#8221;top_left&#8221; background_repeat=&#8221;repeat&#8221; custom_padding=&#8221;27px|||||&#8221; global_colors_info=&#8221;{}&#8221;][et_pb_column type=&#8221;1_2&#8243; _builder_version=&#8221;4.16&#8243; custom_padding=&#8221;|||&#8221; global_colors_info=&#8221;{}&#8221; custom_padding__hover=&#8221;|||&#8221;][et_pb_text _builder_version=&#8221;4.16&#8243; background_size=&#8221;initial&#8221; background_position=&#8221;top_left&#8221; background_repeat=&#8221;repeat&#8221; custom_margin=&#8221;|-426px||||&#8221; custom_padding=&#8221;||0px|||&#8221; global_colors_info=&#8221;{}&#8221;]<\/p>\n<div id=\"page-zones__main-widgets__content1\" data-name=\"content\" class=\"content widget js-widget\" data-uniqueid=\"OloHtMAomHwAijU\" data-parentuniqueid=\"69O0NdSLr5jBL3F\">\n<div class=\"bk-content-text js-text-content   wysihtml-editor-content\">\n<p><span style=\"font-weight: 400;\">Sopimus syntyy usein tarjousprosessin tuloksena. Asiakas pyyt\u00e4\u00e4 tarjouksen ja ilmoittaa, mit\u00e4 ja mill\u00e4 ehdoin h\u00e4n tarvitsee. Joskus asiakas tiet\u00e4\u00e4 vain, ett\u00e4 h\u00e4n tarvitsee k\u00e4\u00e4nt\u00e4j\u00e4\u00e4 tai tulkkia, mutta ei osaa m\u00e4\u00e4ritell\u00e4 tarpeitaan kovin tarkasti eik\u00e4 tunne alan k\u00e4yt\u00e4nt\u00f6j\u00e4 &#8212; onhan kyse asiantuntijapalveluista, joista muilla aloilla toimivat eiv\u00e4t useinkaan tied\u00e4 kovinkaan paljon. T\u00e4ll\u00f6in on k\u00e4\u00e4nt\u00e4j\u00e4n on osattava kysell\u00e4, neuvoa ja tarjota vaihtoehtoja, jotta h\u00e4n voi tehd\u00e4 tarkoituksenmukaisen tarjouksen ja asiakas saada sit\u00e4, mit\u00e4 h\u00e4n todella tarvitsee. Kun tarvittava\/tarjottava palvelu on yhdess\u00e4 saatu m\u00e4\u00e4ritetty\u00e4, k\u00e4\u00e4nt\u00e4j\u00e4 antaa tarjouksensa. Tarjouksessa on ilmoitettava ehdot, joiden mukaan palvelu toimitetaan. Sitten asiakas voi hyl\u00e4t\u00e4 tarjouksen, tehd\u00e4 vastatarjouksen tai hyv\u00e4ksy\u00e4 tarjouksen.<\/span><\/p>\n<p><span style=\"font-weight: 400;\">Jos asiakas hylk\u00e4\u00e4 tarjouksen, se raukeaa eik\u00e4 sido en\u00e4\u00e4 kumpaakaan osapuolta.\u00a0<\/span><\/p>\n<p><span style=\"font-weight: 400;\">Asiakas voi my\u00f6s tehd\u00e4 vastatarjouksen eli h\u00e4n voi ehdottaa muutoksia esimerkiksi hintaan tai muihin ehtoihin. Sen j\u00e4lkeen myyj\u00e4 voi hyl\u00e4t\u00e4 vastatarjouksen, mik\u00e4 vapauttaa h\u00e4net tarjouksen sitovuudesta, tai jatkaa neuvotteluja. Lopulta ollaan tilanteessa, jossa tarkennettu tarjous joko hyv\u00e4ksyt\u00e4\u00e4n eli se tulee sitovaksi tai hyl\u00e4t\u00e4\u00e4n eli se raukeaa.<\/span><\/p>\n<p><span style=\"font-weight: 400;\">Kun asiakas hyv\u00e4ksyy tarjouksen ehtoineen, syntyy sopimus: asiakas sitoutuu hankintaan tarjouksen mukaisesti ja myyj\u00e4 sitoutuu toimittamaan palvelun luvattujen ehtojen mukaisesti. T\u00e4ss\u00e4 vaiheessa vet\u00e4ytyminen saattaa synnytt\u00e4\u00e4 vastuita kummallekin osapuolelle. Esimerkiksi jos asiakas peruuttaakin tilauksen tarjouksen vahvistamisen j\u00e4lkeen, myyj\u00e4lle saattaa synty\u00e4 oikeus korvaukseen h\u00e4nelle syntyneest\u00e4 vahingosta.\u00a0<\/span><\/p>\n<p><span style=\"font-weight: 400;\">T\u00e4rke\u00e4\u00e4 on se, ett\u00e4 kaikki ehdot ilmaistaan tarjouksessa tarkasti, sill\u00e4 ehdot, joita ei mainita tarjouksessa, eiv\u00e4t tule osaksi sopimusta. Ehtoja ovat esimerkiksi hinta, toimitusaika ja kommenttikierrosten m\u00e4\u00e4r\u00e4. Asiat on siis k\u00e4yt\u00e4v\u00e4 huolellisesti l\u00e4pi, ennakoitava erimielisyyksi\u00e4 mahdollisesti aiheuttavat asiat ja selvitett\u00e4v\u00e4 ep\u00e4selv\u00e4t yksityiskohdat, ennen kuin sopimus syntyy.\u00a0<\/span><\/p>\n<p><span style=\"font-weight: 400;\">K\u00e4yt\u00e4nn\u00f6ss\u00e4 on hyv\u00e4 laatia itselleen tarjous- ja sopimuspohja, jossa on lueteltuna tarjouksessa tavallisesti l\u00e4pik\u00e4yt\u00e4v\u00e4t tilauskohtaiset asiat (esim. kieliyhdistelm\u00e4t, aikataulut, oikoluvut, kommentoinnit) sek\u00e4 mukana yleiset ehdot (esim. maininnat palvelun hyv\u00e4ksymisest\u00e4 ja reklamointimahdollisuuksista, hinnat, laskutus- ja maksuehdot, vastuut). Tarjouksessa voi olla selv\u00e4sanainen maininta siit\u00e4, ett\u00e4 tarjouksen hyv\u00e4ksyminen johtaa sen sis\u00e4lt\u00f6isen sopimuksen syntymiseen. <\/span><\/p>\n<\/div>\n<\/div>\n<p>[\/et_pb_text][\/et_pb_column][et_pb_column type=&#8221;1_2&#8243; _builder_version=&#8221;4.16&#8243; custom_padding=&#8221;|||&#8221; global_colors_info=&#8221;{}&#8221; custom_padding__hover=&#8221;|||&#8221;][\/et_pb_column][\/et_pb_row][\/et_pb_section]<\/p>\n","protected":false},"excerpt":{"rendered":"<p>Sopimus syntyy usein tarjousprosessin tuloksena. Asiakas pyyt\u00e4\u00e4 tarjouksen ja ilmoittaa, mit\u00e4 ja mill\u00e4 ehdoin h\u00e4n tarvitsee. Joskus asiakas tiet\u00e4\u00e4 vain, ett\u00e4 h\u00e4n tarvitsee k\u00e4\u00e4nt\u00e4j\u00e4\u00e4 tai tulkkia, mutta ei osaa m\u00e4\u00e4ritell\u00e4 tarpeitaan kovin tarkasti eik\u00e4 tunne alan k\u00e4yt\u00e4nt\u00f6j\u00e4 &#8212; onhan kyse asiantuntijapalveluista, joista muilla aloilla toimivat eiv\u00e4t useinkaan tied\u00e4 kovinkaan paljon. T\u00e4ll\u00f6in on k\u00e4\u00e4nt\u00e4j\u00e4n on osattava [&hellip;]<\/p>\n","protected":false},"author":2,"featured_media":0,"parent":2,"menu_order":0,"comment_status":"closed","ping_status":"closed","template":"","meta":{"_et_pb_use_builder":"on","_et_pb_old_content":"","_et_gb_content_width":"","footnotes":""},"class_list":["post-272","page","type-page","status-publish","hentry"],"yoast_head":"<!-- This site is optimized with the Yoast SEO plugin v27.4 - https:\/\/yoast.com\/product\/yoast-seo-wordpress\/ -->\n<title>tarjouksesta syntyv\u00e4 sopimus - K\u00e4\u00e4nt\u00e4j\u00e4mestarin kirja<\/title>\n<meta name=\"robots\" content=\"index, follow, max-snippet:-1, max-image-preview:large, max-video-preview:-1\" \/>\n<link rel=\"canonical\" href=\"https:\/\/xn--kntjmestari-l8aacb.fi\/km\/etusivu\/tarjouksesta-syntyva-sopimus\/\" \/>\n<meta property=\"og:locale\" content=\"fi_FI\" \/>\n<meta property=\"og:type\" content=\"article\" \/>\n<meta property=\"og:title\" content=\"tarjouksesta syntyv\u00e4 sopimus - K\u00e4\u00e4nt\u00e4j\u00e4mestarin kirja\" \/>\n<meta property=\"og:description\" content=\"Sopimus syntyy usein tarjousprosessin tuloksena. Asiakas pyyt\u00e4\u00e4 tarjouksen ja ilmoittaa, mit\u00e4 ja mill\u00e4 ehdoin h\u00e4n tarvitsee. Joskus asiakas tiet\u00e4\u00e4 vain, ett\u00e4 h\u00e4n tarvitsee k\u00e4\u00e4nt\u00e4j\u00e4\u00e4 tai tulkkia, mutta ei osaa m\u00e4\u00e4ritell\u00e4 tarpeitaan kovin tarkasti eik\u00e4 tunne alan k\u00e4yt\u00e4nt\u00f6j\u00e4 -- onhan kyse asiantuntijapalveluista, joista muilla aloilla toimivat eiv\u00e4t useinkaan tied\u00e4 kovinkaan paljon. T\u00e4ll\u00f6in on k\u00e4\u00e4nt\u00e4j\u00e4n on osattava [&hellip;]\" \/>\n<meta property=\"og:url\" content=\"https:\/\/xn--kntjmestari-l8aacb.fi\/km\/etusivu\/tarjouksesta-syntyva-sopimus\/\" \/>\n<meta property=\"og:site_name\" content=\"K\u00e4\u00e4nt\u00e4j\u00e4mestarin kirja\" \/>\n<meta property=\"article:modified_time\" content=\"2022-10-06T19:09:23+00:00\" \/>\n<meta name=\"twitter:card\" content=\"summary_large_image\" \/>\n<meta name=\"twitter:label1\" content=\"Arvioitu lukuaika\" \/>\n\t<meta name=\"twitter:data1\" content=\"3 minuuttia\" \/>\n<script type=\"application\/ld+json\" class=\"yoast-schema-graph\">{\"@context\":\"https:\\\/\\\/schema.org\",\"@graph\":[{\"@type\":\"WebPage\",\"@id\":\"https:\\\/\\\/xn--kntjmestari-l8aacb.fi\\\/km\\\/etusivu\\\/tarjouksesta-syntyva-sopimus\\\/\",\"url\":\"https:\\\/\\\/xn--kntjmestari-l8aacb.fi\\\/km\\\/etusivu\\\/tarjouksesta-syntyva-sopimus\\\/\",\"name\":\"tarjouksesta syntyv\u00e4 sopimus - K\u00e4\u00e4nt\u00e4j\u00e4mestarin kirja\",\"isPartOf\":{\"@id\":\"https:\\\/\\\/xn--kntjmestari-l8aacb.fi\\\/km\\\/#website\"},\"datePublished\":\"2021-12-22T13:33:55+00:00\",\"dateModified\":\"2022-10-06T19:09:23+00:00\",\"breadcrumb\":{\"@id\":\"https:\\\/\\\/xn--kntjmestari-l8aacb.fi\\\/km\\\/etusivu\\\/tarjouksesta-syntyva-sopimus\\\/#breadcrumb\"},\"inLanguage\":\"fi\",\"potentialAction\":[{\"@type\":\"ReadAction\",\"target\":[\"https:\\\/\\\/xn--kntjmestari-l8aacb.fi\\\/km\\\/etusivu\\\/tarjouksesta-syntyva-sopimus\\\/\"]}]},{\"@type\":\"BreadcrumbList\",\"@id\":\"https:\\\/\\\/xn--kntjmestari-l8aacb.fi\\\/km\\\/etusivu\\\/tarjouksesta-syntyva-sopimus\\\/#breadcrumb\",\"itemListElement\":[{\"@type\":\"ListItem\",\"position\":1,\"name\":\"Etusivu\",\"item\":\"https:\\\/\\\/xn--kntjmestari-l8aacb.fi\\\/km\\\/\"},{\"@type\":\"ListItem\",\"position\":2,\"name\":\"K\u00e4\u00e4nt\u00e4j\u00e4mestarin kirja\",\"item\":\"https:\\\/\\\/xn--kntjmestari-l8aacb.fi\\\/km\\\/\"},{\"@type\":\"ListItem\",\"position\":3,\"name\":\"tarjouksesta syntyv\u00e4 sopimus\"}]},{\"@type\":\"WebSite\",\"@id\":\"https:\\\/\\\/xn--kntjmestari-l8aacb.fi\\\/km\\\/#website\",\"url\":\"https:\\\/\\\/xn--kntjmestari-l8aacb.fi\\\/km\\\/\",\"name\":\"K\u00e4\u00e4nt\u00e4j\u00e4mestarin kirja\",\"description\":\"k\u00e4yt\u00e4nn\u00f6n opas aloitteleville k\u00e4\u00e4nt\u00e4jille ja tulkeille\",\"publisher\":{\"@id\":\"https:\\\/\\\/xn--kntjmestari-l8aacb.fi\\\/km\\\/#organization\"},\"potentialAction\":[{\"@type\":\"SearchAction\",\"target\":{\"@type\":\"EntryPoint\",\"urlTemplate\":\"https:\\\/\\\/xn--kntjmestari-l8aacb.fi\\\/km\\\/?s={search_term_string}\"},\"query-input\":{\"@type\":\"PropertyValueSpecification\",\"valueRequired\":true,\"valueName\":\"search_term_string\"}}],\"inLanguage\":\"fi\"},{\"@type\":\"Organization\",\"@id\":\"https:\\\/\\\/xn--kntjmestari-l8aacb.fi\\\/km\\\/#organization\",\"name\":\"K\u00e4\u00e4nt\u00e4j\u00e4mestarit\",\"url\":\"https:\\\/\\\/xn--kntjmestari-l8aacb.fi\\\/km\\\/\",\"logo\":{\"@type\":\"ImageObject\",\"inLanguage\":\"fi\",\"@id\":\"https:\\\/\\\/xn--kntjmestari-l8aacb.fi\\\/km\\\/#\\\/schema\\\/logo\\\/image\\\/\",\"url\":\"https:\\\/\\\/xn--kntjmestari-l8aacb.fi\\\/km\\\/wp-content\\\/uploads\\\/2021\\\/12\\\/logo.jpg\",\"contentUrl\":\"https:\\\/\\\/xn--kntjmestari-l8aacb.fi\\\/km\\\/wp-content\\\/uploads\\\/2021\\\/12\\\/logo.jpg\",\"width\":509,\"height\":530,\"caption\":\"K\u00e4\u00e4nt\u00e4j\u00e4mestarit\"},\"image\":{\"@id\":\"https:\\\/\\\/xn--kntjmestari-l8aacb.fi\\\/km\\\/#\\\/schema\\\/logo\\\/image\\\/\"}}]}<\/script>\n<!-- \/ Yoast SEO plugin. -->","yoast_head_json":{"title":"tarjouksesta syntyv\u00e4 sopimus - K\u00e4\u00e4nt\u00e4j\u00e4mestarin kirja","robots":{"index":"index","follow":"follow","max-snippet":"max-snippet:-1","max-image-preview":"max-image-preview:large","max-video-preview":"max-video-preview:-1"},"canonical":"https:\/\/xn--kntjmestari-l8aacb.fi\/km\/etusivu\/tarjouksesta-syntyva-sopimus\/","og_locale":"fi_FI","og_type":"article","og_title":"tarjouksesta syntyv\u00e4 sopimus - K\u00e4\u00e4nt\u00e4j\u00e4mestarin kirja","og_description":"Sopimus syntyy usein tarjousprosessin tuloksena. Asiakas pyyt\u00e4\u00e4 tarjouksen ja ilmoittaa, mit\u00e4 ja mill\u00e4 ehdoin h\u00e4n tarvitsee. Joskus asiakas tiet\u00e4\u00e4 vain, ett\u00e4 h\u00e4n tarvitsee k\u00e4\u00e4nt\u00e4j\u00e4\u00e4 tai tulkkia, mutta ei osaa m\u00e4\u00e4ritell\u00e4 tarpeitaan kovin tarkasti eik\u00e4 tunne alan k\u00e4yt\u00e4nt\u00f6j\u00e4 -- onhan kyse asiantuntijapalveluista, joista muilla aloilla toimivat eiv\u00e4t useinkaan tied\u00e4 kovinkaan paljon. T\u00e4ll\u00f6in on k\u00e4\u00e4nt\u00e4j\u00e4n on osattava [&hellip;]","og_url":"https:\/\/xn--kntjmestari-l8aacb.fi\/km\/etusivu\/tarjouksesta-syntyva-sopimus\/","og_site_name":"K\u00e4\u00e4nt\u00e4j\u00e4mestarin kirja","article_modified_time":"2022-10-06T19:09:23+00:00","twitter_card":"summary_large_image","twitter_misc":{"Arvioitu lukuaika":"3 minuuttia"},"schema":{"@context":"https:\/\/schema.org","@graph":[{"@type":"WebPage","@id":"https:\/\/xn--kntjmestari-l8aacb.fi\/km\/etusivu\/tarjouksesta-syntyva-sopimus\/","url":"https:\/\/xn--kntjmestari-l8aacb.fi\/km\/etusivu\/tarjouksesta-syntyva-sopimus\/","name":"tarjouksesta syntyv\u00e4 sopimus - K\u00e4\u00e4nt\u00e4j\u00e4mestarin kirja","isPartOf":{"@id":"https:\/\/xn--kntjmestari-l8aacb.fi\/km\/#website"},"datePublished":"2021-12-22T13:33:55+00:00","dateModified":"2022-10-06T19:09:23+00:00","breadcrumb":{"@id":"https:\/\/xn--kntjmestari-l8aacb.fi\/km\/etusivu\/tarjouksesta-syntyva-sopimus\/#breadcrumb"},"inLanguage":"fi","potentialAction":[{"@type":"ReadAction","target":["https:\/\/xn--kntjmestari-l8aacb.fi\/km\/etusivu\/tarjouksesta-syntyva-sopimus\/"]}]},{"@type":"BreadcrumbList","@id":"https:\/\/xn--kntjmestari-l8aacb.fi\/km\/etusivu\/tarjouksesta-syntyva-sopimus\/#breadcrumb","itemListElement":[{"@type":"ListItem","position":1,"name":"Etusivu","item":"https:\/\/xn--kntjmestari-l8aacb.fi\/km\/"},{"@type":"ListItem","position":2,"name":"K\u00e4\u00e4nt\u00e4j\u00e4mestarin kirja","item":"https:\/\/xn--kntjmestari-l8aacb.fi\/km\/"},{"@type":"ListItem","position":3,"name":"tarjouksesta syntyv\u00e4 sopimus"}]},{"@type":"WebSite","@id":"https:\/\/xn--kntjmestari-l8aacb.fi\/km\/#website","url":"https:\/\/xn--kntjmestari-l8aacb.fi\/km\/","name":"K\u00e4\u00e4nt\u00e4j\u00e4mestarin kirja","description":"k\u00e4yt\u00e4nn\u00f6n opas aloitteleville k\u00e4\u00e4nt\u00e4jille ja tulkeille","publisher":{"@id":"https:\/\/xn--kntjmestari-l8aacb.fi\/km\/#organization"},"potentialAction":[{"@type":"SearchAction","target":{"@type":"EntryPoint","urlTemplate":"https:\/\/xn--kntjmestari-l8aacb.fi\/km\/?s={search_term_string}"},"query-input":{"@type":"PropertyValueSpecification","valueRequired":true,"valueName":"search_term_string"}}],"inLanguage":"fi"},{"@type":"Organization","@id":"https:\/\/xn--kntjmestari-l8aacb.fi\/km\/#organization","name":"K\u00e4\u00e4nt\u00e4j\u00e4mestarit","url":"https:\/\/xn--kntjmestari-l8aacb.fi\/km\/","logo":{"@type":"ImageObject","inLanguage":"fi","@id":"https:\/\/xn--kntjmestari-l8aacb.fi\/km\/#\/schema\/logo\/image\/","url":"https:\/\/xn--kntjmestari-l8aacb.fi\/km\/wp-content\/uploads\/2021\/12\/logo.jpg","contentUrl":"https:\/\/xn--kntjmestari-l8aacb.fi\/km\/wp-content\/uploads\/2021\/12\/logo.jpg","width":509,"height":530,"caption":"K\u00e4\u00e4nt\u00e4j\u00e4mestarit"},"image":{"@id":"https:\/\/xn--kntjmestari-l8aacb.fi\/km\/#\/schema\/logo\/image\/"}}]}},"_links":{"self":[{"href":"https:\/\/xn--kntjmestari-l8aacb.fi\/km\/wp-json\/wp\/v2\/pages\/272","targetHints":{"allow":["GET"]}}],"collection":[{"href":"https:\/\/xn--kntjmestari-l8aacb.fi\/km\/wp-json\/wp\/v2\/pages"}],"about":[{"href":"https:\/\/xn--kntjmestari-l8aacb.fi\/km\/wp-json\/wp\/v2\/types\/page"}],"author":[{"embeddable":true,"href":"https:\/\/xn--kntjmestari-l8aacb.fi\/km\/wp-json\/wp\/v2\/users\/2"}],"replies":[{"embeddable":true,"href":"https:\/\/xn--kntjmestari-l8aacb.fi\/km\/wp-json\/wp\/v2\/comments?post=272"}],"version-history":[{"count":3,"href":"https:\/\/xn--kntjmestari-l8aacb.fi\/km\/wp-json\/wp\/v2\/pages\/272\/revisions"}],"predecessor-version":[{"id":1045,"href":"https:\/\/xn--kntjmestari-l8aacb.fi\/km\/wp-json\/wp\/v2\/pages\/272\/revisions\/1045"}],"up":[{"embeddable":true,"href":"https:\/\/xn--kntjmestari-l8aacb.fi\/km\/wp-json\/wp\/v2\/pages\/2"}],"wp:attachment":[{"href":"https:\/\/xn--kntjmestari-l8aacb.fi\/km\/wp-json\/wp\/v2\/media?parent=272"}],"curies":[{"name":"wp","href":"https:\/\/api.w.org\/{rel}","templated":true}]}}