{"id":279,"date":"2021-12-22T13:38:29","date_gmt":"2021-12-22T13:38:29","guid":{"rendered":"https:\/\/xn--kntjmestari-l8aacb.fi\/km\/?page_id=279"},"modified":"2021-12-22T13:38:29","modified_gmt":"2021-12-22T13:38:29","slug":"sopimus-sahkopostikirjeenvaihdon-kautta","status":"publish","type":"page","link":"https:\/\/xn--kntjmestari-l8aacb.fi\/km\/etusivu\/luku-9-sopiminen\/sopimus-sahkopostikirjeenvaihdon-kautta\/","title":{"rendered":"SOPIMUS S\u00c4HK\u00d6POSTIKIRJEENVAIHDON KAUTTA"},"content":{"rendered":"<p>[et_pb_section fb_built=&#8221;1&#8243; _builder_version=&#8221;3.22&#8243; global_colors_info=&#8221;{}&#8221; theme_builder_area=&#8221;post_content&#8221;][et_pb_row _builder_version=&#8221;4.14.2&#8243; _module_preset=&#8221;default&#8221; global_colors_info=&#8221;{}&#8221; theme_builder_area=&#8221;post_content&#8221;][et_pb_column type=&#8221;4_4&#8243; _builder_version=&#8221;4.14.2&#8243; _module_preset=&#8221;default&#8221; global_colors_info=&#8221;{}&#8221; theme_builder_area=&#8221;post_content&#8221;][et_pb_post_title meta=&#8221;off&#8221; featured_image=&#8221;off&#8221; _builder_version=&#8221;4.14.2&#8243; _module_preset=&#8221;default&#8221; global_colors_info=&#8221;{}&#8221; theme_builder_area=&#8221;post_content&#8221;][\/et_pb_post_title][\/et_pb_column][\/et_pb_row][et_pb_row column_structure=&#8221;1_2,1_2&#8243; _builder_version=&#8221;3.25&#8243; background_size=&#8221;initial&#8221; background_position=&#8221;top_left&#8221; background_repeat=&#8221;repeat&#8221; global_colors_info=&#8221;{}&#8221; theme_builder_area=&#8221;post_content&#8221;][et_pb_column type=&#8221;1_2&#8243; _builder_version=&#8221;3.25&#8243; custom_padding=&#8221;|||&#8221; global_colors_info=&#8221;{}&#8221; custom_padding__hover=&#8221;|||&#8221; theme_builder_area=&#8221;post_content&#8221;][et_pb_text _builder_version=&#8221;4.14.2&#8243; background_size=&#8221;initial&#8221; background_position=&#8221;top_left&#8221; background_repeat=&#8221;repeat&#8221; custom_padding=&#8221;||0px|||&#8221; global_colors_info=&#8221;{}&#8221; theme_builder_area=&#8221;post_content&#8221;]<\/p>\n<div id=\"page-zones__main-widgets__content1\" data-name=\"content\" class=\"content widget js-widget\" data-uniqueid=\"OloHtMAomHwAijU\" data-parentuniqueid=\"69O0NdSLr5jBL3F\">\n<div class=\"bk-content-text js-text-content   wysihtml-editor-content\">\n<div id=\"page-zones__main-widgets__responsivecolumns-zones__column-widgets__content1\" data-name=\"content\" class=\"content widget js-widget\" data-uniqueid=\"PSmrChrVcSNBCyJ\" data-parentuniqueid=\"1VrvzxZr7bE023P\">\n<div class=\"bk-content-text js-text-content   wysihtml-editor-content\">\n<p><span style=\"font-weight: 400;\">S\u00e4hk\u00f6postikirjeenvaihdon kautta sovittu toimeksianto sitoo samalla tavalla kuin allekirjoitettu sopimuskin. T\u00e4rke\u00e4\u00e4 on vain muistaa ilmoittaa selke\u00e4ll\u00e4 tavalla toimitusehdot. Jos neuvottelu polveilee runsaasti, voi olla j\u00e4rkev\u00e4\u00e4 l\u00e4hett\u00e4\u00e4 asiakkaalle viel\u00e4 selke\u00e4 yhteenveto kaikesta sovitusta.<\/span><\/p>\n<p>&nbsp;<\/p>\n<p><span style=\"font-weight: 400;\">S\u00e4hk\u00f6postikirjeenvaihto kannattaa s\u00e4ilytt\u00e4\u00e4, sill\u00e4 sen avulla voit tarvittaessa todentaa, mit\u00e4 on sovittu ja kenen kanssa. Samalla voit itsekin rauhoittaa mielt\u00e4si &#8212; mit\u00e4h\u00e4n sit\u00e4 tulikaan luvattua\u2026<\/span><\/p>\n<\/div>\n<\/div>\n<div id=\"page-zones__main-widgets__responsivecolumns-zones__column-widgets__content\" data-name=\"content\" class=\"content widget js-widget\" data-uniqueid=\"B6zwkloF8jvfRbD\" data-parentuniqueid=\"1VrvzxZr7bE023P\">\n<div class=\"bk-content-text js-text-content   wysihtml-editor-content\"><\/div>\n<\/div>\n<\/div>\n<\/div>\n<p>[\/et_pb_text][\/et_pb_column][et_pb_column type=&#8221;1_2&#8243; _builder_version=&#8221;3.25&#8243; custom_padding=&#8221;|||&#8221; global_colors_info=&#8221;{}&#8221; custom_padding__hover=&#8221;|||&#8221; theme_builder_area=&#8221;post_content&#8221;][et_pb_image src=&#8221;https:\/\/xn--kntjmestari-l8aacb.fi\/km\/wp-content\/uploads\/2021\/12\/kaantaja_i_luku1_luku7_luku7_luku7_luku7.jpg&#8221; title_text=&#8221;kaantaja_i_luku1_luku7_luku7_luku7_luku7&#8243; _builder_version=&#8221;4.14.2&#8243; _module_preset=&#8221;default&#8221; global_colors_info=&#8221;{}&#8221; theme_builder_area=&#8221;post_content&#8221;][\/et_pb_image][\/et_pb_column][\/et_pb_row][\/et_pb_section]<\/p>\n","protected":false},"excerpt":{"rendered":"<p>S\u00e4hk\u00f6postikirjeenvaihdon kautta sovittu toimeksianto sitoo samalla tavalla kuin allekirjoitettu sopimuskin. T\u00e4rke\u00e4\u00e4 on vain muistaa ilmoittaa selke\u00e4ll\u00e4 tavalla toimitusehdot. Jos neuvottelu polveilee runsaasti, voi olla j\u00e4rkev\u00e4\u00e4 l\u00e4hett\u00e4\u00e4 asiakkaalle viel\u00e4 selke\u00e4 yhteenveto kaikesta sovitusta. &nbsp; S\u00e4hk\u00f6postikirjeenvaihto kannattaa s\u00e4ilytt\u00e4\u00e4, sill\u00e4 sen avulla voit tarvittaessa todentaa, mit\u00e4 on sovittu ja kenen kanssa. Samalla voit itsekin rauhoittaa mielt\u00e4si &#8212; mit\u00e4h\u00e4n [&hellip;]<\/p>\n","protected":false},"author":2,"featured_media":0,"parent":267,"menu_order":0,"comment_status":"closed","ping_status":"closed","template":"","meta":{"_et_pb_use_builder":"on","_et_pb_old_content":"","_et_gb_content_width":"","footnotes":""},"class_list":["post-279","page","type-page","status-publish","hentry"],"yoast_head":"<!-- This site is optimized with the Yoast SEO plugin v27.4 - https:\/\/yoast.com\/product\/yoast-seo-wordpress\/ -->\n<title>SOPIMUS S\u00c4HK\u00d6POSTIKIRJEENVAIHDON KAUTTA - K\u00e4\u00e4nt\u00e4j\u00e4mestarin kirja<\/title>\n<meta name=\"robots\" content=\"index, follow, max-snippet:-1, max-image-preview:large, max-video-preview:-1\" \/>\n<link rel=\"canonical\" href=\"https:\/\/xn--kntjmestari-l8aacb.fi\/km\/etusivu\/luku-9-sopiminen\/sopimus-sahkopostikirjeenvaihdon-kautta\/\" \/>\n<meta property=\"og:locale\" content=\"fi_FI\" \/>\n<meta property=\"og:type\" content=\"article\" \/>\n<meta property=\"og:title\" content=\"SOPIMUS S\u00c4HK\u00d6POSTIKIRJEENVAIHDON KAUTTA - K\u00e4\u00e4nt\u00e4j\u00e4mestarin kirja\" \/>\n<meta property=\"og:description\" content=\"S\u00e4hk\u00f6postikirjeenvaihdon kautta sovittu toimeksianto sitoo samalla tavalla kuin allekirjoitettu sopimuskin. T\u00e4rke\u00e4\u00e4 on vain muistaa ilmoittaa selke\u00e4ll\u00e4 tavalla toimitusehdot. Jos neuvottelu polveilee runsaasti, voi olla j\u00e4rkev\u00e4\u00e4 l\u00e4hett\u00e4\u00e4 asiakkaalle viel\u00e4 selke\u00e4 yhteenveto kaikesta sovitusta. &nbsp; S\u00e4hk\u00f6postikirjeenvaihto kannattaa s\u00e4ilytt\u00e4\u00e4, sill\u00e4 sen avulla voit tarvittaessa todentaa, mit\u00e4 on sovittu ja kenen kanssa. Samalla voit itsekin rauhoittaa mielt\u00e4si -- mit\u00e4h\u00e4n [&hellip;]\" \/>\n<meta property=\"og:url\" content=\"https:\/\/xn--kntjmestari-l8aacb.fi\/km\/etusivu\/luku-9-sopiminen\/sopimus-sahkopostikirjeenvaihdon-kautta\/\" \/>\n<meta property=\"og:site_name\" content=\"K\u00e4\u00e4nt\u00e4j\u00e4mestarin kirja\" \/>\n<meta name=\"twitter:card\" content=\"summary_large_image\" \/>\n<meta name=\"twitter:label1\" content=\"Arvioitu lukuaika\" \/>\n\t<meta name=\"twitter:data1\" content=\"1 minuutti\" \/>\n<script type=\"application\/ld+json\" class=\"yoast-schema-graph\">{\"@context\":\"https:\\\/\\\/schema.org\",\"@graph\":[{\"@type\":\"WebPage\",\"@id\":\"https:\\\/\\\/xn--kntjmestari-l8aacb.fi\\\/km\\\/etusivu\\\/luku-9-sopiminen\\\/sopimus-sahkopostikirjeenvaihdon-kautta\\\/\",\"url\":\"https:\\\/\\\/xn--kntjmestari-l8aacb.fi\\\/km\\\/etusivu\\\/luku-9-sopiminen\\\/sopimus-sahkopostikirjeenvaihdon-kautta\\\/\",\"name\":\"SOPIMUS S\u00c4HK\u00d6POSTIKIRJEENVAIHDON KAUTTA - K\u00e4\u00e4nt\u00e4j\u00e4mestarin kirja\",\"isPartOf\":{\"@id\":\"https:\\\/\\\/xn--kntjmestari-l8aacb.fi\\\/km\\\/#website\"},\"datePublished\":\"2021-12-22T13:38:29+00:00\",\"breadcrumb\":{\"@id\":\"https:\\\/\\\/xn--kntjmestari-l8aacb.fi\\\/km\\\/etusivu\\\/luku-9-sopiminen\\\/sopimus-sahkopostikirjeenvaihdon-kautta\\\/#breadcrumb\"},\"inLanguage\":\"fi\",\"potentialAction\":[{\"@type\":\"ReadAction\",\"target\":[\"https:\\\/\\\/xn--kntjmestari-l8aacb.fi\\\/km\\\/etusivu\\\/luku-9-sopiminen\\\/sopimus-sahkopostikirjeenvaihdon-kautta\\\/\"]}]},{\"@type\":\"BreadcrumbList\",\"@id\":\"https:\\\/\\\/xn--kntjmestari-l8aacb.fi\\\/km\\\/etusivu\\\/luku-9-sopiminen\\\/sopimus-sahkopostikirjeenvaihdon-kautta\\\/#breadcrumb\",\"itemListElement\":[{\"@type\":\"ListItem\",\"position\":1,\"name\":\"Etusivu\",\"item\":\"https:\\\/\\\/xn--kntjmestari-l8aacb.fi\\\/km\\\/\"},{\"@type\":\"ListItem\",\"position\":2,\"name\":\"K\u00e4\u00e4nt\u00e4j\u00e4mestarin kirja\",\"item\":\"https:\\\/\\\/xn--kntjmestari-l8aacb.fi\\\/km\\\/\"},{\"@type\":\"ListItem\",\"position\":3,\"name\":\"luku 9 &#8211; sopiminen\",\"item\":\"https:\\\/\\\/xn--kntjmestari-l8aacb.fi\\\/km\\\/etusivu\\\/luku-9-sopiminen\\\/\"},{\"@type\":\"ListItem\",\"position\":4,\"name\":\"SOPIMUS S\u00c4HK\u00d6POSTIKIRJEENVAIHDON KAUTTA\"}]},{\"@type\":\"WebSite\",\"@id\":\"https:\\\/\\\/xn--kntjmestari-l8aacb.fi\\\/km\\\/#website\",\"url\":\"https:\\\/\\\/xn--kntjmestari-l8aacb.fi\\\/km\\\/\",\"name\":\"K\u00e4\u00e4nt\u00e4j\u00e4mestarin kirja\",\"description\":\"k\u00e4yt\u00e4nn\u00f6n opas aloitteleville k\u00e4\u00e4nt\u00e4jille ja tulkeille\",\"publisher\":{\"@id\":\"https:\\\/\\\/xn--kntjmestari-l8aacb.fi\\\/km\\\/#organization\"},\"potentialAction\":[{\"@type\":\"SearchAction\",\"target\":{\"@type\":\"EntryPoint\",\"urlTemplate\":\"https:\\\/\\\/xn--kntjmestari-l8aacb.fi\\\/km\\\/?s={search_term_string}\"},\"query-input\":{\"@type\":\"PropertyValueSpecification\",\"valueRequired\":true,\"valueName\":\"search_term_string\"}}],\"inLanguage\":\"fi\"},{\"@type\":\"Organization\",\"@id\":\"https:\\\/\\\/xn--kntjmestari-l8aacb.fi\\\/km\\\/#organization\",\"name\":\"K\u00e4\u00e4nt\u00e4j\u00e4mestarit\",\"url\":\"https:\\\/\\\/xn--kntjmestari-l8aacb.fi\\\/km\\\/\",\"logo\":{\"@type\":\"ImageObject\",\"inLanguage\":\"fi\",\"@id\":\"https:\\\/\\\/xn--kntjmestari-l8aacb.fi\\\/km\\\/#\\\/schema\\\/logo\\\/image\\\/\",\"url\":\"https:\\\/\\\/xn--kntjmestari-l8aacb.fi\\\/km\\\/wp-content\\\/uploads\\\/2021\\\/12\\\/logo.jpg\",\"contentUrl\":\"https:\\\/\\\/xn--kntjmestari-l8aacb.fi\\\/km\\\/wp-content\\\/uploads\\\/2021\\\/12\\\/logo.jpg\",\"width\":509,\"height\":530,\"caption\":\"K\u00e4\u00e4nt\u00e4j\u00e4mestarit\"},\"image\":{\"@id\":\"https:\\\/\\\/xn--kntjmestari-l8aacb.fi\\\/km\\\/#\\\/schema\\\/logo\\\/image\\\/\"}}]}<\/script>\n<!-- \/ Yoast SEO plugin. -->","yoast_head_json":{"title":"SOPIMUS S\u00c4HK\u00d6POSTIKIRJEENVAIHDON KAUTTA - K\u00e4\u00e4nt\u00e4j\u00e4mestarin kirja","robots":{"index":"index","follow":"follow","max-snippet":"max-snippet:-1","max-image-preview":"max-image-preview:large","max-video-preview":"max-video-preview:-1"},"canonical":"https:\/\/xn--kntjmestari-l8aacb.fi\/km\/etusivu\/luku-9-sopiminen\/sopimus-sahkopostikirjeenvaihdon-kautta\/","og_locale":"fi_FI","og_type":"article","og_title":"SOPIMUS S\u00c4HK\u00d6POSTIKIRJEENVAIHDON KAUTTA - K\u00e4\u00e4nt\u00e4j\u00e4mestarin kirja","og_description":"S\u00e4hk\u00f6postikirjeenvaihdon kautta sovittu toimeksianto sitoo samalla tavalla kuin allekirjoitettu sopimuskin. T\u00e4rke\u00e4\u00e4 on vain muistaa ilmoittaa selke\u00e4ll\u00e4 tavalla toimitusehdot. Jos neuvottelu polveilee runsaasti, voi olla j\u00e4rkev\u00e4\u00e4 l\u00e4hett\u00e4\u00e4 asiakkaalle viel\u00e4 selke\u00e4 yhteenveto kaikesta sovitusta. &nbsp; S\u00e4hk\u00f6postikirjeenvaihto kannattaa s\u00e4ilytt\u00e4\u00e4, sill\u00e4 sen avulla voit tarvittaessa todentaa, mit\u00e4 on sovittu ja kenen kanssa. Samalla voit itsekin rauhoittaa mielt\u00e4si -- mit\u00e4h\u00e4n [&hellip;]","og_url":"https:\/\/xn--kntjmestari-l8aacb.fi\/km\/etusivu\/luku-9-sopiminen\/sopimus-sahkopostikirjeenvaihdon-kautta\/","og_site_name":"K\u00e4\u00e4nt\u00e4j\u00e4mestarin kirja","twitter_card":"summary_large_image","twitter_misc":{"Arvioitu lukuaika":"1 minuutti"},"schema":{"@context":"https:\/\/schema.org","@graph":[{"@type":"WebPage","@id":"https:\/\/xn--kntjmestari-l8aacb.fi\/km\/etusivu\/luku-9-sopiminen\/sopimus-sahkopostikirjeenvaihdon-kautta\/","url":"https:\/\/xn--kntjmestari-l8aacb.fi\/km\/etusivu\/luku-9-sopiminen\/sopimus-sahkopostikirjeenvaihdon-kautta\/","name":"SOPIMUS S\u00c4HK\u00d6POSTIKIRJEENVAIHDON KAUTTA - K\u00e4\u00e4nt\u00e4j\u00e4mestarin kirja","isPartOf":{"@id":"https:\/\/xn--kntjmestari-l8aacb.fi\/km\/#website"},"datePublished":"2021-12-22T13:38:29+00:00","breadcrumb":{"@id":"https:\/\/xn--kntjmestari-l8aacb.fi\/km\/etusivu\/luku-9-sopiminen\/sopimus-sahkopostikirjeenvaihdon-kautta\/#breadcrumb"},"inLanguage":"fi","potentialAction":[{"@type":"ReadAction","target":["https:\/\/xn--kntjmestari-l8aacb.fi\/km\/etusivu\/luku-9-sopiminen\/sopimus-sahkopostikirjeenvaihdon-kautta\/"]}]},{"@type":"BreadcrumbList","@id":"https:\/\/xn--kntjmestari-l8aacb.fi\/km\/etusivu\/luku-9-sopiminen\/sopimus-sahkopostikirjeenvaihdon-kautta\/#breadcrumb","itemListElement":[{"@type":"ListItem","position":1,"name":"Etusivu","item":"https:\/\/xn--kntjmestari-l8aacb.fi\/km\/"},{"@type":"ListItem","position":2,"name":"K\u00e4\u00e4nt\u00e4j\u00e4mestarin kirja","item":"https:\/\/xn--kntjmestari-l8aacb.fi\/km\/"},{"@type":"ListItem","position":3,"name":"luku 9 &#8211; sopiminen","item":"https:\/\/xn--kntjmestari-l8aacb.fi\/km\/etusivu\/luku-9-sopiminen\/"},{"@type":"ListItem","position":4,"name":"SOPIMUS S\u00c4HK\u00d6POSTIKIRJEENVAIHDON KAUTTA"}]},{"@type":"WebSite","@id":"https:\/\/xn--kntjmestari-l8aacb.fi\/km\/#website","url":"https:\/\/xn--kntjmestari-l8aacb.fi\/km\/","name":"K\u00e4\u00e4nt\u00e4j\u00e4mestarin kirja","description":"k\u00e4yt\u00e4nn\u00f6n opas aloitteleville k\u00e4\u00e4nt\u00e4jille ja tulkeille","publisher":{"@id":"https:\/\/xn--kntjmestari-l8aacb.fi\/km\/#organization"},"potentialAction":[{"@type":"SearchAction","target":{"@type":"EntryPoint","urlTemplate":"https:\/\/xn--kntjmestari-l8aacb.fi\/km\/?s={search_term_string}"},"query-input":{"@type":"PropertyValueSpecification","valueRequired":true,"valueName":"search_term_string"}}],"inLanguage":"fi"},{"@type":"Organization","@id":"https:\/\/xn--kntjmestari-l8aacb.fi\/km\/#organization","name":"K\u00e4\u00e4nt\u00e4j\u00e4mestarit","url":"https:\/\/xn--kntjmestari-l8aacb.fi\/km\/","logo":{"@type":"ImageObject","inLanguage":"fi","@id":"https:\/\/xn--kntjmestari-l8aacb.fi\/km\/#\/schema\/logo\/image\/","url":"https:\/\/xn--kntjmestari-l8aacb.fi\/km\/wp-content\/uploads\/2021\/12\/logo.jpg","contentUrl":"https:\/\/xn--kntjmestari-l8aacb.fi\/km\/wp-content\/uploads\/2021\/12\/logo.jpg","width":509,"height":530,"caption":"K\u00e4\u00e4nt\u00e4j\u00e4mestarit"},"image":{"@id":"https:\/\/xn--kntjmestari-l8aacb.fi\/km\/#\/schema\/logo\/image\/"}}]}},"_links":{"self":[{"href":"https:\/\/xn--kntjmestari-l8aacb.fi\/km\/wp-json\/wp\/v2\/pages\/279","targetHints":{"allow":["GET"]}}],"collection":[{"href":"https:\/\/xn--kntjmestari-l8aacb.fi\/km\/wp-json\/wp\/v2\/pages"}],"about":[{"href":"https:\/\/xn--kntjmestari-l8aacb.fi\/km\/wp-json\/wp\/v2\/types\/page"}],"author":[{"embeddable":true,"href":"https:\/\/xn--kntjmestari-l8aacb.fi\/km\/wp-json\/wp\/v2\/users\/2"}],"replies":[{"embeddable":true,"href":"https:\/\/xn--kntjmestari-l8aacb.fi\/km\/wp-json\/wp\/v2\/comments?post=279"}],"version-history":[{"count":2,"href":"https:\/\/xn--kntjmestari-l8aacb.fi\/km\/wp-json\/wp\/v2\/pages\/279\/revisions"}],"predecessor-version":[{"id":281,"href":"https:\/\/xn--kntjmestari-l8aacb.fi\/km\/wp-json\/wp\/v2\/pages\/279\/revisions\/281"}],"up":[{"embeddable":true,"href":"https:\/\/xn--kntjmestari-l8aacb.fi\/km\/wp-json\/wp\/v2\/pages\/267"}],"wp:attachment":[{"href":"https:\/\/xn--kntjmestari-l8aacb.fi\/km\/wp-json\/wp\/v2\/media?parent=279"}],"curies":[{"name":"wp","href":"https:\/\/api.w.org\/{rel}","templated":true}]}}