{"id":282,"date":"2021-12-22T13:40:39","date_gmt":"2021-12-22T13:40:39","guid":{"rendered":"https:\/\/xn--kntjmestari-l8aacb.fi\/km\/?page_id=282"},"modified":"2022-02-04T12:28:44","modified_gmt":"2022-02-04T12:28:44","slug":"puitesopimukset-ja-vakioehdot","status":"publish","type":"page","link":"https:\/\/xn--kntjmestari-l8aacb.fi\/km\/etusivu\/luku-9-sopiminen\/puitesopimukset-ja-vakioehdot\/","title":{"rendered":"puitesopimukset ja vakioehdot"},"content":{"rendered":"<p>[et_pb_section fb_built=&#8221;1&#8243; _builder_version=&#8221;3.22&#8243; global_colors_info=&#8221;{}&#8221;][et_pb_row _builder_version=&#8221;4.14.2&#8243; _module_preset=&#8221;default&#8221; global_colors_info=&#8221;{}&#8221;][et_pb_column type=&#8221;4_4&#8243; _builder_version=&#8221;4.14.2&#8243; _module_preset=&#8221;default&#8221; global_colors_info=&#8221;{}&#8221;][et_pb_post_title meta=&#8221;off&#8221; featured_image=&#8221;off&#8221; _builder_version=&#8221;4.14.2&#8243; _module_preset=&#8221;default&#8221; global_colors_info=&#8221;{}&#8221;][\/et_pb_post_title][\/et_pb_column][\/et_pb_row][et_pb_row column_structure=&#8221;1_2,1_2&#8243; _builder_version=&#8221;3.25&#8243; background_size=&#8221;initial&#8221; background_position=&#8221;top_left&#8221; background_repeat=&#8221;repeat&#8221; global_colors_info=&#8221;{}&#8221;][et_pb_column type=&#8221;1_2&#8243; _builder_version=&#8221;3.25&#8243; custom_padding=&#8221;|||&#8221; global_colors_info=&#8221;{}&#8221; custom_padding__hover=&#8221;|||&#8221;][et_pb_text _builder_version=&#8221;4.14.2&#8243; background_size=&#8221;initial&#8221; background_position=&#8221;top_left&#8221; background_repeat=&#8221;repeat&#8221; custom_margin=&#8221;|-426px||||&#8221; custom_padding=&#8221;||0px|||&#8221; global_colors_info=&#8221;{}&#8221;]<\/p>\n<div id=\"page-zones__main-widgets__content1\" data-name=\"content\" class=\"content widget js-widget\" data-uniqueid=\"OloHtMAomHwAijU\" data-parentuniqueid=\"69O0NdSLr5jBL3F\">\n<div class=\"bk-content-text js-text-content   wysihtml-editor-content\">\n<p><span style=\"font-weight: 400;\">Suuremmat k\u00e4\u00e4nn\u00f6stoimistot haluavat yleens\u00e4 solmia ns. puite- tai raamisopimuksen ennen varsinaisen yhteisty\u00f6n aloittamista. Puitesopimuksella asetetaan yhteisty\u00f6n yleiset ehdot, eli siin\u00e4 ei siis sovita yksitt\u00e4isten toimeksiantojen k\u00e4yt\u00e4nn\u00f6n seikoista, vaan laajemmista yhteisty\u00f6n linjoista. Puitesopimus tehd\u00e4\u00e4n, jotta jokaisen toimeksiannon yhteydess\u00e4 ei olisi tarpeen neuvotella n\u00e4ist\u00e4 laajemmista yhteisty\u00f6n ehdoista. Puitesopimus kannattaa lukea huolellisesti ja tarttua kaikkiin askarruttaviin kohtiin.<\/span><span style=\"font-weight: 400;\"><\/span><\/p>\n<p><span style=\"font-weight: 400;\">Yritykset saavat sopia kesken\u00e4\u00e4n kaikkea, mik\u00e4 on laillista. Vaikka olisit freelancer\/yksinyritt\u00e4j\u00e4, olet sopimusta tehdess\u00e4si yritys. Joissakin tapauksissa kiistatilanteissa voidaan sopimusehtoja kohtuullistaa, mutta se tarkoittaa joka tapauksessa jonkinlaista oikeudenk\u00e4yntiprosessia. Ty\u00f6sopimuksista tuttuja kilpailukieltoja yritt\u00e4j\u00e4n kannattaa mietti\u00e4 kaksi kertaa &#8211; voitko oman toimeentulosi turvaten allekirjoittaa sopimuksen, ettet viiteen vuoteen yhteisty\u00f6n p\u00e4\u00e4ttymisen j\u00e4lkeen \/ yhteisty\u00f6n aikana tuota palveluita kyseist\u00e4 sektoria edustaville muille alan yrityksille. Mit\u00e4 jos kyseinen sektori on ydinosaamisaluettasi? Tai miten voit varmistua loppuasiakkaasta, jos teet yhteisty\u00f6t\u00e4 toisen k\u00e4\u00e4nn\u00f6stoimiston kautta.<\/span><\/p>\n<p>Kannattaa muistaa, ett\u00e4 suurenkin yhteisty\u00f6kumppanin puitesopimus on vain ehdotus neuvottelujen pohjaksi. Lue sopimus l\u00e4pi, kysy kollegoilta tai lueta viel\u00e4 juristilla. \u00c4l\u00e4 anna vastapuolen kiirehti\u00e4 allekirjoitusta. Harkitse tarkkaan esimerkiksi vahingonkorvauksen suuruus &#8211; puolet liikevaihdosta tekee ik\u00e4v\u00e4n loven vuoden ansioihin. Kaikkea kannattaa peilata my\u00f6s juuri silt\u00e4 asiakkaalta tulevien t\u00f6iden m\u00e4\u00e4r\u00e4\u00e4n. 30-sivuisen sopimuksen lukeminen satasen ty\u00f6st\u00e4 voi vied\u00e4 tuntiansion miinukselle. Kaikessa p\u00e4tee vanha viisaus: allekirjoita vain sellainen sopimus, jonka voit itse hyv\u00e4ksy\u00e4.<span style=\"font-weight: 400;\"><\/span><\/p>\n<p>\u00a0<span style=\"font-weight: 400;\"><\/span><\/p>\n<\/div>\n<\/div>\n<p>[\/et_pb_text][\/et_pb_column][et_pb_column type=&#8221;1_2&#8243; _builder_version=&#8221;3.25&#8243; custom_padding=&#8221;|||&#8221; global_colors_info=&#8221;{}&#8221; custom_padding__hover=&#8221;|||&#8221;][\/et_pb_column][\/et_pb_row][\/et_pb_section]<\/p>\n","protected":false},"excerpt":{"rendered":"<p>Suuremmat k\u00e4\u00e4nn\u00f6stoimistot haluavat yleens\u00e4 solmia ns. puite- tai raamisopimuksen ennen varsinaisen yhteisty\u00f6n aloittamista. Puitesopimuksella asetetaan yhteisty\u00f6n yleiset ehdot, eli siin\u00e4 ei siis sovita yksitt\u00e4isten toimeksiantojen k\u00e4yt\u00e4nn\u00f6n seikoista, vaan laajemmista yhteisty\u00f6n linjoista. Puitesopimus tehd\u00e4\u00e4n, jotta jokaisen toimeksiannon yhteydess\u00e4 ei olisi tarpeen neuvotella n\u00e4ist\u00e4 laajemmista yhteisty\u00f6n ehdoista. Puitesopimus kannattaa lukea huolellisesti ja tarttua kaikkiin askarruttaviin kohtiin. Yritykset [&hellip;]<\/p>\n","protected":false},"author":2,"featured_media":0,"parent":267,"menu_order":0,"comment_status":"closed","ping_status":"closed","template":"","meta":{"_et_pb_use_builder":"on","_et_pb_old_content":"","_et_gb_content_width":"","footnotes":""},"class_list":["post-282","page","type-page","status-publish","hentry"],"yoast_head":"<!-- This site is optimized with the Yoast SEO plugin v27.4 - https:\/\/yoast.com\/product\/yoast-seo-wordpress\/ -->\n<title>puitesopimukset ja vakioehdot - K\u00e4\u00e4nt\u00e4j\u00e4mestarin kirja<\/title>\n<meta name=\"robots\" content=\"index, follow, max-snippet:-1, max-image-preview:large, max-video-preview:-1\" \/>\n<link rel=\"canonical\" href=\"https:\/\/xn--kntjmestari-l8aacb.fi\/km\/etusivu\/luku-9-sopiminen\/puitesopimukset-ja-vakioehdot\/\" \/>\n<meta property=\"og:locale\" content=\"fi_FI\" \/>\n<meta property=\"og:type\" content=\"article\" \/>\n<meta property=\"og:title\" content=\"puitesopimukset ja vakioehdot - K\u00e4\u00e4nt\u00e4j\u00e4mestarin kirja\" \/>\n<meta property=\"og:description\" content=\"Suuremmat k\u00e4\u00e4nn\u00f6stoimistot haluavat yleens\u00e4 solmia ns. puite- tai raamisopimuksen ennen varsinaisen yhteisty\u00f6n aloittamista. Puitesopimuksella asetetaan yhteisty\u00f6n yleiset ehdot, eli siin\u00e4 ei siis sovita yksitt\u00e4isten toimeksiantojen k\u00e4yt\u00e4nn\u00f6n seikoista, vaan laajemmista yhteisty\u00f6n linjoista. Puitesopimus tehd\u00e4\u00e4n, jotta jokaisen toimeksiannon yhteydess\u00e4 ei olisi tarpeen neuvotella n\u00e4ist\u00e4 laajemmista yhteisty\u00f6n ehdoista. Puitesopimus kannattaa lukea huolellisesti ja tarttua kaikkiin askarruttaviin kohtiin. Yritykset [&hellip;]\" \/>\n<meta property=\"og:url\" content=\"https:\/\/xn--kntjmestari-l8aacb.fi\/km\/etusivu\/luku-9-sopiminen\/puitesopimukset-ja-vakioehdot\/\" \/>\n<meta property=\"og:site_name\" content=\"K\u00e4\u00e4nt\u00e4j\u00e4mestarin kirja\" \/>\n<meta property=\"article:modified_time\" content=\"2022-02-04T12:28:44+00:00\" \/>\n<meta name=\"twitter:card\" content=\"summary_large_image\" \/>\n<meta name=\"twitter:label1\" content=\"Arvioitu lukuaika\" \/>\n\t<meta name=\"twitter:data1\" content=\"2 minuuttia\" \/>\n<script type=\"application\/ld+json\" class=\"yoast-schema-graph\">{\"@context\":\"https:\\\/\\\/schema.org\",\"@graph\":[{\"@type\":\"WebPage\",\"@id\":\"https:\\\/\\\/xn--kntjmestari-l8aacb.fi\\\/km\\\/etusivu\\\/luku-9-sopiminen\\\/puitesopimukset-ja-vakioehdot\\\/\",\"url\":\"https:\\\/\\\/xn--kntjmestari-l8aacb.fi\\\/km\\\/etusivu\\\/luku-9-sopiminen\\\/puitesopimukset-ja-vakioehdot\\\/\",\"name\":\"puitesopimukset ja vakioehdot - K\u00e4\u00e4nt\u00e4j\u00e4mestarin kirja\",\"isPartOf\":{\"@id\":\"https:\\\/\\\/xn--kntjmestari-l8aacb.fi\\\/km\\\/#website\"},\"datePublished\":\"2021-12-22T13:40:39+00:00\",\"dateModified\":\"2022-02-04T12:28:44+00:00\",\"breadcrumb\":{\"@id\":\"https:\\\/\\\/xn--kntjmestari-l8aacb.fi\\\/km\\\/etusivu\\\/luku-9-sopiminen\\\/puitesopimukset-ja-vakioehdot\\\/#breadcrumb\"},\"inLanguage\":\"fi\",\"potentialAction\":[{\"@type\":\"ReadAction\",\"target\":[\"https:\\\/\\\/xn--kntjmestari-l8aacb.fi\\\/km\\\/etusivu\\\/luku-9-sopiminen\\\/puitesopimukset-ja-vakioehdot\\\/\"]}]},{\"@type\":\"BreadcrumbList\",\"@id\":\"https:\\\/\\\/xn--kntjmestari-l8aacb.fi\\\/km\\\/etusivu\\\/luku-9-sopiminen\\\/puitesopimukset-ja-vakioehdot\\\/#breadcrumb\",\"itemListElement\":[{\"@type\":\"ListItem\",\"position\":1,\"name\":\"Etusivu\",\"item\":\"https:\\\/\\\/xn--kntjmestari-l8aacb.fi\\\/km\\\/\"},{\"@type\":\"ListItem\",\"position\":2,\"name\":\"K\u00e4\u00e4nt\u00e4j\u00e4mestarin kirja\",\"item\":\"https:\\\/\\\/xn--kntjmestari-l8aacb.fi\\\/km\\\/\"},{\"@type\":\"ListItem\",\"position\":3,\"name\":\"luku 9 &#8211; sopiminen\",\"item\":\"https:\\\/\\\/xn--kntjmestari-l8aacb.fi\\\/km\\\/etusivu\\\/luku-9-sopiminen\\\/\"},{\"@type\":\"ListItem\",\"position\":4,\"name\":\"puitesopimukset ja vakioehdot\"}]},{\"@type\":\"WebSite\",\"@id\":\"https:\\\/\\\/xn--kntjmestari-l8aacb.fi\\\/km\\\/#website\",\"url\":\"https:\\\/\\\/xn--kntjmestari-l8aacb.fi\\\/km\\\/\",\"name\":\"K\u00e4\u00e4nt\u00e4j\u00e4mestarin kirja\",\"description\":\"k\u00e4yt\u00e4nn\u00f6n opas aloitteleville k\u00e4\u00e4nt\u00e4jille ja tulkeille\",\"publisher\":{\"@id\":\"https:\\\/\\\/xn--kntjmestari-l8aacb.fi\\\/km\\\/#organization\"},\"potentialAction\":[{\"@type\":\"SearchAction\",\"target\":{\"@type\":\"EntryPoint\",\"urlTemplate\":\"https:\\\/\\\/xn--kntjmestari-l8aacb.fi\\\/km\\\/?s={search_term_string}\"},\"query-input\":{\"@type\":\"PropertyValueSpecification\",\"valueRequired\":true,\"valueName\":\"search_term_string\"}}],\"inLanguage\":\"fi\"},{\"@type\":\"Organization\",\"@id\":\"https:\\\/\\\/xn--kntjmestari-l8aacb.fi\\\/km\\\/#organization\",\"name\":\"K\u00e4\u00e4nt\u00e4j\u00e4mestarit\",\"url\":\"https:\\\/\\\/xn--kntjmestari-l8aacb.fi\\\/km\\\/\",\"logo\":{\"@type\":\"ImageObject\",\"inLanguage\":\"fi\",\"@id\":\"https:\\\/\\\/xn--kntjmestari-l8aacb.fi\\\/km\\\/#\\\/schema\\\/logo\\\/image\\\/\",\"url\":\"https:\\\/\\\/xn--kntjmestari-l8aacb.fi\\\/km\\\/wp-content\\\/uploads\\\/2021\\\/12\\\/logo.jpg\",\"contentUrl\":\"https:\\\/\\\/xn--kntjmestari-l8aacb.fi\\\/km\\\/wp-content\\\/uploads\\\/2021\\\/12\\\/logo.jpg\",\"width\":509,\"height\":530,\"caption\":\"K\u00e4\u00e4nt\u00e4j\u00e4mestarit\"},\"image\":{\"@id\":\"https:\\\/\\\/xn--kntjmestari-l8aacb.fi\\\/km\\\/#\\\/schema\\\/logo\\\/image\\\/\"}}]}<\/script>\n<!-- \/ Yoast SEO plugin. -->","yoast_head_json":{"title":"puitesopimukset ja vakioehdot - K\u00e4\u00e4nt\u00e4j\u00e4mestarin kirja","robots":{"index":"index","follow":"follow","max-snippet":"max-snippet:-1","max-image-preview":"max-image-preview:large","max-video-preview":"max-video-preview:-1"},"canonical":"https:\/\/xn--kntjmestari-l8aacb.fi\/km\/etusivu\/luku-9-sopiminen\/puitesopimukset-ja-vakioehdot\/","og_locale":"fi_FI","og_type":"article","og_title":"puitesopimukset ja vakioehdot - K\u00e4\u00e4nt\u00e4j\u00e4mestarin kirja","og_description":"Suuremmat k\u00e4\u00e4nn\u00f6stoimistot haluavat yleens\u00e4 solmia ns. puite- tai raamisopimuksen ennen varsinaisen yhteisty\u00f6n aloittamista. Puitesopimuksella asetetaan yhteisty\u00f6n yleiset ehdot, eli siin\u00e4 ei siis sovita yksitt\u00e4isten toimeksiantojen k\u00e4yt\u00e4nn\u00f6n seikoista, vaan laajemmista yhteisty\u00f6n linjoista. Puitesopimus tehd\u00e4\u00e4n, jotta jokaisen toimeksiannon yhteydess\u00e4 ei olisi tarpeen neuvotella n\u00e4ist\u00e4 laajemmista yhteisty\u00f6n ehdoista. Puitesopimus kannattaa lukea huolellisesti ja tarttua kaikkiin askarruttaviin kohtiin. Yritykset [&hellip;]","og_url":"https:\/\/xn--kntjmestari-l8aacb.fi\/km\/etusivu\/luku-9-sopiminen\/puitesopimukset-ja-vakioehdot\/","og_site_name":"K\u00e4\u00e4nt\u00e4j\u00e4mestarin kirja","article_modified_time":"2022-02-04T12:28:44+00:00","twitter_card":"summary_large_image","twitter_misc":{"Arvioitu lukuaika":"2 minuuttia"},"schema":{"@context":"https:\/\/schema.org","@graph":[{"@type":"WebPage","@id":"https:\/\/xn--kntjmestari-l8aacb.fi\/km\/etusivu\/luku-9-sopiminen\/puitesopimukset-ja-vakioehdot\/","url":"https:\/\/xn--kntjmestari-l8aacb.fi\/km\/etusivu\/luku-9-sopiminen\/puitesopimukset-ja-vakioehdot\/","name":"puitesopimukset ja vakioehdot - K\u00e4\u00e4nt\u00e4j\u00e4mestarin kirja","isPartOf":{"@id":"https:\/\/xn--kntjmestari-l8aacb.fi\/km\/#website"},"datePublished":"2021-12-22T13:40:39+00:00","dateModified":"2022-02-04T12:28:44+00:00","breadcrumb":{"@id":"https:\/\/xn--kntjmestari-l8aacb.fi\/km\/etusivu\/luku-9-sopiminen\/puitesopimukset-ja-vakioehdot\/#breadcrumb"},"inLanguage":"fi","potentialAction":[{"@type":"ReadAction","target":["https:\/\/xn--kntjmestari-l8aacb.fi\/km\/etusivu\/luku-9-sopiminen\/puitesopimukset-ja-vakioehdot\/"]}]},{"@type":"BreadcrumbList","@id":"https:\/\/xn--kntjmestari-l8aacb.fi\/km\/etusivu\/luku-9-sopiminen\/puitesopimukset-ja-vakioehdot\/#breadcrumb","itemListElement":[{"@type":"ListItem","position":1,"name":"Etusivu","item":"https:\/\/xn--kntjmestari-l8aacb.fi\/km\/"},{"@type":"ListItem","position":2,"name":"K\u00e4\u00e4nt\u00e4j\u00e4mestarin kirja","item":"https:\/\/xn--kntjmestari-l8aacb.fi\/km\/"},{"@type":"ListItem","position":3,"name":"luku 9 &#8211; sopiminen","item":"https:\/\/xn--kntjmestari-l8aacb.fi\/km\/etusivu\/luku-9-sopiminen\/"},{"@type":"ListItem","position":4,"name":"puitesopimukset ja vakioehdot"}]},{"@type":"WebSite","@id":"https:\/\/xn--kntjmestari-l8aacb.fi\/km\/#website","url":"https:\/\/xn--kntjmestari-l8aacb.fi\/km\/","name":"K\u00e4\u00e4nt\u00e4j\u00e4mestarin kirja","description":"k\u00e4yt\u00e4nn\u00f6n opas aloitteleville k\u00e4\u00e4nt\u00e4jille ja tulkeille","publisher":{"@id":"https:\/\/xn--kntjmestari-l8aacb.fi\/km\/#organization"},"potentialAction":[{"@type":"SearchAction","target":{"@type":"EntryPoint","urlTemplate":"https:\/\/xn--kntjmestari-l8aacb.fi\/km\/?s={search_term_string}"},"query-input":{"@type":"PropertyValueSpecification","valueRequired":true,"valueName":"search_term_string"}}],"inLanguage":"fi"},{"@type":"Organization","@id":"https:\/\/xn--kntjmestari-l8aacb.fi\/km\/#organization","name":"K\u00e4\u00e4nt\u00e4j\u00e4mestarit","url":"https:\/\/xn--kntjmestari-l8aacb.fi\/km\/","logo":{"@type":"ImageObject","inLanguage":"fi","@id":"https:\/\/xn--kntjmestari-l8aacb.fi\/km\/#\/schema\/logo\/image\/","url":"https:\/\/xn--kntjmestari-l8aacb.fi\/km\/wp-content\/uploads\/2021\/12\/logo.jpg","contentUrl":"https:\/\/xn--kntjmestari-l8aacb.fi\/km\/wp-content\/uploads\/2021\/12\/logo.jpg","width":509,"height":530,"caption":"K\u00e4\u00e4nt\u00e4j\u00e4mestarit"},"image":{"@id":"https:\/\/xn--kntjmestari-l8aacb.fi\/km\/#\/schema\/logo\/image\/"}}]}},"_links":{"self":[{"href":"https:\/\/xn--kntjmestari-l8aacb.fi\/km\/wp-json\/wp\/v2\/pages\/282","targetHints":{"allow":["GET"]}}],"collection":[{"href":"https:\/\/xn--kntjmestari-l8aacb.fi\/km\/wp-json\/wp\/v2\/pages"}],"about":[{"href":"https:\/\/xn--kntjmestari-l8aacb.fi\/km\/wp-json\/wp\/v2\/types\/page"}],"author":[{"embeddable":true,"href":"https:\/\/xn--kntjmestari-l8aacb.fi\/km\/wp-json\/wp\/v2\/users\/2"}],"replies":[{"embeddable":true,"href":"https:\/\/xn--kntjmestari-l8aacb.fi\/km\/wp-json\/wp\/v2\/comments?post=282"}],"version-history":[{"count":3,"href":"https:\/\/xn--kntjmestari-l8aacb.fi\/km\/wp-json\/wp\/v2\/pages\/282\/revisions"}],"predecessor-version":[{"id":383,"href":"https:\/\/xn--kntjmestari-l8aacb.fi\/km\/wp-json\/wp\/v2\/pages\/282\/revisions\/383"}],"up":[{"embeddable":true,"href":"https:\/\/xn--kntjmestari-l8aacb.fi\/km\/wp-json\/wp\/v2\/pages\/267"}],"wp:attachment":[{"href":"https:\/\/xn--kntjmestari-l8aacb.fi\/km\/wp-json\/wp\/v2\/media?parent=282"}],"curies":[{"name":"wp","href":"https:\/\/api.w.org\/{rel}","templated":true}]}}