{"id":285,"date":"2021-12-22T13:41:57","date_gmt":"2021-12-22T13:41:57","guid":{"rendered":"https:\/\/xn--kntjmestari-l8aacb.fi\/km\/?page_id=285"},"modified":"2021-12-22T13:41:57","modified_gmt":"2021-12-22T13:41:57","slug":"tilausvahvistus-purchase-order","status":"publish","type":"page","link":"https:\/\/xn--kntjmestari-l8aacb.fi\/km\/etusivu\/luku-9-sopiminen\/tilausvahvistus-purchase-order\/","title":{"rendered":"tilausvahvistus \/ purchase order"},"content":{"rendered":"<p>[et_pb_section fb_built=&#8221;1&#8243; _builder_version=&#8221;3.22&#8243; global_colors_info=&#8221;{}&#8221; theme_builder_area=&#8221;post_content&#8221;][et_pb_row _builder_version=&#8221;4.14.2&#8243; _module_preset=&#8221;default&#8221; global_colors_info=&#8221;{}&#8221; theme_builder_area=&#8221;post_content&#8221;][et_pb_column type=&#8221;4_4&#8243; _builder_version=&#8221;4.14.2&#8243; _module_preset=&#8221;default&#8221; global_colors_info=&#8221;{}&#8221; theme_builder_area=&#8221;post_content&#8221;][et_pb_post_title meta=&#8221;off&#8221; featured_image=&#8221;off&#8221; _builder_version=&#8221;4.14.2&#8243; _module_preset=&#8221;default&#8221; global_colors_info=&#8221;{}&#8221; theme_builder_area=&#8221;post_content&#8221;][\/et_pb_post_title][\/et_pb_column][\/et_pb_row][et_pb_row column_structure=&#8221;1_2,1_2&#8243; _builder_version=&#8221;3.25&#8243; background_size=&#8221;initial&#8221; background_position=&#8221;top_left&#8221; background_repeat=&#8221;repeat&#8221; global_colors_info=&#8221;{}&#8221; theme_builder_area=&#8221;post_content&#8221;][et_pb_column type=&#8221;1_2&#8243; _builder_version=&#8221;3.25&#8243; custom_padding=&#8221;|||&#8221; global_colors_info=&#8221;{}&#8221; custom_padding__hover=&#8221;|||&#8221; theme_builder_area=&#8221;post_content&#8221;][et_pb_text _builder_version=&#8221;4.14.2&#8243; background_size=&#8221;initial&#8221; background_position=&#8221;top_left&#8221; background_repeat=&#8221;repeat&#8221; custom_margin=&#8221;|-426px||||&#8221; custom_padding=&#8221;||0px|||&#8221; global_colors_info=&#8221;{}&#8221; theme_builder_area=&#8221;post_content&#8221;]<\/p>\n<div id=\"page-zones__main-widgets__content1\" data-name=\"content\" class=\"content widget js-widget\" data-uniqueid=\"OloHtMAomHwAijU\" data-parentuniqueid=\"69O0NdSLr5jBL3F\">\n<div class=\"bk-content-text js-text-content   wysihtml-editor-content\">\n<p><span style=\"font-weight: 400;\">Suuremmat k\u00e4\u00e4nn\u00f6stoimistot k\u00e4ytt\u00e4v\u00e4t puitesopimuksen solmimisen j\u00e4lkeen toimeksiantokohtaista tilausvahvistusta, jolla sovitaan yksitt\u00e4isen tilauksen k\u00e4yt\u00e4nn\u00f6n toimitusehdoista, esimerkiksi toimitusajasta.<\/span><\/p>\n<p>&nbsp;<\/p>\n<p><span style=\"font-weight: 400;\">Tilausvahvistus on siis puitesopimusta t\u00e4ydent\u00e4v\u00e4 osa, joka muodostuu hyv\u00e4ksymisen j\u00e4lkeen sitovaksi. Tilausvahvistus kannattaa siis my\u00f6s tarkistaa huolellisesti ja varmistaa, ett\u00e4 siin\u00e4 sovittu toimitusaika ja muut seikat ovat yhtenev\u00e4isi\u00e4 sen kanssa, mit\u00e4 tosiasiallisesti on sovittu. Kiireess\u00e4 voi kuka tahansa tehd\u00e4 vahingossa virheen, ison k\u00e4\u00e4nn\u00f6stoimiston projektip\u00e4\u00e4llikk\u00f6kin, joten tarkista tilausvahvistus huolellisesti ja kysy viivytyksett\u00e4 havaitsemistasi poikkeamista. N\u00e4it\u00e4 ovat ainakin hinta (onko huomioitu minimihinta, onko lipsahtanut v\u00e4\u00e4r\u00e4 sanahinta &#8211; n\u00e4m\u00e4 on syyt\u00e4 korjata ennen ty\u00f6n aloittamista, erhe voi olla my\u00f6s kielipari, jota et tarjoa, kannattaa kysy\u00e4 ja korjata, jos on olemassa pienikin mahdollisuus, ett\u00e4 tilaaja olisi oikeasti voinut tarkoittaa kyseist\u00e4 kieliparia, mutta oikea kielipari on voinut ilmet\u00e4 kirjeenvaihdosta ja silloin koordinaattorille on voinut j\u00e4\u00e4d\u00e4 PO-pohjaan v\u00e4\u00e4r\u00e4 kielipari ep\u00e4huomiossa).<\/span><\/p>\n<\/div>\n<\/div>\n<p>[\/et_pb_text][\/et_pb_column][et_pb_column type=&#8221;1_2&#8243; _builder_version=&#8221;3.25&#8243; custom_padding=&#8221;|||&#8221; global_colors_info=&#8221;{}&#8221; custom_padding__hover=&#8221;|||&#8221; theme_builder_area=&#8221;post_content&#8221;][\/et_pb_column][\/et_pb_row][\/et_pb_section]<\/p>\n","protected":false},"excerpt":{"rendered":"<p>Suuremmat k\u00e4\u00e4nn\u00f6stoimistot k\u00e4ytt\u00e4v\u00e4t puitesopimuksen solmimisen j\u00e4lkeen toimeksiantokohtaista tilausvahvistusta, jolla sovitaan yksitt\u00e4isen tilauksen k\u00e4yt\u00e4nn\u00f6n toimitusehdoista, esimerkiksi toimitusajasta. &nbsp; Tilausvahvistus on siis puitesopimusta t\u00e4ydent\u00e4v\u00e4 osa, joka muodostuu hyv\u00e4ksymisen j\u00e4lkeen sitovaksi. Tilausvahvistus kannattaa siis my\u00f6s tarkistaa huolellisesti ja varmistaa, ett\u00e4 siin\u00e4 sovittu toimitusaika ja muut seikat ovat yhtenev\u00e4isi\u00e4 sen kanssa, mit\u00e4 tosiasiallisesti on sovittu. Kiireess\u00e4 voi kuka tahansa [&hellip;]<\/p>\n","protected":false},"author":2,"featured_media":0,"parent":267,"menu_order":0,"comment_status":"closed","ping_status":"closed","template":"","meta":{"_et_pb_use_builder":"on","_et_pb_old_content":"","_et_gb_content_width":"","footnotes":""},"class_list":["post-285","page","type-page","status-publish","hentry"],"yoast_head":"<!-- This site is optimized with the Yoast SEO plugin v27.4 - https:\/\/yoast.com\/product\/yoast-seo-wordpress\/ -->\n<title>tilausvahvistus \/ purchase order - K\u00e4\u00e4nt\u00e4j\u00e4mestarin kirja<\/title>\n<meta name=\"robots\" content=\"index, follow, max-snippet:-1, max-image-preview:large, max-video-preview:-1\" \/>\n<link rel=\"canonical\" href=\"https:\/\/xn--kntjmestari-l8aacb.fi\/km\/etusivu\/luku-9-sopiminen\/tilausvahvistus-purchase-order\/\" \/>\n<meta property=\"og:locale\" content=\"fi_FI\" \/>\n<meta property=\"og:type\" content=\"article\" \/>\n<meta property=\"og:title\" content=\"tilausvahvistus \/ purchase order - K\u00e4\u00e4nt\u00e4j\u00e4mestarin kirja\" \/>\n<meta property=\"og:description\" content=\"Suuremmat k\u00e4\u00e4nn\u00f6stoimistot k\u00e4ytt\u00e4v\u00e4t puitesopimuksen solmimisen j\u00e4lkeen toimeksiantokohtaista tilausvahvistusta, jolla sovitaan yksitt\u00e4isen tilauksen k\u00e4yt\u00e4nn\u00f6n toimitusehdoista, esimerkiksi toimitusajasta. &nbsp; Tilausvahvistus on siis puitesopimusta t\u00e4ydent\u00e4v\u00e4 osa, joka muodostuu hyv\u00e4ksymisen j\u00e4lkeen sitovaksi. Tilausvahvistus kannattaa siis my\u00f6s tarkistaa huolellisesti ja varmistaa, ett\u00e4 siin\u00e4 sovittu toimitusaika ja muut seikat ovat yhtenev\u00e4isi\u00e4 sen kanssa, mit\u00e4 tosiasiallisesti on sovittu. Kiireess\u00e4 voi kuka tahansa [&hellip;]\" \/>\n<meta property=\"og:url\" content=\"https:\/\/xn--kntjmestari-l8aacb.fi\/km\/etusivu\/luku-9-sopiminen\/tilausvahvistus-purchase-order\/\" \/>\n<meta property=\"og:site_name\" content=\"K\u00e4\u00e4nt\u00e4j\u00e4mestarin kirja\" \/>\n<meta name=\"twitter:card\" content=\"summary_large_image\" \/>\n<meta name=\"twitter:label1\" content=\"Arvioitu lukuaika\" \/>\n\t<meta name=\"twitter:data1\" content=\"2 minuuttia\" \/>\n<script type=\"application\/ld+json\" class=\"yoast-schema-graph\">{\"@context\":\"https:\\\/\\\/schema.org\",\"@graph\":[{\"@type\":\"WebPage\",\"@id\":\"https:\\\/\\\/xn--kntjmestari-l8aacb.fi\\\/km\\\/etusivu\\\/luku-9-sopiminen\\\/tilausvahvistus-purchase-order\\\/\",\"url\":\"https:\\\/\\\/xn--kntjmestari-l8aacb.fi\\\/km\\\/etusivu\\\/luku-9-sopiminen\\\/tilausvahvistus-purchase-order\\\/\",\"name\":\"tilausvahvistus \\\/ purchase order - K\u00e4\u00e4nt\u00e4j\u00e4mestarin kirja\",\"isPartOf\":{\"@id\":\"https:\\\/\\\/xn--kntjmestari-l8aacb.fi\\\/km\\\/#website\"},\"datePublished\":\"2021-12-22T13:41:57+00:00\",\"breadcrumb\":{\"@id\":\"https:\\\/\\\/xn--kntjmestari-l8aacb.fi\\\/km\\\/etusivu\\\/luku-9-sopiminen\\\/tilausvahvistus-purchase-order\\\/#breadcrumb\"},\"inLanguage\":\"fi\",\"potentialAction\":[{\"@type\":\"ReadAction\",\"target\":[\"https:\\\/\\\/xn--kntjmestari-l8aacb.fi\\\/km\\\/etusivu\\\/luku-9-sopiminen\\\/tilausvahvistus-purchase-order\\\/\"]}]},{\"@type\":\"BreadcrumbList\",\"@id\":\"https:\\\/\\\/xn--kntjmestari-l8aacb.fi\\\/km\\\/etusivu\\\/luku-9-sopiminen\\\/tilausvahvistus-purchase-order\\\/#breadcrumb\",\"itemListElement\":[{\"@type\":\"ListItem\",\"position\":1,\"name\":\"Etusivu\",\"item\":\"https:\\\/\\\/xn--kntjmestari-l8aacb.fi\\\/km\\\/\"},{\"@type\":\"ListItem\",\"position\":2,\"name\":\"K\u00e4\u00e4nt\u00e4j\u00e4mestarin kirja\",\"item\":\"https:\\\/\\\/xn--kntjmestari-l8aacb.fi\\\/km\\\/\"},{\"@type\":\"ListItem\",\"position\":3,\"name\":\"luku 9 &#8211; sopiminen\",\"item\":\"https:\\\/\\\/xn--kntjmestari-l8aacb.fi\\\/km\\\/etusivu\\\/luku-9-sopiminen\\\/\"},{\"@type\":\"ListItem\",\"position\":4,\"name\":\"tilausvahvistus \\\/ purchase order\"}]},{\"@type\":\"WebSite\",\"@id\":\"https:\\\/\\\/xn--kntjmestari-l8aacb.fi\\\/km\\\/#website\",\"url\":\"https:\\\/\\\/xn--kntjmestari-l8aacb.fi\\\/km\\\/\",\"name\":\"K\u00e4\u00e4nt\u00e4j\u00e4mestarin kirja\",\"description\":\"k\u00e4yt\u00e4nn\u00f6n opas aloitteleville k\u00e4\u00e4nt\u00e4jille ja tulkeille\",\"publisher\":{\"@id\":\"https:\\\/\\\/xn--kntjmestari-l8aacb.fi\\\/km\\\/#organization\"},\"potentialAction\":[{\"@type\":\"SearchAction\",\"target\":{\"@type\":\"EntryPoint\",\"urlTemplate\":\"https:\\\/\\\/xn--kntjmestari-l8aacb.fi\\\/km\\\/?s={search_term_string}\"},\"query-input\":{\"@type\":\"PropertyValueSpecification\",\"valueRequired\":true,\"valueName\":\"search_term_string\"}}],\"inLanguage\":\"fi\"},{\"@type\":\"Organization\",\"@id\":\"https:\\\/\\\/xn--kntjmestari-l8aacb.fi\\\/km\\\/#organization\",\"name\":\"K\u00e4\u00e4nt\u00e4j\u00e4mestarit\",\"url\":\"https:\\\/\\\/xn--kntjmestari-l8aacb.fi\\\/km\\\/\",\"logo\":{\"@type\":\"ImageObject\",\"inLanguage\":\"fi\",\"@id\":\"https:\\\/\\\/xn--kntjmestari-l8aacb.fi\\\/km\\\/#\\\/schema\\\/logo\\\/image\\\/\",\"url\":\"https:\\\/\\\/xn--kntjmestari-l8aacb.fi\\\/km\\\/wp-content\\\/uploads\\\/2021\\\/12\\\/logo.jpg\",\"contentUrl\":\"https:\\\/\\\/xn--kntjmestari-l8aacb.fi\\\/km\\\/wp-content\\\/uploads\\\/2021\\\/12\\\/logo.jpg\",\"width\":509,\"height\":530,\"caption\":\"K\u00e4\u00e4nt\u00e4j\u00e4mestarit\"},\"image\":{\"@id\":\"https:\\\/\\\/xn--kntjmestari-l8aacb.fi\\\/km\\\/#\\\/schema\\\/logo\\\/image\\\/\"}}]}<\/script>\n<!-- \/ Yoast SEO plugin. -->","yoast_head_json":{"title":"tilausvahvistus \/ purchase order - K\u00e4\u00e4nt\u00e4j\u00e4mestarin kirja","robots":{"index":"index","follow":"follow","max-snippet":"max-snippet:-1","max-image-preview":"max-image-preview:large","max-video-preview":"max-video-preview:-1"},"canonical":"https:\/\/xn--kntjmestari-l8aacb.fi\/km\/etusivu\/luku-9-sopiminen\/tilausvahvistus-purchase-order\/","og_locale":"fi_FI","og_type":"article","og_title":"tilausvahvistus \/ purchase order - K\u00e4\u00e4nt\u00e4j\u00e4mestarin kirja","og_description":"Suuremmat k\u00e4\u00e4nn\u00f6stoimistot k\u00e4ytt\u00e4v\u00e4t puitesopimuksen solmimisen j\u00e4lkeen toimeksiantokohtaista tilausvahvistusta, jolla sovitaan yksitt\u00e4isen tilauksen k\u00e4yt\u00e4nn\u00f6n toimitusehdoista, esimerkiksi toimitusajasta. &nbsp; Tilausvahvistus on siis puitesopimusta t\u00e4ydent\u00e4v\u00e4 osa, joka muodostuu hyv\u00e4ksymisen j\u00e4lkeen sitovaksi. Tilausvahvistus kannattaa siis my\u00f6s tarkistaa huolellisesti ja varmistaa, ett\u00e4 siin\u00e4 sovittu toimitusaika ja muut seikat ovat yhtenev\u00e4isi\u00e4 sen kanssa, mit\u00e4 tosiasiallisesti on sovittu. Kiireess\u00e4 voi kuka tahansa [&hellip;]","og_url":"https:\/\/xn--kntjmestari-l8aacb.fi\/km\/etusivu\/luku-9-sopiminen\/tilausvahvistus-purchase-order\/","og_site_name":"K\u00e4\u00e4nt\u00e4j\u00e4mestarin kirja","twitter_card":"summary_large_image","twitter_misc":{"Arvioitu lukuaika":"2 minuuttia"},"schema":{"@context":"https:\/\/schema.org","@graph":[{"@type":"WebPage","@id":"https:\/\/xn--kntjmestari-l8aacb.fi\/km\/etusivu\/luku-9-sopiminen\/tilausvahvistus-purchase-order\/","url":"https:\/\/xn--kntjmestari-l8aacb.fi\/km\/etusivu\/luku-9-sopiminen\/tilausvahvistus-purchase-order\/","name":"tilausvahvistus \/ purchase order - K\u00e4\u00e4nt\u00e4j\u00e4mestarin kirja","isPartOf":{"@id":"https:\/\/xn--kntjmestari-l8aacb.fi\/km\/#website"},"datePublished":"2021-12-22T13:41:57+00:00","breadcrumb":{"@id":"https:\/\/xn--kntjmestari-l8aacb.fi\/km\/etusivu\/luku-9-sopiminen\/tilausvahvistus-purchase-order\/#breadcrumb"},"inLanguage":"fi","potentialAction":[{"@type":"ReadAction","target":["https:\/\/xn--kntjmestari-l8aacb.fi\/km\/etusivu\/luku-9-sopiminen\/tilausvahvistus-purchase-order\/"]}]},{"@type":"BreadcrumbList","@id":"https:\/\/xn--kntjmestari-l8aacb.fi\/km\/etusivu\/luku-9-sopiminen\/tilausvahvistus-purchase-order\/#breadcrumb","itemListElement":[{"@type":"ListItem","position":1,"name":"Etusivu","item":"https:\/\/xn--kntjmestari-l8aacb.fi\/km\/"},{"@type":"ListItem","position":2,"name":"K\u00e4\u00e4nt\u00e4j\u00e4mestarin kirja","item":"https:\/\/xn--kntjmestari-l8aacb.fi\/km\/"},{"@type":"ListItem","position":3,"name":"luku 9 &#8211; sopiminen","item":"https:\/\/xn--kntjmestari-l8aacb.fi\/km\/etusivu\/luku-9-sopiminen\/"},{"@type":"ListItem","position":4,"name":"tilausvahvistus \/ purchase order"}]},{"@type":"WebSite","@id":"https:\/\/xn--kntjmestari-l8aacb.fi\/km\/#website","url":"https:\/\/xn--kntjmestari-l8aacb.fi\/km\/","name":"K\u00e4\u00e4nt\u00e4j\u00e4mestarin kirja","description":"k\u00e4yt\u00e4nn\u00f6n opas aloitteleville k\u00e4\u00e4nt\u00e4jille ja tulkeille","publisher":{"@id":"https:\/\/xn--kntjmestari-l8aacb.fi\/km\/#organization"},"potentialAction":[{"@type":"SearchAction","target":{"@type":"EntryPoint","urlTemplate":"https:\/\/xn--kntjmestari-l8aacb.fi\/km\/?s={search_term_string}"},"query-input":{"@type":"PropertyValueSpecification","valueRequired":true,"valueName":"search_term_string"}}],"inLanguage":"fi"},{"@type":"Organization","@id":"https:\/\/xn--kntjmestari-l8aacb.fi\/km\/#organization","name":"K\u00e4\u00e4nt\u00e4j\u00e4mestarit","url":"https:\/\/xn--kntjmestari-l8aacb.fi\/km\/","logo":{"@type":"ImageObject","inLanguage":"fi","@id":"https:\/\/xn--kntjmestari-l8aacb.fi\/km\/#\/schema\/logo\/image\/","url":"https:\/\/xn--kntjmestari-l8aacb.fi\/km\/wp-content\/uploads\/2021\/12\/logo.jpg","contentUrl":"https:\/\/xn--kntjmestari-l8aacb.fi\/km\/wp-content\/uploads\/2021\/12\/logo.jpg","width":509,"height":530,"caption":"K\u00e4\u00e4nt\u00e4j\u00e4mestarit"},"image":{"@id":"https:\/\/xn--kntjmestari-l8aacb.fi\/km\/#\/schema\/logo\/image\/"}}]}},"_links":{"self":[{"href":"https:\/\/xn--kntjmestari-l8aacb.fi\/km\/wp-json\/wp\/v2\/pages\/285","targetHints":{"allow":["GET"]}}],"collection":[{"href":"https:\/\/xn--kntjmestari-l8aacb.fi\/km\/wp-json\/wp\/v2\/pages"}],"about":[{"href":"https:\/\/xn--kntjmestari-l8aacb.fi\/km\/wp-json\/wp\/v2\/types\/page"}],"author":[{"embeddable":true,"href":"https:\/\/xn--kntjmestari-l8aacb.fi\/km\/wp-json\/wp\/v2\/users\/2"}],"replies":[{"embeddable":true,"href":"https:\/\/xn--kntjmestari-l8aacb.fi\/km\/wp-json\/wp\/v2\/comments?post=285"}],"version-history":[{"count":2,"href":"https:\/\/xn--kntjmestari-l8aacb.fi\/km\/wp-json\/wp\/v2\/pages\/285\/revisions"}],"predecessor-version":[{"id":287,"href":"https:\/\/xn--kntjmestari-l8aacb.fi\/km\/wp-json\/wp\/v2\/pages\/285\/revisions\/287"}],"up":[{"embeddable":true,"href":"https:\/\/xn--kntjmestari-l8aacb.fi\/km\/wp-json\/wp\/v2\/pages\/267"}],"wp:attachment":[{"href":"https:\/\/xn--kntjmestari-l8aacb.fi\/km\/wp-json\/wp\/v2\/media?parent=285"}],"curies":[{"name":"wp","href":"https:\/\/api.w.org\/{rel}","templated":true}]}}