{"id":288,"date":"2021-12-22T13:44:07","date_gmt":"2021-12-22T13:44:07","guid":{"rendered":"https:\/\/xn--kntjmestari-l8aacb.fi\/km\/?page_id=288"},"modified":"2022-02-04T12:29:45","modified_gmt":"2022-02-04T12:29:45","slug":"ristiriitatilanteet","status":"publish","type":"page","link":"https:\/\/xn--kntjmestari-l8aacb.fi\/km\/etusivu\/luku-9-sopiminen\/ristiriitatilanteet\/","title":{"rendered":"ristiriitatilanteet"},"content":{"rendered":"<p>[et_pb_section fb_built=&#8221;1&#8243; _builder_version=&#8221;3.22&#8243; global_colors_info=&#8221;{}&#8221;][et_pb_row _builder_version=&#8221;4.14.2&#8243; _module_preset=&#8221;default&#8221; global_colors_info=&#8221;{}&#8221;][et_pb_column type=&#8221;4_4&#8243; _builder_version=&#8221;4.14.2&#8243; _module_preset=&#8221;default&#8221; global_colors_info=&#8221;{}&#8221;][et_pb_post_title meta=&#8221;off&#8221; featured_image=&#8221;off&#8221; _builder_version=&#8221;4.14.2&#8243; _module_preset=&#8221;default&#8221; global_colors_info=&#8221;{}&#8221;][\/et_pb_post_title][\/et_pb_column][\/et_pb_row][et_pb_row column_structure=&#8221;1_2,1_2&#8243; _builder_version=&#8221;3.25&#8243; background_size=&#8221;initial&#8221; background_position=&#8221;top_left&#8221; background_repeat=&#8221;repeat&#8221; custom_padding=&#8221;27px|||||&#8221; global_colors_info=&#8221;{}&#8221;][et_pb_column type=&#8221;1_2&#8243; _builder_version=&#8221;3.25&#8243; custom_padding=&#8221;|||&#8221; global_colors_info=&#8221;{}&#8221; custom_padding__hover=&#8221;|||&#8221;][et_pb_text _builder_version=&#8221;4.14.2&#8243; background_size=&#8221;initial&#8221; background_position=&#8221;top_left&#8221; background_repeat=&#8221;repeat&#8221; custom_margin=&#8221;|-426px||||&#8221; custom_padding=&#8221;||0px|||&#8221; global_colors_info=&#8221;{}&#8221;]<\/p>\n<div id=\"page-zones__main-widgets__content1\" data-name=\"content\" class=\"content widget js-widget\" data-uniqueid=\"OloHtMAomHwAijU\" data-parentuniqueid=\"69O0NdSLr5jBL3F\">\n<div class=\"bk-content-text js-text-content   wysihtml-editor-content\">\n<p><span style=\"font-weight: 400;\">Riitatilanteissa otetaan huomioon sopimuksen lis\u00e4ksi lains\u00e4\u00e4d\u00e4nt\u00f6\u00e4 ja yleisi\u00e4 k\u00e4yt\u00e4nt\u00f6j\u00e4. Tulkintaj\u00e4rjestys on yleens\u00e4 seuraavanlainen.<\/span><\/p>\n<p>&nbsp;<\/p>\n<ol>\n<li style=\"font-weight: 400;\" aria-level=\"1\"><span style=\"font-weight: 400;\">Pakottavat lains\u00e4\u00e4nn\u00f6kset (esim. rikosoikeudelliset s\u00e4\u00e4d\u00f6kset)<\/span><\/li>\n<li style=\"font-weight: 400;\" aria-level=\"1\"><span style=\"font-weight: 400;\">Sopimus ehtoineen. Sopimuksen voidaan katsoa muodostuneen my\u00f6s neuvottelujen kautta, vaikka virallista puitesopimusta tms. ei olisikaan. Sopimuksessa itsess\u00e4\u00e4n voidaan m\u00e4\u00e4ritt\u00e4\u00e4, mitk\u00e4 ehdot tai liitteet ovat ensisijaisia. My\u00f6s tarjous ehtoineen voidaan ottaa t\u00e4ss\u00e4 mukaan tulkintaj\u00e4rjestykseen.<\/span><\/li>\n<li style=\"font-weight: 400;\" aria-level=\"1\"><span style=\"font-weight: 400;\">Kauppatapa tai muu (alan) vakiintunut k\u00e4yt\u00e4nt\u00f6. K\u00e4yt\u00e4nt\u00f6 voi olla vakiintunut joko tietyll\u00e4 alalla tai vaikkapa tietyss\u00e4 asiakassuhteessa ihan siten, ett\u00e4 on muodostunut jonkinlainen toimintatapa, joka on jatkunut eik\u00e4 kumpikaan osapuoli ole ilmoittanut, ett\u00e4 nyt t\u00e4m\u00e4 peli ei en\u00e4\u00e4 vetele.<\/span><\/li>\n<li style=\"font-weight: 400;\" aria-level=\"1\"><span style=\"font-size: 17px;\">Lains\u00e4\u00e4nn\u00f6kset, jotka eiv\u00e4t ole sitovia.<\/span><\/li>\n<\/ol>\n<p>\u00a0<span style=\"font-size: 17px;\">Sill\u00e4, mit\u00e4 on sovittu, on siis suuri merkitys riitatilanteessa. Samoin sill\u00e4, miten se pystyt\u00e4\u00e4n n\u00e4ytt\u00e4m\u00e4\u00e4n toteen.<\/span><\/p>\n<p>&nbsp;<\/p>\n<p style=\"text-align: left;\"><em><span style=\"font-weight: 400;\">K\u00e4yt\u00e4nn\u00f6n esimerkki vakiintuneesta k\u00e4yt\u00e4nn\u00f6st\u00e4 asiakassuhteessa:<\/span><\/em><\/p>\n<p style=\"text-align: left;\"><em><span style=\"font-weight: 400;\">Jos asiakas maksaa aina esimerkiksi vasta kuukauden kuluttua eik\u00e4 toimittaja huomauta maksun my\u00f6h\u00e4stymisest\u00e4 vaan hyv\u00e4ksyy sen hiljaa, niin k\u00e4yt\u00e4nn\u00f6st\u00e4 voidaan katsoa syntyv\u00e4n sopimus. Eli jos toimittaja vasta joskus my\u00f6hemmin rupeaakin vaatimaan kahden viikon maksuaikaa, niin asiakas voi vedota aiempaan k\u00e4yt\u00e4nt\u00f6\u00f6n ja pit\u00e4\u00e4 jatkossakin kiinni pitk\u00e4st\u00e4 maksuajasta. K\u00e4yt\u00e4nn\u00f6ss\u00e4 syntyv\u00e4 sopimus p\u00e4tee toki my\u00f6s toisin p\u00e4in, eli jos asiakas on jatkuvasti toiminut jollain hyv\u00e4ll\u00e4 tavalla ja sitten yritt\u00e4\u00e4kin yll\u00e4tt\u00e4en sit\u00e4 muuttaa, niin k\u00e4\u00e4nt\u00e4j\u00e4 voi vedota aiempaan k\u00e4yt\u00e4nt\u00f6\u00f6n ja sen my\u00f6t\u00e4 syntyneeseen &#8221;hiljaiseen sopimukseen&#8221;.<\/span><\/em><\/p>\n<\/div>\n<\/div>\n<p>[\/et_pb_text][\/et_pb_column][et_pb_column type=&#8221;1_2&#8243; _builder_version=&#8221;3.25&#8243; custom_padding=&#8221;|||&#8221; global_colors_info=&#8221;{}&#8221; custom_padding__hover=&#8221;|||&#8221;][\/et_pb_column][\/et_pb_row][\/et_pb_section]<\/p>\n","protected":false},"excerpt":{"rendered":"<p>Riitatilanteissa otetaan huomioon sopimuksen lis\u00e4ksi lains\u00e4\u00e4d\u00e4nt\u00f6\u00e4 ja yleisi\u00e4 k\u00e4yt\u00e4nt\u00f6j\u00e4. Tulkintaj\u00e4rjestys on yleens\u00e4 seuraavanlainen. &nbsp; Pakottavat lains\u00e4\u00e4nn\u00f6kset (esim. rikosoikeudelliset s\u00e4\u00e4d\u00f6kset) Sopimus ehtoineen. Sopimuksen voidaan katsoa muodostuneen my\u00f6s neuvottelujen kautta, vaikka virallista puitesopimusta tms. ei olisikaan. Sopimuksessa itsess\u00e4\u00e4n voidaan m\u00e4\u00e4ritt\u00e4\u00e4, mitk\u00e4 ehdot tai liitteet ovat ensisijaisia. My\u00f6s tarjous ehtoineen voidaan ottaa t\u00e4ss\u00e4 mukaan tulkintaj\u00e4rjestykseen. Kauppatapa tai muu [&hellip;]<\/p>\n","protected":false},"author":2,"featured_media":0,"parent":267,"menu_order":0,"comment_status":"closed","ping_status":"closed","template":"","meta":{"_et_pb_use_builder":"on","_et_pb_old_content":"","_et_gb_content_width":"","footnotes":""},"class_list":["post-288","page","type-page","status-publish","hentry"],"yoast_head":"<!-- This site is optimized with the Yoast SEO plugin v27.4 - https:\/\/yoast.com\/product\/yoast-seo-wordpress\/ -->\n<title>ristiriitatilanteet - K\u00e4\u00e4nt\u00e4j\u00e4mestarin kirja<\/title>\n<meta name=\"robots\" content=\"index, follow, max-snippet:-1, max-image-preview:large, max-video-preview:-1\" \/>\n<link rel=\"canonical\" href=\"https:\/\/xn--kntjmestari-l8aacb.fi\/km\/etusivu\/luku-9-sopiminen\/ristiriitatilanteet\/\" \/>\n<meta property=\"og:locale\" content=\"fi_FI\" \/>\n<meta property=\"og:type\" content=\"article\" \/>\n<meta property=\"og:title\" content=\"ristiriitatilanteet - K\u00e4\u00e4nt\u00e4j\u00e4mestarin kirja\" \/>\n<meta property=\"og:description\" content=\"Riitatilanteissa otetaan huomioon sopimuksen lis\u00e4ksi lains\u00e4\u00e4d\u00e4nt\u00f6\u00e4 ja yleisi\u00e4 k\u00e4yt\u00e4nt\u00f6j\u00e4. Tulkintaj\u00e4rjestys on yleens\u00e4 seuraavanlainen. &nbsp; Pakottavat lains\u00e4\u00e4nn\u00f6kset (esim. rikosoikeudelliset s\u00e4\u00e4d\u00f6kset) Sopimus ehtoineen. Sopimuksen voidaan katsoa muodostuneen my\u00f6s neuvottelujen kautta, vaikka virallista puitesopimusta tms. ei olisikaan. Sopimuksessa itsess\u00e4\u00e4n voidaan m\u00e4\u00e4ritt\u00e4\u00e4, mitk\u00e4 ehdot tai liitteet ovat ensisijaisia. My\u00f6s tarjous ehtoineen voidaan ottaa t\u00e4ss\u00e4 mukaan tulkintaj\u00e4rjestykseen. Kauppatapa tai muu [&hellip;]\" \/>\n<meta property=\"og:url\" content=\"https:\/\/xn--kntjmestari-l8aacb.fi\/km\/etusivu\/luku-9-sopiminen\/ristiriitatilanteet\/\" \/>\n<meta property=\"og:site_name\" content=\"K\u00e4\u00e4nt\u00e4j\u00e4mestarin kirja\" \/>\n<meta property=\"article:modified_time\" content=\"2022-02-04T12:29:45+00:00\" \/>\n<meta name=\"twitter:card\" content=\"summary_large_image\" \/>\n<meta name=\"twitter:label1\" content=\"Arvioitu lukuaika\" \/>\n\t<meta name=\"twitter:data1\" content=\"2 minuuttia\" \/>\n<script type=\"application\/ld+json\" class=\"yoast-schema-graph\">{\"@context\":\"https:\\\/\\\/schema.org\",\"@graph\":[{\"@type\":\"WebPage\",\"@id\":\"https:\\\/\\\/xn--kntjmestari-l8aacb.fi\\\/km\\\/etusivu\\\/luku-9-sopiminen\\\/ristiriitatilanteet\\\/\",\"url\":\"https:\\\/\\\/xn--kntjmestari-l8aacb.fi\\\/km\\\/etusivu\\\/luku-9-sopiminen\\\/ristiriitatilanteet\\\/\",\"name\":\"ristiriitatilanteet - K\u00e4\u00e4nt\u00e4j\u00e4mestarin kirja\",\"isPartOf\":{\"@id\":\"https:\\\/\\\/xn--kntjmestari-l8aacb.fi\\\/km\\\/#website\"},\"datePublished\":\"2021-12-22T13:44:07+00:00\",\"dateModified\":\"2022-02-04T12:29:45+00:00\",\"breadcrumb\":{\"@id\":\"https:\\\/\\\/xn--kntjmestari-l8aacb.fi\\\/km\\\/etusivu\\\/luku-9-sopiminen\\\/ristiriitatilanteet\\\/#breadcrumb\"},\"inLanguage\":\"fi\",\"potentialAction\":[{\"@type\":\"ReadAction\",\"target\":[\"https:\\\/\\\/xn--kntjmestari-l8aacb.fi\\\/km\\\/etusivu\\\/luku-9-sopiminen\\\/ristiriitatilanteet\\\/\"]}]},{\"@type\":\"BreadcrumbList\",\"@id\":\"https:\\\/\\\/xn--kntjmestari-l8aacb.fi\\\/km\\\/etusivu\\\/luku-9-sopiminen\\\/ristiriitatilanteet\\\/#breadcrumb\",\"itemListElement\":[{\"@type\":\"ListItem\",\"position\":1,\"name\":\"Etusivu\",\"item\":\"https:\\\/\\\/xn--kntjmestari-l8aacb.fi\\\/km\\\/\"},{\"@type\":\"ListItem\",\"position\":2,\"name\":\"K\u00e4\u00e4nt\u00e4j\u00e4mestarin kirja\",\"item\":\"https:\\\/\\\/xn--kntjmestari-l8aacb.fi\\\/km\\\/\"},{\"@type\":\"ListItem\",\"position\":3,\"name\":\"luku 9 &#8211; sopiminen\",\"item\":\"https:\\\/\\\/xn--kntjmestari-l8aacb.fi\\\/km\\\/etusivu\\\/luku-9-sopiminen\\\/\"},{\"@type\":\"ListItem\",\"position\":4,\"name\":\"ristiriitatilanteet\"}]},{\"@type\":\"WebSite\",\"@id\":\"https:\\\/\\\/xn--kntjmestari-l8aacb.fi\\\/km\\\/#website\",\"url\":\"https:\\\/\\\/xn--kntjmestari-l8aacb.fi\\\/km\\\/\",\"name\":\"K\u00e4\u00e4nt\u00e4j\u00e4mestarin kirja\",\"description\":\"k\u00e4yt\u00e4nn\u00f6n opas aloitteleville k\u00e4\u00e4nt\u00e4jille ja tulkeille\",\"publisher\":{\"@id\":\"https:\\\/\\\/xn--kntjmestari-l8aacb.fi\\\/km\\\/#organization\"},\"potentialAction\":[{\"@type\":\"SearchAction\",\"target\":{\"@type\":\"EntryPoint\",\"urlTemplate\":\"https:\\\/\\\/xn--kntjmestari-l8aacb.fi\\\/km\\\/?s={search_term_string}\"},\"query-input\":{\"@type\":\"PropertyValueSpecification\",\"valueRequired\":true,\"valueName\":\"search_term_string\"}}],\"inLanguage\":\"fi\"},{\"@type\":\"Organization\",\"@id\":\"https:\\\/\\\/xn--kntjmestari-l8aacb.fi\\\/km\\\/#organization\",\"name\":\"K\u00e4\u00e4nt\u00e4j\u00e4mestarit\",\"url\":\"https:\\\/\\\/xn--kntjmestari-l8aacb.fi\\\/km\\\/\",\"logo\":{\"@type\":\"ImageObject\",\"inLanguage\":\"fi\",\"@id\":\"https:\\\/\\\/xn--kntjmestari-l8aacb.fi\\\/km\\\/#\\\/schema\\\/logo\\\/image\\\/\",\"url\":\"https:\\\/\\\/xn--kntjmestari-l8aacb.fi\\\/km\\\/wp-content\\\/uploads\\\/2021\\\/12\\\/logo.jpg\",\"contentUrl\":\"https:\\\/\\\/xn--kntjmestari-l8aacb.fi\\\/km\\\/wp-content\\\/uploads\\\/2021\\\/12\\\/logo.jpg\",\"width\":509,\"height\":530,\"caption\":\"K\u00e4\u00e4nt\u00e4j\u00e4mestarit\"},\"image\":{\"@id\":\"https:\\\/\\\/xn--kntjmestari-l8aacb.fi\\\/km\\\/#\\\/schema\\\/logo\\\/image\\\/\"}}]}<\/script>\n<!-- \/ Yoast SEO plugin. -->","yoast_head_json":{"title":"ristiriitatilanteet - K\u00e4\u00e4nt\u00e4j\u00e4mestarin kirja","robots":{"index":"index","follow":"follow","max-snippet":"max-snippet:-1","max-image-preview":"max-image-preview:large","max-video-preview":"max-video-preview:-1"},"canonical":"https:\/\/xn--kntjmestari-l8aacb.fi\/km\/etusivu\/luku-9-sopiminen\/ristiriitatilanteet\/","og_locale":"fi_FI","og_type":"article","og_title":"ristiriitatilanteet - K\u00e4\u00e4nt\u00e4j\u00e4mestarin kirja","og_description":"Riitatilanteissa otetaan huomioon sopimuksen lis\u00e4ksi lains\u00e4\u00e4d\u00e4nt\u00f6\u00e4 ja yleisi\u00e4 k\u00e4yt\u00e4nt\u00f6j\u00e4. Tulkintaj\u00e4rjestys on yleens\u00e4 seuraavanlainen. &nbsp; Pakottavat lains\u00e4\u00e4nn\u00f6kset (esim. rikosoikeudelliset s\u00e4\u00e4d\u00f6kset) Sopimus ehtoineen. Sopimuksen voidaan katsoa muodostuneen my\u00f6s neuvottelujen kautta, vaikka virallista puitesopimusta tms. ei olisikaan. Sopimuksessa itsess\u00e4\u00e4n voidaan m\u00e4\u00e4ritt\u00e4\u00e4, mitk\u00e4 ehdot tai liitteet ovat ensisijaisia. My\u00f6s tarjous ehtoineen voidaan ottaa t\u00e4ss\u00e4 mukaan tulkintaj\u00e4rjestykseen. Kauppatapa tai muu [&hellip;]","og_url":"https:\/\/xn--kntjmestari-l8aacb.fi\/km\/etusivu\/luku-9-sopiminen\/ristiriitatilanteet\/","og_site_name":"K\u00e4\u00e4nt\u00e4j\u00e4mestarin kirja","article_modified_time":"2022-02-04T12:29:45+00:00","twitter_card":"summary_large_image","twitter_misc":{"Arvioitu lukuaika":"2 minuuttia"},"schema":{"@context":"https:\/\/schema.org","@graph":[{"@type":"WebPage","@id":"https:\/\/xn--kntjmestari-l8aacb.fi\/km\/etusivu\/luku-9-sopiminen\/ristiriitatilanteet\/","url":"https:\/\/xn--kntjmestari-l8aacb.fi\/km\/etusivu\/luku-9-sopiminen\/ristiriitatilanteet\/","name":"ristiriitatilanteet - K\u00e4\u00e4nt\u00e4j\u00e4mestarin kirja","isPartOf":{"@id":"https:\/\/xn--kntjmestari-l8aacb.fi\/km\/#website"},"datePublished":"2021-12-22T13:44:07+00:00","dateModified":"2022-02-04T12:29:45+00:00","breadcrumb":{"@id":"https:\/\/xn--kntjmestari-l8aacb.fi\/km\/etusivu\/luku-9-sopiminen\/ristiriitatilanteet\/#breadcrumb"},"inLanguage":"fi","potentialAction":[{"@type":"ReadAction","target":["https:\/\/xn--kntjmestari-l8aacb.fi\/km\/etusivu\/luku-9-sopiminen\/ristiriitatilanteet\/"]}]},{"@type":"BreadcrumbList","@id":"https:\/\/xn--kntjmestari-l8aacb.fi\/km\/etusivu\/luku-9-sopiminen\/ristiriitatilanteet\/#breadcrumb","itemListElement":[{"@type":"ListItem","position":1,"name":"Etusivu","item":"https:\/\/xn--kntjmestari-l8aacb.fi\/km\/"},{"@type":"ListItem","position":2,"name":"K\u00e4\u00e4nt\u00e4j\u00e4mestarin kirja","item":"https:\/\/xn--kntjmestari-l8aacb.fi\/km\/"},{"@type":"ListItem","position":3,"name":"luku 9 &#8211; sopiminen","item":"https:\/\/xn--kntjmestari-l8aacb.fi\/km\/etusivu\/luku-9-sopiminen\/"},{"@type":"ListItem","position":4,"name":"ristiriitatilanteet"}]},{"@type":"WebSite","@id":"https:\/\/xn--kntjmestari-l8aacb.fi\/km\/#website","url":"https:\/\/xn--kntjmestari-l8aacb.fi\/km\/","name":"K\u00e4\u00e4nt\u00e4j\u00e4mestarin kirja","description":"k\u00e4yt\u00e4nn\u00f6n opas aloitteleville k\u00e4\u00e4nt\u00e4jille ja tulkeille","publisher":{"@id":"https:\/\/xn--kntjmestari-l8aacb.fi\/km\/#organization"},"potentialAction":[{"@type":"SearchAction","target":{"@type":"EntryPoint","urlTemplate":"https:\/\/xn--kntjmestari-l8aacb.fi\/km\/?s={search_term_string}"},"query-input":{"@type":"PropertyValueSpecification","valueRequired":true,"valueName":"search_term_string"}}],"inLanguage":"fi"},{"@type":"Organization","@id":"https:\/\/xn--kntjmestari-l8aacb.fi\/km\/#organization","name":"K\u00e4\u00e4nt\u00e4j\u00e4mestarit","url":"https:\/\/xn--kntjmestari-l8aacb.fi\/km\/","logo":{"@type":"ImageObject","inLanguage":"fi","@id":"https:\/\/xn--kntjmestari-l8aacb.fi\/km\/#\/schema\/logo\/image\/","url":"https:\/\/xn--kntjmestari-l8aacb.fi\/km\/wp-content\/uploads\/2021\/12\/logo.jpg","contentUrl":"https:\/\/xn--kntjmestari-l8aacb.fi\/km\/wp-content\/uploads\/2021\/12\/logo.jpg","width":509,"height":530,"caption":"K\u00e4\u00e4nt\u00e4j\u00e4mestarit"},"image":{"@id":"https:\/\/xn--kntjmestari-l8aacb.fi\/km\/#\/schema\/logo\/image\/"}}]}},"_links":{"self":[{"href":"https:\/\/xn--kntjmestari-l8aacb.fi\/km\/wp-json\/wp\/v2\/pages\/288","targetHints":{"allow":["GET"]}}],"collection":[{"href":"https:\/\/xn--kntjmestari-l8aacb.fi\/km\/wp-json\/wp\/v2\/pages"}],"about":[{"href":"https:\/\/xn--kntjmestari-l8aacb.fi\/km\/wp-json\/wp\/v2\/types\/page"}],"author":[{"embeddable":true,"href":"https:\/\/xn--kntjmestari-l8aacb.fi\/km\/wp-json\/wp\/v2\/users\/2"}],"replies":[{"embeddable":true,"href":"https:\/\/xn--kntjmestari-l8aacb.fi\/km\/wp-json\/wp\/v2\/comments?post=288"}],"version-history":[{"count":3,"href":"https:\/\/xn--kntjmestari-l8aacb.fi\/km\/wp-json\/wp\/v2\/pages\/288\/revisions"}],"predecessor-version":[{"id":384,"href":"https:\/\/xn--kntjmestari-l8aacb.fi\/km\/wp-json\/wp\/v2\/pages\/288\/revisions\/384"}],"up":[{"embeddable":true,"href":"https:\/\/xn--kntjmestari-l8aacb.fi\/km\/wp-json\/wp\/v2\/pages\/267"}],"wp:attachment":[{"href":"https:\/\/xn--kntjmestari-l8aacb.fi\/km\/wp-json\/wp\/v2\/media?parent=288"}],"curies":[{"name":"wp","href":"https:\/\/api.w.org\/{rel}","templated":true}]}}