{"id":42,"date":"2021-12-13T11:19:30","date_gmt":"2021-12-13T11:19:30","guid":{"rendered":"https:\/\/xn--kntjmestari-l8aacb.fi\/km\/?page_id=42"},"modified":"2021-12-13T11:19:31","modified_gmt":"2021-12-13T11:19:31","slug":"toiminnan-organisointi","status":"publish","type":"page","link":"https:\/\/xn--kntjmestari-l8aacb.fi\/km\/etusivu\/luku-1-toiminnan-aloittaminen\/toiminnan-organisointi\/","title":{"rendered":"Toiminnan organisointi"},"content":{"rendered":"\n[et_pb_section fb_built=&#8221;1&#8243; _builder_version=&#8221;3.22&#8243; global_colors_info=&#8221;{}&#8221; theme_builder_area=&#8221;post_content&#8221;][et_pb_row _builder_version=&#8221;4.14.2&#8243; _module_preset=&#8221;default&#8221; global_colors_info=&#8221;{}&#8221; theme_builder_area=&#8221;post_content&#8221;][et_pb_column type=&#8221;4_4&#8243; _builder_version=&#8221;4.14.2&#8243; _module_preset=&#8221;default&#8221; global_colors_info=&#8221;{}&#8221; theme_builder_area=&#8221;post_content&#8221;][et_pb_post_title meta=&#8221;off&#8221; featured_image=&#8221;off&#8221; _builder_version=&#8221;4.14.2&#8243; _module_preset=&#8221;default&#8221; global_colors_info=&#8221;{}&#8221; theme_builder_area=&#8221;post_content&#8221;][\/et_pb_post_title][\/et_pb_column][\/et_pb_row][et_pb_row column_structure=&#8221;1_2,1_2&#8243; _builder_version=&#8221;3.25&#8243; background_size=&#8221;initial&#8221; background_position=&#8221;top_left&#8221; background_repeat=&#8221;repeat&#8221; global_colors_info=&#8221;{}&#8221; theme_builder_area=&#8221;post_content&#8221;][et_pb_column type=&#8221;1_2&#8243; _builder_version=&#8221;3.25&#8243; custom_padding=&#8221;|||&#8221; global_colors_info=&#8221;{}&#8221; custom_padding__hover=&#8221;|||&#8221; theme_builder_area=&#8221;post_content&#8221;][et_pb_text _builder_version=&#8221;4.14.2&#8243; background_size=&#8221;initial&#8221; background_position=&#8221;top_left&#8221; background_repeat=&#8221;repeat&#8221; hover_enabled=&#8221;0&#8243; global_colors_info=&#8221;{}&#8221; theme_builder_area=&#8221;post_content&#8221; custom_padding=&#8221;||0px|||&#8221; sticky_enabled=&#8221;0&#8243;]<div id=\"page-zones__main-widgets__content1\" data-name=\"content\" class=\"content widget js-widget\" data-uniqueid=\"OloHtMAomHwAijU\" data-parentuniqueid=\"69O0NdSLr5jBL3F\">\n<div class=\"bk-content-text js-text-content   wysihtml-editor-content\">\n<p><span style=\"font-size: 16px;\">Ammattimaista kielipalvelutoimintaa harjoittavan on j\u00e4rjestett\u00e4v\u00e4 toimintansa niin, ett\u00e4 ty\u00f6prosessi etenee sujuvasti ja tarjottu palvelu tai tuote voidaan toimittaa ajallaan laadukkaasti ja kannattavasti. N\u00e4iden tavoitteiden toteutuminen edellytt\u00e4\u00e4 my\u00f6s ty\u00f6h\u00f6n sopivaa tilaa ja v\u00e4lineit\u00e4.<\/span><\/p>\n<\/div>\n<\/div>\n<div id=\"page-zones__main-widgets__responsivecolumns2\" data-name=\"responsivecolumns\" class=\"responsivecolumns widget js-widget columns-two-66-34\" data-uniqueid=\"IU97ZKKnitQ2VJL\" data-parentuniqueid=\"69O0NdSLr5jBL3F\">\n<section id=\"page-zones__main-widgets__responsivecolumns2-zones__column\" class=\"bk-zone column columns-two-left\" data-uniqueid=\"RASgh1pMj3ocpEf\" data-parentuniqueid=\"IU97ZKKnitQ2VJL\">\n<div id=\"page-zones__main-widgets__responsivecolumns2-zones__column-widgets__text1\" data-name=\"content\" class=\"content widget js-widget\" data-uniqueid=\"UAsMUYZWF6V7wKh\" data-parentuniqueid=\"RASgh1pMj3ocpEf\">\n<div class=\"bk-content-text js-text-content   wysihtml-editor-content\">\n<p>Kun\u00a0menet esimerkiksi\u00a0kampaajalle, sinulla on tiettyj\u00e4 ennakko-odotuksia palvelulta: Odotat, ett\u00e4\u00a0kampaajalla\u00a0on ty\u00f6- tai liiketila, tuoli, peili, hiustenpesupaikka, sakset, muotoilutarvikkeet sek\u00e4 maksukorttip\u00e4\u00e4te, josta saat kuitin erittelyineen. Odotat\u00a0my\u00f6s, ett\u00e4 v\u00e4lineet ja tilat ovat ajan tasalla ja tarkoituksenmukaisia\u00a0(esim. sakset pidet\u00e4\u00e4n puhtaina ja hygieenisin\u00e4). Lis\u00e4ksi on suotavaa, ett\u00e4\u00a0kampaaja kehitt\u00e4\u00e4 jatkuvasti osaamistaan k\u00e4ym\u00e4ll\u00e4\u00a0kursseilla ja koulutuksissa sek\u00e4 seuraa alan trendej\u00e4.\u00a0<\/p>\n<p>Samalla tavalla sinun asiakkaillasi on odotuksia tarjoamastasi palvelusta. Ammattimaisen toiminnan\u00a0t\u00e4ytyy sujua siten, ett\u00e4 kaikki osapuolet ovat tyytyv\u00e4isi\u00e4 tulokseen ja ett\u00e4 toiminta on kannattavaa.\u00a0T\u00e4ll\u00f6in\u00a0syntyv\u00e4 tuote vastaa\u00a0asiakkaan tarpeita ja toiveita sek\u00e4 on asiakkaan k\u00e4ytett\u00e4viss\u00e4 (ty\u00f6n toteutuksessa on k\u00e4ytetty esimerkiksi asiakkaan\u00a0ohjelmistojen kanssa yhteensopivia ohjelmistoja). Asiakas my\u00f6s odottaa, ett\u00e4 osaat laskuttaa ja hoidat yritt\u00e4j\u00e4n maksut lakien ja s\u00e4\u00e4d\u00f6sten mukaan.<\/p>\n<\/div>\n<\/div>\n<\/section>\n<\/div>[\/et_pb_text][\/et_pb_column][et_pb_column type=&#8221;1_2&#8243; _builder_version=&#8221;3.25&#8243; custom_padding=&#8221;|||&#8221; global_colors_info=&#8221;{}&#8221; custom_padding__hover=&#8221;|||&#8221; theme_builder_area=&#8221;post_content&#8221;][et_pb_image src=&#8221;https:\/\/xn--kntjmestari-l8aacb.fi\/km\/wp-content\/uploads\/2021\/12\/kaantaja_i_luku1_luku9_luku9.jpg&#8221; title_text=&#8221;kaantaja_i_luku1_luku9_luku9&#8243; _builder_version=&#8221;4.14.2&#8243; _module_preset=&#8221;default&#8221; hover_enabled=&#8221;0&#8243; global_colors_info=&#8221;{}&#8221; theme_builder_area=&#8221;post_content&#8221; sticky_enabled=&#8221;0&#8243;][\/et_pb_image][\/et_pb_column][\/et_pb_row][\/et_pb_section]\n","protected":false},"excerpt":{"rendered":"<p>Ammattimaista kielipalvelutoimintaa harjoittavan on j\u00e4rjestett\u00e4v\u00e4 toimintansa niin, ett\u00e4 ty\u00f6prosessi etenee sujuvasti ja tarjottu palvelu tai tuote voidaan toimittaa ajallaan laadukkaasti ja kannattavasti. N\u00e4iden tavoitteiden toteutuminen edellytt\u00e4\u00e4 my\u00f6s ty\u00f6h\u00f6n sopivaa tilaa ja v\u00e4lineit\u00e4. Kun\u00a0menet esimerkiksi\u00a0kampaajalle, sinulla on tiettyj\u00e4 ennakko-odotuksia palvelulta: Odotat, ett\u00e4\u00a0kampaajalla\u00a0on ty\u00f6- tai liiketila, tuoli, peili, hiustenpesupaikka, sakset, muotoilutarvikkeet sek\u00e4 maksukorttip\u00e4\u00e4te, josta saat kuitin erittelyineen. [&hellip;]<\/p>\n","protected":false},"author":1,"featured_media":0,"parent":35,"menu_order":0,"comment_status":"closed","ping_status":"closed","template":"","meta":{"_et_pb_use_builder":"on","_et_pb_old_content":"","_et_gb_content_width":"","footnotes":""},"class_list":["post-42","page","type-page","status-publish","hentry"],"yoast_head":"<!-- This site is optimized with the Yoast SEO plugin v27.4 - https:\/\/yoast.com\/product\/yoast-seo-wordpress\/ -->\n<title>Toiminnan organisointi - K\u00e4\u00e4nt\u00e4j\u00e4mestarin kirja<\/title>\n<meta name=\"robots\" content=\"index, follow, max-snippet:-1, max-image-preview:large, max-video-preview:-1\" \/>\n<link rel=\"canonical\" href=\"https:\/\/xn--kntjmestari-l8aacb.fi\/km\/etusivu\/luku-1-toiminnan-aloittaminen\/toiminnan-organisointi\/\" \/>\n<meta property=\"og:locale\" content=\"fi_FI\" \/>\n<meta property=\"og:type\" content=\"article\" \/>\n<meta property=\"og:title\" content=\"Toiminnan organisointi - K\u00e4\u00e4nt\u00e4j\u00e4mestarin kirja\" \/>\n<meta property=\"og:description\" content=\"Ammattimaista kielipalvelutoimintaa harjoittavan on j\u00e4rjestett\u00e4v\u00e4 toimintansa niin, ett\u00e4 ty\u00f6prosessi etenee sujuvasti ja tarjottu palvelu tai tuote voidaan toimittaa ajallaan laadukkaasti ja kannattavasti. N\u00e4iden tavoitteiden toteutuminen edellytt\u00e4\u00e4 my\u00f6s ty\u00f6h\u00f6n sopivaa tilaa ja v\u00e4lineit\u00e4. Kun\u00a0menet esimerkiksi\u00a0kampaajalle, sinulla on tiettyj\u00e4 ennakko-odotuksia palvelulta: Odotat, ett\u00e4\u00a0kampaajalla\u00a0on ty\u00f6- tai liiketila, tuoli, peili, hiustenpesupaikka, sakset, muotoilutarvikkeet sek\u00e4 maksukorttip\u00e4\u00e4te, josta saat kuitin erittelyineen. [&hellip;]\" \/>\n<meta property=\"og:url\" content=\"https:\/\/xn--kntjmestari-l8aacb.fi\/km\/etusivu\/luku-1-toiminnan-aloittaminen\/toiminnan-organisointi\/\" \/>\n<meta property=\"og:site_name\" content=\"K\u00e4\u00e4nt\u00e4j\u00e4mestarin kirja\" \/>\n<meta property=\"article:modified_time\" content=\"2021-12-13T11:19:31+00:00\" \/>\n<meta name=\"twitter:card\" content=\"summary_large_image\" \/>\n<meta name=\"twitter:label1\" content=\"Arvioitu lukuaika\" \/>\n\t<meta name=\"twitter:data1\" content=\"2 minuuttia\" \/>\n<script type=\"application\/ld+json\" class=\"yoast-schema-graph\">{\"@context\":\"https:\\\/\\\/schema.org\",\"@graph\":[{\"@type\":\"WebPage\",\"@id\":\"https:\\\/\\\/xn--kntjmestari-l8aacb.fi\\\/km\\\/etusivu\\\/luku-1-toiminnan-aloittaminen\\\/toiminnan-organisointi\\\/\",\"url\":\"https:\\\/\\\/xn--kntjmestari-l8aacb.fi\\\/km\\\/etusivu\\\/luku-1-toiminnan-aloittaminen\\\/toiminnan-organisointi\\\/\",\"name\":\"Toiminnan organisointi - K\u00e4\u00e4nt\u00e4j\u00e4mestarin kirja\",\"isPartOf\":{\"@id\":\"https:\\\/\\\/xn--kntjmestari-l8aacb.fi\\\/km\\\/#website\"},\"datePublished\":\"2021-12-13T11:19:30+00:00\",\"dateModified\":\"2021-12-13T11:19:31+00:00\",\"breadcrumb\":{\"@id\":\"https:\\\/\\\/xn--kntjmestari-l8aacb.fi\\\/km\\\/etusivu\\\/luku-1-toiminnan-aloittaminen\\\/toiminnan-organisointi\\\/#breadcrumb\"},\"inLanguage\":\"fi\",\"potentialAction\":[{\"@type\":\"ReadAction\",\"target\":[\"https:\\\/\\\/xn--kntjmestari-l8aacb.fi\\\/km\\\/etusivu\\\/luku-1-toiminnan-aloittaminen\\\/toiminnan-organisointi\\\/\"]}]},{\"@type\":\"BreadcrumbList\",\"@id\":\"https:\\\/\\\/xn--kntjmestari-l8aacb.fi\\\/km\\\/etusivu\\\/luku-1-toiminnan-aloittaminen\\\/toiminnan-organisointi\\\/#breadcrumb\",\"itemListElement\":[{\"@type\":\"ListItem\",\"position\":1,\"name\":\"Etusivu\",\"item\":\"https:\\\/\\\/xn--kntjmestari-l8aacb.fi\\\/km\\\/\"},{\"@type\":\"ListItem\",\"position\":2,\"name\":\"K\u00e4\u00e4nt\u00e4j\u00e4mestarin kirja\",\"item\":\"https:\\\/\\\/xn--kntjmestari-l8aacb.fi\\\/km\\\/\"},{\"@type\":\"ListItem\",\"position\":3,\"name\":\"Luku 1 &#8211; toiminnan aloittaminen\",\"item\":\"https:\\\/\\\/xn--kntjmestari-l8aacb.fi\\\/km\\\/etusivu\\\/luku-1-toiminnan-aloittaminen\\\/\"},{\"@type\":\"ListItem\",\"position\":4,\"name\":\"Toiminnan organisointi\"}]},{\"@type\":\"WebSite\",\"@id\":\"https:\\\/\\\/xn--kntjmestari-l8aacb.fi\\\/km\\\/#website\",\"url\":\"https:\\\/\\\/xn--kntjmestari-l8aacb.fi\\\/km\\\/\",\"name\":\"K\u00e4\u00e4nt\u00e4j\u00e4mestarin kirja\",\"description\":\"k\u00e4yt\u00e4nn\u00f6n opas aloitteleville k\u00e4\u00e4nt\u00e4jille ja tulkeille\",\"publisher\":{\"@id\":\"https:\\\/\\\/xn--kntjmestari-l8aacb.fi\\\/km\\\/#organization\"},\"potentialAction\":[{\"@type\":\"SearchAction\",\"target\":{\"@type\":\"EntryPoint\",\"urlTemplate\":\"https:\\\/\\\/xn--kntjmestari-l8aacb.fi\\\/km\\\/?s={search_term_string}\"},\"query-input\":{\"@type\":\"PropertyValueSpecification\",\"valueRequired\":true,\"valueName\":\"search_term_string\"}}],\"inLanguage\":\"fi\"},{\"@type\":\"Organization\",\"@id\":\"https:\\\/\\\/xn--kntjmestari-l8aacb.fi\\\/km\\\/#organization\",\"name\":\"K\u00e4\u00e4nt\u00e4j\u00e4mestarit\",\"url\":\"https:\\\/\\\/xn--kntjmestari-l8aacb.fi\\\/km\\\/\",\"logo\":{\"@type\":\"ImageObject\",\"inLanguage\":\"fi\",\"@id\":\"https:\\\/\\\/xn--kntjmestari-l8aacb.fi\\\/km\\\/#\\\/schema\\\/logo\\\/image\\\/\",\"url\":\"https:\\\/\\\/xn--kntjmestari-l8aacb.fi\\\/km\\\/wp-content\\\/uploads\\\/2021\\\/12\\\/logo.jpg\",\"contentUrl\":\"https:\\\/\\\/xn--kntjmestari-l8aacb.fi\\\/km\\\/wp-content\\\/uploads\\\/2021\\\/12\\\/logo.jpg\",\"width\":509,\"height\":530,\"caption\":\"K\u00e4\u00e4nt\u00e4j\u00e4mestarit\"},\"image\":{\"@id\":\"https:\\\/\\\/xn--kntjmestari-l8aacb.fi\\\/km\\\/#\\\/schema\\\/logo\\\/image\\\/\"}}]}<\/script>\n<!-- \/ Yoast SEO plugin. -->","yoast_head_json":{"title":"Toiminnan organisointi - K\u00e4\u00e4nt\u00e4j\u00e4mestarin kirja","robots":{"index":"index","follow":"follow","max-snippet":"max-snippet:-1","max-image-preview":"max-image-preview:large","max-video-preview":"max-video-preview:-1"},"canonical":"https:\/\/xn--kntjmestari-l8aacb.fi\/km\/etusivu\/luku-1-toiminnan-aloittaminen\/toiminnan-organisointi\/","og_locale":"fi_FI","og_type":"article","og_title":"Toiminnan organisointi - K\u00e4\u00e4nt\u00e4j\u00e4mestarin kirja","og_description":"Ammattimaista kielipalvelutoimintaa harjoittavan on j\u00e4rjestett\u00e4v\u00e4 toimintansa niin, ett\u00e4 ty\u00f6prosessi etenee sujuvasti ja tarjottu palvelu tai tuote voidaan toimittaa ajallaan laadukkaasti ja kannattavasti. N\u00e4iden tavoitteiden toteutuminen edellytt\u00e4\u00e4 my\u00f6s ty\u00f6h\u00f6n sopivaa tilaa ja v\u00e4lineit\u00e4. Kun\u00a0menet esimerkiksi\u00a0kampaajalle, sinulla on tiettyj\u00e4 ennakko-odotuksia palvelulta: Odotat, ett\u00e4\u00a0kampaajalla\u00a0on ty\u00f6- tai liiketila, tuoli, peili, hiustenpesupaikka, sakset, muotoilutarvikkeet sek\u00e4 maksukorttip\u00e4\u00e4te, josta saat kuitin erittelyineen. [&hellip;]","og_url":"https:\/\/xn--kntjmestari-l8aacb.fi\/km\/etusivu\/luku-1-toiminnan-aloittaminen\/toiminnan-organisointi\/","og_site_name":"K\u00e4\u00e4nt\u00e4j\u00e4mestarin kirja","article_modified_time":"2021-12-13T11:19:31+00:00","twitter_card":"summary_large_image","twitter_misc":{"Arvioitu lukuaika":"2 minuuttia"},"schema":{"@context":"https:\/\/schema.org","@graph":[{"@type":"WebPage","@id":"https:\/\/xn--kntjmestari-l8aacb.fi\/km\/etusivu\/luku-1-toiminnan-aloittaminen\/toiminnan-organisointi\/","url":"https:\/\/xn--kntjmestari-l8aacb.fi\/km\/etusivu\/luku-1-toiminnan-aloittaminen\/toiminnan-organisointi\/","name":"Toiminnan organisointi - K\u00e4\u00e4nt\u00e4j\u00e4mestarin kirja","isPartOf":{"@id":"https:\/\/xn--kntjmestari-l8aacb.fi\/km\/#website"},"datePublished":"2021-12-13T11:19:30+00:00","dateModified":"2021-12-13T11:19:31+00:00","breadcrumb":{"@id":"https:\/\/xn--kntjmestari-l8aacb.fi\/km\/etusivu\/luku-1-toiminnan-aloittaminen\/toiminnan-organisointi\/#breadcrumb"},"inLanguage":"fi","potentialAction":[{"@type":"ReadAction","target":["https:\/\/xn--kntjmestari-l8aacb.fi\/km\/etusivu\/luku-1-toiminnan-aloittaminen\/toiminnan-organisointi\/"]}]},{"@type":"BreadcrumbList","@id":"https:\/\/xn--kntjmestari-l8aacb.fi\/km\/etusivu\/luku-1-toiminnan-aloittaminen\/toiminnan-organisointi\/#breadcrumb","itemListElement":[{"@type":"ListItem","position":1,"name":"Etusivu","item":"https:\/\/xn--kntjmestari-l8aacb.fi\/km\/"},{"@type":"ListItem","position":2,"name":"K\u00e4\u00e4nt\u00e4j\u00e4mestarin kirja","item":"https:\/\/xn--kntjmestari-l8aacb.fi\/km\/"},{"@type":"ListItem","position":3,"name":"Luku 1 &#8211; toiminnan aloittaminen","item":"https:\/\/xn--kntjmestari-l8aacb.fi\/km\/etusivu\/luku-1-toiminnan-aloittaminen\/"},{"@type":"ListItem","position":4,"name":"Toiminnan organisointi"}]},{"@type":"WebSite","@id":"https:\/\/xn--kntjmestari-l8aacb.fi\/km\/#website","url":"https:\/\/xn--kntjmestari-l8aacb.fi\/km\/","name":"K\u00e4\u00e4nt\u00e4j\u00e4mestarin kirja","description":"k\u00e4yt\u00e4nn\u00f6n opas aloitteleville k\u00e4\u00e4nt\u00e4jille ja tulkeille","publisher":{"@id":"https:\/\/xn--kntjmestari-l8aacb.fi\/km\/#organization"},"potentialAction":[{"@type":"SearchAction","target":{"@type":"EntryPoint","urlTemplate":"https:\/\/xn--kntjmestari-l8aacb.fi\/km\/?s={search_term_string}"},"query-input":{"@type":"PropertyValueSpecification","valueRequired":true,"valueName":"search_term_string"}}],"inLanguage":"fi"},{"@type":"Organization","@id":"https:\/\/xn--kntjmestari-l8aacb.fi\/km\/#organization","name":"K\u00e4\u00e4nt\u00e4j\u00e4mestarit","url":"https:\/\/xn--kntjmestari-l8aacb.fi\/km\/","logo":{"@type":"ImageObject","inLanguage":"fi","@id":"https:\/\/xn--kntjmestari-l8aacb.fi\/km\/#\/schema\/logo\/image\/","url":"https:\/\/xn--kntjmestari-l8aacb.fi\/km\/wp-content\/uploads\/2021\/12\/logo.jpg","contentUrl":"https:\/\/xn--kntjmestari-l8aacb.fi\/km\/wp-content\/uploads\/2021\/12\/logo.jpg","width":509,"height":530,"caption":"K\u00e4\u00e4nt\u00e4j\u00e4mestarit"},"image":{"@id":"https:\/\/xn--kntjmestari-l8aacb.fi\/km\/#\/schema\/logo\/image\/"}}]}},"_links":{"self":[{"href":"https:\/\/xn--kntjmestari-l8aacb.fi\/km\/wp-json\/wp\/v2\/pages\/42","targetHints":{"allow":["GET"]}}],"collection":[{"href":"https:\/\/xn--kntjmestari-l8aacb.fi\/km\/wp-json\/wp\/v2\/pages"}],"about":[{"href":"https:\/\/xn--kntjmestari-l8aacb.fi\/km\/wp-json\/wp\/v2\/types\/page"}],"author":[{"embeddable":true,"href":"https:\/\/xn--kntjmestari-l8aacb.fi\/km\/wp-json\/wp\/v2\/users\/1"}],"replies":[{"embeddable":true,"href":"https:\/\/xn--kntjmestari-l8aacb.fi\/km\/wp-json\/wp\/v2\/comments?post=42"}],"version-history":[{"count":3,"href":"https:\/\/xn--kntjmestari-l8aacb.fi\/km\/wp-json\/wp\/v2\/pages\/42\/revisions"}],"predecessor-version":[{"id":46,"href":"https:\/\/xn--kntjmestari-l8aacb.fi\/km\/wp-json\/wp\/v2\/pages\/42\/revisions\/46"}],"up":[{"embeddable":true,"href":"https:\/\/xn--kntjmestari-l8aacb.fi\/km\/wp-json\/wp\/v2\/pages\/35"}],"wp:attachment":[{"href":"https:\/\/xn--kntjmestari-l8aacb.fi\/km\/wp-json\/wp\/v2\/media?parent=42"}],"curies":[{"name":"wp","href":"https:\/\/api.w.org\/{rel}","templated":true}]}}