{"id":47,"date":"2021-12-13T11:21:24","date_gmt":"2021-12-13T11:21:24","guid":{"rendered":"https:\/\/xn--kntjmestari-l8aacb.fi\/km\/?page_id=47"},"modified":"2022-02-16T15:09:39","modified_gmt":"2022-02-16T15:09:39","slug":"ammattilaisen-tyovalineet","status":"publish","type":"page","link":"https:\/\/xn--kntjmestari-l8aacb.fi\/km\/etusivu\/luku-1-toiminnan-aloittaminen\/ammattilaisen-tyovalineet\/","title":{"rendered":"Ammattilaisen ty\u00f6v\u00e4lineet"},"content":{"rendered":"<p>[et_pb_section fb_built=&#8221;1&#8243; _builder_version=&#8221;3.22&#8243; global_colors_info=&#8221;{}&#8221;][et_pb_row _builder_version=&#8221;4.14.2&#8243; _module_preset=&#8221;default&#8221; global_colors_info=&#8221;{}&#8221;][et_pb_column type=&#8221;4_4&#8243; _builder_version=&#8221;4.14.2&#8243; _module_preset=&#8221;default&#8221; global_colors_info=&#8221;{}&#8221;][et_pb_post_title meta=&#8221;off&#8221; featured_image=&#8221;off&#8221; _builder_version=&#8221;4.14.2&#8243; _module_preset=&#8221;default&#8221; global_colors_info=&#8221;{}&#8221;][\/et_pb_post_title][\/et_pb_column][\/et_pb_row][et_pb_row column_structure=&#8221;1_2,1_2&#8243; _builder_version=&#8221;3.25&#8243; background_size=&#8221;initial&#8221; background_position=&#8221;top_left&#8221; background_repeat=&#8221;repeat&#8221; global_colors_info=&#8221;{}&#8221;][et_pb_column type=&#8221;1_2&#8243; _builder_version=&#8221;3.25&#8243; custom_padding=&#8221;|||&#8221; global_colors_info=&#8221;{}&#8221; custom_padding__hover=&#8221;|||&#8221;][et_pb_text _builder_version=&#8221;4.14.7&#8243; background_size=&#8221;initial&#8221; background_position=&#8221;top_left&#8221; background_repeat=&#8221;repeat&#8221; custom_padding=&#8221;||0px|||&#8221; hover_enabled=&#8221;0&#8243; global_colors_info=&#8221;{}&#8221; sticky_enabled=&#8221;0&#8243;]<\/p>\n<div id=\"page-zones__main-widgets__content1\" data-name=\"content\" class=\"content widget js-widget\" data-uniqueid=\"OloHtMAomHwAijU\" data-parentuniqueid=\"69O0NdSLr5jBL3F\">\n<div class=\"bk-content-text js-text-content   wysihtml-editor-content\">\n<div id=\"page-zones__main-widgets__responsivecolumns-zones__column-widgets__content1\" data-name=\"content\" class=\"content widget js-widget\" data-uniqueid=\"PSmrChrVcSNBCyJ\" data-parentuniqueid=\"1VrvzxZr7bE023P\">\n<div class=\"bk-content-text js-text-content   wysihtml-editor-content\">\n<div id=\"page-zones__main-widgets__responsivecolumns-zones__column-widgets__content1\" data-name=\"content\" class=\"content widget js-widget\" data-uniqueid=\"PSmrChrVcSNBCyJ\" data-parentuniqueid=\"1VrvzxZr7bE023P\">\n<div class=\"bk-content-text js-text-content   wysihtml-editor-content\">\n<p>Kielipalvelualalla toiminnan aloittaminen ei vaadi suuria tai kalliita investointeja. Ammattilaisella tulee kuitenkin olla ammattilaisen ty\u00f6v\u00e4lineet. Jos tietokoneesi kaatuilee, ohjelmistot ovat vanhentuneita, et saa tiedostoja auki, sinulla ei ole k\u00e4\u00e4nn\u00f6smuistiohjelmaa tai s\u00e4hk\u00f6postilaatikkosi on jatkuvasti t\u00e4ynn\u00e4, et pysty t\u00e4ytt\u00e4m\u00e4\u00e4n asiakkaiden tarpeita etk\u00e4 anna itsest\u00e4si hyv\u00e4\u00e4 kuvaa.<\/p>\n<\/div>\n<\/div>\n<div id=\"page-zones__main-widgets__responsivecolumns-zones__column-widgets__content\" data-name=\"content\" class=\"content widget js-widget\" data-uniqueid=\"B6zwkloF8jvfRbD\" data-parentuniqueid=\"1VrvzxZr7bE023P\">\n<div class=\"bk-content-text js-text-content   wysihtml-editor-content\">\n<p>Kielipalvelutoiminnassa tavallisimmin\u00a0tarvittavat ohjelmistot ovat suhteellisen kevyit\u00e4, joten niiden py\u00f6ritt\u00e4miseen riitt\u00e4\u00e4 peruskone. Ohjelmistoista tarvitset v\u00e4hint\u00e4\u00e4n toimistosovellukset ja k\u00e4\u00e4nn\u00f6stoiminnassa\u00a0jonkin k\u00e4\u00e4nn\u00f6smuistiohjelman. Lis\u00e4ksi tarvitset internetyhteyden, s\u00e4hk\u00f6postiosoitteen ja puhelimen. Kun asiakaskunta alkaa muodostua, esiin voi tulla muitakin ty\u00f6v\u00e4linetarpeita. Tarvitset luonnollisesti my\u00f6s\u00a0laskutusreitin\u00a0(oma yritys tai osuuskunta) tai asiakkaita, jotka maksavat\u00a0palkkiot verokortilla.\u00a0<\/p>\n<\/div>\n<\/div>\n<\/div>\n<\/div>\n<\/div>\n<\/div>\n<p>[\/et_pb_text][\/et_pb_column][et_pb_column type=&#8221;1_2&#8243; _builder_version=&#8221;3.25&#8243; custom_padding=&#8221;|||&#8221; global_colors_info=&#8221;{}&#8221; custom_padding__hover=&#8221;|||&#8221;][et_pb_image src=&#8221;https:\/\/xn--kntjmestari-l8aacb.fi\/km\/wp-content\/uploads\/2021\/12\/kaantaja_i_luku1_luku7_luku7_luku7_luku7.jpg&#8221; title_text=&#8221;kaantaja_i_luku1_luku7_luku7_luku7_luku7&#8243; _builder_version=&#8221;4.14.2&#8243; _module_preset=&#8221;default&#8221; global_colors_info=&#8221;{}&#8221;][\/et_pb_image][\/et_pb_column][\/et_pb_row][\/et_pb_section]<\/p>\n","protected":false},"excerpt":{"rendered":"<p>Kielipalvelualalla toiminnan aloittaminen ei vaadi suuria tai kalliita investointeja. Ammattilaisella tulee kuitenkin olla ammattilaisen ty\u00f6v\u00e4lineet. Jos tietokoneesi kaatuilee, ohjelmistot ovat vanhentuneita, et saa tiedostoja auki, sinulla ei ole k\u00e4\u00e4nn\u00f6smuistiohjelmaa tai s\u00e4hk\u00f6postilaatikkosi on jatkuvasti t\u00e4ynn\u00e4, et pysty t\u00e4ytt\u00e4m\u00e4\u00e4n asiakkaiden tarpeita etk\u00e4 anna itsest\u00e4si hyv\u00e4\u00e4 kuvaa. Kielipalvelutoiminnassa tavallisimmin\u00a0tarvittavat ohjelmistot ovat suhteellisen kevyit\u00e4, joten niiden py\u00f6ritt\u00e4miseen riitt\u00e4\u00e4 peruskone. [&hellip;]<\/p>\n","protected":false},"author":1,"featured_media":0,"parent":35,"menu_order":0,"comment_status":"closed","ping_status":"closed","template":"","meta":{"_et_pb_use_builder":"on","_et_pb_old_content":"","_et_gb_content_width":"","footnotes":""},"class_list":["post-47","page","type-page","status-publish","hentry"],"yoast_head":"<!-- This site is optimized with the Yoast SEO plugin v27.4 - https:\/\/yoast.com\/product\/yoast-seo-wordpress\/ -->\n<title>Ammattilaisen ty\u00f6v\u00e4lineet - K\u00e4\u00e4nt\u00e4j\u00e4mestarin kirja<\/title>\n<meta name=\"robots\" content=\"index, follow, max-snippet:-1, max-image-preview:large, max-video-preview:-1\" \/>\n<link rel=\"canonical\" href=\"https:\/\/xn--kntjmestari-l8aacb.fi\/km\/etusivu\/luku-1-toiminnan-aloittaminen\/ammattilaisen-tyovalineet\/\" \/>\n<meta property=\"og:locale\" content=\"fi_FI\" \/>\n<meta property=\"og:type\" content=\"article\" \/>\n<meta property=\"og:title\" content=\"Ammattilaisen ty\u00f6v\u00e4lineet - K\u00e4\u00e4nt\u00e4j\u00e4mestarin kirja\" \/>\n<meta property=\"og:description\" content=\"Kielipalvelualalla toiminnan aloittaminen ei vaadi suuria tai kalliita investointeja. Ammattilaisella tulee kuitenkin olla ammattilaisen ty\u00f6v\u00e4lineet. Jos tietokoneesi kaatuilee, ohjelmistot ovat vanhentuneita, et saa tiedostoja auki, sinulla ei ole k\u00e4\u00e4nn\u00f6smuistiohjelmaa tai s\u00e4hk\u00f6postilaatikkosi on jatkuvasti t\u00e4ynn\u00e4, et pysty t\u00e4ytt\u00e4m\u00e4\u00e4n asiakkaiden tarpeita etk\u00e4 anna itsest\u00e4si hyv\u00e4\u00e4 kuvaa. Kielipalvelutoiminnassa tavallisimmin\u00a0tarvittavat ohjelmistot ovat suhteellisen kevyit\u00e4, joten niiden py\u00f6ritt\u00e4miseen riitt\u00e4\u00e4 peruskone. [&hellip;]\" \/>\n<meta property=\"og:url\" content=\"https:\/\/xn--kntjmestari-l8aacb.fi\/km\/etusivu\/luku-1-toiminnan-aloittaminen\/ammattilaisen-tyovalineet\/\" \/>\n<meta property=\"og:site_name\" content=\"K\u00e4\u00e4nt\u00e4j\u00e4mestarin kirja\" \/>\n<meta property=\"article:modified_time\" content=\"2022-02-16T15:09:39+00:00\" \/>\n<meta name=\"twitter:card\" content=\"summary_large_image\" \/>\n<meta name=\"twitter:label1\" content=\"Arvioitu lukuaika\" \/>\n\t<meta name=\"twitter:data1\" content=\"2 minuuttia\" \/>\n<script type=\"application\/ld+json\" class=\"yoast-schema-graph\">{\"@context\":\"https:\\\/\\\/schema.org\",\"@graph\":[{\"@type\":\"WebPage\",\"@id\":\"https:\\\/\\\/xn--kntjmestari-l8aacb.fi\\\/km\\\/etusivu\\\/luku-1-toiminnan-aloittaminen\\\/ammattilaisen-tyovalineet\\\/\",\"url\":\"https:\\\/\\\/xn--kntjmestari-l8aacb.fi\\\/km\\\/etusivu\\\/luku-1-toiminnan-aloittaminen\\\/ammattilaisen-tyovalineet\\\/\",\"name\":\"Ammattilaisen ty\u00f6v\u00e4lineet - K\u00e4\u00e4nt\u00e4j\u00e4mestarin kirja\",\"isPartOf\":{\"@id\":\"https:\\\/\\\/xn--kntjmestari-l8aacb.fi\\\/km\\\/#website\"},\"datePublished\":\"2021-12-13T11:21:24+00:00\",\"dateModified\":\"2022-02-16T15:09:39+00:00\",\"breadcrumb\":{\"@id\":\"https:\\\/\\\/xn--kntjmestari-l8aacb.fi\\\/km\\\/etusivu\\\/luku-1-toiminnan-aloittaminen\\\/ammattilaisen-tyovalineet\\\/#breadcrumb\"},\"inLanguage\":\"fi\",\"potentialAction\":[{\"@type\":\"ReadAction\",\"target\":[\"https:\\\/\\\/xn--kntjmestari-l8aacb.fi\\\/km\\\/etusivu\\\/luku-1-toiminnan-aloittaminen\\\/ammattilaisen-tyovalineet\\\/\"]}]},{\"@type\":\"BreadcrumbList\",\"@id\":\"https:\\\/\\\/xn--kntjmestari-l8aacb.fi\\\/km\\\/etusivu\\\/luku-1-toiminnan-aloittaminen\\\/ammattilaisen-tyovalineet\\\/#breadcrumb\",\"itemListElement\":[{\"@type\":\"ListItem\",\"position\":1,\"name\":\"Etusivu\",\"item\":\"https:\\\/\\\/xn--kntjmestari-l8aacb.fi\\\/km\\\/\"},{\"@type\":\"ListItem\",\"position\":2,\"name\":\"K\u00e4\u00e4nt\u00e4j\u00e4mestarin kirja\",\"item\":\"https:\\\/\\\/xn--kntjmestari-l8aacb.fi\\\/km\\\/\"},{\"@type\":\"ListItem\",\"position\":3,\"name\":\"Luku 1 &#8211; toiminnan aloittaminen\",\"item\":\"https:\\\/\\\/xn--kntjmestari-l8aacb.fi\\\/km\\\/etusivu\\\/luku-1-toiminnan-aloittaminen\\\/\"},{\"@type\":\"ListItem\",\"position\":4,\"name\":\"Ammattilaisen ty\u00f6v\u00e4lineet\"}]},{\"@type\":\"WebSite\",\"@id\":\"https:\\\/\\\/xn--kntjmestari-l8aacb.fi\\\/km\\\/#website\",\"url\":\"https:\\\/\\\/xn--kntjmestari-l8aacb.fi\\\/km\\\/\",\"name\":\"K\u00e4\u00e4nt\u00e4j\u00e4mestarin kirja\",\"description\":\"k\u00e4yt\u00e4nn\u00f6n opas aloitteleville k\u00e4\u00e4nt\u00e4jille ja tulkeille\",\"publisher\":{\"@id\":\"https:\\\/\\\/xn--kntjmestari-l8aacb.fi\\\/km\\\/#organization\"},\"potentialAction\":[{\"@type\":\"SearchAction\",\"target\":{\"@type\":\"EntryPoint\",\"urlTemplate\":\"https:\\\/\\\/xn--kntjmestari-l8aacb.fi\\\/km\\\/?s={search_term_string}\"},\"query-input\":{\"@type\":\"PropertyValueSpecification\",\"valueRequired\":true,\"valueName\":\"search_term_string\"}}],\"inLanguage\":\"fi\"},{\"@type\":\"Organization\",\"@id\":\"https:\\\/\\\/xn--kntjmestari-l8aacb.fi\\\/km\\\/#organization\",\"name\":\"K\u00e4\u00e4nt\u00e4j\u00e4mestarit\",\"url\":\"https:\\\/\\\/xn--kntjmestari-l8aacb.fi\\\/km\\\/\",\"logo\":{\"@type\":\"ImageObject\",\"inLanguage\":\"fi\",\"@id\":\"https:\\\/\\\/xn--kntjmestari-l8aacb.fi\\\/km\\\/#\\\/schema\\\/logo\\\/image\\\/\",\"url\":\"https:\\\/\\\/xn--kntjmestari-l8aacb.fi\\\/km\\\/wp-content\\\/uploads\\\/2021\\\/12\\\/logo.jpg\",\"contentUrl\":\"https:\\\/\\\/xn--kntjmestari-l8aacb.fi\\\/km\\\/wp-content\\\/uploads\\\/2021\\\/12\\\/logo.jpg\",\"width\":509,\"height\":530,\"caption\":\"K\u00e4\u00e4nt\u00e4j\u00e4mestarit\"},\"image\":{\"@id\":\"https:\\\/\\\/xn--kntjmestari-l8aacb.fi\\\/km\\\/#\\\/schema\\\/logo\\\/image\\\/\"}}]}<\/script>\n<!-- \/ Yoast SEO plugin. -->","yoast_head_json":{"title":"Ammattilaisen ty\u00f6v\u00e4lineet - K\u00e4\u00e4nt\u00e4j\u00e4mestarin kirja","robots":{"index":"index","follow":"follow","max-snippet":"max-snippet:-1","max-image-preview":"max-image-preview:large","max-video-preview":"max-video-preview:-1"},"canonical":"https:\/\/xn--kntjmestari-l8aacb.fi\/km\/etusivu\/luku-1-toiminnan-aloittaminen\/ammattilaisen-tyovalineet\/","og_locale":"fi_FI","og_type":"article","og_title":"Ammattilaisen ty\u00f6v\u00e4lineet - K\u00e4\u00e4nt\u00e4j\u00e4mestarin kirja","og_description":"Kielipalvelualalla toiminnan aloittaminen ei vaadi suuria tai kalliita investointeja. Ammattilaisella tulee kuitenkin olla ammattilaisen ty\u00f6v\u00e4lineet. Jos tietokoneesi kaatuilee, ohjelmistot ovat vanhentuneita, et saa tiedostoja auki, sinulla ei ole k\u00e4\u00e4nn\u00f6smuistiohjelmaa tai s\u00e4hk\u00f6postilaatikkosi on jatkuvasti t\u00e4ynn\u00e4, et pysty t\u00e4ytt\u00e4m\u00e4\u00e4n asiakkaiden tarpeita etk\u00e4 anna itsest\u00e4si hyv\u00e4\u00e4 kuvaa. Kielipalvelutoiminnassa tavallisimmin\u00a0tarvittavat ohjelmistot ovat suhteellisen kevyit\u00e4, joten niiden py\u00f6ritt\u00e4miseen riitt\u00e4\u00e4 peruskone. [&hellip;]","og_url":"https:\/\/xn--kntjmestari-l8aacb.fi\/km\/etusivu\/luku-1-toiminnan-aloittaminen\/ammattilaisen-tyovalineet\/","og_site_name":"K\u00e4\u00e4nt\u00e4j\u00e4mestarin kirja","article_modified_time":"2022-02-16T15:09:39+00:00","twitter_card":"summary_large_image","twitter_misc":{"Arvioitu lukuaika":"2 minuuttia"},"schema":{"@context":"https:\/\/schema.org","@graph":[{"@type":"WebPage","@id":"https:\/\/xn--kntjmestari-l8aacb.fi\/km\/etusivu\/luku-1-toiminnan-aloittaminen\/ammattilaisen-tyovalineet\/","url":"https:\/\/xn--kntjmestari-l8aacb.fi\/km\/etusivu\/luku-1-toiminnan-aloittaminen\/ammattilaisen-tyovalineet\/","name":"Ammattilaisen ty\u00f6v\u00e4lineet - K\u00e4\u00e4nt\u00e4j\u00e4mestarin kirja","isPartOf":{"@id":"https:\/\/xn--kntjmestari-l8aacb.fi\/km\/#website"},"datePublished":"2021-12-13T11:21:24+00:00","dateModified":"2022-02-16T15:09:39+00:00","breadcrumb":{"@id":"https:\/\/xn--kntjmestari-l8aacb.fi\/km\/etusivu\/luku-1-toiminnan-aloittaminen\/ammattilaisen-tyovalineet\/#breadcrumb"},"inLanguage":"fi","potentialAction":[{"@type":"ReadAction","target":["https:\/\/xn--kntjmestari-l8aacb.fi\/km\/etusivu\/luku-1-toiminnan-aloittaminen\/ammattilaisen-tyovalineet\/"]}]},{"@type":"BreadcrumbList","@id":"https:\/\/xn--kntjmestari-l8aacb.fi\/km\/etusivu\/luku-1-toiminnan-aloittaminen\/ammattilaisen-tyovalineet\/#breadcrumb","itemListElement":[{"@type":"ListItem","position":1,"name":"Etusivu","item":"https:\/\/xn--kntjmestari-l8aacb.fi\/km\/"},{"@type":"ListItem","position":2,"name":"K\u00e4\u00e4nt\u00e4j\u00e4mestarin kirja","item":"https:\/\/xn--kntjmestari-l8aacb.fi\/km\/"},{"@type":"ListItem","position":3,"name":"Luku 1 &#8211; toiminnan aloittaminen","item":"https:\/\/xn--kntjmestari-l8aacb.fi\/km\/etusivu\/luku-1-toiminnan-aloittaminen\/"},{"@type":"ListItem","position":4,"name":"Ammattilaisen ty\u00f6v\u00e4lineet"}]},{"@type":"WebSite","@id":"https:\/\/xn--kntjmestari-l8aacb.fi\/km\/#website","url":"https:\/\/xn--kntjmestari-l8aacb.fi\/km\/","name":"K\u00e4\u00e4nt\u00e4j\u00e4mestarin kirja","description":"k\u00e4yt\u00e4nn\u00f6n opas aloitteleville k\u00e4\u00e4nt\u00e4jille ja tulkeille","publisher":{"@id":"https:\/\/xn--kntjmestari-l8aacb.fi\/km\/#organization"},"potentialAction":[{"@type":"SearchAction","target":{"@type":"EntryPoint","urlTemplate":"https:\/\/xn--kntjmestari-l8aacb.fi\/km\/?s={search_term_string}"},"query-input":{"@type":"PropertyValueSpecification","valueRequired":true,"valueName":"search_term_string"}}],"inLanguage":"fi"},{"@type":"Organization","@id":"https:\/\/xn--kntjmestari-l8aacb.fi\/km\/#organization","name":"K\u00e4\u00e4nt\u00e4j\u00e4mestarit","url":"https:\/\/xn--kntjmestari-l8aacb.fi\/km\/","logo":{"@type":"ImageObject","inLanguage":"fi","@id":"https:\/\/xn--kntjmestari-l8aacb.fi\/km\/#\/schema\/logo\/image\/","url":"https:\/\/xn--kntjmestari-l8aacb.fi\/km\/wp-content\/uploads\/2021\/12\/logo.jpg","contentUrl":"https:\/\/xn--kntjmestari-l8aacb.fi\/km\/wp-content\/uploads\/2021\/12\/logo.jpg","width":509,"height":530,"caption":"K\u00e4\u00e4nt\u00e4j\u00e4mestarit"},"image":{"@id":"https:\/\/xn--kntjmestari-l8aacb.fi\/km\/#\/schema\/logo\/image\/"}}]}},"_links":{"self":[{"href":"https:\/\/xn--kntjmestari-l8aacb.fi\/km\/wp-json\/wp\/v2\/pages\/47","targetHints":{"allow":["GET"]}}],"collection":[{"href":"https:\/\/xn--kntjmestari-l8aacb.fi\/km\/wp-json\/wp\/v2\/pages"}],"about":[{"href":"https:\/\/xn--kntjmestari-l8aacb.fi\/km\/wp-json\/wp\/v2\/types\/page"}],"author":[{"embeddable":true,"href":"https:\/\/xn--kntjmestari-l8aacb.fi\/km\/wp-json\/wp\/v2\/users\/1"}],"replies":[{"embeddable":true,"href":"https:\/\/xn--kntjmestari-l8aacb.fi\/km\/wp-json\/wp\/v2\/comments?post=47"}],"version-history":[{"count":4,"href":"https:\/\/xn--kntjmestari-l8aacb.fi\/km\/wp-json\/wp\/v2\/pages\/47\/revisions"}],"predecessor-version":[{"id":440,"href":"https:\/\/xn--kntjmestari-l8aacb.fi\/km\/wp-json\/wp\/v2\/pages\/47\/revisions\/440"}],"up":[{"embeddable":true,"href":"https:\/\/xn--kntjmestari-l8aacb.fi\/km\/wp-json\/wp\/v2\/pages\/35"}],"wp:attachment":[{"href":"https:\/\/xn--kntjmestari-l8aacb.fi\/km\/wp-json\/wp\/v2\/media?parent=47"}],"curies":[{"name":"wp","href":"https:\/\/api.w.org\/{rel}","templated":true}]}}