{"id":588,"date":"2022-05-02T08:53:18","date_gmt":"2022-05-02T08:53:18","guid":{"rendered":"https:\/\/xn--kntjmestari-l8aacb.fi\/km\/?page_id=588"},"modified":"2023-10-19T11:59:51","modified_gmt":"2023-10-19T08:59:51","slug":"kaantajamestarit-ry","status":"publish","type":"page","link":"https:\/\/xn--kntjmestari-l8aacb.fi\/km\/kaantajamestarit-ry\/","title":{"rendered":"K\u00e4\u00e4nt\u00e4j\u00e4mestarit ry"},"content":{"rendered":"<p>[et_pb_section fb_built=&#8221;1&#8243; _builder_version=&#8221;4.17.3&#8243; _module_preset=&#8221;default&#8221; global_colors_info=&#8221;{}&#8221; theme_builder_area=&#8221;post_content&#8221;][et_pb_row column_structure=&#8221;2_3,1_3&#8243; _builder_version=&#8221;4.17.3&#8243; _module_preset=&#8221;default&#8221; global_colors_info=&#8221;{}&#8221; theme_builder_area=&#8221;post_content&#8221;][et_pb_column type=&#8221;2_3&#8243; _builder_version=&#8221;4.17.3&#8243; _module_preset=&#8221;default&#8221; global_colors_info=&#8221;{}&#8221; theme_builder_area=&#8221;post_content&#8221;][et_pb_text _builder_version=&#8221;4.17.3&#8243; _module_preset=&#8221;default&#8221; global_colors_info=&#8221;{}&#8221; theme_builder_area=&#8221;post_content&#8221;]<\/p>\n<h1>K\u00e4\u00e4nt\u00e4j\u00e4mestarit ry<\/h1>\n<p>K\u00e4\u00e4nt\u00e4j\u00e4mestarit ry juontaa juurensa vuonna 2016 julkaistuun K\u00e4\u00e4nt\u00e4j\u00e4mestarin kirjaan, johon kokeneet k\u00e4\u00e4nt\u00e4j\u00e4t ja tulkit halusivat koota alan hiljaista tietoa yksinyritt\u00e4jien ja muiden kollegojen iloksi ja avuksi. Kirjaprojektin laajennuttua toimintaan haluttiin saada virallisuutta ja jatkuvuutta, joten sit\u00e4 hoitamaan perustettiin vuonna 2020 yhdistys. K\u00e4\u00e4nt\u00e4j\u00e4mestarit ry:n tarkoituksena on edist\u00e4\u00e4 k\u00e4\u00e4nt\u00e4j\u00e4n ja tulkin ammattien arvostusta ja levitt\u00e4\u00e4 tietoisuutta niist\u00e4 esimerkiksi j\u00e4rjest\u00e4m\u00e4ll\u00e4 konferensseja ja koulutustilaisuuksia sek\u00e4 julkaisemalla ja kehitt\u00e4m\u00e4ll\u00e4 K\u00e4\u00e4nt\u00e4j\u00e4mestarin kirjaa. Verkossa julkaistun suomen- ja englanninkielisen kirjan ohella n\u00e4kyvin toimintamuoto on Ter\u00e4ss\u00e4-ammattip\u00e4iv\u00e4n j\u00e4rjest\u00e4minen, mutta my\u00f6s muuta vaikuttamisty\u00f6t\u00e4 tehd\u00e4\u00e4n esimerkiksi konferensseissa ja vierailuluennoilla.<\/p>\n<p>K\u00e4\u00e4nt\u00e4j\u00e4mestarit ry:n j\u00e4senet ovat aktiivisia ja monipuolisia k\u00e4\u00e4nn\u00f6s- ja tulkkausalan ammattilaisia. Yhdistyksen puheenjohtajana kaudella 2023\u201324 toimii <span>Tiina Kinnunen, varapuheenjohtajana Pia von Essen, rahastonhoitajana <\/span><span>ja sihteerin\u00e4 <\/span><span>Mili Viita. Yhdistyksen tavoittaa s\u00e4hk\u00f6postiosoitteesta kaantajamestari [at] gmail.com.<\/span><\/p>\n<p>[\/et_pb_text][\/et_pb_column][et_pb_column type=&#8221;1_3&#8243; _builder_version=&#8221;4.17.3&#8243; _module_preset=&#8221;default&#8221; global_colors_info=&#8221;{}&#8221; theme_builder_area=&#8221;post_content&#8221;][et_pb_image src=&#8221;https:\/\/xn--kntjmestari-l8aacb.fi\/km\/wp-content\/uploads\/2021\/12\/logo.jpg&#8221; title_text=&#8221;logo&#8221; _builder_version=&#8221;4.17.3&#8243; _module_preset=&#8221;default&#8221; custom_padding=&#8221;37px|||||&#8221; global_colors_info=&#8221;{}&#8221; theme_builder_area=&#8221;post_content&#8221;][\/et_pb_image][\/et_pb_column][\/et_pb_row][\/et_pb_section]<\/p>\n","protected":false},"excerpt":{"rendered":"<p>K\u00e4\u00e4nt\u00e4j\u00e4mestarit ry K\u00e4\u00e4nt\u00e4j\u00e4mestarit ry juontaa juurensa vuonna 2016 julkaistuun K\u00e4\u00e4nt\u00e4j\u00e4mestarin kirjaan, johon kokeneet k\u00e4\u00e4nt\u00e4j\u00e4t ja tulkit halusivat koota alan hiljaista tietoa yksinyritt\u00e4jien ja muiden kollegojen iloksi ja avuksi. Kirjaprojektin laajennuttua toimintaan haluttiin saada virallisuutta ja jatkuvuutta, joten sit\u00e4 hoitamaan perustettiin vuonna 2020 yhdistys. K\u00e4\u00e4nt\u00e4j\u00e4mestarit ry:n tarkoituksena on edist\u00e4\u00e4 k\u00e4\u00e4nt\u00e4j\u00e4n ja tulkin ammattien arvostusta ja levitt\u00e4\u00e4 [&hellip;]<\/p>\n","protected":false},"author":1,"featured_media":0,"parent":0,"menu_order":0,"comment_status":"closed","ping_status":"closed","template":"","meta":{"_et_pb_use_builder":"on","_et_pb_old_content":"","_et_gb_content_width":"","footnotes":""},"class_list":["post-588","page","type-page","status-publish","hentry"],"yoast_head":"<!-- This site is optimized with the Yoast SEO plugin v27.4 - https:\/\/yoast.com\/product\/yoast-seo-wordpress\/ -->\n<title>K\u00e4\u00e4nt\u00e4j\u00e4mestarit ry - K\u00e4\u00e4nt\u00e4j\u00e4mestarin kirja<\/title>\n<meta name=\"robots\" content=\"index, follow, max-snippet:-1, max-image-preview:large, max-video-preview:-1\" \/>\n<link rel=\"canonical\" href=\"https:\/\/xn--kntjmestari-l8aacb.fi\/km\/kaantajamestarit-ry\/\" \/>\n<meta property=\"og:locale\" content=\"fi_FI\" \/>\n<meta property=\"og:type\" content=\"article\" \/>\n<meta property=\"og:title\" content=\"K\u00e4\u00e4nt\u00e4j\u00e4mestarit ry - K\u00e4\u00e4nt\u00e4j\u00e4mestarin kirja\" \/>\n<meta property=\"og:description\" content=\"K\u00e4\u00e4nt\u00e4j\u00e4mestarit ry K\u00e4\u00e4nt\u00e4j\u00e4mestarit ry juontaa juurensa vuonna 2016 julkaistuun K\u00e4\u00e4nt\u00e4j\u00e4mestarin kirjaan, johon kokeneet k\u00e4\u00e4nt\u00e4j\u00e4t ja tulkit halusivat koota alan hiljaista tietoa yksinyritt\u00e4jien ja muiden kollegojen iloksi ja avuksi. Kirjaprojektin laajennuttua toimintaan haluttiin saada virallisuutta ja jatkuvuutta, joten sit\u00e4 hoitamaan perustettiin vuonna 2020 yhdistys. K\u00e4\u00e4nt\u00e4j\u00e4mestarit ry:n tarkoituksena on edist\u00e4\u00e4 k\u00e4\u00e4nt\u00e4j\u00e4n ja tulkin ammattien arvostusta ja levitt\u00e4\u00e4 [&hellip;]\" \/>\n<meta property=\"og:url\" content=\"https:\/\/xn--kntjmestari-l8aacb.fi\/km\/kaantajamestarit-ry\/\" \/>\n<meta property=\"og:site_name\" content=\"K\u00e4\u00e4nt\u00e4j\u00e4mestarin kirja\" \/>\n<meta property=\"article:modified_time\" content=\"2023-10-19T08:59:51+00:00\" \/>\n<meta name=\"twitter:card\" content=\"summary_large_image\" \/>\n<meta name=\"twitter:label1\" content=\"Arvioitu lukuaika\" \/>\n\t<meta name=\"twitter:data1\" content=\"2 minuuttia\" \/>\n<script type=\"application\/ld+json\" class=\"yoast-schema-graph\">{\"@context\":\"https:\\\/\\\/schema.org\",\"@graph\":[{\"@type\":\"WebPage\",\"@id\":\"https:\\\/\\\/xn--kntjmestari-l8aacb.fi\\\/km\\\/kaantajamestarit-ry\\\/\",\"url\":\"https:\\\/\\\/xn--kntjmestari-l8aacb.fi\\\/km\\\/kaantajamestarit-ry\\\/\",\"name\":\"K\u00e4\u00e4nt\u00e4j\u00e4mestarit ry - K\u00e4\u00e4nt\u00e4j\u00e4mestarin kirja\",\"isPartOf\":{\"@id\":\"https:\\\/\\\/xn--kntjmestari-l8aacb.fi\\\/km\\\/#website\"},\"datePublished\":\"2022-05-02T08:53:18+00:00\",\"dateModified\":\"2023-10-19T08:59:51+00:00\",\"breadcrumb\":{\"@id\":\"https:\\\/\\\/xn--kntjmestari-l8aacb.fi\\\/km\\\/kaantajamestarit-ry\\\/#breadcrumb\"},\"inLanguage\":\"fi\",\"potentialAction\":[{\"@type\":\"ReadAction\",\"target\":[\"https:\\\/\\\/xn--kntjmestari-l8aacb.fi\\\/km\\\/kaantajamestarit-ry\\\/\"]}]},{\"@type\":\"BreadcrumbList\",\"@id\":\"https:\\\/\\\/xn--kntjmestari-l8aacb.fi\\\/km\\\/kaantajamestarit-ry\\\/#breadcrumb\",\"itemListElement\":[{\"@type\":\"ListItem\",\"position\":1,\"name\":\"Etusivu\",\"item\":\"https:\\\/\\\/xn--kntjmestari-l8aacb.fi\\\/km\\\/\"},{\"@type\":\"ListItem\",\"position\":2,\"name\":\"K\u00e4\u00e4nt\u00e4j\u00e4mestarit ry\"}]},{\"@type\":\"WebSite\",\"@id\":\"https:\\\/\\\/xn--kntjmestari-l8aacb.fi\\\/km\\\/#website\",\"url\":\"https:\\\/\\\/xn--kntjmestari-l8aacb.fi\\\/km\\\/\",\"name\":\"K\u00e4\u00e4nt\u00e4j\u00e4mestarin kirja\",\"description\":\"k\u00e4yt\u00e4nn\u00f6n opas aloitteleville k\u00e4\u00e4nt\u00e4jille ja tulkeille\",\"publisher\":{\"@id\":\"https:\\\/\\\/xn--kntjmestari-l8aacb.fi\\\/km\\\/#organization\"},\"potentialAction\":[{\"@type\":\"SearchAction\",\"target\":{\"@type\":\"EntryPoint\",\"urlTemplate\":\"https:\\\/\\\/xn--kntjmestari-l8aacb.fi\\\/km\\\/?s={search_term_string}\"},\"query-input\":{\"@type\":\"PropertyValueSpecification\",\"valueRequired\":true,\"valueName\":\"search_term_string\"}}],\"inLanguage\":\"fi\"},{\"@type\":\"Organization\",\"@id\":\"https:\\\/\\\/xn--kntjmestari-l8aacb.fi\\\/km\\\/#organization\",\"name\":\"K\u00e4\u00e4nt\u00e4j\u00e4mestarit\",\"url\":\"https:\\\/\\\/xn--kntjmestari-l8aacb.fi\\\/km\\\/\",\"logo\":{\"@type\":\"ImageObject\",\"inLanguage\":\"fi\",\"@id\":\"https:\\\/\\\/xn--kntjmestari-l8aacb.fi\\\/km\\\/#\\\/schema\\\/logo\\\/image\\\/\",\"url\":\"https:\\\/\\\/xn--kntjmestari-l8aacb.fi\\\/km\\\/wp-content\\\/uploads\\\/2021\\\/12\\\/logo.jpg\",\"contentUrl\":\"https:\\\/\\\/xn--kntjmestari-l8aacb.fi\\\/km\\\/wp-content\\\/uploads\\\/2021\\\/12\\\/logo.jpg\",\"width\":509,\"height\":530,\"caption\":\"K\u00e4\u00e4nt\u00e4j\u00e4mestarit\"},\"image\":{\"@id\":\"https:\\\/\\\/xn--kntjmestari-l8aacb.fi\\\/km\\\/#\\\/schema\\\/logo\\\/image\\\/\"}}]}<\/script>\n<!-- \/ Yoast SEO plugin. -->","yoast_head_json":{"title":"K\u00e4\u00e4nt\u00e4j\u00e4mestarit ry - K\u00e4\u00e4nt\u00e4j\u00e4mestarin kirja","robots":{"index":"index","follow":"follow","max-snippet":"max-snippet:-1","max-image-preview":"max-image-preview:large","max-video-preview":"max-video-preview:-1"},"canonical":"https:\/\/xn--kntjmestari-l8aacb.fi\/km\/kaantajamestarit-ry\/","og_locale":"fi_FI","og_type":"article","og_title":"K\u00e4\u00e4nt\u00e4j\u00e4mestarit ry - K\u00e4\u00e4nt\u00e4j\u00e4mestarin kirja","og_description":"K\u00e4\u00e4nt\u00e4j\u00e4mestarit ry K\u00e4\u00e4nt\u00e4j\u00e4mestarit ry juontaa juurensa vuonna 2016 julkaistuun K\u00e4\u00e4nt\u00e4j\u00e4mestarin kirjaan, johon kokeneet k\u00e4\u00e4nt\u00e4j\u00e4t ja tulkit halusivat koota alan hiljaista tietoa yksinyritt\u00e4jien ja muiden kollegojen iloksi ja avuksi. Kirjaprojektin laajennuttua toimintaan haluttiin saada virallisuutta ja jatkuvuutta, joten sit\u00e4 hoitamaan perustettiin vuonna 2020 yhdistys. K\u00e4\u00e4nt\u00e4j\u00e4mestarit ry:n tarkoituksena on edist\u00e4\u00e4 k\u00e4\u00e4nt\u00e4j\u00e4n ja tulkin ammattien arvostusta ja levitt\u00e4\u00e4 [&hellip;]","og_url":"https:\/\/xn--kntjmestari-l8aacb.fi\/km\/kaantajamestarit-ry\/","og_site_name":"K\u00e4\u00e4nt\u00e4j\u00e4mestarin kirja","article_modified_time":"2023-10-19T08:59:51+00:00","twitter_card":"summary_large_image","twitter_misc":{"Arvioitu lukuaika":"2 minuuttia"},"schema":{"@context":"https:\/\/schema.org","@graph":[{"@type":"WebPage","@id":"https:\/\/xn--kntjmestari-l8aacb.fi\/km\/kaantajamestarit-ry\/","url":"https:\/\/xn--kntjmestari-l8aacb.fi\/km\/kaantajamestarit-ry\/","name":"K\u00e4\u00e4nt\u00e4j\u00e4mestarit ry - K\u00e4\u00e4nt\u00e4j\u00e4mestarin kirja","isPartOf":{"@id":"https:\/\/xn--kntjmestari-l8aacb.fi\/km\/#website"},"datePublished":"2022-05-02T08:53:18+00:00","dateModified":"2023-10-19T08:59:51+00:00","breadcrumb":{"@id":"https:\/\/xn--kntjmestari-l8aacb.fi\/km\/kaantajamestarit-ry\/#breadcrumb"},"inLanguage":"fi","potentialAction":[{"@type":"ReadAction","target":["https:\/\/xn--kntjmestari-l8aacb.fi\/km\/kaantajamestarit-ry\/"]}]},{"@type":"BreadcrumbList","@id":"https:\/\/xn--kntjmestari-l8aacb.fi\/km\/kaantajamestarit-ry\/#breadcrumb","itemListElement":[{"@type":"ListItem","position":1,"name":"Etusivu","item":"https:\/\/xn--kntjmestari-l8aacb.fi\/km\/"},{"@type":"ListItem","position":2,"name":"K\u00e4\u00e4nt\u00e4j\u00e4mestarit ry"}]},{"@type":"WebSite","@id":"https:\/\/xn--kntjmestari-l8aacb.fi\/km\/#website","url":"https:\/\/xn--kntjmestari-l8aacb.fi\/km\/","name":"K\u00e4\u00e4nt\u00e4j\u00e4mestarin kirja","description":"k\u00e4yt\u00e4nn\u00f6n opas aloitteleville k\u00e4\u00e4nt\u00e4jille ja tulkeille","publisher":{"@id":"https:\/\/xn--kntjmestari-l8aacb.fi\/km\/#organization"},"potentialAction":[{"@type":"SearchAction","target":{"@type":"EntryPoint","urlTemplate":"https:\/\/xn--kntjmestari-l8aacb.fi\/km\/?s={search_term_string}"},"query-input":{"@type":"PropertyValueSpecification","valueRequired":true,"valueName":"search_term_string"}}],"inLanguage":"fi"},{"@type":"Organization","@id":"https:\/\/xn--kntjmestari-l8aacb.fi\/km\/#organization","name":"K\u00e4\u00e4nt\u00e4j\u00e4mestarit","url":"https:\/\/xn--kntjmestari-l8aacb.fi\/km\/","logo":{"@type":"ImageObject","inLanguage":"fi","@id":"https:\/\/xn--kntjmestari-l8aacb.fi\/km\/#\/schema\/logo\/image\/","url":"https:\/\/xn--kntjmestari-l8aacb.fi\/km\/wp-content\/uploads\/2021\/12\/logo.jpg","contentUrl":"https:\/\/xn--kntjmestari-l8aacb.fi\/km\/wp-content\/uploads\/2021\/12\/logo.jpg","width":509,"height":530,"caption":"K\u00e4\u00e4nt\u00e4j\u00e4mestarit"},"image":{"@id":"https:\/\/xn--kntjmestari-l8aacb.fi\/km\/#\/schema\/logo\/image\/"}}]}},"_links":{"self":[{"href":"https:\/\/xn--kntjmestari-l8aacb.fi\/km\/wp-json\/wp\/v2\/pages\/588","targetHints":{"allow":["GET"]}}],"collection":[{"href":"https:\/\/xn--kntjmestari-l8aacb.fi\/km\/wp-json\/wp\/v2\/pages"}],"about":[{"href":"https:\/\/xn--kntjmestari-l8aacb.fi\/km\/wp-json\/wp\/v2\/types\/page"}],"author":[{"embeddable":true,"href":"https:\/\/xn--kntjmestari-l8aacb.fi\/km\/wp-json\/wp\/v2\/users\/1"}],"replies":[{"embeddable":true,"href":"https:\/\/xn--kntjmestari-l8aacb.fi\/km\/wp-json\/wp\/v2\/comments?post=588"}],"version-history":[{"count":5,"href":"https:\/\/xn--kntjmestari-l8aacb.fi\/km\/wp-json\/wp\/v2\/pages\/588\/revisions"}],"predecessor-version":[{"id":1458,"href":"https:\/\/xn--kntjmestari-l8aacb.fi\/km\/wp-json\/wp\/v2\/pages\/588\/revisions\/1458"}],"wp:attachment":[{"href":"https:\/\/xn--kntjmestari-l8aacb.fi\/km\/wp-json\/wp\/v2\/media?parent=588"}],"curies":[{"name":"wp","href":"https:\/\/api.w.org\/{rel}","templated":true}]}}