{"id":597,"date":"2022-06-02T09:51:22","date_gmt":"2022-06-02T09:51:22","guid":{"rendered":"https:\/\/xn--kntjmestari-l8aacb.fi\/km\/?page_id=597"},"modified":"2022-06-08T09:53:09","modified_gmt":"2022-06-08T09:53:09","slug":"luku-10-omien-tyoprojektien-hallinta","status":"publish","type":"page","link":"https:\/\/xn--kntjmestari-l8aacb.fi\/km\/etusivu\/luku-10-omien-tyoprojektien-hallinta\/","title":{"rendered":"Luku 10 \u2013 Omien ty\u00f6projektien hallinta"},"content":{"rendered":"<p>[et_pb_section fb_built=&#8221;1&#8243; _builder_version=&#8221;4.17.3&#8243; global_colors_info=&#8221;{}&#8221;][et_pb_row _builder_version=&#8221;4.16&#8243; _module_preset=&#8221;default&#8221; global_colors_info=&#8221;{}&#8221;][et_pb_column type=&#8221;4_4&#8243; _builder_version=&#8221;4.16&#8243; _module_preset=&#8221;default&#8221; global_colors_info=&#8221;{}&#8221;][et_pb_post_title meta=&#8221;off&#8221; featured_image=&#8221;off&#8221; _builder_version=&#8221;4.16&#8243; _module_preset=&#8221;default&#8221; global_colors_info=&#8221;{}&#8221;][\/et_pb_post_title][\/et_pb_column][\/et_pb_row][et_pb_row column_structure=&#8221;1_2,1_2&#8243; _builder_version=&#8221;4.17.3&#8243; background_size=&#8221;initial&#8221; background_position=&#8221;top_left&#8221; background_repeat=&#8221;repeat&#8221; global_colors_info=&#8221;{}&#8221;][et_pb_column type=&#8221;1_2&#8243; _builder_version=&#8221;4.16&#8243; custom_padding=&#8221;|||&#8221; global_colors_info=&#8221;{}&#8221; custom_padding__hover=&#8221;|||&#8221;][et_pb_text _builder_version=&#8221;4.17.3&#8243; background_size=&#8221;initial&#8221; background_position=&#8221;top_left&#8221; background_repeat=&#8221;repeat&#8221; global_colors_info=&#8221;{}&#8221;]<\/p>\n<div id=\"page-zones__main-widgets__content2\" data-name=\"content\" class=\"content widget js-widget\" data-uniqueid=\"xJlTpTTnqkUXdxW\" data-parentuniqueid=\"YCOxhuwNxFtfw4I\">\n<div class=\"bk-content-text js-text-content   wysihtml-editor-content\"><\/div>\n<\/div>\n<div id=\"page-zones__main-widgets__responsivecolumns2\" data-name=\"responsivecolumns\" class=\"responsivecolumns widget js-widget columns-two-66-34\" data-uniqueid=\"8ugiSqhudvfReNJ\" data-parentuniqueid=\"YCOxhuwNxFtfw4I\">\n<section id=\"page-zones__main-widgets__responsivecolumns2-zones__column\" class=\"bk-zone column columns-two-left\" data-uniqueid=\"DyKLzm6mAPeugYv\" data-parentuniqueid=\"8ugiSqhudvfReNJ\">\n<div id=\"page-zones__main-widgets__responsivecolumns2-zones__column-widgets__content\" data-name=\"content\" class=\"content widget js-widget\" data-uniqueid=\"tGXaPwyYqn8kzUV\" data-parentuniqueid=\"DyKLzm6mAPeugYv\">\n<div class=\"bk-content-text js-text-content   wysihtml-editor-content\">\n<div id=\"page-zones__main-widgets__content2\" data-name=\"content\" class=\"content widget js-widget\" data-uniqueid=\"xJlTpTTnqkUXdxW\" data-parentuniqueid=\"YCOxhuwNxFtfw4I\">\n<div class=\"bk-content-text js-text-content   wysihtml-editor-content\">\n<h2>JOHDANTO<\/h2>\n<\/div>\n<\/div>\n<p>T\u00e4ss\u00e4 luvussa k\u00e4yd\u00e4\u00e4n l\u00e4pi omien ty\u00f6projektien hallintaa. Hyv\u00e4 projektinhallinta on koko liiketoiminnan edellytys: se auttaa hallitsemaan omaa ajank\u00e4ytt\u00f6\u00e4 fiksusti ja pysym\u00e4\u00e4n aikatauluissa sek\u00e4 huolehtimaan siit\u00e4, ett\u00e4 ty\u00f6t tulevat tehty\u00e4 asiakkaan toimeksiannon mukaisesti ja my\u00f6s laskutettua ajallaan.<\/p>\n<p><span style=\"font-size: 17px;\">Kun projektit pysyv\u00e4t tiukasti hanskassa,\u00a0 pystyt antamaan itsest\u00e4si ammattimaisen kuvan asiakkaille ja kollegoille sek\u00e4 yll\u00e4pit\u00e4m\u00e4\u00e4n liiketoimintasi kannattavuutta.\u00a0<\/span><\/p>\n<p>Kymmenennen luvun sis\u00e4lt\u00f6:<\/p>\n<p><a href=\"https:\/\/xn--kntjmestari-l8aacb.fi\/km\/etusivu\/luku-10-omien-tyoprojektien-hallinta\/lyhyt-johdatus-projektinhallintaan\/\">Lyhyt johdatus projektinhallintaan<\/a><br \/><span style=\"font-size: 17px;\"><a href=\"https:\/\/xn--kntjmestari-l8aacb.fi\/km\/etusivu\/luku-10-omien-tyoprojektien-hallinta\/projektinhallinta-ajanhallinnan-tukena\/\">Projektinhallinta ajanhallinnan tukena<\/a><br \/><a href=\"https:\/\/xn--kntjmestari-l8aacb.fi\/km\/etusivu\/luku-10-omien-tyoprojektien-hallinta\/tyovaiheiden-organisointi\/\">Ty\u00f6vaiheiden organisointi<\/a><br \/><a href=\"https:\/\/xn--kntjmestari-l8aacb.fi\/km\/etusivu\/luku-10-omien-tyoprojektien-hallinta\/tiedonhallinta\/\">Tiedonhallinta<\/a><br \/><a href=\"https:\/\/xn--kntjmestari-l8aacb.fi\/km\/etusivu\/luku-10-omien-tyoprojektien-hallinta\/asiakasnakokulma-projektinhallinnassa\/\">Asiakasn\u00e4k\u00f6kulma projektinhallinnassa<\/a><br \/><a href=\"https:\/\/xn--kntjmestari-l8aacb.fi\/km\/etusivu\/luku-10-omien-tyoprojektien-hallinta\/projektinhallinta-ja-kannattavuus\/\">Projektinhallinta ja kannattavuus<\/a><\/span><\/p>\n<p>&nbsp;<\/p>\n<p>&nbsp;<\/p>\n<p>&nbsp;<\/p>\n<p>&nbsp;<\/p>\n<\/div>\n<\/div>\n<\/section>\n<\/div>\n<p>[\/et_pb_text][\/et_pb_column][et_pb_column type=&#8221;1_2&#8243; _builder_version=&#8221;4.16&#8243; custom_padding=&#8221;|||&#8221; global_colors_info=&#8221;{}&#8221; custom_padding__hover=&#8221;|||&#8221;][et_pb_image src=&#8221;https:\/\/xn--kntjmestari-l8aacb.fi\/km\/wp-content\/uploads\/2021\/12\/kaantaja_i_luku1_luku2.jpg&#8221; title_text=&#8221;kaantaja_i_luku1_luku2&#8243; _builder_version=&#8221;4.16&#8243; _module_preset=&#8221;default&#8221; global_colors_info=&#8221;{}&#8221;][\/et_pb_image][\/et_pb_column][\/et_pb_row][\/et_pb_section]<\/p>\n","protected":false},"excerpt":{"rendered":"<p>JOHDANTO T\u00e4ss\u00e4 luvussa k\u00e4yd\u00e4\u00e4n l\u00e4pi omien ty\u00f6projektien hallintaa. Hyv\u00e4 projektinhallinta on koko liiketoiminnan edellytys: se auttaa hallitsemaan omaa ajank\u00e4ytt\u00f6\u00e4 fiksusti ja pysym\u00e4\u00e4n aikatauluissa sek\u00e4 huolehtimaan siit\u00e4, ett\u00e4 ty\u00f6t tulevat tehty\u00e4 asiakkaan toimeksiannon mukaisesti ja my\u00f6s laskutettua ajallaan. Kun projektit pysyv\u00e4t tiukasti hanskassa,\u00a0 pystyt antamaan itsest\u00e4si ammattimaisen kuvan asiakkaille ja kollegoille sek\u00e4 yll\u00e4pit\u00e4m\u00e4\u00e4n liiketoimintasi kannattavuutta.\u00a0 Kymmenennen [&hellip;]<\/p>\n","protected":false},"author":3,"featured_media":0,"parent":2,"menu_order":10,"comment_status":"closed","ping_status":"closed","template":"","meta":{"_et_pb_use_builder":"on","_et_pb_old_content":"","_et_gb_content_width":"","footnotes":""},"class_list":["post-597","page","type-page","status-publish","hentry"],"yoast_head":"<!-- This site is optimized with the Yoast SEO plugin v27.4 - https:\/\/yoast.com\/product\/yoast-seo-wordpress\/ -->\n<title>Luku 10 \u2013 Omien ty\u00f6projektien hallinta - K\u00e4\u00e4nt\u00e4j\u00e4mestarin kirja<\/title>\n<meta name=\"robots\" content=\"index, follow, max-snippet:-1, max-image-preview:large, max-video-preview:-1\" \/>\n<link rel=\"canonical\" href=\"https:\/\/xn--kntjmestari-l8aacb.fi\/km\/etusivu\/luku-10-omien-tyoprojektien-hallinta\/\" \/>\n<meta property=\"og:locale\" content=\"fi_FI\" \/>\n<meta property=\"og:type\" content=\"article\" \/>\n<meta property=\"og:title\" content=\"Luku 10 \u2013 Omien ty\u00f6projektien hallinta - K\u00e4\u00e4nt\u00e4j\u00e4mestarin kirja\" \/>\n<meta property=\"og:description\" content=\"JOHDANTO T\u00e4ss\u00e4 luvussa k\u00e4yd\u00e4\u00e4n l\u00e4pi omien ty\u00f6projektien hallintaa. Hyv\u00e4 projektinhallinta on koko liiketoiminnan edellytys: se auttaa hallitsemaan omaa ajank\u00e4ytt\u00f6\u00e4 fiksusti ja pysym\u00e4\u00e4n aikatauluissa sek\u00e4 huolehtimaan siit\u00e4, ett\u00e4 ty\u00f6t tulevat tehty\u00e4 asiakkaan toimeksiannon mukaisesti ja my\u00f6s laskutettua ajallaan. Kun projektit pysyv\u00e4t tiukasti hanskassa,\u00a0 pystyt antamaan itsest\u00e4si ammattimaisen kuvan asiakkaille ja kollegoille sek\u00e4 yll\u00e4pit\u00e4m\u00e4\u00e4n liiketoimintasi kannattavuutta.\u00a0 Kymmenennen [&hellip;]\" \/>\n<meta property=\"og:url\" content=\"https:\/\/xn--kntjmestari-l8aacb.fi\/km\/etusivu\/luku-10-omien-tyoprojektien-hallinta\/\" \/>\n<meta property=\"og:site_name\" content=\"K\u00e4\u00e4nt\u00e4j\u00e4mestarin kirja\" \/>\n<meta property=\"article:modified_time\" content=\"2022-06-08T09:53:09+00:00\" \/>\n<meta name=\"twitter:card\" content=\"summary_large_image\" \/>\n<meta name=\"twitter:label1\" content=\"Arvioitu lukuaika\" \/>\n\t<meta name=\"twitter:data1\" content=\"1 minuutti\" \/>\n<script type=\"application\/ld+json\" class=\"yoast-schema-graph\">{\"@context\":\"https:\\\/\\\/schema.org\",\"@graph\":[{\"@type\":\"WebPage\",\"@id\":\"https:\\\/\\\/xn--kntjmestari-l8aacb.fi\\\/km\\\/etusivu\\\/luku-10-omien-tyoprojektien-hallinta\\\/\",\"url\":\"https:\\\/\\\/xn--kntjmestari-l8aacb.fi\\\/km\\\/etusivu\\\/luku-10-omien-tyoprojektien-hallinta\\\/\",\"name\":\"Luku 10 \u2013 Omien ty\u00f6projektien hallinta - K\u00e4\u00e4nt\u00e4j\u00e4mestarin kirja\",\"isPartOf\":{\"@id\":\"https:\\\/\\\/xn--kntjmestari-l8aacb.fi\\\/km\\\/#website\"},\"datePublished\":\"2022-06-02T09:51:22+00:00\",\"dateModified\":\"2022-06-08T09:53:09+00:00\",\"breadcrumb\":{\"@id\":\"https:\\\/\\\/xn--kntjmestari-l8aacb.fi\\\/km\\\/etusivu\\\/luku-10-omien-tyoprojektien-hallinta\\\/#breadcrumb\"},\"inLanguage\":\"fi\",\"potentialAction\":[{\"@type\":\"ReadAction\",\"target\":[\"https:\\\/\\\/xn--kntjmestari-l8aacb.fi\\\/km\\\/etusivu\\\/luku-10-omien-tyoprojektien-hallinta\\\/\"]}]},{\"@type\":\"BreadcrumbList\",\"@id\":\"https:\\\/\\\/xn--kntjmestari-l8aacb.fi\\\/km\\\/etusivu\\\/luku-10-omien-tyoprojektien-hallinta\\\/#breadcrumb\",\"itemListElement\":[{\"@type\":\"ListItem\",\"position\":1,\"name\":\"Etusivu\",\"item\":\"https:\\\/\\\/xn--kntjmestari-l8aacb.fi\\\/km\\\/\"},{\"@type\":\"ListItem\",\"position\":2,\"name\":\"K\u00e4\u00e4nt\u00e4j\u00e4mestarin kirja\",\"item\":\"https:\\\/\\\/xn--kntjmestari-l8aacb.fi\\\/km\\\/\"},{\"@type\":\"ListItem\",\"position\":3,\"name\":\"Luku 10 \u2013 Omien ty\u00f6projektien hallinta\"}]},{\"@type\":\"WebSite\",\"@id\":\"https:\\\/\\\/xn--kntjmestari-l8aacb.fi\\\/km\\\/#website\",\"url\":\"https:\\\/\\\/xn--kntjmestari-l8aacb.fi\\\/km\\\/\",\"name\":\"K\u00e4\u00e4nt\u00e4j\u00e4mestarin kirja\",\"description\":\"k\u00e4yt\u00e4nn\u00f6n opas aloitteleville k\u00e4\u00e4nt\u00e4jille ja tulkeille\",\"publisher\":{\"@id\":\"https:\\\/\\\/xn--kntjmestari-l8aacb.fi\\\/km\\\/#organization\"},\"potentialAction\":[{\"@type\":\"SearchAction\",\"target\":{\"@type\":\"EntryPoint\",\"urlTemplate\":\"https:\\\/\\\/xn--kntjmestari-l8aacb.fi\\\/km\\\/?s={search_term_string}\"},\"query-input\":{\"@type\":\"PropertyValueSpecification\",\"valueRequired\":true,\"valueName\":\"search_term_string\"}}],\"inLanguage\":\"fi\"},{\"@type\":\"Organization\",\"@id\":\"https:\\\/\\\/xn--kntjmestari-l8aacb.fi\\\/km\\\/#organization\",\"name\":\"K\u00e4\u00e4nt\u00e4j\u00e4mestarit\",\"url\":\"https:\\\/\\\/xn--kntjmestari-l8aacb.fi\\\/km\\\/\",\"logo\":{\"@type\":\"ImageObject\",\"inLanguage\":\"fi\",\"@id\":\"https:\\\/\\\/xn--kntjmestari-l8aacb.fi\\\/km\\\/#\\\/schema\\\/logo\\\/image\\\/\",\"url\":\"https:\\\/\\\/xn--kntjmestari-l8aacb.fi\\\/km\\\/wp-content\\\/uploads\\\/2021\\\/12\\\/logo.jpg\",\"contentUrl\":\"https:\\\/\\\/xn--kntjmestari-l8aacb.fi\\\/km\\\/wp-content\\\/uploads\\\/2021\\\/12\\\/logo.jpg\",\"width\":509,\"height\":530,\"caption\":\"K\u00e4\u00e4nt\u00e4j\u00e4mestarit\"},\"image\":{\"@id\":\"https:\\\/\\\/xn--kntjmestari-l8aacb.fi\\\/km\\\/#\\\/schema\\\/logo\\\/image\\\/\"}}]}<\/script>\n<!-- \/ Yoast SEO plugin. -->","yoast_head_json":{"title":"Luku 10 \u2013 Omien ty\u00f6projektien hallinta - K\u00e4\u00e4nt\u00e4j\u00e4mestarin kirja","robots":{"index":"index","follow":"follow","max-snippet":"max-snippet:-1","max-image-preview":"max-image-preview:large","max-video-preview":"max-video-preview:-1"},"canonical":"https:\/\/xn--kntjmestari-l8aacb.fi\/km\/etusivu\/luku-10-omien-tyoprojektien-hallinta\/","og_locale":"fi_FI","og_type":"article","og_title":"Luku 10 \u2013 Omien ty\u00f6projektien hallinta - K\u00e4\u00e4nt\u00e4j\u00e4mestarin kirja","og_description":"JOHDANTO T\u00e4ss\u00e4 luvussa k\u00e4yd\u00e4\u00e4n l\u00e4pi omien ty\u00f6projektien hallintaa. Hyv\u00e4 projektinhallinta on koko liiketoiminnan edellytys: se auttaa hallitsemaan omaa ajank\u00e4ytt\u00f6\u00e4 fiksusti ja pysym\u00e4\u00e4n aikatauluissa sek\u00e4 huolehtimaan siit\u00e4, ett\u00e4 ty\u00f6t tulevat tehty\u00e4 asiakkaan toimeksiannon mukaisesti ja my\u00f6s laskutettua ajallaan. Kun projektit pysyv\u00e4t tiukasti hanskassa,\u00a0 pystyt antamaan itsest\u00e4si ammattimaisen kuvan asiakkaille ja kollegoille sek\u00e4 yll\u00e4pit\u00e4m\u00e4\u00e4n liiketoimintasi kannattavuutta.\u00a0 Kymmenennen [&hellip;]","og_url":"https:\/\/xn--kntjmestari-l8aacb.fi\/km\/etusivu\/luku-10-omien-tyoprojektien-hallinta\/","og_site_name":"K\u00e4\u00e4nt\u00e4j\u00e4mestarin kirja","article_modified_time":"2022-06-08T09:53:09+00:00","twitter_card":"summary_large_image","twitter_misc":{"Arvioitu lukuaika":"1 minuutti"},"schema":{"@context":"https:\/\/schema.org","@graph":[{"@type":"WebPage","@id":"https:\/\/xn--kntjmestari-l8aacb.fi\/km\/etusivu\/luku-10-omien-tyoprojektien-hallinta\/","url":"https:\/\/xn--kntjmestari-l8aacb.fi\/km\/etusivu\/luku-10-omien-tyoprojektien-hallinta\/","name":"Luku 10 \u2013 Omien ty\u00f6projektien hallinta - K\u00e4\u00e4nt\u00e4j\u00e4mestarin kirja","isPartOf":{"@id":"https:\/\/xn--kntjmestari-l8aacb.fi\/km\/#website"},"datePublished":"2022-06-02T09:51:22+00:00","dateModified":"2022-06-08T09:53:09+00:00","breadcrumb":{"@id":"https:\/\/xn--kntjmestari-l8aacb.fi\/km\/etusivu\/luku-10-omien-tyoprojektien-hallinta\/#breadcrumb"},"inLanguage":"fi","potentialAction":[{"@type":"ReadAction","target":["https:\/\/xn--kntjmestari-l8aacb.fi\/km\/etusivu\/luku-10-omien-tyoprojektien-hallinta\/"]}]},{"@type":"BreadcrumbList","@id":"https:\/\/xn--kntjmestari-l8aacb.fi\/km\/etusivu\/luku-10-omien-tyoprojektien-hallinta\/#breadcrumb","itemListElement":[{"@type":"ListItem","position":1,"name":"Etusivu","item":"https:\/\/xn--kntjmestari-l8aacb.fi\/km\/"},{"@type":"ListItem","position":2,"name":"K\u00e4\u00e4nt\u00e4j\u00e4mestarin kirja","item":"https:\/\/xn--kntjmestari-l8aacb.fi\/km\/"},{"@type":"ListItem","position":3,"name":"Luku 10 \u2013 Omien ty\u00f6projektien hallinta"}]},{"@type":"WebSite","@id":"https:\/\/xn--kntjmestari-l8aacb.fi\/km\/#website","url":"https:\/\/xn--kntjmestari-l8aacb.fi\/km\/","name":"K\u00e4\u00e4nt\u00e4j\u00e4mestarin kirja","description":"k\u00e4yt\u00e4nn\u00f6n opas aloitteleville k\u00e4\u00e4nt\u00e4jille ja tulkeille","publisher":{"@id":"https:\/\/xn--kntjmestari-l8aacb.fi\/km\/#organization"},"potentialAction":[{"@type":"SearchAction","target":{"@type":"EntryPoint","urlTemplate":"https:\/\/xn--kntjmestari-l8aacb.fi\/km\/?s={search_term_string}"},"query-input":{"@type":"PropertyValueSpecification","valueRequired":true,"valueName":"search_term_string"}}],"inLanguage":"fi"},{"@type":"Organization","@id":"https:\/\/xn--kntjmestari-l8aacb.fi\/km\/#organization","name":"K\u00e4\u00e4nt\u00e4j\u00e4mestarit","url":"https:\/\/xn--kntjmestari-l8aacb.fi\/km\/","logo":{"@type":"ImageObject","inLanguage":"fi","@id":"https:\/\/xn--kntjmestari-l8aacb.fi\/km\/#\/schema\/logo\/image\/","url":"https:\/\/xn--kntjmestari-l8aacb.fi\/km\/wp-content\/uploads\/2021\/12\/logo.jpg","contentUrl":"https:\/\/xn--kntjmestari-l8aacb.fi\/km\/wp-content\/uploads\/2021\/12\/logo.jpg","width":509,"height":530,"caption":"K\u00e4\u00e4nt\u00e4j\u00e4mestarit"},"image":{"@id":"https:\/\/xn--kntjmestari-l8aacb.fi\/km\/#\/schema\/logo\/image\/"}}]}},"_links":{"self":[{"href":"https:\/\/xn--kntjmestari-l8aacb.fi\/km\/wp-json\/wp\/v2\/pages\/597","targetHints":{"allow":["GET"]}}],"collection":[{"href":"https:\/\/xn--kntjmestari-l8aacb.fi\/km\/wp-json\/wp\/v2\/pages"}],"about":[{"href":"https:\/\/xn--kntjmestari-l8aacb.fi\/km\/wp-json\/wp\/v2\/types\/page"}],"author":[{"embeddable":true,"href":"https:\/\/xn--kntjmestari-l8aacb.fi\/km\/wp-json\/wp\/v2\/users\/3"}],"replies":[{"embeddable":true,"href":"https:\/\/xn--kntjmestari-l8aacb.fi\/km\/wp-json\/wp\/v2\/comments?post=597"}],"version-history":[{"count":6,"href":"https:\/\/xn--kntjmestari-l8aacb.fi\/km\/wp-json\/wp\/v2\/pages\/597\/revisions"}],"predecessor-version":[{"id":647,"href":"https:\/\/xn--kntjmestari-l8aacb.fi\/km\/wp-json\/wp\/v2\/pages\/597\/revisions\/647"}],"up":[{"embeddable":true,"href":"https:\/\/xn--kntjmestari-l8aacb.fi\/km\/wp-json\/wp\/v2\/pages\/2"}],"wp:attachment":[{"href":"https:\/\/xn--kntjmestari-l8aacb.fi\/km\/wp-json\/wp\/v2\/media?parent=597"}],"curies":[{"name":"wp","href":"https:\/\/api.w.org\/{rel}","templated":true}]}}