{"id":604,"date":"2022-06-02T10:08:49","date_gmt":"2022-06-02T10:08:49","guid":{"rendered":"https:\/\/xn--kntjmestari-l8aacb.fi\/km\/?page_id=604"},"modified":"2022-09-19T11:47:23","modified_gmt":"2022-09-19T11:47:23","slug":"lyhyt-johdatus-projektinhallintaan","status":"publish","type":"page","link":"https:\/\/xn--kntjmestari-l8aacb.fi\/km\/etusivu\/luku-10-omien-tyoprojektien-hallinta\/lyhyt-johdatus-projektinhallintaan\/","title":{"rendered":"Lyhyt johdatus projektinhallintaan"},"content":{"rendered":"<p>[et_pb_section fb_built=&#8221;1&#8243; _builder_version=&#8221;4.16&#8243; global_colors_info=&#8221;{}&#8221;][et_pb_row _builder_version=&#8221;4.16&#8243; _module_preset=&#8221;default&#8221; global_colors_info=&#8221;{}&#8221;][et_pb_column type=&#8221;4_4&#8243; _builder_version=&#8221;4.16&#8243; _module_preset=&#8221;default&#8221; global_colors_info=&#8221;{}&#8221;][et_pb_post_title meta=&#8221;off&#8221; featured_image=&#8221;off&#8221; _builder_version=&#8221;4.16&#8243; _module_preset=&#8221;default&#8221; global_colors_info=&#8221;{}&#8221;][\/et_pb_post_title][\/et_pb_column][\/et_pb_row][et_pb_row column_structure=&#8221;1_2,1_2&#8243; _builder_version=&#8221;4.16&#8243; background_size=&#8221;initial&#8221; background_position=&#8221;top_left&#8221; background_repeat=&#8221;repeat&#8221; global_colors_info=&#8221;{}&#8221;][et_pb_column type=&#8221;1_2&#8243; _builder_version=&#8221;4.16&#8243; custom_padding=&#8221;|||&#8221; global_colors_info=&#8221;{}&#8221; custom_padding__hover=&#8221;|||&#8221;][et_pb_text _builder_version=&#8221;4.16&#8243; background_size=&#8221;initial&#8221; background_position=&#8221;top_left&#8221; background_repeat=&#8221;repeat&#8221; custom_padding=&#8221;||0px|||&#8221; global_colors_info=&#8221;{}&#8221;]<\/p>\n<div id=\"page-zones__main-widgets__content1\" data-name=\"content\" class=\"content widget js-widget\" data-uniqueid=\"OloHtMAomHwAijU\" data-parentuniqueid=\"69O0NdSLr5jBL3F\">\n<div class=\"bk-content-text js-text-content   wysihtml-editor-content\">\n<p>K\u00e4\u00e4nn\u00f6stoimeksiannot ovat ty\u00f6teht\u00e4vi\u00e4, mutta my\u00f6s projekteja, jotka k\u00e4\u00e4nt\u00e4j\u00e4 suorittaa asiakkaalle. Projektina k\u00e4\u00e4nn\u00f6s linkittyy osaksi toimitusketjua: asiakkaalla on omat projektinsa, jonka osaprojekti on h\u00e4nen tilaamansa k\u00e4\u00e4nn\u00f6sty\u00f6, ja projektinhallinta tukee paitsi k\u00e4\u00e4nn\u00f6sprosessin my\u00f6s koko prosessin sujuvuutta. T\u00e4st\u00e4 n\u00e4k\u00f6kulmasta tarkasteltuna projektinhallinta on k\u00e4\u00e4nt\u00e4j\u00e4n keskeinen taito. Se koostuu monista pienist\u00e4 osasista, joita on k\u00e4sitelty useissa K\u00e4\u00e4nt\u00e4j\u00e4mestarin kirjan luvuissa. On kuitenkin hy\u00f6dyllist\u00e4 hahmottaa se my\u00f6s omana kokonaisuutenaan.<\/p>\n<p>Sen lis\u00e4ksi, ett\u00e4 tehokas projektinhallinta takaa t\u00f6iden sujumisen, se my\u00f6s v\u00e4hent\u00e4\u00e4 psyykkist\u00e4 kuormitusta. Se muodostaa ik\u00e4\u00e4n kuin kehikon, jossa rutiineille on omat paikkansa. Sen ansiosta ty\u00f6nteossa voi keskitty\u00e4 olennaiseen \u2013 itse k\u00e4\u00e4nt\u00e4miseen.<\/p>\n<p>Itselleen sopivimman projektinhallintatavan selvitt\u00e4misen voi aloittaa vaikka yhdest\u00e4 projektista ja skaalata sitten toimintamalleja laajemmalle esimerkiksi ensin yhden asiakkaan t\u00f6ihin ja sitten kaikkien asiakkaiden t\u00f6ihin. Silloin ei kaikkea tarvitse ty\u00f6st\u00e4\u00e4 kerralla, ja ty\u00f6nteko sujuu viiv\u00e4styksitt\u00e4. Se on ehdottomasti t\u00e4rke\u00e4mp\u00e4\u00e4 kuin se, mill\u00e4 nimenomaisella tavalla oma projektinhallinta toimii.<\/p>\n<\/div>\n<\/div>\n<p>[\/et_pb_text][\/et_pb_column][et_pb_column type=&#8221;1_2&#8243; _builder_version=&#8221;4.16&#8243; custom_padding=&#8221;|||&#8221; global_colors_info=&#8221;{}&#8221; custom_padding__hover=&#8221;|||&#8221;][et_pb_image src=&#8221;https:\/\/xn--kntjmestari-l8aacb.fi\/km\/wp-content\/uploads\/2021\/12\/kaantaja_i_luku1_luku4.jpg&#8221; title_text=&#8221;kaantaja_i_luku1_luku4&#8243; _builder_version=&#8221;4.16&#8243; _module_preset=&#8221;default&#8221; global_colors_info=&#8221;{}&#8221;][\/et_pb_image][\/et_pb_column][\/et_pb_row][\/et_pb_section]<\/p>\n","protected":false},"excerpt":{"rendered":"<p>K\u00e4\u00e4nn\u00f6stoimeksiannot ovat ty\u00f6teht\u00e4vi\u00e4, mutta my\u00f6s projekteja, jotka k\u00e4\u00e4nt\u00e4j\u00e4 suorittaa asiakkaalle. Projektina k\u00e4\u00e4nn\u00f6s linkittyy osaksi toimitusketjua: asiakkaalla on omat projektinsa, jonka osaprojekti on h\u00e4nen tilaamansa k\u00e4\u00e4nn\u00f6sty\u00f6, ja projektinhallinta tukee paitsi k\u00e4\u00e4nn\u00f6sprosessin my\u00f6s koko prosessin sujuvuutta. T\u00e4st\u00e4 n\u00e4k\u00f6kulmasta tarkasteltuna projektinhallinta on k\u00e4\u00e4nt\u00e4j\u00e4n keskeinen taito. Se koostuu monista pienist\u00e4 osasista, joita on k\u00e4sitelty useissa K\u00e4\u00e4nt\u00e4j\u00e4mestarin kirjan luvuissa. On [&hellip;]<\/p>\n","protected":false},"author":3,"featured_media":0,"parent":597,"menu_order":1,"comment_status":"closed","ping_status":"closed","template":"","meta":{"_et_pb_use_builder":"on","_et_pb_old_content":"","_et_gb_content_width":"","footnotes":""},"class_list":["post-604","page","type-page","status-publish","hentry"],"yoast_head":"<!-- This site is optimized with the Yoast SEO plugin v27.4 - https:\/\/yoast.com\/product\/yoast-seo-wordpress\/ -->\n<title>Lyhyt johdatus projektinhallintaan - K\u00e4\u00e4nt\u00e4j\u00e4mestarin kirja<\/title>\n<meta name=\"robots\" content=\"index, follow, max-snippet:-1, max-image-preview:large, max-video-preview:-1\" \/>\n<link rel=\"canonical\" href=\"https:\/\/xn--kntjmestari-l8aacb.fi\/km\/etusivu\/luku-10-omien-tyoprojektien-hallinta\/lyhyt-johdatus-projektinhallintaan\/\" \/>\n<meta property=\"og:locale\" content=\"fi_FI\" \/>\n<meta property=\"og:type\" content=\"article\" \/>\n<meta property=\"og:title\" content=\"Lyhyt johdatus projektinhallintaan - K\u00e4\u00e4nt\u00e4j\u00e4mestarin kirja\" \/>\n<meta property=\"og:description\" content=\"K\u00e4\u00e4nn\u00f6stoimeksiannot ovat ty\u00f6teht\u00e4vi\u00e4, mutta my\u00f6s projekteja, jotka k\u00e4\u00e4nt\u00e4j\u00e4 suorittaa asiakkaalle. Projektina k\u00e4\u00e4nn\u00f6s linkittyy osaksi toimitusketjua: asiakkaalla on omat projektinsa, jonka osaprojekti on h\u00e4nen tilaamansa k\u00e4\u00e4nn\u00f6sty\u00f6, ja projektinhallinta tukee paitsi k\u00e4\u00e4nn\u00f6sprosessin my\u00f6s koko prosessin sujuvuutta. T\u00e4st\u00e4 n\u00e4k\u00f6kulmasta tarkasteltuna projektinhallinta on k\u00e4\u00e4nt\u00e4j\u00e4n keskeinen taito. Se koostuu monista pienist\u00e4 osasista, joita on k\u00e4sitelty useissa K\u00e4\u00e4nt\u00e4j\u00e4mestarin kirjan luvuissa. On [&hellip;]\" \/>\n<meta property=\"og:url\" content=\"https:\/\/xn--kntjmestari-l8aacb.fi\/km\/etusivu\/luku-10-omien-tyoprojektien-hallinta\/lyhyt-johdatus-projektinhallintaan\/\" \/>\n<meta property=\"og:site_name\" content=\"K\u00e4\u00e4nt\u00e4j\u00e4mestarin kirja\" \/>\n<meta property=\"article:modified_time\" content=\"2022-09-19T11:47:23+00:00\" \/>\n<meta name=\"twitter:card\" content=\"summary_large_image\" \/>\n<meta name=\"twitter:label1\" content=\"Arvioitu lukuaika\" \/>\n\t<meta name=\"twitter:data1\" content=\"2 minuuttia\" \/>\n<script type=\"application\/ld+json\" class=\"yoast-schema-graph\">{\"@context\":\"https:\\\/\\\/schema.org\",\"@graph\":[{\"@type\":\"WebPage\",\"@id\":\"https:\\\/\\\/xn--kntjmestari-l8aacb.fi\\\/km\\\/etusivu\\\/luku-10-omien-tyoprojektien-hallinta\\\/lyhyt-johdatus-projektinhallintaan\\\/\",\"url\":\"https:\\\/\\\/xn--kntjmestari-l8aacb.fi\\\/km\\\/etusivu\\\/luku-10-omien-tyoprojektien-hallinta\\\/lyhyt-johdatus-projektinhallintaan\\\/\",\"name\":\"Lyhyt johdatus projektinhallintaan - K\u00e4\u00e4nt\u00e4j\u00e4mestarin kirja\",\"isPartOf\":{\"@id\":\"https:\\\/\\\/xn--kntjmestari-l8aacb.fi\\\/km\\\/#website\"},\"datePublished\":\"2022-06-02T10:08:49+00:00\",\"dateModified\":\"2022-09-19T11:47:23+00:00\",\"breadcrumb\":{\"@id\":\"https:\\\/\\\/xn--kntjmestari-l8aacb.fi\\\/km\\\/etusivu\\\/luku-10-omien-tyoprojektien-hallinta\\\/lyhyt-johdatus-projektinhallintaan\\\/#breadcrumb\"},\"inLanguage\":\"fi\",\"potentialAction\":[{\"@type\":\"ReadAction\",\"target\":[\"https:\\\/\\\/xn--kntjmestari-l8aacb.fi\\\/km\\\/etusivu\\\/luku-10-omien-tyoprojektien-hallinta\\\/lyhyt-johdatus-projektinhallintaan\\\/\"]}]},{\"@type\":\"BreadcrumbList\",\"@id\":\"https:\\\/\\\/xn--kntjmestari-l8aacb.fi\\\/km\\\/etusivu\\\/luku-10-omien-tyoprojektien-hallinta\\\/lyhyt-johdatus-projektinhallintaan\\\/#breadcrumb\",\"itemListElement\":[{\"@type\":\"ListItem\",\"position\":1,\"name\":\"Etusivu\",\"item\":\"https:\\\/\\\/xn--kntjmestari-l8aacb.fi\\\/km\\\/\"},{\"@type\":\"ListItem\",\"position\":2,\"name\":\"K\u00e4\u00e4nt\u00e4j\u00e4mestarin kirja\",\"item\":\"https:\\\/\\\/xn--kntjmestari-l8aacb.fi\\\/km\\\/\"},{\"@type\":\"ListItem\",\"position\":3,\"name\":\"Luku 10 \u2013 Omien ty\u00f6projektien hallinta\",\"item\":\"https:\\\/\\\/xn--kntjmestari-l8aacb.fi\\\/km\\\/etusivu\\\/luku-10-omien-tyoprojektien-hallinta\\\/\"},{\"@type\":\"ListItem\",\"position\":4,\"name\":\"Lyhyt johdatus projektinhallintaan\"}]},{\"@type\":\"WebSite\",\"@id\":\"https:\\\/\\\/xn--kntjmestari-l8aacb.fi\\\/km\\\/#website\",\"url\":\"https:\\\/\\\/xn--kntjmestari-l8aacb.fi\\\/km\\\/\",\"name\":\"K\u00e4\u00e4nt\u00e4j\u00e4mestarin kirja\",\"description\":\"k\u00e4yt\u00e4nn\u00f6n opas aloitteleville k\u00e4\u00e4nt\u00e4jille ja tulkeille\",\"publisher\":{\"@id\":\"https:\\\/\\\/xn--kntjmestari-l8aacb.fi\\\/km\\\/#organization\"},\"potentialAction\":[{\"@type\":\"SearchAction\",\"target\":{\"@type\":\"EntryPoint\",\"urlTemplate\":\"https:\\\/\\\/xn--kntjmestari-l8aacb.fi\\\/km\\\/?s={search_term_string}\"},\"query-input\":{\"@type\":\"PropertyValueSpecification\",\"valueRequired\":true,\"valueName\":\"search_term_string\"}}],\"inLanguage\":\"fi\"},{\"@type\":\"Organization\",\"@id\":\"https:\\\/\\\/xn--kntjmestari-l8aacb.fi\\\/km\\\/#organization\",\"name\":\"K\u00e4\u00e4nt\u00e4j\u00e4mestarit\",\"url\":\"https:\\\/\\\/xn--kntjmestari-l8aacb.fi\\\/km\\\/\",\"logo\":{\"@type\":\"ImageObject\",\"inLanguage\":\"fi\",\"@id\":\"https:\\\/\\\/xn--kntjmestari-l8aacb.fi\\\/km\\\/#\\\/schema\\\/logo\\\/image\\\/\",\"url\":\"https:\\\/\\\/xn--kntjmestari-l8aacb.fi\\\/km\\\/wp-content\\\/uploads\\\/2021\\\/12\\\/logo.jpg\",\"contentUrl\":\"https:\\\/\\\/xn--kntjmestari-l8aacb.fi\\\/km\\\/wp-content\\\/uploads\\\/2021\\\/12\\\/logo.jpg\",\"width\":509,\"height\":530,\"caption\":\"K\u00e4\u00e4nt\u00e4j\u00e4mestarit\"},\"image\":{\"@id\":\"https:\\\/\\\/xn--kntjmestari-l8aacb.fi\\\/km\\\/#\\\/schema\\\/logo\\\/image\\\/\"}}]}<\/script>\n<!-- \/ Yoast SEO plugin. -->","yoast_head_json":{"title":"Lyhyt johdatus projektinhallintaan - K\u00e4\u00e4nt\u00e4j\u00e4mestarin kirja","robots":{"index":"index","follow":"follow","max-snippet":"max-snippet:-1","max-image-preview":"max-image-preview:large","max-video-preview":"max-video-preview:-1"},"canonical":"https:\/\/xn--kntjmestari-l8aacb.fi\/km\/etusivu\/luku-10-omien-tyoprojektien-hallinta\/lyhyt-johdatus-projektinhallintaan\/","og_locale":"fi_FI","og_type":"article","og_title":"Lyhyt johdatus projektinhallintaan - K\u00e4\u00e4nt\u00e4j\u00e4mestarin kirja","og_description":"K\u00e4\u00e4nn\u00f6stoimeksiannot ovat ty\u00f6teht\u00e4vi\u00e4, mutta my\u00f6s projekteja, jotka k\u00e4\u00e4nt\u00e4j\u00e4 suorittaa asiakkaalle. Projektina k\u00e4\u00e4nn\u00f6s linkittyy osaksi toimitusketjua: asiakkaalla on omat projektinsa, jonka osaprojekti on h\u00e4nen tilaamansa k\u00e4\u00e4nn\u00f6sty\u00f6, ja projektinhallinta tukee paitsi k\u00e4\u00e4nn\u00f6sprosessin my\u00f6s koko prosessin sujuvuutta. T\u00e4st\u00e4 n\u00e4k\u00f6kulmasta tarkasteltuna projektinhallinta on k\u00e4\u00e4nt\u00e4j\u00e4n keskeinen taito. Se koostuu monista pienist\u00e4 osasista, joita on k\u00e4sitelty useissa K\u00e4\u00e4nt\u00e4j\u00e4mestarin kirjan luvuissa. On [&hellip;]","og_url":"https:\/\/xn--kntjmestari-l8aacb.fi\/km\/etusivu\/luku-10-omien-tyoprojektien-hallinta\/lyhyt-johdatus-projektinhallintaan\/","og_site_name":"K\u00e4\u00e4nt\u00e4j\u00e4mestarin kirja","article_modified_time":"2022-09-19T11:47:23+00:00","twitter_card":"summary_large_image","twitter_misc":{"Arvioitu lukuaika":"2 minuuttia"},"schema":{"@context":"https:\/\/schema.org","@graph":[{"@type":"WebPage","@id":"https:\/\/xn--kntjmestari-l8aacb.fi\/km\/etusivu\/luku-10-omien-tyoprojektien-hallinta\/lyhyt-johdatus-projektinhallintaan\/","url":"https:\/\/xn--kntjmestari-l8aacb.fi\/km\/etusivu\/luku-10-omien-tyoprojektien-hallinta\/lyhyt-johdatus-projektinhallintaan\/","name":"Lyhyt johdatus projektinhallintaan - K\u00e4\u00e4nt\u00e4j\u00e4mestarin kirja","isPartOf":{"@id":"https:\/\/xn--kntjmestari-l8aacb.fi\/km\/#website"},"datePublished":"2022-06-02T10:08:49+00:00","dateModified":"2022-09-19T11:47:23+00:00","breadcrumb":{"@id":"https:\/\/xn--kntjmestari-l8aacb.fi\/km\/etusivu\/luku-10-omien-tyoprojektien-hallinta\/lyhyt-johdatus-projektinhallintaan\/#breadcrumb"},"inLanguage":"fi","potentialAction":[{"@type":"ReadAction","target":["https:\/\/xn--kntjmestari-l8aacb.fi\/km\/etusivu\/luku-10-omien-tyoprojektien-hallinta\/lyhyt-johdatus-projektinhallintaan\/"]}]},{"@type":"BreadcrumbList","@id":"https:\/\/xn--kntjmestari-l8aacb.fi\/km\/etusivu\/luku-10-omien-tyoprojektien-hallinta\/lyhyt-johdatus-projektinhallintaan\/#breadcrumb","itemListElement":[{"@type":"ListItem","position":1,"name":"Etusivu","item":"https:\/\/xn--kntjmestari-l8aacb.fi\/km\/"},{"@type":"ListItem","position":2,"name":"K\u00e4\u00e4nt\u00e4j\u00e4mestarin kirja","item":"https:\/\/xn--kntjmestari-l8aacb.fi\/km\/"},{"@type":"ListItem","position":3,"name":"Luku 10 \u2013 Omien ty\u00f6projektien hallinta","item":"https:\/\/xn--kntjmestari-l8aacb.fi\/km\/etusivu\/luku-10-omien-tyoprojektien-hallinta\/"},{"@type":"ListItem","position":4,"name":"Lyhyt johdatus projektinhallintaan"}]},{"@type":"WebSite","@id":"https:\/\/xn--kntjmestari-l8aacb.fi\/km\/#website","url":"https:\/\/xn--kntjmestari-l8aacb.fi\/km\/","name":"K\u00e4\u00e4nt\u00e4j\u00e4mestarin kirja","description":"k\u00e4yt\u00e4nn\u00f6n opas aloitteleville k\u00e4\u00e4nt\u00e4jille ja tulkeille","publisher":{"@id":"https:\/\/xn--kntjmestari-l8aacb.fi\/km\/#organization"},"potentialAction":[{"@type":"SearchAction","target":{"@type":"EntryPoint","urlTemplate":"https:\/\/xn--kntjmestari-l8aacb.fi\/km\/?s={search_term_string}"},"query-input":{"@type":"PropertyValueSpecification","valueRequired":true,"valueName":"search_term_string"}}],"inLanguage":"fi"},{"@type":"Organization","@id":"https:\/\/xn--kntjmestari-l8aacb.fi\/km\/#organization","name":"K\u00e4\u00e4nt\u00e4j\u00e4mestarit","url":"https:\/\/xn--kntjmestari-l8aacb.fi\/km\/","logo":{"@type":"ImageObject","inLanguage":"fi","@id":"https:\/\/xn--kntjmestari-l8aacb.fi\/km\/#\/schema\/logo\/image\/","url":"https:\/\/xn--kntjmestari-l8aacb.fi\/km\/wp-content\/uploads\/2021\/12\/logo.jpg","contentUrl":"https:\/\/xn--kntjmestari-l8aacb.fi\/km\/wp-content\/uploads\/2021\/12\/logo.jpg","width":509,"height":530,"caption":"K\u00e4\u00e4nt\u00e4j\u00e4mestarit"},"image":{"@id":"https:\/\/xn--kntjmestari-l8aacb.fi\/km\/#\/schema\/logo\/image\/"}}]}},"_links":{"self":[{"href":"https:\/\/xn--kntjmestari-l8aacb.fi\/km\/wp-json\/wp\/v2\/pages\/604","targetHints":{"allow":["GET"]}}],"collection":[{"href":"https:\/\/xn--kntjmestari-l8aacb.fi\/km\/wp-json\/wp\/v2\/pages"}],"about":[{"href":"https:\/\/xn--kntjmestari-l8aacb.fi\/km\/wp-json\/wp\/v2\/types\/page"}],"author":[{"embeddable":true,"href":"https:\/\/xn--kntjmestari-l8aacb.fi\/km\/wp-json\/wp\/v2\/users\/3"}],"replies":[{"embeddable":true,"href":"https:\/\/xn--kntjmestari-l8aacb.fi\/km\/wp-json\/wp\/v2\/comments?post=604"}],"version-history":[{"count":4,"href":"https:\/\/xn--kntjmestari-l8aacb.fi\/km\/wp-json\/wp\/v2\/pages\/604\/revisions"}],"predecessor-version":[{"id":845,"href":"https:\/\/xn--kntjmestari-l8aacb.fi\/km\/wp-json\/wp\/v2\/pages\/604\/revisions\/845"}],"up":[{"embeddable":true,"href":"https:\/\/xn--kntjmestari-l8aacb.fi\/km\/wp-json\/wp\/v2\/pages\/597"}],"wp:attachment":[{"href":"https:\/\/xn--kntjmestari-l8aacb.fi\/km\/wp-json\/wp\/v2\/media?parent=604"}],"curies":[{"name":"wp","href":"https:\/\/api.w.org\/{rel}","templated":true}]}}