{"id":609,"date":"2022-06-02T10:10:23","date_gmt":"2022-06-02T10:10:23","guid":{"rendered":"https:\/\/xn--kntjmestari-l8aacb.fi\/km\/?page_id=609"},"modified":"2022-09-19T11:53:01","modified_gmt":"2022-09-19T11:53:01","slug":"projektinhallinta-ajanhallinnan-tukena","status":"publish","type":"page","link":"https:\/\/xn--kntjmestari-l8aacb.fi\/km\/etusivu\/luku-10-omien-tyoprojektien-hallinta\/projektinhallinta-ajanhallinnan-tukena\/","title":{"rendered":"Projektinhallinta ajanhallinnan tukena"},"content":{"rendered":"<p>[et_pb_section fb_built=&#8221;1&#8243; _builder_version=&#8221;4.16&#8243; global_colors_info=&#8221;{}&#8221;][et_pb_row _builder_version=&#8221;4.16&#8243; _module_preset=&#8221;default&#8221; global_colors_info=&#8221;{}&#8221;][et_pb_column type=&#8221;4_4&#8243; _builder_version=&#8221;4.16&#8243; _module_preset=&#8221;default&#8221; global_colors_info=&#8221;{}&#8221;][et_pb_post_title meta=&#8221;off&#8221; featured_image=&#8221;off&#8221; _builder_version=&#8221;4.16&#8243; _module_preset=&#8221;default&#8221; global_colors_info=&#8221;{}&#8221;][\/et_pb_post_title][\/et_pb_column][\/et_pb_row][et_pb_row _builder_version=&#8221;4.16&#8243; background_size=&#8221;initial&#8221; background_position=&#8221;top_left&#8221; background_repeat=&#8221;repeat&#8221; global_colors_info=&#8221;{}&#8221;][et_pb_column type=&#8221;4_4&#8243; _builder_version=&#8221;4.16&#8243; custom_padding=&#8221;|||&#8221; global_colors_info=&#8221;{}&#8221; custom_padding__hover=&#8221;|||&#8221;][et_pb_text _builder_version=&#8221;4.17.3&#8243; background_size=&#8221;initial&#8221; background_position=&#8221;top_left&#8221; background_repeat=&#8221;repeat&#8221; custom_padding=&#8221;||0px|||&#8221; global_colors_info=&#8221;{}&#8221;]<\/p>\n<div id=\"page-zones__main-widgets__content1\" data-name=\"content\" class=\"content widget js-widget\" data-uniqueid=\"OloHtMAomHwAijU\" data-parentuniqueid=\"69O0NdSLr5jBL3F\">\n<div class=\"bk-content-text js-text-content   wysihtml-editor-content\">\n<p>v\u00e4liK\u00e4\u00e4nn\u00f6sty\u00f6 on prosessi, joka koostuu eri vaiheista. Kuten luvun 2 <a href=\"https:\/\/xn--kntjmestari-l8aacb.fi\/km\/etusivu\/luku-2-ammattimainen-toiminta\/mietitty-prosessi\/\">Mietitty prosessi<\/a> -alaluvussa todetaan, \u201dKielipalveluyritt\u00e4j\u00e4n toiminta muodostuu selke\u00e4sti mietityist\u00e4 ty\u00f6vaiheista\u201d. Prosessin vaiheita voivat olla esimerkiksi<\/p>\n<ul>\n<li>tarjouksen laatiminen (ks. <a href=\"https:\/\/xn--kntjmestari-l8aacb.fi\/km\/etusivu\/luku-8-ongelmatilanteiden-ehikaisy-ja-hallinta\/tarjous-ja-vastatarjous\/\">Tarjous ja vastatarjous<\/a> luvussa 8)<\/li>\n<li>toimeksiannon suorittaminen (ks. luvun 2 alaluku <a href=\"https:\/\/xn--kntjmestari-l8aacb.fi\/km\/etusivu\/luku-2-ammattimainen-toiminta\/kaannosprosessin-vaiheet\/\">K\u00e4\u00e4nn\u00f6sprosessin vaiheet<\/a>)<\/li>\n<li>tiedostonhallinta<\/li>\n<li>raportointi<\/li>\n<li>laskutus.<\/li>\n<\/ul>\n<p>Projektinhallinnassa kriittisint\u00e4 on asioiden organisointi ja priorisointi. Tehokas projektinhallinta merkitsee sit\u00e4, ett\u00e4 pystyy hahmottamaan projektin kokonaisuuden ja sen, milloin on kriittist\u00e4 paneutua mihinkin osaan t\u00e4t\u00e4 kokonaisuutta ja mill\u00e4 ty\u00f6panoksella. T\u00e4h\u00e4n ei ole mit\u00e4\u00e4n yht\u00e4 parasta tapaa, vaan keskeist\u00e4 on varmistaa, ett\u00e4 asiat pysyv\u00e4t hallinnassa ja ajan tasalla itselle luontevalla tavalla. Luvun 3 alaluvussa <a href=\"https:\/\/xn--kntjmestari-l8aacb.fi\/km\/etusivu\/luku-3-brandi-ja-maine\/ajanhallinta\/\">Ajanhallinta<\/a> on runsaasti vinkkej\u00e4 tehokkaaseen ajanhallintaan.<\/p>\n<p>Jos ty\u00f6st\u00e4\u00e4 vain yht\u00e4 projektia kerralla, on helpompi hahmottaa, milloin mik\u00e4kin projektin osa tai vaihe tulee suorittaa ja miten ty\u00f6 etenee. Jos k\u00e4ynniss\u00e4 on monta projektia samaan aikaan, on usein etua jonkinlaisesta apuv\u00e4lineest\u00e4 ajan- ja teht\u00e4vienhallinnan tueksi. T\u00e4h\u00e4n on lukemattomia niin paperisia kuin s\u00e4hk\u00f6isi\u00e4 vaihtoehtoja. Kannattaa valita sellainen, josta itse helpoiten hahmottaa kokonaiskuvan, oli se sitten liimalappukokoelma tai tuliter\u00e4 projektinhallintasofta. Olennaista on, ettei suorita teht\u00e4vi\u00e4 vain oman muistinsa varassa ja silloin, kun ne kaatuvat p\u00e4\u00e4lle.<\/p>\n<p>Ty\u00f6m\u00e4\u00e4r\u00e4n ja ty\u00f6vaiheiden seuraamiseen on monta hyv\u00e4\u00e4 syyt\u00e4, kuten:<\/p>\n<ul>\n<li>Odottamattomiin viiv\u00e4styksiin reagointi nopeutuu.<\/li>\n<li>Yll\u00e4tt\u00e4vien tilanteiden vaikutuksen arviointi prosessiin helpottuu.<\/li>\n<li>Ty\u00f6n kannattavuuden arviointi helpottuu.<\/li>\n<li>Aikaa ei haaskaudu jatkuvaan tilanteen tasalle p\u00e4\u00e4semiseen.<\/li>\n<\/ul>\n<p>Ylip\u00e4\u00e4ns\u00e4 seuranta auttaa pit\u00e4m\u00e4\u00e4n pakan kasassa haastavissakin tilanteissa. Jos on useita samanaikaisia, eri tahtia etenevi\u00e4 projekteja, joihin liittyy niin k\u00e4\u00e4nnett\u00e4v\u00e4\u00e4, kielentarkistettavaa, p\u00e4ivitett\u00e4v\u00e4\u00e4, oikoluettavaa, kommentoitavaa kuin viimeistelt\u00e4v\u00e4\u00e4kin, ja sitten v\u00e4liin tulee viel\u00e4 kiireellinen pikaty\u00f6, tehokas projektinhallinta auttaa pysym\u00e4\u00e4n k\u00e4rryill\u00e4 ja est\u00e4\u00e4 suistumasta ojaan.<\/p>\n<ol><\/ol>\n<\/div>\n<\/div>\n<p>[\/et_pb_text][\/et_pb_column][\/et_pb_row][\/et_pb_section]<\/p>\n","protected":false},"excerpt":{"rendered":"<p>v\u00e4liK\u00e4\u00e4nn\u00f6sty\u00f6 on prosessi, joka koostuu eri vaiheista. Kuten luvun 2 Mietitty prosessi -alaluvussa todetaan, \u201dKielipalveluyritt\u00e4j\u00e4n toiminta muodostuu selke\u00e4sti mietityist\u00e4 ty\u00f6vaiheista\u201d. Prosessin vaiheita voivat olla esimerkiksi tarjouksen laatiminen (ks. Tarjous ja vastatarjous luvussa 8) toimeksiannon suorittaminen (ks. luvun 2 alaluku K\u00e4\u00e4nn\u00f6sprosessin vaiheet) tiedostonhallinta raportointi laskutus. Projektinhallinnassa kriittisint\u00e4 on asioiden organisointi ja priorisointi. Tehokas projektinhallinta merkitsee sit\u00e4, [&hellip;]<\/p>\n","protected":false},"author":3,"featured_media":0,"parent":597,"menu_order":3,"comment_status":"closed","ping_status":"closed","template":"","meta":{"_et_pb_use_builder":"on","_et_pb_old_content":"","_et_gb_content_width":"","footnotes":""},"class_list":["post-609","page","type-page","status-publish","hentry"],"yoast_head":"<!-- This site is optimized with the Yoast SEO plugin v27.4 - https:\/\/yoast.com\/product\/yoast-seo-wordpress\/ -->\n<title>Projektinhallinta ajanhallinnan tukena - K\u00e4\u00e4nt\u00e4j\u00e4mestarin kirja<\/title>\n<meta name=\"robots\" content=\"index, follow, max-snippet:-1, max-image-preview:large, max-video-preview:-1\" \/>\n<link rel=\"canonical\" href=\"https:\/\/xn--kntjmestari-l8aacb.fi\/km\/etusivu\/luku-10-omien-tyoprojektien-hallinta\/projektinhallinta-ajanhallinnan-tukena\/\" \/>\n<meta property=\"og:locale\" content=\"fi_FI\" \/>\n<meta property=\"og:type\" content=\"article\" \/>\n<meta property=\"og:title\" content=\"Projektinhallinta ajanhallinnan tukena - K\u00e4\u00e4nt\u00e4j\u00e4mestarin kirja\" \/>\n<meta property=\"og:description\" content=\"v\u00e4liK\u00e4\u00e4nn\u00f6sty\u00f6 on prosessi, joka koostuu eri vaiheista. Kuten luvun 2 Mietitty prosessi -alaluvussa todetaan, \u201dKielipalveluyritt\u00e4j\u00e4n toiminta muodostuu selke\u00e4sti mietityist\u00e4 ty\u00f6vaiheista\u201d. Prosessin vaiheita voivat olla esimerkiksi tarjouksen laatiminen (ks. Tarjous ja vastatarjous luvussa 8) toimeksiannon suorittaminen (ks. luvun 2 alaluku K\u00e4\u00e4nn\u00f6sprosessin vaiheet) tiedostonhallinta raportointi laskutus. Projektinhallinnassa kriittisint\u00e4 on asioiden organisointi ja priorisointi. Tehokas projektinhallinta merkitsee sit\u00e4, [&hellip;]\" \/>\n<meta property=\"og:url\" content=\"https:\/\/xn--kntjmestari-l8aacb.fi\/km\/etusivu\/luku-10-omien-tyoprojektien-hallinta\/projektinhallinta-ajanhallinnan-tukena\/\" \/>\n<meta property=\"og:site_name\" content=\"K\u00e4\u00e4nt\u00e4j\u00e4mestarin kirja\" \/>\n<meta property=\"article:modified_time\" content=\"2022-09-19T11:53:01+00:00\" \/>\n<meta name=\"twitter:card\" content=\"summary_large_image\" \/>\n<meta name=\"twitter:label1\" content=\"Arvioitu lukuaika\" \/>\n\t<meta name=\"twitter:data1\" content=\"2 minuuttia\" \/>\n<script type=\"application\/ld+json\" class=\"yoast-schema-graph\">{\"@context\":\"https:\\\/\\\/schema.org\",\"@graph\":[{\"@type\":\"WebPage\",\"@id\":\"https:\\\/\\\/xn--kntjmestari-l8aacb.fi\\\/km\\\/etusivu\\\/luku-10-omien-tyoprojektien-hallinta\\\/projektinhallinta-ajanhallinnan-tukena\\\/\",\"url\":\"https:\\\/\\\/xn--kntjmestari-l8aacb.fi\\\/km\\\/etusivu\\\/luku-10-omien-tyoprojektien-hallinta\\\/projektinhallinta-ajanhallinnan-tukena\\\/\",\"name\":\"Projektinhallinta ajanhallinnan tukena - K\u00e4\u00e4nt\u00e4j\u00e4mestarin kirja\",\"isPartOf\":{\"@id\":\"https:\\\/\\\/xn--kntjmestari-l8aacb.fi\\\/km\\\/#website\"},\"datePublished\":\"2022-06-02T10:10:23+00:00\",\"dateModified\":\"2022-09-19T11:53:01+00:00\",\"breadcrumb\":{\"@id\":\"https:\\\/\\\/xn--kntjmestari-l8aacb.fi\\\/km\\\/etusivu\\\/luku-10-omien-tyoprojektien-hallinta\\\/projektinhallinta-ajanhallinnan-tukena\\\/#breadcrumb\"},\"inLanguage\":\"fi\",\"potentialAction\":[{\"@type\":\"ReadAction\",\"target\":[\"https:\\\/\\\/xn--kntjmestari-l8aacb.fi\\\/km\\\/etusivu\\\/luku-10-omien-tyoprojektien-hallinta\\\/projektinhallinta-ajanhallinnan-tukena\\\/\"]}]},{\"@type\":\"BreadcrumbList\",\"@id\":\"https:\\\/\\\/xn--kntjmestari-l8aacb.fi\\\/km\\\/etusivu\\\/luku-10-omien-tyoprojektien-hallinta\\\/projektinhallinta-ajanhallinnan-tukena\\\/#breadcrumb\",\"itemListElement\":[{\"@type\":\"ListItem\",\"position\":1,\"name\":\"Etusivu\",\"item\":\"https:\\\/\\\/xn--kntjmestari-l8aacb.fi\\\/km\\\/\"},{\"@type\":\"ListItem\",\"position\":2,\"name\":\"K\u00e4\u00e4nt\u00e4j\u00e4mestarin kirja\",\"item\":\"https:\\\/\\\/xn--kntjmestari-l8aacb.fi\\\/km\\\/\"},{\"@type\":\"ListItem\",\"position\":3,\"name\":\"Luku 10 \u2013 Omien ty\u00f6projektien hallinta\",\"item\":\"https:\\\/\\\/xn--kntjmestari-l8aacb.fi\\\/km\\\/etusivu\\\/luku-10-omien-tyoprojektien-hallinta\\\/\"},{\"@type\":\"ListItem\",\"position\":4,\"name\":\"Projektinhallinta ajanhallinnan tukena\"}]},{\"@type\":\"WebSite\",\"@id\":\"https:\\\/\\\/xn--kntjmestari-l8aacb.fi\\\/km\\\/#website\",\"url\":\"https:\\\/\\\/xn--kntjmestari-l8aacb.fi\\\/km\\\/\",\"name\":\"K\u00e4\u00e4nt\u00e4j\u00e4mestarin kirja\",\"description\":\"k\u00e4yt\u00e4nn\u00f6n opas aloitteleville k\u00e4\u00e4nt\u00e4jille ja tulkeille\",\"publisher\":{\"@id\":\"https:\\\/\\\/xn--kntjmestari-l8aacb.fi\\\/km\\\/#organization\"},\"potentialAction\":[{\"@type\":\"SearchAction\",\"target\":{\"@type\":\"EntryPoint\",\"urlTemplate\":\"https:\\\/\\\/xn--kntjmestari-l8aacb.fi\\\/km\\\/?s={search_term_string}\"},\"query-input\":{\"@type\":\"PropertyValueSpecification\",\"valueRequired\":true,\"valueName\":\"search_term_string\"}}],\"inLanguage\":\"fi\"},{\"@type\":\"Organization\",\"@id\":\"https:\\\/\\\/xn--kntjmestari-l8aacb.fi\\\/km\\\/#organization\",\"name\":\"K\u00e4\u00e4nt\u00e4j\u00e4mestarit\",\"url\":\"https:\\\/\\\/xn--kntjmestari-l8aacb.fi\\\/km\\\/\",\"logo\":{\"@type\":\"ImageObject\",\"inLanguage\":\"fi\",\"@id\":\"https:\\\/\\\/xn--kntjmestari-l8aacb.fi\\\/km\\\/#\\\/schema\\\/logo\\\/image\\\/\",\"url\":\"https:\\\/\\\/xn--kntjmestari-l8aacb.fi\\\/km\\\/wp-content\\\/uploads\\\/2021\\\/12\\\/logo.jpg\",\"contentUrl\":\"https:\\\/\\\/xn--kntjmestari-l8aacb.fi\\\/km\\\/wp-content\\\/uploads\\\/2021\\\/12\\\/logo.jpg\",\"width\":509,\"height\":530,\"caption\":\"K\u00e4\u00e4nt\u00e4j\u00e4mestarit\"},\"image\":{\"@id\":\"https:\\\/\\\/xn--kntjmestari-l8aacb.fi\\\/km\\\/#\\\/schema\\\/logo\\\/image\\\/\"}}]}<\/script>\n<!-- \/ Yoast SEO plugin. -->","yoast_head_json":{"title":"Projektinhallinta ajanhallinnan tukena - K\u00e4\u00e4nt\u00e4j\u00e4mestarin kirja","robots":{"index":"index","follow":"follow","max-snippet":"max-snippet:-1","max-image-preview":"max-image-preview:large","max-video-preview":"max-video-preview:-1"},"canonical":"https:\/\/xn--kntjmestari-l8aacb.fi\/km\/etusivu\/luku-10-omien-tyoprojektien-hallinta\/projektinhallinta-ajanhallinnan-tukena\/","og_locale":"fi_FI","og_type":"article","og_title":"Projektinhallinta ajanhallinnan tukena - K\u00e4\u00e4nt\u00e4j\u00e4mestarin kirja","og_description":"v\u00e4liK\u00e4\u00e4nn\u00f6sty\u00f6 on prosessi, joka koostuu eri vaiheista. Kuten luvun 2 Mietitty prosessi -alaluvussa todetaan, \u201dKielipalveluyritt\u00e4j\u00e4n toiminta muodostuu selke\u00e4sti mietityist\u00e4 ty\u00f6vaiheista\u201d. Prosessin vaiheita voivat olla esimerkiksi tarjouksen laatiminen (ks. Tarjous ja vastatarjous luvussa 8) toimeksiannon suorittaminen (ks. luvun 2 alaluku K\u00e4\u00e4nn\u00f6sprosessin vaiheet) tiedostonhallinta raportointi laskutus. Projektinhallinnassa kriittisint\u00e4 on asioiden organisointi ja priorisointi. Tehokas projektinhallinta merkitsee sit\u00e4, [&hellip;]","og_url":"https:\/\/xn--kntjmestari-l8aacb.fi\/km\/etusivu\/luku-10-omien-tyoprojektien-hallinta\/projektinhallinta-ajanhallinnan-tukena\/","og_site_name":"K\u00e4\u00e4nt\u00e4j\u00e4mestarin kirja","article_modified_time":"2022-09-19T11:53:01+00:00","twitter_card":"summary_large_image","twitter_misc":{"Arvioitu lukuaika":"2 minuuttia"},"schema":{"@context":"https:\/\/schema.org","@graph":[{"@type":"WebPage","@id":"https:\/\/xn--kntjmestari-l8aacb.fi\/km\/etusivu\/luku-10-omien-tyoprojektien-hallinta\/projektinhallinta-ajanhallinnan-tukena\/","url":"https:\/\/xn--kntjmestari-l8aacb.fi\/km\/etusivu\/luku-10-omien-tyoprojektien-hallinta\/projektinhallinta-ajanhallinnan-tukena\/","name":"Projektinhallinta ajanhallinnan tukena - K\u00e4\u00e4nt\u00e4j\u00e4mestarin kirja","isPartOf":{"@id":"https:\/\/xn--kntjmestari-l8aacb.fi\/km\/#website"},"datePublished":"2022-06-02T10:10:23+00:00","dateModified":"2022-09-19T11:53:01+00:00","breadcrumb":{"@id":"https:\/\/xn--kntjmestari-l8aacb.fi\/km\/etusivu\/luku-10-omien-tyoprojektien-hallinta\/projektinhallinta-ajanhallinnan-tukena\/#breadcrumb"},"inLanguage":"fi","potentialAction":[{"@type":"ReadAction","target":["https:\/\/xn--kntjmestari-l8aacb.fi\/km\/etusivu\/luku-10-omien-tyoprojektien-hallinta\/projektinhallinta-ajanhallinnan-tukena\/"]}]},{"@type":"BreadcrumbList","@id":"https:\/\/xn--kntjmestari-l8aacb.fi\/km\/etusivu\/luku-10-omien-tyoprojektien-hallinta\/projektinhallinta-ajanhallinnan-tukena\/#breadcrumb","itemListElement":[{"@type":"ListItem","position":1,"name":"Etusivu","item":"https:\/\/xn--kntjmestari-l8aacb.fi\/km\/"},{"@type":"ListItem","position":2,"name":"K\u00e4\u00e4nt\u00e4j\u00e4mestarin kirja","item":"https:\/\/xn--kntjmestari-l8aacb.fi\/km\/"},{"@type":"ListItem","position":3,"name":"Luku 10 \u2013 Omien ty\u00f6projektien hallinta","item":"https:\/\/xn--kntjmestari-l8aacb.fi\/km\/etusivu\/luku-10-omien-tyoprojektien-hallinta\/"},{"@type":"ListItem","position":4,"name":"Projektinhallinta ajanhallinnan tukena"}]},{"@type":"WebSite","@id":"https:\/\/xn--kntjmestari-l8aacb.fi\/km\/#website","url":"https:\/\/xn--kntjmestari-l8aacb.fi\/km\/","name":"K\u00e4\u00e4nt\u00e4j\u00e4mestarin kirja","description":"k\u00e4yt\u00e4nn\u00f6n opas aloitteleville k\u00e4\u00e4nt\u00e4jille ja tulkeille","publisher":{"@id":"https:\/\/xn--kntjmestari-l8aacb.fi\/km\/#organization"},"potentialAction":[{"@type":"SearchAction","target":{"@type":"EntryPoint","urlTemplate":"https:\/\/xn--kntjmestari-l8aacb.fi\/km\/?s={search_term_string}"},"query-input":{"@type":"PropertyValueSpecification","valueRequired":true,"valueName":"search_term_string"}}],"inLanguage":"fi"},{"@type":"Organization","@id":"https:\/\/xn--kntjmestari-l8aacb.fi\/km\/#organization","name":"K\u00e4\u00e4nt\u00e4j\u00e4mestarit","url":"https:\/\/xn--kntjmestari-l8aacb.fi\/km\/","logo":{"@type":"ImageObject","inLanguage":"fi","@id":"https:\/\/xn--kntjmestari-l8aacb.fi\/km\/#\/schema\/logo\/image\/","url":"https:\/\/xn--kntjmestari-l8aacb.fi\/km\/wp-content\/uploads\/2021\/12\/logo.jpg","contentUrl":"https:\/\/xn--kntjmestari-l8aacb.fi\/km\/wp-content\/uploads\/2021\/12\/logo.jpg","width":509,"height":530,"caption":"K\u00e4\u00e4nt\u00e4j\u00e4mestarit"},"image":{"@id":"https:\/\/xn--kntjmestari-l8aacb.fi\/km\/#\/schema\/logo\/image\/"}}]}},"_links":{"self":[{"href":"https:\/\/xn--kntjmestari-l8aacb.fi\/km\/wp-json\/wp\/v2\/pages\/609","targetHints":{"allow":["GET"]}}],"collection":[{"href":"https:\/\/xn--kntjmestari-l8aacb.fi\/km\/wp-json\/wp\/v2\/pages"}],"about":[{"href":"https:\/\/xn--kntjmestari-l8aacb.fi\/km\/wp-json\/wp\/v2\/types\/page"}],"author":[{"embeddable":true,"href":"https:\/\/xn--kntjmestari-l8aacb.fi\/km\/wp-json\/wp\/v2\/users\/3"}],"replies":[{"embeddable":true,"href":"https:\/\/xn--kntjmestari-l8aacb.fi\/km\/wp-json\/wp\/v2\/comments?post=609"}],"version-history":[{"count":5,"href":"https:\/\/xn--kntjmestari-l8aacb.fi\/km\/wp-json\/wp\/v2\/pages\/609\/revisions"}],"predecessor-version":[{"id":847,"href":"https:\/\/xn--kntjmestari-l8aacb.fi\/km\/wp-json\/wp\/v2\/pages\/609\/revisions\/847"}],"up":[{"embeddable":true,"href":"https:\/\/xn--kntjmestari-l8aacb.fi\/km\/wp-json\/wp\/v2\/pages\/597"}],"wp:attachment":[{"href":"https:\/\/xn--kntjmestari-l8aacb.fi\/km\/wp-json\/wp\/v2\/media?parent=609"}],"curies":[{"name":"wp","href":"https:\/\/api.w.org\/{rel}","templated":true}]}}