{"id":615,"date":"2022-06-02T10:11:34","date_gmt":"2022-06-02T10:11:34","guid":{"rendered":"https:\/\/xn--kntjmestari-l8aacb.fi\/km\/?page_id=615"},"modified":"2022-09-19T11:55:02","modified_gmt":"2022-09-19T11:55:02","slug":"tyovaiheiden-organisointi","status":"publish","type":"page","link":"https:\/\/xn--kntjmestari-l8aacb.fi\/km\/etusivu\/luku-10-omien-tyoprojektien-hallinta\/tyovaiheiden-organisointi\/","title":{"rendered":"Ty\u00f6vaiheiden organisointi"},"content":{"rendered":"<p>[et_pb_section fb_built=&#8221;1&#8243; _builder_version=&#8221;4.16&#8243; global_colors_info=&#8221;{}&#8221;][et_pb_row _builder_version=&#8221;4.16&#8243; _module_preset=&#8221;default&#8221; global_colors_info=&#8221;{}&#8221;][et_pb_column type=&#8221;4_4&#8243; _builder_version=&#8221;4.16&#8243; _module_preset=&#8221;default&#8221; global_colors_info=&#8221;{}&#8221;][et_pb_post_title meta=&#8221;off&#8221; featured_image=&#8221;off&#8221; _builder_version=&#8221;4.16&#8243; _module_preset=&#8221;default&#8221; global_colors_info=&#8221;{}&#8221;][\/et_pb_post_title][\/et_pb_column][\/et_pb_row][et_pb_row column_structure=&#8221;1_2,1_2&#8243; _builder_version=&#8221;4.16&#8243; background_size=&#8221;initial&#8221; background_position=&#8221;top_left&#8221; background_repeat=&#8221;repeat&#8221; custom_margin=&#8221;|auto||325px||&#8221; global_colors_info=&#8221;{}&#8221;][et_pb_column type=&#8221;1_2&#8243; _builder_version=&#8221;4.16&#8243; custom_padding=&#8221;|||&#8221; global_colors_info=&#8221;{}&#8221; custom_padding__hover=&#8221;|||&#8221;][et_pb_text _builder_version=&#8221;4.16&#8243; background_size=&#8221;initial&#8221; background_position=&#8221;top_left&#8221; background_repeat=&#8221;repeat&#8221; custom_padding=&#8221;||0px|||&#8221; global_colors_info=&#8221;{}&#8221;]<\/p>\n<p>&nbsp;<\/p>\n<p>Ty\u00f6n etenemisen hahmottamisessa auttaa v\u00e4lietappien ja keskeisten tavoitteiden tarkempi m\u00e4\u00e4rittely. Arjessa ty\u00f6 voi olla kaoottistakin, eik\u00e4 se kaada maailmaa, jos projektit eiv\u00e4t suju ihan niin kuin on suunnitellut. Aina voi eteen tulla jotakin yll\u00e4tt\u00e4v\u00e4\u00e4, ja silloin on oltava joustava ja pystytt\u00e4v\u00e4 tekem\u00e4\u00e4n muutoksia suunnitelmaan. T\u00e4rkeint\u00e4 on, ett\u00e4 asiakkaat saavat tilaamansa palvelut ajallaan ja toivomiensa laatukriteerien mukaisina ja ett\u00e4 prosessit sujuvat heid\u00e4n n\u00e4k\u00f6kulmastaan jouhevasti. V\u00e4lietapit ovat kuitenkin kuin tukipilareita projektin kokonaisuudessa. Prosessiin voi esimerkiksi aikatauluttaa omat vaiheensa lis\u00e4kysymysten l\u00e4pik\u00e4ynnille ja tiedostojen muokkaamiselle.<\/p>\n<p>Isoissa k\u00e4\u00e4nn\u00f6surakoissa kannattaa asettaa itselleen tavoitteita koskien sit\u00e4, mik\u00e4 m\u00e4\u00e4r\u00e4 k\u00e4\u00e4nn\u00f6st\u00e4 pit\u00e4\u00e4 olla valmiina tiettyyn ajankohtaan menness\u00e4. N\u00e4in pystyy tehokkaammin seuraamaan my\u00f6s omaa ty\u00f6vauhtiaan ja sit\u00e4, pysyyk\u00f6 k\u00e4\u00e4nn\u00f6sty\u00f6 aikataulussa suhteessa koko k\u00e4\u00e4nn\u00f6ksen lopulliseen palautusajankohtaan.<\/p>\n<p>Priorisointi on t\u00e4rke\u00e4 ty\u00f6v\u00e4line etenkin silloin, kun monta kiireist\u00e4 ty\u00f6t\u00e4 painaa p\u00e4\u00e4lle. T\u00f6it\u00e4 priorisoitaessa m\u00e4\u00e4ritell\u00e4\u00e4n, miss\u00e4 j\u00e4rjestyksess\u00e4 t\u00f6ihin kannattaa tarttua. T\u00e4ss\u00e4 ei ole kyse vain sen arvioinnista, mink\u00e4 teht\u00e4v\u00e4n viiv\u00e4styminen on suurin riski, vaan my\u00f6s sen arvioinnista, miten teht\u00e4v\u00e4t linkittyv\u00e4t toisiinsa, miss\u00e4 j\u00e4rjestyksess\u00e4 ne on nopein tehd\u00e4 sek\u00e4 mik\u00e4 teht\u00e4v\u00e4 tarvitsee viel\u00e4 pohdintaa ja mink\u00e4 voi hoitaa nopeasti alta pois. Mit\u00e4 nopeammin pystyy t\u00e4m\u00e4n jaottelun ja j\u00e4rjestelyn tekem\u00e4\u00e4n ty\u00f6n alla oleville teht\u00e4ville, sit\u00e4 nopeammin pystyy tarttumaan teht\u00e4viin oikea-aikaisesti ja minimoimaan sen riskin, ett\u00e4 aikaa haaskaantuu v\u00e4hemm\u00e4n kiireiseen ja jokin kriittinen teht\u00e4v\u00e4 viiv\u00e4styy liikaa.<\/p>\n<p>[\/et_pb_text][\/et_pb_column][et_pb_column type=&#8221;1_2&#8243; _builder_version=&#8221;4.16&#8243; custom_padding=&#8221;|||&#8221; global_colors_info=&#8221;{}&#8221; custom_padding__hover=&#8221;|||&#8221;][et_pb_image src=&#8221;https:\/\/xn--kntjmestari-l8aacb.fi\/km\/wp-content\/uploads\/2021\/12\/kaantaja_i_luku1_luku6.jpg&#8221; title_text=&#8221;kaantaja_i_luku1_luku6&#8243; _builder_version=&#8221;4.16&#8243; _module_preset=&#8221;default&#8221; global_colors_info=&#8221;{}&#8221;][\/et_pb_image][\/et_pb_column][\/et_pb_row][\/et_pb_section]<\/p>\n","protected":false},"excerpt":{"rendered":"<p>&nbsp; Ty\u00f6n etenemisen hahmottamisessa auttaa v\u00e4lietappien ja keskeisten tavoitteiden tarkempi m\u00e4\u00e4rittely. Arjessa ty\u00f6 voi olla kaoottistakin, eik\u00e4 se kaada maailmaa, jos projektit eiv\u00e4t suju ihan niin kuin on suunnitellut. Aina voi eteen tulla jotakin yll\u00e4tt\u00e4v\u00e4\u00e4, ja silloin on oltava joustava ja pystytt\u00e4v\u00e4 tekem\u00e4\u00e4n muutoksia suunnitelmaan. T\u00e4rkeint\u00e4 on, ett\u00e4 asiakkaat saavat tilaamansa palvelut ajallaan ja toivomiensa [&hellip;]<\/p>\n","protected":false},"author":3,"featured_media":0,"parent":597,"menu_order":2,"comment_status":"closed","ping_status":"closed","template":"","meta":{"_et_pb_use_builder":"on","_et_pb_old_content":"","_et_gb_content_width":"","footnotes":""},"class_list":["post-615","page","type-page","status-publish","hentry"],"yoast_head":"<!-- This site is optimized with the Yoast SEO plugin v27.4 - https:\/\/yoast.com\/product\/yoast-seo-wordpress\/ -->\n<title>Ty\u00f6vaiheiden organisointi - K\u00e4\u00e4nt\u00e4j\u00e4mestarin kirja<\/title>\n<meta name=\"robots\" content=\"index, follow, max-snippet:-1, max-image-preview:large, max-video-preview:-1\" \/>\n<link rel=\"canonical\" href=\"https:\/\/xn--kntjmestari-l8aacb.fi\/km\/etusivu\/luku-10-omien-tyoprojektien-hallinta\/tyovaiheiden-organisointi\/\" \/>\n<meta property=\"og:locale\" content=\"fi_FI\" \/>\n<meta property=\"og:type\" content=\"article\" \/>\n<meta property=\"og:title\" content=\"Ty\u00f6vaiheiden organisointi - K\u00e4\u00e4nt\u00e4j\u00e4mestarin kirja\" \/>\n<meta property=\"og:description\" content=\"&nbsp; Ty\u00f6n etenemisen hahmottamisessa auttaa v\u00e4lietappien ja keskeisten tavoitteiden tarkempi m\u00e4\u00e4rittely. Arjessa ty\u00f6 voi olla kaoottistakin, eik\u00e4 se kaada maailmaa, jos projektit eiv\u00e4t suju ihan niin kuin on suunnitellut. Aina voi eteen tulla jotakin yll\u00e4tt\u00e4v\u00e4\u00e4, ja silloin on oltava joustava ja pystytt\u00e4v\u00e4 tekem\u00e4\u00e4n muutoksia suunnitelmaan. T\u00e4rkeint\u00e4 on, ett\u00e4 asiakkaat saavat tilaamansa palvelut ajallaan ja toivomiensa [&hellip;]\" \/>\n<meta property=\"og:url\" content=\"https:\/\/xn--kntjmestari-l8aacb.fi\/km\/etusivu\/luku-10-omien-tyoprojektien-hallinta\/tyovaiheiden-organisointi\/\" \/>\n<meta property=\"og:site_name\" content=\"K\u00e4\u00e4nt\u00e4j\u00e4mestarin kirja\" \/>\n<meta property=\"article:modified_time\" content=\"2022-09-19T11:55:02+00:00\" \/>\n<meta name=\"twitter:card\" content=\"summary_large_image\" \/>\n<meta name=\"twitter:label1\" content=\"Arvioitu lukuaika\" \/>\n\t<meta name=\"twitter:data1\" content=\"2 minuuttia\" \/>\n<script type=\"application\/ld+json\" class=\"yoast-schema-graph\">{\"@context\":\"https:\\\/\\\/schema.org\",\"@graph\":[{\"@type\":\"WebPage\",\"@id\":\"https:\\\/\\\/xn--kntjmestari-l8aacb.fi\\\/km\\\/etusivu\\\/luku-10-omien-tyoprojektien-hallinta\\\/tyovaiheiden-organisointi\\\/\",\"url\":\"https:\\\/\\\/xn--kntjmestari-l8aacb.fi\\\/km\\\/etusivu\\\/luku-10-omien-tyoprojektien-hallinta\\\/tyovaiheiden-organisointi\\\/\",\"name\":\"Ty\u00f6vaiheiden organisointi - K\u00e4\u00e4nt\u00e4j\u00e4mestarin kirja\",\"isPartOf\":{\"@id\":\"https:\\\/\\\/xn--kntjmestari-l8aacb.fi\\\/km\\\/#website\"},\"datePublished\":\"2022-06-02T10:11:34+00:00\",\"dateModified\":\"2022-09-19T11:55:02+00:00\",\"breadcrumb\":{\"@id\":\"https:\\\/\\\/xn--kntjmestari-l8aacb.fi\\\/km\\\/etusivu\\\/luku-10-omien-tyoprojektien-hallinta\\\/tyovaiheiden-organisointi\\\/#breadcrumb\"},\"inLanguage\":\"fi\",\"potentialAction\":[{\"@type\":\"ReadAction\",\"target\":[\"https:\\\/\\\/xn--kntjmestari-l8aacb.fi\\\/km\\\/etusivu\\\/luku-10-omien-tyoprojektien-hallinta\\\/tyovaiheiden-organisointi\\\/\"]}]},{\"@type\":\"BreadcrumbList\",\"@id\":\"https:\\\/\\\/xn--kntjmestari-l8aacb.fi\\\/km\\\/etusivu\\\/luku-10-omien-tyoprojektien-hallinta\\\/tyovaiheiden-organisointi\\\/#breadcrumb\",\"itemListElement\":[{\"@type\":\"ListItem\",\"position\":1,\"name\":\"Etusivu\",\"item\":\"https:\\\/\\\/xn--kntjmestari-l8aacb.fi\\\/km\\\/\"},{\"@type\":\"ListItem\",\"position\":2,\"name\":\"K\u00e4\u00e4nt\u00e4j\u00e4mestarin kirja\",\"item\":\"https:\\\/\\\/xn--kntjmestari-l8aacb.fi\\\/km\\\/\"},{\"@type\":\"ListItem\",\"position\":3,\"name\":\"Luku 10 \u2013 Omien ty\u00f6projektien hallinta\",\"item\":\"https:\\\/\\\/xn--kntjmestari-l8aacb.fi\\\/km\\\/etusivu\\\/luku-10-omien-tyoprojektien-hallinta\\\/\"},{\"@type\":\"ListItem\",\"position\":4,\"name\":\"Ty\u00f6vaiheiden organisointi\"}]},{\"@type\":\"WebSite\",\"@id\":\"https:\\\/\\\/xn--kntjmestari-l8aacb.fi\\\/km\\\/#website\",\"url\":\"https:\\\/\\\/xn--kntjmestari-l8aacb.fi\\\/km\\\/\",\"name\":\"K\u00e4\u00e4nt\u00e4j\u00e4mestarin kirja\",\"description\":\"k\u00e4yt\u00e4nn\u00f6n opas aloitteleville k\u00e4\u00e4nt\u00e4jille ja tulkeille\",\"publisher\":{\"@id\":\"https:\\\/\\\/xn--kntjmestari-l8aacb.fi\\\/km\\\/#organization\"},\"potentialAction\":[{\"@type\":\"SearchAction\",\"target\":{\"@type\":\"EntryPoint\",\"urlTemplate\":\"https:\\\/\\\/xn--kntjmestari-l8aacb.fi\\\/km\\\/?s={search_term_string}\"},\"query-input\":{\"@type\":\"PropertyValueSpecification\",\"valueRequired\":true,\"valueName\":\"search_term_string\"}}],\"inLanguage\":\"fi\"},{\"@type\":\"Organization\",\"@id\":\"https:\\\/\\\/xn--kntjmestari-l8aacb.fi\\\/km\\\/#organization\",\"name\":\"K\u00e4\u00e4nt\u00e4j\u00e4mestarit\",\"url\":\"https:\\\/\\\/xn--kntjmestari-l8aacb.fi\\\/km\\\/\",\"logo\":{\"@type\":\"ImageObject\",\"inLanguage\":\"fi\",\"@id\":\"https:\\\/\\\/xn--kntjmestari-l8aacb.fi\\\/km\\\/#\\\/schema\\\/logo\\\/image\\\/\",\"url\":\"https:\\\/\\\/xn--kntjmestari-l8aacb.fi\\\/km\\\/wp-content\\\/uploads\\\/2021\\\/12\\\/logo.jpg\",\"contentUrl\":\"https:\\\/\\\/xn--kntjmestari-l8aacb.fi\\\/km\\\/wp-content\\\/uploads\\\/2021\\\/12\\\/logo.jpg\",\"width\":509,\"height\":530,\"caption\":\"K\u00e4\u00e4nt\u00e4j\u00e4mestarit\"},\"image\":{\"@id\":\"https:\\\/\\\/xn--kntjmestari-l8aacb.fi\\\/km\\\/#\\\/schema\\\/logo\\\/image\\\/\"}}]}<\/script>\n<!-- \/ Yoast SEO plugin. -->","yoast_head_json":{"title":"Ty\u00f6vaiheiden organisointi - K\u00e4\u00e4nt\u00e4j\u00e4mestarin kirja","robots":{"index":"index","follow":"follow","max-snippet":"max-snippet:-1","max-image-preview":"max-image-preview:large","max-video-preview":"max-video-preview:-1"},"canonical":"https:\/\/xn--kntjmestari-l8aacb.fi\/km\/etusivu\/luku-10-omien-tyoprojektien-hallinta\/tyovaiheiden-organisointi\/","og_locale":"fi_FI","og_type":"article","og_title":"Ty\u00f6vaiheiden organisointi - K\u00e4\u00e4nt\u00e4j\u00e4mestarin kirja","og_description":"&nbsp; Ty\u00f6n etenemisen hahmottamisessa auttaa v\u00e4lietappien ja keskeisten tavoitteiden tarkempi m\u00e4\u00e4rittely. Arjessa ty\u00f6 voi olla kaoottistakin, eik\u00e4 se kaada maailmaa, jos projektit eiv\u00e4t suju ihan niin kuin on suunnitellut. Aina voi eteen tulla jotakin yll\u00e4tt\u00e4v\u00e4\u00e4, ja silloin on oltava joustava ja pystytt\u00e4v\u00e4 tekem\u00e4\u00e4n muutoksia suunnitelmaan. T\u00e4rkeint\u00e4 on, ett\u00e4 asiakkaat saavat tilaamansa palvelut ajallaan ja toivomiensa [&hellip;]","og_url":"https:\/\/xn--kntjmestari-l8aacb.fi\/km\/etusivu\/luku-10-omien-tyoprojektien-hallinta\/tyovaiheiden-organisointi\/","og_site_name":"K\u00e4\u00e4nt\u00e4j\u00e4mestarin kirja","article_modified_time":"2022-09-19T11:55:02+00:00","twitter_card":"summary_large_image","twitter_misc":{"Arvioitu lukuaika":"2 minuuttia"},"schema":{"@context":"https:\/\/schema.org","@graph":[{"@type":"WebPage","@id":"https:\/\/xn--kntjmestari-l8aacb.fi\/km\/etusivu\/luku-10-omien-tyoprojektien-hallinta\/tyovaiheiden-organisointi\/","url":"https:\/\/xn--kntjmestari-l8aacb.fi\/km\/etusivu\/luku-10-omien-tyoprojektien-hallinta\/tyovaiheiden-organisointi\/","name":"Ty\u00f6vaiheiden organisointi - K\u00e4\u00e4nt\u00e4j\u00e4mestarin kirja","isPartOf":{"@id":"https:\/\/xn--kntjmestari-l8aacb.fi\/km\/#website"},"datePublished":"2022-06-02T10:11:34+00:00","dateModified":"2022-09-19T11:55:02+00:00","breadcrumb":{"@id":"https:\/\/xn--kntjmestari-l8aacb.fi\/km\/etusivu\/luku-10-omien-tyoprojektien-hallinta\/tyovaiheiden-organisointi\/#breadcrumb"},"inLanguage":"fi","potentialAction":[{"@type":"ReadAction","target":["https:\/\/xn--kntjmestari-l8aacb.fi\/km\/etusivu\/luku-10-omien-tyoprojektien-hallinta\/tyovaiheiden-organisointi\/"]}]},{"@type":"BreadcrumbList","@id":"https:\/\/xn--kntjmestari-l8aacb.fi\/km\/etusivu\/luku-10-omien-tyoprojektien-hallinta\/tyovaiheiden-organisointi\/#breadcrumb","itemListElement":[{"@type":"ListItem","position":1,"name":"Etusivu","item":"https:\/\/xn--kntjmestari-l8aacb.fi\/km\/"},{"@type":"ListItem","position":2,"name":"K\u00e4\u00e4nt\u00e4j\u00e4mestarin kirja","item":"https:\/\/xn--kntjmestari-l8aacb.fi\/km\/"},{"@type":"ListItem","position":3,"name":"Luku 10 \u2013 Omien ty\u00f6projektien hallinta","item":"https:\/\/xn--kntjmestari-l8aacb.fi\/km\/etusivu\/luku-10-omien-tyoprojektien-hallinta\/"},{"@type":"ListItem","position":4,"name":"Ty\u00f6vaiheiden organisointi"}]},{"@type":"WebSite","@id":"https:\/\/xn--kntjmestari-l8aacb.fi\/km\/#website","url":"https:\/\/xn--kntjmestari-l8aacb.fi\/km\/","name":"K\u00e4\u00e4nt\u00e4j\u00e4mestarin kirja","description":"k\u00e4yt\u00e4nn\u00f6n opas aloitteleville k\u00e4\u00e4nt\u00e4jille ja tulkeille","publisher":{"@id":"https:\/\/xn--kntjmestari-l8aacb.fi\/km\/#organization"},"potentialAction":[{"@type":"SearchAction","target":{"@type":"EntryPoint","urlTemplate":"https:\/\/xn--kntjmestari-l8aacb.fi\/km\/?s={search_term_string}"},"query-input":{"@type":"PropertyValueSpecification","valueRequired":true,"valueName":"search_term_string"}}],"inLanguage":"fi"},{"@type":"Organization","@id":"https:\/\/xn--kntjmestari-l8aacb.fi\/km\/#organization","name":"K\u00e4\u00e4nt\u00e4j\u00e4mestarit","url":"https:\/\/xn--kntjmestari-l8aacb.fi\/km\/","logo":{"@type":"ImageObject","inLanguage":"fi","@id":"https:\/\/xn--kntjmestari-l8aacb.fi\/km\/#\/schema\/logo\/image\/","url":"https:\/\/xn--kntjmestari-l8aacb.fi\/km\/wp-content\/uploads\/2021\/12\/logo.jpg","contentUrl":"https:\/\/xn--kntjmestari-l8aacb.fi\/km\/wp-content\/uploads\/2021\/12\/logo.jpg","width":509,"height":530,"caption":"K\u00e4\u00e4nt\u00e4j\u00e4mestarit"},"image":{"@id":"https:\/\/xn--kntjmestari-l8aacb.fi\/km\/#\/schema\/logo\/image\/"}}]}},"_links":{"self":[{"href":"https:\/\/xn--kntjmestari-l8aacb.fi\/km\/wp-json\/wp\/v2\/pages\/615","targetHints":{"allow":["GET"]}}],"collection":[{"href":"https:\/\/xn--kntjmestari-l8aacb.fi\/km\/wp-json\/wp\/v2\/pages"}],"about":[{"href":"https:\/\/xn--kntjmestari-l8aacb.fi\/km\/wp-json\/wp\/v2\/types\/page"}],"author":[{"embeddable":true,"href":"https:\/\/xn--kntjmestari-l8aacb.fi\/km\/wp-json\/wp\/v2\/users\/3"}],"replies":[{"embeddable":true,"href":"https:\/\/xn--kntjmestari-l8aacb.fi\/km\/wp-json\/wp\/v2\/comments?post=615"}],"version-history":[{"count":6,"href":"https:\/\/xn--kntjmestari-l8aacb.fi\/km\/wp-json\/wp\/v2\/pages\/615\/revisions"}],"predecessor-version":[{"id":849,"href":"https:\/\/xn--kntjmestari-l8aacb.fi\/km\/wp-json\/wp\/v2\/pages\/615\/revisions\/849"}],"up":[{"embeddable":true,"href":"https:\/\/xn--kntjmestari-l8aacb.fi\/km\/wp-json\/wp\/v2\/pages\/597"}],"wp:attachment":[{"href":"https:\/\/xn--kntjmestari-l8aacb.fi\/km\/wp-json\/wp\/v2\/media?parent=615"}],"curies":[{"name":"wp","href":"https:\/\/api.w.org\/{rel}","templated":true}]}}