{"id":623,"date":"2022-06-02T10:14:13","date_gmt":"2022-06-02T10:14:13","guid":{"rendered":"https:\/\/xn--kntjmestari-l8aacb.fi\/km\/?page_id=623"},"modified":"2022-09-19T11:58:39","modified_gmt":"2022-09-19T11:58:39","slug":"asiakasnakokulma-projektinhallinnassa","status":"publish","type":"page","link":"https:\/\/xn--kntjmestari-l8aacb.fi\/km\/etusivu\/luku-10-omien-tyoprojektien-hallinta\/asiakasnakokulma-projektinhallinnassa\/","title":{"rendered":"Asiakasn\u00e4k\u00f6kulma projektinhallinnassa"},"content":{"rendered":"<p>[et_pb_section fb_built=&#8221;1&#8243; _builder_version=&#8221;4.16&#8243; global_colors_info=&#8221;{}&#8221;][et_pb_row _builder_version=&#8221;4.16&#8243; _module_preset=&#8221;default&#8221; global_colors_info=&#8221;{}&#8221;][et_pb_column type=&#8221;4_4&#8243; _builder_version=&#8221;4.16&#8243; _module_preset=&#8221;default&#8221; global_colors_info=&#8221;{}&#8221;][et_pb_post_title meta=&#8221;off&#8221; featured_image=&#8221;off&#8221; _builder_version=&#8221;4.16&#8243; _module_preset=&#8221;default&#8221; global_colors_info=&#8221;{}&#8221;][\/et_pb_post_title][\/et_pb_column][\/et_pb_row][et_pb_row _builder_version=&#8221;4.16&#8243; background_size=&#8221;initial&#8221; background_position=&#8221;top_left&#8221; background_repeat=&#8221;repeat&#8221; global_colors_info=&#8221;{}&#8221;][et_pb_column type=&#8221;4_4&#8243; _builder_version=&#8221;4.16&#8243; custom_padding=&#8221;|||&#8221; global_colors_info=&#8221;{}&#8221; custom_padding__hover=&#8221;|||&#8221;][et_pb_text _builder_version=&#8221;4.16&#8243; background_size=&#8221;initial&#8221; background_position=&#8221;top_left&#8221; background_repeat=&#8221;repeat&#8221; custom_padding=&#8221;0px||0px|||&#8221; hover_enabled=&#8221;0&#8243; global_colors_info=&#8221;{}&#8221; sticky_enabled=&#8221;0&#8243;]<\/p>\n<p>Asiakaspalvelussa on t\u00e4rke\u00e4\u00e4 n\u00e4hd\u00e4 my\u00f6s projektinhallintan\u00e4k\u00f6kulma eik\u00e4 vain lopullisen tuotteen laatua. Asiakkaalle on yleens\u00e4 t\u00e4rke\u00e4\u00e4, ett\u00e4 prosessit sujuvat jouhevasti. Varsinkin kun ty\u00f6n tilaa ison yrityksen projektip\u00e4\u00e4llikk\u00f6, projektinhallinnan sujuvuus voi olla keskeinen osa asiakkaan mielikuvaa ty\u00f6si laadusta.<\/p>\n<p>Projektinhallinnasta voi tehd\u00e4 sujuvaa esimerkiksi<\/p>\n<ul>\n<li>kokoamalla kysymyksi\u00e4 yhteen ennen asiakkaalle l\u00e4hett\u00e4mist\u00e4 sen sijaan, ett\u00e4 kysyy tarkennuksia v\u00e4h\u00e4n v\u00e4li\u00e4 tai ett\u00e4 toimeksiantoa palautettaessa on avoinna suuri m\u00e4\u00e4r\u00e4 kysymyksi\u00e4, jotka voivat viel\u00e4 vaikuttaa sis\u00e4lt\u00f6\u00f6n<\/li>\n<li>muotoilemalla viestit siten, ett\u00e4 asiakkaan on helppo ja nopea p\u00e4\u00e4st\u00e4 k\u00e4rryille. Esimerkiksi jos haluaa lis\u00e4tietoa jostakin termist\u00e4, on asiakkaan n\u00e4k\u00f6kulmasta vaikeampi vastata kysymykseen \u201dMit\u00e4 tarkoitetaan termill\u00e4 X?\u201d kuin jos viestin muotoilee n\u00e4in: \u201dtekstiss\u00e4 mainitaan termi X, jonka ajattelen tarkoittavan Y. Onkohan tulkintani oikea? Esimerkiksi virke ZZZ\u201d.<\/li>\n<li>pit\u00e4m\u00e4ll\u00e4 projektin aineistot hyv\u00e4ss\u00e4 j\u00e4rjestyksess\u00e4, jottei tarvitse pyyt\u00e4\u00e4 niit\u00e4 useaan kertaan asiakkaalta<\/li>\n<li>kiinnitt\u00e4m\u00e4ll\u00e4 huomiota siihen, miten asiakkaan projektinhallinnasta saisi sujuvampaa \u2013 t\u00e4h\u00e4n voi vaikuttaa jo pienill\u00e4 teoilla, kuten tallentamalla jossakin tilanteessa useaan tiedostomuotoon, muotoilemalla jonkin kysymyksen niin, ett\u00e4 se on helppo v\u00e4litt\u00e4\u00e4 eteenp\u00e4in asiantuntijalle tai lis\u00e4\u00e4m\u00e4ll\u00e4 viestinvaihtoon kaikki tiedot, joiden avulla asiakkaan on helppo l\u00f6yt\u00e4\u00e4 kyseiseen projektiin liittyv\u00e4 aineisto omista tiedoistaan.<\/li>\n<\/ul>\n<p>Jos palveluntarjoaja ei ole ollenkaan tilanteen tasalla, se voi asiakkaan silmiin n\u00e4ytt\u00e4\u00e4 huolimattomalta ja v\u00e4linpit\u00e4m\u00e4tt\u00f6m\u00e4lt\u00e4. Hyv\u00e4n projektinhallinnan osa onkin riskienhallinta. Kun kokonaiskuvasi ty\u00f6prosesseistasi on hyv\u00e4, pystyy tehokkaasti tunnistamaan my\u00f6s heikot kohdat ja puuttumaan niihin.<\/p>\n<p>Asiakkaan asemaan asettumista helpottaa, kun n\u00e4kee itsens\u00e4 osana toimitusketjua ja asiakkaan projektinhallintaa. Esimerkiksi jos asiakas haluaa saada jonkin tiedotteen julkaistua kiireisesti, voi k\u00e4\u00e4nt\u00e4misen kannalta olla keskeist\u00e4 viilata teksti niin sujuvaksi ja tarkaksi kuin vain mahdollista, mutta asiakkaan kannalta voikin olla t\u00e4rkeint\u00e4 saada tiedote mahdollisimman nopeasti sis\u00e4iselle kommenttikierrokselle. Lis\u00e4\u00e4 vinkkej\u00e4 asiakaskeskeisyyteen on luvun 3 alaluvussa <a href=\"https:\/\/xn--kntjmestari-l8aacb.fi\/km\/etusivu\/luku-3-brandi-ja-maine\/asiakasnakokulman-ymmartaminen\/\">Asiakasn\u00e4k\u00f6kulman ymm\u00e4rt\u00e4minen<\/a>.<\/p>\n<ol><\/ol>\n<p>[\/et_pb_text][\/et_pb_column][\/et_pb_row][\/et_pb_section]<\/p>\n","protected":false},"excerpt":{"rendered":"<p>Asiakaspalvelussa on t\u00e4rke\u00e4\u00e4 n\u00e4hd\u00e4 my\u00f6s projektinhallintan\u00e4k\u00f6kulma eik\u00e4 vain lopullisen tuotteen laatua. Asiakkaalle on yleens\u00e4 t\u00e4rke\u00e4\u00e4, ett\u00e4 prosessit sujuvat jouhevasti. Varsinkin kun ty\u00f6n tilaa ison yrityksen projektip\u00e4\u00e4llikk\u00f6, projektinhallinnan sujuvuus voi olla keskeinen osa asiakkaan mielikuvaa ty\u00f6si laadusta. Projektinhallinnasta voi tehd\u00e4 sujuvaa esimerkiksi kokoamalla kysymyksi\u00e4 yhteen ennen asiakkaalle l\u00e4hett\u00e4mist\u00e4 sen sijaan, ett\u00e4 kysyy tarkennuksia v\u00e4h\u00e4n v\u00e4li\u00e4 tai [&hellip;]<\/p>\n","protected":false},"author":3,"featured_media":0,"parent":597,"menu_order":5,"comment_status":"closed","ping_status":"closed","template":"","meta":{"_et_pb_use_builder":"on","_et_pb_old_content":"","_et_gb_content_width":"","footnotes":""},"class_list":["post-623","page","type-page","status-publish","hentry"],"yoast_head":"<!-- This site is optimized with the Yoast SEO plugin v27.4 - https:\/\/yoast.com\/product\/yoast-seo-wordpress\/ -->\n<title>Asiakasn\u00e4k\u00f6kulma projektinhallinnassa - K\u00e4\u00e4nt\u00e4j\u00e4mestarin kirja<\/title>\n<meta name=\"robots\" content=\"index, follow, max-snippet:-1, max-image-preview:large, max-video-preview:-1\" \/>\n<link rel=\"canonical\" href=\"https:\/\/xn--kntjmestari-l8aacb.fi\/km\/etusivu\/luku-10-omien-tyoprojektien-hallinta\/asiakasnakokulma-projektinhallinnassa\/\" \/>\n<meta property=\"og:locale\" content=\"fi_FI\" \/>\n<meta property=\"og:type\" content=\"article\" \/>\n<meta property=\"og:title\" content=\"Asiakasn\u00e4k\u00f6kulma projektinhallinnassa - K\u00e4\u00e4nt\u00e4j\u00e4mestarin kirja\" \/>\n<meta property=\"og:description\" content=\"Asiakaspalvelussa on t\u00e4rke\u00e4\u00e4 n\u00e4hd\u00e4 my\u00f6s projektinhallintan\u00e4k\u00f6kulma eik\u00e4 vain lopullisen tuotteen laatua. Asiakkaalle on yleens\u00e4 t\u00e4rke\u00e4\u00e4, ett\u00e4 prosessit sujuvat jouhevasti. Varsinkin kun ty\u00f6n tilaa ison yrityksen projektip\u00e4\u00e4llikk\u00f6, projektinhallinnan sujuvuus voi olla keskeinen osa asiakkaan mielikuvaa ty\u00f6si laadusta. Projektinhallinnasta voi tehd\u00e4 sujuvaa esimerkiksi kokoamalla kysymyksi\u00e4 yhteen ennen asiakkaalle l\u00e4hett\u00e4mist\u00e4 sen sijaan, ett\u00e4 kysyy tarkennuksia v\u00e4h\u00e4n v\u00e4li\u00e4 tai [&hellip;]\" \/>\n<meta property=\"og:url\" content=\"https:\/\/xn--kntjmestari-l8aacb.fi\/km\/etusivu\/luku-10-omien-tyoprojektien-hallinta\/asiakasnakokulma-projektinhallinnassa\/\" \/>\n<meta property=\"og:site_name\" content=\"K\u00e4\u00e4nt\u00e4j\u00e4mestarin kirja\" \/>\n<meta property=\"article:modified_time\" content=\"2022-09-19T11:58:39+00:00\" \/>\n<meta name=\"twitter:card\" content=\"summary_large_image\" \/>\n<meta name=\"twitter:label1\" content=\"Arvioitu lukuaika\" \/>\n\t<meta name=\"twitter:data1\" content=\"2 minuuttia\" \/>\n<script type=\"application\/ld+json\" class=\"yoast-schema-graph\">{\"@context\":\"https:\\\/\\\/schema.org\",\"@graph\":[{\"@type\":\"WebPage\",\"@id\":\"https:\\\/\\\/xn--kntjmestari-l8aacb.fi\\\/km\\\/etusivu\\\/luku-10-omien-tyoprojektien-hallinta\\\/asiakasnakokulma-projektinhallinnassa\\\/\",\"url\":\"https:\\\/\\\/xn--kntjmestari-l8aacb.fi\\\/km\\\/etusivu\\\/luku-10-omien-tyoprojektien-hallinta\\\/asiakasnakokulma-projektinhallinnassa\\\/\",\"name\":\"Asiakasn\u00e4k\u00f6kulma projektinhallinnassa - K\u00e4\u00e4nt\u00e4j\u00e4mestarin kirja\",\"isPartOf\":{\"@id\":\"https:\\\/\\\/xn--kntjmestari-l8aacb.fi\\\/km\\\/#website\"},\"datePublished\":\"2022-06-02T10:14:13+00:00\",\"dateModified\":\"2022-09-19T11:58:39+00:00\",\"breadcrumb\":{\"@id\":\"https:\\\/\\\/xn--kntjmestari-l8aacb.fi\\\/km\\\/etusivu\\\/luku-10-omien-tyoprojektien-hallinta\\\/asiakasnakokulma-projektinhallinnassa\\\/#breadcrumb\"},\"inLanguage\":\"fi\",\"potentialAction\":[{\"@type\":\"ReadAction\",\"target\":[\"https:\\\/\\\/xn--kntjmestari-l8aacb.fi\\\/km\\\/etusivu\\\/luku-10-omien-tyoprojektien-hallinta\\\/asiakasnakokulma-projektinhallinnassa\\\/\"]}]},{\"@type\":\"BreadcrumbList\",\"@id\":\"https:\\\/\\\/xn--kntjmestari-l8aacb.fi\\\/km\\\/etusivu\\\/luku-10-omien-tyoprojektien-hallinta\\\/asiakasnakokulma-projektinhallinnassa\\\/#breadcrumb\",\"itemListElement\":[{\"@type\":\"ListItem\",\"position\":1,\"name\":\"Etusivu\",\"item\":\"https:\\\/\\\/xn--kntjmestari-l8aacb.fi\\\/km\\\/\"},{\"@type\":\"ListItem\",\"position\":2,\"name\":\"K\u00e4\u00e4nt\u00e4j\u00e4mestarin kirja\",\"item\":\"https:\\\/\\\/xn--kntjmestari-l8aacb.fi\\\/km\\\/\"},{\"@type\":\"ListItem\",\"position\":3,\"name\":\"Luku 10 \u2013 Omien ty\u00f6projektien hallinta\",\"item\":\"https:\\\/\\\/xn--kntjmestari-l8aacb.fi\\\/km\\\/etusivu\\\/luku-10-omien-tyoprojektien-hallinta\\\/\"},{\"@type\":\"ListItem\",\"position\":4,\"name\":\"Asiakasn\u00e4k\u00f6kulma projektinhallinnassa\"}]},{\"@type\":\"WebSite\",\"@id\":\"https:\\\/\\\/xn--kntjmestari-l8aacb.fi\\\/km\\\/#website\",\"url\":\"https:\\\/\\\/xn--kntjmestari-l8aacb.fi\\\/km\\\/\",\"name\":\"K\u00e4\u00e4nt\u00e4j\u00e4mestarin kirja\",\"description\":\"k\u00e4yt\u00e4nn\u00f6n opas aloitteleville k\u00e4\u00e4nt\u00e4jille ja tulkeille\",\"publisher\":{\"@id\":\"https:\\\/\\\/xn--kntjmestari-l8aacb.fi\\\/km\\\/#organization\"},\"potentialAction\":[{\"@type\":\"SearchAction\",\"target\":{\"@type\":\"EntryPoint\",\"urlTemplate\":\"https:\\\/\\\/xn--kntjmestari-l8aacb.fi\\\/km\\\/?s={search_term_string}\"},\"query-input\":{\"@type\":\"PropertyValueSpecification\",\"valueRequired\":true,\"valueName\":\"search_term_string\"}}],\"inLanguage\":\"fi\"},{\"@type\":\"Organization\",\"@id\":\"https:\\\/\\\/xn--kntjmestari-l8aacb.fi\\\/km\\\/#organization\",\"name\":\"K\u00e4\u00e4nt\u00e4j\u00e4mestarit\",\"url\":\"https:\\\/\\\/xn--kntjmestari-l8aacb.fi\\\/km\\\/\",\"logo\":{\"@type\":\"ImageObject\",\"inLanguage\":\"fi\",\"@id\":\"https:\\\/\\\/xn--kntjmestari-l8aacb.fi\\\/km\\\/#\\\/schema\\\/logo\\\/image\\\/\",\"url\":\"https:\\\/\\\/xn--kntjmestari-l8aacb.fi\\\/km\\\/wp-content\\\/uploads\\\/2021\\\/12\\\/logo.jpg\",\"contentUrl\":\"https:\\\/\\\/xn--kntjmestari-l8aacb.fi\\\/km\\\/wp-content\\\/uploads\\\/2021\\\/12\\\/logo.jpg\",\"width\":509,\"height\":530,\"caption\":\"K\u00e4\u00e4nt\u00e4j\u00e4mestarit\"},\"image\":{\"@id\":\"https:\\\/\\\/xn--kntjmestari-l8aacb.fi\\\/km\\\/#\\\/schema\\\/logo\\\/image\\\/\"}}]}<\/script>\n<!-- \/ Yoast SEO plugin. -->","yoast_head_json":{"title":"Asiakasn\u00e4k\u00f6kulma projektinhallinnassa - K\u00e4\u00e4nt\u00e4j\u00e4mestarin kirja","robots":{"index":"index","follow":"follow","max-snippet":"max-snippet:-1","max-image-preview":"max-image-preview:large","max-video-preview":"max-video-preview:-1"},"canonical":"https:\/\/xn--kntjmestari-l8aacb.fi\/km\/etusivu\/luku-10-omien-tyoprojektien-hallinta\/asiakasnakokulma-projektinhallinnassa\/","og_locale":"fi_FI","og_type":"article","og_title":"Asiakasn\u00e4k\u00f6kulma projektinhallinnassa - K\u00e4\u00e4nt\u00e4j\u00e4mestarin kirja","og_description":"Asiakaspalvelussa on t\u00e4rke\u00e4\u00e4 n\u00e4hd\u00e4 my\u00f6s projektinhallintan\u00e4k\u00f6kulma eik\u00e4 vain lopullisen tuotteen laatua. Asiakkaalle on yleens\u00e4 t\u00e4rke\u00e4\u00e4, ett\u00e4 prosessit sujuvat jouhevasti. Varsinkin kun ty\u00f6n tilaa ison yrityksen projektip\u00e4\u00e4llikk\u00f6, projektinhallinnan sujuvuus voi olla keskeinen osa asiakkaan mielikuvaa ty\u00f6si laadusta. Projektinhallinnasta voi tehd\u00e4 sujuvaa esimerkiksi kokoamalla kysymyksi\u00e4 yhteen ennen asiakkaalle l\u00e4hett\u00e4mist\u00e4 sen sijaan, ett\u00e4 kysyy tarkennuksia v\u00e4h\u00e4n v\u00e4li\u00e4 tai [&hellip;]","og_url":"https:\/\/xn--kntjmestari-l8aacb.fi\/km\/etusivu\/luku-10-omien-tyoprojektien-hallinta\/asiakasnakokulma-projektinhallinnassa\/","og_site_name":"K\u00e4\u00e4nt\u00e4j\u00e4mestarin kirja","article_modified_time":"2022-09-19T11:58:39+00:00","twitter_card":"summary_large_image","twitter_misc":{"Arvioitu lukuaika":"2 minuuttia"},"schema":{"@context":"https:\/\/schema.org","@graph":[{"@type":"WebPage","@id":"https:\/\/xn--kntjmestari-l8aacb.fi\/km\/etusivu\/luku-10-omien-tyoprojektien-hallinta\/asiakasnakokulma-projektinhallinnassa\/","url":"https:\/\/xn--kntjmestari-l8aacb.fi\/km\/etusivu\/luku-10-omien-tyoprojektien-hallinta\/asiakasnakokulma-projektinhallinnassa\/","name":"Asiakasn\u00e4k\u00f6kulma projektinhallinnassa - K\u00e4\u00e4nt\u00e4j\u00e4mestarin kirja","isPartOf":{"@id":"https:\/\/xn--kntjmestari-l8aacb.fi\/km\/#website"},"datePublished":"2022-06-02T10:14:13+00:00","dateModified":"2022-09-19T11:58:39+00:00","breadcrumb":{"@id":"https:\/\/xn--kntjmestari-l8aacb.fi\/km\/etusivu\/luku-10-omien-tyoprojektien-hallinta\/asiakasnakokulma-projektinhallinnassa\/#breadcrumb"},"inLanguage":"fi","potentialAction":[{"@type":"ReadAction","target":["https:\/\/xn--kntjmestari-l8aacb.fi\/km\/etusivu\/luku-10-omien-tyoprojektien-hallinta\/asiakasnakokulma-projektinhallinnassa\/"]}]},{"@type":"BreadcrumbList","@id":"https:\/\/xn--kntjmestari-l8aacb.fi\/km\/etusivu\/luku-10-omien-tyoprojektien-hallinta\/asiakasnakokulma-projektinhallinnassa\/#breadcrumb","itemListElement":[{"@type":"ListItem","position":1,"name":"Etusivu","item":"https:\/\/xn--kntjmestari-l8aacb.fi\/km\/"},{"@type":"ListItem","position":2,"name":"K\u00e4\u00e4nt\u00e4j\u00e4mestarin kirja","item":"https:\/\/xn--kntjmestari-l8aacb.fi\/km\/"},{"@type":"ListItem","position":3,"name":"Luku 10 \u2013 Omien ty\u00f6projektien hallinta","item":"https:\/\/xn--kntjmestari-l8aacb.fi\/km\/etusivu\/luku-10-omien-tyoprojektien-hallinta\/"},{"@type":"ListItem","position":4,"name":"Asiakasn\u00e4k\u00f6kulma projektinhallinnassa"}]},{"@type":"WebSite","@id":"https:\/\/xn--kntjmestari-l8aacb.fi\/km\/#website","url":"https:\/\/xn--kntjmestari-l8aacb.fi\/km\/","name":"K\u00e4\u00e4nt\u00e4j\u00e4mestarin kirja","description":"k\u00e4yt\u00e4nn\u00f6n opas aloitteleville k\u00e4\u00e4nt\u00e4jille ja tulkeille","publisher":{"@id":"https:\/\/xn--kntjmestari-l8aacb.fi\/km\/#organization"},"potentialAction":[{"@type":"SearchAction","target":{"@type":"EntryPoint","urlTemplate":"https:\/\/xn--kntjmestari-l8aacb.fi\/km\/?s={search_term_string}"},"query-input":{"@type":"PropertyValueSpecification","valueRequired":true,"valueName":"search_term_string"}}],"inLanguage":"fi"},{"@type":"Organization","@id":"https:\/\/xn--kntjmestari-l8aacb.fi\/km\/#organization","name":"K\u00e4\u00e4nt\u00e4j\u00e4mestarit","url":"https:\/\/xn--kntjmestari-l8aacb.fi\/km\/","logo":{"@type":"ImageObject","inLanguage":"fi","@id":"https:\/\/xn--kntjmestari-l8aacb.fi\/km\/#\/schema\/logo\/image\/","url":"https:\/\/xn--kntjmestari-l8aacb.fi\/km\/wp-content\/uploads\/2021\/12\/logo.jpg","contentUrl":"https:\/\/xn--kntjmestari-l8aacb.fi\/km\/wp-content\/uploads\/2021\/12\/logo.jpg","width":509,"height":530,"caption":"K\u00e4\u00e4nt\u00e4j\u00e4mestarit"},"image":{"@id":"https:\/\/xn--kntjmestari-l8aacb.fi\/km\/#\/schema\/logo\/image\/"}}]}},"_links":{"self":[{"href":"https:\/\/xn--kntjmestari-l8aacb.fi\/km\/wp-json\/wp\/v2\/pages\/623","targetHints":{"allow":["GET"]}}],"collection":[{"href":"https:\/\/xn--kntjmestari-l8aacb.fi\/km\/wp-json\/wp\/v2\/pages"}],"about":[{"href":"https:\/\/xn--kntjmestari-l8aacb.fi\/km\/wp-json\/wp\/v2\/types\/page"}],"author":[{"embeddable":true,"href":"https:\/\/xn--kntjmestari-l8aacb.fi\/km\/wp-json\/wp\/v2\/users\/3"}],"replies":[{"embeddable":true,"href":"https:\/\/xn--kntjmestari-l8aacb.fi\/km\/wp-json\/wp\/v2\/comments?post=623"}],"version-history":[{"count":5,"href":"https:\/\/xn--kntjmestari-l8aacb.fi\/km\/wp-json\/wp\/v2\/pages\/623\/revisions"}],"predecessor-version":[{"id":851,"href":"https:\/\/xn--kntjmestari-l8aacb.fi\/km\/wp-json\/wp\/v2\/pages\/623\/revisions\/851"}],"up":[{"embeddable":true,"href":"https:\/\/xn--kntjmestari-l8aacb.fi\/km\/wp-json\/wp\/v2\/pages\/597"}],"wp:attachment":[{"href":"https:\/\/xn--kntjmestari-l8aacb.fi\/km\/wp-json\/wp\/v2\/media?parent=623"}],"curies":[{"name":"wp","href":"https:\/\/api.w.org\/{rel}","templated":true}]}}