{"id":65,"date":"2021-12-13T11:38:57","date_gmt":"2021-12-13T11:38:57","guid":{"rendered":"https:\/\/xn--kntjmestari-l8aacb.fi\/km\/?page_id=65"},"modified":"2021-12-13T11:38:57","modified_gmt":"2021-12-13T11:38:57","slug":"mietitty-prosessi","status":"publish","type":"page","link":"https:\/\/xn--kntjmestari-l8aacb.fi\/km\/etusivu\/luku-2-ammattimainen-toiminta\/mietitty-prosessi\/","title":{"rendered":"Mietitty prosessi"},"content":{"rendered":"<p>[et_pb_section fb_built=&#8221;1&#8243; _builder_version=&#8221;3.22&#8243; global_colors_info=&#8221;{}&#8221; theme_builder_area=&#8221;post_content&#8221;][et_pb_row _builder_version=&#8221;4.14.2&#8243; _module_preset=&#8221;default&#8221; global_colors_info=&#8221;{}&#8221; theme_builder_area=&#8221;post_content&#8221;][et_pb_column type=&#8221;4_4&#8243; _builder_version=&#8221;4.14.2&#8243; _module_preset=&#8221;default&#8221; global_colors_info=&#8221;{}&#8221; theme_builder_area=&#8221;post_content&#8221;][et_pb_post_title meta=&#8221;off&#8221; featured_image=&#8221;off&#8221; _builder_version=&#8221;4.14.2&#8243; _module_preset=&#8221;default&#8221; global_colors_info=&#8221;{}&#8221; theme_builder_area=&#8221;post_content&#8221;][\/et_pb_post_title][\/et_pb_column][\/et_pb_row][et_pb_row column_structure=&#8221;1_2,1_2&#8243; _builder_version=&#8221;3.25&#8243; background_size=&#8221;initial&#8221; background_position=&#8221;top_left&#8221; background_repeat=&#8221;repeat&#8221; global_colors_info=&#8221;{}&#8221; theme_builder_area=&#8221;post_content&#8221;][et_pb_column type=&#8221;1_2&#8243; _builder_version=&#8221;3.25&#8243; custom_padding=&#8221;|||&#8221; global_colors_info=&#8221;{}&#8221; custom_padding__hover=&#8221;|||&#8221; theme_builder_area=&#8221;post_content&#8221;][et_pb_text _builder_version=&#8221;4.14.2&#8243; background_size=&#8221;initial&#8221; background_position=&#8221;top_left&#8221; background_repeat=&#8221;repeat&#8221; custom_padding=&#8221;||0px|||&#8221; hover_enabled=&#8221;0&#8243; global_colors_info=&#8221;{}&#8221; theme_builder_area=&#8221;post_content&#8221; sticky_enabled=&#8221;0&#8243;]<\/p>\n<div id=\"page-zones__main-widgets__content1\" data-name=\"content\" class=\"content widget js-widget\" data-uniqueid=\"OloHtMAomHwAijU\" data-parentuniqueid=\"69O0NdSLr5jBL3F\">\n<div class=\"bk-content-text js-text-content   wysihtml-editor-content\">\n<p>Kielipalveluyritt\u00e4j\u00e4n toiminta muodostuu selke\u00e4sti mietityist\u00e4 ty\u00f6vaiheista. Yritt\u00e4j\u00e4ll\u00e4 on toiminnalleen hahmoteltu prosessi, joka tuottaa asiakkaan tarvitseman lopputuloksen. Toiminta on siis konseptoitu miettim\u00e4ll\u00e4 mit\u00e4 ty\u00f6vaiheita prosessiin kuuluu ja miten ne suoritetaan mahdollisimman tehokkaasti.<\/p>\n<p>Prosessin vaiheiden pohdinta on t\u00e4rke\u00e4\u00e4 ajank\u00e4yt\u00f6n hahmottamisen kannalta. Ajank\u00e4ytt\u00f6 taas on laskutusperuste \u2013 vaikka laskutusyksikk\u00f6 olisikin sana tai rivi, k\u00e4yt\u00e4nn\u00f6ss\u00e4 laskutetaan ty\u00f6h\u00f6n kuluvasta ajasta. K\u00e4\u00e4nt\u00e4misen kaltaisen asiantuntijapalvelun tuottamisessa ajank\u00e4yt\u00f6n hallinta on t\u00e4rke\u00e4\u00e4, koska yhdelle asiakkaalle myyty\u00e4 tuntia ei voi myyd\u00e4 toiseen kertaan toiselle asiakkaalle.<\/p>\n<p>Prosessin eri vaiheiden kesto vaikuttaa siihen, miten kannattavaa toiminta on eli mit\u00e4 siit\u00e4 j\u00e4\u00e4 k\u00e4teen. T\u00e4ss\u00e4 on avainasemassa oman k\u00e4\u00e4nt\u00e4j\u00e4kompetenssinsa tunteminen. Mit\u00e4 tutumpi tekstilaji tai aihepiiri, sit\u00e4 nopeammin ty\u00f6 sujuu ja sit\u00e4 kannattavampaa se on.<\/p>\n<\/div>\n<\/div>\n<p>[\/et_pb_text][\/et_pb_column][et_pb_column type=&#8221;1_2&#8243; _builder_version=&#8221;3.25&#8243; custom_padding=&#8221;|||&#8221; global_colors_info=&#8221;{}&#8221; custom_padding__hover=&#8221;|||&#8221; theme_builder_area=&#8221;post_content&#8221;][et_pb_image src=&#8221;https:\/\/xn--kntjmestari-l8aacb.fi\/km\/wp-content\/uploads\/2021\/12\/kaantaja_i_luku1_luku4.jpg&#8221; title_text=&#8221;kaantaja_i_luku1_luku4&#8243; _builder_version=&#8221;4.14.2&#8243; _module_preset=&#8221;default&#8221; hover_enabled=&#8221;0&#8243; global_colors_info=&#8221;{}&#8221; theme_builder_area=&#8221;post_content&#8221; sticky_enabled=&#8221;0&#8243;][\/et_pb_image][\/et_pb_column][\/et_pb_row][\/et_pb_section]<\/p>\n","protected":false},"excerpt":{"rendered":"<p>Kielipalveluyritt\u00e4j\u00e4n toiminta muodostuu selke\u00e4sti mietityist\u00e4 ty\u00f6vaiheista. Yritt\u00e4j\u00e4ll\u00e4 on toiminnalleen hahmoteltu prosessi, joka tuottaa asiakkaan tarvitseman lopputuloksen. Toiminta on siis konseptoitu miettim\u00e4ll\u00e4 mit\u00e4 ty\u00f6vaiheita prosessiin kuuluu ja miten ne suoritetaan mahdollisimman tehokkaasti. Prosessin vaiheiden pohdinta on t\u00e4rke\u00e4\u00e4 ajank\u00e4yt\u00f6n hahmottamisen kannalta. Ajank\u00e4ytt\u00f6 taas on laskutusperuste \u2013 vaikka laskutusyksikk\u00f6 olisikin sana tai rivi, k\u00e4yt\u00e4nn\u00f6ss\u00e4 laskutetaan ty\u00f6h\u00f6n kuluvasta ajasta. [&hellip;]<\/p>\n","protected":false},"author":1,"featured_media":0,"parent":50,"menu_order":0,"comment_status":"closed","ping_status":"closed","template":"","meta":{"_et_pb_use_builder":"on","_et_pb_old_content":"","_et_gb_content_width":"","footnotes":""},"class_list":["post-65","page","type-page","status-publish","hentry"],"yoast_head":"<!-- This site is optimized with the Yoast SEO plugin v27.4 - https:\/\/yoast.com\/product\/yoast-seo-wordpress\/ -->\n<title>Mietitty prosessi - K\u00e4\u00e4nt\u00e4j\u00e4mestarin kirja<\/title>\n<meta name=\"robots\" content=\"index, follow, max-snippet:-1, max-image-preview:large, max-video-preview:-1\" \/>\n<link rel=\"canonical\" href=\"https:\/\/xn--kntjmestari-l8aacb.fi\/km\/etusivu\/luku-2-ammattimainen-toiminta\/mietitty-prosessi\/\" \/>\n<meta property=\"og:locale\" content=\"fi_FI\" \/>\n<meta property=\"og:type\" content=\"article\" \/>\n<meta property=\"og:title\" content=\"Mietitty prosessi - K\u00e4\u00e4nt\u00e4j\u00e4mestarin kirja\" \/>\n<meta property=\"og:description\" content=\"Kielipalveluyritt\u00e4j\u00e4n toiminta muodostuu selke\u00e4sti mietityist\u00e4 ty\u00f6vaiheista. Yritt\u00e4j\u00e4ll\u00e4 on toiminnalleen hahmoteltu prosessi, joka tuottaa asiakkaan tarvitseman lopputuloksen. Toiminta on siis konseptoitu miettim\u00e4ll\u00e4 mit\u00e4 ty\u00f6vaiheita prosessiin kuuluu ja miten ne suoritetaan mahdollisimman tehokkaasti. Prosessin vaiheiden pohdinta on t\u00e4rke\u00e4\u00e4 ajank\u00e4yt\u00f6n hahmottamisen kannalta. Ajank\u00e4ytt\u00f6 taas on laskutusperuste \u2013 vaikka laskutusyksikk\u00f6 olisikin sana tai rivi, k\u00e4yt\u00e4nn\u00f6ss\u00e4 laskutetaan ty\u00f6h\u00f6n kuluvasta ajasta. [&hellip;]\" \/>\n<meta property=\"og:url\" content=\"https:\/\/xn--kntjmestari-l8aacb.fi\/km\/etusivu\/luku-2-ammattimainen-toiminta\/mietitty-prosessi\/\" \/>\n<meta property=\"og:site_name\" content=\"K\u00e4\u00e4nt\u00e4j\u00e4mestarin kirja\" \/>\n<meta name=\"twitter:card\" content=\"summary_large_image\" \/>\n<meta name=\"twitter:label1\" content=\"Arvioitu lukuaika\" \/>\n\t<meta name=\"twitter:data1\" content=\"2 minuuttia\" \/>\n<script type=\"application\/ld+json\" class=\"yoast-schema-graph\">{\"@context\":\"https:\\\/\\\/schema.org\",\"@graph\":[{\"@type\":\"WebPage\",\"@id\":\"https:\\\/\\\/xn--kntjmestari-l8aacb.fi\\\/km\\\/etusivu\\\/luku-2-ammattimainen-toiminta\\\/mietitty-prosessi\\\/\",\"url\":\"https:\\\/\\\/xn--kntjmestari-l8aacb.fi\\\/km\\\/etusivu\\\/luku-2-ammattimainen-toiminta\\\/mietitty-prosessi\\\/\",\"name\":\"Mietitty prosessi - K\u00e4\u00e4nt\u00e4j\u00e4mestarin kirja\",\"isPartOf\":{\"@id\":\"https:\\\/\\\/xn--kntjmestari-l8aacb.fi\\\/km\\\/#website\"},\"datePublished\":\"2021-12-13T11:38:57+00:00\",\"breadcrumb\":{\"@id\":\"https:\\\/\\\/xn--kntjmestari-l8aacb.fi\\\/km\\\/etusivu\\\/luku-2-ammattimainen-toiminta\\\/mietitty-prosessi\\\/#breadcrumb\"},\"inLanguage\":\"fi\",\"potentialAction\":[{\"@type\":\"ReadAction\",\"target\":[\"https:\\\/\\\/xn--kntjmestari-l8aacb.fi\\\/km\\\/etusivu\\\/luku-2-ammattimainen-toiminta\\\/mietitty-prosessi\\\/\"]}]},{\"@type\":\"BreadcrumbList\",\"@id\":\"https:\\\/\\\/xn--kntjmestari-l8aacb.fi\\\/km\\\/etusivu\\\/luku-2-ammattimainen-toiminta\\\/mietitty-prosessi\\\/#breadcrumb\",\"itemListElement\":[{\"@type\":\"ListItem\",\"position\":1,\"name\":\"Etusivu\",\"item\":\"https:\\\/\\\/xn--kntjmestari-l8aacb.fi\\\/km\\\/\"},{\"@type\":\"ListItem\",\"position\":2,\"name\":\"K\u00e4\u00e4nt\u00e4j\u00e4mestarin kirja\",\"item\":\"https:\\\/\\\/xn--kntjmestari-l8aacb.fi\\\/km\\\/\"},{\"@type\":\"ListItem\",\"position\":3,\"name\":\"Luku 2 &#8211; ammattimainen toiminta\",\"item\":\"https:\\\/\\\/xn--kntjmestari-l8aacb.fi\\\/km\\\/etusivu\\\/luku-2-ammattimainen-toiminta\\\/\"},{\"@type\":\"ListItem\",\"position\":4,\"name\":\"Mietitty prosessi\"}]},{\"@type\":\"WebSite\",\"@id\":\"https:\\\/\\\/xn--kntjmestari-l8aacb.fi\\\/km\\\/#website\",\"url\":\"https:\\\/\\\/xn--kntjmestari-l8aacb.fi\\\/km\\\/\",\"name\":\"K\u00e4\u00e4nt\u00e4j\u00e4mestarin kirja\",\"description\":\"k\u00e4yt\u00e4nn\u00f6n opas aloitteleville k\u00e4\u00e4nt\u00e4jille ja tulkeille\",\"publisher\":{\"@id\":\"https:\\\/\\\/xn--kntjmestari-l8aacb.fi\\\/km\\\/#organization\"},\"potentialAction\":[{\"@type\":\"SearchAction\",\"target\":{\"@type\":\"EntryPoint\",\"urlTemplate\":\"https:\\\/\\\/xn--kntjmestari-l8aacb.fi\\\/km\\\/?s={search_term_string}\"},\"query-input\":{\"@type\":\"PropertyValueSpecification\",\"valueRequired\":true,\"valueName\":\"search_term_string\"}}],\"inLanguage\":\"fi\"},{\"@type\":\"Organization\",\"@id\":\"https:\\\/\\\/xn--kntjmestari-l8aacb.fi\\\/km\\\/#organization\",\"name\":\"K\u00e4\u00e4nt\u00e4j\u00e4mestarit\",\"url\":\"https:\\\/\\\/xn--kntjmestari-l8aacb.fi\\\/km\\\/\",\"logo\":{\"@type\":\"ImageObject\",\"inLanguage\":\"fi\",\"@id\":\"https:\\\/\\\/xn--kntjmestari-l8aacb.fi\\\/km\\\/#\\\/schema\\\/logo\\\/image\\\/\",\"url\":\"https:\\\/\\\/xn--kntjmestari-l8aacb.fi\\\/km\\\/wp-content\\\/uploads\\\/2021\\\/12\\\/logo.jpg\",\"contentUrl\":\"https:\\\/\\\/xn--kntjmestari-l8aacb.fi\\\/km\\\/wp-content\\\/uploads\\\/2021\\\/12\\\/logo.jpg\",\"width\":509,\"height\":530,\"caption\":\"K\u00e4\u00e4nt\u00e4j\u00e4mestarit\"},\"image\":{\"@id\":\"https:\\\/\\\/xn--kntjmestari-l8aacb.fi\\\/km\\\/#\\\/schema\\\/logo\\\/image\\\/\"}}]}<\/script>\n<!-- \/ Yoast SEO plugin. -->","yoast_head_json":{"title":"Mietitty prosessi - K\u00e4\u00e4nt\u00e4j\u00e4mestarin kirja","robots":{"index":"index","follow":"follow","max-snippet":"max-snippet:-1","max-image-preview":"max-image-preview:large","max-video-preview":"max-video-preview:-1"},"canonical":"https:\/\/xn--kntjmestari-l8aacb.fi\/km\/etusivu\/luku-2-ammattimainen-toiminta\/mietitty-prosessi\/","og_locale":"fi_FI","og_type":"article","og_title":"Mietitty prosessi - K\u00e4\u00e4nt\u00e4j\u00e4mestarin kirja","og_description":"Kielipalveluyritt\u00e4j\u00e4n toiminta muodostuu selke\u00e4sti mietityist\u00e4 ty\u00f6vaiheista. Yritt\u00e4j\u00e4ll\u00e4 on toiminnalleen hahmoteltu prosessi, joka tuottaa asiakkaan tarvitseman lopputuloksen. Toiminta on siis konseptoitu miettim\u00e4ll\u00e4 mit\u00e4 ty\u00f6vaiheita prosessiin kuuluu ja miten ne suoritetaan mahdollisimman tehokkaasti. Prosessin vaiheiden pohdinta on t\u00e4rke\u00e4\u00e4 ajank\u00e4yt\u00f6n hahmottamisen kannalta. Ajank\u00e4ytt\u00f6 taas on laskutusperuste \u2013 vaikka laskutusyksikk\u00f6 olisikin sana tai rivi, k\u00e4yt\u00e4nn\u00f6ss\u00e4 laskutetaan ty\u00f6h\u00f6n kuluvasta ajasta. [&hellip;]","og_url":"https:\/\/xn--kntjmestari-l8aacb.fi\/km\/etusivu\/luku-2-ammattimainen-toiminta\/mietitty-prosessi\/","og_site_name":"K\u00e4\u00e4nt\u00e4j\u00e4mestarin kirja","twitter_card":"summary_large_image","twitter_misc":{"Arvioitu lukuaika":"2 minuuttia"},"schema":{"@context":"https:\/\/schema.org","@graph":[{"@type":"WebPage","@id":"https:\/\/xn--kntjmestari-l8aacb.fi\/km\/etusivu\/luku-2-ammattimainen-toiminta\/mietitty-prosessi\/","url":"https:\/\/xn--kntjmestari-l8aacb.fi\/km\/etusivu\/luku-2-ammattimainen-toiminta\/mietitty-prosessi\/","name":"Mietitty prosessi - K\u00e4\u00e4nt\u00e4j\u00e4mestarin kirja","isPartOf":{"@id":"https:\/\/xn--kntjmestari-l8aacb.fi\/km\/#website"},"datePublished":"2021-12-13T11:38:57+00:00","breadcrumb":{"@id":"https:\/\/xn--kntjmestari-l8aacb.fi\/km\/etusivu\/luku-2-ammattimainen-toiminta\/mietitty-prosessi\/#breadcrumb"},"inLanguage":"fi","potentialAction":[{"@type":"ReadAction","target":["https:\/\/xn--kntjmestari-l8aacb.fi\/km\/etusivu\/luku-2-ammattimainen-toiminta\/mietitty-prosessi\/"]}]},{"@type":"BreadcrumbList","@id":"https:\/\/xn--kntjmestari-l8aacb.fi\/km\/etusivu\/luku-2-ammattimainen-toiminta\/mietitty-prosessi\/#breadcrumb","itemListElement":[{"@type":"ListItem","position":1,"name":"Etusivu","item":"https:\/\/xn--kntjmestari-l8aacb.fi\/km\/"},{"@type":"ListItem","position":2,"name":"K\u00e4\u00e4nt\u00e4j\u00e4mestarin kirja","item":"https:\/\/xn--kntjmestari-l8aacb.fi\/km\/"},{"@type":"ListItem","position":3,"name":"Luku 2 &#8211; ammattimainen toiminta","item":"https:\/\/xn--kntjmestari-l8aacb.fi\/km\/etusivu\/luku-2-ammattimainen-toiminta\/"},{"@type":"ListItem","position":4,"name":"Mietitty prosessi"}]},{"@type":"WebSite","@id":"https:\/\/xn--kntjmestari-l8aacb.fi\/km\/#website","url":"https:\/\/xn--kntjmestari-l8aacb.fi\/km\/","name":"K\u00e4\u00e4nt\u00e4j\u00e4mestarin kirja","description":"k\u00e4yt\u00e4nn\u00f6n opas aloitteleville k\u00e4\u00e4nt\u00e4jille ja tulkeille","publisher":{"@id":"https:\/\/xn--kntjmestari-l8aacb.fi\/km\/#organization"},"potentialAction":[{"@type":"SearchAction","target":{"@type":"EntryPoint","urlTemplate":"https:\/\/xn--kntjmestari-l8aacb.fi\/km\/?s={search_term_string}"},"query-input":{"@type":"PropertyValueSpecification","valueRequired":true,"valueName":"search_term_string"}}],"inLanguage":"fi"},{"@type":"Organization","@id":"https:\/\/xn--kntjmestari-l8aacb.fi\/km\/#organization","name":"K\u00e4\u00e4nt\u00e4j\u00e4mestarit","url":"https:\/\/xn--kntjmestari-l8aacb.fi\/km\/","logo":{"@type":"ImageObject","inLanguage":"fi","@id":"https:\/\/xn--kntjmestari-l8aacb.fi\/km\/#\/schema\/logo\/image\/","url":"https:\/\/xn--kntjmestari-l8aacb.fi\/km\/wp-content\/uploads\/2021\/12\/logo.jpg","contentUrl":"https:\/\/xn--kntjmestari-l8aacb.fi\/km\/wp-content\/uploads\/2021\/12\/logo.jpg","width":509,"height":530,"caption":"K\u00e4\u00e4nt\u00e4j\u00e4mestarit"},"image":{"@id":"https:\/\/xn--kntjmestari-l8aacb.fi\/km\/#\/schema\/logo\/image\/"}}]}},"_links":{"self":[{"href":"https:\/\/xn--kntjmestari-l8aacb.fi\/km\/wp-json\/wp\/v2\/pages\/65","targetHints":{"allow":["GET"]}}],"collection":[{"href":"https:\/\/xn--kntjmestari-l8aacb.fi\/km\/wp-json\/wp\/v2\/pages"}],"about":[{"href":"https:\/\/xn--kntjmestari-l8aacb.fi\/km\/wp-json\/wp\/v2\/types\/page"}],"author":[{"embeddable":true,"href":"https:\/\/xn--kntjmestari-l8aacb.fi\/km\/wp-json\/wp\/v2\/users\/1"}],"replies":[{"embeddable":true,"href":"https:\/\/xn--kntjmestari-l8aacb.fi\/km\/wp-json\/wp\/v2\/comments?post=65"}],"version-history":[{"count":2,"href":"https:\/\/xn--kntjmestari-l8aacb.fi\/km\/wp-json\/wp\/v2\/pages\/65\/revisions"}],"predecessor-version":[{"id":67,"href":"https:\/\/xn--kntjmestari-l8aacb.fi\/km\/wp-json\/wp\/v2\/pages\/65\/revisions\/67"}],"up":[{"embeddable":true,"href":"https:\/\/xn--kntjmestari-l8aacb.fi\/km\/wp-json\/wp\/v2\/pages\/50"}],"wp:attachment":[{"href":"https:\/\/xn--kntjmestari-l8aacb.fi\/km\/wp-json\/wp\/v2\/media?parent=65"}],"curies":[{"name":"wp","href":"https:\/\/api.w.org\/{rel}","templated":true}]}}