{"id":72,"date":"2021-12-22T07:42:37","date_gmt":"2021-12-22T07:42:37","guid":{"rendered":"https:\/\/xn--kntjmestari-l8aacb.fi\/km\/?page_id=72"},"modified":"2021-12-22T07:42:37","modified_gmt":"2021-12-22T07:42:37","slug":"kirjallisuuden-kaantaminen","status":"publish","type":"page","link":"https:\/\/xn--kntjmestari-l8aacb.fi\/km\/etusivu\/luku-2-ammattimainen-toiminta\/kirjallisuuden-kaantaminen\/","title":{"rendered":"KIRJALLISUUDEN K\u00c4\u00c4NT\u00c4MINEN"},"content":{"rendered":"<p>[et_pb_section fb_built=&#8221;1&#8243; _builder_version=&#8221;3.22&#8243; global_colors_info=&#8221;{}&#8221; theme_builder_area=&#8221;post_content&#8221;][et_pb_row _builder_version=&#8221;4.14.2&#8243; _module_preset=&#8221;default&#8221; global_colors_info=&#8221;{}&#8221; theme_builder_area=&#8221;post_content&#8221;][et_pb_column type=&#8221;4_4&#8243; _builder_version=&#8221;4.14.2&#8243; _module_preset=&#8221;default&#8221; global_colors_info=&#8221;{}&#8221; theme_builder_area=&#8221;post_content&#8221;][et_pb_post_title meta=&#8221;off&#8221; featured_image=&#8221;off&#8221; _builder_version=&#8221;4.14.2&#8243; _module_preset=&#8221;default&#8221; global_colors_info=&#8221;{}&#8221; theme_builder_area=&#8221;post_content&#8221;][\/et_pb_post_title][\/et_pb_column][\/et_pb_row][et_pb_row _builder_version=&#8221;3.25&#8243; background_size=&#8221;initial&#8221; background_position=&#8221;top_left&#8221; background_repeat=&#8221;repeat&#8221; global_colors_info=&#8221;{}&#8221; theme_builder_area=&#8221;post_content&#8221;][et_pb_column type=&#8221;4_4&#8243; _builder_version=&#8221;3.25&#8243; custom_padding=&#8221;|||&#8221; global_colors_info=&#8221;{}&#8221; custom_padding__hover=&#8221;|||&#8221; theme_builder_area=&#8221;post_content&#8221;][et_pb_text _builder_version=&#8221;4.14.2&#8243; background_size=&#8221;initial&#8221; background_position=&#8221;top_left&#8221; background_repeat=&#8221;repeat&#8221; custom_padding=&#8221;||0px|||&#8221; hover_enabled=&#8221;0&#8243; global_colors_info=&#8221;{}&#8221; theme_builder_area=&#8221;post_content&#8221; sticky_enabled=&#8221;0&#8243;]<\/p>\n<p>Asiatekstik\u00e4\u00e4nt\u00e4j\u00e4n ja kauno- tai tietokirjallisuuden suomentajan toimenkuvissa on toki paljon eroavaisuuksia, mutta loppujen lopuksi kyse on samasta asiasta: merkityksien k\u00e4\u00e4nt\u00e4misest\u00e4 kielelt\u00e4 toiselle.<\/p>\n<p><a href=\"http:\/\/www.sktl.fi\/\" target=\"_blank\" rel=\"noopener\">Suomen k\u00e4\u00e4nt\u00e4jien ja tulkkien liitto (SKTL)<\/a>\u00a0on julkaissut laajahkon verkko-oppaan nimelt\u00e4<span>\u00a0<\/span><a href=\"https:\/\/kirjallisuudenkaantajanselviytymisopas.com\/\" target=\"_blank\" rel=\"noopener\">Kirjallisuuden k\u00e4\u00e4nt\u00e4j\u00e4n selviytymisopas<\/a>. Siin\u00e4 k\u00e4sitell\u00e4\u00e4n monia alaan liittyvi\u00e4 aiheita tekij\u00e4noikeuksista yhti\u00f6muotoihin. Toiston v\u00e4ltt\u00e4miseksi t\u00e4ss\u00e4 kirjoituksessa ei puututa Selviytymisoppaan aiheisiin vaan suositellaan perehtym\u00e4\u00e4n siihen erikseen.<\/p>\n<p>Haluatko siis kirjallisuuden k\u00e4\u00e4nt\u00e4j\u00e4ksi? Lue. Osta \u00e4idinkielell\u00e4si julkaistua kirjallisuutta, oli se sitten k\u00e4\u00e4nnetty\u00e4 tai alkukielist\u00e4. K\u00e4y kirjastossa. Tihe\u00e4\u00e4n. Osta kirjoja lahjaksi, pyyd\u00e4 niit\u00e4 lahjaksi. Ja lue. Unohda televisio ja netti, lue kirjoja. Kilpailu ihmisten vapaa-ajasta on nimitt\u00e4in niin kovaa, ett\u00e4 kirjallisuus on j\u00e4\u00e4m\u00e4ss\u00e4 television, tietokonepelien, Facebookin ja ties mink\u00e4 muun jalkoihin. Kustantamot v\u00e4hent\u00e4v\u00e4t julkaistavien nimikkeiden m\u00e4\u00e4r\u00e4\u00e4, ja etenkin k\u00e4\u00e4nn\u00f6skirjallisuudesta on jo karsittu roimasti. Tilanne voi toki muuttua milloin hyv\u00e4ns\u00e4 ja kirjojen lukeminen nousta taas uuteen suosioon, mutta sit\u00e4 odotellessa meist\u00e4 jokainen voi tehd\u00e4 parhaansa eli lukea kirjoja, ostaa kirjoja, lainata kirjoja.<\/p>\n<p>Sit\u00e4 paitsi hyv\u00e4ksi kirjallisuuden k\u00e4\u00e4nt\u00e4j\u00e4ksi kehittyy lukemalla kirjoja.<\/p>\n<p>Lue siis mink\u00e4 ehdit, ja omaksu asenne. Toiveikkaan, ammattitaitoisen, ty\u00f6ns\u00e4 tulevaisuuteen uskovan kirjallisuuden k\u00e4\u00e4nt\u00e4j\u00e4n asenne. Vaikka nimikkeit\u00e4 kuinka v\u00e4hennett\u00e4isiin, niin jonkunhan ne viimeisetkin kirjat on k\u00e4\u00e4nnett\u00e4v\u00e4. Ja vaikka paperikirjan tulevaisuus (muka) olisi vaakalaudalla, niin jonkunhan ne e-kirjatkin on k\u00e4\u00e4nnett\u00e4v\u00e4. Sin\u00e4 voit olla se viimeinen mohikaani, Suomen viimeinen suomentaja! Ei vainenkaan, kyll\u00e4 meille t\u00f6it\u00e4 viel\u00e4 riitt\u00e4\u00e4. Mutta miten niit\u00e4 saa?<\/p>\n<p>Kirjallisuuden k\u00e4\u00e4nt\u00e4misest\u00e4 haaveilu on siin\u00e4 mieless\u00e4 v\u00e4h\u00e4n sama kuin Hollywood-n\u00e4yttelij\u00e4n urasta unelmointi, ett\u00e4 kannattaa olla jonkinlainen tienesti jo olemassa, jotta saa el\u00e4tetty\u00e4 itsens\u00e4 suurta l\u00e4pimurtoa odotellessa. K\u00e4tevint\u00e4 lienee olla jo valmiiksi asiatekstink\u00e4\u00e4nt\u00e4j\u00e4 ja markkinoida sitten itse\u00e4\u00e4n kustantamoille.\u00a0<a href=\"http:\/\/www.kustantajat.fi\/\" target=\"_blank\" rel=\"noopener\">Suomen kustannusyhdistyksen<\/a>\u00a0j\u00e4senluettelosta on hyv\u00e4 aloittaa. K\u00e4y tutkimassa kustantamojen nettisivut ja kustannusohjelma. Mink\u00e4laisia tietokirjoja tai romaaneja kustantamo julkaisee? K\u00e4\u00e4nn\u00f6skirjallisuutta? Mist\u00e4 kielist\u00e4? Lempikirjailijoitasi? Kirjoja, jotka sin\u00e4kin olisit voinut k\u00e4\u00e4nt\u00e4\u00e4? N\u00e4kyyk\u00f6 k\u00e4\u00e4nt\u00e4jien joukossa tuttuja nimi\u00e4?<\/p>\n<p>Osa kustantamoista neuvoo nettisivuillaan, miten heille voi p\u00e4\u00e4st\u00e4 suomentajaksi. Osa my\u00f6s sanoo suoraan, etteiv\u00e4t v\u00e4ltt\u00e4m\u00e4tt\u00e4 tarvitse lis\u00e4voimia ollenkaan. \u00c4l\u00e4 kuitenkaan lannistu! K\u00e4\u00e4nt\u00e4j\u00e4tkin vanhenevat ja j\u00e4\u00e4v\u00e4t el\u00e4kkeelle! Jos kustantamo haluaa n\u00e4ytek\u00e4\u00e4nn\u00f6ksen, tee se, ja noudata ohjeita tarkkaan. Jos mit\u00e4\u00e4n ohjeita ei anneta, voit kokeilla pelkk\u00e4\u00e4 s\u00e4hk\u00f6postiviestin l\u00e4hett\u00e4mist\u00e4, mutta vastausta et todenn\u00e4k\u00f6isesti saa.<\/p>\n<p>Laadi asiallinen mutta kiinnostava markkinointiviesti. Lueta se yst\u00e4v\u00e4ll\u00e4. Tee ansioluettelosta kirjallisuuden k\u00e4\u00e4nt\u00e4miseen keskittyv\u00e4 versio, mik\u00e4li mahdollista, tai ainakin k\u00e4\u00e4nt\u00e4miseen. Mieti mit\u00e4 annettavaa juuri sinulla kyseiselle kustantamolle olisi. Markkinoinnista ja asiakashankinnasta lis\u00e4\u00e4 K\u00e4\u00e4nt\u00e4j\u00e4mestarin kirjan\u00a0<a href=\"http:\/\/www.kaantajamestarinkirja.fi\/luku-4\/index\" target=\"_self\" rel=\"noopener\">4. luvussa<\/a>.<\/p>\n<p>Sitten ne palkkiot. Kirjallisuutta k\u00e4\u00e4nt\u00e4m\u00e4ll\u00e4 ei rikastu. Selviytymisoppaassa palkkioita k\u00e4sitell\u00e4\u00e4n perusteellisesti, ja SKTL:n kirjallisuuden k\u00e4\u00e4nt\u00e4jien jaosto seuraa alan palkkiokehityst\u00e4 vuosittain teht\u00e4vill\u00e4 palkkiotiedusteluilla. \u00c4l\u00e4 myy ty\u00f6t\u00e4si alihintaan. Kustantajan kanssa voi yritt\u00e4\u00e4 neuvotella, mutta varsinkin vasta-alkajana on melko heikossa neuvotteluasemassa. Mit\u00e4 v\u00e4hemm\u00e4n ty\u00f6st\u00e4 maksetaan, sit\u00e4 nopeammin se on yritett\u00e4v\u00e4 tehd\u00e4, jotta palkkio riitt\u00e4isi el\u00e4miseen. Mit\u00e4 nopeammin ty\u00f6n tekee, sit\u00e4 todenn\u00e4k\u00f6isemmin syntyy sutta. Ja painettu teos j\u00e4\u00e4 el\u00e4m\u00e4\u00e4n ikuisesti\u2026 Kenenk\u00e4\u00e4n ei ole pakko k\u00e4\u00e4nt\u00e4\u00e4 kirjallisuutta, joten jos palkkio on mielest\u00e4si liian pieni, \u00e4l\u00e4 ota ty\u00f6t\u00e4 vastaan. Muista my\u00f6s, ett\u00e4 kun olet yhden kirjan k\u00e4\u00e4nt\u00e4nyt pilkkahintaan, palkkiota on vaikea hilata yl\u00f6sp\u00e4in, mik\u00e4li siis kyseess\u00e4 on sama kustantaja.<\/p>\n<p>Toki kirjallisuuden k\u00e4\u00e4nt\u00e4misess\u00e4 on asiatekstien k\u00e4\u00e4nt\u00e4miseen verrattuna se hyv\u00e4 puoli, ett\u00e4 t\u00f6it\u00e4 tulee kerralla monta sataa sivua ja elanto, pienikin, on turvattu muutamaksi kuukaudeksi. Tosin moni kokenutkin kirjallisuuden k\u00e4\u00e4nt\u00e4j\u00e4 joutuu usein elelem\u00e4\u00e4n pitki\u00e4 aikoja ilman kirjan kirjaa, joten se jokin muu leip\u00e4puu on hyv\u00e4 olla olemassa jatkossakin.<\/p>\n<p>Kun palkkiotaso on mik\u00e4 on, kirjallisuuden k\u00e4\u00e4nt\u00e4j\u00e4n on syyt\u00e4 perehty\u00e4 huolella apurahamaailmaan. Apurahoista saat lis\u00e4tietoa Selviytymisoppaasta ja SKTL:n nettisivuilta. Apurahoja kannattaa ehdottomasti hakea. Kirjallisuus on kulttuuria, ja Suomessa on pitk\u00e4t perinteet kulttuurin tukemisessa. Kirjallisuuden k\u00e4\u00e4nt\u00e4minen on kulttuurity\u00f6t\u00e4, ja se ansaitsee tukensa. Muista my\u00f6s\u00a0<a href=\"http:\/\/www.sanasto.fi\/\" target=\"_blank\" rel=\"noopener\">Sanasto<\/a>.<\/p>\n<p>[\/et_pb_text][\/et_pb_column][\/et_pb_row][\/et_pb_section]<\/p>\n","protected":false},"excerpt":{"rendered":"<p>Asiatekstik\u00e4\u00e4nt\u00e4j\u00e4n ja kauno- tai tietokirjallisuuden suomentajan toimenkuvissa on toki paljon eroavaisuuksia, mutta loppujen lopuksi kyse on samasta asiasta: merkityksien k\u00e4\u00e4nt\u00e4misest\u00e4 kielelt\u00e4 toiselle. Suomen k\u00e4\u00e4nt\u00e4jien ja tulkkien liitto (SKTL)\u00a0on julkaissut laajahkon verkko-oppaan nimelt\u00e4\u00a0Kirjallisuuden k\u00e4\u00e4nt\u00e4j\u00e4n selviytymisopas. Siin\u00e4 k\u00e4sitell\u00e4\u00e4n monia alaan liittyvi\u00e4 aiheita tekij\u00e4noikeuksista yhti\u00f6muotoihin. Toiston v\u00e4ltt\u00e4miseksi t\u00e4ss\u00e4 kirjoituksessa ei puututa Selviytymisoppaan aiheisiin vaan suositellaan perehtym\u00e4\u00e4n siihen erikseen. [&hellip;]<\/p>\n","protected":false},"author":1,"featured_media":0,"parent":50,"menu_order":0,"comment_status":"closed","ping_status":"closed","template":"","meta":{"_et_pb_use_builder":"on","_et_pb_old_content":"","_et_gb_content_width":"","footnotes":""},"class_list":["post-72","page","type-page","status-publish","hentry"],"yoast_head":"<!-- This site is optimized with the Yoast SEO plugin v27.4 - https:\/\/yoast.com\/product\/yoast-seo-wordpress\/ -->\n<title>KIRJALLISUUDEN K\u00c4\u00c4NT\u00c4MINEN - K\u00e4\u00e4nt\u00e4j\u00e4mestarin kirja<\/title>\n<meta name=\"robots\" content=\"index, follow, max-snippet:-1, max-image-preview:large, max-video-preview:-1\" \/>\n<link rel=\"canonical\" href=\"https:\/\/xn--kntjmestari-l8aacb.fi\/km\/etusivu\/luku-2-ammattimainen-toiminta\/kirjallisuuden-kaantaminen\/\" \/>\n<meta property=\"og:locale\" content=\"fi_FI\" \/>\n<meta property=\"og:type\" content=\"article\" \/>\n<meta property=\"og:title\" content=\"KIRJALLISUUDEN K\u00c4\u00c4NT\u00c4MINEN - K\u00e4\u00e4nt\u00e4j\u00e4mestarin kirja\" \/>\n<meta property=\"og:description\" content=\"Asiatekstik\u00e4\u00e4nt\u00e4j\u00e4n ja kauno- tai tietokirjallisuuden suomentajan toimenkuvissa on toki paljon eroavaisuuksia, mutta loppujen lopuksi kyse on samasta asiasta: merkityksien k\u00e4\u00e4nt\u00e4misest\u00e4 kielelt\u00e4 toiselle. Suomen k\u00e4\u00e4nt\u00e4jien ja tulkkien liitto (SKTL)\u00a0on julkaissut laajahkon verkko-oppaan nimelt\u00e4\u00a0Kirjallisuuden k\u00e4\u00e4nt\u00e4j\u00e4n selviytymisopas. Siin\u00e4 k\u00e4sitell\u00e4\u00e4n monia alaan liittyvi\u00e4 aiheita tekij\u00e4noikeuksista yhti\u00f6muotoihin. Toiston v\u00e4ltt\u00e4miseksi t\u00e4ss\u00e4 kirjoituksessa ei puututa Selviytymisoppaan aiheisiin vaan suositellaan perehtym\u00e4\u00e4n siihen erikseen. [&hellip;]\" \/>\n<meta property=\"og:url\" content=\"https:\/\/xn--kntjmestari-l8aacb.fi\/km\/etusivu\/luku-2-ammattimainen-toiminta\/kirjallisuuden-kaantaminen\/\" \/>\n<meta property=\"og:site_name\" content=\"K\u00e4\u00e4nt\u00e4j\u00e4mestarin kirja\" \/>\n<meta name=\"twitter:card\" content=\"summary_large_image\" \/>\n<meta name=\"twitter:label1\" content=\"Arvioitu lukuaika\" \/>\n\t<meta name=\"twitter:data1\" content=\"4 minuuttia\" \/>\n<script type=\"application\/ld+json\" class=\"yoast-schema-graph\">{\"@context\":\"https:\\\/\\\/schema.org\",\"@graph\":[{\"@type\":\"WebPage\",\"@id\":\"https:\\\/\\\/xn--kntjmestari-l8aacb.fi\\\/km\\\/etusivu\\\/luku-2-ammattimainen-toiminta\\\/kirjallisuuden-kaantaminen\\\/\",\"url\":\"https:\\\/\\\/xn--kntjmestari-l8aacb.fi\\\/km\\\/etusivu\\\/luku-2-ammattimainen-toiminta\\\/kirjallisuuden-kaantaminen\\\/\",\"name\":\"KIRJALLISUUDEN K\u00c4\u00c4NT\u00c4MINEN - K\u00e4\u00e4nt\u00e4j\u00e4mestarin kirja\",\"isPartOf\":{\"@id\":\"https:\\\/\\\/xn--kntjmestari-l8aacb.fi\\\/km\\\/#website\"},\"datePublished\":\"2021-12-22T07:42:37+00:00\",\"breadcrumb\":{\"@id\":\"https:\\\/\\\/xn--kntjmestari-l8aacb.fi\\\/km\\\/etusivu\\\/luku-2-ammattimainen-toiminta\\\/kirjallisuuden-kaantaminen\\\/#breadcrumb\"},\"inLanguage\":\"fi\",\"potentialAction\":[{\"@type\":\"ReadAction\",\"target\":[\"https:\\\/\\\/xn--kntjmestari-l8aacb.fi\\\/km\\\/etusivu\\\/luku-2-ammattimainen-toiminta\\\/kirjallisuuden-kaantaminen\\\/\"]}]},{\"@type\":\"BreadcrumbList\",\"@id\":\"https:\\\/\\\/xn--kntjmestari-l8aacb.fi\\\/km\\\/etusivu\\\/luku-2-ammattimainen-toiminta\\\/kirjallisuuden-kaantaminen\\\/#breadcrumb\",\"itemListElement\":[{\"@type\":\"ListItem\",\"position\":1,\"name\":\"Etusivu\",\"item\":\"https:\\\/\\\/xn--kntjmestari-l8aacb.fi\\\/km\\\/\"},{\"@type\":\"ListItem\",\"position\":2,\"name\":\"K\u00e4\u00e4nt\u00e4j\u00e4mestarin kirja\",\"item\":\"https:\\\/\\\/xn--kntjmestari-l8aacb.fi\\\/km\\\/\"},{\"@type\":\"ListItem\",\"position\":3,\"name\":\"Luku 2 &#8211; ammattimainen toiminta\",\"item\":\"https:\\\/\\\/xn--kntjmestari-l8aacb.fi\\\/km\\\/etusivu\\\/luku-2-ammattimainen-toiminta\\\/\"},{\"@type\":\"ListItem\",\"position\":4,\"name\":\"KIRJALLISUUDEN K\u00c4\u00c4NT\u00c4MINEN\"}]},{\"@type\":\"WebSite\",\"@id\":\"https:\\\/\\\/xn--kntjmestari-l8aacb.fi\\\/km\\\/#website\",\"url\":\"https:\\\/\\\/xn--kntjmestari-l8aacb.fi\\\/km\\\/\",\"name\":\"K\u00e4\u00e4nt\u00e4j\u00e4mestarin kirja\",\"description\":\"k\u00e4yt\u00e4nn\u00f6n opas aloitteleville k\u00e4\u00e4nt\u00e4jille ja tulkeille\",\"publisher\":{\"@id\":\"https:\\\/\\\/xn--kntjmestari-l8aacb.fi\\\/km\\\/#organization\"},\"potentialAction\":[{\"@type\":\"SearchAction\",\"target\":{\"@type\":\"EntryPoint\",\"urlTemplate\":\"https:\\\/\\\/xn--kntjmestari-l8aacb.fi\\\/km\\\/?s={search_term_string}\"},\"query-input\":{\"@type\":\"PropertyValueSpecification\",\"valueRequired\":true,\"valueName\":\"search_term_string\"}}],\"inLanguage\":\"fi\"},{\"@type\":\"Organization\",\"@id\":\"https:\\\/\\\/xn--kntjmestari-l8aacb.fi\\\/km\\\/#organization\",\"name\":\"K\u00e4\u00e4nt\u00e4j\u00e4mestarit\",\"url\":\"https:\\\/\\\/xn--kntjmestari-l8aacb.fi\\\/km\\\/\",\"logo\":{\"@type\":\"ImageObject\",\"inLanguage\":\"fi\",\"@id\":\"https:\\\/\\\/xn--kntjmestari-l8aacb.fi\\\/km\\\/#\\\/schema\\\/logo\\\/image\\\/\",\"url\":\"https:\\\/\\\/xn--kntjmestari-l8aacb.fi\\\/km\\\/wp-content\\\/uploads\\\/2021\\\/12\\\/logo.jpg\",\"contentUrl\":\"https:\\\/\\\/xn--kntjmestari-l8aacb.fi\\\/km\\\/wp-content\\\/uploads\\\/2021\\\/12\\\/logo.jpg\",\"width\":509,\"height\":530,\"caption\":\"K\u00e4\u00e4nt\u00e4j\u00e4mestarit\"},\"image\":{\"@id\":\"https:\\\/\\\/xn--kntjmestari-l8aacb.fi\\\/km\\\/#\\\/schema\\\/logo\\\/image\\\/\"}}]}<\/script>\n<!-- \/ Yoast SEO plugin. -->","yoast_head_json":{"title":"KIRJALLISUUDEN K\u00c4\u00c4NT\u00c4MINEN - K\u00e4\u00e4nt\u00e4j\u00e4mestarin kirja","robots":{"index":"index","follow":"follow","max-snippet":"max-snippet:-1","max-image-preview":"max-image-preview:large","max-video-preview":"max-video-preview:-1"},"canonical":"https:\/\/xn--kntjmestari-l8aacb.fi\/km\/etusivu\/luku-2-ammattimainen-toiminta\/kirjallisuuden-kaantaminen\/","og_locale":"fi_FI","og_type":"article","og_title":"KIRJALLISUUDEN K\u00c4\u00c4NT\u00c4MINEN - K\u00e4\u00e4nt\u00e4j\u00e4mestarin kirja","og_description":"Asiatekstik\u00e4\u00e4nt\u00e4j\u00e4n ja kauno- tai tietokirjallisuuden suomentajan toimenkuvissa on toki paljon eroavaisuuksia, mutta loppujen lopuksi kyse on samasta asiasta: merkityksien k\u00e4\u00e4nt\u00e4misest\u00e4 kielelt\u00e4 toiselle. Suomen k\u00e4\u00e4nt\u00e4jien ja tulkkien liitto (SKTL)\u00a0on julkaissut laajahkon verkko-oppaan nimelt\u00e4\u00a0Kirjallisuuden k\u00e4\u00e4nt\u00e4j\u00e4n selviytymisopas. Siin\u00e4 k\u00e4sitell\u00e4\u00e4n monia alaan liittyvi\u00e4 aiheita tekij\u00e4noikeuksista yhti\u00f6muotoihin. Toiston v\u00e4ltt\u00e4miseksi t\u00e4ss\u00e4 kirjoituksessa ei puututa Selviytymisoppaan aiheisiin vaan suositellaan perehtym\u00e4\u00e4n siihen erikseen. [&hellip;]","og_url":"https:\/\/xn--kntjmestari-l8aacb.fi\/km\/etusivu\/luku-2-ammattimainen-toiminta\/kirjallisuuden-kaantaminen\/","og_site_name":"K\u00e4\u00e4nt\u00e4j\u00e4mestarin kirja","twitter_card":"summary_large_image","twitter_misc":{"Arvioitu lukuaika":"4 minuuttia"},"schema":{"@context":"https:\/\/schema.org","@graph":[{"@type":"WebPage","@id":"https:\/\/xn--kntjmestari-l8aacb.fi\/km\/etusivu\/luku-2-ammattimainen-toiminta\/kirjallisuuden-kaantaminen\/","url":"https:\/\/xn--kntjmestari-l8aacb.fi\/km\/etusivu\/luku-2-ammattimainen-toiminta\/kirjallisuuden-kaantaminen\/","name":"KIRJALLISUUDEN K\u00c4\u00c4NT\u00c4MINEN - K\u00e4\u00e4nt\u00e4j\u00e4mestarin kirja","isPartOf":{"@id":"https:\/\/xn--kntjmestari-l8aacb.fi\/km\/#website"},"datePublished":"2021-12-22T07:42:37+00:00","breadcrumb":{"@id":"https:\/\/xn--kntjmestari-l8aacb.fi\/km\/etusivu\/luku-2-ammattimainen-toiminta\/kirjallisuuden-kaantaminen\/#breadcrumb"},"inLanguage":"fi","potentialAction":[{"@type":"ReadAction","target":["https:\/\/xn--kntjmestari-l8aacb.fi\/km\/etusivu\/luku-2-ammattimainen-toiminta\/kirjallisuuden-kaantaminen\/"]}]},{"@type":"BreadcrumbList","@id":"https:\/\/xn--kntjmestari-l8aacb.fi\/km\/etusivu\/luku-2-ammattimainen-toiminta\/kirjallisuuden-kaantaminen\/#breadcrumb","itemListElement":[{"@type":"ListItem","position":1,"name":"Etusivu","item":"https:\/\/xn--kntjmestari-l8aacb.fi\/km\/"},{"@type":"ListItem","position":2,"name":"K\u00e4\u00e4nt\u00e4j\u00e4mestarin kirja","item":"https:\/\/xn--kntjmestari-l8aacb.fi\/km\/"},{"@type":"ListItem","position":3,"name":"Luku 2 &#8211; ammattimainen toiminta","item":"https:\/\/xn--kntjmestari-l8aacb.fi\/km\/etusivu\/luku-2-ammattimainen-toiminta\/"},{"@type":"ListItem","position":4,"name":"KIRJALLISUUDEN K\u00c4\u00c4NT\u00c4MINEN"}]},{"@type":"WebSite","@id":"https:\/\/xn--kntjmestari-l8aacb.fi\/km\/#website","url":"https:\/\/xn--kntjmestari-l8aacb.fi\/km\/","name":"K\u00e4\u00e4nt\u00e4j\u00e4mestarin kirja","description":"k\u00e4yt\u00e4nn\u00f6n opas aloitteleville k\u00e4\u00e4nt\u00e4jille ja tulkeille","publisher":{"@id":"https:\/\/xn--kntjmestari-l8aacb.fi\/km\/#organization"},"potentialAction":[{"@type":"SearchAction","target":{"@type":"EntryPoint","urlTemplate":"https:\/\/xn--kntjmestari-l8aacb.fi\/km\/?s={search_term_string}"},"query-input":{"@type":"PropertyValueSpecification","valueRequired":true,"valueName":"search_term_string"}}],"inLanguage":"fi"},{"@type":"Organization","@id":"https:\/\/xn--kntjmestari-l8aacb.fi\/km\/#organization","name":"K\u00e4\u00e4nt\u00e4j\u00e4mestarit","url":"https:\/\/xn--kntjmestari-l8aacb.fi\/km\/","logo":{"@type":"ImageObject","inLanguage":"fi","@id":"https:\/\/xn--kntjmestari-l8aacb.fi\/km\/#\/schema\/logo\/image\/","url":"https:\/\/xn--kntjmestari-l8aacb.fi\/km\/wp-content\/uploads\/2021\/12\/logo.jpg","contentUrl":"https:\/\/xn--kntjmestari-l8aacb.fi\/km\/wp-content\/uploads\/2021\/12\/logo.jpg","width":509,"height":530,"caption":"K\u00e4\u00e4nt\u00e4j\u00e4mestarit"},"image":{"@id":"https:\/\/xn--kntjmestari-l8aacb.fi\/km\/#\/schema\/logo\/image\/"}}]}},"_links":{"self":[{"href":"https:\/\/xn--kntjmestari-l8aacb.fi\/km\/wp-json\/wp\/v2\/pages\/72","targetHints":{"allow":["GET"]}}],"collection":[{"href":"https:\/\/xn--kntjmestari-l8aacb.fi\/km\/wp-json\/wp\/v2\/pages"}],"about":[{"href":"https:\/\/xn--kntjmestari-l8aacb.fi\/km\/wp-json\/wp\/v2\/types\/page"}],"author":[{"embeddable":true,"href":"https:\/\/xn--kntjmestari-l8aacb.fi\/km\/wp-json\/wp\/v2\/users\/1"}],"replies":[{"embeddable":true,"href":"https:\/\/xn--kntjmestari-l8aacb.fi\/km\/wp-json\/wp\/v2\/comments?post=72"}],"version-history":[{"count":3,"href":"https:\/\/xn--kntjmestari-l8aacb.fi\/km\/wp-json\/wp\/v2\/pages\/72\/revisions"}],"predecessor-version":[{"id":88,"href":"https:\/\/xn--kntjmestari-l8aacb.fi\/km\/wp-json\/wp\/v2\/pages\/72\/revisions\/88"}],"up":[{"embeddable":true,"href":"https:\/\/xn--kntjmestari-l8aacb.fi\/km\/wp-json\/wp\/v2\/pages\/50"}],"wp:attachment":[{"href":"https:\/\/xn--kntjmestari-l8aacb.fi\/km\/wp-json\/wp\/v2\/media?parent=72"}],"curies":[{"name":"wp","href":"https:\/\/api.w.org\/{rel}","templated":true}]}}