{"id":91,"date":"2021-12-22T08:22:47","date_gmt":"2021-12-22T08:22:47","guid":{"rendered":"https:\/\/xn--kntjmestari-l8aacb.fi\/km\/?page_id=91"},"modified":"2021-12-22T08:22:47","modified_gmt":"2021-12-22T08:22:47","slug":"vastuu-tyon-jaljesta-ja-tiedonhallinnasta","status":"publish","type":"page","link":"https:\/\/xn--kntjmestari-l8aacb.fi\/km\/etusivu\/luku-2-ammattimainen-toiminta\/vastuu-tyon-jaljesta-ja-tiedonhallinnasta\/","title":{"rendered":"VASTUU TY\u00d6N J\u00c4LJEST\u00c4 JA TIEDONHALLINNASTA"},"content":{"rendered":"<p>[et_pb_section fb_built=&#8221;1&#8243; _builder_version=&#8221;3.22&#8243; global_colors_info=&#8221;{}&#8221; theme_builder_area=&#8221;post_content&#8221;][et_pb_row _builder_version=&#8221;4.14.2&#8243; _module_preset=&#8221;default&#8221; global_colors_info=&#8221;{}&#8221; theme_builder_area=&#8221;post_content&#8221;][et_pb_column type=&#8221;4_4&#8243; _builder_version=&#8221;4.14.2&#8243; _module_preset=&#8221;default&#8221; global_colors_info=&#8221;{}&#8221; theme_builder_area=&#8221;post_content&#8221;][et_pb_post_title meta=&#8221;off&#8221; featured_image=&#8221;off&#8221; _builder_version=&#8221;4.14.2&#8243; _module_preset=&#8221;default&#8221; global_colors_info=&#8221;{}&#8221; theme_builder_area=&#8221;post_content&#8221;][\/et_pb_post_title][\/et_pb_column][\/et_pb_row][et_pb_row _builder_version=&#8221;3.25&#8243; background_size=&#8221;initial&#8221; background_position=&#8221;top_left&#8221; background_repeat=&#8221;repeat&#8221; global_colors_info=&#8221;{}&#8221; column_structure=&#8221;1_2,1_2&#8243; theme_builder_area=&#8221;post_content&#8221; custom_margin=&#8221;|auto||325px||&#8221;][et_pb_column type=&#8221;1_2&#8243; _builder_version=&#8221;3.25&#8243; custom_padding=&#8221;|||&#8221; global_colors_info=&#8221;{}&#8221; custom_padding__hover=&#8221;|||&#8221; theme_builder_area=&#8221;post_content&#8221;][et_pb_text _builder_version=&#8221;4.14.2&#8243; background_size=&#8221;initial&#8221; background_position=&#8221;top_left&#8221; background_repeat=&#8221;repeat&#8221; custom_padding=&#8221;||0px|||&#8221; hover_enabled=&#8221;0&#8243; global_colors_info=&#8221;{}&#8221; theme_builder_area=&#8221;post_content&#8221; sticky_enabled=&#8221;0&#8243;]<\/p>\n<p>Ammattilaisella on vastuu siit\u00e4, ett\u00e4 h\u00e4nen tekem\u00e4ns\u00e4 j\u00e4lki on tarkoitukseen sopivaa. T\u00e4m\u00e4 ei tarkoita v\u00e4ltt\u00e4m\u00e4tt\u00e4 aina kaikkein parasta priimaa, vaan sit\u00e4, ett\u00e4 k\u00e4\u00e4nn\u00f6s toimii siin\u00e4 tarkoituksessa, jota varten se on tehty, ja on sit\u00e4 laatua, josta on yhdess\u00e4 asiakkaan kanssa sovittu.<\/p>\n<p>T\u00e4t\u00e4 varten k\u00e4\u00e4nt\u00e4j\u00e4n t\u00e4ytyy varmistaa asiakkaalta asioita: erikoisalan sanastoa, yrityksen sis\u00e4ist\u00e4 termist\u00f6\u00e4 tai k\u00e4yt\u00e4nt\u00f6j\u00e4. Amat\u00f6\u00f6rille ei v\u00e4ltt\u00e4m\u00e4tt\u00e4 tule mieleenk\u00e4\u00e4n tehd\u00e4 n\u00e4in, ja yrityksen oma ty\u00f6ntekij\u00e4 tiet\u00e4\u00e4 sis\u00e4isen jargonin.<\/p>\n<p><span>Ammattilaisella on my\u00f6s vastuu siit\u00e4, ett\u00e4 asiakkaan tiedot eiv\u00e4t joudu v\u00e4\u00e4riin k\u00e4siin.\u00a0T\u00e4h\u00e4n\u00a0tarkoitukseen ammattilaisella on soveltuvia j\u00e4rjestelmi\u00e4 ja laitteita, esimerkiksi paperintuhooja. Tiedostot pit\u00e4\u00e4 arkistoida ja s\u00e4ilytt\u00e4\u00e4 niin, ett\u00e4 ne\u00a0l\u00f6yt\u00e4\u00e4 itse tarvittaessa, mutta etteiv\u00e4t\u00a0ne ole Dropboxissa kaikille avoimina. Ammattilainen ei my\u00f6sk\u00e4\u00e4n k\u00e4\u00e4nn\u00e4 p\u00f6rssiyhti\u00f6n tiedotetta kivassa kulmakahvilassa, jossa kuka tahansa voi olan takaa lukea teksti\u00e4. Amat\u00f6\u00f6rilt\u00e4 ei voida odottaa n\u00e4in j\u00e4rjestelm\u00e4llist\u00e4 suhtautumista ja toisaalta yrityksen ty\u00f6ntekij\u00e4n osalta asiat kuuluvat ty\u00f6nantajan vastuulle.<\/span><\/p>\n<ol><\/ol>\n<p>[\/et_pb_text][\/et_pb_column][et_pb_column type=&#8221;1_2&#8243; _builder_version=&#8221;3.25&#8243; custom_padding=&#8221;|||&#8221; global_colors_info=&#8221;{}&#8221; custom_padding__hover=&#8221;|||&#8221; theme_builder_area=&#8221;post_content&#8221;][et_pb_image src=&#8221;https:\/\/xn--kntjmestari-l8aacb.fi\/km\/wp-content\/uploads\/2021\/12\/kaantaja_i_luku1_luku6.jpg&#8221; _builder_version=&#8221;4.14.2&#8243; _module_preset=&#8221;default&#8221; theme_builder_area=&#8221;post_content&#8221; title_text=&#8221;kaantaja_i_luku1_luku6&#8243; hover_enabled=&#8221;0&#8243; sticky_enabled=&#8221;0&#8243;][\/et_pb_image][\/et_pb_column][\/et_pb_row][\/et_pb_section]<\/p>\n","protected":false},"excerpt":{"rendered":"<p>Ammattilaisella on vastuu siit\u00e4, ett\u00e4 h\u00e4nen tekem\u00e4ns\u00e4 j\u00e4lki on tarkoitukseen sopivaa. T\u00e4m\u00e4 ei tarkoita v\u00e4ltt\u00e4m\u00e4tt\u00e4 aina kaikkein parasta priimaa, vaan sit\u00e4, ett\u00e4 k\u00e4\u00e4nn\u00f6s toimii siin\u00e4 tarkoituksessa, jota varten se on tehty, ja on sit\u00e4 laatua, josta on yhdess\u00e4 asiakkaan kanssa sovittu. T\u00e4t\u00e4 varten k\u00e4\u00e4nt\u00e4j\u00e4n t\u00e4ytyy varmistaa asiakkaalta asioita: erikoisalan sanastoa, yrityksen sis\u00e4ist\u00e4 termist\u00f6\u00e4 tai k\u00e4yt\u00e4nt\u00f6j\u00e4. [&hellip;]<\/p>\n","protected":false},"author":1,"featured_media":0,"parent":50,"menu_order":0,"comment_status":"closed","ping_status":"closed","template":"","meta":{"_et_pb_use_builder":"on","_et_pb_old_content":"","_et_gb_content_width":"","footnotes":""},"class_list":["post-91","page","type-page","status-publish","hentry"],"yoast_head":"<!-- This site is optimized with the Yoast SEO plugin v27.4 - https:\/\/yoast.com\/product\/yoast-seo-wordpress\/ -->\n<title>VASTUU TY\u00d6N J\u00c4LJEST\u00c4 JA TIEDONHALLINNASTA - K\u00e4\u00e4nt\u00e4j\u00e4mestarin kirja<\/title>\n<meta name=\"robots\" content=\"index, follow, max-snippet:-1, max-image-preview:large, max-video-preview:-1\" \/>\n<link rel=\"canonical\" href=\"https:\/\/xn--kntjmestari-l8aacb.fi\/km\/etusivu\/luku-2-ammattimainen-toiminta\/vastuu-tyon-jaljesta-ja-tiedonhallinnasta\/\" \/>\n<meta property=\"og:locale\" content=\"fi_FI\" \/>\n<meta property=\"og:type\" content=\"article\" \/>\n<meta property=\"og:title\" content=\"VASTUU TY\u00d6N J\u00c4LJEST\u00c4 JA TIEDONHALLINNASTA - K\u00e4\u00e4nt\u00e4j\u00e4mestarin kirja\" \/>\n<meta property=\"og:description\" content=\"Ammattilaisella on vastuu siit\u00e4, ett\u00e4 h\u00e4nen tekem\u00e4ns\u00e4 j\u00e4lki on tarkoitukseen sopivaa. T\u00e4m\u00e4 ei tarkoita v\u00e4ltt\u00e4m\u00e4tt\u00e4 aina kaikkein parasta priimaa, vaan sit\u00e4, ett\u00e4 k\u00e4\u00e4nn\u00f6s toimii siin\u00e4 tarkoituksessa, jota varten se on tehty, ja on sit\u00e4 laatua, josta on yhdess\u00e4 asiakkaan kanssa sovittu. T\u00e4t\u00e4 varten k\u00e4\u00e4nt\u00e4j\u00e4n t\u00e4ytyy varmistaa asiakkaalta asioita: erikoisalan sanastoa, yrityksen sis\u00e4ist\u00e4 termist\u00f6\u00e4 tai k\u00e4yt\u00e4nt\u00f6j\u00e4. [&hellip;]\" \/>\n<meta property=\"og:url\" content=\"https:\/\/xn--kntjmestari-l8aacb.fi\/km\/etusivu\/luku-2-ammattimainen-toiminta\/vastuu-tyon-jaljesta-ja-tiedonhallinnasta\/\" \/>\n<meta property=\"og:site_name\" content=\"K\u00e4\u00e4nt\u00e4j\u00e4mestarin kirja\" \/>\n<meta name=\"twitter:card\" content=\"summary_large_image\" \/>\n<meta name=\"twitter:label1\" content=\"Arvioitu lukuaika\" \/>\n\t<meta name=\"twitter:data1\" content=\"2 minuuttia\" \/>\n<script type=\"application\/ld+json\" class=\"yoast-schema-graph\">{\"@context\":\"https:\\\/\\\/schema.org\",\"@graph\":[{\"@type\":\"WebPage\",\"@id\":\"https:\\\/\\\/xn--kntjmestari-l8aacb.fi\\\/km\\\/etusivu\\\/luku-2-ammattimainen-toiminta\\\/vastuu-tyon-jaljesta-ja-tiedonhallinnasta\\\/\",\"url\":\"https:\\\/\\\/xn--kntjmestari-l8aacb.fi\\\/km\\\/etusivu\\\/luku-2-ammattimainen-toiminta\\\/vastuu-tyon-jaljesta-ja-tiedonhallinnasta\\\/\",\"name\":\"VASTUU TY\u00d6N J\u00c4LJEST\u00c4 JA TIEDONHALLINNASTA - K\u00e4\u00e4nt\u00e4j\u00e4mestarin kirja\",\"isPartOf\":{\"@id\":\"https:\\\/\\\/xn--kntjmestari-l8aacb.fi\\\/km\\\/#website\"},\"datePublished\":\"2021-12-22T08:22:47+00:00\",\"breadcrumb\":{\"@id\":\"https:\\\/\\\/xn--kntjmestari-l8aacb.fi\\\/km\\\/etusivu\\\/luku-2-ammattimainen-toiminta\\\/vastuu-tyon-jaljesta-ja-tiedonhallinnasta\\\/#breadcrumb\"},\"inLanguage\":\"fi\",\"potentialAction\":[{\"@type\":\"ReadAction\",\"target\":[\"https:\\\/\\\/xn--kntjmestari-l8aacb.fi\\\/km\\\/etusivu\\\/luku-2-ammattimainen-toiminta\\\/vastuu-tyon-jaljesta-ja-tiedonhallinnasta\\\/\"]}]},{\"@type\":\"BreadcrumbList\",\"@id\":\"https:\\\/\\\/xn--kntjmestari-l8aacb.fi\\\/km\\\/etusivu\\\/luku-2-ammattimainen-toiminta\\\/vastuu-tyon-jaljesta-ja-tiedonhallinnasta\\\/#breadcrumb\",\"itemListElement\":[{\"@type\":\"ListItem\",\"position\":1,\"name\":\"Etusivu\",\"item\":\"https:\\\/\\\/xn--kntjmestari-l8aacb.fi\\\/km\\\/\"},{\"@type\":\"ListItem\",\"position\":2,\"name\":\"K\u00e4\u00e4nt\u00e4j\u00e4mestarin kirja\",\"item\":\"https:\\\/\\\/xn--kntjmestari-l8aacb.fi\\\/km\\\/\"},{\"@type\":\"ListItem\",\"position\":3,\"name\":\"Luku 2 &#8211; ammattimainen toiminta\",\"item\":\"https:\\\/\\\/xn--kntjmestari-l8aacb.fi\\\/km\\\/etusivu\\\/luku-2-ammattimainen-toiminta\\\/\"},{\"@type\":\"ListItem\",\"position\":4,\"name\":\"VASTUU TY\u00d6N J\u00c4LJEST\u00c4 JA TIEDONHALLINNASTA\"}]},{\"@type\":\"WebSite\",\"@id\":\"https:\\\/\\\/xn--kntjmestari-l8aacb.fi\\\/km\\\/#website\",\"url\":\"https:\\\/\\\/xn--kntjmestari-l8aacb.fi\\\/km\\\/\",\"name\":\"K\u00e4\u00e4nt\u00e4j\u00e4mestarin kirja\",\"description\":\"k\u00e4yt\u00e4nn\u00f6n opas aloitteleville k\u00e4\u00e4nt\u00e4jille ja tulkeille\",\"publisher\":{\"@id\":\"https:\\\/\\\/xn--kntjmestari-l8aacb.fi\\\/km\\\/#organization\"},\"potentialAction\":[{\"@type\":\"SearchAction\",\"target\":{\"@type\":\"EntryPoint\",\"urlTemplate\":\"https:\\\/\\\/xn--kntjmestari-l8aacb.fi\\\/km\\\/?s={search_term_string}\"},\"query-input\":{\"@type\":\"PropertyValueSpecification\",\"valueRequired\":true,\"valueName\":\"search_term_string\"}}],\"inLanguage\":\"fi\"},{\"@type\":\"Organization\",\"@id\":\"https:\\\/\\\/xn--kntjmestari-l8aacb.fi\\\/km\\\/#organization\",\"name\":\"K\u00e4\u00e4nt\u00e4j\u00e4mestarit\",\"url\":\"https:\\\/\\\/xn--kntjmestari-l8aacb.fi\\\/km\\\/\",\"logo\":{\"@type\":\"ImageObject\",\"inLanguage\":\"fi\",\"@id\":\"https:\\\/\\\/xn--kntjmestari-l8aacb.fi\\\/km\\\/#\\\/schema\\\/logo\\\/image\\\/\",\"url\":\"https:\\\/\\\/xn--kntjmestari-l8aacb.fi\\\/km\\\/wp-content\\\/uploads\\\/2021\\\/12\\\/logo.jpg\",\"contentUrl\":\"https:\\\/\\\/xn--kntjmestari-l8aacb.fi\\\/km\\\/wp-content\\\/uploads\\\/2021\\\/12\\\/logo.jpg\",\"width\":509,\"height\":530,\"caption\":\"K\u00e4\u00e4nt\u00e4j\u00e4mestarit\"},\"image\":{\"@id\":\"https:\\\/\\\/xn--kntjmestari-l8aacb.fi\\\/km\\\/#\\\/schema\\\/logo\\\/image\\\/\"}}]}<\/script>\n<!-- \/ Yoast SEO plugin. -->","yoast_head_json":{"title":"VASTUU TY\u00d6N J\u00c4LJEST\u00c4 JA TIEDONHALLINNASTA - K\u00e4\u00e4nt\u00e4j\u00e4mestarin kirja","robots":{"index":"index","follow":"follow","max-snippet":"max-snippet:-1","max-image-preview":"max-image-preview:large","max-video-preview":"max-video-preview:-1"},"canonical":"https:\/\/xn--kntjmestari-l8aacb.fi\/km\/etusivu\/luku-2-ammattimainen-toiminta\/vastuu-tyon-jaljesta-ja-tiedonhallinnasta\/","og_locale":"fi_FI","og_type":"article","og_title":"VASTUU TY\u00d6N J\u00c4LJEST\u00c4 JA TIEDONHALLINNASTA - K\u00e4\u00e4nt\u00e4j\u00e4mestarin kirja","og_description":"Ammattilaisella on vastuu siit\u00e4, ett\u00e4 h\u00e4nen tekem\u00e4ns\u00e4 j\u00e4lki on tarkoitukseen sopivaa. T\u00e4m\u00e4 ei tarkoita v\u00e4ltt\u00e4m\u00e4tt\u00e4 aina kaikkein parasta priimaa, vaan sit\u00e4, ett\u00e4 k\u00e4\u00e4nn\u00f6s toimii siin\u00e4 tarkoituksessa, jota varten se on tehty, ja on sit\u00e4 laatua, josta on yhdess\u00e4 asiakkaan kanssa sovittu. T\u00e4t\u00e4 varten k\u00e4\u00e4nt\u00e4j\u00e4n t\u00e4ytyy varmistaa asiakkaalta asioita: erikoisalan sanastoa, yrityksen sis\u00e4ist\u00e4 termist\u00f6\u00e4 tai k\u00e4yt\u00e4nt\u00f6j\u00e4. [&hellip;]","og_url":"https:\/\/xn--kntjmestari-l8aacb.fi\/km\/etusivu\/luku-2-ammattimainen-toiminta\/vastuu-tyon-jaljesta-ja-tiedonhallinnasta\/","og_site_name":"K\u00e4\u00e4nt\u00e4j\u00e4mestarin kirja","twitter_card":"summary_large_image","twitter_misc":{"Arvioitu lukuaika":"2 minuuttia"},"schema":{"@context":"https:\/\/schema.org","@graph":[{"@type":"WebPage","@id":"https:\/\/xn--kntjmestari-l8aacb.fi\/km\/etusivu\/luku-2-ammattimainen-toiminta\/vastuu-tyon-jaljesta-ja-tiedonhallinnasta\/","url":"https:\/\/xn--kntjmestari-l8aacb.fi\/km\/etusivu\/luku-2-ammattimainen-toiminta\/vastuu-tyon-jaljesta-ja-tiedonhallinnasta\/","name":"VASTUU TY\u00d6N J\u00c4LJEST\u00c4 JA TIEDONHALLINNASTA - K\u00e4\u00e4nt\u00e4j\u00e4mestarin kirja","isPartOf":{"@id":"https:\/\/xn--kntjmestari-l8aacb.fi\/km\/#website"},"datePublished":"2021-12-22T08:22:47+00:00","breadcrumb":{"@id":"https:\/\/xn--kntjmestari-l8aacb.fi\/km\/etusivu\/luku-2-ammattimainen-toiminta\/vastuu-tyon-jaljesta-ja-tiedonhallinnasta\/#breadcrumb"},"inLanguage":"fi","potentialAction":[{"@type":"ReadAction","target":["https:\/\/xn--kntjmestari-l8aacb.fi\/km\/etusivu\/luku-2-ammattimainen-toiminta\/vastuu-tyon-jaljesta-ja-tiedonhallinnasta\/"]}]},{"@type":"BreadcrumbList","@id":"https:\/\/xn--kntjmestari-l8aacb.fi\/km\/etusivu\/luku-2-ammattimainen-toiminta\/vastuu-tyon-jaljesta-ja-tiedonhallinnasta\/#breadcrumb","itemListElement":[{"@type":"ListItem","position":1,"name":"Etusivu","item":"https:\/\/xn--kntjmestari-l8aacb.fi\/km\/"},{"@type":"ListItem","position":2,"name":"K\u00e4\u00e4nt\u00e4j\u00e4mestarin kirja","item":"https:\/\/xn--kntjmestari-l8aacb.fi\/km\/"},{"@type":"ListItem","position":3,"name":"Luku 2 &#8211; ammattimainen toiminta","item":"https:\/\/xn--kntjmestari-l8aacb.fi\/km\/etusivu\/luku-2-ammattimainen-toiminta\/"},{"@type":"ListItem","position":4,"name":"VASTUU TY\u00d6N J\u00c4LJEST\u00c4 JA TIEDONHALLINNASTA"}]},{"@type":"WebSite","@id":"https:\/\/xn--kntjmestari-l8aacb.fi\/km\/#website","url":"https:\/\/xn--kntjmestari-l8aacb.fi\/km\/","name":"K\u00e4\u00e4nt\u00e4j\u00e4mestarin kirja","description":"k\u00e4yt\u00e4nn\u00f6n opas aloitteleville k\u00e4\u00e4nt\u00e4jille ja tulkeille","publisher":{"@id":"https:\/\/xn--kntjmestari-l8aacb.fi\/km\/#organization"},"potentialAction":[{"@type":"SearchAction","target":{"@type":"EntryPoint","urlTemplate":"https:\/\/xn--kntjmestari-l8aacb.fi\/km\/?s={search_term_string}"},"query-input":{"@type":"PropertyValueSpecification","valueRequired":true,"valueName":"search_term_string"}}],"inLanguage":"fi"},{"@type":"Organization","@id":"https:\/\/xn--kntjmestari-l8aacb.fi\/km\/#organization","name":"K\u00e4\u00e4nt\u00e4j\u00e4mestarit","url":"https:\/\/xn--kntjmestari-l8aacb.fi\/km\/","logo":{"@type":"ImageObject","inLanguage":"fi","@id":"https:\/\/xn--kntjmestari-l8aacb.fi\/km\/#\/schema\/logo\/image\/","url":"https:\/\/xn--kntjmestari-l8aacb.fi\/km\/wp-content\/uploads\/2021\/12\/logo.jpg","contentUrl":"https:\/\/xn--kntjmestari-l8aacb.fi\/km\/wp-content\/uploads\/2021\/12\/logo.jpg","width":509,"height":530,"caption":"K\u00e4\u00e4nt\u00e4j\u00e4mestarit"},"image":{"@id":"https:\/\/xn--kntjmestari-l8aacb.fi\/km\/#\/schema\/logo\/image\/"}}]}},"_links":{"self":[{"href":"https:\/\/xn--kntjmestari-l8aacb.fi\/km\/wp-json\/wp\/v2\/pages\/91","targetHints":{"allow":["GET"]}}],"collection":[{"href":"https:\/\/xn--kntjmestari-l8aacb.fi\/km\/wp-json\/wp\/v2\/pages"}],"about":[{"href":"https:\/\/xn--kntjmestari-l8aacb.fi\/km\/wp-json\/wp\/v2\/types\/page"}],"author":[{"embeddable":true,"href":"https:\/\/xn--kntjmestari-l8aacb.fi\/km\/wp-json\/wp\/v2\/users\/1"}],"replies":[{"embeddable":true,"href":"https:\/\/xn--kntjmestari-l8aacb.fi\/km\/wp-json\/wp\/v2\/comments?post=91"}],"version-history":[{"count":2,"href":"https:\/\/xn--kntjmestari-l8aacb.fi\/km\/wp-json\/wp\/v2\/pages\/91\/revisions"}],"predecessor-version":[{"id":94,"href":"https:\/\/xn--kntjmestari-l8aacb.fi\/km\/wp-json\/wp\/v2\/pages\/91\/revisions\/94"}],"up":[{"embeddable":true,"href":"https:\/\/xn--kntjmestari-l8aacb.fi\/km\/wp-json\/wp\/v2\/pages\/50"}],"wp:attachment":[{"href":"https:\/\/xn--kntjmestari-l8aacb.fi\/km\/wp-json\/wp\/v2\/media?parent=91"}],"curies":[{"name":"wp","href":"https:\/\/api.w.org\/{rel}","templated":true}]}}