{"id":97,"date":"2021-12-22T08:44:20","date_gmt":"2021-12-22T08:44:20","guid":{"rendered":"https:\/\/xn--kntjmestari-l8aacb.fi\/km\/?page_id=97"},"modified":"2021-12-22T08:46:24","modified_gmt":"2021-12-22T08:46:24","slug":"omien-ratkaisujen-perusteleminen-ja-avaaminen","status":"publish","type":"page","link":"https:\/\/xn--kntjmestari-l8aacb.fi\/km\/etusivu\/luku-2-ammattimainen-toiminta\/omien-ratkaisujen-perusteleminen-ja-avaaminen\/","title":{"rendered":"OMIEN RATKAISUJEN PERUSTELEMINEN JA AVAAMINEN"},"content":{"rendered":"\n[et_pb_section fb_built=&#8221;1&#8243; _builder_version=&#8221;3.22&#8243; global_colors_info=&#8221;{}&#8221; theme_builder_area=&#8221;post_content&#8221;][et_pb_row _builder_version=&#8221;4.14.2&#8243; _module_preset=&#8221;default&#8221; global_colors_info=&#8221;{}&#8221; theme_builder_area=&#8221;post_content&#8221;][et_pb_column type=&#8221;4_4&#8243; _builder_version=&#8221;4.14.2&#8243; _module_preset=&#8221;default&#8221; global_colors_info=&#8221;{}&#8221; theme_builder_area=&#8221;post_content&#8221;][et_pb_post_title meta=&#8221;off&#8221; featured_image=&#8221;off&#8221; _builder_version=&#8221;4.14.2&#8243; _module_preset=&#8221;default&#8221; global_colors_info=&#8221;{}&#8221; theme_builder_area=&#8221;post_content&#8221;][\/et_pb_post_title][\/et_pb_column][\/et_pb_row][et_pb_row column_structure=&#8221;1_2,1_2&#8243; _builder_version=&#8221;3.25&#8243; background_size=&#8221;initial&#8221; background_position=&#8221;top_left&#8221; background_repeat=&#8221;repeat&#8221; custom_margin=&#8221;|auto||325px||&#8221; global_colors_info=&#8221;{}&#8221; theme_builder_area=&#8221;post_content&#8221;][et_pb_column type=&#8221;1_2&#8243; _builder_version=&#8221;3.25&#8243; custom_padding=&#8221;|||&#8221; global_colors_info=&#8221;{}&#8221; custom_padding__hover=&#8221;|||&#8221; theme_builder_area=&#8221;post_content&#8221;][et_pb_text _builder_version=&#8221;4.14.2&#8243; background_size=&#8221;initial&#8221; background_position=&#8221;top_left&#8221; background_repeat=&#8221;repeat&#8221; custom_padding=&#8221;||0px|||&#8221; global_colors_info=&#8221;{}&#8221; theme_builder_area=&#8221;post_content&#8221;]<p>K\u00e4\u00e4nt\u00e4j\u00e4n on pystytt\u00e4v\u00e4 tekem\u00e4\u00e4n ty\u00f6ss\u00e4\u00e4n valintoja, lopettamaan tietyss\u00e4 vaiheessa tekstin ty\u00f6st\u00e4minen ja p\u00e4\u00e4tt\u00e4m\u00e4\u00e4n ett\u00e4 \u201dt\u00e4m\u00e4 on nyt t\u00e4ss\u00e4\u201d. Tehdyt valinnat on kuitenkin pystytt\u00e4v\u00e4 perustelemaan, ensin itselle ja sitten my\u00f6s asiakkaalle tai\u00a0mahdolliselle kritisoijalle tai kommentoijalle. Tietoiset valinnat ovat avaink\u00e4site, olipa kyseess\u00e4 hinta, laatu, ajanhallinta tai asiakashankinta.<\/p>\n<p>Kieli ja sen k\u00e4ytt\u00e4minen on monivivahteista ja muuttuvaa, ja eri ihmisill\u00e4\u00a0voi olla voimakkaastikin eri k\u00e4sitys oikeellisuudesta. Siksi kielen parissa toimivan on pakko siet\u00e4\u00e4 ep\u00e4t\u00e4ydellisyytt\u00e4 ja ep\u00e4varmuutta. Parhaansa pit\u00e4\u00e4 yritt\u00e4\u00e4, mutta virheit\u00e4 sattuu, eik\u00e4 joka teksti tai tulke ole aina onnistunein. Sama koskee my\u00f6s asiakkaan omaa termist\u00f6\u00e4 ja sis\u00e4ist\u00e4 kielenk\u00e4ytt\u00f6\u00e4.<\/p>\n<p>Ammattilainen tiet\u00e4\u00e4, mit\u00e4 pit\u00e4\u00e4 tehd\u00e4, ja osaa perustella asiakkaalle, miksi yksi ratkaisu k\u00e4y ja toinen ei k\u00e4y. H\u00e4n osaa my\u00f6s katsoa tilannetta asiakkaan n\u00e4k\u00f6kulmasta ja ymm\u00e4rt\u00e4\u00e4, mik\u00e4 on parasta asiakkaalle ja asiakkaan asiakkaalle. Ammattilainen osaa kertoa, miksi olen t\u00e4m\u00e4n alan asiantuntija, ja perustella asiakkaalle, mit\u00e4 t\u00e4m\u00e4 oikeastaan haluaa (eli mik\u00e4 on j\u00e4rkevint\u00e4).<\/p>\n<p>K\u00e4\u00e4nt\u00e4j\u00e4 antaa asiakkaalle selkeit\u00e4, t\u00e4sm\u00e4llisi\u00e4 ja tiiviit\u00e4 vastauksia kysymyksiin sek\u00e4 esitt\u00e4\u00e4 vaihtoehdoista selke\u00e4t plussat ja miinukset. Asiakas valitsee vaihtoehdoista itselleen sopivimmat. Asiakas saattaa valita ilmauksen, jota k\u00e4\u00e4nt\u00e4j\u00e4 ei voi suositella. Silloin on syyt\u00e4 kertoa asiakkaalle selke\u00e4sti ja kohteliaasti, ettei voi seisoa ratkaisun takana.<\/p>\n<p>Asiakkaan ei tarvitse olla kieliopin tai kohdekulttuurin asiantuntija, mutta k\u00e4\u00e4nt\u00e4j\u00e4n pit\u00e4\u00e4 pysty\u00e4 perustelemaan ratkaisunsa. \u00c4l\u00e4 kerro asioita asiakkaalle ylh\u00e4\u00e4lt\u00e4 alasp\u00e4in. Esit\u00e4 selvitykset, kommentit ja perustelut niin, ett\u00e4 asiakas ei tunne itse\u00e4\u00e4n tyhm\u00e4ksi. K\u00e4\u00e4nn\u00f6salalla puhutaan usein asiakkaan kouluttamisesta. Se on tarpeen, mutta se pit\u00e4\u00e4 osata tehd\u00e4 oikein \u2013 yst\u00e4v\u00e4llisesti ja kohteliaasti.<\/p>\n<p><span>Ulkomaisen toimiston koordinaattori tai ulkomainen asiakas voi esitt\u00e4\u00e4 k\u00e4\u00e4nt\u00e4j\u00e4lle kysymyksi\u00e4, jotka voivat koskea suomen kielen erityispiirteit\u00e4 (sijamuotoja ja muuta sellaista, joka on asiakkaalle vierasta). Samoihin kysymyksiin vastaaminen toistuvasti voi \u00e4rsytt\u00e4\u00e4. Kun tuntuu silt\u00e4, ett\u00e4 juurihan t\u00e4h\u00e4n vastasin nelj\u00e4 kertaa t\u00e4n\u00e4\u00e4n, muista ett\u00e4 viides kyselij\u00e4 on aivan yht\u00e4 neuvoton kuin nelj\u00e4 edellist\u00e4. Olet saattanut kertoa suomen sijamuodoista useaan kertaan, mutta tee se silti yh\u00e4 uudelleen avuliaasti ja k\u00e4rsiv\u00e4llisesti. Ei ole kysyj\u00e4n vika, ettei h\u00e4nk\u00e4\u00e4n tied\u00e4. Asiakas ei v\u00e4ltt\u00e4m\u00e4tt\u00e4 ole ennen ollut tekemisiss\u00e4 suomen kielen kanssa, eik\u00e4 ehk\u00e4 en\u00e4\u00e4 toistamiseen palaa kysymyksineen sinua vaivaamaan.\u00a0On perusteltua, ett\u00e4 h\u00e4n kysyy asiaa sinulta \u2013 asiantuntijalta. Voit helpottaa omaa ty\u00f6t\u00e4si laatimalla vaikkapa tietokoneesi ty\u00f6p\u00f6yd\u00e4lle yleisimpiin kysymyksiin vakiovastaukset, joista sitten vain liit\u00e4t viestiin sopivan p\u00e4tk\u00e4n. Asiakas saa asiallisen vastauksen, arvostaa ammattimaisuuttasi ja verenpaineesi pysyy kurissa.<\/span><\/p>\n<ol><\/ol>[\/et_pb_text][\/et_pb_column][et_pb_column type=&#8221;1_2&#8243; _builder_version=&#8221;3.25&#8243; custom_padding=&#8221;|||&#8221; global_colors_info=&#8221;{}&#8221; custom_padding__hover=&#8221;|||&#8221; theme_builder_area=&#8221;post_content&#8221;][et_pb_image src=&#8221;https:\/\/xn--kntjmestari-l8aacb.fi\/km\/wp-content\/uploads\/2021\/12\/kaantaja_i_luku1_luku6.jpg&#8221; title_text=&#8221;kaantaja_i_luku1_luku6&#8243; _builder_version=&#8221;4.14.2&#8243; _module_preset=&#8221;default&#8221; global_colors_info=&#8221;{}&#8221; theme_builder_area=&#8221;post_content&#8221;][\/et_pb_image][\/et_pb_column][\/et_pb_row][\/et_pb_section]\n","protected":false},"excerpt":{"rendered":"<p>K\u00e4\u00e4nt\u00e4j\u00e4n on pystytt\u00e4v\u00e4 tekem\u00e4\u00e4n ty\u00f6ss\u00e4\u00e4n valintoja, lopettamaan tietyss\u00e4 vaiheessa tekstin ty\u00f6st\u00e4minen ja p\u00e4\u00e4tt\u00e4m\u00e4\u00e4n ett\u00e4 \u201dt\u00e4m\u00e4 on nyt t\u00e4ss\u00e4\u201d. Tehdyt valinnat on kuitenkin pystytt\u00e4v\u00e4 perustelemaan, ensin itselle ja sitten my\u00f6s asiakkaalle tai\u00a0mahdolliselle kritisoijalle tai kommentoijalle. Tietoiset valinnat ovat avaink\u00e4site, olipa kyseess\u00e4 hinta, laatu, ajanhallinta tai asiakashankinta. Kieli ja sen k\u00e4ytt\u00e4minen on monivivahteista ja muuttuvaa, ja eri [&hellip;]<\/p>\n","protected":false},"author":2,"featured_media":0,"parent":50,"menu_order":5,"comment_status":"closed","ping_status":"closed","template":"","meta":{"_et_pb_use_builder":"on","_et_pb_old_content":"","_et_gb_content_width":"","footnotes":""},"class_list":["post-97","page","type-page","status-publish","hentry"],"yoast_head":"<!-- This site is optimized with the Yoast SEO plugin v27.4 - https:\/\/yoast.com\/product\/yoast-seo-wordpress\/ -->\n<title>OMIEN RATKAISUJEN PERUSTELEMINEN JA AVAAMINEN - K\u00e4\u00e4nt\u00e4j\u00e4mestarin kirja<\/title>\n<meta name=\"robots\" content=\"index, follow, max-snippet:-1, max-image-preview:large, max-video-preview:-1\" \/>\n<link rel=\"canonical\" href=\"https:\/\/xn--kntjmestari-l8aacb.fi\/km\/etusivu\/luku-2-ammattimainen-toiminta\/omien-ratkaisujen-perusteleminen-ja-avaaminen\/\" \/>\n<meta property=\"og:locale\" content=\"fi_FI\" \/>\n<meta property=\"og:type\" content=\"article\" \/>\n<meta property=\"og:title\" content=\"OMIEN RATKAISUJEN PERUSTELEMINEN JA AVAAMINEN - K\u00e4\u00e4nt\u00e4j\u00e4mestarin kirja\" \/>\n<meta property=\"og:description\" content=\"K\u00e4\u00e4nt\u00e4j\u00e4n on pystytt\u00e4v\u00e4 tekem\u00e4\u00e4n ty\u00f6ss\u00e4\u00e4n valintoja, lopettamaan tietyss\u00e4 vaiheessa tekstin ty\u00f6st\u00e4minen ja p\u00e4\u00e4tt\u00e4m\u00e4\u00e4n ett\u00e4 \u201dt\u00e4m\u00e4 on nyt t\u00e4ss\u00e4\u201d. Tehdyt valinnat on kuitenkin pystytt\u00e4v\u00e4 perustelemaan, ensin itselle ja sitten my\u00f6s asiakkaalle tai\u00a0mahdolliselle kritisoijalle tai kommentoijalle. Tietoiset valinnat ovat avaink\u00e4site, olipa kyseess\u00e4 hinta, laatu, ajanhallinta tai asiakashankinta. Kieli ja sen k\u00e4ytt\u00e4minen on monivivahteista ja muuttuvaa, ja eri [&hellip;]\" \/>\n<meta property=\"og:url\" content=\"https:\/\/xn--kntjmestari-l8aacb.fi\/km\/etusivu\/luku-2-ammattimainen-toiminta\/omien-ratkaisujen-perusteleminen-ja-avaaminen\/\" \/>\n<meta property=\"og:site_name\" content=\"K\u00e4\u00e4nt\u00e4j\u00e4mestarin kirja\" \/>\n<meta property=\"article:modified_time\" content=\"2021-12-22T08:46:24+00:00\" \/>\n<meta name=\"twitter:card\" content=\"summary_large_image\" \/>\n<meta name=\"twitter:label1\" content=\"Arvioitu lukuaika\" \/>\n\t<meta name=\"twitter:data1\" content=\"3 minuuttia\" \/>\n<script type=\"application\/ld+json\" class=\"yoast-schema-graph\">{\"@context\":\"https:\\\/\\\/schema.org\",\"@graph\":[{\"@type\":\"WebPage\",\"@id\":\"https:\\\/\\\/xn--kntjmestari-l8aacb.fi\\\/km\\\/etusivu\\\/luku-2-ammattimainen-toiminta\\\/omien-ratkaisujen-perusteleminen-ja-avaaminen\\\/\",\"url\":\"https:\\\/\\\/xn--kntjmestari-l8aacb.fi\\\/km\\\/etusivu\\\/luku-2-ammattimainen-toiminta\\\/omien-ratkaisujen-perusteleminen-ja-avaaminen\\\/\",\"name\":\"OMIEN RATKAISUJEN PERUSTELEMINEN JA AVAAMINEN - K\u00e4\u00e4nt\u00e4j\u00e4mestarin kirja\",\"isPartOf\":{\"@id\":\"https:\\\/\\\/xn--kntjmestari-l8aacb.fi\\\/km\\\/#website\"},\"datePublished\":\"2021-12-22T08:44:20+00:00\",\"dateModified\":\"2021-12-22T08:46:24+00:00\",\"breadcrumb\":{\"@id\":\"https:\\\/\\\/xn--kntjmestari-l8aacb.fi\\\/km\\\/etusivu\\\/luku-2-ammattimainen-toiminta\\\/omien-ratkaisujen-perusteleminen-ja-avaaminen\\\/#breadcrumb\"},\"inLanguage\":\"fi\",\"potentialAction\":[{\"@type\":\"ReadAction\",\"target\":[\"https:\\\/\\\/xn--kntjmestari-l8aacb.fi\\\/km\\\/etusivu\\\/luku-2-ammattimainen-toiminta\\\/omien-ratkaisujen-perusteleminen-ja-avaaminen\\\/\"]}]},{\"@type\":\"BreadcrumbList\",\"@id\":\"https:\\\/\\\/xn--kntjmestari-l8aacb.fi\\\/km\\\/etusivu\\\/luku-2-ammattimainen-toiminta\\\/omien-ratkaisujen-perusteleminen-ja-avaaminen\\\/#breadcrumb\",\"itemListElement\":[{\"@type\":\"ListItem\",\"position\":1,\"name\":\"Etusivu\",\"item\":\"https:\\\/\\\/xn--kntjmestari-l8aacb.fi\\\/km\\\/\"},{\"@type\":\"ListItem\",\"position\":2,\"name\":\"K\u00e4\u00e4nt\u00e4j\u00e4mestarin kirja\",\"item\":\"https:\\\/\\\/xn--kntjmestari-l8aacb.fi\\\/km\\\/\"},{\"@type\":\"ListItem\",\"position\":3,\"name\":\"Luku 2 &#8211; ammattimainen toiminta\",\"item\":\"https:\\\/\\\/xn--kntjmestari-l8aacb.fi\\\/km\\\/etusivu\\\/luku-2-ammattimainen-toiminta\\\/\"},{\"@type\":\"ListItem\",\"position\":4,\"name\":\"OMIEN RATKAISUJEN PERUSTELEMINEN JA AVAAMINEN\"}]},{\"@type\":\"WebSite\",\"@id\":\"https:\\\/\\\/xn--kntjmestari-l8aacb.fi\\\/km\\\/#website\",\"url\":\"https:\\\/\\\/xn--kntjmestari-l8aacb.fi\\\/km\\\/\",\"name\":\"K\u00e4\u00e4nt\u00e4j\u00e4mestarin kirja\",\"description\":\"k\u00e4yt\u00e4nn\u00f6n opas aloitteleville k\u00e4\u00e4nt\u00e4jille ja tulkeille\",\"publisher\":{\"@id\":\"https:\\\/\\\/xn--kntjmestari-l8aacb.fi\\\/km\\\/#organization\"},\"potentialAction\":[{\"@type\":\"SearchAction\",\"target\":{\"@type\":\"EntryPoint\",\"urlTemplate\":\"https:\\\/\\\/xn--kntjmestari-l8aacb.fi\\\/km\\\/?s={search_term_string}\"},\"query-input\":{\"@type\":\"PropertyValueSpecification\",\"valueRequired\":true,\"valueName\":\"search_term_string\"}}],\"inLanguage\":\"fi\"},{\"@type\":\"Organization\",\"@id\":\"https:\\\/\\\/xn--kntjmestari-l8aacb.fi\\\/km\\\/#organization\",\"name\":\"K\u00e4\u00e4nt\u00e4j\u00e4mestarit\",\"url\":\"https:\\\/\\\/xn--kntjmestari-l8aacb.fi\\\/km\\\/\",\"logo\":{\"@type\":\"ImageObject\",\"inLanguage\":\"fi\",\"@id\":\"https:\\\/\\\/xn--kntjmestari-l8aacb.fi\\\/km\\\/#\\\/schema\\\/logo\\\/image\\\/\",\"url\":\"https:\\\/\\\/xn--kntjmestari-l8aacb.fi\\\/km\\\/wp-content\\\/uploads\\\/2021\\\/12\\\/logo.jpg\",\"contentUrl\":\"https:\\\/\\\/xn--kntjmestari-l8aacb.fi\\\/km\\\/wp-content\\\/uploads\\\/2021\\\/12\\\/logo.jpg\",\"width\":509,\"height\":530,\"caption\":\"K\u00e4\u00e4nt\u00e4j\u00e4mestarit\"},\"image\":{\"@id\":\"https:\\\/\\\/xn--kntjmestari-l8aacb.fi\\\/km\\\/#\\\/schema\\\/logo\\\/image\\\/\"}}]}<\/script>\n<!-- \/ Yoast SEO plugin. -->","yoast_head_json":{"title":"OMIEN RATKAISUJEN PERUSTELEMINEN JA AVAAMINEN - K\u00e4\u00e4nt\u00e4j\u00e4mestarin kirja","robots":{"index":"index","follow":"follow","max-snippet":"max-snippet:-1","max-image-preview":"max-image-preview:large","max-video-preview":"max-video-preview:-1"},"canonical":"https:\/\/xn--kntjmestari-l8aacb.fi\/km\/etusivu\/luku-2-ammattimainen-toiminta\/omien-ratkaisujen-perusteleminen-ja-avaaminen\/","og_locale":"fi_FI","og_type":"article","og_title":"OMIEN RATKAISUJEN PERUSTELEMINEN JA AVAAMINEN - K\u00e4\u00e4nt\u00e4j\u00e4mestarin kirja","og_description":"K\u00e4\u00e4nt\u00e4j\u00e4n on pystytt\u00e4v\u00e4 tekem\u00e4\u00e4n ty\u00f6ss\u00e4\u00e4n valintoja, lopettamaan tietyss\u00e4 vaiheessa tekstin ty\u00f6st\u00e4minen ja p\u00e4\u00e4tt\u00e4m\u00e4\u00e4n ett\u00e4 \u201dt\u00e4m\u00e4 on nyt t\u00e4ss\u00e4\u201d. Tehdyt valinnat on kuitenkin pystytt\u00e4v\u00e4 perustelemaan, ensin itselle ja sitten my\u00f6s asiakkaalle tai\u00a0mahdolliselle kritisoijalle tai kommentoijalle. Tietoiset valinnat ovat avaink\u00e4site, olipa kyseess\u00e4 hinta, laatu, ajanhallinta tai asiakashankinta. Kieli ja sen k\u00e4ytt\u00e4minen on monivivahteista ja muuttuvaa, ja eri [&hellip;]","og_url":"https:\/\/xn--kntjmestari-l8aacb.fi\/km\/etusivu\/luku-2-ammattimainen-toiminta\/omien-ratkaisujen-perusteleminen-ja-avaaminen\/","og_site_name":"K\u00e4\u00e4nt\u00e4j\u00e4mestarin kirja","article_modified_time":"2021-12-22T08:46:24+00:00","twitter_card":"summary_large_image","twitter_misc":{"Arvioitu lukuaika":"3 minuuttia"},"schema":{"@context":"https:\/\/schema.org","@graph":[{"@type":"WebPage","@id":"https:\/\/xn--kntjmestari-l8aacb.fi\/km\/etusivu\/luku-2-ammattimainen-toiminta\/omien-ratkaisujen-perusteleminen-ja-avaaminen\/","url":"https:\/\/xn--kntjmestari-l8aacb.fi\/km\/etusivu\/luku-2-ammattimainen-toiminta\/omien-ratkaisujen-perusteleminen-ja-avaaminen\/","name":"OMIEN RATKAISUJEN PERUSTELEMINEN JA AVAAMINEN - K\u00e4\u00e4nt\u00e4j\u00e4mestarin kirja","isPartOf":{"@id":"https:\/\/xn--kntjmestari-l8aacb.fi\/km\/#website"},"datePublished":"2021-12-22T08:44:20+00:00","dateModified":"2021-12-22T08:46:24+00:00","breadcrumb":{"@id":"https:\/\/xn--kntjmestari-l8aacb.fi\/km\/etusivu\/luku-2-ammattimainen-toiminta\/omien-ratkaisujen-perusteleminen-ja-avaaminen\/#breadcrumb"},"inLanguage":"fi","potentialAction":[{"@type":"ReadAction","target":["https:\/\/xn--kntjmestari-l8aacb.fi\/km\/etusivu\/luku-2-ammattimainen-toiminta\/omien-ratkaisujen-perusteleminen-ja-avaaminen\/"]}]},{"@type":"BreadcrumbList","@id":"https:\/\/xn--kntjmestari-l8aacb.fi\/km\/etusivu\/luku-2-ammattimainen-toiminta\/omien-ratkaisujen-perusteleminen-ja-avaaminen\/#breadcrumb","itemListElement":[{"@type":"ListItem","position":1,"name":"Etusivu","item":"https:\/\/xn--kntjmestari-l8aacb.fi\/km\/"},{"@type":"ListItem","position":2,"name":"K\u00e4\u00e4nt\u00e4j\u00e4mestarin kirja","item":"https:\/\/xn--kntjmestari-l8aacb.fi\/km\/"},{"@type":"ListItem","position":3,"name":"Luku 2 &#8211; ammattimainen toiminta","item":"https:\/\/xn--kntjmestari-l8aacb.fi\/km\/etusivu\/luku-2-ammattimainen-toiminta\/"},{"@type":"ListItem","position":4,"name":"OMIEN RATKAISUJEN PERUSTELEMINEN JA AVAAMINEN"}]},{"@type":"WebSite","@id":"https:\/\/xn--kntjmestari-l8aacb.fi\/km\/#website","url":"https:\/\/xn--kntjmestari-l8aacb.fi\/km\/","name":"K\u00e4\u00e4nt\u00e4j\u00e4mestarin kirja","description":"k\u00e4yt\u00e4nn\u00f6n opas aloitteleville k\u00e4\u00e4nt\u00e4jille ja tulkeille","publisher":{"@id":"https:\/\/xn--kntjmestari-l8aacb.fi\/km\/#organization"},"potentialAction":[{"@type":"SearchAction","target":{"@type":"EntryPoint","urlTemplate":"https:\/\/xn--kntjmestari-l8aacb.fi\/km\/?s={search_term_string}"},"query-input":{"@type":"PropertyValueSpecification","valueRequired":true,"valueName":"search_term_string"}}],"inLanguage":"fi"},{"@type":"Organization","@id":"https:\/\/xn--kntjmestari-l8aacb.fi\/km\/#organization","name":"K\u00e4\u00e4nt\u00e4j\u00e4mestarit","url":"https:\/\/xn--kntjmestari-l8aacb.fi\/km\/","logo":{"@type":"ImageObject","inLanguage":"fi","@id":"https:\/\/xn--kntjmestari-l8aacb.fi\/km\/#\/schema\/logo\/image\/","url":"https:\/\/xn--kntjmestari-l8aacb.fi\/km\/wp-content\/uploads\/2021\/12\/logo.jpg","contentUrl":"https:\/\/xn--kntjmestari-l8aacb.fi\/km\/wp-content\/uploads\/2021\/12\/logo.jpg","width":509,"height":530,"caption":"K\u00e4\u00e4nt\u00e4j\u00e4mestarit"},"image":{"@id":"https:\/\/xn--kntjmestari-l8aacb.fi\/km\/#\/schema\/logo\/image\/"}}]}},"_links":{"self":[{"href":"https:\/\/xn--kntjmestari-l8aacb.fi\/km\/wp-json\/wp\/v2\/pages\/97","targetHints":{"allow":["GET"]}}],"collection":[{"href":"https:\/\/xn--kntjmestari-l8aacb.fi\/km\/wp-json\/wp\/v2\/pages"}],"about":[{"href":"https:\/\/xn--kntjmestari-l8aacb.fi\/km\/wp-json\/wp\/v2\/types\/page"}],"author":[{"embeddable":true,"href":"https:\/\/xn--kntjmestari-l8aacb.fi\/km\/wp-json\/wp\/v2\/users\/2"}],"replies":[{"embeddable":true,"href":"https:\/\/xn--kntjmestari-l8aacb.fi\/km\/wp-json\/wp\/v2\/comments?post=97"}],"version-history":[{"count":4,"href":"https:\/\/xn--kntjmestari-l8aacb.fi\/km\/wp-json\/wp\/v2\/pages\/97\/revisions"}],"predecessor-version":[{"id":103,"href":"https:\/\/xn--kntjmestari-l8aacb.fi\/km\/wp-json\/wp\/v2\/pages\/97\/revisions\/103"}],"up":[{"embeddable":true,"href":"https:\/\/xn--kntjmestari-l8aacb.fi\/km\/wp-json\/wp\/v2\/pages\/50"}],"wp:attachment":[{"href":"https:\/\/xn--kntjmestari-l8aacb.fi\/km\/wp-json\/wp\/v2\/media?parent=97"}],"curies":[{"name":"wp","href":"https:\/\/api.w.org\/{rel}","templated":true}]}}